{"id":1853,"date":"2021-12-11T05:38:50","date_gmt":"2021-12-11T03:38:50","guid":{"rendered":"https:\/\/rotary.fi\/harjavalta\/?page_id=1853"},"modified":"2021-12-16T23:00:38","modified_gmt":"2021-12-16T21:00:38","slug":"valtalainen-joulu","status":"publish","type":"page","link":"https:\/\/rotary.fi\/harjavalta\/valtalainen-joulu\/","title":{"rendered":"Valtalainen joulu"},"content":{"rendered":"<p>[et_pb_section fb_built=&#8221;1&#8243; module_class=&#8221;jumbotron-page&#8221; _builder_version=&#8221;4.14.2&#8243; background_image=&#8221;https:\/\/rotary.fi\/harjavalta\/wp-content\/uploads\/sites\/211\/2021\/12\/keikyan-riippusilta-2.jpg&#8221; height=&#8221;200px&#8221; global_colors_info=&#8221;{}&#8221;][et_pb_row _builder_version=&#8221;3.25&#8243; background_size=&#8221;initial&#8221; background_position=&#8221;top_left&#8221; background_repeat=&#8221;repeat&#8221; global_colors_info=&#8221;{}&#8221;][et_pb_column type=&#8221;4_4&#8243; _builder_version=&#8221;3.25&#8243; custom_padding=&#8221;|||&#8221; global_colors_info=&#8221;{}&#8221; custom_padding__hover=&#8221;|||&#8221;][et_pb_text admin_label=&#8221;P\u00e4\u00e4otsikko&#8221; _builder_version=&#8221;4.14.2&#8243; text_orientation=&#8221;center&#8221; background_layout=&#8221;dark&#8221; custom_margin=&#8221;-100px||||false|false&#8221; global_colors_info=&#8221;{}&#8221;]<\/p>\n<h1>Valtalainen joulu<\/h1>\n<p>[\/et_pb_text][\/et_pb_column][\/et_pb_row][\/et_pb_section][et_pb_section fb_built=&#8221;1&#8243; specialty=&#8221;on&#8221; module_class_2=&#8221;sivupalkki&#8221; _builder_version=&#8221;3.22&#8243; global_colors_info=&#8221;{}&#8221;][et_pb_column type=&#8221;2_3&#8243; specialty_columns=&#8221;2&#8243; _builder_version=&#8221;3.25&#8243; custom_padding=&#8221;|||&#8221; global_colors_info=&#8221;{}&#8221; custom_padding__hover=&#8221;|||&#8221;][\/et_pb_column][et_pb_column type=&#8221;1_3&#8243; _builder_version=&#8221;3.25&#8243; custom_padding=&#8221;|||&#8221; global_colors_info=&#8221;{}&#8221; custom_padding__hover=&#8221;|||&#8221;][\/et_pb_column][\/et_pb_section][et_pb_section fb_built=&#8221;1&#8243; _builder_version=&#8221;4.14.2&#8243; _module_preset=&#8221;default&#8221; global_colors_info=&#8221;{}&#8221;][et_pb_row admin_label=&#8221;Rivi&#8221; _builder_version=&#8221;3.25&#8243; global_colors_info=&#8221;{}&#8221;][et_pb_column type=&#8221;4_4&#8243; _builder_version=&#8221;3.25&#8243; custom_padding=&#8221;|||&#8221; global_colors_info=&#8221;{}&#8221; custom_padding__hover=&#8221;|||&#8221;][et_pb_text admin_label=&#8221;Otsikko&#8221; _builder_version=&#8221;4.14.2&#8243; custom_margin=&#8221;-80px||||false|false&#8221; global_colors_info=&#8221;{}&#8221;]<\/p>\n<h2 style=\"text-align: center\">Valtalainen joulu<\/h2>\n<p>[\/et_pb_text][\/et_pb_column][\/et_pb_row][\/et_pb_section][et_pb_section fb_built=&#8221;1&#8243; _builder_version=&#8221;4.14.2&#8243; _module_preset=&#8221;default&#8221; global_colors_info=&#8221;{}&#8221;][et_pb_row column_structure=&#8221;2_5,3_5&#8243; admin_label=&#8221;Rivi&#8221; _builder_version=&#8221;3.25&#8243; global_colors_info=&#8221;{}&#8221;][et_pb_column type=&#8221;2_5&#8243; _builder_version=&#8221;3.25&#8243; custom_padding=&#8221;|||&#8221; global_colors_info=&#8221;{}&#8221; custom_padding__hover=&#8221;|||&#8221;][et_pb_image src=&#8221;https:\/\/rotary.fi\/harjavalta\/wp-content\/uploads\/sites\/211\/2021\/12\/valtalainen-sinappi-1.jpg&#8221; title_text=&#8221;Valtalainen sinappi_1&#8243; align=&#8221;right&#8221; _builder_version=&#8221;4.14.2&#8243; _module_preset=&#8221;default&#8221; module_alignment=&#8221;right&#8221; height=&#8221;250px&#8221; custom_margin=&#8221;-80px||||false|false&#8221; global_colors_info=&#8221;{}&#8221;][\/et_pb_image][\/et_pb_column][et_pb_column type=&#8221;3_5&#8243; _builder_version=&#8221;3.25&#8243; custom_padding=&#8221;|||&#8221; global_colors_info=&#8221;{}&#8221; custom_padding__hover=&#8221;|||&#8221;][et_pb_text _builder_version=&#8221;4.14.2&#8243; custom_margin=&#8221;-80px||||false|false&#8221; hover_enabled=&#8221;0&#8243; global_colors_info=&#8221;{}&#8221; sticky_enabled=&#8221;0&#8243;]<\/p>\n<p style=\"text-align: left\">Harjavallan Rotaryklubi on aloittanut hankkeen harjavaltalaisten lapsiperheiden hyv\u00e4ksi. Hanke toteutetaan vuosina 2021 \u2013 2022. Erilaisilla tapahtumilla, konserteilla ja myyj\u00e4isill\u00e4 hankimme varoja harjavaltalaisten lapsiperheiden jouluilon luomiseksi jouluna 2022. Kertyneet varat jaetaan paikallisten yritysten lahjakortteina tarvitseville.<\/p>\n<p>[\/et_pb_text][et_pb_text _builder_version=&#8221;4.14.2&#8243; custom_margin=&#8221;||||false|false&#8221; hover_enabled=&#8221;0&#8243; global_colors_info=&#8221;{}&#8221; sticky_enabled=&#8221;0&#8243;]<\/p>\n<h4>Sinappia seurakunnan myyj\u00e4isiss\u00e4<\/h4>\n<p>Olimme seurakunnan joulumyyj\u00e4isiss\u00e4 myym\u00e4ss\u00e4 valtalainen joulu sinappia. Ensimm\u00e4inen julkinen ulostulo asian tiimoilta. Samalla saimme toiminnallemme n\u00e4kyvyytt\u00e4 paikkakunnalla ja saimme kertoa projektista.<\/p>\n<p>[\/et_pb_text][\/et_pb_column][\/et_pb_row][et_pb_row column_structure=&#8221;2_5,3_5&#8243; admin_label=&#8221;Rivi&#8221; _builder_version=&#8221;3.25&#8243; global_colors_info=&#8221;{}&#8221;][et_pb_column type=&#8221;2_5&#8243; _builder_version=&#8221;3.25&#8243; custom_padding=&#8221;|||&#8221; global_colors_info=&#8221;{}&#8221; custom_padding__hover=&#8221;|||&#8221;][et_pb_image title_text=&#8221;Valtalainen sinappi_1&#8243; _builder_version=&#8221;4.14.2&#8243; _module_preset=&#8221;default&#8221; custom_margin=&#8221;-80px||||false|false&#8221; global_colors_info=&#8221;{}&#8221;][\/et_pb_image][\/et_pb_column][et_pb_column type=&#8221;3_5&#8243; _builder_version=&#8221;3.25&#8243; custom_padding=&#8221;|||&#8221; global_colors_info=&#8221;{}&#8221; custom_padding__hover=&#8221;|||&#8221;][et_pb_text _builder_version=&#8221;4.14.2&#8243; custom_margin=&#8221;||||false|false&#8221; global_colors_info=&#8221;{}&#8221;]<\/p>\n<h4>Konsertti Harjavaltasalissa<\/h4>\n<p>Maarit ja Teemu Niemel\u00e4n konsertti Harjavaltasalissa 13.2.2022.<\/p>\n<p>[\/et_pb_text][\/et_pb_column][\/et_pb_row][\/et_pb_section]<\/p>\n","protected":false},"excerpt":{"rendered":"<p>Valtalainen jouluValtalainen jouluHarjavallan Rotaryklubi on aloittanut hankkeen harjavaltalaisten lapsiperheiden hyv\u00e4ksi. Hanke toteutetaan vuosina 2021 \u2013 2022. Erilaisilla tapahtumilla, konserteilla ja myyj\u00e4isill\u00e4 hankimme varoja harjavaltalaisten lapsiperheiden jouluilon luomiseksi jouluna 2022. Kertyneet varat jaetaan paikallisten yritysten lahjakortteina tarvitseville.Sinappia seurakunnan myyj\u00e4isiss\u00e4 Olimme seurakunnan joulumyyj\u00e4isiss\u00e4 myym\u00e4ss\u00e4 valtalainen joulu sinappia. Ensimm\u00e4inen julkinen ulostulo asian tiimoilta. Samalla saimme toiminnallemme n\u00e4kyvyytt\u00e4 paikkakunnalla [&hellip;]<\/p>\n","protected":false},"author":193,"featured_media":0,"parent":0,"menu_order":0,"comment_status":"closed","ping_status":"closed","template":"","meta":{"_acf_changed":false,"_et_pb_use_builder":"on","_et_pb_old_content":"","_et_gb_content_width":"","footnotes":""},"class_list":["post-1853","page","type-page","status-publish","hentry"],"acf":[],"yoast_head":"<!-- This site is optimized with the Yoast SEO plugin v27.0 - https:\/\/yoast.com\/product\/yoast-seo-wordpress\/ -->\n<title>Valtalainen joulu - Harjavallan Rotaryklubi<\/title>\n<meta name=\"robots\" content=\"index, follow, max-snippet:-1, max-image-preview:large, max-video-preview:-1\" \/>\n<link rel=\"canonical\" href=\"https:\/\/rotary.fi\/harjavalta\/valtalainen-joulu\/\" \/>\n<meta property=\"og:locale\" content=\"fi_FI\" \/>\n<meta property=\"og:type\" content=\"article\" \/>\n<meta property=\"og:title\" content=\"Valtalainen joulu - Harjavallan Rotaryklubi\" \/>\n<meta property=\"og:description\" content=\"Valtalainen jouluValtalainen jouluHarjavallan Rotaryklubi on aloittanut hankkeen harjavaltalaisten lapsiperheiden hyv\u00e4ksi. Hanke toteutetaan vuosina 2021 \u2013 2022. Erilaisilla tapahtumilla, konserteilla ja myyj\u00e4isill\u00e4 hankimme varoja harjavaltalaisten lapsiperheiden jouluilon luomiseksi jouluna 2022. Kertyneet varat jaetaan paikallisten yritysten lahjakortteina tarvitseville.Sinappia seurakunnan myyj\u00e4isiss\u00e4 Olimme seurakunnan joulumyyj\u00e4isiss\u00e4 myym\u00e4ss\u00e4 valtalainen joulu sinappia. Ensimm\u00e4inen julkinen ulostulo asian tiimoilta. Samalla saimme toiminnallemme n\u00e4kyvyytt\u00e4 paikkakunnalla [&hellip;]\" \/>\n<meta property=\"og:url\" content=\"https:\/\/rotary.fi\/harjavalta\/valtalainen-joulu\/\" \/>\n<meta property=\"og:site_name\" content=\"Harjavallan Rotaryklubi\" \/>\n<meta property=\"article:modified_time\" content=\"2021-12-16T21:00:38+00:00\" \/>\n<meta name=\"twitter:card\" content=\"summary_large_image\" \/>\n<meta name=\"twitter:label1\" content=\"Arvioitu lukuaika\" \/>\n\t<meta name=\"twitter:data1\" content=\"3 minuuttia\" \/>\n<script type=\"application\/ld+json\" class=\"yoast-schema-graph\">{\"@context\":\"https:\/\/schema.org\",\"@graph\":[{\"@type\":\"WebPage\",\"@id\":\"https:\/\/rotary.fi\/harjavalta\/valtalainen-joulu\/\",\"url\":\"https:\/\/rotary.fi\/harjavalta\/valtalainen-joulu\/\",\"name\":\"Valtalainen joulu - Harjavallan Rotaryklubi\",\"isPartOf\":{\"@id\":\"https:\/\/rotary.fi\/harjavalta\/#website\"},\"datePublished\":\"2021-12-11T03:38:50+00:00\",\"dateModified\":\"2021-12-16T21:00:38+00:00\",\"breadcrumb\":{\"@id\":\"https:\/\/rotary.fi\/harjavalta\/valtalainen-joulu\/#breadcrumb\"},\"inLanguage\":\"fi\",\"potentialAction\":[{\"@type\":\"ReadAction\",\"target\":[\"https:\/\/rotary.fi\/harjavalta\/valtalainen-joulu\/\"]}]},{\"@type\":\"BreadcrumbList\",\"@id\":\"https:\/\/rotary.fi\/harjavalta\/valtalainen-joulu\/#breadcrumb\",\"itemListElement\":[{\"@type\":\"ListItem\",\"position\":1,\"name\":\"Home\",\"item\":\"https:\/\/rotary.fi\/harjavalta\/\"},{\"@type\":\"ListItem\",\"position\":2,\"name\":\"Valtalainen joulu\"}]},{\"@type\":\"WebSite\",\"@id\":\"https:\/\/rotary.fi\/harjavalta\/#website\",\"url\":\"https:\/\/rotary.fi\/harjavalta\/\",\"name\":\"Harjavallan Rotaryklubi\",\"description\":\"Uusi Rotary klubisivusto\",\"potentialAction\":[{\"@type\":\"SearchAction\",\"target\":{\"@type\":\"EntryPoint\",\"urlTemplate\":\"https:\/\/rotary.fi\/harjavalta\/?s={search_term_string}\"},\"query-input\":{\"@type\":\"PropertyValueSpecification\",\"valueRequired\":true,\"valueName\":\"search_term_string\"}}],\"inLanguage\":\"fi\"}]}<\/script>\n<!-- \/ Yoast SEO plugin. -->","yoast_head_json":{"title":"Valtalainen joulu - Harjavallan Rotaryklubi","robots":{"index":"index","follow":"follow","max-snippet":"max-snippet:-1","max-image-preview":"max-image-preview:large","max-video-preview":"max-video-preview:-1"},"canonical":"https:\/\/rotary.fi\/harjavalta\/valtalainen-joulu\/","og_locale":"fi_FI","og_type":"article","og_title":"Valtalainen joulu - Harjavallan Rotaryklubi","og_description":"Valtalainen jouluValtalainen jouluHarjavallan Rotaryklubi on aloittanut hankkeen harjavaltalaisten lapsiperheiden hyv\u00e4ksi. Hanke toteutetaan vuosina 2021 \u2013 2022. Erilaisilla tapahtumilla, konserteilla ja myyj\u00e4isill\u00e4 hankimme varoja harjavaltalaisten lapsiperheiden jouluilon luomiseksi jouluna 2022. Kertyneet varat jaetaan paikallisten yritysten lahjakortteina tarvitseville.Sinappia seurakunnan myyj\u00e4isiss\u00e4 Olimme seurakunnan joulumyyj\u00e4isiss\u00e4 myym\u00e4ss\u00e4 valtalainen joulu sinappia. Ensimm\u00e4inen julkinen ulostulo asian tiimoilta. Samalla saimme toiminnallemme n\u00e4kyvyytt\u00e4 paikkakunnalla [&hellip;]","og_url":"https:\/\/rotary.fi\/harjavalta\/valtalainen-joulu\/","og_site_name":"Harjavallan Rotaryklubi","article_modified_time":"2021-12-16T21:00:38+00:00","twitter_card":"summary_large_image","twitter_misc":{"Arvioitu lukuaika":"3 minuuttia"},"schema":{"@context":"https:\/\/schema.org","@graph":[{"@type":"WebPage","@id":"https:\/\/rotary.fi\/harjavalta\/valtalainen-joulu\/","url":"https:\/\/rotary.fi\/harjavalta\/valtalainen-joulu\/","name":"Valtalainen joulu - Harjavallan Rotaryklubi","isPartOf":{"@id":"https:\/\/rotary.fi\/harjavalta\/#website"},"datePublished":"2021-12-11T03:38:50+00:00","dateModified":"2021-12-16T21:00:38+00:00","breadcrumb":{"@id":"https:\/\/rotary.fi\/harjavalta\/valtalainen-joulu\/#breadcrumb"},"inLanguage":"fi","potentialAction":[{"@type":"ReadAction","target":["https:\/\/rotary.fi\/harjavalta\/valtalainen-joulu\/"]}]},{"@type":"BreadcrumbList","@id":"https:\/\/rotary.fi\/harjavalta\/valtalainen-joulu\/#breadcrumb","itemListElement":[{"@type":"ListItem","position":1,"name":"Home","item":"https:\/\/rotary.fi\/harjavalta\/"},{"@type":"ListItem","position":2,"name":"Valtalainen joulu"}]},{"@type":"WebSite","@id":"https:\/\/rotary.fi\/harjavalta\/#website","url":"https:\/\/rotary.fi\/harjavalta\/","name":"Harjavallan Rotaryklubi","description":"Uusi Rotary klubisivusto","potentialAction":[{"@type":"SearchAction","target":{"@type":"EntryPoint","urlTemplate":"https:\/\/rotary.fi\/harjavalta\/?s={search_term_string}"},"query-input":{"@type":"PropertyValueSpecification","valueRequired":true,"valueName":"search_term_string"}}],"inLanguage":"fi"}]}},"lang":"fi","translations":{"fi":1853},"pll_sync_post":[],"_links":{"self":[{"href":"https:\/\/rotary.fi\/harjavalta\/wp-json\/wp\/v2\/pages\/1853","targetHints":{"allow":["GET"]}}],"collection":[{"href":"https:\/\/rotary.fi\/harjavalta\/wp-json\/wp\/v2\/pages"}],"about":[{"href":"https:\/\/rotary.fi\/harjavalta\/wp-json\/wp\/v2\/types\/page"}],"author":[{"embeddable":true,"href":"https:\/\/rotary.fi\/harjavalta\/wp-json\/wp\/v2\/users\/193"}],"replies":[{"embeddable":true,"href":"https:\/\/rotary.fi\/harjavalta\/wp-json\/wp\/v2\/comments?post=1853"}],"version-history":[{"count":10,"href":"https:\/\/rotary.fi\/harjavalta\/wp-json\/wp\/v2\/pages\/1853\/revisions"}],"predecessor-version":[{"id":2180,"href":"https:\/\/rotary.fi\/harjavalta\/wp-json\/wp\/v2\/pages\/1853\/revisions\/2180"}],"wp:attachment":[{"href":"https:\/\/rotary.fi\/harjavalta\/wp-json\/wp\/v2\/media?parent=1853"}],"curies":[{"name":"wp","href":"https:\/\/api.w.org\/{rel}","templated":true}]}}