{"id":1819,"date":"2021-12-11T04:56:11","date_gmt":"2021-12-11T02:56:11","guid":{"rendered":"https:\/\/rotary.fi\/harjavalta\/?page_id=1819"},"modified":"2022-02-22T16:07:06","modified_gmt":"2022-02-22T14:07:06","slug":"digitaidot-2","status":"publish","type":"page","link":"https:\/\/rotary.fi\/harjavalta\/digitaidot-2\/","title":{"rendered":"Digitaidot"},"content":{"rendered":"<p>[et_pb_section fb_built=&#8221;1&#8243; module_class=&#8221;jumbotron-page&#8221; _builder_version=&#8221;4.14.2&#8243; background_image=&#8221;https:\/\/rotary.fi\/harjavalta\/wp-content\/uploads\/sites\/211\/2021\/12\/digitausta-1.jpg&#8221; height=&#8221;220px&#8221; global_colors_info=&#8221;{}&#8221;][et_pb_row _builder_version=&#8221;4.14.2&#8243; background_size=&#8221;initial&#8221; background_position=&#8221;top_left&#8221; background_repeat=&#8221;repeat&#8221; custom_margin=&#8221;||||false|false&#8221; global_colors_info=&#8221;{}&#8221;][et_pb_column type=&#8221;4_4&#8243; _builder_version=&#8221;3.25&#8243; custom_padding=&#8221;|||&#8221; global_colors_info=&#8221;{}&#8221; custom_padding__hover=&#8221;|||&#8221;][et_pb_text admin_label=&#8221;P\u00e4\u00e4otsikko&#8221; _builder_version=&#8221;4.14.2&#8243; text_orientation=&#8221;center&#8221; background_layout=&#8221;dark&#8221; custom_margin=&#8221;-80px||||false|false&#8221; global_colors_info=&#8221;{}&#8221;]<\/p>\n<h1>Digitaitoja ik\u00e4ihmisille<\/h1>\n<p>[\/et_pb_text][\/et_pb_column][\/et_pb_row][\/et_pb_section][et_pb_section fb_built=&#8221;1&#8243; specialty=&#8221;on&#8221; module_class_2=&#8221;sivupalkki&#8221; _builder_version=&#8221;3.22&#8243; global_colors_info=&#8221;{}&#8221;][et_pb_column type=&#8221;2_3&#8243; specialty_columns=&#8221;2&#8243; _builder_version=&#8221;3.25&#8243; custom_padding=&#8221;|||&#8221; global_colors_info=&#8221;{}&#8221; custom_padding__hover=&#8221;|||&#8221;][\/et_pb_column][et_pb_column type=&#8221;1_3&#8243; _builder_version=&#8221;3.25&#8243; custom_padding=&#8221;|||&#8221; global_colors_info=&#8221;{}&#8221; custom_padding__hover=&#8221;|||&#8221;][\/et_pb_column][\/et_pb_section][et_pb_section fb_built=&#8221;1&#8243; _builder_version=&#8221;4.14.2&#8243; _module_preset=&#8221;default&#8221; global_colors_info=&#8221;{}&#8221;][et_pb_row admin_label=&#8221;Rivi&#8221; _builder_version=&#8221;3.25&#8243; global_colors_info=&#8221;{}&#8221;][et_pb_column type=&#8221;4_4&#8243; _builder_version=&#8221;3.25&#8243; custom_padding=&#8221;|||&#8221; global_colors_info=&#8221;{}&#8221; custom_padding__hover=&#8221;|||&#8221;][et_pb_text admin_label=&#8221;Otsikko&#8221; _builder_version=&#8221;4.14.2&#8243; custom_margin=&#8221;-80px||||false|false&#8221; global_colors_info=&#8221;{}&#8221;]<\/p>\n<h2 style=\"text-align: center\">Digitaitoja ik\u00e4ihmisille<\/h2>\n<p>&nbsp;<\/p>\n<p>[\/et_pb_text][et_pb_text _builder_version=&#8221;4.14.8&#8243; custom_margin=&#8221;||||false|false&#8221; hover_enabled=&#8221;0&#8243; global_colors_info=&#8221;{}&#8221; sticky_enabled=&#8221;0&#8243;]<\/p>\n<p>9.12.2021 toteutui vihdoinkin digiprojekti, jossa lukiolaiset opettivat ik\u00e4ihmisi\u00e4. Hanke ideoitiin jo kev\u00e4\u00e4ll\u00e4 2019 ja sille haettiin Rotarys\u00e4\u00e4ti\u00f6n avustusta, mik\u00e4 my\u00f6s saatiin. Vuonna 2020 syksyll\u00e4 sit\u00e4 l\u00e4hdettiin lopulta tosissaan toteuttamaan. Silloinen klubin presidentti Tuomo Lindgren opiskeli samaan aikaan oppisopimuksella Raisiossa tuotekehitysty\u00f6n erikoisammattitutkintoa, jonka yhdeksi osaksi digiprojekti voitiin ottaa.<\/p>\n<p>[\/et_pb_text][\/et_pb_column][\/et_pb_row][et_pb_row column_structure=&#8221;1_3,2_3&#8243; admin_label=&#8221;Rivi&#8221; _builder_version=&#8221;3.25&#8243; global_colors_info=&#8221;{}&#8221;][et_pb_column type=&#8221;1_3&#8243; _builder_version=&#8221;3.25&#8243; custom_padding=&#8221;|||&#8221; global_colors_info=&#8221;{}&#8221; custom_padding__hover=&#8221;|||&#8221;][et_pb_image src=&#8221;https:\/\/rotary.fi\/harjavalta\/wp-content\/uploads\/sites\/211\/2021\/12\/digiopetus.jpg&#8221; title_text=&#8221;Digiopetus&#8221; _builder_version=&#8221;4.14.2&#8243; _module_preset=&#8221;default&#8221; custom_margin=&#8221;-40px||||false|false&#8221; global_colors_info=&#8221;{}&#8221;][\/et_pb_image][\/et_pb_column][et_pb_column type=&#8221;2_3&#8243; _builder_version=&#8221;3.25&#8243; custom_padding=&#8221;|||&#8221; global_colors_info=&#8221;{}&#8221; custom_padding__hover=&#8221;|||&#8221;][et_pb_text _builder_version=&#8221;4.14.8&#8243; custom_margin=&#8221;-40px||||false|false&#8221; hover_enabled=&#8221;0&#8243; global_colors_info=&#8221;{}&#8221; sticky_enabled=&#8221;0&#8243;]<\/p>\n<p>Rotarit eiv\u00e4t olisi voineet toteuttaa projektia yksin. Siihen etsittiin yhteisty\u00f6kumppaneita. Mukaan saatiin Harjavallan lukio ja Harjavallan vanhusneuvosto. Erityisesti lukion kiinnostus projektia kohtaan takasi hankkeelle hyv\u00e4t toteutumisen mahdollisuudet. Hankkeeseen mukaan tulevat lukiolaiset saivat suoritettua yhden lukion kurssin toimimalla ik\u00e4ihmisille digitaitojen opettajina. Ik\u00e4ihmiset puolestaan saivat opetusta diginatiiveilta. Opetus toteutti sukupolvien v\u00e4list\u00e4 kohtaamista toisia kunnioittavalla tavalla. Lukion psykologian lehtori valmensi opiskelijoita ensin ik\u00e4ihmisten kohtaamisessa ja opinto-ohjaaja puolestaan ohjasi oppisis\u00e4lt\u00f6jen laatimisessa. Vanhusneuvoston tuki auttoi tavoittamaan paikkakunnan ik\u00e4ihmisi\u00e4 ja tekem\u00e4\u00e4n projektia heille tutummaksi. Vanhusneuvoston yhteystietojen kautta ik\u00e4ihmisille l\u00e4hetettiin MS Forms-kysely, jolla ker\u00e4ttiin tietoja oppimistarpeista.<\/p>\n<p>[\/et_pb_text][\/et_pb_column][\/et_pb_row][et_pb_row column_structure=&#8221;1_3,2_3&#8243; admin_label=&#8221;Rivi&#8221; _builder_version=&#8221;3.25&#8243; global_colors_info=&#8221;{}&#8221;][et_pb_column type=&#8221;1_3&#8243; _builder_version=&#8221;3.25&#8243; custom_padding=&#8221;|||&#8221; global_colors_info=&#8221;{}&#8221; custom_padding__hover=&#8221;|||&#8221;][et_pb_image src=&#8221;https:\/\/rotary.fi\/harjavalta\/wp-content\/uploads\/sites\/211\/2021\/12\/ohjausta-2.jpg&#8221; title_text=&#8221;Ohjausta_2&#8243; _builder_version=&#8221;4.14.2&#8243; _module_preset=&#8221;default&#8221; custom_margin=&#8221;-40px||||false|false&#8221; global_colors_info=&#8221;{}&#8221;][\/et_pb_image][\/et_pb_column][et_pb_column type=&#8221;2_3&#8243; _builder_version=&#8221;3.25&#8243; custom_padding=&#8221;|||&#8221; global_colors_info=&#8221;{}&#8221; custom_padding__hover=&#8221;|||&#8221;][et_pb_text _builder_version=&#8221;4.14.8&#8243; custom_margin=&#8221;-40px||||false|false&#8221; hover_enabled=&#8221;0&#8243; global_colors_info=&#8221;{}&#8221; sticky_enabled=&#8221;0&#8243;]<\/p>\n<div dir=\"ltr\">\n<div dir=\"ltr\">\n<div>\n<div dir=\"ltr\">\n<div dir=\"ltr\">\n<div>\n<p>Projekti suunniteltiin aluksi toteutettavaksi kev\u00e4\u00e4ll\u00e4 2021. Korona pandemia kuitenkin viiv\u00e4stytti hanketta. Se jouduttiin siirt\u00e4m\u00e4\u00e4n joulukuulle 2021. Edelleen elimme pandemian varjossa, mutta rokotukset mahdollistivat toiminnan koronarajoitusten aikana.<\/p>\n<\/div>\n<\/div>\n<\/div>\n<div dir=\"ltr\">\n<div dir=\"ltr\">\n<div>\n<p>Ik\u00e4ihmisille on tarjolla monenlaisia digiopetusmateriaaleja ja oppimisvaihtoehtoja. T\u00e4m\u00e4 projektin ainutlaatuisuus oli ennen kaikkea toimintatavassa, jossa sukupolvet kohtaavat. Samanlaista mallia ei ole t\u00e4m\u00e4n projektin tekij\u00f6ill\u00e4 muita tiedossa. Projektin toteutumista ja onnistumista seurataan ja pohditaan sen tulevaisuutta. Jos sit\u00e4 ei Harjavallassa j\u00e4rjestet\u00e4 heti uudestaan, se voidaan kopioida muihin rotaryklubeihin. Tuomo Lindgren k\u00e4y kev\u00e4\u00e4n 2022 aikana kertomassa Kokem\u00e4en rotareille t\u00e4st\u00e4 hankkeesta. Ongelma koskettaa laajaa osaa ik\u00e4ihmisist\u00e4.<\/p>\n<\/div>\n<\/div>\n<\/div>\n<\/div>\n<\/div>\n<\/div>\n<p>&nbsp;<\/p>\n<p>&nbsp;<\/p>\n<p>&nbsp;<\/p>\n<p>[\/et_pb_text][\/et_pb_column][\/et_pb_row][\/et_pb_section]<\/p>\n","protected":false},"excerpt":{"rendered":"<p>Digitaitoja ik\u00e4ihmisilleDigitaitoja ik\u00e4ihmisille &nbsp;9.12.2021 toteutui vihdoinkin digiprojekti, jossa lukiolaiset opettivat ik\u00e4ihmisi\u00e4. Hanke ideoitiin jo kev\u00e4\u00e4ll\u00e4 2019 ja sille haettiin Rotarys\u00e4\u00e4ti\u00f6n avustusta, mik\u00e4 my\u00f6s saatiin. Vuonna 2020 syksyll\u00e4 sit\u00e4 l\u00e4hdettiin lopulta tosissaan toteuttamaan. Silloinen klubin presidentti Tuomo Lindgren opiskeli samaan aikaan oppisopimuksella Raisiossa tuotekehitysty\u00f6n erikoisammattitutkintoa, jonka yhdeksi osaksi digiprojekti voitiin ottaa.Rotarit eiv\u00e4t olisi voineet toteuttaa projektia [&hellip;]<\/p>\n","protected":false},"author":193,"featured_media":0,"parent":0,"menu_order":0,"comment_status":"closed","ping_status":"closed","template":"","meta":{"_acf_changed":false,"_et_pb_use_builder":"on","_et_pb_old_content":"","_et_gb_content_width":"","footnotes":""},"class_list":["post-1819","page","type-page","status-publish","hentry"],"acf":[],"yoast_head":"<!-- This site is optimized with the Yoast SEO plugin v27.4 - https:\/\/yoast.com\/product\/yoast-seo-wordpress\/ -->\n<title>Digitaidot - Harjavallan Rotaryklubi<\/title>\n<meta name=\"robots\" content=\"index, follow, max-snippet:-1, max-image-preview:large, max-video-preview:-1\" \/>\n<link rel=\"canonical\" href=\"https:\/\/rotary.fi\/harjavalta\/digitaidot-2\/\" \/>\n<meta property=\"og:locale\" content=\"fi_FI\" \/>\n<meta property=\"og:type\" content=\"article\" \/>\n<meta property=\"og:title\" content=\"Digitaidot - Harjavallan Rotaryklubi\" \/>\n<meta property=\"og:description\" content=\"Digitaitoja ik\u00e4ihmisilleDigitaitoja ik\u00e4ihmisille &nbsp;9.12.2021 toteutui vihdoinkin digiprojekti, jossa lukiolaiset opettivat ik\u00e4ihmisi\u00e4. Hanke ideoitiin jo kev\u00e4\u00e4ll\u00e4 2019 ja sille haettiin Rotarys\u00e4\u00e4ti\u00f6n avustusta, mik\u00e4 my\u00f6s saatiin. Vuonna 2020 syksyll\u00e4 sit\u00e4 l\u00e4hdettiin lopulta tosissaan toteuttamaan. Silloinen klubin presidentti Tuomo Lindgren opiskeli samaan aikaan oppisopimuksella Raisiossa tuotekehitysty\u00f6n erikoisammattitutkintoa, jonka yhdeksi osaksi digiprojekti voitiin ottaa.Rotarit eiv\u00e4t olisi voineet toteuttaa projektia [&hellip;]\" \/>\n<meta property=\"og:url\" content=\"https:\/\/rotary.fi\/harjavalta\/digitaidot-2\/\" \/>\n<meta property=\"og:site_name\" content=\"Harjavallan Rotaryklubi\" \/>\n<meta property=\"article:modified_time\" content=\"2022-02-22T14:07:06+00:00\" \/>\n<meta name=\"twitter:card\" content=\"summary_large_image\" \/>\n<meta name=\"twitter:label1\" content=\"Arvioitu lukuaika\" \/>\n\t<meta name=\"twitter:data1\" content=\"4 minuuttia\" \/>\n<script type=\"application\/ld+json\" class=\"yoast-schema-graph\">{\"@context\":\"https:\\\/\\\/schema.org\",\"@graph\":[{\"@type\":\"WebPage\",\"@id\":\"https:\\\/\\\/rotary.fi\\\/harjavalta\\\/digitaidot-2\\\/\",\"url\":\"https:\\\/\\\/rotary.fi\\\/harjavalta\\\/digitaidot-2\\\/\",\"name\":\"Digitaidot - Harjavallan Rotaryklubi\",\"isPartOf\":{\"@id\":\"https:\\\/\\\/rotary.fi\\\/harjavalta\\\/#website\"},\"datePublished\":\"2021-12-11T02:56:11+00:00\",\"dateModified\":\"2022-02-22T14:07:06+00:00\",\"breadcrumb\":{\"@id\":\"https:\\\/\\\/rotary.fi\\\/harjavalta\\\/digitaidot-2\\\/#breadcrumb\"},\"inLanguage\":\"fi\",\"potentialAction\":[{\"@type\":\"ReadAction\",\"target\":[\"https:\\\/\\\/rotary.fi\\\/harjavalta\\\/digitaidot-2\\\/\"]}]},{\"@type\":\"BreadcrumbList\",\"@id\":\"https:\\\/\\\/rotary.fi\\\/harjavalta\\\/digitaidot-2\\\/#breadcrumb\",\"itemListElement\":[{\"@type\":\"ListItem\",\"position\":1,\"name\":\"Home\",\"item\":\"https:\\\/\\\/rotary.fi\\\/harjavalta\\\/\"},{\"@type\":\"ListItem\",\"position\":2,\"name\":\"Digitaidot\"}]},{\"@type\":\"WebSite\",\"@id\":\"https:\\\/\\\/rotary.fi\\\/harjavalta\\\/#website\",\"url\":\"https:\\\/\\\/rotary.fi\\\/harjavalta\\\/\",\"name\":\"Harjavallan Rotaryklubi\",\"description\":\"Uusi Rotary klubisivusto\",\"potentialAction\":[{\"@type\":\"SearchAction\",\"target\":{\"@type\":\"EntryPoint\",\"urlTemplate\":\"https:\\\/\\\/rotary.fi\\\/harjavalta\\\/?s={search_term_string}\"},\"query-input\":{\"@type\":\"PropertyValueSpecification\",\"valueRequired\":true,\"valueName\":\"search_term_string\"}}],\"inLanguage\":\"fi\"}]}<\/script>\n<!-- \/ Yoast SEO plugin. -->","yoast_head_json":{"title":"Digitaidot - Harjavallan Rotaryklubi","robots":{"index":"index","follow":"follow","max-snippet":"max-snippet:-1","max-image-preview":"max-image-preview:large","max-video-preview":"max-video-preview:-1"},"canonical":"https:\/\/rotary.fi\/harjavalta\/digitaidot-2\/","og_locale":"fi_FI","og_type":"article","og_title":"Digitaidot - Harjavallan Rotaryklubi","og_description":"Digitaitoja ik\u00e4ihmisilleDigitaitoja ik\u00e4ihmisille &nbsp;9.12.2021 toteutui vihdoinkin digiprojekti, jossa lukiolaiset opettivat ik\u00e4ihmisi\u00e4. Hanke ideoitiin jo kev\u00e4\u00e4ll\u00e4 2019 ja sille haettiin Rotarys\u00e4\u00e4ti\u00f6n avustusta, mik\u00e4 my\u00f6s saatiin. Vuonna 2020 syksyll\u00e4 sit\u00e4 l\u00e4hdettiin lopulta tosissaan toteuttamaan. Silloinen klubin presidentti Tuomo Lindgren opiskeli samaan aikaan oppisopimuksella Raisiossa tuotekehitysty\u00f6n erikoisammattitutkintoa, jonka yhdeksi osaksi digiprojekti voitiin ottaa.Rotarit eiv\u00e4t olisi voineet toteuttaa projektia [&hellip;]","og_url":"https:\/\/rotary.fi\/harjavalta\/digitaidot-2\/","og_site_name":"Harjavallan Rotaryklubi","article_modified_time":"2022-02-22T14:07:06+00:00","twitter_card":"summary_large_image","twitter_misc":{"Arvioitu lukuaika":"4 minuuttia"},"schema":{"@context":"https:\/\/schema.org","@graph":[{"@type":"WebPage","@id":"https:\/\/rotary.fi\/harjavalta\/digitaidot-2\/","url":"https:\/\/rotary.fi\/harjavalta\/digitaidot-2\/","name":"Digitaidot - Harjavallan Rotaryklubi","isPartOf":{"@id":"https:\/\/rotary.fi\/harjavalta\/#website"},"datePublished":"2021-12-11T02:56:11+00:00","dateModified":"2022-02-22T14:07:06+00:00","breadcrumb":{"@id":"https:\/\/rotary.fi\/harjavalta\/digitaidot-2\/#breadcrumb"},"inLanguage":"fi","potentialAction":[{"@type":"ReadAction","target":["https:\/\/rotary.fi\/harjavalta\/digitaidot-2\/"]}]},{"@type":"BreadcrumbList","@id":"https:\/\/rotary.fi\/harjavalta\/digitaidot-2\/#breadcrumb","itemListElement":[{"@type":"ListItem","position":1,"name":"Home","item":"https:\/\/rotary.fi\/harjavalta\/"},{"@type":"ListItem","position":2,"name":"Digitaidot"}]},{"@type":"WebSite","@id":"https:\/\/rotary.fi\/harjavalta\/#website","url":"https:\/\/rotary.fi\/harjavalta\/","name":"Harjavallan Rotaryklubi","description":"Uusi Rotary klubisivusto","potentialAction":[{"@type":"SearchAction","target":{"@type":"EntryPoint","urlTemplate":"https:\/\/rotary.fi\/harjavalta\/?s={search_term_string}"},"query-input":{"@type":"PropertyValueSpecification","valueRequired":true,"valueName":"search_term_string"}}],"inLanguage":"fi"}]}},"lang":"fi","translations":{"fi":1819},"pll_sync_post":[],"_links":{"self":[{"href":"https:\/\/rotary.fi\/harjavalta\/wp-json\/wp\/v2\/pages\/1819","targetHints":{"allow":["GET"]}}],"collection":[{"href":"https:\/\/rotary.fi\/harjavalta\/wp-json\/wp\/v2\/pages"}],"about":[{"href":"https:\/\/rotary.fi\/harjavalta\/wp-json\/wp\/v2\/types\/page"}],"author":[{"embeddable":true,"href":"https:\/\/rotary.fi\/harjavalta\/wp-json\/wp\/v2\/users\/193"}],"replies":[{"embeddable":true,"href":"https:\/\/rotary.fi\/harjavalta\/wp-json\/wp\/v2\/comments?post=1819"}],"version-history":[{"count":9,"href":"https:\/\/rotary.fi\/harjavalta\/wp-json\/wp\/v2\/pages\/1819\/revisions"}],"predecessor-version":[{"id":2251,"href":"https:\/\/rotary.fi\/harjavalta\/wp-json\/wp\/v2\/pages\/1819\/revisions\/2251"}],"wp:attachment":[{"href":"https:\/\/rotary.fi\/harjavalta\/wp-json\/wp\/v2\/media?parent=1819"}],"curies":[{"name":"wp","href":"https:\/\/api.w.org\/{rel}","templated":true}]}}