{"id":160,"date":"2018-08-13T09:49:16","date_gmt":"2018-08-13T06:49:16","guid":{"rendered":"https:\/\/rotary.fi\/harjavalta\/?page_id=160"},"modified":"2021-12-19T20:33:21","modified_gmt":"2021-12-19T18:33:21","slug":"yhteiset-projektit","status":"publish","type":"page","link":"https:\/\/rotary.fi\/harjavalta\/mita-teemme\/yhteiset-projektit\/","title":{"rendered":"Yhteiset projektit"},"content":{"rendered":"<p>[et_pb_section fb_built=&#8221;1&#8243; module_class=&#8221;jumbotron-page&#8221; _builder_version=&#8221;4.14.2&#8243; background_image=&#8221;https:\/\/rotary.fi\/harjavalta\/wp-content\/uploads\/sites\/211\/2018\/10\/rotary_klubit_alasivu_paakuva_15.jpg&#8221; height=&#8221;220px&#8221; global_colors_info=&#8221;{}&#8221;][et_pb_row _builder_version=&#8221;3.25&#8243; background_size=&#8221;initial&#8221; background_position=&#8221;top_left&#8221; background_repeat=&#8221;repeat&#8221; global_colors_info=&#8221;{}&#8221;][et_pb_column type=&#8221;4_4&#8243; _builder_version=&#8221;3.25&#8243; custom_padding=&#8221;|||&#8221; global_colors_info=&#8221;{}&#8221; custom_padding__hover=&#8221;|||&#8221;][et_pb_text admin_label=&#8221;P\u00e4\u00e4otsikko&#8221; _builder_version=&#8221;4.14.2&#8243; text_orientation=&#8221;center&#8221; background_layout=&#8221;dark&#8221; custom_margin=&#8221;-80px||||false|false&#8221; global_colors_info=&#8221;{}&#8221;]<\/p>\n<h1>Yhteiset projektit<\/h1>\n<p>[\/et_pb_text][\/et_pb_column][\/et_pb_row][\/et_pb_section][et_pb_section fb_built=&#8221;1&#8243; specialty=&#8221;on&#8221; module_class_2=&#8221;sivupalkki&#8221; _builder_version=&#8221;3.22&#8243; global_colors_info=&#8221;{}&#8221;][et_pb_column type=&#8221;2_3&#8243; specialty_columns=&#8221;2&#8243; _builder_version=&#8221;3.25&#8243; custom_padding=&#8221;|||&#8221; global_colors_info=&#8221;{}&#8221; custom_padding__hover=&#8221;|||&#8221;][et_pb_row_inner admin_label=&#8221;Rivi&#8221; _builder_version=&#8221;3.25&#8243; global_colors_info=&#8221;{}&#8221;][et_pb_column_inner saved_specialty_column_type=&#8221;2_3&#8243; _builder_version=&#8221;3.25&#8243; custom_padding=&#8221;|||&#8221; global_colors_info=&#8221;{}&#8221; custom_padding__hover=&#8221;|||&#8221;][et_pb_text admin_label=&#8221;Otsikko&#8221; _builder_version=&#8221;4.14.2&#8243; text_orientation=&#8221;center&#8221; global_colors_info=&#8221;{}&#8221;]<\/p>\n<h2>Yhteiset projektit<\/h2>\n<p>[\/et_pb_text][et_pb_text _builder_version=&#8221;4.14.2&#8243; _module_preset=&#8221;default&#8221; hover_enabled=&#8221;0&#8243; global_colors_info=&#8221;{}&#8221; sticky_enabled=&#8221;0&#8243;]<\/p>\n<div class=\"madpages_component ksk_no_margins\" data-kskpage-component-id=\"\">\n<div class=\"kskpage_title_comp\">\n<h4 id=\"madpages_element_title_1_kskpage_1\" class=\"madpages_element\" data-ksk-type=\"title\" data-ksk-el-id=\"1_kskpage_1\">Vesireppu<\/h4>\n<\/div>\n<\/div>\n<p><strong>ROTARY -yhteis\u00f6 <\/strong><strong>tukee SYKEn ja EUn Ihan Pihalla\u00a0<\/strong><strong>hanketta<\/strong><\/p>\n<div class=\"madpages_component ksk_no_margins\" data-kskpage-component-id=\"\">\n<div class=\"kskpage_text_comp\">\n<div id=\"madpages_element_paragraph_2_kskpage_1\" class=\"madpages_element madpages_paragraph           \" data-ksk-type=\"paragraph\" data-ksk-el-id=\"2_kskpage_1\">\n<p>Kest\u00e4v\u00e4n vedenk\u00e4yt\u00f6n EDUWATER-kouluhankkeessa ollaan nyt p\u00e4ivitt\u00e4m\u00e4ss\u00e4 Rotarien tukemana Suomen ymp\u00e4rist\u00f6keskuksen kehitt\u00e4m\u00e4\u00e4 Vesireppua, jonka avulla koululaiset voivat tutkia omia paikallisvesist\u00f6j\u00e4\u00e4n.<\/p>\n<p><strong>L\u00e4hivesist\u00f6n tutkiminen helposti ja monipuolisesti<\/strong><\/p>\n<p>Vesireppu 2021 sis\u00e4lt\u00e4\u00e4 v\u00e4lineet ja ohjeet, joiden avulla l\u00e4hivesist\u00f6n tutkiminen on helppoa ja hauskaa. Mit\u00e4 n\u00e4k\u00f6syvyys kertoo vesist\u00f6n tilasta? L\u00f6ytyyk\u00f6 vedest\u00e4 sinilev\u00e4\u00e4 ja olisiko siell\u00e4 turvallista uida? Ent\u00e4 milt\u00e4 n\u00e4ytt\u00e4\u00e4 veden happitilanne?<\/p>\n<p>Vesirepun tarkoituksena on kiinnostaa lapsia ymp\u00e4rist\u00f6n tilasta ja oman l\u00e4hivesist\u00f6n tilasta. It\u00e4meren kuormitus on edelleen aivan liian suuri ja meren tila on edelleen kriittisess\u00e4 tilassa. Vesireppu-hankkeen pilottivaiheessa v 2017-18 luotiin p\u00e4\u00e4s\u00e4\u00e4nt\u00f6isesti Kouluhallituksen ja SYKEN sek\u00e4 mm. Valonian avulla koulujen ja kerhojen k\u00e4ytt\u00f6\u00f6n yksinkertainen ja turvallinen ty\u00f6kalu, VESIREPPU, jolla voidaan esim. ryhm\u00e4\/luokkakohtaisilla luontop\u00e4iv\u00e4retkill\u00e4 seurata luonnon tilaa.<\/p>\n<p>Vesirepun avulla voidaan tutkia seuraavia asioita:<\/p>\n<ul>\n<li>l\u00e4mp\u00f6tilaa (vesil\u00e4mp\u00f6mittari)<\/li>\n<li>n\u00e4k\u00f6syvyytt\u00e4 (Secchi-levy)<\/li>\n<li>sinilev\u00e4tilannetta<\/li>\n<li>sameutta (World Water Monitoring Challenge -purkki, tarra ja sameusasteikko)<\/li>\n<li>happipitoisuutta (testiputki,DO-tabletti, v\u00e4riasteikko)<\/li>\n<li>fosfori- ja typpipitoisuutta vedess\u00e4<\/li>\n<\/ul>\n<p>&nbsp;<\/p>\n<\/div>\n<\/div>\n<p><strong>Vesirepun k\u00e4ytt\u00f6 opetuksessa<\/strong><\/p>\n<\/div>\n<p>[\/et_pb_text][\/et_pb_column_inner][\/et_pb_row_inner][et_pb_row_inner column_structure=&#8221;1_3,1_3,1_3&#8243; admin_label=&#8221;Rivi&#8221; _builder_version=&#8221;3.25&#8243; global_colors_info=&#8221;{}&#8221;][et_pb_column_inner type=&#8221;1_3&#8243; saved_specialty_column_type=&#8221;2_3&#8243; _builder_version=&#8221;3.25&#8243; custom_padding=&#8221;|||&#8221; global_colors_info=&#8221;{}&#8221; custom_padding__hover=&#8221;|||&#8221;][et_pb_image src=&#8221;https:\/\/rotary.fi\/harjavalta\/wp-content\/uploads\/sites\/211\/2021\/12\/vesireppu-1.jpg&#8221; title_text=&#8221;vesireppu_1&#8243; _builder_version=&#8221;4.14.2&#8243; _module_preset=&#8221;default&#8221; custom_margin=&#8221;||||false|false&#8221; global_colors_info=&#8221;{}&#8221;][\/et_pb_image][et_pb_text _builder_version=&#8221;4.14.2&#8243; custom_margin=&#8221;||||false|false&#8221; global_colors_info=&#8221;{}&#8221;]<\/p>\n<p>Harjavallan lukion rehtori Sari Lukka otti vastaan ensimm\u00e4isen vesirepun.<\/p>\n<p>&nbsp;<\/p>\n<p>[\/et_pb_text][\/et_pb_column_inner][et_pb_column_inner type=&#8221;1_3&#8243; saved_specialty_column_type=&#8221;2_3&#8243; _builder_version=&#8221;3.25&#8243; custom_padding=&#8221;|||&#8221; global_colors_info=&#8221;{}&#8221; custom_padding__hover=&#8221;|||&#8221;][et_pb_text _builder_version=&#8221;4.14.2&#8243; _module_preset=&#8221;default&#8221; custom_margin=&#8221;|-240px|||false|false&#8221; global_colors_info=&#8221;{}&#8221;]<\/p>\n<p>Vesireppua on tarkoitus k\u00e4ytt\u00e4\u00e4 l\u00e4hiymp\u00e4rist\u00f6n tutkimiseen osana Ihan Pihalla tyyppisess\u00e4 koulun\/ryhm\u00e4n luontokasvatus-hankkeessa tuotettavia oppimiskokonaisuuksia. Kouluissa voi oppilaiden kanssa koota \u201dOman l\u00e4hiveden tarinan\u201d, joka alkaa oppilaiden ennakkok\u00e4sitysten kartoittamisella esimerkiksi ajatuskartan avulla. Seuraavaksi tutustutaan yhdess\u00e4 tutkimusv\u00e4lineisiin ja matkataan n\u00e4ytteenottoon l\u00e4hivesist\u00f6n rantaan Vesirepun ohjeita ja v\u00e4lineit\u00e4 hy\u00f6dynt\u00e4en. Maastossa otetaan kuvia ja luokassa havainnot voidaan kirjata yhdess\u00e4 yl\u00f6s vaikkapa J\u00e4rvi&amp;MeriWiki-palveluun.<\/p>\n<p>[\/et_pb_text][\/et_pb_column_inner][et_pb_column_inner type=&#8221;1_3&#8243; saved_specialty_column_type=&#8221;2_3&#8243; _builder_version=&#8221;3.25&#8243; custom_padding=&#8221;|||&#8221; global_colors_info=&#8221;{}&#8221; custom_padding__hover=&#8221;|||&#8221;][\/et_pb_column_inner][\/et_pb_row_inner][et_pb_row_inner admin_label=&#8221;Rivi&#8221; _builder_version=&#8221;3.25&#8243; global_colors_info=&#8221;{}&#8221;][et_pb_column_inner saved_specialty_column_type=&#8221;2_3&#8243; _builder_version=&#8221;3.25&#8243; custom_padding=&#8221;|||&#8221; global_colors_info=&#8221;{}&#8221; custom_padding__hover=&#8221;|||&#8221;][et_pb_text _builder_version=&#8221;4.14.2&#8243; _module_preset=&#8221;default&#8221; global_colors_info=&#8221;{}&#8221;]<\/p>\n<div class=\"madpages_component ksk_no_margins\" data-kskpage-component-id=\"\">\n<div class=\"kskpage_title_comp\">\n<p data-ksk-type=\"title\" data-ksk-el-id=\"1_kskpage_1\">Vaikka Vesireppu on kehitetty ensisijaisesti kouluille, se soveltuu mainiosti my\u00f6s kaikille veden tilan seurannasta kiinnostuneille kansalaisille. Vesireppua voi k\u00e4ytt\u00e4\u00e4 vaikkapa oman m\u00f6kkirannan veden tutkimiseen!<\/p>\n<\/div>\n<\/div>\n<p>[\/et_pb_text][\/et_pb_column_inner][\/et_pb_row_inner][\/et_pb_column][et_pb_column type=&#8221;1_3&#8243; _builder_version=&#8221;3.25&#8243; custom_padding=&#8221;|||&#8221; global_colors_info=&#8221;{}&#8221; custom_padding__hover=&#8221;|||&#8221;][et_pb_sidebar area=&#8221;sidebar-1&#8243; module_class=&#8221;sivupalkki_sisalto&#8221; _builder_version=&#8221;3.4.1&#8243; locked=&#8221;on&#8221; global_colors_info=&#8221;{}&#8221;]<br \/>\n[\/et_pb_sidebar][\/et_pb_column][\/et_pb_section]<\/p>\n","protected":false},"excerpt":{"rendered":"<p>Yhteiset projektitYhteiset projektit Vesireppu ROTARY -yhteis\u00f6 tukee SYKEn ja EUn Ihan Pihalla\u00a0hanketta Kest\u00e4v\u00e4n vedenk\u00e4yt\u00f6n EDUWATER-kouluhankkeessa ollaan nyt p\u00e4ivitt\u00e4m\u00e4ss\u00e4 Rotarien tukemana Suomen ymp\u00e4rist\u00f6keskuksen kehitt\u00e4m\u00e4\u00e4 Vesireppua, jonka avulla koululaiset voivat tutkia omia paikallisvesist\u00f6j\u00e4\u00e4n. L\u00e4hivesist\u00f6n tutkiminen helposti ja monipuolisesti Vesireppu 2021 sis\u00e4lt\u00e4\u00e4 v\u00e4lineet ja ohjeet, joiden avulla l\u00e4hivesist\u00f6n tutkiminen on helppoa ja hauskaa. Mit\u00e4 n\u00e4k\u00f6syvyys kertoo vesist\u00f6n tilasta? [&hellip;]<\/p>\n","protected":false},"author":1,"featured_media":0,"parent":77,"menu_order":0,"comment_status":"closed","ping_status":"closed","template":"","meta":{"_acf_changed":false,"_et_pb_use_builder":"on","_et_pb_old_content":"","_et_gb_content_width":"","footnotes":""},"class_list":["post-160","page","type-page","status-publish","hentry"],"acf":[],"yoast_head":"<!-- This site is optimized with the Yoast SEO plugin v27.0 - https:\/\/yoast.com\/product\/yoast-seo-wordpress\/ -->\n<title>Yhteiset projektit - Harjavallan Rotaryklubi<\/title>\n<meta name=\"robots\" content=\"index, follow, max-snippet:-1, max-image-preview:large, max-video-preview:-1\" \/>\n<link rel=\"canonical\" href=\"https:\/\/rotary.fi\/harjavalta\/mita-teemme\/yhteiset-projektit\/\" \/>\n<meta property=\"og:locale\" content=\"fi_FI\" \/>\n<meta property=\"og:type\" content=\"article\" \/>\n<meta property=\"og:title\" content=\"Yhteiset projektit - Harjavallan Rotaryklubi\" \/>\n<meta property=\"og:description\" content=\"Yhteiset projektitYhteiset projektit Vesireppu ROTARY -yhteis\u00f6 tukee SYKEn ja EUn Ihan Pihalla\u00a0hanketta Kest\u00e4v\u00e4n vedenk\u00e4yt\u00f6n EDUWATER-kouluhankkeessa ollaan nyt p\u00e4ivitt\u00e4m\u00e4ss\u00e4 Rotarien tukemana Suomen ymp\u00e4rist\u00f6keskuksen kehitt\u00e4m\u00e4\u00e4 Vesireppua, jonka avulla koululaiset voivat tutkia omia paikallisvesist\u00f6j\u00e4\u00e4n. L\u00e4hivesist\u00f6n tutkiminen helposti ja monipuolisesti Vesireppu 2021 sis\u00e4lt\u00e4\u00e4 v\u00e4lineet ja ohjeet, joiden avulla l\u00e4hivesist\u00f6n tutkiminen on helppoa ja hauskaa. Mit\u00e4 n\u00e4k\u00f6syvyys kertoo vesist\u00f6n tilasta? [&hellip;]\" \/>\n<meta property=\"og:url\" content=\"https:\/\/rotary.fi\/harjavalta\/mita-teemme\/yhteiset-projektit\/\" \/>\n<meta property=\"og:site_name\" content=\"Harjavallan Rotaryklubi\" \/>\n<meta property=\"article:modified_time\" content=\"2021-12-19T18:33:21+00:00\" \/>\n<meta name=\"twitter:card\" content=\"summary_large_image\" \/>\n<meta name=\"twitter:label1\" content=\"Arvioitu lukuaika\" \/>\n\t<meta name=\"twitter:data1\" content=\"4 minuuttia\" \/>\n<script type=\"application\/ld+json\" class=\"yoast-schema-graph\">{\"@context\":\"https:\/\/schema.org\",\"@graph\":[{\"@type\":\"WebPage\",\"@id\":\"https:\/\/rotary.fi\/harjavalta\/mita-teemme\/yhteiset-projektit\/\",\"url\":\"https:\/\/rotary.fi\/harjavalta\/mita-teemme\/yhteiset-projektit\/\",\"name\":\"Yhteiset projektit - Harjavallan Rotaryklubi\",\"isPartOf\":{\"@id\":\"https:\/\/rotary.fi\/harjavalta\/#website\"},\"datePublished\":\"2018-08-13T06:49:16+00:00\",\"dateModified\":\"2021-12-19T18:33:21+00:00\",\"breadcrumb\":{\"@id\":\"https:\/\/rotary.fi\/harjavalta\/mita-teemme\/yhteiset-projektit\/#breadcrumb\"},\"inLanguage\":\"fi\",\"potentialAction\":[{\"@type\":\"ReadAction\",\"target\":[\"https:\/\/rotary.fi\/harjavalta\/mita-teemme\/yhteiset-projektit\/\"]}]},{\"@type\":\"BreadcrumbList\",\"@id\":\"https:\/\/rotary.fi\/harjavalta\/mita-teemme\/yhteiset-projektit\/#breadcrumb\",\"itemListElement\":[{\"@type\":\"ListItem\",\"position\":1,\"name\":\"Home\",\"item\":\"https:\/\/rotary.fi\/harjavalta\/\"},{\"@type\":\"ListItem\",\"position\":2,\"name\":\"Mit\u00e4 teemme\",\"item\":\"https:\/\/rotary.fi\/harjavalta\/mita-teemme\/\"},{\"@type\":\"ListItem\",\"position\":3,\"name\":\"Yhteiset projektit\"}]},{\"@type\":\"WebSite\",\"@id\":\"https:\/\/rotary.fi\/harjavalta\/#website\",\"url\":\"https:\/\/rotary.fi\/harjavalta\/\",\"name\":\"Harjavallan Rotaryklubi\",\"description\":\"Uusi Rotary klubisivusto\",\"potentialAction\":[{\"@type\":\"SearchAction\",\"target\":{\"@type\":\"EntryPoint\",\"urlTemplate\":\"https:\/\/rotary.fi\/harjavalta\/?s={search_term_string}\"},\"query-input\":{\"@type\":\"PropertyValueSpecification\",\"valueRequired\":true,\"valueName\":\"search_term_string\"}}],\"inLanguage\":\"fi\"}]}<\/script>\n<!-- \/ Yoast SEO plugin. -->","yoast_head_json":{"title":"Yhteiset projektit - Harjavallan Rotaryklubi","robots":{"index":"index","follow":"follow","max-snippet":"max-snippet:-1","max-image-preview":"max-image-preview:large","max-video-preview":"max-video-preview:-1"},"canonical":"https:\/\/rotary.fi\/harjavalta\/mita-teemme\/yhteiset-projektit\/","og_locale":"fi_FI","og_type":"article","og_title":"Yhteiset projektit - Harjavallan Rotaryklubi","og_description":"Yhteiset projektitYhteiset projektit Vesireppu ROTARY -yhteis\u00f6 tukee SYKEn ja EUn Ihan Pihalla\u00a0hanketta Kest\u00e4v\u00e4n vedenk\u00e4yt\u00f6n EDUWATER-kouluhankkeessa ollaan nyt p\u00e4ivitt\u00e4m\u00e4ss\u00e4 Rotarien tukemana Suomen ymp\u00e4rist\u00f6keskuksen kehitt\u00e4m\u00e4\u00e4 Vesireppua, jonka avulla koululaiset voivat tutkia omia paikallisvesist\u00f6j\u00e4\u00e4n. L\u00e4hivesist\u00f6n tutkiminen helposti ja monipuolisesti Vesireppu 2021 sis\u00e4lt\u00e4\u00e4 v\u00e4lineet ja ohjeet, joiden avulla l\u00e4hivesist\u00f6n tutkiminen on helppoa ja hauskaa. Mit\u00e4 n\u00e4k\u00f6syvyys kertoo vesist\u00f6n tilasta? [&hellip;]","og_url":"https:\/\/rotary.fi\/harjavalta\/mita-teemme\/yhteiset-projektit\/","og_site_name":"Harjavallan Rotaryklubi","article_modified_time":"2021-12-19T18:33:21+00:00","twitter_card":"summary_large_image","twitter_misc":{"Arvioitu lukuaika":"4 minuuttia"},"schema":{"@context":"https:\/\/schema.org","@graph":[{"@type":"WebPage","@id":"https:\/\/rotary.fi\/harjavalta\/mita-teemme\/yhteiset-projektit\/","url":"https:\/\/rotary.fi\/harjavalta\/mita-teemme\/yhteiset-projektit\/","name":"Yhteiset projektit - Harjavallan Rotaryklubi","isPartOf":{"@id":"https:\/\/rotary.fi\/harjavalta\/#website"},"datePublished":"2018-08-13T06:49:16+00:00","dateModified":"2021-12-19T18:33:21+00:00","breadcrumb":{"@id":"https:\/\/rotary.fi\/harjavalta\/mita-teemme\/yhteiset-projektit\/#breadcrumb"},"inLanguage":"fi","potentialAction":[{"@type":"ReadAction","target":["https:\/\/rotary.fi\/harjavalta\/mita-teemme\/yhteiset-projektit\/"]}]},{"@type":"BreadcrumbList","@id":"https:\/\/rotary.fi\/harjavalta\/mita-teemme\/yhteiset-projektit\/#breadcrumb","itemListElement":[{"@type":"ListItem","position":1,"name":"Home","item":"https:\/\/rotary.fi\/harjavalta\/"},{"@type":"ListItem","position":2,"name":"Mit\u00e4 teemme","item":"https:\/\/rotary.fi\/harjavalta\/mita-teemme\/"},{"@type":"ListItem","position":3,"name":"Yhteiset projektit"}]},{"@type":"WebSite","@id":"https:\/\/rotary.fi\/harjavalta\/#website","url":"https:\/\/rotary.fi\/harjavalta\/","name":"Harjavallan Rotaryklubi","description":"Uusi Rotary klubisivusto","potentialAction":[{"@type":"SearchAction","target":{"@type":"EntryPoint","urlTemplate":"https:\/\/rotary.fi\/harjavalta\/?s={search_term_string}"},"query-input":{"@type":"PropertyValueSpecification","valueRequired":true,"valueName":"search_term_string"}}],"inLanguage":"fi"}]}},"lang":"fi","translations":{"fi":160},"pll_sync_post":[],"_links":{"self":[{"href":"https:\/\/rotary.fi\/harjavalta\/wp-json\/wp\/v2\/pages\/160","targetHints":{"allow":["GET"]}}],"collection":[{"href":"https:\/\/rotary.fi\/harjavalta\/wp-json\/wp\/v2\/pages"}],"about":[{"href":"https:\/\/rotary.fi\/harjavalta\/wp-json\/wp\/v2\/types\/page"}],"author":[{"embeddable":true,"href":"https:\/\/rotary.fi\/harjavalta\/wp-json\/wp\/v2\/users\/1"}],"replies":[{"embeddable":true,"href":"https:\/\/rotary.fi\/harjavalta\/wp-json\/wp\/v2\/comments?post=160"}],"version-history":[{"count":10,"href":"https:\/\/rotary.fi\/harjavalta\/wp-json\/wp\/v2\/pages\/160\/revisions"}],"predecessor-version":[{"id":2201,"href":"https:\/\/rotary.fi\/harjavalta\/wp-json\/wp\/v2\/pages\/160\/revisions\/2201"}],"up":[{"embeddable":true,"href":"https:\/\/rotary.fi\/harjavalta\/wp-json\/wp\/v2\/pages\/77"}],"wp:attachment":[{"href":"https:\/\/rotary.fi\/harjavalta\/wp-json\/wp\/v2\/media?parent=160"}],"curies":[{"name":"wp","href":"https:\/\/api.w.org\/{rel}","templated":true}]}}