{"id":129,"date":"2018-08-10T13:41:39","date_gmt":"2018-08-10T10:41:39","guid":{"rendered":"https:\/\/rotary.fi\/klubi2\/?page_id=129"},"modified":"2026-02-23T18:40:08","modified_gmt":"2026-02-23T16:40:08","slug":"keita-olemme","status":"publish","type":"page","link":"https:\/\/rotary.fi\/harjavalta\/keita-olemme\/","title":{"rendered":"Keit\u00e4 olemme"},"content":{"rendered":"<p>[et_pb_section fb_built=&#8221;1&#8243; module_class=&#8221;jumbotron-page&#8221; _builder_version=&#8221;4.16&#8243; background_image=&#8221;https:\/\/rotary.fi\/harjavalta\/wp-content\/uploads\/sites\/211\/2021\/12\/keita-olemme-1-e1639498826115.jpg&#8221; height=&#8221;220px&#8221; custom_margin=&#8221;|20px||20px|false|false&#8221; global_colors_info=&#8221;{}&#8221;][et_pb_row _builder_version=&#8221;4.16&#8243; background_size=&#8221;initial&#8221; background_position=&#8221;top_left&#8221; background_repeat=&#8221;repeat&#8221; global_colors_info=&#8221;{}&#8221;][et_pb_column type=&#8221;4_4&#8243; _builder_version=&#8221;4.16&#8243; custom_padding=&#8221;|||&#8221; global_colors_info=&#8221;{}&#8221; custom_padding__hover=&#8221;|||&#8221;][et_pb_text admin_label=&#8221;P\u00e4\u00e4otsikko&#8221; _builder_version=&#8221;4.16&#8243; text_orientation=&#8221;center&#8221; background_layout=&#8221;dark&#8221; custom_margin=&#8221;-100px||||false|false&#8221; global_colors_info=&#8221;{}&#8221;]<\/p>\n<h1>Keit\u00e4 olemme<\/h1>\n<p>[\/et_pb_text][\/et_pb_column][\/et_pb_row][\/et_pb_section][et_pb_section fb_built=&#8221;1&#8243; specialty=&#8221;on&#8221; module_class_2=&#8221;sivupalkki&#8221; _builder_version=&#8221;4.16&#8243; global_colors_info=&#8221;{}&#8221;][et_pb_column type=&#8221;2_3&#8243; specialty_columns=&#8221;2&#8243; _builder_version=&#8221;4.16&#8243; custom_padding=&#8221;|||&#8221; global_colors_info=&#8221;{}&#8221; custom_padding__hover=&#8221;|||&#8221;][et_pb_row_inner admin_label=&#8221;Rivi&#8221; _builder_version=&#8221;4.16&#8243; global_colors_info=&#8221;{}&#8221;][et_pb_column_inner saved_specialty_column_type=&#8221;2_3&#8243; _builder_version=&#8221;4.16&#8243; custom_padding=&#8221;|||&#8221; global_colors_info=&#8221;{}&#8221; custom_padding__hover=&#8221;|||&#8221;][et_pb_text content_tablet=&#8221;&#8221; content_phone=&#8221;&#8221; content_last_edited=&#8221;on|desktop&#8221; _builder_version=&#8221;4.27.4&#8243; hover_enabled=&#8221;0&#8243; global_colors_info=&#8221;{}&#8221; sticky_enabled=&#8221;0&#8243;]<\/p>\n<h2 style=\"text-align: center\">Keit\u00e4 olemme<\/h2>\n<p>Harjavallan Rotaryklubi on aktiivinen harjavaltalainen rotaryklubi. Kokoonnumme joka toinen tiistai klo 17.00 Sievarissa, osoitteessa Juustokivenkatu 1. Aloitamme Lounas Sievarin tarjoilulla ja siirrymme yl\u00e4kerran kokoushuoneeseen, jossa kuulemme kiinnostavia esitelmi\u00e4 ja suunnittelemme edist\u00e4m\u00e4\u00e4n hyv\u00e4\u00e4 omalla paikkakunnallamme. K\u00e4ymme my\u00f6s vierailemassa erilaisissa kohteissa. Tuemme kansainv\u00e4lisen Rotaryn humanitaarisia projekteja, osallistumme nuorisovaihtoon mahdollisuuksien mukaan ja edist\u00e4mme l\u00e4hiseudun hyvinvointia.<\/p>\n<p>Klubimme on perustettu 18.11.1954 ja virallisen hyv\u00e4ksynn\u00e4n saimme 26.1.1955. Kummiklubejamme ovat v. 1965 aloittanut Kokem\u00e4en Rotaryklubi ja v.1971 perustettu Nakkilan Rotaryklubi. \u00a0Klubissamme on 41 j\u00e4sent\u00e4. Olemme osa <a href=\"https:\/\/rotary.fi\/d1410\/\">piiri\u00e4 1410<\/a>.<\/p>\n<h4>\u00a0<\/h4>\n<h4>Meid\u00e4t tunnetaan paikkakunnalla<\/h4>\n<p>Klubillamme on ollut useita erilaisia projekteja, jotka ovat kytkeytyneet paljolti koulumaailmaan. Jo kymmenen vuotta olemme toteuttaneet \u201dTienaa k\u00e4yt\u00f6ksell\u00e4si ty\u00f6paikka\u201d hanketta, jossa koulussa hyvin k\u00e4ytt\u00e4ytyneille nuorille on j\u00e4rjestynyt paikkakunnan yrityksiss\u00e4 kes\u00e4ty\u00f6paikka. T\u00e4t\u00e4 mallia on jo kopioitu muuallekin.<\/p>\n<p>Klubillamme on digiprojekti, jossa lukio ja vanhusneuvosto ovat mukana kumppaneina auttamassa vanhempaa v\u00e4est\u00f6\u00e4 selviytym\u00e4\u00e4n t\u00e4m\u00e4n p\u00e4iv\u00e4n s\u00e4hk\u00f6isten laitteiden k\u00e4yt\u00f6ss\u00e4. Opettajina toimivat lukiolaiset. He saavat projektista kurssimerkinn\u00e4n.<\/p>\n<p>Olemme vahvasti mukana Suomen Ymp\u00e4rist\u00f6keskuksen ja rotareiden yhteisess\u00e4 vesireppuprojektissa.<\/p>\n<p>Pid\u00e4mme arvossa kansainv\u00e4lisen Rotary Internationalin ponnisteluja ja j\u00e4rjest\u00f6n arvokasta ty\u00f6t\u00e4 muun muassa polion h\u00e4vitt\u00e4miseksi maapallolta. Pelk\u00e4st\u00e4\u00e4n t\u00e4h\u00e4n ty\u00f6h\u00f6n Rotary on suunnannut runsaasti vapaaehtoisvoimaa sek\u00e4 yli 1,2 miljardia US-dollaria.<\/p>\n<p>&nbsp;<\/p>\n<h4>Vaikuttava kansainv\u00e4linen verkosto<\/h4>\n<p>Rotary on Chicagossa 23.2.1905 perustettu kansainv\u00e4linen palvelu- ja hyv\u00e4ntekev\u00e4isyysorganisaatio. Rotary Internationalin kotipaikka on Evanston, USA:n osavaltiossa Illinoisissa. Tunnuslauseemme on Palvelu itsekkyyden edelle (Service Above Self).<\/p>\n<p>Rotaryyn kuuluu 1,2 miljoona j\u00e4sent\u00e4 35 000 klubissa yli 200 maassa. Rotary on merkitt\u00e4v\u00e4 kansainv\u00e4linen palvelu- ja hyv\u00e4ntekev\u00e4isyysj\u00e4rjest\u00f6. Suomi on jaettu viiteen rotarypiiriin, joista yhteen kuuluvat my\u00f6s Viron klubit. Suomessa ja Virossa on klubeja 265 ja rotareita noin 8300<\/p>\n<p>[\/et_pb_text][\/et_pb_column_inner][\/et_pb_row_inner][\/et_pb_column][et_pb_column type=&#8221;1_3&#8243; _builder_version=&#8221;4.16&#8243; custom_padding=&#8221;|||&#8221; global_colors_info=&#8221;{}&#8221; custom_padding__hover=&#8221;|||&#8221;][et_pb_sidebar area=&#8221;sidebar-1&#8243; module_class=&#8221;sivupalkki_sisalto&#8221; _builder_version=&#8221;4.16&#8243; locked=&#8221;on&#8221; global_colors_info=&#8221;{}&#8221;]<\/p>\n<p>[\/et_pb_sidebar][\/et_pb_column][\/et_pb_section]<\/p>\n","protected":false},"excerpt":{"rendered":"<p>Keit\u00e4 olemmeKeit\u00e4 olemme Harjavallan Rotaryklubi on aktiivinen harjavaltalainen rotaryklubi. Kokoonnumme joka toinen tiistai klo 17.00 Sievarissa, osoitteessa Juustokivenkatu 1. Aloitamme Lounas Sievarin tarjoilulla ja siirrymme yl\u00e4kerran kokoushuoneeseen, jossa kuulemme kiinnostavia esitelmi\u00e4 ja suunnittelemme edist\u00e4m\u00e4\u00e4n hyv\u00e4\u00e4 omalla paikkakunnallamme. K\u00e4ymme my\u00f6s vierailemassa erilaisissa kohteissa. Tuemme kansainv\u00e4lisen Rotaryn humanitaarisia projekteja, osallistumme nuorisovaihtoon mahdollisuuksien mukaan ja edist\u00e4mme l\u00e4hiseudun hyvinvointia. [&hellip;]<\/p>\n","protected":false},"author":1,"featured_media":0,"parent":0,"menu_order":0,"comment_status":"closed","ping_status":"closed","template":"","meta":{"_acf_changed":false,"_et_pb_use_builder":"on","_et_pb_old_content":"","_et_gb_content_width":"","footnotes":""},"class_list":["post-129","page","type-page","status-publish","hentry"],"acf":[],"yoast_head":"<!-- This site is optimized with the Yoast SEO plugin v27.0 - https:\/\/yoast.com\/product\/yoast-seo-wordpress\/ -->\n<title>Keit\u00e4 olemme - Harjavallan Rotaryklubi<\/title>\n<meta name=\"robots\" content=\"index, follow, max-snippet:-1, max-image-preview:large, max-video-preview:-1\" \/>\n<link rel=\"canonical\" href=\"https:\/\/rotary.fi\/harjavalta\/keita-olemme\/\" \/>\n<meta property=\"og:locale\" content=\"fi_FI\" \/>\n<meta property=\"og:type\" content=\"article\" \/>\n<meta property=\"og:title\" content=\"Keit\u00e4 olemme - Harjavallan Rotaryklubi\" \/>\n<meta property=\"og:description\" content=\"Keit\u00e4 olemmeKeit\u00e4 olemme Harjavallan Rotaryklubi on aktiivinen harjavaltalainen rotaryklubi. Kokoonnumme joka toinen tiistai klo 17.00 Sievarissa, osoitteessa Juustokivenkatu 1. Aloitamme Lounas Sievarin tarjoilulla ja siirrymme yl\u00e4kerran kokoushuoneeseen, jossa kuulemme kiinnostavia esitelmi\u00e4 ja suunnittelemme edist\u00e4m\u00e4\u00e4n hyv\u00e4\u00e4 omalla paikkakunnallamme. K\u00e4ymme my\u00f6s vierailemassa erilaisissa kohteissa. Tuemme kansainv\u00e4lisen Rotaryn humanitaarisia projekteja, osallistumme nuorisovaihtoon mahdollisuuksien mukaan ja edist\u00e4mme l\u00e4hiseudun hyvinvointia. [&hellip;]\" \/>\n<meta property=\"og:url\" content=\"https:\/\/rotary.fi\/harjavalta\/keita-olemme\/\" \/>\n<meta property=\"og:site_name\" content=\"Harjavallan Rotaryklubi\" \/>\n<meta property=\"article:modified_time\" content=\"2026-02-23T16:40:08+00:00\" \/>\n<meta name=\"twitter:card\" content=\"summary_large_image\" \/>\n<meta name=\"twitter:label1\" content=\"Arvioitu lukuaika\" \/>\n\t<meta name=\"twitter:data1\" content=\"4 minuuttia\" \/>\n<script type=\"application\/ld+json\" class=\"yoast-schema-graph\">{\"@context\":\"https:\/\/schema.org\",\"@graph\":[{\"@type\":\"WebPage\",\"@id\":\"https:\/\/rotary.fi\/harjavalta\/keita-olemme\/\",\"url\":\"https:\/\/rotary.fi\/harjavalta\/keita-olemme\/\",\"name\":\"Keit\u00e4 olemme - Harjavallan Rotaryklubi\",\"isPartOf\":{\"@id\":\"https:\/\/rotary.fi\/harjavalta\/#website\"},\"datePublished\":\"2018-08-10T10:41:39+00:00\",\"dateModified\":\"2026-02-23T16:40:08+00:00\",\"breadcrumb\":{\"@id\":\"https:\/\/rotary.fi\/harjavalta\/keita-olemme\/#breadcrumb\"},\"inLanguage\":\"fi\",\"potentialAction\":[{\"@type\":\"ReadAction\",\"target\":[\"https:\/\/rotary.fi\/harjavalta\/keita-olemme\/\"]}]},{\"@type\":\"BreadcrumbList\",\"@id\":\"https:\/\/rotary.fi\/harjavalta\/keita-olemme\/#breadcrumb\",\"itemListElement\":[{\"@type\":\"ListItem\",\"position\":1,\"name\":\"Home\",\"item\":\"https:\/\/rotary.fi\/harjavalta\/\"},{\"@type\":\"ListItem\",\"position\":2,\"name\":\"Keit\u00e4 olemme\"}]},{\"@type\":\"WebSite\",\"@id\":\"https:\/\/rotary.fi\/harjavalta\/#website\",\"url\":\"https:\/\/rotary.fi\/harjavalta\/\",\"name\":\"Harjavallan Rotaryklubi\",\"description\":\"Uusi Rotary klubisivusto\",\"potentialAction\":[{\"@type\":\"SearchAction\",\"target\":{\"@type\":\"EntryPoint\",\"urlTemplate\":\"https:\/\/rotary.fi\/harjavalta\/?s={search_term_string}\"},\"query-input\":{\"@type\":\"PropertyValueSpecification\",\"valueRequired\":true,\"valueName\":\"search_term_string\"}}],\"inLanguage\":\"fi\"}]}<\/script>\n<!-- \/ Yoast SEO plugin. -->","yoast_head_json":{"title":"Keit\u00e4 olemme - Harjavallan Rotaryklubi","robots":{"index":"index","follow":"follow","max-snippet":"max-snippet:-1","max-image-preview":"max-image-preview:large","max-video-preview":"max-video-preview:-1"},"canonical":"https:\/\/rotary.fi\/harjavalta\/keita-olemme\/","og_locale":"fi_FI","og_type":"article","og_title":"Keit\u00e4 olemme - Harjavallan Rotaryklubi","og_description":"Keit\u00e4 olemmeKeit\u00e4 olemme Harjavallan Rotaryklubi on aktiivinen harjavaltalainen rotaryklubi. Kokoonnumme joka toinen tiistai klo 17.00 Sievarissa, osoitteessa Juustokivenkatu 1. Aloitamme Lounas Sievarin tarjoilulla ja siirrymme yl\u00e4kerran kokoushuoneeseen, jossa kuulemme kiinnostavia esitelmi\u00e4 ja suunnittelemme edist\u00e4m\u00e4\u00e4n hyv\u00e4\u00e4 omalla paikkakunnallamme. K\u00e4ymme my\u00f6s vierailemassa erilaisissa kohteissa. Tuemme kansainv\u00e4lisen Rotaryn humanitaarisia projekteja, osallistumme nuorisovaihtoon mahdollisuuksien mukaan ja edist\u00e4mme l\u00e4hiseudun hyvinvointia. [&hellip;]","og_url":"https:\/\/rotary.fi\/harjavalta\/keita-olemme\/","og_site_name":"Harjavallan Rotaryklubi","article_modified_time":"2026-02-23T16:40:08+00:00","twitter_card":"summary_large_image","twitter_misc":{"Arvioitu lukuaika":"4 minuuttia"},"schema":{"@context":"https:\/\/schema.org","@graph":[{"@type":"WebPage","@id":"https:\/\/rotary.fi\/harjavalta\/keita-olemme\/","url":"https:\/\/rotary.fi\/harjavalta\/keita-olemme\/","name":"Keit\u00e4 olemme - Harjavallan Rotaryklubi","isPartOf":{"@id":"https:\/\/rotary.fi\/harjavalta\/#website"},"datePublished":"2018-08-10T10:41:39+00:00","dateModified":"2026-02-23T16:40:08+00:00","breadcrumb":{"@id":"https:\/\/rotary.fi\/harjavalta\/keita-olemme\/#breadcrumb"},"inLanguage":"fi","potentialAction":[{"@type":"ReadAction","target":["https:\/\/rotary.fi\/harjavalta\/keita-olemme\/"]}]},{"@type":"BreadcrumbList","@id":"https:\/\/rotary.fi\/harjavalta\/keita-olemme\/#breadcrumb","itemListElement":[{"@type":"ListItem","position":1,"name":"Home","item":"https:\/\/rotary.fi\/harjavalta\/"},{"@type":"ListItem","position":2,"name":"Keit\u00e4 olemme"}]},{"@type":"WebSite","@id":"https:\/\/rotary.fi\/harjavalta\/#website","url":"https:\/\/rotary.fi\/harjavalta\/","name":"Harjavallan Rotaryklubi","description":"Uusi Rotary klubisivusto","potentialAction":[{"@type":"SearchAction","target":{"@type":"EntryPoint","urlTemplate":"https:\/\/rotary.fi\/harjavalta\/?s={search_term_string}"},"query-input":{"@type":"PropertyValueSpecification","valueRequired":true,"valueName":"search_term_string"}}],"inLanguage":"fi"}]}},"lang":"fi","translations":{"fi":129},"pll_sync_post":[],"_links":{"self":[{"href":"https:\/\/rotary.fi\/harjavalta\/wp-json\/wp\/v2\/pages\/129","targetHints":{"allow":["GET"]}}],"collection":[{"href":"https:\/\/rotary.fi\/harjavalta\/wp-json\/wp\/v2\/pages"}],"about":[{"href":"https:\/\/rotary.fi\/harjavalta\/wp-json\/wp\/v2\/types\/page"}],"author":[{"embeddable":true,"href":"https:\/\/rotary.fi\/harjavalta\/wp-json\/wp\/v2\/users\/1"}],"replies":[{"embeddable":true,"href":"https:\/\/rotary.fi\/harjavalta\/wp-json\/wp\/v2\/comments?post=129"}],"version-history":[{"count":10,"href":"https:\/\/rotary.fi\/harjavalta\/wp-json\/wp\/v2\/pages\/129\/revisions"}],"predecessor-version":[{"id":2573,"href":"https:\/\/rotary.fi\/harjavalta\/wp-json\/wp\/v2\/pages\/129\/revisions\/2573"}],"wp:attachment":[{"href":"https:\/\/rotary.fi\/harjavalta\/wp-json\/wp\/v2\/media?parent=129"}],"curies":[{"name":"wp","href":"https:\/\/api.w.org\/{rel}","templated":true}]}}