{"id":77,"date":"2018-08-09T14:01:56","date_gmt":"2018-08-09T11:01:56","guid":{"rendered":"https:\/\/rotary.fi\/klubi2\/?page_id=77"},"modified":"2026-03-22T12:27:22","modified_gmt":"2026-03-22T10:27:22","slug":"mita-teemme","status":"publish","type":"page","link":"https:\/\/rotary.fi\/hamina\/mita-teemme\/","title":{"rendered":"Mit\u00e4 teemme"},"content":{"rendered":"<p>[et_pb_section fb_built=&#8221;1&#8243; module_class=&#8221;jumbotron-page&#8221; _builder_version=&#8221;4.20.4&#8243; background_image=&#8221;https:\/\/rotary.fi\/hamina\/wp-content\/uploads\/sites\/240\/2023\/04\/raatihuone-fredrikinkadulta-2-1.jpg&#8221; global_colors_info=&#8221;{}&#8221;][et_pb_row _builder_version=&#8221;4.16&#8243; background_size=&#8221;initial&#8221; background_position=&#8221;top_left&#8221; background_repeat=&#8221;repeat&#8221; global_colors_info=&#8221;{}&#8221;][et_pb_column type=&#8221;4_4&#8243; _builder_version=&#8221;4.16&#8243; custom_padding=&#8221;|||&#8221; global_colors_info=&#8221;{}&#8221; custom_padding__hover=&#8221;|||&#8221;][et_pb_text admin_label=&#8221;P\u00e4\u00e4otsikko&#8221; _builder_version=&#8221;4.16&#8243; text_orientation=&#8221;center&#8221; background_layout=&#8221;dark&#8221; global_colors_info=&#8221;{}&#8221;]<\/p>\n<h1>Mit\u00e4 teemme<\/h1>\n<p>[\/et_pb_text][\/et_pb_column][\/et_pb_row][\/et_pb_section][et_pb_section fb_built=&#8221;1&#8243; specialty=&#8221;on&#8221; module_class_2=&#8221;sivupalkki&#8221; _builder_version=&#8221;4.16&#8243; global_colors_info=&#8221;{}&#8221;][et_pb_column type=&#8221;2_3&#8243; specialty_columns=&#8221;2&#8243; _builder_version=&#8221;4.16&#8243; custom_padding=&#8221;|||&#8221; global_colors_info=&#8221;{}&#8221; custom_padding__hover=&#8221;|||&#8221;][et_pb_row_inner admin_label=&#8221;Rivi&#8221; _builder_version=&#8221;4.16&#8243; global_colors_info=&#8221;{}&#8221;][et_pb_column_inner saved_specialty_column_type=&#8221;2_3&#8243; _builder_version=&#8221;4.16&#8243; custom_padding=&#8221;|||&#8221; global_colors_info=&#8221;{}&#8221; custom_padding__hover=&#8221;|||&#8221;][et_pb_text admin_label=&#8221;Otsikko&#8221; _builder_version=&#8221;4.16&#8243; text_orientation=&#8221;center&#8221; global_colors_info=&#8221;{}&#8221;]<\/p>\n<h1>Mit\u00e4 teemme<\/h1>\n<p>[\/et_pb_text][et_pb_text _builder_version=&#8221;4.16&#8243; global_colors_info=&#8221;{}&#8221;]<\/p>\n<p>Haminan rotaryklubin tarkoitus on vaalia l\u00e4himm\u00e4isen palvelemisen ihannetta ja innostaa j\u00e4seni\u00e4\u00e4n sek\u00e4 yksityisel\u00e4m\u00e4ss\u00e4\u00e4n, ammatissaan, yhteiskunnallisessa toiminnassaan ett\u00e4 kansainv\u00e4lisiss\u00e4 suhteissa noudattamaan n\u00e4it\u00e4 edell\u00e4 mainittuja ihanteita sek\u00e4 harjoittaa ja tukea humanitaarista ja sivistyksellist\u00e4 toimintaa.<\/p>\n<p>Tarkoituksensa toteuttamiseksi klubi j\u00e4rjest\u00e4\u00e4 kokouksia, esitelm\u00e4- ja keskustelu-tilaisuuksia, seminaareja, juhla- ja muita vastaavia tilaisuuksia sek\u00e4 pit\u00e4\u00e4 yhteytt\u00e4 Suomen ja Viron Rotarypalvelu ry -nimiseen yhdistykseen, rotarypiiriin, muihin rotaryklubeihin kaikkialla maailmassa sek\u00e4 Rotary International -nimiseen keskusj\u00e4rjest\u00f6\u00f6ns\u00e4 ja sen alueellisiin organisaatioihin.<\/p>\n<p>Haminan rotaryklubi osallistuu humanitaarisiin avustusprojekteihin sek\u00e4 kotimaassa ett\u00e4 kansainv\u00e4lisesti yhteisty\u00f6ss\u00e4 rotaryj\u00e4rjest\u00f6n, -piirin ja\/tai toisen rotaryklubin kanssa tai yksin.<\/p>\n<p>Haminan rotaryklubi voi osallistua kansainv\u00e4liseen nuorisovaihtotoimintaan l\u00e4hett\u00e4m\u00e4ll\u00e4 ja vastaanottamalla vaihto-oppilaita, j\u00e4rjest\u00e4m\u00e4ll\u00e4 kes\u00e4leirej\u00e4 nuorisolle sek\u00e4 jakamalla koulutusstipendej\u00e4 ja matka-avustuksia.<\/p>\n<p>Haminan rotaryklubi toimii yleishy\u00f6dyllisyyden pohjalta. Klubi voi vastaanottaa lahjoituksia ja testamentteja sek\u00e4 j\u00e4rjest\u00e4\u00e4 asianomaisella luvalla rahanker\u00e4yst\u00e4, arpajaisia, juhlia, harjoittaa julkaisutoimintaa ja muuta vastaavaa toimintaa, joka v\u00e4litt\u00f6m\u00e4sti tukee n\u00e4iss\u00e4 s\u00e4\u00e4nn\u00f6iss\u00e4 m\u00e4\u00e4r\u00e4ttyj\u00e4 tarkoituksia.<\/p>\n<p>[\/et_pb_text][\/et_pb_column_inner][\/et_pb_row_inner][\/et_pb_column][et_pb_column type=&#8221;1_3&#8243; _builder_version=&#8221;4.16&#8243; custom_padding=&#8221;|||&#8221; global_colors_info=&#8221;{}&#8221; custom_padding__hover=&#8221;|||&#8221;][et_pb_sidebar area=&#8221;sidebar-1&#8243; module_class=&#8221;sivupalkki_sisalto&#8221; _builder_version=&#8221;4.16&#8243; locked=&#8221;on&#8221; global_colors_info=&#8221;{}&#8221;][\/et_pb_sidebar][\/et_pb_column][\/et_pb_section]<\/p>\n","protected":false},"excerpt":{"rendered":"<p>Mit\u00e4 teemme Mit\u00e4 teemme Haminan rotaryklubin tarkoitus on vaalia l\u00e4himm\u00e4isen palvelemisen ihannetta ja innostaa j\u00e4seni\u00e4\u00e4n sek\u00e4 yksityisel\u00e4m\u00e4ss\u00e4\u00e4n, ammatissaan, yhteiskunnallisessa toiminnassaan ett\u00e4 kansainv\u00e4lisiss\u00e4 suhteissa noudattamaan n\u00e4it\u00e4 edell\u00e4 mainittuja ihanteita sek\u00e4 harjoittaa ja tukea humanitaarista ja sivistyksellist\u00e4 toimintaa. Tarkoituksensa toteuttamiseksi klubi j\u00e4rjest\u00e4\u00e4 kokouksia, esitelm\u00e4- ja keskustelu-tilaisuuksia, seminaareja, juhla- ja muita vastaavia tilaisuuksia sek\u00e4 pit\u00e4\u00e4 yhteytt\u00e4 Suomen ja [&hellip;]<\/p>\n","protected":false},"author":1,"featured_media":0,"parent":0,"menu_order":0,"comment_status":"closed","ping_status":"closed","template":"","meta":{"_acf_changed":false,"_et_pb_use_builder":"on","_et_pb_old_content":"","_et_gb_content_width":"","footnotes":""},"class_list":["post-77","page","type-page","status-publish","hentry"],"acf":[],"yoast_head":"<!-- This site is optimized with the Yoast SEO plugin v27.0 - https:\/\/yoast.com\/product\/yoast-seo-wordpress\/ -->\n<title>Mit\u00e4 teemme - Haminan Rotaryklubi<\/title>\n<meta name=\"robots\" content=\"index, follow, max-snippet:-1, max-image-preview:large, max-video-preview:-1\" \/>\n<link rel=\"canonical\" href=\"https:\/\/rotary.fi\/hamina\/mita-teemme\/\" \/>\n<meta property=\"og:locale\" content=\"fi_FI\" \/>\n<meta property=\"og:type\" content=\"article\" \/>\n<meta property=\"og:title\" content=\"Mit\u00e4 teemme - Haminan Rotaryklubi\" \/>\n<meta property=\"og:description\" content=\"Mit\u00e4 teemme Mit\u00e4 teemme Haminan rotaryklubin tarkoitus on vaalia l\u00e4himm\u00e4isen palvelemisen ihannetta ja innostaa j\u00e4seni\u00e4\u00e4n sek\u00e4 yksityisel\u00e4m\u00e4ss\u00e4\u00e4n, ammatissaan, yhteiskunnallisessa toiminnassaan ett\u00e4 kansainv\u00e4lisiss\u00e4 suhteissa noudattamaan n\u00e4it\u00e4 edell\u00e4 mainittuja ihanteita sek\u00e4 harjoittaa ja tukea humanitaarista ja sivistyksellist\u00e4 toimintaa. Tarkoituksensa toteuttamiseksi klubi j\u00e4rjest\u00e4\u00e4 kokouksia, esitelm\u00e4- ja keskustelu-tilaisuuksia, seminaareja, juhla- ja muita vastaavia tilaisuuksia sek\u00e4 pit\u00e4\u00e4 yhteytt\u00e4 Suomen ja [&hellip;]\" \/>\n<meta property=\"og:url\" content=\"https:\/\/rotary.fi\/hamina\/mita-teemme\/\" \/>\n<meta property=\"og:site_name\" content=\"Haminan Rotaryklubi\" \/>\n<meta property=\"article:modified_time\" content=\"2026-03-22T10:27:22+00:00\" \/>\n<meta name=\"twitter:card\" content=\"summary_large_image\" \/>\n<meta name=\"twitter:label1\" content=\"Arvioitu lukuaika\" \/>\n\t<meta name=\"twitter:data1\" content=\"2 minuuttia\" \/>\n<script type=\"application\/ld+json\" class=\"yoast-schema-graph\">{\"@context\":\"https:\/\/schema.org\",\"@graph\":[{\"@type\":\"WebPage\",\"@id\":\"https:\/\/rotary.fi\/hamina\/mita-teemme\/\",\"url\":\"https:\/\/rotary.fi\/hamina\/mita-teemme\/\",\"name\":\"Mit\u00e4 teemme - Haminan Rotaryklubi\",\"isPartOf\":{\"@id\":\"https:\/\/rotary.fi\/hamina\/#website\"},\"datePublished\":\"2018-08-09T11:01:56+00:00\",\"dateModified\":\"2026-03-22T10:27:22+00:00\",\"breadcrumb\":{\"@id\":\"https:\/\/rotary.fi\/hamina\/mita-teemme\/#breadcrumb\"},\"inLanguage\":\"fi\",\"potentialAction\":[{\"@type\":\"ReadAction\",\"target\":[\"https:\/\/rotary.fi\/hamina\/mita-teemme\/\"]}]},{\"@type\":\"BreadcrumbList\",\"@id\":\"https:\/\/rotary.fi\/hamina\/mita-teemme\/#breadcrumb\",\"itemListElement\":[{\"@type\":\"ListItem\",\"position\":1,\"name\":\"Home\",\"item\":\"https:\/\/rotary.fi\/hamina\/\"},{\"@type\":\"ListItem\",\"position\":2,\"name\":\"Mit\u00e4 teemme\"}]},{\"@type\":\"WebSite\",\"@id\":\"https:\/\/rotary.fi\/hamina\/#website\",\"url\":\"https:\/\/rotary.fi\/hamina\/\",\"name\":\"Haminan Rotaryklubi\",\"description\":\"Uusi Rotary klubisivusto\",\"potentialAction\":[{\"@type\":\"SearchAction\",\"target\":{\"@type\":\"EntryPoint\",\"urlTemplate\":\"https:\/\/rotary.fi\/hamina\/?s={search_term_string}\"},\"query-input\":{\"@type\":\"PropertyValueSpecification\",\"valueRequired\":true,\"valueName\":\"search_term_string\"}}],\"inLanguage\":\"fi\"}]}<\/script>\n<!-- \/ Yoast SEO plugin. -->","yoast_head_json":{"title":"Mit\u00e4 teemme - Haminan Rotaryklubi","robots":{"index":"index","follow":"follow","max-snippet":"max-snippet:-1","max-image-preview":"max-image-preview:large","max-video-preview":"max-video-preview:-1"},"canonical":"https:\/\/rotary.fi\/hamina\/mita-teemme\/","og_locale":"fi_FI","og_type":"article","og_title":"Mit\u00e4 teemme - Haminan Rotaryklubi","og_description":"Mit\u00e4 teemme Mit\u00e4 teemme Haminan rotaryklubin tarkoitus on vaalia l\u00e4himm\u00e4isen palvelemisen ihannetta ja innostaa j\u00e4seni\u00e4\u00e4n sek\u00e4 yksityisel\u00e4m\u00e4ss\u00e4\u00e4n, ammatissaan, yhteiskunnallisessa toiminnassaan ett\u00e4 kansainv\u00e4lisiss\u00e4 suhteissa noudattamaan n\u00e4it\u00e4 edell\u00e4 mainittuja ihanteita sek\u00e4 harjoittaa ja tukea humanitaarista ja sivistyksellist\u00e4 toimintaa. Tarkoituksensa toteuttamiseksi klubi j\u00e4rjest\u00e4\u00e4 kokouksia, esitelm\u00e4- ja keskustelu-tilaisuuksia, seminaareja, juhla- ja muita vastaavia tilaisuuksia sek\u00e4 pit\u00e4\u00e4 yhteytt\u00e4 Suomen ja [&hellip;]","og_url":"https:\/\/rotary.fi\/hamina\/mita-teemme\/","og_site_name":"Haminan Rotaryklubi","article_modified_time":"2026-03-22T10:27:22+00:00","twitter_card":"summary_large_image","twitter_misc":{"Arvioitu lukuaika":"2 minuuttia"},"schema":{"@context":"https:\/\/schema.org","@graph":[{"@type":"WebPage","@id":"https:\/\/rotary.fi\/hamina\/mita-teemme\/","url":"https:\/\/rotary.fi\/hamina\/mita-teemme\/","name":"Mit\u00e4 teemme - Haminan Rotaryklubi","isPartOf":{"@id":"https:\/\/rotary.fi\/hamina\/#website"},"datePublished":"2018-08-09T11:01:56+00:00","dateModified":"2026-03-22T10:27:22+00:00","breadcrumb":{"@id":"https:\/\/rotary.fi\/hamina\/mita-teemme\/#breadcrumb"},"inLanguage":"fi","potentialAction":[{"@type":"ReadAction","target":["https:\/\/rotary.fi\/hamina\/mita-teemme\/"]}]},{"@type":"BreadcrumbList","@id":"https:\/\/rotary.fi\/hamina\/mita-teemme\/#breadcrumb","itemListElement":[{"@type":"ListItem","position":1,"name":"Home","item":"https:\/\/rotary.fi\/hamina\/"},{"@type":"ListItem","position":2,"name":"Mit\u00e4 teemme"}]},{"@type":"WebSite","@id":"https:\/\/rotary.fi\/hamina\/#website","url":"https:\/\/rotary.fi\/hamina\/","name":"Haminan Rotaryklubi","description":"Uusi Rotary klubisivusto","potentialAction":[{"@type":"SearchAction","target":{"@type":"EntryPoint","urlTemplate":"https:\/\/rotary.fi\/hamina\/?s={search_term_string}"},"query-input":{"@type":"PropertyValueSpecification","valueRequired":true,"valueName":"search_term_string"}}],"inLanguage":"fi"}]}},"lang":"fi","translations":{"fi":77},"pll_sync_post":[],"_links":{"self":[{"href":"https:\/\/rotary.fi\/hamina\/wp-json\/wp\/v2\/pages\/77","targetHints":{"allow":["GET"]}}],"collection":[{"href":"https:\/\/rotary.fi\/hamina\/wp-json\/wp\/v2\/pages"}],"about":[{"href":"https:\/\/rotary.fi\/hamina\/wp-json\/wp\/v2\/types\/page"}],"author":[{"embeddable":true,"href":"https:\/\/rotary.fi\/hamina\/wp-json\/wp\/v2\/users\/1"}],"replies":[{"embeddable":true,"href":"https:\/\/rotary.fi\/hamina\/wp-json\/wp\/v2\/comments?post=77"}],"version-history":[{"count":10,"href":"https:\/\/rotary.fi\/hamina\/wp-json\/wp\/v2\/pages\/77\/revisions"}],"predecessor-version":[{"id":1632,"href":"https:\/\/rotary.fi\/hamina\/wp-json\/wp\/v2\/pages\/77\/revisions\/1632"}],"wp:attachment":[{"href":"https:\/\/rotary.fi\/hamina\/wp-json\/wp\/v2\/media?parent=77"}],"curies":[{"name":"wp","href":"https:\/\/api.w.org\/{rel}","templated":true}]}}