{"id":154,"date":"2018-08-13T09:35:27","date_gmt":"2018-08-13T06:35:27","guid":{"rendered":"https:\/\/rotary.fi\/hamina\/?page_id=154"},"modified":"2025-08-01T10:51:40","modified_gmt":"2025-08-01T07:51:40","slug":"nuorisovaihto","status":"publish","type":"page","link":"https:\/\/rotary.fi\/hamina\/mita-teemme\/nuorisovaihto\/","title":{"rendered":"Nuorisovaihto"},"content":{"rendered":"<p>[et_pb_section fb_built=&#8221;1&#8243; module_class=&#8221;jumbotron-page&#8221; _builder_version=&#8221;4.20.4&#8243; background_image=&#8221;https:\/\/rotary.fi\/hamina\/wp-content\/uploads\/sites\/240\/2023\/04\/img-0171.jpg&#8221; min_height=&#8221;480.1px&#8221; global_colors_info=&#8221;{}&#8221;][et_pb_row _builder_version=&#8221;4.16&#8243; background_size=&#8221;initial&#8221; background_position=&#8221;top_left&#8221; background_repeat=&#8221;repeat&#8221; global_colors_info=&#8221;{}&#8221;][et_pb_column type=&#8221;4_4&#8243; _builder_version=&#8221;4.16&#8243; custom_padding=&#8221;|||&#8221; global_colors_info=&#8221;{}&#8221; custom_padding__hover=&#8221;|||&#8221;][et_pb_text admin_label=&#8221;P\u00e4\u00e4otsikko&#8221; _builder_version=&#8221;4.16&#8243; text_orientation=&#8221;center&#8221; background_layout=&#8221;dark&#8221; global_colors_info=&#8221;{}&#8221;]<\/p>\n<h1>Nuorisovaihto ja is\u00e4nt\u00e4perheet<\/h1>\n<p>[\/et_pb_text][\/et_pb_column][\/et_pb_row][\/et_pb_section][et_pb_section fb_built=&#8221;1&#8243; specialty=&#8221;on&#8221; module_class_2=&#8221;sivupalkki&#8221; _builder_version=&#8221;4.16&#8243; global_colors_info=&#8221;{}&#8221;][et_pb_column type=&#8221;2_3&#8243; specialty_columns=&#8221;2&#8243; _builder_version=&#8221;4.16&#8243; custom_padding=&#8221;|||&#8221; global_colors_info=&#8221;{}&#8221; parallax__hover=&#8221;off&#8221; parallax_method__hover=&#8221;on&#8221; custom_padding__hover=&#8221;|||&#8221;][et_pb_row_inner admin_label=&#8221;Rivi&#8221; _builder_version=&#8221;4.16&#8243; global_colors_info=&#8221;{}&#8221;][et_pb_column_inner saved_specialty_column_type=&#8221;2_3&#8243; _builder_version=&#8221;4.16&#8243; custom_padding=&#8221;|||&#8221; global_colors_info=&#8221;{}&#8221; parallax__hover=&#8221;off&#8221; parallax_method__hover=&#8221;on&#8221; custom_padding__hover=&#8221;|||&#8221;][et_pb_text admin_label=&#8221;Nuorisovaihto &#8211; Otsikko&#8221; _builder_version=&#8221;4.16&#8243; text_orientation=&#8221;center&#8221; global_colors_info=&#8221;{}&#8221;]<\/p>\n<h1>Nuorisovaihto<\/h1>\n<p>[\/et_pb_text][\/et_pb_column_inner][\/et_pb_row_inner][et_pb_row_inner admin_label=&#8221;Rivi&#8221; _builder_version=&#8221;4.16&#8243; global_colors_info=&#8221;{}&#8221;][et_pb_column_inner saved_specialty_column_type=&#8221;2_3&#8243; _builder_version=&#8221;4.16&#8243; custom_padding=&#8221;|||&#8221; global_colors_info=&#8221;{}&#8221; parallax__hover=&#8221;off&#8221; parallax_method__hover=&#8221;on&#8221; custom_padding__hover=&#8221;|||&#8221;][et_pb_text _builder_version=&#8221;4.16&#8243; min_height=&#8221;725px&#8221; custom_margin=&#8221;-3px|||||&#8221; custom_padding=&#8221;6px|||||&#8221; global_colors_info=&#8221;{}&#8221;]<\/p>\n<p class=\"p1\"><span class=\"s1\"><span>Nuorisovaihto on rotareiden tunnetuimpia ohjelmia. Vuosittain yli 8 000 oppilasta maailmanlaajuisesti tutustuu rotareiden kautta erilaiseen kulttuuriin joko muutaman viikon leirill\u00e4 tai viett\u00e4m\u00e4ll\u00e4 kokonaisen kouluvuoden ulkomailla. Vaihtoon voivat hakeutua kaikki sopivan ik\u00e4iset nuoret, my\u00f6s rotareiden lapset.<\/span><\/span><\/p>\n<p>Hakijoilta edellytet\u00e4\u00e4n joustavuutta ja riitt\u00e4v\u00e4\u00e4 itsen\u00e4isyytt\u00e4. T\u00e4rke\u00e4\u00e4 on, ett\u00e4 nuori itse on oman l\u00e4ht\u00f6p\u00e4\u00e4t\u00f6ksens\u00e4 takana.<\/p>\n<p>Rotaryn sertifioitu nuorisovaihto on turvallinen ja edullinen tapa tutustua toisen maan kulttuuriin, tapoihin ja ihmisiin. Vaihtoon l\u00e4htev\u00e4 nuori ja h\u00e4nen perheens\u00e4 osallistuvat perehdytykseen ja koulutukseen, samoin kuin Suomeen saapuva nuori perheineen kouluttautuu kotimaassaan. Is\u00e4nt\u00e4perheet tai rotaryklubit eiv\u00e4t saa korvausta nuoren majoittamisesta, toiminta perustuu vapaaehtoiseen palvelutoimintaan. Nuori asuu is\u00e4nt\u00e4perheess\u00e4\u00e4n perheenj\u00e4senen\u00e4. Nuorisovaihdon kautta syntyy usein pitk\u00e4lle tulevaisuuteen kantavia yst\u00e4vyyssuhteita nuoren ja h\u00e4nen is\u00e4nt\u00e4perheidens\u00e4 sek\u00e4 nuoren oman perheen ja is\u00e4nt\u00e4perheiden v\u00e4lille.<\/p>\n<p>Nuorisovaihto ohjaa nuoria vastuuntuntoiseen kansainv\u00e4lisyyteen ja luo edellytyksi\u00e4 yhteisty\u00f6kykyisen ja turvallisen maailman rakentamiselle. Tavoitteena on opettaa erilaisuuden ymm\u00e4rt\u00e4mist\u00e4 ja suvaitsevaisuutta sek\u00e4 kulttuurien moninaisuuden arvostamista.<\/p>\n<p>Rotaryn <span class=\"s1\">kautta voit p\u00e4\u00e4st\u00e4 vuosivaihtoon, kes\u00e4vaihtoon tai leirivaihtoon. N\u00e4ist\u00e4 eri vaihtomuodoista voit<span class=\"Apple-converted-space\">\u00a0 <\/span>lukea lis\u00e4\u00e4 Suomen Rotaryn <\/span><a href=\"https:\/\/rye.fi\/\" target=\"_blank\" rel=\"noopener\"><span class=\"s2\">nuorisovaihdon<\/span><\/a><span class=\"s1\"> sivuilta.<\/span><span class=\"s3\">\u00a0<\/span><span class=\"s1\">Hakuaika seuraavan vuoden vaihtoihin on hakuvuotta edelt\u00e4v\u00e4n\u00e4 syksyn\u00e4.\u00a0<\/span><\/p>\n<p class=\"p2\"><strong><span class=\"s4\">\u00a0<\/span><\/strong><\/p>\n<p>[\/et_pb_text][et_pb_text admin_label=&#8221;Kiinnostuitko nuorisovaihdosta? &#8211; Otsikko&#8221; _builder_version=&#8221;4.16&#8243; text_orientation=&#8221;center&#8221; custom_padding=&#8221;0px|||||&#8221; global_colors_info=&#8221;{}&#8221;]<\/p>\n<h4>Is\u00e4nt\u00e4perheeksi?<\/h4>\n<p>[\/et_pb_text][\/et_pb_column_inner][\/et_pb_row_inner][et_pb_row_inner admin_label=&#8221;Rivi&#8221; _builder_version=&#8221;4.16&#8243; global_colors_info=&#8221;{}&#8221;][et_pb_column_inner saved_specialty_column_type=&#8221;2_3&#8243; _builder_version=&#8221;4.16&#8243; custom_padding=&#8221;|||&#8221; global_colors_info=&#8221;{}&#8221; parallax__hover=&#8221;off&#8221; parallax_method__hover=&#8221;on&#8221; custom_padding__hover=&#8221;|||&#8221;][et_pb_text _builder_version=&#8221;4.16&#8243; min_height=&#8221;725px&#8221; custom_margin=&#8221;-3px|||||&#8221; custom_padding=&#8221;6px|||||&#8221; global_colors_info=&#8221;{}&#8221;]<\/p>\n<p class=\"p1\">Olisiko teid\u00e4n perheenne kiinnostunut tarjoamaan kodin muutamaksi kuukaudeksi ulkomaiselle lukioik\u00e4iselle nuorelle ja siten osallistumaan Rotaryn kansainv\u00e4liseen nuorisovaihto-ohjelmaan? Ohjeita l\u00f6ytyy nuorisovaihdon sivuilta <a href=\"https:\/\/rye.fi\/isantaperheeksi\/miten-paasee-isantaperheeksi\/\">www.rye.fi<\/a>.<\/p>\n<p>&nbsp;<\/p>\n<p>[\/et_pb_text][et_pb_text admin_label=&#8221;Kiinnostuitko nuorisovaihdosta? &#8211; Otsikko&#8221; _builder_version=&#8221;4.16&#8243; text_orientation=&#8221;center&#8221; global_colors_info=&#8221;{}&#8221;]<\/p>\n<h4>Is\u00e4nt\u00e4perheeksi?<\/h4>\n<p>[\/et_pb_text][\/et_pb_column_inner][\/et_pb_row_inner][et_pb_row_inner _builder_version=&#8221;4.20.4&#8243; _module_preset=&#8221;default&#8221; global_colors_info=&#8221;{}&#8221;][et_pb_column_inner saved_specialty_column_type=&#8221;2_3&#8243; _builder_version=&#8221;4.20.4&#8243; _module_preset=&#8221;default&#8221; global_colors_info=&#8221;{}&#8221;][\/et_pb_column_inner][\/et_pb_row_inner][\/et_pb_column][et_pb_column type=&#8221;1_3&#8243; module_class=&#8221;sivupalkki&#8221; _builder_version=&#8221;4.16&#8243; custom_padding=&#8221;|||&#8221; global_colors_info=&#8221;{}&#8221; parallax__hover=&#8221;off&#8221; parallax_method__hover=&#8221;on&#8221; module_class__hover=&#8221;sivupalkki&#8221; custom_padding__hover=&#8221;|||&#8221;][et_pb_sidebar area=&#8221;sidebar-1&#8243; module_class=&#8221;sivupalkki_sisalto&#8221; _builder_version=&#8221;4.16&#8243; locked=&#8221;on&#8221; global_colors_info=&#8221;{}&#8221;][\/et_pb_sidebar][\/et_pb_column][\/et_pb_section]<\/p>\n","protected":false},"excerpt":{"rendered":"<p>Nuorisovaihto ja is\u00e4nt\u00e4perheetNuorisovaihto Nuorisovaihto on rotareiden tunnetuimpia ohjelmia. Vuosittain yli 8 000 oppilasta maailmanlaajuisesti tutustuu rotareiden kautta erilaiseen kulttuuriin joko muutaman viikon leirill\u00e4 tai viett\u00e4m\u00e4ll\u00e4 kokonaisen kouluvuoden ulkomailla. Vaihtoon voivat hakeutua kaikki sopivan ik\u00e4iset nuoret, my\u00f6s rotareiden lapset. Hakijoilta edellytet\u00e4\u00e4n joustavuutta ja riitt\u00e4v\u00e4\u00e4 itsen\u00e4isyytt\u00e4. T\u00e4rke\u00e4\u00e4 on, ett\u00e4 nuori itse on oman l\u00e4ht\u00f6p\u00e4\u00e4t\u00f6ksens\u00e4 takana. Rotaryn sertifioitu [&hellip;]<\/p>\n","protected":false},"author":1,"featured_media":0,"parent":77,"menu_order":0,"comment_status":"closed","ping_status":"closed","template":"","meta":{"_acf_changed":false,"_et_pb_use_builder":"on","_et_pb_old_content":"","_et_gb_content_width":"","footnotes":""},"class_list":["post-154","page","type-page","status-publish","hentry"],"acf":[],"yoast_head":"<!-- This site is optimized with the Yoast SEO plugin v27.4 - https:\/\/yoast.com\/product\/yoast-seo-wordpress\/ -->\n<title>Nuorisovaihto - Haminan Rotaryklubi<\/title>\n<meta name=\"robots\" content=\"index, follow, max-snippet:-1, max-image-preview:large, max-video-preview:-1\" \/>\n<link rel=\"canonical\" href=\"https:\/\/rotary.fi\/hamina\/mita-teemme\/nuorisovaihto\/\" \/>\n<meta property=\"og:locale\" content=\"fi_FI\" \/>\n<meta property=\"og:type\" content=\"article\" \/>\n<meta property=\"og:title\" content=\"Nuorisovaihto - Haminan Rotaryklubi\" \/>\n<meta property=\"og:description\" content=\"Nuorisovaihto ja is\u00e4nt\u00e4perheetNuorisovaihto Nuorisovaihto on rotareiden tunnetuimpia ohjelmia. Vuosittain yli 8 000 oppilasta maailmanlaajuisesti tutustuu rotareiden kautta erilaiseen kulttuuriin joko muutaman viikon leirill\u00e4 tai viett\u00e4m\u00e4ll\u00e4 kokonaisen kouluvuoden ulkomailla. Vaihtoon voivat hakeutua kaikki sopivan ik\u00e4iset nuoret, my\u00f6s rotareiden lapset. Hakijoilta edellytet\u00e4\u00e4n joustavuutta ja riitt\u00e4v\u00e4\u00e4 itsen\u00e4isyytt\u00e4. T\u00e4rke\u00e4\u00e4 on, ett\u00e4 nuori itse on oman l\u00e4ht\u00f6p\u00e4\u00e4t\u00f6ksens\u00e4 takana. Rotaryn sertifioitu [&hellip;]\" \/>\n<meta property=\"og:url\" content=\"https:\/\/rotary.fi\/hamina\/mita-teemme\/nuorisovaihto\/\" \/>\n<meta property=\"og:site_name\" content=\"Haminan Rotaryklubi\" \/>\n<meta property=\"article:modified_time\" content=\"2025-08-01T07:51:40+00:00\" \/>\n<meta name=\"twitter:card\" content=\"summary_large_image\" \/>\n<meta name=\"twitter:label1\" content=\"Arvioitu lukuaika\" \/>\n\t<meta name=\"twitter:data1\" content=\"4 minuuttia\" \/>\n<script type=\"application\/ld+json\" class=\"yoast-schema-graph\">{\"@context\":\"https:\\\/\\\/schema.org\",\"@graph\":[{\"@type\":\"WebPage\",\"@id\":\"https:\\\/\\\/rotary.fi\\\/hamina\\\/mita-teemme\\\/nuorisovaihto\\\/\",\"url\":\"https:\\\/\\\/rotary.fi\\\/hamina\\\/mita-teemme\\\/nuorisovaihto\\\/\",\"name\":\"Nuorisovaihto - Haminan Rotaryklubi\",\"isPartOf\":{\"@id\":\"https:\\\/\\\/rotary.fi\\\/hamina\\\/#website\"},\"datePublished\":\"2018-08-13T06:35:27+00:00\",\"dateModified\":\"2025-08-01T07:51:40+00:00\",\"breadcrumb\":{\"@id\":\"https:\\\/\\\/rotary.fi\\\/hamina\\\/mita-teemme\\\/nuorisovaihto\\\/#breadcrumb\"},\"inLanguage\":\"fi\",\"potentialAction\":[{\"@type\":\"ReadAction\",\"target\":[\"https:\\\/\\\/rotary.fi\\\/hamina\\\/mita-teemme\\\/nuorisovaihto\\\/\"]}]},{\"@type\":\"BreadcrumbList\",\"@id\":\"https:\\\/\\\/rotary.fi\\\/hamina\\\/mita-teemme\\\/nuorisovaihto\\\/#breadcrumb\",\"itemListElement\":[{\"@type\":\"ListItem\",\"position\":1,\"name\":\"Home\",\"item\":\"https:\\\/\\\/rotary.fi\\\/hamina\\\/\"},{\"@type\":\"ListItem\",\"position\":2,\"name\":\"Mit\u00e4 teemme\",\"item\":\"https:\\\/\\\/rotary.fi\\\/hamina\\\/mita-teemme\\\/\"},{\"@type\":\"ListItem\",\"position\":3,\"name\":\"Nuorisovaihto\"}]},{\"@type\":\"WebSite\",\"@id\":\"https:\\\/\\\/rotary.fi\\\/hamina\\\/#website\",\"url\":\"https:\\\/\\\/rotary.fi\\\/hamina\\\/\",\"name\":\"Haminan Rotaryklubi\",\"description\":\"Uusi Rotary klubisivusto\",\"potentialAction\":[{\"@type\":\"SearchAction\",\"target\":{\"@type\":\"EntryPoint\",\"urlTemplate\":\"https:\\\/\\\/rotary.fi\\\/hamina\\\/?s={search_term_string}\"},\"query-input\":{\"@type\":\"PropertyValueSpecification\",\"valueRequired\":true,\"valueName\":\"search_term_string\"}}],\"inLanguage\":\"fi\"}]}<\/script>\n<!-- \/ Yoast SEO plugin. -->","yoast_head_json":{"title":"Nuorisovaihto - Haminan Rotaryklubi","robots":{"index":"index","follow":"follow","max-snippet":"max-snippet:-1","max-image-preview":"max-image-preview:large","max-video-preview":"max-video-preview:-1"},"canonical":"https:\/\/rotary.fi\/hamina\/mita-teemme\/nuorisovaihto\/","og_locale":"fi_FI","og_type":"article","og_title":"Nuorisovaihto - Haminan Rotaryklubi","og_description":"Nuorisovaihto ja is\u00e4nt\u00e4perheetNuorisovaihto Nuorisovaihto on rotareiden tunnetuimpia ohjelmia. Vuosittain yli 8 000 oppilasta maailmanlaajuisesti tutustuu rotareiden kautta erilaiseen kulttuuriin joko muutaman viikon leirill\u00e4 tai viett\u00e4m\u00e4ll\u00e4 kokonaisen kouluvuoden ulkomailla. Vaihtoon voivat hakeutua kaikki sopivan ik\u00e4iset nuoret, my\u00f6s rotareiden lapset. Hakijoilta edellytet\u00e4\u00e4n joustavuutta ja riitt\u00e4v\u00e4\u00e4 itsen\u00e4isyytt\u00e4. T\u00e4rke\u00e4\u00e4 on, ett\u00e4 nuori itse on oman l\u00e4ht\u00f6p\u00e4\u00e4t\u00f6ksens\u00e4 takana. Rotaryn sertifioitu [&hellip;]","og_url":"https:\/\/rotary.fi\/hamina\/mita-teemme\/nuorisovaihto\/","og_site_name":"Haminan Rotaryklubi","article_modified_time":"2025-08-01T07:51:40+00:00","twitter_card":"summary_large_image","twitter_misc":{"Arvioitu lukuaika":"4 minuuttia"},"schema":{"@context":"https:\/\/schema.org","@graph":[{"@type":"WebPage","@id":"https:\/\/rotary.fi\/hamina\/mita-teemme\/nuorisovaihto\/","url":"https:\/\/rotary.fi\/hamina\/mita-teemme\/nuorisovaihto\/","name":"Nuorisovaihto - Haminan Rotaryklubi","isPartOf":{"@id":"https:\/\/rotary.fi\/hamina\/#website"},"datePublished":"2018-08-13T06:35:27+00:00","dateModified":"2025-08-01T07:51:40+00:00","breadcrumb":{"@id":"https:\/\/rotary.fi\/hamina\/mita-teemme\/nuorisovaihto\/#breadcrumb"},"inLanguage":"fi","potentialAction":[{"@type":"ReadAction","target":["https:\/\/rotary.fi\/hamina\/mita-teemme\/nuorisovaihto\/"]}]},{"@type":"BreadcrumbList","@id":"https:\/\/rotary.fi\/hamina\/mita-teemme\/nuorisovaihto\/#breadcrumb","itemListElement":[{"@type":"ListItem","position":1,"name":"Home","item":"https:\/\/rotary.fi\/hamina\/"},{"@type":"ListItem","position":2,"name":"Mit\u00e4 teemme","item":"https:\/\/rotary.fi\/hamina\/mita-teemme\/"},{"@type":"ListItem","position":3,"name":"Nuorisovaihto"}]},{"@type":"WebSite","@id":"https:\/\/rotary.fi\/hamina\/#website","url":"https:\/\/rotary.fi\/hamina\/","name":"Haminan Rotaryklubi","description":"Uusi Rotary klubisivusto","potentialAction":[{"@type":"SearchAction","target":{"@type":"EntryPoint","urlTemplate":"https:\/\/rotary.fi\/hamina\/?s={search_term_string}"},"query-input":{"@type":"PropertyValueSpecification","valueRequired":true,"valueName":"search_term_string"}}],"inLanguage":"fi"}]}},"lang":"fi","translations":{"fi":154},"pll_sync_post":[],"_links":{"self":[{"href":"https:\/\/rotary.fi\/hamina\/wp-json\/wp\/v2\/pages\/154","targetHints":{"allow":["GET"]}}],"collection":[{"href":"https:\/\/rotary.fi\/hamina\/wp-json\/wp\/v2\/pages"}],"about":[{"href":"https:\/\/rotary.fi\/hamina\/wp-json\/wp\/v2\/types\/page"}],"author":[{"embeddable":true,"href":"https:\/\/rotary.fi\/hamina\/wp-json\/wp\/v2\/users\/1"}],"replies":[{"embeddable":true,"href":"https:\/\/rotary.fi\/hamina\/wp-json\/wp\/v2\/comments?post=154"}],"version-history":[{"count":9,"href":"https:\/\/rotary.fi\/hamina\/wp-json\/wp\/v2\/pages\/154\/revisions"}],"predecessor-version":[{"id":2058,"href":"https:\/\/rotary.fi\/hamina\/wp-json\/wp\/v2\/pages\/154\/revisions\/2058"}],"up":[{"embeddable":true,"href":"https:\/\/rotary.fi\/hamina\/wp-json\/wp\/v2\/pages\/77"}],"wp:attachment":[{"href":"https:\/\/rotary.fi\/hamina\/wp-json\/wp\/v2\/media?parent=154"}],"curies":[{"name":"wp","href":"https:\/\/api.w.org\/{rel}","templated":true}]}}