{"id":15,"date":"2018-08-08T14:36:36","date_gmt":"2018-08-08T11:36:36","guid":{"rendered":"https:\/\/rotary.fi\/klubi2\/?page_id=15"},"modified":"2025-08-01T10:49:36","modified_gmt":"2025-08-01T07:49:36","slug":"etusivu","status":"publish","type":"page","link":"https:\/\/rotary.fi\/hamina\/","title":{"rendered":"T\u00e4m\u00e4 on Haminan Rotaryklubin etusivu"},"content":{"rendered":"<p>[et_pb_section admin_label=&#8221;section&#8221;]<br \/>\n\t\t\t[et_pb_row admin_label=&#8221;row&#8221;]<br \/>\n\t\t\t\t[et_pb_column type=&#8221;4_4&#8243;][et_pb_text admin_label=&#8221;Text&#8221;]Tervetuloa selaamaan !<\/p>\n<p><img loading=\"lazy\" decoding=\"async\" class=\"alignnone size-medium wp-image-1981\" src=\"https:\/\/rotary.fi\/hamina\/wp-content\/uploads\/sites\/240\/2024\/12\/rotary-hamina-140x300.jpg\" alt=\"\" width=\"140\" height=\"300\" \/>\u00a0 <img loading=\"lazy\" decoding=\"async\" class=\"alignnone size-medium wp-image-1825\" src=\"https:\/\/rotary.fi\/hamina\/wp-content\/uploads\/sites\/240\/2024\/07\/uusi-lippu-300x232.jpg\" alt=\"\" width=\"300\" height=\"232\" \/><\/p>\n<p>Talkoita ja paikallista hyv\u00e4ntekev\u00e4isyytt\u00e4<\/p>\n<p><img loading=\"lazy\" decoding=\"async\" class=\"alignnone size-medium wp-image-1916\" src=\"https:\/\/rotary.fi\/hamina\/wp-content\/uploads\/sites\/240\/2024\/11\/men-at-work-300x225.jpg\" alt=\"\" width=\"300\" height=\"225\" \/> <img loading=\"lazy\" decoding=\"async\" class=\"alignnone size-medium wp-image-1901\" src=\"https:\/\/rotary.fi\/hamina\/wp-content\/uploads\/sites\/240\/2024\/09\/talkoomiehia-300x225.jpg\" alt=\"\" width=\"300\" height=\"225\" \/><\/p>\n<p><img loading=\"lazy\" decoding=\"async\" class=\"alignnone size-medium wp-image-1983\" src=\"https:\/\/rotary.fi\/hamina\/wp-content\/uploads\/sites\/240\/2024\/12\/puusavotta-300x225.jpg\" alt=\"\" width=\"300\" height=\"225\" \/> <img loading=\"lazy\" decoding=\"async\" class=\"alignnone size-medium wp-image-1742\" src=\"https:\/\/rotary.fi\/hamina\/wp-content\/uploads\/sites\/240\/2023\/05\/3-300x225.jpg\" alt=\"\" width=\"300\" height=\"225\" \/>[\/et_pb_text][\/et_pb_column]<br \/>\n\t\t\t[\/et_pb_row]<br \/>\n\t\t[\/et_pb_section]<\/p>\n","protected":false},"excerpt":{"rendered":"<p>Tervetuloa selaamaan ! \u00a0 Talkoita ja paikallista hyv\u00e4ntekev\u00e4isyytt\u00e4<\/p>\n","protected":false},"author":1,"featured_media":0,"parent":0,"menu_order":0,"comment_status":"closed","ping_status":"closed","template":"","meta":{"_acf_changed":false,"_et_pb_use_builder":"on","_et_pb_old_content":"Tervetuloa selaamaan !\r\n\r\n<img class=\"alignnone size-medium wp-image-1981\" src=\"https:\/\/rotary.fi\/hamina\/wp-content\/uploads\/sites\/240\/2024\/12\/rotary-hamina-140x300.jpg\" alt=\"\" width=\"140\" height=\"300\" \/>\u00a0 <img class=\"alignnone size-medium wp-image-1825\" src=\"https:\/\/rotary.fi\/hamina\/wp-content\/uploads\/sites\/240\/2024\/07\/uusi-lippu-300x232.jpg\" alt=\"\" width=\"300\" height=\"232\" \/>\r\n\r\nTalkoita ja paikallista hyv\u00e4ntekev\u00e4isyytt\u00e4\r\n\r\n<img class=\"alignnone size-medium wp-image-1916\" src=\"https:\/\/rotary.fi\/hamina\/wp-content\/uploads\/sites\/240\/2024\/11\/men-at-work-300x225.jpg\" alt=\"\" width=\"300\" height=\"225\" \/> <img class=\"alignnone size-medium wp-image-1901\" src=\"https:\/\/rotary.fi\/hamina\/wp-content\/uploads\/sites\/240\/2024\/09\/talkoomiehia-300x225.jpg\" alt=\"\" width=\"300\" height=\"225\" \/>\r\n\r\n<img class=\"alignnone size-medium wp-image-1983\" src=\"https:\/\/rotary.fi\/hamina\/wp-content\/uploads\/sites\/240\/2024\/12\/puusavotta-300x225.jpg\" alt=\"\" width=\"300\" height=\"225\" \/> <img class=\"alignnone size-medium wp-image-1742\" src=\"https:\/\/rotary.fi\/hamina\/wp-content\/uploads\/sites\/240\/2023\/05\/3-300x225.jpg\" alt=\"\" width=\"300\" height=\"225\" \/>","_et_gb_content_width":"","footnotes":""},"class_list":["post-15","page","type-page","status-publish","hentry"],"acf":[],"yoast_head":"<!-- This site is optimized with the Yoast SEO plugin v27.0 - https:\/\/yoast.com\/product\/yoast-seo-wordpress\/ -->\n<title>T\u00e4m\u00e4 on Haminan Rotaryklubin etusivu - Haminan Rotaryklubi<\/title>\n<meta name=\"robots\" content=\"index, follow, max-snippet:-1, max-image-preview:large, max-video-preview:-1\" \/>\n<link rel=\"canonical\" href=\"https:\/\/rotary.fi\/hamina\/\" \/>\n<meta property=\"og:locale\" content=\"fi_FI\" \/>\n<meta property=\"og:type\" content=\"article\" \/>\n<meta property=\"og:title\" content=\"T\u00e4m\u00e4 on Haminan Rotaryklubin etusivu - Haminan Rotaryklubi\" \/>\n<meta property=\"og:description\" content=\"Tervetuloa selaamaan ! \u00a0 Talkoita ja paikallista hyv\u00e4ntekev\u00e4isyytt\u00e4\" \/>\n<meta property=\"og:url\" content=\"https:\/\/rotary.fi\/hamina\/\" \/>\n<meta property=\"og:site_name\" content=\"Haminan Rotaryklubi\" \/>\n<meta property=\"article:modified_time\" content=\"2025-08-01T07:49:36+00:00\" \/>\n<meta property=\"og:image\" content=\"https:\/\/rotary.fi\/hamina\/wp-content\/uploads\/sites\/240\/2024\/12\/rotary-hamina.jpg\" \/>\n\t<meta property=\"og:image:width\" content=\"957\" \/>\n\t<meta property=\"og:image:height\" content=\"2048\" \/>\n\t<meta property=\"og:image:type\" content=\"image\/jpeg\" \/>\n<meta name=\"twitter:card\" content=\"summary_large_image\" \/>\n<meta name=\"twitter:label1\" content=\"Arvioitu lukuaika\" \/>\n\t<meta name=\"twitter:data1\" content=\"2 minuuttia\" \/>\n<script type=\"application\/ld+json\" class=\"yoast-schema-graph\">{\"@context\":\"https:\/\/schema.org\",\"@graph\":[{\"@type\":\"WebPage\",\"@id\":\"https:\/\/rotary.fi\/hamina\/\",\"url\":\"https:\/\/rotary.fi\/hamina\/\",\"name\":\"T\u00e4m\u00e4 on Haminan Rotaryklubin etusivu - Haminan Rotaryklubi\",\"isPartOf\":{\"@id\":\"https:\/\/rotary.fi\/hamina\/#website\"},\"primaryImageOfPage\":{\"@id\":\"https:\/\/rotary.fi\/hamina\/#primaryimage\"},\"image\":{\"@id\":\"https:\/\/rotary.fi\/hamina\/#primaryimage\"},\"thumbnailUrl\":\"https:\/\/rotary.fi\/hamina\/wp-content\/uploads\/sites\/240\/2024\/12\/rotary-hamina-140x300.jpg\",\"datePublished\":\"2018-08-08T11:36:36+00:00\",\"dateModified\":\"2025-08-01T07:49:36+00:00\",\"breadcrumb\":{\"@id\":\"https:\/\/rotary.fi\/hamina\/#breadcrumb\"},\"inLanguage\":\"fi\",\"potentialAction\":[{\"@type\":\"ReadAction\",\"target\":[\"https:\/\/rotary.fi\/hamina\/\"]}]},{\"@type\":\"ImageObject\",\"inLanguage\":\"fi\",\"@id\":\"https:\/\/rotary.fi\/hamina\/#primaryimage\",\"url\":\"https:\/\/rotary.fi\/hamina\/wp-content\/uploads\/sites\/240\/2024\/12\/rotary-hamina.jpg\",\"contentUrl\":\"https:\/\/rotary.fi\/hamina\/wp-content\/uploads\/sites\/240\/2024\/12\/rotary-hamina.jpg\",\"width\":957,\"height\":2048},{\"@type\":\"BreadcrumbList\",\"@id\":\"https:\/\/rotary.fi\/hamina\/#breadcrumb\",\"itemListElement\":[{\"@type\":\"ListItem\",\"position\":1,\"name\":\"Home\",\"item\":\"https:\/\/rotary.fi\/hamina\/\"},{\"@type\":\"ListItem\",\"position\":2,\"name\":\"T\u00e4m\u00e4 on Haminan Rotaryklubin etusivu\"}]},{\"@type\":\"WebSite\",\"@id\":\"https:\/\/rotary.fi\/hamina\/#website\",\"url\":\"https:\/\/rotary.fi\/hamina\/\",\"name\":\"Haminan Rotaryklubi\",\"description\":\"Uusi Rotary klubisivusto\",\"potentialAction\":[{\"@type\":\"SearchAction\",\"target\":{\"@type\":\"EntryPoint\",\"urlTemplate\":\"https:\/\/rotary.fi\/hamina\/?s={search_term_string}\"},\"query-input\":{\"@type\":\"PropertyValueSpecification\",\"valueRequired\":true,\"valueName\":\"search_term_string\"}}],\"inLanguage\":\"fi\"}]}<\/script>\n<!-- \/ Yoast SEO plugin. -->","yoast_head_json":{"title":"T\u00e4m\u00e4 on Haminan Rotaryklubin etusivu - Haminan Rotaryklubi","robots":{"index":"index","follow":"follow","max-snippet":"max-snippet:-1","max-image-preview":"max-image-preview:large","max-video-preview":"max-video-preview:-1"},"canonical":"https:\/\/rotary.fi\/hamina\/","og_locale":"fi_FI","og_type":"article","og_title":"T\u00e4m\u00e4 on Haminan Rotaryklubin etusivu - Haminan Rotaryklubi","og_description":"Tervetuloa selaamaan ! \u00a0 Talkoita ja paikallista hyv\u00e4ntekev\u00e4isyytt\u00e4","og_url":"https:\/\/rotary.fi\/hamina\/","og_site_name":"Haminan Rotaryklubi","article_modified_time":"2025-08-01T07:49:36+00:00","og_image":[{"width":957,"height":2048,"url":"https:\/\/rotary.fi\/hamina\/wp-content\/uploads\/sites\/240\/2024\/12\/rotary-hamina.jpg","type":"image\/jpeg"}],"twitter_card":"summary_large_image","twitter_misc":{"Arvioitu lukuaika":"2 minuuttia"},"schema":{"@context":"https:\/\/schema.org","@graph":[{"@type":"WebPage","@id":"https:\/\/rotary.fi\/hamina\/","url":"https:\/\/rotary.fi\/hamina\/","name":"T\u00e4m\u00e4 on Haminan Rotaryklubin etusivu - Haminan Rotaryklubi","isPartOf":{"@id":"https:\/\/rotary.fi\/hamina\/#website"},"primaryImageOfPage":{"@id":"https:\/\/rotary.fi\/hamina\/#primaryimage"},"image":{"@id":"https:\/\/rotary.fi\/hamina\/#primaryimage"},"thumbnailUrl":"https:\/\/rotary.fi\/hamina\/wp-content\/uploads\/sites\/240\/2024\/12\/rotary-hamina-140x300.jpg","datePublished":"2018-08-08T11:36:36+00:00","dateModified":"2025-08-01T07:49:36+00:00","breadcrumb":{"@id":"https:\/\/rotary.fi\/hamina\/#breadcrumb"},"inLanguage":"fi","potentialAction":[{"@type":"ReadAction","target":["https:\/\/rotary.fi\/hamina\/"]}]},{"@type":"ImageObject","inLanguage":"fi","@id":"https:\/\/rotary.fi\/hamina\/#primaryimage","url":"https:\/\/rotary.fi\/hamina\/wp-content\/uploads\/sites\/240\/2024\/12\/rotary-hamina.jpg","contentUrl":"https:\/\/rotary.fi\/hamina\/wp-content\/uploads\/sites\/240\/2024\/12\/rotary-hamina.jpg","width":957,"height":2048},{"@type":"BreadcrumbList","@id":"https:\/\/rotary.fi\/hamina\/#breadcrumb","itemListElement":[{"@type":"ListItem","position":1,"name":"Home","item":"https:\/\/rotary.fi\/hamina\/"},{"@type":"ListItem","position":2,"name":"T\u00e4m\u00e4 on Haminan Rotaryklubin etusivu"}]},{"@type":"WebSite","@id":"https:\/\/rotary.fi\/hamina\/#website","url":"https:\/\/rotary.fi\/hamina\/","name":"Haminan Rotaryklubi","description":"Uusi Rotary klubisivusto","potentialAction":[{"@type":"SearchAction","target":{"@type":"EntryPoint","urlTemplate":"https:\/\/rotary.fi\/hamina\/?s={search_term_string}"},"query-input":{"@type":"PropertyValueSpecification","valueRequired":true,"valueName":"search_term_string"}}],"inLanguage":"fi"}]}},"lang":"fi","translations":{"fi":15},"pll_sync_post":[],"_links":{"self":[{"href":"https:\/\/rotary.fi\/hamina\/wp-json\/wp\/v2\/pages\/15","targetHints":{"allow":["GET"]}}],"collection":[{"href":"https:\/\/rotary.fi\/hamina\/wp-json\/wp\/v2\/pages"}],"about":[{"href":"https:\/\/rotary.fi\/hamina\/wp-json\/wp\/v2\/types\/page"}],"author":[{"embeddable":true,"href":"https:\/\/rotary.fi\/hamina\/wp-json\/wp\/v2\/users\/1"}],"replies":[{"embeddable":true,"href":"https:\/\/rotary.fi\/hamina\/wp-json\/wp\/v2\/comments?post=15"}],"version-history":[{"count":11,"href":"https:\/\/rotary.fi\/hamina\/wp-json\/wp\/v2\/pages\/15\/revisions"}],"predecessor-version":[{"id":2056,"href":"https:\/\/rotary.fi\/hamina\/wp-json\/wp\/v2\/pages\/15\/revisions\/2056"}],"wp:attachment":[{"href":"https:\/\/rotary.fi\/hamina\/wp-json\/wp\/v2\/media?parent=15"}],"curies":[{"name":"wp","href":"https:\/\/api.w.org\/{rel}","templated":true}]}}