{"id":129,"date":"2018-08-10T13:41:39","date_gmt":"2018-08-10T10:41:39","guid":{"rendered":"https:\/\/rotary.fi\/klubi2\/?page_id=129"},"modified":"2023-11-21T12:20:06","modified_gmt":"2023-11-21T10:20:06","slug":"keita-olemme","status":"publish","type":"page","link":"https:\/\/rotary.fi\/hamina\/keita-olemme\/","title":{"rendered":"Keit\u00e4 olemme"},"content":{"rendered":"<p>[et_pb_section fb_built=&#8221;1&#8243; module_class=&#8221;jumbotron-page&#8221; _builder_version=&#8221;4.20.4&#8243; background_image=&#8221;https:\/\/rotary.fi\/hamina\/wp-content\/uploads\/sites\/240\/2023\/04\/tanelinkulma2.jpg&#8221; global_colors_info=&#8221;{}&#8221;][et_pb_row _builder_version=&#8221;4.16&#8243; background_size=&#8221;initial&#8221; background_position=&#8221;top_left&#8221; background_repeat=&#8221;repeat&#8221; global_colors_info=&#8221;{}&#8221;][et_pb_column type=&#8221;4_4&#8243; _builder_version=&#8221;4.16&#8243; custom_padding=&#8221;|||&#8221; global_colors_info=&#8221;{}&#8221; custom_padding__hover=&#8221;|||&#8221;][et_pb_text admin_label=&#8221;P\u00e4\u00e4otsikko&#8221; _builder_version=&#8221;4.16&#8243; text_orientation=&#8221;center&#8221; background_layout=&#8221;dark&#8221; global_colors_info=&#8221;{}&#8221;]<\/p>\n<h1>Keit\u00e4 olemme<\/h1>\n<p>[\/et_pb_text][\/et_pb_column][\/et_pb_row][\/et_pb_section][et_pb_section fb_built=&#8221;1&#8243; specialty=&#8221;on&#8221; module_class_2=&#8221;sivupalkki&#8221; _builder_version=&#8221;4.16&#8243; global_colors_info=&#8221;{}&#8221;][et_pb_column type=&#8221;2_3&#8243; specialty_columns=&#8221;2&#8243; _builder_version=&#8221;4.16&#8243; custom_padding=&#8221;|||&#8221; global_colors_info=&#8221;{}&#8221; custom_padding__hover=&#8221;|||&#8221;][et_pb_row_inner admin_label=&#8221;Rivi&#8221; _builder_version=&#8221;4.16&#8243; global_colors_info=&#8221;{}&#8221;][et_pb_column_inner saved_specialty_column_type=&#8221;2_3&#8243; _builder_version=&#8221;4.16&#8243; custom_padding=&#8221;|||&#8221; global_colors_info=&#8221;{}&#8221; custom_padding__hover=&#8221;|||&#8221;][et_pb_text admin_label=&#8221;Otsikko&#8221; _builder_version=&#8221;4.16&#8243; text_orientation=&#8221;center&#8221; global_colors_info=&#8221;{}&#8221;]<\/p>\n<h1>Keit\u00e4 olemme<\/h1>\n<p>[\/et_pb_text][et_pb_text _builder_version=&#8221;4.16&#8243; global_colors_info=&#8221;{}&#8221;]<\/p>\n<p>Haminan Rotaryklubin j\u00e4senet tulevat p\u00e4\u00e4osin Haminan, Miehikk\u00e4l\u00e4n ja Virolahden alueelta. Kokoonnumme historiallisessa Tanelinkulmassa tapaamaan toisiamme, kuulemaan kiinnostavia esitelmi\u00e4 ja edist\u00e4m\u00e4\u00e4n hyv\u00e4\u00e4 omalla paikkakunnallamme. K\u00e4ymme my\u00f6s vierailemassa erilaisissa kohteissa. Kaikki klubikouksemme ovat avec. Tuemme kansainv\u00e4lisen Rotaryn humanitaarisia projekteja, osallistumme nuorisovaihtoon ja edist\u00e4mme l\u00e4hiseudun hyvinvointia.<\/p>\n<p>Klubimme on perustettu <span>22.01.1947<\/span>. Kummiklubimme oli Kotkan Rotaryklubi. Haminan<span> Rotaryklubi ja Hamina-Vehkalahden Rotaryklubi fuusioituivat uudeksi Haminan Rotaryklubiksi 30.6.2017.\u00a0<\/span> Klubissamme on 45 j\u00e4sent\u00e4 ja 9 kunniaj\u00e4sent\u00e4. Olemme osa piiri\u00e4 1430. (<a href=\"https:\/\/rotary.fi\/d1430\/\">Piiri 1430<\/a>).<\/p>\n<h4>Harrastus, jolla on tarkoitus<\/h4>\n<p>Haminan Rotaryklubilla on pitk\u00e4t perinteet nuorisovaihdossa.\u00a0<\/p>\n<p>Teemme yhteisty\u00f6t\u00e4 mm. Haminan seurakunnan, RUK:n sek\u00e4 erilaisten j\u00e4rjest\u00f6jen ja yhteis\u00f6jen kanssa.<\/p>\n<h4>Sopisinko min\u00e4 rotariksi?<\/h4>\n<p>Voisi ajatella niin, ett\u00e4 henkil\u00f6, joka on oman ammattinsa esimerkillinen edustaja ja haluaa toimia yhdess\u00e4 muiden samanhenkisten henkil\u00f6iden kanssa yhteiskuntansa ja my\u00f6s maailman kehityksen hyv\u00e4ksi on hyv\u00e4 rotariehdokas.<\/p>\n<p>Rotarit punnitsevat itse linjaansa kysym\u00e4ll\u00e4 itselt\u00e4\u00e4n ja toimimalla my\u00f6nteisesti niin sanotussa nelj\u00e4n kysymyksen kokeessaan:<\/p>\n<p>1. Onko t\u00e4m\u00e4 totta ?<\/p>\n<p>2. Onko t\u00e4m\u00e4 oikeudenmukaista kaikkia asianosaisia kohtaan ?<\/p>\n<p>3. Luoko t\u00e4m\u00e4 hyv\u00e4\u00e4 tahtoa ja parantaako t\u00e4m\u00e4 yst\u00e4vyyssuhteita ?<\/p>\n<p>4. Onko t\u00e4m\u00e4 kaikkien osapuolten edun mukaista ?<\/p>\n<p>Jos j\u00e4senyys kiinnostaa sinua, laita meille viesti\u00e4 ja kerro mielenkiinnostasi j\u00e4senyytt\u00e4 kohtaan<\/p>\n<h4>Vaikuttava kansainv\u00e4linen verkosto<\/h4>\n<p>Rotary on Chicagossa 23.2.1905 perustettu kansainv\u00e4linen palvelu- ja hyv\u00e4ntekev\u00e4isyys-organisaatio. Rotary Internationalin kotipaikka on Evanston, USA:n osavaltiossa Illinoisissa. Tunnuslauseemme on Palvelu itsekkyyden edelle (Service Above Self).<\/p>\n<p>Rotaryyn kuuluu 1,2 miljoona j\u00e4sent\u00e4 35 000 klubissa yli 200 maassa. Rotary on merkitt\u00e4v\u00e4 kansainv\u00e4linen palvelu- ja hyv\u00e4ntekev\u00e4isyysj\u00e4rjest\u00f6. Suomi on jaettu viiteen rotarypiiriin, joista yhteen kuuluvat my\u00f6s Viron klubit. Suomessa ja Virossa on yhteens\u00e4 280 klubia, joissa runsaat 8 500 rotaria.<\/p>\n<p>[\/et_pb_text][\/et_pb_column_inner][\/et_pb_row_inner][\/et_pb_column][et_pb_column type=&#8221;1_3&#8243; _builder_version=&#8221;4.16&#8243; custom_padding=&#8221;|||&#8221; global_colors_info=&#8221;{}&#8221; custom_padding__hover=&#8221;|||&#8221;][et_pb_sidebar area=&#8221;sidebar-1&#8243; module_class=&#8221;sivupalkki_sisalto&#8221; _builder_version=&#8221;4.16&#8243; locked=&#8221;on&#8221; global_colors_info=&#8221;{}&#8221;]<\/p>\n<p>[\/et_pb_sidebar][\/et_pb_column][\/et_pb_section]<\/p>\n","protected":false},"excerpt":{"rendered":"<p>Keit\u00e4 olemme Keit\u00e4 olemme Haminan Rotaryklubin j\u00e4senet tulevat p\u00e4\u00e4osin Haminan, Miehikk\u00e4l\u00e4n ja Virolahden alueelta. Kokoonnumme historiallisessa Tanelinkulmassa tapaamaan toisiamme, kuulemaan kiinnostavia esitelmi\u00e4 ja edist\u00e4m\u00e4\u00e4n hyv\u00e4\u00e4 omalla paikkakunnallamme. K\u00e4ymme my\u00f6s vierailemassa erilaisissa kohteissa. Kaikki klubikouksemme ovat avec. Tuemme kansainv\u00e4lisen Rotaryn humanitaarisia projekteja, osallistumme nuorisovaihtoon ja edist\u00e4mme l\u00e4hiseudun hyvinvointia. Klubimme on perustettu 22.01.1947. Kummiklubimme oli Kotkan Rotaryklubi. [&hellip;]<\/p>\n","protected":false},"author":1,"featured_media":0,"parent":0,"menu_order":0,"comment_status":"closed","ping_status":"closed","template":"","meta":{"_acf_changed":false,"_et_pb_use_builder":"on","_et_pb_old_content":"","_et_gb_content_width":"","footnotes":""},"class_list":["post-129","page","type-page","status-publish","hentry"],"acf":[],"yoast_head":"<!-- This site is optimized with the Yoast SEO plugin v27.0 - https:\/\/yoast.com\/product\/yoast-seo-wordpress\/ -->\n<title>Keit\u00e4 olemme - Haminan Rotaryklubi<\/title>\n<meta name=\"robots\" content=\"index, follow, max-snippet:-1, max-image-preview:large, max-video-preview:-1\" \/>\n<link rel=\"canonical\" href=\"https:\/\/rotary.fi\/hamina\/keita-olemme\/\" \/>\n<meta property=\"og:locale\" content=\"fi_FI\" \/>\n<meta property=\"og:type\" content=\"article\" \/>\n<meta property=\"og:title\" content=\"Keit\u00e4 olemme - Haminan Rotaryklubi\" \/>\n<meta property=\"og:description\" content=\"Keit\u00e4 olemme Keit\u00e4 olemme Haminan Rotaryklubin j\u00e4senet tulevat p\u00e4\u00e4osin Haminan, Miehikk\u00e4l\u00e4n ja Virolahden alueelta. Kokoonnumme historiallisessa Tanelinkulmassa tapaamaan toisiamme, kuulemaan kiinnostavia esitelmi\u00e4 ja edist\u00e4m\u00e4\u00e4n hyv\u00e4\u00e4 omalla paikkakunnallamme. K\u00e4ymme my\u00f6s vierailemassa erilaisissa kohteissa. Kaikki klubikouksemme ovat avec. Tuemme kansainv\u00e4lisen Rotaryn humanitaarisia projekteja, osallistumme nuorisovaihtoon ja edist\u00e4mme l\u00e4hiseudun hyvinvointia. Klubimme on perustettu 22.01.1947. Kummiklubimme oli Kotkan Rotaryklubi. [&hellip;]\" \/>\n<meta property=\"og:url\" content=\"https:\/\/rotary.fi\/hamina\/keita-olemme\/\" \/>\n<meta property=\"og:site_name\" content=\"Haminan Rotaryklubi\" \/>\n<meta property=\"article:modified_time\" content=\"2023-11-21T10:20:06+00:00\" \/>\n<meta name=\"twitter:card\" content=\"summary_large_image\" \/>\n<meta name=\"twitter:label1\" content=\"Arvioitu lukuaika\" \/>\n\t<meta name=\"twitter:data1\" content=\"3 minuuttia\" \/>\n<script type=\"application\/ld+json\" class=\"yoast-schema-graph\">{\"@context\":\"https:\/\/schema.org\",\"@graph\":[{\"@type\":\"WebPage\",\"@id\":\"https:\/\/rotary.fi\/hamina\/keita-olemme\/\",\"url\":\"https:\/\/rotary.fi\/hamina\/keita-olemme\/\",\"name\":\"Keit\u00e4 olemme - Haminan Rotaryklubi\",\"isPartOf\":{\"@id\":\"https:\/\/rotary.fi\/hamina\/#website\"},\"datePublished\":\"2018-08-10T10:41:39+00:00\",\"dateModified\":\"2023-11-21T10:20:06+00:00\",\"breadcrumb\":{\"@id\":\"https:\/\/rotary.fi\/hamina\/keita-olemme\/#breadcrumb\"},\"inLanguage\":\"fi\",\"potentialAction\":[{\"@type\":\"ReadAction\",\"target\":[\"https:\/\/rotary.fi\/hamina\/keita-olemme\/\"]}]},{\"@type\":\"BreadcrumbList\",\"@id\":\"https:\/\/rotary.fi\/hamina\/keita-olemme\/#breadcrumb\",\"itemListElement\":[{\"@type\":\"ListItem\",\"position\":1,\"name\":\"Home\",\"item\":\"https:\/\/rotary.fi\/hamina\/\"},{\"@type\":\"ListItem\",\"position\":2,\"name\":\"Keit\u00e4 olemme\"}]},{\"@type\":\"WebSite\",\"@id\":\"https:\/\/rotary.fi\/hamina\/#website\",\"url\":\"https:\/\/rotary.fi\/hamina\/\",\"name\":\"Haminan Rotaryklubi\",\"description\":\"Uusi Rotary klubisivusto\",\"potentialAction\":[{\"@type\":\"SearchAction\",\"target\":{\"@type\":\"EntryPoint\",\"urlTemplate\":\"https:\/\/rotary.fi\/hamina\/?s={search_term_string}\"},\"query-input\":{\"@type\":\"PropertyValueSpecification\",\"valueRequired\":true,\"valueName\":\"search_term_string\"}}],\"inLanguage\":\"fi\"}]}<\/script>\n<!-- \/ Yoast SEO plugin. -->","yoast_head_json":{"title":"Keit\u00e4 olemme - Haminan Rotaryklubi","robots":{"index":"index","follow":"follow","max-snippet":"max-snippet:-1","max-image-preview":"max-image-preview:large","max-video-preview":"max-video-preview:-1"},"canonical":"https:\/\/rotary.fi\/hamina\/keita-olemme\/","og_locale":"fi_FI","og_type":"article","og_title":"Keit\u00e4 olemme - Haminan Rotaryklubi","og_description":"Keit\u00e4 olemme Keit\u00e4 olemme Haminan Rotaryklubin j\u00e4senet tulevat p\u00e4\u00e4osin Haminan, Miehikk\u00e4l\u00e4n ja Virolahden alueelta. Kokoonnumme historiallisessa Tanelinkulmassa tapaamaan toisiamme, kuulemaan kiinnostavia esitelmi\u00e4 ja edist\u00e4m\u00e4\u00e4n hyv\u00e4\u00e4 omalla paikkakunnallamme. K\u00e4ymme my\u00f6s vierailemassa erilaisissa kohteissa. Kaikki klubikouksemme ovat avec. Tuemme kansainv\u00e4lisen Rotaryn humanitaarisia projekteja, osallistumme nuorisovaihtoon ja edist\u00e4mme l\u00e4hiseudun hyvinvointia. Klubimme on perustettu 22.01.1947. Kummiklubimme oli Kotkan Rotaryklubi. [&hellip;]","og_url":"https:\/\/rotary.fi\/hamina\/keita-olemme\/","og_site_name":"Haminan Rotaryklubi","article_modified_time":"2023-11-21T10:20:06+00:00","twitter_card":"summary_large_image","twitter_misc":{"Arvioitu lukuaika":"3 minuuttia"},"schema":{"@context":"https:\/\/schema.org","@graph":[{"@type":"WebPage","@id":"https:\/\/rotary.fi\/hamina\/keita-olemme\/","url":"https:\/\/rotary.fi\/hamina\/keita-olemme\/","name":"Keit\u00e4 olemme - Haminan Rotaryklubi","isPartOf":{"@id":"https:\/\/rotary.fi\/hamina\/#website"},"datePublished":"2018-08-10T10:41:39+00:00","dateModified":"2023-11-21T10:20:06+00:00","breadcrumb":{"@id":"https:\/\/rotary.fi\/hamina\/keita-olemme\/#breadcrumb"},"inLanguage":"fi","potentialAction":[{"@type":"ReadAction","target":["https:\/\/rotary.fi\/hamina\/keita-olemme\/"]}]},{"@type":"BreadcrumbList","@id":"https:\/\/rotary.fi\/hamina\/keita-olemme\/#breadcrumb","itemListElement":[{"@type":"ListItem","position":1,"name":"Home","item":"https:\/\/rotary.fi\/hamina\/"},{"@type":"ListItem","position":2,"name":"Keit\u00e4 olemme"}]},{"@type":"WebSite","@id":"https:\/\/rotary.fi\/hamina\/#website","url":"https:\/\/rotary.fi\/hamina\/","name":"Haminan Rotaryklubi","description":"Uusi Rotary klubisivusto","potentialAction":[{"@type":"SearchAction","target":{"@type":"EntryPoint","urlTemplate":"https:\/\/rotary.fi\/hamina\/?s={search_term_string}"},"query-input":{"@type":"PropertyValueSpecification","valueRequired":true,"valueName":"search_term_string"}}],"inLanguage":"fi"}]}},"lang":"fi","translations":{"fi":129},"pll_sync_post":[],"_links":{"self":[{"href":"https:\/\/rotary.fi\/hamina\/wp-json\/wp\/v2\/pages\/129","targetHints":{"allow":["GET"]}}],"collection":[{"href":"https:\/\/rotary.fi\/hamina\/wp-json\/wp\/v2\/pages"}],"about":[{"href":"https:\/\/rotary.fi\/hamina\/wp-json\/wp\/v2\/types\/page"}],"author":[{"embeddable":true,"href":"https:\/\/rotary.fi\/hamina\/wp-json\/wp\/v2\/users\/1"}],"replies":[{"embeddable":true,"href":"https:\/\/rotary.fi\/hamina\/wp-json\/wp\/v2\/comments?post=129"}],"version-history":[{"count":11,"href":"https:\/\/rotary.fi\/hamina\/wp-json\/wp\/v2\/pages\/129\/revisions"}],"predecessor-version":[{"id":1790,"href":"https:\/\/rotary.fi\/hamina\/wp-json\/wp\/v2\/pages\/129\/revisions\/1790"}],"wp:attachment":[{"href":"https:\/\/rotary.fi\/hamina\/wp-json\/wp\/v2\/media?parent=129"}],"curies":[{"name":"wp","href":"https:\/\/api.w.org\/{rel}","templated":true}]}}