{"id":163,"date":"2018-08-13T09:51:14","date_gmt":"2018-08-13T06:51:14","guid":{"rendered":"https:\/\/rotary.fi\/hameenlinnaverkatehdas\/?page_id=163"},"modified":"2023-11-08T12:17:01","modified_gmt":"2023-11-08T10:17:01","slug":"rotaract-ja-interact","status":"publish","type":"page","link":"https:\/\/rotary.fi\/hameenlinnaverkatehdas\/mita-teemme\/rotaract-ja-interact\/","title":{"rendered":"Rotaract ja Interact"},"content":{"rendered":"<p>[et_pb_section fb_built=&#8221;1&#8243; module_class=&#8221;jumbotron-page&#8221; _builder_version=&#8221;4.16&#8243; background_image=&#8221;https:\/\/rotary.fi\/hameenlinnaverkatehdas\/wp-content\/uploads\/sites\/95\/2018\/10\/rotary_klubit_alasivu_paakuva_10.jpg&#8221; global_colors_info=&#8221;{}&#8221;][et_pb_row _builder_version=&#8221;4.16&#8243; background_size=&#8221;initial&#8221; background_position=&#8221;top_left&#8221; background_repeat=&#8221;repeat&#8221; global_colors_info=&#8221;{}&#8221;][et_pb_column type=&#8221;4_4&#8243; _builder_version=&#8221;4.16&#8243; custom_padding=&#8221;|||&#8221; global_colors_info=&#8221;{}&#8221; custom_padding__hover=&#8221;|||&#8221;][et_pb_text admin_label=&#8221;P\u00e4\u00e4otsikko&#8221; _builder_version=&#8221;4.16&#8243; text_orientation=&#8221;center&#8221; background_layout=&#8221;dark&#8221; global_colors_info=&#8221;{}&#8221;]<\/p>\n<h1>Rotaract ja Interact<\/h1>\n<p>[\/et_pb_text][\/et_pb_column][\/et_pb_row][\/et_pb_section][et_pb_section fb_built=&#8221;1&#8243; specialty=&#8221;on&#8221; module_class_2=&#8221;sivupalkki&#8221; _builder_version=&#8221;4.16&#8243; inner_max_width=&#8221;none&#8221; global_colors_info=&#8221;{}&#8221;][et_pb_column type=&#8221;2_3&#8243; specialty_columns=&#8221;2&#8243; _builder_version=&#8221;4.16&#8243; custom_padding=&#8221;|||&#8221; global_colors_info=&#8221;{}&#8221; custom_padding__hover=&#8221;|||&#8221;][et_pb_row_inner admin_label=&#8221;Rivi&#8221; _builder_version=&#8221;4.16&#8243; global_colors_info=&#8221;{}&#8221;][et_pb_column_inner saved_specialty_column_type=&#8221;2_3&#8243; _builder_version=&#8221;4.16&#8243; custom_padding=&#8221;|||&#8221; global_colors_info=&#8221;{}&#8221; custom_padding__hover=&#8221;|||&#8221;][et_pb_text admin_label=&#8221;Rotaract ja Interact &#8211; Otsikko&#8221; _builder_version=&#8221;4.16&#8243; text_orientation=&#8221;center&#8221; global_colors_info=&#8221;{}&#8221;]<\/p>\n<h1>Rotaract ja Interact<\/h1>\n<p>[\/et_pb_text][et_pb_text _builder_version=&#8221;4.22.1&#8243; hover_enabled=&#8221;0&#8243; z_index_tablet=&#8221;500&#8243; box_shadow_horizontal_tablet=&#8221;0px&#8221; box_shadow_vertical_tablet=&#8221;0px&#8221; box_shadow_blur_tablet=&#8221;40px&#8221; box_shadow_spread_tablet=&#8221;0px&#8221; global_colors_info=&#8221;{}&#8221; sticky_enabled=&#8221;0&#8243;]<\/p>\n<p>Rotaract-klubien toiminta on suunnattu 18\u250030-vuotiaille nuorille. Toiminnan tarkoituksena on kehitt\u00e4\u00e4 nuorten kasvua vastuuntuntoisiksi aikuisiksi ja johtajiksi. Rotaract-klubin j\u00e4senet p\u00e4\u00e4tt\u00e4v\u00e4t itse projekteistaan ja toiminnastaan. Nuorten klubia sponsoroi ja heid\u00e4n toimintaansa tukee aina rotaryklubi.<\/p>\n<p>Interact-toiminta on tarkoitettu 12\u250018-vuotiaille nuorille. My\u00f6s Interact-klubilla on rotaryklubi kummiklubinaan. Interact-toiminnassa nuoret p\u00e4\u00e4sev\u00e4t vaikuttamaan heille t\u00e4rkeisiin asioihin vuosittain suunniteltujen ja toteutettavien projektien avulla. Rotaryklubi tukee nuoria n\u00e4iss\u00e4 projekteissa. H\u00e4meenlinnassa ei ole Interact-klubia.<\/p>\n<p>Rotaractissa nuorilla on mahdollisuus verkottua paitsi paikallisesti, my\u00f6s kansallisesti ja kansainv\u00e4lisesti. Suomessa Rotaract-toimintaa on erityisesti isommilla paikkakunnilla.<\/p>\n<h5>Rotaryklubimme toimii H\u00e4meenlinnan Rotaract-klubin kummiklubina.<\/h5>\n<p>&nbsp;<\/p>\n<p>H\u00e4meenlinnan Rotaract-klubi perustettiin vuonna 2016 oman rotaryklubimme aloitteesta, siksi toimimme my\u00f6s Rotaract-klubin kummiklubina. Klubi kokoontuu noin kaksi kertaa kuukaudessa, ja osallistuu erilaisiin hyv\u00e4ntekev\u00e4isyys- ja muihin projekteihin joko yksin tai yhdess\u00e4 rotarien kanssa. Lis\u00e4ksi rotaractorit esittelev\u00e4t H\u00e4meenlinnan seudun yl\u00e4asteille vaihto-oppilastoimintaa ja j\u00e4rjest\u00e4v\u00e4t erilaisia aktiviteetteja H\u00e4meenlinnassa oleville ulkomaisille vaihto-oppilaille.<\/p>\n<p>T\u00e4st\u00e4 linkist\u00e4 voit lukea lis\u00e4\u00e4 <a href=\"https:\/\/rotary.fi\/mita-teemme\/nuorisopalvelut\/rotaract\/\" target=\"_blank\" rel=\"noopener noreferrer\">Rotaractista<\/a><\/p>\n<p><img loading=\"lazy\" decoding=\"async\" class=\"size-medium wp-image-1894 alignright\" src=\"https:\/\/rotary.fi\/hameenlinnaverkatehdas\/wp-content\/uploads\/sites\/95\/2019\/08\/rotaract-homeenlinna-logo-300x300.jpg\" alt=\"\" width=\"300\" height=\"300\" srcset=\"https:\/\/rotary.fi\/hameenlinnaverkatehdas\/wp-content\/uploads\/sites\/95\/2019\/08\/rotaract-homeenlinna-logo-300x300.jpg 300w, https:\/\/rotary.fi\/hameenlinnaverkatehdas\/wp-content\/uploads\/sites\/95\/2019\/08\/rotaract-homeenlinna-logo-150x150.jpg 150w, https:\/\/rotary.fi\/hameenlinnaverkatehdas\/wp-content\/uploads\/sites\/95\/2019\/08\/rotaract-homeenlinna-logo-768x768.jpg 768w, https:\/\/rotary.fi\/hameenlinnaverkatehdas\/wp-content\/uploads\/sites\/95\/2019\/08\/rotaract-homeenlinna-logo-1024x1024.jpg 1024w, https:\/\/rotary.fi\/hameenlinnaverkatehdas\/wp-content\/uploads\/sites\/95\/2019\/08\/rotaract-homeenlinna-logo-1080x1080.jpg 1080w, https:\/\/rotary.fi\/hameenlinnaverkatehdas\/wp-content\/uploads\/sites\/95\/2019\/08\/rotaract-homeenlinna-logo.jpg 1600w\" sizes=\"(max-width: 300px) 100vw, 300px\" \/><\/p>\n<p>[\/et_pb_text][\/et_pb_column_inner][\/et_pb_row_inner][\/et_pb_column][et_pb_column type=&#8221;1_3&#8243; _builder_version=&#8221;4.16&#8243; custom_padding=&#8221;|||&#8221; global_colors_info=&#8221;{}&#8221; custom_padding__hover=&#8221;|||&#8221;][et_pb_sidebar area=&#8221;sidebar-1&#8243; module_class=&#8221;sivupalkki_sisalto&#8221; _builder_version=&#8221;4.16&#8243; locked=&#8221;on&#8221; global_colors_info=&#8221;{}&#8221;]<br \/>\n[\/et_pb_sidebar][\/et_pb_column][\/et_pb_section]<\/p>\n","protected":false},"excerpt":{"rendered":"<p>Rotaract ja Interact Rotaract ja Interact Rotaract-klubien toiminta on suunnattu 18\u250030-vuotiaille nuorille. Toiminnan tarkoituksena on kehitt\u00e4\u00e4 nuorten kasvua vastuuntuntoisiksi aikuisiksi ja johtajiksi. Rotaract-klubin j\u00e4senet p\u00e4\u00e4tt\u00e4v\u00e4t itse projekteistaan ja toiminnastaan. Nuorten klubia sponsoroi ja heid\u00e4n toimintaansa tukee aina rotaryklubi. Interact-toiminta on tarkoitettu 12\u250018-vuotiaille nuorille. My\u00f6s Interact-klubilla on rotaryklubi kummiklubinaan. Interact-toiminnassa nuoret p\u00e4\u00e4sev\u00e4t vaikuttamaan heille t\u00e4rkeisiin asioihin [&hellip;]<\/p>\n","protected":false},"author":1,"featured_media":0,"parent":77,"menu_order":0,"comment_status":"closed","ping_status":"closed","template":"","meta":{"_acf_changed":false,"_et_pb_use_builder":"on","_et_pb_old_content":"","_et_gb_content_width":"","footnotes":""},"class_list":["post-163","page","type-page","status-publish","hentry"],"acf":[],"yoast_head":"<!-- This site is optimized with the Yoast SEO plugin v27.4 - https:\/\/yoast.com\/product\/yoast-seo-wordpress\/ -->\n<title>Rotaract ja Interact - H\u00e4meenlinna-Verkatehdas<\/title>\n<meta name=\"robots\" content=\"index, follow, max-snippet:-1, max-image-preview:large, max-video-preview:-1\" \/>\n<link rel=\"canonical\" href=\"https:\/\/rotary.fi\/hameenlinnaverkatehdas\/mita-teemme\/rotaract-ja-interact\/\" \/>\n<meta property=\"og:locale\" content=\"fi_FI\" \/>\n<meta property=\"og:type\" content=\"article\" \/>\n<meta property=\"og:title\" content=\"Rotaract ja Interact - H\u00e4meenlinna-Verkatehdas\" \/>\n<meta property=\"og:description\" content=\"Rotaract ja Interact Rotaract ja Interact Rotaract-klubien toiminta on suunnattu 18\u250030-vuotiaille nuorille. Toiminnan tarkoituksena on kehitt\u00e4\u00e4 nuorten kasvua vastuuntuntoisiksi aikuisiksi ja johtajiksi. Rotaract-klubin j\u00e4senet p\u00e4\u00e4tt\u00e4v\u00e4t itse projekteistaan ja toiminnastaan. Nuorten klubia sponsoroi ja heid\u00e4n toimintaansa tukee aina rotaryklubi. Interact-toiminta on tarkoitettu 12\u250018-vuotiaille nuorille. My\u00f6s Interact-klubilla on rotaryklubi kummiklubinaan. Interact-toiminnassa nuoret p\u00e4\u00e4sev\u00e4t vaikuttamaan heille t\u00e4rkeisiin asioihin [&hellip;]\" \/>\n<meta property=\"og:url\" content=\"https:\/\/rotary.fi\/hameenlinnaverkatehdas\/mita-teemme\/rotaract-ja-interact\/\" \/>\n<meta property=\"og:site_name\" content=\"H\u00e4meenlinna-Verkatehdas\" \/>\n<meta property=\"article:modified_time\" content=\"2023-11-08T10:17:01+00:00\" \/>\n<meta property=\"og:image\" content=\"https:\/\/rotary.fi\/hameenlinnaverkatehdas\/wp-content\/uploads\/sites\/95\/2019\/08\/rotaract-homeenlinna-logo-300x300.jpg\" \/>\n<meta name=\"twitter:card\" content=\"summary_large_image\" \/>\n<meta name=\"twitter:label1\" content=\"Arvioitu lukuaika\" \/>\n\t<meta name=\"twitter:data1\" content=\"2 minuuttia\" \/>\n<script type=\"application\/ld+json\" class=\"yoast-schema-graph\">{\"@context\":\"https:\\\/\\\/schema.org\",\"@graph\":[{\"@type\":\"WebPage\",\"@id\":\"https:\\\/\\\/rotary.fi\\\/hameenlinnaverkatehdas\\\/mita-teemme\\\/rotaract-ja-interact\\\/\",\"url\":\"https:\\\/\\\/rotary.fi\\\/hameenlinnaverkatehdas\\\/mita-teemme\\\/rotaract-ja-interact\\\/\",\"name\":\"Rotaract ja Interact - H\u00e4meenlinna-Verkatehdas\",\"isPartOf\":{\"@id\":\"https:\\\/\\\/rotary.fi\\\/hameenlinnaverkatehdas\\\/#website\"},\"primaryImageOfPage\":{\"@id\":\"https:\\\/\\\/rotary.fi\\\/hameenlinnaverkatehdas\\\/mita-teemme\\\/rotaract-ja-interact\\\/#primaryimage\"},\"image\":{\"@id\":\"https:\\\/\\\/rotary.fi\\\/hameenlinnaverkatehdas\\\/mita-teemme\\\/rotaract-ja-interact\\\/#primaryimage\"},\"thumbnailUrl\":\"https:\\\/\\\/rotary.fi\\\/hameenlinnaverkatehdas\\\/wp-content\\\/uploads\\\/sites\\\/95\\\/2019\\\/08\\\/rotaract-homeenlinna-logo-300x300.jpg\",\"datePublished\":\"2018-08-13T06:51:14+00:00\",\"dateModified\":\"2023-11-08T10:17:01+00:00\",\"breadcrumb\":{\"@id\":\"https:\\\/\\\/rotary.fi\\\/hameenlinnaverkatehdas\\\/mita-teemme\\\/rotaract-ja-interact\\\/#breadcrumb\"},\"inLanguage\":\"fi\",\"potentialAction\":[{\"@type\":\"ReadAction\",\"target\":[\"https:\\\/\\\/rotary.fi\\\/hameenlinnaverkatehdas\\\/mita-teemme\\\/rotaract-ja-interact\\\/\"]}]},{\"@type\":\"ImageObject\",\"inLanguage\":\"fi\",\"@id\":\"https:\\\/\\\/rotary.fi\\\/hameenlinnaverkatehdas\\\/mita-teemme\\\/rotaract-ja-interact\\\/#primaryimage\",\"url\":\"https:\\\/\\\/rotary.fi\\\/hameenlinnaverkatehdas\\\/wp-content\\\/uploads\\\/sites\\\/95\\\/2019\\\/08\\\/rotaract-homeenlinna-logo.jpg\",\"contentUrl\":\"https:\\\/\\\/rotary.fi\\\/hameenlinnaverkatehdas\\\/wp-content\\\/uploads\\\/sites\\\/95\\\/2019\\\/08\\\/rotaract-homeenlinna-logo.jpg\",\"width\":1600,\"height\":1600},{\"@type\":\"BreadcrumbList\",\"@id\":\"https:\\\/\\\/rotary.fi\\\/hameenlinnaverkatehdas\\\/mita-teemme\\\/rotaract-ja-interact\\\/#breadcrumb\",\"itemListElement\":[{\"@type\":\"ListItem\",\"position\":1,\"name\":\"Home\",\"item\":\"https:\\\/\\\/rotary.fi\\\/hameenlinnaverkatehdas\\\/\"},{\"@type\":\"ListItem\",\"position\":2,\"name\":\"Mit\u00e4 teemme\",\"item\":\"https:\\\/\\\/rotary.fi\\\/hameenlinnaverkatehdas\\\/mita-teemme\\\/\"},{\"@type\":\"ListItem\",\"position\":3,\"name\":\"Rotaract ja Interact\"}]},{\"@type\":\"WebSite\",\"@id\":\"https:\\\/\\\/rotary.fi\\\/hameenlinnaverkatehdas\\\/#website\",\"url\":\"https:\\\/\\\/rotary.fi\\\/hameenlinnaverkatehdas\\\/\",\"name\":\"H\u00e4meenlinna-Verkatehdas\",\"description\":\"Uusi Rotary klubisivusto\",\"potentialAction\":[{\"@type\":\"SearchAction\",\"target\":{\"@type\":\"EntryPoint\",\"urlTemplate\":\"https:\\\/\\\/rotary.fi\\\/hameenlinnaverkatehdas\\\/?s={search_term_string}\"},\"query-input\":{\"@type\":\"PropertyValueSpecification\",\"valueRequired\":true,\"valueName\":\"search_term_string\"}}],\"inLanguage\":\"fi\"}]}<\/script>\n<!-- \/ Yoast SEO plugin. -->","yoast_head_json":{"title":"Rotaract ja Interact - H\u00e4meenlinna-Verkatehdas","robots":{"index":"index","follow":"follow","max-snippet":"max-snippet:-1","max-image-preview":"max-image-preview:large","max-video-preview":"max-video-preview:-1"},"canonical":"https:\/\/rotary.fi\/hameenlinnaverkatehdas\/mita-teemme\/rotaract-ja-interact\/","og_locale":"fi_FI","og_type":"article","og_title":"Rotaract ja Interact - H\u00e4meenlinna-Verkatehdas","og_description":"Rotaract ja Interact Rotaract ja Interact Rotaract-klubien toiminta on suunnattu 18\u250030-vuotiaille nuorille. Toiminnan tarkoituksena on kehitt\u00e4\u00e4 nuorten kasvua vastuuntuntoisiksi aikuisiksi ja johtajiksi. Rotaract-klubin j\u00e4senet p\u00e4\u00e4tt\u00e4v\u00e4t itse projekteistaan ja toiminnastaan. Nuorten klubia sponsoroi ja heid\u00e4n toimintaansa tukee aina rotaryklubi. Interact-toiminta on tarkoitettu 12\u250018-vuotiaille nuorille. My\u00f6s Interact-klubilla on rotaryklubi kummiklubinaan. Interact-toiminnassa nuoret p\u00e4\u00e4sev\u00e4t vaikuttamaan heille t\u00e4rkeisiin asioihin [&hellip;]","og_url":"https:\/\/rotary.fi\/hameenlinnaverkatehdas\/mita-teemme\/rotaract-ja-interact\/","og_site_name":"H\u00e4meenlinna-Verkatehdas","article_modified_time":"2023-11-08T10:17:01+00:00","og_image":[{"url":"https:\/\/rotary.fi\/hameenlinnaverkatehdas\/wp-content\/uploads\/sites\/95\/2019\/08\/rotaract-homeenlinna-logo-300x300.jpg","type":"","width":"","height":""}],"twitter_card":"summary_large_image","twitter_misc":{"Arvioitu lukuaika":"2 minuuttia"},"schema":{"@context":"https:\/\/schema.org","@graph":[{"@type":"WebPage","@id":"https:\/\/rotary.fi\/hameenlinnaverkatehdas\/mita-teemme\/rotaract-ja-interact\/","url":"https:\/\/rotary.fi\/hameenlinnaverkatehdas\/mita-teemme\/rotaract-ja-interact\/","name":"Rotaract ja Interact - H\u00e4meenlinna-Verkatehdas","isPartOf":{"@id":"https:\/\/rotary.fi\/hameenlinnaverkatehdas\/#website"},"primaryImageOfPage":{"@id":"https:\/\/rotary.fi\/hameenlinnaverkatehdas\/mita-teemme\/rotaract-ja-interact\/#primaryimage"},"image":{"@id":"https:\/\/rotary.fi\/hameenlinnaverkatehdas\/mita-teemme\/rotaract-ja-interact\/#primaryimage"},"thumbnailUrl":"https:\/\/rotary.fi\/hameenlinnaverkatehdas\/wp-content\/uploads\/sites\/95\/2019\/08\/rotaract-homeenlinna-logo-300x300.jpg","datePublished":"2018-08-13T06:51:14+00:00","dateModified":"2023-11-08T10:17:01+00:00","breadcrumb":{"@id":"https:\/\/rotary.fi\/hameenlinnaverkatehdas\/mita-teemme\/rotaract-ja-interact\/#breadcrumb"},"inLanguage":"fi","potentialAction":[{"@type":"ReadAction","target":["https:\/\/rotary.fi\/hameenlinnaverkatehdas\/mita-teemme\/rotaract-ja-interact\/"]}]},{"@type":"ImageObject","inLanguage":"fi","@id":"https:\/\/rotary.fi\/hameenlinnaverkatehdas\/mita-teemme\/rotaract-ja-interact\/#primaryimage","url":"https:\/\/rotary.fi\/hameenlinnaverkatehdas\/wp-content\/uploads\/sites\/95\/2019\/08\/rotaract-homeenlinna-logo.jpg","contentUrl":"https:\/\/rotary.fi\/hameenlinnaverkatehdas\/wp-content\/uploads\/sites\/95\/2019\/08\/rotaract-homeenlinna-logo.jpg","width":1600,"height":1600},{"@type":"BreadcrumbList","@id":"https:\/\/rotary.fi\/hameenlinnaverkatehdas\/mita-teemme\/rotaract-ja-interact\/#breadcrumb","itemListElement":[{"@type":"ListItem","position":1,"name":"Home","item":"https:\/\/rotary.fi\/hameenlinnaverkatehdas\/"},{"@type":"ListItem","position":2,"name":"Mit\u00e4 teemme","item":"https:\/\/rotary.fi\/hameenlinnaverkatehdas\/mita-teemme\/"},{"@type":"ListItem","position":3,"name":"Rotaract ja Interact"}]},{"@type":"WebSite","@id":"https:\/\/rotary.fi\/hameenlinnaverkatehdas\/#website","url":"https:\/\/rotary.fi\/hameenlinnaverkatehdas\/","name":"H\u00e4meenlinna-Verkatehdas","description":"Uusi Rotary klubisivusto","potentialAction":[{"@type":"SearchAction","target":{"@type":"EntryPoint","urlTemplate":"https:\/\/rotary.fi\/hameenlinnaverkatehdas\/?s={search_term_string}"},"query-input":{"@type":"PropertyValueSpecification","valueRequired":true,"valueName":"search_term_string"}}],"inLanguage":"fi"}]}},"lang":"fi","translations":{"fi":163,"en":1458},"pll_sync_post":[],"_links":{"self":[{"href":"https:\/\/rotary.fi\/hameenlinnaverkatehdas\/wp-json\/wp\/v2\/pages\/163","targetHints":{"allow":["GET"]}}],"collection":[{"href":"https:\/\/rotary.fi\/hameenlinnaverkatehdas\/wp-json\/wp\/v2\/pages"}],"about":[{"href":"https:\/\/rotary.fi\/hameenlinnaverkatehdas\/wp-json\/wp\/v2\/types\/page"}],"author":[{"embeddable":true,"href":"https:\/\/rotary.fi\/hameenlinnaverkatehdas\/wp-json\/wp\/v2\/users\/1"}],"replies":[{"embeddable":true,"href":"https:\/\/rotary.fi\/hameenlinnaverkatehdas\/wp-json\/wp\/v2\/comments?post=163"}],"version-history":[{"count":10,"href":"https:\/\/rotary.fi\/hameenlinnaverkatehdas\/wp-json\/wp\/v2\/pages\/163\/revisions"}],"predecessor-version":[{"id":2934,"href":"https:\/\/rotary.fi\/hameenlinnaverkatehdas\/wp-json\/wp\/v2\/pages\/163\/revisions\/2934"}],"up":[{"embeddable":true,"href":"https:\/\/rotary.fi\/hameenlinnaverkatehdas\/wp-json\/wp\/v2\/pages\/77"}],"wp:attachment":[{"href":"https:\/\/rotary.fi\/hameenlinnaverkatehdas\/wp-json\/wp\/v2\/media?parent=163"}],"curies":[{"name":"wp","href":"https:\/\/api.w.org\/{rel}","templated":true}]}}