{"id":142,"date":"2018-08-10T14:04:45","date_gmt":"2018-08-10T11:04:45","guid":{"rendered":"https:\/\/rotary.fi\/klubi2\/?page_id=142"},"modified":"2020-02-25T11:52:02","modified_gmt":"2020-02-25T09:52:02","slug":"ilo-esitella","status":"publish","type":"page","link":"https:\/\/rotary.fi\/hameenlinnaverkatehdas\/keita-olemme\/ilo-esitella\/","title":{"rendered":"Klubin syntyhistoria"},"content":{"rendered":"<p>[et_pb_section fb_built=&#8221;1&#8243; module_class=&#8221;jumbotron-page&#8221; _builder_version=&#8221;4.1&#8243; background_image=&#8221;https:\/\/rotary.fi\/hameenlinnaverkatehdas\/wp-content\/uploads\/sites\/95\/2020\/02\/pict4358.jpg&#8221;][et_pb_row _builder_version=&#8221;3.25&#8243; background_size=&#8221;initial&#8221; background_position=&#8221;top_left&#8221; background_repeat=&#8221;repeat&#8221;][et_pb_column type=&#8221;4_4&#8243; _builder_version=&#8221;3.25&#8243; custom_padding=&#8221;|||&#8221; custom_padding__hover=&#8221;|||&#8221;][et_pb_text admin_label=&#8221;P\u00e4\u00e4otsikko&#8221; _builder_version=&#8221;3.27.4&#8243; text_orientation=&#8221;center&#8221; background_layout=&#8221;dark&#8221;]<\/p>\n<h1>Ilo esitell\u00e4<\/h1>\n<p>[\/et_pb_text][\/et_pb_column][\/et_pb_row][\/et_pb_section][et_pb_section fb_built=&#8221;1&#8243; specialty=&#8221;on&#8221; module_class_2=&#8221;sivupalkki&#8221; _builder_version=&#8221;3.22.3&#8243; custom_padding=&#8221;||4px|||&#8221;][et_pb_column type=&#8221;2_3&#8243; specialty_columns=&#8221;2&#8243; _builder_version=&#8221;3.25&#8243; custom_padding=&#8221;|||&#8221; custom_padding__hover=&#8221;|||&#8221;][et_pb_row_inner admin_label=&#8221;Rivi&#8221; _builder_version=&#8221;4.1&#8243;][et_pb_column_inner saved_specialty_column_type=&#8221;2_3&#8243; _builder_version=&#8221;3.25&#8243; custom_padding=&#8221;|||&#8221; custom_padding__hover=&#8221;|||&#8221;][et_pb_text admin_label=&#8221;Ilo esitell\u00e4 &#8211; Otsikko&#8221; _builder_version=&#8221;4.1&#8243; text_orientation=&#8221;center&#8221;]<\/p>\n<h1>Klubimme syntyhistoria 20.1.2007.<\/h1>\n<p>[\/et_pb_text][et_pb_text _builder_version=&#8221;4.1&#8243; z_index_tablet=&#8221;500&#8243; hover_enabled=&#8221;0&#8243;]<\/p>\n<h3>Charter-juhla 20.1.2007<\/h3>\n<p>&nbsp;<\/p>\n<h3><img loading=\"lazy\" decoding=\"async\" class=\"wp-image-2029 alignnone size-medium\" src=\"https:\/\/rotary.fi\/hameenlinnaverkatehdas\/wp-content\/uploads\/sites\/95\/2020\/02\/pict4630-300x225.jpg\" alt=\"\" width=\"300\" height=\"225\" \/><img loading=\"lazy\" decoding=\"async\" class=\"wp-image-2030 alignnone size-medium\" src=\"https:\/\/rotary.fi\/hameenlinnaverkatehdas\/wp-content\/uploads\/sites\/95\/2020\/02\/pict4631-300x225.jpg\" alt=\"\" width=\"300\" height=\"225\" \/><\/h3>\n<p>H\u00e4meenlinna-Verkatehtaan Rotaryklubin perustamisen ajatus l\u00e4hti 2000-luvun alussa p\u00e4\u00e4osin siit\u00e4, ett\u00e4 haluttiin puolen p\u00e4iv\u00e4n kokousaikoihin vaihtoehtoinen kokoontumisajankohta \u2013 aamu. Aulangon Rotaryklubi teki p\u00e4\u00e4t\u00f6ksen vuonna 2004 toimia uuden klubin kummina. H\u00e4meenlinnassa oli tuolloin kolme rotaryklubia.<\/p>\n<p>Kokousymp\u00e4rist\u00f6ksi valikoitui Verkatehtaan ymp\u00e4rist\u00f6, kulttuuriymp\u00e4rist\u00f6, mist\u00e4 klubikin sai nimens\u00e4. Aluksi kokoonnuttiin silloisella Viinivintill\u00e4. Heti alkuun luotiin tiivis yhteisty\u00f6 alueella toimivan Sibelius-opiston kanssa.<\/p>\n<p>Uuden klubin perustaminen edellytti v\u00e4hint\u00e4\u00e4n 20 j\u00e4sent\u00e4. T\u00e4ss\u00e4 mentiin ees ja taas \u2013 otettiin v\u00e4lill\u00e4 aikalis\u00e4\u00e4. Kev\u00e4\u00e4ll\u00e4 2006 oli riitt\u00e4v\u00e4 joukko koossa ja laitettiin hakemus vireille.<\/p>\n<p>Alkuun kokoonnuttiin 6.9.2006 alkaen ep\u00e4virallisesti ja laitettiin hallinto kuntoon \u2013 hallitus, komiteat, j\u00e4senmaksut, s\u00e4\u00e4nn\u00f6t ja j\u00e4rjestysmuoto. Klubin standaarin suunnitteli perustaj\u00e4sen Hasse Renfeldt. Standaarissa on kuvattu Verkatehtaan ikkuna \u2013 katse ulos.<\/p>\n<p>Ensimm\u00e4isen viikkoesityksen piti maakuntaradion tuolloinen p\u00e4\u00e4llikk\u00f6 Pertti Lampinen.<\/p>\n<p>Klubin virallinen perustamisp\u00e4iv\u00e4 on YK:n p\u00e4iv\u00e4 24.10.2006, jolloin klubi merkittiin RI:n rekisteriin. Klubin charter-presidenttin\u00e4 toimi Kalevi Lauronen. Perustajaj\u00e4seni\u00e4 oli 22, joiden kanssa avec pidettiin charter-juhla 21.1.2007 Viinivintill\u00e4.<\/p>\n<h3><img loading=\"lazy\" decoding=\"async\" class=\"wp-image-2076 alignnone size-medium\" src=\"https:\/\/rotary.fi\/hameenlinnaverkatehdas\/wp-content\/uploads\/sites\/95\/2020\/02\/pict4633-1-300x225.jpg\" alt=\"\" width=\"300\" height=\"225\" \/><\/h3>\n<h3>\u00a0<\/h3>\n<h3>\u00a0<\/h3>\n<h3>\u00a0<\/h3>\n<h3>\u00a0<\/h3>\n<h3>\u00a0<\/h3>\n<h3>\u00a0<\/h3>\n<h3>\u00a0<\/h3>\n<p>&nbsp;<\/p>\n<p>[\/et_pb_text][\/et_pb_column_inner][\/et_pb_row_inner][\/et_pb_column][et_pb_column type=&#8221;1_3&#8243; _builder_version=&#8221;3.25&#8243; custom_padding=&#8221;|||&#8221; custom_padding__hover=&#8221;|||&#8221;][et_pb_sidebar area=&#8221;sidebar-1&#8243; module_class=&#8221;sivupalkki_sisalto&#8221; _builder_version=&#8221;3.4.1&#8243; locked=&#8221;on&#8221;][\/et_pb_sidebar][\/et_pb_column][\/et_pb_section]<\/p>\n","protected":false},"excerpt":{"rendered":"<p>Ilo esitell\u00e4 Klubimme syntyhistoria 20.1.2007.Charter-juhla 20.1.2007 &nbsp; H\u00e4meenlinna-Verkatehtaan Rotaryklubin perustamisen ajatus l\u00e4hti 2000-luvun alussa p\u00e4\u00e4osin siit\u00e4, ett\u00e4 haluttiin puolen p\u00e4iv\u00e4n kokousaikoihin vaihtoehtoinen kokoontumisajankohta \u2013 aamu. Aulangon Rotaryklubi teki p\u00e4\u00e4t\u00f6ksen vuonna 2004 toimia uuden klubin kummina. H\u00e4meenlinnassa oli tuolloin kolme rotaryklubia. Kokousymp\u00e4rist\u00f6ksi valikoitui Verkatehtaan ymp\u00e4rist\u00f6, kulttuuriymp\u00e4rist\u00f6, mist\u00e4 klubikin sai nimens\u00e4. Aluksi kokoonnuttiin silloisella Viinivintill\u00e4. Heti alkuun [&hellip;]<\/p>\n","protected":false},"author":1,"featured_media":0,"parent":129,"menu_order":0,"comment_status":"closed","ping_status":"closed","template":"","meta":{"_acf_changed":false,"_et_pb_use_builder":"on","_et_pb_old_content":"","_et_gb_content_width":"","footnotes":""},"class_list":["post-142","page","type-page","status-publish","hentry"],"acf":[],"yoast_head":"<!-- This site is optimized with the Yoast SEO plugin v27.0 - https:\/\/yoast.com\/product\/yoast-seo-wordpress\/ -->\n<title>Klubin syntyhistoria - H\u00e4meenlinna-Verkatehdas<\/title>\n<meta name=\"robots\" content=\"index, follow, max-snippet:-1, max-image-preview:large, max-video-preview:-1\" \/>\n<link rel=\"canonical\" href=\"https:\/\/rotary.fi\/hameenlinnaverkatehdas\/keita-olemme\/ilo-esitella\/\" \/>\n<meta property=\"og:locale\" content=\"fi_FI\" \/>\n<meta property=\"og:type\" content=\"article\" \/>\n<meta property=\"og:title\" content=\"Klubin syntyhistoria - H\u00e4meenlinna-Verkatehdas\" \/>\n<meta property=\"og:description\" content=\"Ilo esitell\u00e4 Klubimme syntyhistoria 20.1.2007.Charter-juhla 20.1.2007 &nbsp; H\u00e4meenlinna-Verkatehtaan Rotaryklubin perustamisen ajatus l\u00e4hti 2000-luvun alussa p\u00e4\u00e4osin siit\u00e4, ett\u00e4 haluttiin puolen p\u00e4iv\u00e4n kokousaikoihin vaihtoehtoinen kokoontumisajankohta \u2013 aamu. Aulangon Rotaryklubi teki p\u00e4\u00e4t\u00f6ksen vuonna 2004 toimia uuden klubin kummina. H\u00e4meenlinnassa oli tuolloin kolme rotaryklubia. Kokousymp\u00e4rist\u00f6ksi valikoitui Verkatehtaan ymp\u00e4rist\u00f6, kulttuuriymp\u00e4rist\u00f6, mist\u00e4 klubikin sai nimens\u00e4. Aluksi kokoonnuttiin silloisella Viinivintill\u00e4. Heti alkuun [&hellip;]\" \/>\n<meta property=\"og:url\" content=\"https:\/\/rotary.fi\/hameenlinnaverkatehdas\/keita-olemme\/ilo-esitella\/\" \/>\n<meta property=\"og:site_name\" content=\"H\u00e4meenlinna-Verkatehdas\" \/>\n<meta property=\"article:modified_time\" content=\"2020-02-25T09:52:02+00:00\" \/>\n<meta property=\"og:image\" content=\"https:\/\/rotary.fi\/hameenlinnaverkatehdas\/wp-content\/uploads\/sites\/95\/2020\/02\/pict4630-300x225.jpg\" \/>\n<meta name=\"twitter:card\" content=\"summary_large_image\" \/>\n<meta name=\"twitter:label1\" content=\"Arvioitu lukuaika\" \/>\n\t<meta name=\"twitter:data1\" content=\"2 minuuttia\" \/>\n<script type=\"application\/ld+json\" class=\"yoast-schema-graph\">{\"@context\":\"https:\/\/schema.org\",\"@graph\":[{\"@type\":\"WebPage\",\"@id\":\"https:\/\/rotary.fi\/hameenlinnaverkatehdas\/keita-olemme\/ilo-esitella\/\",\"url\":\"https:\/\/rotary.fi\/hameenlinnaverkatehdas\/keita-olemme\/ilo-esitella\/\",\"name\":\"Klubin syntyhistoria - H\u00e4meenlinna-Verkatehdas\",\"isPartOf\":{\"@id\":\"https:\/\/rotary.fi\/hameenlinnaverkatehdas\/#website\"},\"primaryImageOfPage\":{\"@id\":\"https:\/\/rotary.fi\/hameenlinnaverkatehdas\/keita-olemme\/ilo-esitella\/#primaryimage\"},\"image\":{\"@id\":\"https:\/\/rotary.fi\/hameenlinnaverkatehdas\/keita-olemme\/ilo-esitella\/#primaryimage\"},\"thumbnailUrl\":\"https:\/\/rotary.fi\/hameenlinnaverkatehdas\/wp-content\/uploads\/sites\/95\/2020\/02\/pict4630-300x225.jpg\",\"datePublished\":\"2018-08-10T11:04:45+00:00\",\"dateModified\":\"2020-02-25T09:52:02+00:00\",\"breadcrumb\":{\"@id\":\"https:\/\/rotary.fi\/hameenlinnaverkatehdas\/keita-olemme\/ilo-esitella\/#breadcrumb\"},\"inLanguage\":\"fi\",\"potentialAction\":[{\"@type\":\"ReadAction\",\"target\":[\"https:\/\/rotary.fi\/hameenlinnaverkatehdas\/keita-olemme\/ilo-esitella\/\"]}]},{\"@type\":\"ImageObject\",\"inLanguage\":\"fi\",\"@id\":\"https:\/\/rotary.fi\/hameenlinnaverkatehdas\/keita-olemme\/ilo-esitella\/#primaryimage\",\"url\":\"https:\/\/rotary.fi\/hameenlinnaverkatehdas\/wp-content\/uploads\/sites\/95\/2020\/02\/pict4630.jpg\",\"contentUrl\":\"https:\/\/rotary.fi\/hameenlinnaverkatehdas\/wp-content\/uploads\/sites\/95\/2020\/02\/pict4630.jpg\",\"width\":2048,\"height\":1536},{\"@type\":\"BreadcrumbList\",\"@id\":\"https:\/\/rotary.fi\/hameenlinnaverkatehdas\/keita-olemme\/ilo-esitella\/#breadcrumb\",\"itemListElement\":[{\"@type\":\"ListItem\",\"position\":1,\"name\":\"Home\",\"item\":\"https:\/\/rotary.fi\/hameenlinnaverkatehdas\/\"},{\"@type\":\"ListItem\",\"position\":2,\"name\":\"Keit\u00e4 olemme\",\"item\":\"https:\/\/rotary.fi\/hameenlinnaverkatehdas\/keita-olemme\/\"},{\"@type\":\"ListItem\",\"position\":3,\"name\":\"Klubin syntyhistoria\"}]},{\"@type\":\"WebSite\",\"@id\":\"https:\/\/rotary.fi\/hameenlinnaverkatehdas\/#website\",\"url\":\"https:\/\/rotary.fi\/hameenlinnaverkatehdas\/\",\"name\":\"H\u00e4meenlinna-Verkatehdas\",\"description\":\"Uusi Rotary klubisivusto\",\"potentialAction\":[{\"@type\":\"SearchAction\",\"target\":{\"@type\":\"EntryPoint\",\"urlTemplate\":\"https:\/\/rotary.fi\/hameenlinnaverkatehdas\/?s={search_term_string}\"},\"query-input\":{\"@type\":\"PropertyValueSpecification\",\"valueRequired\":true,\"valueName\":\"search_term_string\"}}],\"inLanguage\":\"fi\"}]}<\/script>\n<!-- \/ Yoast SEO plugin. -->","yoast_head_json":{"title":"Klubin syntyhistoria - H\u00e4meenlinna-Verkatehdas","robots":{"index":"index","follow":"follow","max-snippet":"max-snippet:-1","max-image-preview":"max-image-preview:large","max-video-preview":"max-video-preview:-1"},"canonical":"https:\/\/rotary.fi\/hameenlinnaverkatehdas\/keita-olemme\/ilo-esitella\/","og_locale":"fi_FI","og_type":"article","og_title":"Klubin syntyhistoria - H\u00e4meenlinna-Verkatehdas","og_description":"Ilo esitell\u00e4 Klubimme syntyhistoria 20.1.2007.Charter-juhla 20.1.2007 &nbsp; H\u00e4meenlinna-Verkatehtaan Rotaryklubin perustamisen ajatus l\u00e4hti 2000-luvun alussa p\u00e4\u00e4osin siit\u00e4, ett\u00e4 haluttiin puolen p\u00e4iv\u00e4n kokousaikoihin vaihtoehtoinen kokoontumisajankohta \u2013 aamu. Aulangon Rotaryklubi teki p\u00e4\u00e4t\u00f6ksen vuonna 2004 toimia uuden klubin kummina. H\u00e4meenlinnassa oli tuolloin kolme rotaryklubia. Kokousymp\u00e4rist\u00f6ksi valikoitui Verkatehtaan ymp\u00e4rist\u00f6, kulttuuriymp\u00e4rist\u00f6, mist\u00e4 klubikin sai nimens\u00e4. Aluksi kokoonnuttiin silloisella Viinivintill\u00e4. Heti alkuun [&hellip;]","og_url":"https:\/\/rotary.fi\/hameenlinnaverkatehdas\/keita-olemme\/ilo-esitella\/","og_site_name":"H\u00e4meenlinna-Verkatehdas","article_modified_time":"2020-02-25T09:52:02+00:00","og_image":[{"url":"https:\/\/rotary.fi\/hameenlinnaverkatehdas\/wp-content\/uploads\/sites\/95\/2020\/02\/pict4630-300x225.jpg","type":"","width":"","height":""}],"twitter_card":"summary_large_image","twitter_misc":{"Arvioitu lukuaika":"2 minuuttia"},"schema":{"@context":"https:\/\/schema.org","@graph":[{"@type":"WebPage","@id":"https:\/\/rotary.fi\/hameenlinnaverkatehdas\/keita-olemme\/ilo-esitella\/","url":"https:\/\/rotary.fi\/hameenlinnaverkatehdas\/keita-olemme\/ilo-esitella\/","name":"Klubin syntyhistoria - H\u00e4meenlinna-Verkatehdas","isPartOf":{"@id":"https:\/\/rotary.fi\/hameenlinnaverkatehdas\/#website"},"primaryImageOfPage":{"@id":"https:\/\/rotary.fi\/hameenlinnaverkatehdas\/keita-olemme\/ilo-esitella\/#primaryimage"},"image":{"@id":"https:\/\/rotary.fi\/hameenlinnaverkatehdas\/keita-olemme\/ilo-esitella\/#primaryimage"},"thumbnailUrl":"https:\/\/rotary.fi\/hameenlinnaverkatehdas\/wp-content\/uploads\/sites\/95\/2020\/02\/pict4630-300x225.jpg","datePublished":"2018-08-10T11:04:45+00:00","dateModified":"2020-02-25T09:52:02+00:00","breadcrumb":{"@id":"https:\/\/rotary.fi\/hameenlinnaverkatehdas\/keita-olemme\/ilo-esitella\/#breadcrumb"},"inLanguage":"fi","potentialAction":[{"@type":"ReadAction","target":["https:\/\/rotary.fi\/hameenlinnaverkatehdas\/keita-olemme\/ilo-esitella\/"]}]},{"@type":"ImageObject","inLanguage":"fi","@id":"https:\/\/rotary.fi\/hameenlinnaverkatehdas\/keita-olemme\/ilo-esitella\/#primaryimage","url":"https:\/\/rotary.fi\/hameenlinnaverkatehdas\/wp-content\/uploads\/sites\/95\/2020\/02\/pict4630.jpg","contentUrl":"https:\/\/rotary.fi\/hameenlinnaverkatehdas\/wp-content\/uploads\/sites\/95\/2020\/02\/pict4630.jpg","width":2048,"height":1536},{"@type":"BreadcrumbList","@id":"https:\/\/rotary.fi\/hameenlinnaverkatehdas\/keita-olemme\/ilo-esitella\/#breadcrumb","itemListElement":[{"@type":"ListItem","position":1,"name":"Home","item":"https:\/\/rotary.fi\/hameenlinnaverkatehdas\/"},{"@type":"ListItem","position":2,"name":"Keit\u00e4 olemme","item":"https:\/\/rotary.fi\/hameenlinnaverkatehdas\/keita-olemme\/"},{"@type":"ListItem","position":3,"name":"Klubin syntyhistoria"}]},{"@type":"WebSite","@id":"https:\/\/rotary.fi\/hameenlinnaverkatehdas\/#website","url":"https:\/\/rotary.fi\/hameenlinnaverkatehdas\/","name":"H\u00e4meenlinna-Verkatehdas","description":"Uusi Rotary klubisivusto","potentialAction":[{"@type":"SearchAction","target":{"@type":"EntryPoint","urlTemplate":"https:\/\/rotary.fi\/hameenlinnaverkatehdas\/?s={search_term_string}"},"query-input":{"@type":"PropertyValueSpecification","valueRequired":true,"valueName":"search_term_string"}}],"inLanguage":"fi"}]}},"lang":"fi","translations":{"fi":142,"en":1438},"pll_sync_post":[],"_links":{"self":[{"href":"https:\/\/rotary.fi\/hameenlinnaverkatehdas\/wp-json\/wp\/v2\/pages\/142","targetHints":{"allow":["GET"]}}],"collection":[{"href":"https:\/\/rotary.fi\/hameenlinnaverkatehdas\/wp-json\/wp\/v2\/pages"}],"about":[{"href":"https:\/\/rotary.fi\/hameenlinnaverkatehdas\/wp-json\/wp\/v2\/types\/page"}],"author":[{"embeddable":true,"href":"https:\/\/rotary.fi\/hameenlinnaverkatehdas\/wp-json\/wp\/v2\/users\/1"}],"replies":[{"embeddable":true,"href":"https:\/\/rotary.fi\/hameenlinnaverkatehdas\/wp-json\/wp\/v2\/comments?post=142"}],"version-history":[{"count":21,"href":"https:\/\/rotary.fi\/hameenlinnaverkatehdas\/wp-json\/wp\/v2\/pages\/142\/revisions"}],"predecessor-version":[{"id":2081,"href":"https:\/\/rotary.fi\/hameenlinnaverkatehdas\/wp-json\/wp\/v2\/pages\/142\/revisions\/2081"}],"up":[{"embeddable":true,"href":"https:\/\/rotary.fi\/hameenlinnaverkatehdas\/wp-json\/wp\/v2\/pages\/129"}],"wp:attachment":[{"href":"https:\/\/rotary.fi\/hameenlinnaverkatehdas\/wp-json\/wp\/v2\/media?parent=142"}],"curies":[{"name":"wp","href":"https:\/\/api.w.org\/{rel}","templated":true}]}}