{"id":138,"date":"2018-08-10T14:01:44","date_gmt":"2018-08-10T11:01:44","guid":{"rendered":"https:\/\/rotary.fi\/klubi2\/?page_id=138"},"modified":"2025-07-01T22:44:51","modified_gmt":"2025-07-01T19:44:51","slug":"vuositeema","status":"publish","type":"page","link":"https:\/\/rotary.fi\/hameenlinnaverkatehdas\/keita-olemme\/vuositeema\/","title":{"rendered":"Vuositeema"},"content":{"rendered":"<p>[et_pb_section fb_built=&#8221;1&#8243; module_class=&#8221;jumbotron-page&#8221; _builder_version=&#8221;4.16&#8243; background_image=&#8221;https:\/\/rotary.fi\/hameenlinnaverkatehdas\/wp-content\/uploads\/sites\/95\/2018\/10\/rotary_klubit_alasivu_paakuva_14.jpg&#8221; global_colors_info=&#8221;{}&#8221;][et_pb_row _builder_version=&#8221;4.16&#8243; background_size=&#8221;initial&#8221; background_position=&#8221;top_left&#8221; background_repeat=&#8221;repeat&#8221; global_colors_info=&#8221;{}&#8221;][et_pb_column type=&#8221;4_4&#8243; _builder_version=&#8221;4.16&#8243; custom_padding=&#8221;|||&#8221; global_colors_info=&#8221;{}&#8221; custom_padding__hover=&#8221;|||&#8221;][et_pb_text admin_label=&#8221;P\u00e4\u00e4otsikko&#8221; _builder_version=&#8221;4.16&#8243; text_orientation=&#8221;center&#8221; background_layout=&#8221;dark&#8221; global_colors_info=&#8221;{}&#8221;]<\/p>\n<h1>Vuositeema<\/h1>\n<p>&nbsp;<\/p>\n<p>[\/et_pb_text][\/et_pb_column][\/et_pb_row][\/et_pb_section][et_pb_section fb_built=&#8221;1&#8243; specialty=&#8221;on&#8221; module_class_2=&#8221;sivupalkki&#8221; _builder_version=&#8221;4.16&#8243; global_colors_info=&#8221;{}&#8221;][et_pb_column type=&#8221;2_3&#8243; specialty_columns=&#8221;2&#8243; _builder_version=&#8221;4.16&#8243; custom_padding=&#8221;|||&#8221; global_colors_info=&#8221;{}&#8221; custom_padding__hover=&#8221;|||&#8221;][et_pb_row_inner column_structure=&#8221;1_4,1_4,1_4,1_4&#8243; admin_label=&#8221;Rivi&#8221; _builder_version=&#8221;4.16&#8243; global_colors_info=&#8221;{}&#8221;][et_pb_column_inner type=&#8221;1_4&#8243; saved_specialty_column_type=&#8221;2_3&#8243; _builder_version=&#8221;4.16&#8243; custom_padding=&#8221;|||&#8221; custom_css_main_element=&#8221;width:24%!important;&#8221; global_colors_info=&#8221;{}&#8221; custom_padding__hover=&#8221;|||&#8221;][et_pb_image src=&#8221;https:\/\/rotary.fi\/hameenlinnaverkatehdas\/wp-content\/uploads\/sites\/95\/2025\/07\/pm2526-bc-social-rotary-azure-1080&#215;1080-en-us-1-1.jpg&#8221; title_text=&#8221;PM2526-BC-SOCIAL-ROTARY-AZURE-1080&#215;1080-EN-US (1)&#8221; _builder_version=&#8221;4.27.4&#8243; custom_margin=&#8221;||35px|||&#8221; z_index_tablet=&#8221;500&#8243; box_shadow_horizontal_tablet=&#8221;0px&#8221; box_shadow_vertical_tablet=&#8221;0px&#8221; box_shadow_blur_tablet=&#8221;40px&#8221; box_shadow_spread_tablet=&#8221;0px&#8221; global_colors_info=&#8221;{}&#8221;][\/et_pb_image][\/et_pb_column_inner][et_pb_column_inner type=&#8221;1_4&#8243; saved_specialty_column_type=&#8221;2_3&#8243; _builder_version=&#8221;4.16&#8243; custom_padding=&#8221;|||&#8221; custom_css_main_element=&#8221;width:24%!important;&#8221; global_colors_info=&#8221;{}&#8221; custom_padding__hover=&#8221;|||&#8221;][et_pb_image src=&#8221;https:\/\/rotary.fi\/hameenlinnaverkatehdas\/wp-content\/uploads\/sites\/95\/2025\/07\/pm2526-bc-social-rotary-skyblue-1080&#215;1080-en-us-1-1.jpg&#8221; title_text=&#8221;PM2526-BC-SOCIAL-ROTARY-SKYBLUE-1080&#215;1080-EN-US (1)&#8221; _builder_version=&#8221;4.27.4&#8243; custom_margin=&#8221;||35px|||&#8221; z_index_tablet=&#8221;500&#8243; box_shadow_horizontal_tablet=&#8221;0px&#8221; box_shadow_vertical_tablet=&#8221;0px&#8221; box_shadow_blur_tablet=&#8221;40px&#8221; box_shadow_spread_tablet=&#8221;0px&#8221; global_colors_info=&#8221;{}&#8221;][\/et_pb_image][\/et_pb_column_inner][et_pb_column_inner type=&#8221;1_4&#8243; saved_specialty_column_type=&#8221;2_3&#8243; _builder_version=&#8221;4.16&#8243; custom_padding=&#8221;|||&#8221; custom_css_main_element=&#8221;width:24%!important;&#8221; global_colors_info=&#8221;{}&#8221; custom_padding__hover=&#8221;|||&#8221;][et_pb_image src=&#8221;https:\/\/rotary.fi\/hameenlinnaverkatehdas\/wp-content\/uploads\/sites\/95\/2025\/07\/pm2526-bc-social-rotaract-cranberry-1080&#215;1080-en-us-1-1.jpg&#8221; title_text=&#8221;PM2526-BC-SOCIAL-ROTARACT-CRANBERRY-1080&#215;1080-EN-US (1)&#8221; admin_label=&#8221;Kuva&#8221; _builder_version=&#8221;4.27.4&#8243; custom_margin=&#8221;||35px|||&#8221; z_index_tablet=&#8221;500&#8243; box_shadow_horizontal_tablet=&#8221;0px&#8221; box_shadow_vertical_tablet=&#8221;0px&#8221; box_shadow_blur_tablet=&#8221;40px&#8221; box_shadow_spread_tablet=&#8221;0px&#8221; global_colors_info=&#8221;{}&#8221;][\/et_pb_image][\/et_pb_column_inner][et_pb_column_inner type=&#8221;1_4&#8243; saved_specialty_column_type=&#8221;2_3&#8243; _builder_version=&#8221;4.16&#8243; custom_padding=&#8221;|||&#8221; custom_css_main_element=&#8221;display:none;||width:0%!important;&#8221; global_colors_info=&#8221;{}&#8221; custom_padding__hover=&#8221;|||&#8221;][\/et_pb_column_inner][\/et_pb_row_inner][et_pb_row_inner admin_label=&#8221;Rivi&#8221; _builder_version=&#8221;4.16&#8243; global_colors_info=&#8221;{}&#8221;][et_pb_column_inner saved_specialty_column_type=&#8221;2_3&#8243; _builder_version=&#8221;4.16&#8243; custom_padding=&#8221;|||&#8221; global_colors_info=&#8221;{}&#8221; custom_padding__hover=&#8221;|||&#8221;][et_pb_text admin_label=&#8221;Rotary Internationalin vuositeema &#8211; Otsikko&#8221; _builder_version=&#8221;4.27.4&#8243; text_orientation=&#8221;center&#8221; global_colors_info=&#8221;{}&#8221;]<\/p>\n<h1>Rotary Internationalin vuositeema<\/h1>\n<p>[\/et_pb_text][et_pb_text admin_label=&#8221;Teksti&#8221; _builder_version=&#8221;4.27.4&#8243; hover_enabled=&#8221;0&#8243; z_index_tablet=&#8221;500&#8243; global_colors_info=&#8221;{}&#8221; sticky_enabled=&#8221;0&#8243;]<\/p>\n<p data-start=\"34\" data-end=\"213\"><strong data-start=\"34\" data-end=\"162\">Francesco Arezzo, Ragusan Rotary-klubin j\u00e4sen Italiasta, on valittu Rotary Internationalin presidentiksi kaudelle 2025\u20132026.<\/strong> Arezzo aloittaa presidenttikautensa 1. hein\u00e4kuuta.<\/p>\n<p data-start=\"215\" data-end=\"543\">Hallitus piti erityisistunnon RI:n presidentiksi valitun M\u00e1rio C\u00e9sar Martins de Camargon yll\u00e4tt\u00e4v\u00e4n eron j\u00e4lkeen 8. kes\u00e4kuuta. Rotary Internationalin s\u00e4\u00e4nt\u00f6jen ja k\u00e4yt\u00e4nt\u00f6jen mukaisesti hallitus valitsi uuden tulevan presidentin ehdokkaiden joukosta, joita presidenttiehdokkaiden nime\u00e4mistoimikunta oli arvioinut elokuussa 2023.<\/p>\n<p data-start=\"545\" data-end=\"1032\">Vuoden 2025\u20132026 presidentin teema, joka julkistettiin Rotary Internationalin kokouksessa helmikuussa 2025, s\u00e4ilyy ennallaan: <strong data-start=\"671\" data-end=\"716\">&#8221;Yhdess\u00e4 hyv\u00e4n puolesta&#8221; (Unite for Good)<\/strong>. Se kehottaa Rotaryn j\u00e4seni\u00e4 olemaan yhdist\u00e4v\u00e4 voima maailmassa, joka on yh\u00e4 enemm\u00e4n jakautunut politiikan, maantieteen ja ideologioiden mukaan. Palveluprojektiensa kautta Rotary tuo yhteen ihmisi\u00e4 kaikista taustoista \u2014 rodusta, uskonnosta ja ammatista riippumatta \u2014 yhteisess\u00e4 teht\u00e4v\u00e4ss\u00e4 tehd\u00e4 hyv\u00e4\u00e4 yhteis\u00f6iss\u00e4\u00e4n.<\/p>\n<p data-start=\"1034\" data-end=\"1503\">Arezzo on oikomishoidon erikoishammasl\u00e4\u00e4k\u00e4ri ja ty\u00f6skentelee yksityisvastaanotolla. H\u00e4n on aktiivinen kansainv\u00e4lisesti ja kuuluu Italian, Euroopan ja Yhdysvaltojen oikomishoidon yhdistyksiin. H\u00e4n toimii Italian hammasl\u00e4\u00e4k\u00e4riliiton Ragusan maakunnan varapuheenjohtajana ja oli seitsem\u00e4n vuoden ajan Italian kansallisen perint\u00f6s\u00e4\u00e4ti\u00f6n (National Trust for Italy) Ragusan alueosaston perustaja ja johtaja. H\u00e4n on Maltan suvereenin ritarikunnan kunnia- ja kuuliaisuusritari.<\/p>\n<p data-start=\"1505\" data-end=\"1717\">Yli 30 vuotta Rotaryn j\u00e4senen\u00e4 ollut Arezzo on toiminut muun muassa yhteisen strategisen suunnittelukomitean varapuheenjohtajana, RI:n johtokunnan j\u00e4senen\u00e4, kouluttajana sek\u00e4 aluekokousten presidentin edustajana.<\/p>\n<p data-start=\"1719\" data-end=\"1918\">Arezzo on yksi Rotarys\u00e4\u00e4ti\u00f6n suurista lahjoittajista (Major Donor) ja sen tukija (Benefactor). H\u00e4n on naimisissa Anna Maria Criscionen kanssa, joka on yritt\u00e4j\u00e4 matkailualalla. Parilla on kaksi lasta.<\/p>\n<p>[\/et_pb_text][\/et_pb_column_inner][\/et_pb_row_inner][et_pb_row_inner admin_label=&#8221;Rivi&#8221; _builder_version=&#8221;4.16&#8243; global_colors_info=&#8221;{}&#8221;][et_pb_column_inner saved_specialty_column_type=&#8221;2_3&#8243; _builder_version=&#8221;4.16&#8243; custom_padding=&#8221;|||&#8221; global_colors_info=&#8221;{}&#8221; custom_padding__hover=&#8221;|||&#8221;][et_pb_text admin_label=&#8221;Klubin vuositeema &#8211; Otsikko&#8221; _builder_version=&#8221;4.16&#8243; text_orientation=&#8221;center&#8221; z_index_tablet=&#8221;500&#8243; global_colors_info=&#8221;{}&#8221;]<\/p>\n<h4>H\u00e4meenlinna-Verkatehdas Rotaryklubin vuositeema\u00a0<\/h4>\n<p>[\/et_pb_text][et_pb_text _builder_version=&#8221;4.16&#8243; z_index_tablet=&#8221;500&#8243; global_colors_info=&#8221;{}&#8221;]<\/p>\n<p class=\"p1\"><span class=\"s1\">Oma klubimme keskittyy j\u00e4senten aktivoimiseen ja klubin julkisuuskuvan kehitt\u00e4miseen. Olemme aktiivisesti mukana nuorisovaihdossa sek\u00e4 paikallisissa ik\u00e4ihmisiin ja nuorisoon kohdistuvissa palveluprojekteissa.<\/span><\/p>\n<p>[\/et_pb_text][\/et_pb_column_inner][\/et_pb_row_inner][\/et_pb_column][et_pb_column type=&#8221;1_3&#8243; _builder_version=&#8221;4.16&#8243; custom_padding=&#8221;|||&#8221; global_colors_info=&#8221;{}&#8221; custom_padding__hover=&#8221;|||&#8221;][et_pb_sidebar area=&#8221;sidebar-1&#8243; module_class=&#8221;sivupalkki_sisalto&#8221; _builder_version=&#8221;4.16&#8243; locked=&#8221;on&#8221; global_colors_info=&#8221;{}&#8221;]<br \/>\n[\/et_pb_sidebar][\/et_pb_column][\/et_pb_section]<\/p>\n","protected":false},"excerpt":{"rendered":"<p>Vuositeema &nbsp; Rotary Internationalin vuositeemaFrancesco Arezzo, Ragusan Rotary-klubin j\u00e4sen Italiasta, on valittu Rotary Internationalin presidentiksi kaudelle 2025\u20132026. Arezzo aloittaa presidenttikautensa 1. hein\u00e4kuuta. Hallitus piti erityisistunnon RI:n presidentiksi valitun M\u00e1rio C\u00e9sar Martins de Camargon yll\u00e4tt\u00e4v\u00e4n eron j\u00e4lkeen 8. kes\u00e4kuuta. Rotary Internationalin s\u00e4\u00e4nt\u00f6jen ja k\u00e4yt\u00e4nt\u00f6jen mukaisesti hallitus valitsi uuden tulevan presidentin ehdokkaiden joukosta, joita presidenttiehdokkaiden nime\u00e4mistoimikunta oli [&hellip;]<\/p>\n","protected":false},"author":1,"featured_media":0,"parent":129,"menu_order":0,"comment_status":"closed","ping_status":"closed","template":"","meta":{"_acf_changed":false,"_et_pb_use_builder":"on","_et_pb_old_content":"","_et_gb_content_width":"","footnotes":""},"class_list":["post-138","page","type-page","status-publish","hentry"],"acf":[],"yoast_head":"<!-- This site is optimized with the Yoast SEO plugin v27.4 - https:\/\/yoast.com\/product\/yoast-seo-wordpress\/ -->\n<title>Vuositeema - H\u00e4meenlinna-Verkatehdas<\/title>\n<meta name=\"robots\" content=\"index, follow, max-snippet:-1, max-image-preview:large, max-video-preview:-1\" \/>\n<link rel=\"canonical\" href=\"https:\/\/rotary.fi\/hameenlinnaverkatehdas\/keita-olemme\/vuositeema\/\" \/>\n<meta property=\"og:locale\" content=\"fi_FI\" \/>\n<meta property=\"og:type\" content=\"article\" \/>\n<meta property=\"og:title\" content=\"Vuositeema - H\u00e4meenlinna-Verkatehdas\" \/>\n<meta property=\"og:description\" content=\"Vuositeema &nbsp; Rotary Internationalin vuositeemaFrancesco Arezzo, Ragusan Rotary-klubin j\u00e4sen Italiasta, on valittu Rotary Internationalin presidentiksi kaudelle 2025\u20132026. Arezzo aloittaa presidenttikautensa 1. hein\u00e4kuuta. Hallitus piti erityisistunnon RI:n presidentiksi valitun M\u00e1rio C\u00e9sar Martins de Camargon yll\u00e4tt\u00e4v\u00e4n eron j\u00e4lkeen 8. kes\u00e4kuuta. Rotary Internationalin s\u00e4\u00e4nt\u00f6jen ja k\u00e4yt\u00e4nt\u00f6jen mukaisesti hallitus valitsi uuden tulevan presidentin ehdokkaiden joukosta, joita presidenttiehdokkaiden nime\u00e4mistoimikunta oli [&hellip;]\" \/>\n<meta property=\"og:url\" content=\"https:\/\/rotary.fi\/hameenlinnaverkatehdas\/keita-olemme\/vuositeema\/\" \/>\n<meta property=\"og:site_name\" content=\"H\u00e4meenlinna-Verkatehdas\" \/>\n<meta property=\"article:modified_time\" content=\"2025-07-01T19:44:51+00:00\" \/>\n<meta name=\"twitter:card\" content=\"summary_large_image\" \/>\n<meta name=\"twitter:label1\" content=\"Arvioitu lukuaika\" \/>\n\t<meta name=\"twitter:data1\" content=\"3 minuuttia\" \/>\n<script type=\"application\/ld+json\" class=\"yoast-schema-graph\">{\"@context\":\"https:\\\/\\\/schema.org\",\"@graph\":[{\"@type\":\"WebPage\",\"@id\":\"https:\\\/\\\/rotary.fi\\\/hameenlinnaverkatehdas\\\/keita-olemme\\\/vuositeema\\\/\",\"url\":\"https:\\\/\\\/rotary.fi\\\/hameenlinnaverkatehdas\\\/keita-olemme\\\/vuositeema\\\/\",\"name\":\"Vuositeema - H\u00e4meenlinna-Verkatehdas\",\"isPartOf\":{\"@id\":\"https:\\\/\\\/rotary.fi\\\/hameenlinnaverkatehdas\\\/#website\"},\"datePublished\":\"2018-08-10T11:01:44+00:00\",\"dateModified\":\"2025-07-01T19:44:51+00:00\",\"breadcrumb\":{\"@id\":\"https:\\\/\\\/rotary.fi\\\/hameenlinnaverkatehdas\\\/keita-olemme\\\/vuositeema\\\/#breadcrumb\"},\"inLanguage\":\"fi\",\"potentialAction\":[{\"@type\":\"ReadAction\",\"target\":[\"https:\\\/\\\/rotary.fi\\\/hameenlinnaverkatehdas\\\/keita-olemme\\\/vuositeema\\\/\"]}]},{\"@type\":\"BreadcrumbList\",\"@id\":\"https:\\\/\\\/rotary.fi\\\/hameenlinnaverkatehdas\\\/keita-olemme\\\/vuositeema\\\/#breadcrumb\",\"itemListElement\":[{\"@type\":\"ListItem\",\"position\":1,\"name\":\"Home\",\"item\":\"https:\\\/\\\/rotary.fi\\\/hameenlinnaverkatehdas\\\/\"},{\"@type\":\"ListItem\",\"position\":2,\"name\":\"Keit\u00e4 olemme\",\"item\":\"https:\\\/\\\/rotary.fi\\\/hameenlinnaverkatehdas\\\/keita-olemme\\\/\"},{\"@type\":\"ListItem\",\"position\":3,\"name\":\"Vuositeema\"}]},{\"@type\":\"WebSite\",\"@id\":\"https:\\\/\\\/rotary.fi\\\/hameenlinnaverkatehdas\\\/#website\",\"url\":\"https:\\\/\\\/rotary.fi\\\/hameenlinnaverkatehdas\\\/\",\"name\":\"H\u00e4meenlinna-Verkatehdas\",\"description\":\"Uusi Rotary klubisivusto\",\"potentialAction\":[{\"@type\":\"SearchAction\",\"target\":{\"@type\":\"EntryPoint\",\"urlTemplate\":\"https:\\\/\\\/rotary.fi\\\/hameenlinnaverkatehdas\\\/?s={search_term_string}\"},\"query-input\":{\"@type\":\"PropertyValueSpecification\",\"valueRequired\":true,\"valueName\":\"search_term_string\"}}],\"inLanguage\":\"fi\"}]}<\/script>\n<!-- \/ Yoast SEO plugin. -->","yoast_head_json":{"title":"Vuositeema - H\u00e4meenlinna-Verkatehdas","robots":{"index":"index","follow":"follow","max-snippet":"max-snippet:-1","max-image-preview":"max-image-preview:large","max-video-preview":"max-video-preview:-1"},"canonical":"https:\/\/rotary.fi\/hameenlinnaverkatehdas\/keita-olemme\/vuositeema\/","og_locale":"fi_FI","og_type":"article","og_title":"Vuositeema - H\u00e4meenlinna-Verkatehdas","og_description":"Vuositeema &nbsp; Rotary Internationalin vuositeemaFrancesco Arezzo, Ragusan Rotary-klubin j\u00e4sen Italiasta, on valittu Rotary Internationalin presidentiksi kaudelle 2025\u20132026. Arezzo aloittaa presidenttikautensa 1. hein\u00e4kuuta. Hallitus piti erityisistunnon RI:n presidentiksi valitun M\u00e1rio C\u00e9sar Martins de Camargon yll\u00e4tt\u00e4v\u00e4n eron j\u00e4lkeen 8. kes\u00e4kuuta. Rotary Internationalin s\u00e4\u00e4nt\u00f6jen ja k\u00e4yt\u00e4nt\u00f6jen mukaisesti hallitus valitsi uuden tulevan presidentin ehdokkaiden joukosta, joita presidenttiehdokkaiden nime\u00e4mistoimikunta oli [&hellip;]","og_url":"https:\/\/rotary.fi\/hameenlinnaverkatehdas\/keita-olemme\/vuositeema\/","og_site_name":"H\u00e4meenlinna-Verkatehdas","article_modified_time":"2025-07-01T19:44:51+00:00","twitter_card":"summary_large_image","twitter_misc":{"Arvioitu lukuaika":"3 minuuttia"},"schema":{"@context":"https:\/\/schema.org","@graph":[{"@type":"WebPage","@id":"https:\/\/rotary.fi\/hameenlinnaverkatehdas\/keita-olemme\/vuositeema\/","url":"https:\/\/rotary.fi\/hameenlinnaverkatehdas\/keita-olemme\/vuositeema\/","name":"Vuositeema - H\u00e4meenlinna-Verkatehdas","isPartOf":{"@id":"https:\/\/rotary.fi\/hameenlinnaverkatehdas\/#website"},"datePublished":"2018-08-10T11:01:44+00:00","dateModified":"2025-07-01T19:44:51+00:00","breadcrumb":{"@id":"https:\/\/rotary.fi\/hameenlinnaverkatehdas\/keita-olemme\/vuositeema\/#breadcrumb"},"inLanguage":"fi","potentialAction":[{"@type":"ReadAction","target":["https:\/\/rotary.fi\/hameenlinnaverkatehdas\/keita-olemme\/vuositeema\/"]}]},{"@type":"BreadcrumbList","@id":"https:\/\/rotary.fi\/hameenlinnaverkatehdas\/keita-olemme\/vuositeema\/#breadcrumb","itemListElement":[{"@type":"ListItem","position":1,"name":"Home","item":"https:\/\/rotary.fi\/hameenlinnaverkatehdas\/"},{"@type":"ListItem","position":2,"name":"Keit\u00e4 olemme","item":"https:\/\/rotary.fi\/hameenlinnaverkatehdas\/keita-olemme\/"},{"@type":"ListItem","position":3,"name":"Vuositeema"}]},{"@type":"WebSite","@id":"https:\/\/rotary.fi\/hameenlinnaverkatehdas\/#website","url":"https:\/\/rotary.fi\/hameenlinnaverkatehdas\/","name":"H\u00e4meenlinna-Verkatehdas","description":"Uusi Rotary klubisivusto","potentialAction":[{"@type":"SearchAction","target":{"@type":"EntryPoint","urlTemplate":"https:\/\/rotary.fi\/hameenlinnaverkatehdas\/?s={search_term_string}"},"query-input":{"@type":"PropertyValueSpecification","valueRequired":true,"valueName":"search_term_string"}}],"inLanguage":"fi"}]}},"lang":"fi","translations":{"fi":138,"en":1430},"pll_sync_post":[],"_links":{"self":[{"href":"https:\/\/rotary.fi\/hameenlinnaverkatehdas\/wp-json\/wp\/v2\/pages\/138","targetHints":{"allow":["GET"]}}],"collection":[{"href":"https:\/\/rotary.fi\/hameenlinnaverkatehdas\/wp-json\/wp\/v2\/pages"}],"about":[{"href":"https:\/\/rotary.fi\/hameenlinnaverkatehdas\/wp-json\/wp\/v2\/types\/page"}],"author":[{"embeddable":true,"href":"https:\/\/rotary.fi\/hameenlinnaverkatehdas\/wp-json\/wp\/v2\/users\/1"}],"replies":[{"embeddable":true,"href":"https:\/\/rotary.fi\/hameenlinnaverkatehdas\/wp-json\/wp\/v2\/comments?post=138"}],"version-history":[{"count":11,"href":"https:\/\/rotary.fi\/hameenlinnaverkatehdas\/wp-json\/wp\/v2\/pages\/138\/revisions"}],"predecessor-version":[{"id":3474,"href":"https:\/\/rotary.fi\/hameenlinnaverkatehdas\/wp-json\/wp\/v2\/pages\/138\/revisions\/3474"}],"up":[{"embeddable":true,"href":"https:\/\/rotary.fi\/hameenlinnaverkatehdas\/wp-json\/wp\/v2\/pages\/129"}],"wp:attachment":[{"href":"https:\/\/rotary.fi\/hameenlinnaverkatehdas\/wp-json\/wp\/v2\/media?parent=138"}],"curies":[{"name":"wp","href":"https:\/\/api.w.org\/{rel}","templated":true}]}}