{"id":89,"date":"2018-08-09T15:10:00","date_gmt":"2018-08-09T12:10:00","guid":{"rendered":"https:\/\/rotary.fi\/klubi2\/?page_id=89"},"modified":"2026-03-18T17:17:31","modified_gmt":"2026-03-18T15:17:31","slug":"tule-mukaan","status":"publish","type":"page","link":"https:\/\/rotary.fi\/hameenlinna\/tule-mukaan\/","title":{"rendered":"Tule mukaan"},"content":{"rendered":"<p>[et_pb_section fb_built=&#8221;1&#8243; _builder_version=&#8221;4.16&#8243; global_colors_info=&#8221;{}&#8221;][et_pb_row _builder_version=&#8221;4.16&#8243; background_size=&#8221;initial&#8221; background_position=&#8221;top_left&#8221; background_repeat=&#8221;repeat&#8221; global_colors_info=&#8221;{}&#8221;][et_pb_column type=&#8221;4_4&#8243; _builder_version=&#8221;4.16&#8243; custom_padding=&#8221;|||&#8221; global_colors_info=&#8221;{}&#8221; custom_padding__hover=&#8221;|||&#8221;][et_pb_text _builder_version=&#8221;4.16&#8243; background_size=&#8221;initial&#8221; background_position=&#8221;top_left&#8221; background_repeat=&#8221;repeat&#8221; global_colors_info=&#8221;{}&#8221;]<\/p>\n<p>Ota yhteytt\u00e4 klubimme toimihenkil\u00f6ihin ja kysy lis\u00e4\u00e4 tai kerro halukkuudestasi liitty\u00e4 klubin j\u00e4seneksi.<\/p>\n<p>Presidentti Kaj Nordenswan, puh. 050-5709432, kaj.nordenswan(at)pp.inet.fi<\/p>\n<p>Sihteeri Heimo Toiviainen, puh. 044-5166747, heimo.j.toiviainen(at)gmail.com<\/p>\n<p>[\/et_pb_text][\/et_pb_column][\/et_pb_row][\/et_pb_section]<\/p>\n","protected":false},"excerpt":{"rendered":"<p>Ota yhteytt\u00e4 klubimme toimihenkil\u00f6ihin ja kysy lis\u00e4\u00e4 tai kerro halukkuudestasi liitty\u00e4 klubin j\u00e4seneksi. Presidentti Kaj Nordenswan, puh. 050-5709432, kaj.nordenswan(at)pp.inet.fi Sihteeri Heimo Toiviainen, puh. 044-5166747, heimo.j.toiviainen(at)gmail.com<\/p>\n","protected":false},"author":1,"featured_media":0,"parent":0,"menu_order":0,"comment_status":"closed","ping_status":"closed","template":"","meta":{"_acf_changed":false,"_et_pb_use_builder":"on","_et_pb_old_content":"<p>Ota yhteytt\u00e4 klubimme toimihenkil\u00f6ihin ja kysy lis\u00e4\u00e4 tai kerro halukkuudestasi liitty\u00e4 klubin j\u00e4seneksi.<\/p><p>Presidentti Jukka Kuussaari, puh 040-0511331, jukka.kuussaari(at)vetcare.fi<\/p><p>Sihteeri Heimo Toiviainen, puh. 044-5166747, heimo.j.toiviainen(at)gmail.com<\/p>","_et_gb_content_width":"","footnotes":""},"class_list":["post-89","page","type-page","status-publish","hentry"],"acf":[],"yoast_head":"<!-- This site is optimized with the Yoast SEO plugin v27.0 - https:\/\/yoast.com\/product\/yoast-seo-wordpress\/ -->\n<title>Tule mukaan - H\u00e4meenlinnan Rotaryklubi ry<\/title>\n<meta name=\"robots\" content=\"index, follow, max-snippet:-1, max-image-preview:large, max-video-preview:-1\" \/>\n<link rel=\"canonical\" href=\"https:\/\/rotary.fi\/hameenlinna\/tule-mukaan\/\" \/>\n<meta property=\"og:locale\" content=\"fi_FI\" \/>\n<meta property=\"og:type\" content=\"article\" \/>\n<meta property=\"og:title\" content=\"Tule mukaan - H\u00e4meenlinnan Rotaryklubi ry\" \/>\n<meta property=\"og:description\" content=\"Ota yhteytt\u00e4 klubimme toimihenkil\u00f6ihin ja kysy lis\u00e4\u00e4 tai kerro halukkuudestasi liitty\u00e4 klubin j\u00e4seneksi. Presidentti Kaj Nordenswan, puh. 050-5709432, kaj.nordenswan(at)pp.inet.fi Sihteeri Heimo Toiviainen, puh. 044-5166747, heimo.j.toiviainen(at)gmail.com\" \/>\n<meta property=\"og:url\" content=\"https:\/\/rotary.fi\/hameenlinna\/tule-mukaan\/\" \/>\n<meta property=\"og:site_name\" content=\"H\u00e4meenlinnan Rotaryklubi ry\" \/>\n<meta property=\"article:modified_time\" content=\"2026-03-18T15:17:31+00:00\" \/>\n<meta name=\"twitter:card\" content=\"summary_large_image\" \/>\n<meta name=\"twitter:label1\" content=\"Arvioitu lukuaika\" \/>\n\t<meta name=\"twitter:data1\" content=\"1 minuutti\" \/>\n<script type=\"application\/ld+json\" class=\"yoast-schema-graph\">{\"@context\":\"https:\/\/schema.org\",\"@graph\":[{\"@type\":\"WebPage\",\"@id\":\"https:\/\/rotary.fi\/hameenlinna\/tule-mukaan\/\",\"url\":\"https:\/\/rotary.fi\/hameenlinna\/tule-mukaan\/\",\"name\":\"Tule mukaan - H\u00e4meenlinnan Rotaryklubi ry\",\"isPartOf\":{\"@id\":\"https:\/\/rotary.fi\/hameenlinna\/#website\"},\"datePublished\":\"2018-08-09T12:10:00+00:00\",\"dateModified\":\"2026-03-18T15:17:31+00:00\",\"breadcrumb\":{\"@id\":\"https:\/\/rotary.fi\/hameenlinna\/tule-mukaan\/#breadcrumb\"},\"inLanguage\":\"fi\",\"potentialAction\":[{\"@type\":\"ReadAction\",\"target\":[\"https:\/\/rotary.fi\/hameenlinna\/tule-mukaan\/\"]}]},{\"@type\":\"BreadcrumbList\",\"@id\":\"https:\/\/rotary.fi\/hameenlinna\/tule-mukaan\/#breadcrumb\",\"itemListElement\":[{\"@type\":\"ListItem\",\"position\":1,\"name\":\"Home\",\"item\":\"https:\/\/rotary.fi\/hameenlinna\/\"},{\"@type\":\"ListItem\",\"position\":2,\"name\":\"Tule mukaan\"}]},{\"@type\":\"WebSite\",\"@id\":\"https:\/\/rotary.fi\/hameenlinna\/#website\",\"url\":\"https:\/\/rotary.fi\/hameenlinna\/\",\"name\":\"H\u00e4meenlinnan Rotaryklubi ry\",\"description\":\"Uusi Rotary klubisivusto\",\"publisher\":{\"@id\":\"https:\/\/rotary.fi\/hameenlinna\/#organization\"},\"potentialAction\":[{\"@type\":\"SearchAction\",\"target\":{\"@type\":\"EntryPoint\",\"urlTemplate\":\"https:\/\/rotary.fi\/hameenlinna\/?s={search_term_string}\"},\"query-input\":{\"@type\":\"PropertyValueSpecification\",\"valueRequired\":true,\"valueName\":\"search_term_string\"}}],\"inLanguage\":\"fi\"},{\"@type\":\"Organization\",\"@id\":\"https:\/\/rotary.fi\/hameenlinna\/#organization\",\"name\":\"H\u00e4meenlinnan Rotaryklubi ry\",\"url\":\"https:\/\/rotary.fi\/hameenlinna\/\",\"logo\":{\"@type\":\"ImageObject\",\"inLanguage\":\"fi\",\"@id\":\"https:\/\/rotary.fi\/hameenlinna\/#\/schema\/logo\/image\/\",\"url\":\"https:\/\/rotary.fi\/hameenlinna\/wp-content\/uploads\/sites\/248\/2018\/08\/rotary-logo-main-2.png\",\"contentUrl\":\"https:\/\/rotary.fi\/hameenlinna\/wp-content\/uploads\/sites\/248\/2018\/08\/rotary-logo-main-2.png\",\"width\":135,\"height\":52,\"caption\":\"H\u00e4meenlinnan Rotaryklubi ry\"},\"image\":{\"@id\":\"https:\/\/rotary.fi\/hameenlinna\/#\/schema\/logo\/image\/\"}}]}<\/script>\n<!-- \/ Yoast SEO plugin. -->","yoast_head_json":{"title":"Tule mukaan - H\u00e4meenlinnan Rotaryklubi ry","robots":{"index":"index","follow":"follow","max-snippet":"max-snippet:-1","max-image-preview":"max-image-preview:large","max-video-preview":"max-video-preview:-1"},"canonical":"https:\/\/rotary.fi\/hameenlinna\/tule-mukaan\/","og_locale":"fi_FI","og_type":"article","og_title":"Tule mukaan - H\u00e4meenlinnan Rotaryklubi ry","og_description":"Ota yhteytt\u00e4 klubimme toimihenkil\u00f6ihin ja kysy lis\u00e4\u00e4 tai kerro halukkuudestasi liitty\u00e4 klubin j\u00e4seneksi. Presidentti Kaj Nordenswan, puh. 050-5709432, kaj.nordenswan(at)pp.inet.fi Sihteeri Heimo Toiviainen, puh. 044-5166747, heimo.j.toiviainen(at)gmail.com","og_url":"https:\/\/rotary.fi\/hameenlinna\/tule-mukaan\/","og_site_name":"H\u00e4meenlinnan Rotaryklubi ry","article_modified_time":"2026-03-18T15:17:31+00:00","twitter_card":"summary_large_image","twitter_misc":{"Arvioitu lukuaika":"1 minuutti"},"schema":{"@context":"https:\/\/schema.org","@graph":[{"@type":"WebPage","@id":"https:\/\/rotary.fi\/hameenlinna\/tule-mukaan\/","url":"https:\/\/rotary.fi\/hameenlinna\/tule-mukaan\/","name":"Tule mukaan - H\u00e4meenlinnan Rotaryklubi ry","isPartOf":{"@id":"https:\/\/rotary.fi\/hameenlinna\/#website"},"datePublished":"2018-08-09T12:10:00+00:00","dateModified":"2026-03-18T15:17:31+00:00","breadcrumb":{"@id":"https:\/\/rotary.fi\/hameenlinna\/tule-mukaan\/#breadcrumb"},"inLanguage":"fi","potentialAction":[{"@type":"ReadAction","target":["https:\/\/rotary.fi\/hameenlinna\/tule-mukaan\/"]}]},{"@type":"BreadcrumbList","@id":"https:\/\/rotary.fi\/hameenlinna\/tule-mukaan\/#breadcrumb","itemListElement":[{"@type":"ListItem","position":1,"name":"Home","item":"https:\/\/rotary.fi\/hameenlinna\/"},{"@type":"ListItem","position":2,"name":"Tule mukaan"}]},{"@type":"WebSite","@id":"https:\/\/rotary.fi\/hameenlinna\/#website","url":"https:\/\/rotary.fi\/hameenlinna\/","name":"H\u00e4meenlinnan Rotaryklubi ry","description":"Uusi Rotary klubisivusto","publisher":{"@id":"https:\/\/rotary.fi\/hameenlinna\/#organization"},"potentialAction":[{"@type":"SearchAction","target":{"@type":"EntryPoint","urlTemplate":"https:\/\/rotary.fi\/hameenlinna\/?s={search_term_string}"},"query-input":{"@type":"PropertyValueSpecification","valueRequired":true,"valueName":"search_term_string"}}],"inLanguage":"fi"},{"@type":"Organization","@id":"https:\/\/rotary.fi\/hameenlinna\/#organization","name":"H\u00e4meenlinnan Rotaryklubi ry","url":"https:\/\/rotary.fi\/hameenlinna\/","logo":{"@type":"ImageObject","inLanguage":"fi","@id":"https:\/\/rotary.fi\/hameenlinna\/#\/schema\/logo\/image\/","url":"https:\/\/rotary.fi\/hameenlinna\/wp-content\/uploads\/sites\/248\/2018\/08\/rotary-logo-main-2.png","contentUrl":"https:\/\/rotary.fi\/hameenlinna\/wp-content\/uploads\/sites\/248\/2018\/08\/rotary-logo-main-2.png","width":135,"height":52,"caption":"H\u00e4meenlinnan Rotaryklubi ry"},"image":{"@id":"https:\/\/rotary.fi\/hameenlinna\/#\/schema\/logo\/image\/"}}]}},"lang":"fi","translations":{"fi":89},"pll_sync_post":[],"_links":{"self":[{"href":"https:\/\/rotary.fi\/hameenlinna\/wp-json\/wp\/v2\/pages\/89","targetHints":{"allow":["GET"]}}],"collection":[{"href":"https:\/\/rotary.fi\/hameenlinna\/wp-json\/wp\/v2\/pages"}],"about":[{"href":"https:\/\/rotary.fi\/hameenlinna\/wp-json\/wp\/v2\/types\/page"}],"author":[{"embeddable":true,"href":"https:\/\/rotary.fi\/hameenlinna\/wp-json\/wp\/v2\/users\/1"}],"replies":[{"embeddable":true,"href":"https:\/\/rotary.fi\/hameenlinna\/wp-json\/wp\/v2\/comments?post=89"}],"version-history":[{"count":10,"href":"https:\/\/rotary.fi\/hameenlinna\/wp-json\/wp\/v2\/pages\/89\/revisions"}],"predecessor-version":[{"id":2120,"href":"https:\/\/rotary.fi\/hameenlinna\/wp-json\/wp\/v2\/pages\/89\/revisions\/2120"}],"wp:attachment":[{"href":"https:\/\/rotary.fi\/hameenlinna\/wp-json\/wp\/v2\/media?parent=89"}],"curies":[{"name":"wp","href":"https:\/\/api.w.org\/{rel}","templated":true}]}}