{"id":258,"date":"2018-10-23T10:46:39","date_gmt":"2018-10-23T07:46:39","guid":{"rendered":"https:\/\/rotary.fi\/hameenlinna\/?page_id=258"},"modified":"2026-03-19T11:53:18","modified_gmt":"2026-03-19T09:53:18","slug":"klubin-omat-ohjeet","status":"publish","type":"page","link":"https:\/\/rotary.fi\/hameenlinna\/klubin-omat-ohjeet\/","title":{"rendered":"Klubin omat ohjeet"},"content":{"rendered":"","protected":true},"excerpt":{"rendered":"","protected":true},"author":1,"featured_media":0,"parent":0,"menu_order":0,"comment_status":"closed","ping_status":"closed","template":"","meta":{"_acf_changed":false,"_et_pb_use_builder":"on","_et_pb_old_content":"","_et_gb_content_width":"","footnotes":""},"class_list":["post-258","page","type-page","status-publish","post-password-required","hentry"],"acf":[],"yoast_head":"<!-- This site is optimized with the Yoast SEO plugin v27.0 - https:\/\/yoast.com\/product\/yoast-seo-wordpress\/ -->\n<title>Klubin omat ohjeet - H\u00e4meenlinnan Rotaryklubi ry<\/title>\n<meta name=\"robots\" content=\"index, follow, max-snippet:-1, max-image-preview:large, max-video-preview:-1\" \/>\n<link rel=\"canonical\" href=\"https:\/\/rotary.fi\/hameenlinna\/klubin-omat-ohjeet\/\" \/>\n<meta property=\"og:locale\" content=\"fi_FI\" \/>\n<meta property=\"og:type\" content=\"article\" \/>\n<meta property=\"og:title\" content=\"Klubin omat ohjeet - H\u00e4meenlinnan Rotaryklubi ry\" \/>\n<meta property=\"og:description\" content=\"Otetta ei n\u00e4ytet\u00e4, koska artikkeli on suojattu.\" \/>\n<meta property=\"og:url\" content=\"https:\/\/rotary.fi\/hameenlinna\/klubin-omat-ohjeet\/\" \/>\n<meta property=\"og:site_name\" content=\"H\u00e4meenlinnan Rotaryklubi ry\" \/>\n<meta property=\"article:modified_time\" content=\"2026-03-19T09:53:18+00:00\" \/>\n<meta name=\"twitter:card\" content=\"summary_large_image\" \/>\n<meta name=\"twitter:label1\" content=\"Arvioitu lukuaika\" \/>\n\t<meta name=\"twitter:data1\" content=\"1 minuutti\" \/>\n<script type=\"application\/ld+json\" class=\"yoast-schema-graph\">{\"@context\":\"https:\/\/schema.org\",\"@graph\":[{\"@type\":\"WebPage\",\"@id\":\"https:\/\/rotary.fi\/hameenlinna\/klubin-omat-ohjeet\/\",\"url\":\"https:\/\/rotary.fi\/hameenlinna\/klubin-omat-ohjeet\/\",\"name\":\"Klubin omat ohjeet - H\u00e4meenlinnan Rotaryklubi ry\",\"isPartOf\":{\"@id\":\"https:\/\/rotary.fi\/hameenlinna\/#website\"},\"datePublished\":\"2018-10-23T07:46:39+00:00\",\"dateModified\":\"2026-03-19T09:53:18+00:00\",\"breadcrumb\":{\"@id\":\"https:\/\/rotary.fi\/hameenlinna\/klubin-omat-ohjeet\/#breadcrumb\"},\"inLanguage\":\"fi\"},{\"@type\":\"WebSite\",\"@id\":\"https:\/\/rotary.fi\/hameenlinna\/#website\",\"url\":\"https:\/\/rotary.fi\/hameenlinna\/\",\"name\":\"H\u00e4meenlinnan Rotaryklubi ry\",\"description\":\"Uusi Rotary klubisivusto\",\"publisher\":{\"@id\":\"https:\/\/rotary.fi\/hameenlinna\/#organization\"},\"potentialAction\":[{\"@type\":\"SearchAction\",\"target\":{\"@type\":\"EntryPoint\",\"urlTemplate\":\"https:\/\/rotary.fi\/hameenlinna\/?s={search_term_string}\"},\"query-input\":{\"@type\":\"PropertyValueSpecification\",\"valueRequired\":true,\"valueName\":\"search_term_string\"}}],\"inLanguage\":\"fi\"},{\"@type\":\"Organization\",\"@id\":\"https:\/\/rotary.fi\/hameenlinna\/#organization\",\"name\":\"H\u00e4meenlinnan Rotaryklubi ry\",\"url\":\"https:\/\/rotary.fi\/hameenlinna\/\",\"logo\":{\"@type\":\"ImageObject\",\"inLanguage\":\"fi\",\"@id\":\"https:\/\/rotary.fi\/hameenlinna\/#\/schema\/logo\/image\/\",\"url\":\"https:\/\/rotary.fi\/hameenlinna\/wp-content\/uploads\/sites\/248\/2018\/08\/rotary-logo-main-2.png\",\"contentUrl\":\"https:\/\/rotary.fi\/hameenlinna\/wp-content\/uploads\/sites\/248\/2018\/08\/rotary-logo-main-2.png\",\"width\":135,\"height\":52,\"caption\":\"H\u00e4meenlinnan Rotaryklubi ry\"},\"image\":{\"@id\":\"https:\/\/rotary.fi\/hameenlinna\/#\/schema\/logo\/image\/\"}}]}<\/script>\n<!-- \/ Yoast SEO plugin. -->","yoast_head_json":{"title":"Klubin omat ohjeet - H\u00e4meenlinnan Rotaryklubi ry","robots":{"index":"index","follow":"follow","max-snippet":"max-snippet:-1","max-image-preview":"max-image-preview:large","max-video-preview":"max-video-preview:-1"},"canonical":"https:\/\/rotary.fi\/hameenlinna\/klubin-omat-ohjeet\/","og_locale":"fi_FI","og_type":"article","og_title":"Klubin omat ohjeet - H\u00e4meenlinnan Rotaryklubi ry","og_description":"Otetta ei n\u00e4ytet\u00e4, koska artikkeli on suojattu.","og_url":"https:\/\/rotary.fi\/hameenlinna\/klubin-omat-ohjeet\/","og_site_name":"H\u00e4meenlinnan Rotaryklubi ry","article_modified_time":"2026-03-19T09:53:18+00:00","twitter_card":"summary_large_image","twitter_misc":{"Arvioitu lukuaika":"1 minuutti"},"schema":{"@context":"https:\/\/schema.org","@graph":[{"@type":"WebPage","@id":"https:\/\/rotary.fi\/hameenlinna\/klubin-omat-ohjeet\/","url":"https:\/\/rotary.fi\/hameenlinna\/klubin-omat-ohjeet\/","name":"Klubin omat ohjeet - H\u00e4meenlinnan Rotaryklubi ry","isPartOf":{"@id":"https:\/\/rotary.fi\/hameenlinna\/#website"},"datePublished":"2018-10-23T07:46:39+00:00","dateModified":"2026-03-19T09:53:18+00:00","breadcrumb":{"@id":"https:\/\/rotary.fi\/hameenlinna\/klubin-omat-ohjeet\/#breadcrumb"},"inLanguage":"fi"},{"@type":"WebSite","@id":"https:\/\/rotary.fi\/hameenlinna\/#website","url":"https:\/\/rotary.fi\/hameenlinna\/","name":"H\u00e4meenlinnan Rotaryklubi ry","description":"Uusi Rotary klubisivusto","publisher":{"@id":"https:\/\/rotary.fi\/hameenlinna\/#organization"},"potentialAction":[{"@type":"SearchAction","target":{"@type":"EntryPoint","urlTemplate":"https:\/\/rotary.fi\/hameenlinna\/?s={search_term_string}"},"query-input":{"@type":"PropertyValueSpecification","valueRequired":true,"valueName":"search_term_string"}}],"inLanguage":"fi"},{"@type":"Organization","@id":"https:\/\/rotary.fi\/hameenlinna\/#organization","name":"H\u00e4meenlinnan Rotaryklubi ry","url":"https:\/\/rotary.fi\/hameenlinna\/","logo":{"@type":"ImageObject","inLanguage":"fi","@id":"https:\/\/rotary.fi\/hameenlinna\/#\/schema\/logo\/image\/","url":"https:\/\/rotary.fi\/hameenlinna\/wp-content\/uploads\/sites\/248\/2018\/08\/rotary-logo-main-2.png","contentUrl":"https:\/\/rotary.fi\/hameenlinna\/wp-content\/uploads\/sites\/248\/2018\/08\/rotary-logo-main-2.png","width":135,"height":52,"caption":"H\u00e4meenlinnan Rotaryklubi ry"},"image":{"@id":"https:\/\/rotary.fi\/hameenlinna\/#\/schema\/logo\/image\/"}}]}},"lang":"fi","translations":{"fi":258},"pll_sync_post":[],"_links":{"self":[{"href":"https:\/\/rotary.fi\/hameenlinna\/wp-json\/wp\/v2\/pages\/258","targetHints":{"allow":["GET"]}}],"collection":[{"href":"https:\/\/rotary.fi\/hameenlinna\/wp-json\/wp\/v2\/pages"}],"about":[{"href":"https:\/\/rotary.fi\/hameenlinna\/wp-json\/wp\/v2\/types\/page"}],"author":[{"embeddable":true,"href":"https:\/\/rotary.fi\/hameenlinna\/wp-json\/wp\/v2\/users\/1"}],"replies":[{"embeddable":true,"href":"https:\/\/rotary.fi\/hameenlinna\/wp-json\/wp\/v2\/comments?post=258"}],"version-history":[{"count":9,"href":"https:\/\/rotary.fi\/hameenlinna\/wp-json\/wp\/v2\/pages\/258\/revisions"}],"predecessor-version":[{"id":2123,"href":"https:\/\/rotary.fi\/hameenlinna\/wp-json\/wp\/v2\/pages\/258\/revisions\/2123"}],"wp:attachment":[{"href":"https:\/\/rotary.fi\/hameenlinna\/wp-json\/wp\/v2\/media?parent=258"}],"curies":[{"name":"wp","href":"https:\/\/api.w.org\/{rel}","templated":true}]}}