{"id":129,"date":"2018-08-10T13:41:39","date_gmt":"2018-08-10T10:41:39","guid":{"rendered":"https:\/\/rotary.fi\/klubi2\/?page_id=129"},"modified":"2026-03-19T12:22:41","modified_gmt":"2026-03-19T10:22:41","slug":"keita-olemme","status":"publish","type":"page","link":"https:\/\/rotary.fi\/hameenlinna\/keita-olemme\/","title":{"rendered":"Keit\u00e4 olemme"},"content":{"rendered":"<p>[et_pb_section fb_built=&#8221;1&#8243; module_class=&#8221;jumbotron-page&#8221; _builder_version=&#8221;4.16&#8243; background_image=&#8221;https:\/\/rotary.fi\/hameenlinna\/wp-content\/uploads\/sites\/248\/2018\/10\/rotary_klubit_alasivu_paakuva_12.jpg&#8221; global_colors_info=&#8221;{}&#8221;][et_pb_row _builder_version=&#8221;4.16&#8243; background_size=&#8221;initial&#8221; background_position=&#8221;top_left&#8221; background_repeat=&#8221;repeat&#8221; global_colors_info=&#8221;{}&#8221;][et_pb_column type=&#8221;4_4&#8243; _builder_version=&#8221;4.16&#8243; custom_padding=&#8221;|||&#8221; global_colors_info=&#8221;{}&#8221; custom_padding__hover=&#8221;|||&#8221;][et_pb_text admin_label=&#8221;P\u00e4\u00e4otsikko&#8221; _builder_version=&#8221;4.16&#8243; text_orientation=&#8221;center&#8221; background_layout=&#8221;dark&#8221; global_colors_info=&#8221;{}&#8221;]<\/p>\n<h1>Keit\u00e4 olemme<\/h1>\n<p>[\/et_pb_text][\/et_pb_column][\/et_pb_row][\/et_pb_section][et_pb_section fb_built=&#8221;1&#8243; specialty=&#8221;on&#8221; module_class_2=&#8221;sivupalkki&#8221; _builder_version=&#8221;4.16&#8243; global_colors_info=&#8221;{}&#8221;][et_pb_column type=&#8221;2_3&#8243; specialty_columns=&#8221;2&#8243; _builder_version=&#8221;4.16&#8243; custom_padding=&#8221;|||&#8221; global_colors_info=&#8221;{}&#8221; custom_padding__hover=&#8221;|||&#8221;][et_pb_row_inner admin_label=&#8221;Rivi&#8221; _builder_version=&#8221;4.16&#8243; global_colors_info=&#8221;{}&#8221;][et_pb_column_inner saved_specialty_column_type=&#8221;2_3&#8243; _builder_version=&#8221;4.16&#8243; custom_padding=&#8221;|||&#8221; global_colors_info=&#8221;{}&#8221; custom_padding__hover=&#8221;|||&#8221;][et_pb_text admin_label=&#8221;Otsikko&#8221; _builder_version=&#8221;4.16&#8243; text_orientation=&#8221;center&#8221; global_colors_info=&#8221;{}&#8221;]<\/p>\n<h1>Keit\u00e4 olemme<\/h1>\n<p>[\/et_pb_text][et_pb_text _builder_version=&#8221;4.16&#8243; global_colors_info=&#8221;{}&#8221;]<\/p>\n<p>H\u00e4meenlinnan Rotaryklubi on aktiivinen h\u00e4meenlinnalainen Rotaryklubi. Kokoonnumme yleens\u00e4 joka tiistai lounaskokoukseen klo 12.00 &#8211; 13.00 Hari\u2019s lint ravintolaan tapaamaan toisiamme, kuulemaan kiinnostavia esitelmi\u00e4 ja edist\u00e4m\u00e4\u00e4n hyv\u00e4\u00e4 omalla paikkakunnallamme. K\u00e4ymme my\u00f6s vierailemassa erilaisissa kohteissa. Tuemme kansainv\u00e4lisen Rotaryn humanitaarisia projekteja, osallistumme kansainv\u00e4liseen nuorisovaihtoon ja edist\u00e4mme l\u00e4hiseudun hyvinvointia.<\/p>\n<p>Klubimme on perustettu 20.1.1939. Kummiklubimme on Tampereen Rotaryklubi. Olemme osa piiri\u00e4 1390. Klubissamme on 47 j\u00e4sent\u00e4 (tilanne 3\/2026).<\/p>\n<p>Linkki piirin sivuille: <a href=\"https:\/\/rotary.fi\/d1390\">https:\/\/rotary.fi\/d1390<\/a><\/p>\n<p>&nbsp;<\/p>\n<h4>Harrastus, jolla on tarkoitus<\/h4>\n<p>Olemme keskittyneet nuorisovaihdon tukemiseen ja j\u00e4rjest\u00e4mme nuoria Rotaryn kansainv\u00e4liseen nuorisovaihtoon. L\u00e4het\u00e4mme vuosittain yhden vaihto-oppilaan Rotaryn kansainv\u00e4liseen nuorisovaihtoon ja vastaanotamme ulkomaisen vaihto-oppilaan H\u00e4meenlinnaan asumaan vuoden aikana perheiss\u00e4 ja k\u00e4ym\u00e4\u00e4n H\u00e4meenlinnassa koulua. Meid\u00e4n mielest\u00e4mme nuorisovaihto on mit\u00e4 parhainta ruohonjuuritason kansainv\u00e4listymis- ja rauhankasvatusta.<\/p>\n<p>Nostamme my\u00f6s esiin t\u00e4rkeit\u00e4 kehitt\u00e4mistarpeita. Olemme osallistuneet yhdess\u00e4 H\u00e4meenlinnan seudun muiden Rotaryklubien kanssa mm. H\u00e4meenlinnan alakoululaisille suunnattuun Vesireppuhankkeeseen, jossa koululaiset opettajien ja Vanajavesikeskuksen avustuksella ovat mitanneet ja rekister\u00f6ineet Vanajaveden vesist\u00f6n veden laatua seudun Rotaryklubien hankkimien Vesireppujen mittauslaitteilla.<\/p>\n<p>Pid\u00e4mme arvossa kansainv\u00e4lisen Rotary Internationalin ponnisteluja ja j\u00e4rjest\u00f6n arvokasta ty\u00f6t\u00e4 muun muassa polion h\u00e4vitt\u00e4miseksi maapallolta. Pelk\u00e4st\u00e4\u00e4n t\u00e4h\u00e4n ty\u00f6h\u00f6n Rotary on suunnannut runsaasti vapaaehtoisvoimaa sek\u00e4 yli 1,2 miljardia US-dollaria.<\/p>\n<p>&nbsp;<\/p>\n<h4>Vaikuttava kansainv\u00e4linen verkosto<\/h4>\n<p>Rotary on Chicagossa 23.2.1905 perustettu kansainv\u00e4linen palvelu- ja hyv\u00e4ntekev\u00e4isyysorganisaatio. Rotary Internationalin kotipaikka on Evanston, USA:n osavaltiossa Illinoisissa. Tunnuslauseemme on Palvelu itsekkyyden edelle (Service Above Self).<\/p>\n<p>Rotaryyn kuuluu 1,2 miljoona j\u00e4sent\u00e4 35 000 klubissa yli 200 maassa. Rotary on merkitt\u00e4v\u00e4 kansainv\u00e4linen palvelu- ja hyv\u00e4ntekev\u00e4isyysj\u00e4rjest\u00f6. Suomi on jaettu kuuteen rotarypiiriin, joista yhteen kuuluvat my\u00f6s Viron klubit. Suomessa ja Virossa on yhteens\u00e4 300 klubia, joissa runsaat 10\u00a0000 rotaria.<\/p>\n<p>[\/et_pb_text][\/et_pb_column_inner][\/et_pb_row_inner][\/et_pb_column][et_pb_column type=&#8221;1_3&#8243; _builder_version=&#8221;4.16&#8243; custom_padding=&#8221;|||&#8221; global_colors_info=&#8221;{}&#8221; custom_padding__hover=&#8221;|||&#8221;][et_pb_sidebar area=&#8221;sidebar-1&#8243; module_class=&#8221;sivupalkki_sisalto&#8221; _builder_version=&#8221;4.16&#8243; locked=&#8221;on&#8221; global_colors_info=&#8221;{}&#8221;]<\/p>\n<p>[\/et_pb_sidebar][\/et_pb_column][\/et_pb_section]<\/p>\n","protected":false},"excerpt":{"rendered":"<p>Keit\u00e4 olemme Keit\u00e4 olemme H\u00e4meenlinnan Rotaryklubi on aktiivinen h\u00e4meenlinnalainen Rotaryklubi. Kokoonnumme yleens\u00e4 joka tiistai lounaskokoukseen klo 12.00 &#8211; 13.00 Hari\u2019s lint ravintolaan tapaamaan toisiamme, kuulemaan kiinnostavia esitelmi\u00e4 ja edist\u00e4m\u00e4\u00e4n hyv\u00e4\u00e4 omalla paikkakunnallamme. K\u00e4ymme my\u00f6s vierailemassa erilaisissa kohteissa. Tuemme kansainv\u00e4lisen Rotaryn humanitaarisia projekteja, osallistumme kansainv\u00e4liseen nuorisovaihtoon ja edist\u00e4mme l\u00e4hiseudun hyvinvointia. Klubimme on perustettu 20.1.1939. Kummiklubimme on [&hellip;]<\/p>\n","protected":false},"author":1,"featured_media":0,"parent":0,"menu_order":0,"comment_status":"closed","ping_status":"closed","template":"","meta":{"_acf_changed":false,"_et_pb_use_builder":"on","_et_pb_old_content":"","_et_gb_content_width":"","footnotes":""},"class_list":["post-129","page","type-page","status-publish","hentry"],"acf":[],"yoast_head":"<!-- This site is optimized with the Yoast SEO plugin v27.0 - https:\/\/yoast.com\/product\/yoast-seo-wordpress\/ -->\n<title>Keit\u00e4 olemme - H\u00e4meenlinnan Rotaryklubi ry<\/title>\n<meta name=\"robots\" content=\"index, follow, max-snippet:-1, max-image-preview:large, max-video-preview:-1\" \/>\n<link rel=\"canonical\" href=\"https:\/\/rotary.fi\/hameenlinna\/keita-olemme\/\" \/>\n<meta property=\"og:locale\" content=\"fi_FI\" \/>\n<meta property=\"og:type\" content=\"article\" \/>\n<meta property=\"og:title\" content=\"Keit\u00e4 olemme - H\u00e4meenlinnan Rotaryklubi ry\" \/>\n<meta property=\"og:description\" content=\"Keit\u00e4 olemme Keit\u00e4 olemme H\u00e4meenlinnan Rotaryklubi on aktiivinen h\u00e4meenlinnalainen Rotaryklubi. Kokoonnumme yleens\u00e4 joka tiistai lounaskokoukseen klo 12.00 - 13.00 Hari\u2019s lint ravintolaan tapaamaan toisiamme, kuulemaan kiinnostavia esitelmi\u00e4 ja edist\u00e4m\u00e4\u00e4n hyv\u00e4\u00e4 omalla paikkakunnallamme. K\u00e4ymme my\u00f6s vierailemassa erilaisissa kohteissa. Tuemme kansainv\u00e4lisen Rotaryn humanitaarisia projekteja, osallistumme kansainv\u00e4liseen nuorisovaihtoon ja edist\u00e4mme l\u00e4hiseudun hyvinvointia. Klubimme on perustettu 20.1.1939. Kummiklubimme on [&hellip;]\" \/>\n<meta property=\"og:url\" content=\"https:\/\/rotary.fi\/hameenlinna\/keita-olemme\/\" \/>\n<meta property=\"og:site_name\" content=\"H\u00e4meenlinnan Rotaryklubi ry\" \/>\n<meta property=\"article:modified_time\" content=\"2026-03-19T10:22:41+00:00\" \/>\n<meta name=\"twitter:card\" content=\"summary_large_image\" \/>\n<meta name=\"twitter:label1\" content=\"Arvioitu lukuaika\" \/>\n\t<meta name=\"twitter:data1\" content=\"2 minuuttia\" \/>\n<script type=\"application\/ld+json\" class=\"yoast-schema-graph\">{\"@context\":\"https:\/\/schema.org\",\"@graph\":[{\"@type\":\"WebPage\",\"@id\":\"https:\/\/rotary.fi\/hameenlinna\/keita-olemme\/\",\"url\":\"https:\/\/rotary.fi\/hameenlinna\/keita-olemme\/\",\"name\":\"Keit\u00e4 olemme - H\u00e4meenlinnan Rotaryklubi ry\",\"isPartOf\":{\"@id\":\"https:\/\/rotary.fi\/hameenlinna\/#website\"},\"datePublished\":\"2018-08-10T10:41:39+00:00\",\"dateModified\":\"2026-03-19T10:22:41+00:00\",\"breadcrumb\":{\"@id\":\"https:\/\/rotary.fi\/hameenlinna\/keita-olemme\/#breadcrumb\"},\"inLanguage\":\"fi\",\"potentialAction\":[{\"@type\":\"ReadAction\",\"target\":[\"https:\/\/rotary.fi\/hameenlinna\/keita-olemme\/\"]}]},{\"@type\":\"BreadcrumbList\",\"@id\":\"https:\/\/rotary.fi\/hameenlinna\/keita-olemme\/#breadcrumb\",\"itemListElement\":[{\"@type\":\"ListItem\",\"position\":1,\"name\":\"Home\",\"item\":\"https:\/\/rotary.fi\/hameenlinna\/\"},{\"@type\":\"ListItem\",\"position\":2,\"name\":\"Keit\u00e4 olemme\"}]},{\"@type\":\"WebSite\",\"@id\":\"https:\/\/rotary.fi\/hameenlinna\/#website\",\"url\":\"https:\/\/rotary.fi\/hameenlinna\/\",\"name\":\"H\u00e4meenlinnan Rotaryklubi ry\",\"description\":\"Uusi Rotary klubisivusto\",\"publisher\":{\"@id\":\"https:\/\/rotary.fi\/hameenlinna\/#organization\"},\"potentialAction\":[{\"@type\":\"SearchAction\",\"target\":{\"@type\":\"EntryPoint\",\"urlTemplate\":\"https:\/\/rotary.fi\/hameenlinna\/?s={search_term_string}\"},\"query-input\":{\"@type\":\"PropertyValueSpecification\",\"valueRequired\":true,\"valueName\":\"search_term_string\"}}],\"inLanguage\":\"fi\"},{\"@type\":\"Organization\",\"@id\":\"https:\/\/rotary.fi\/hameenlinna\/#organization\",\"name\":\"H\u00e4meenlinnan Rotaryklubi ry\",\"url\":\"https:\/\/rotary.fi\/hameenlinna\/\",\"logo\":{\"@type\":\"ImageObject\",\"inLanguage\":\"fi\",\"@id\":\"https:\/\/rotary.fi\/hameenlinna\/#\/schema\/logo\/image\/\",\"url\":\"https:\/\/rotary.fi\/hameenlinna\/wp-content\/uploads\/sites\/248\/2018\/08\/rotary-logo-main-2.png\",\"contentUrl\":\"https:\/\/rotary.fi\/hameenlinna\/wp-content\/uploads\/sites\/248\/2018\/08\/rotary-logo-main-2.png\",\"width\":135,\"height\":52,\"caption\":\"H\u00e4meenlinnan Rotaryklubi ry\"},\"image\":{\"@id\":\"https:\/\/rotary.fi\/hameenlinna\/#\/schema\/logo\/image\/\"}}]}<\/script>\n<!-- \/ Yoast SEO plugin. -->","yoast_head_json":{"title":"Keit\u00e4 olemme - H\u00e4meenlinnan Rotaryklubi ry","robots":{"index":"index","follow":"follow","max-snippet":"max-snippet:-1","max-image-preview":"max-image-preview:large","max-video-preview":"max-video-preview:-1"},"canonical":"https:\/\/rotary.fi\/hameenlinna\/keita-olemme\/","og_locale":"fi_FI","og_type":"article","og_title":"Keit\u00e4 olemme - H\u00e4meenlinnan Rotaryklubi ry","og_description":"Keit\u00e4 olemme Keit\u00e4 olemme H\u00e4meenlinnan Rotaryklubi on aktiivinen h\u00e4meenlinnalainen Rotaryklubi. Kokoonnumme yleens\u00e4 joka tiistai lounaskokoukseen klo 12.00 - 13.00 Hari\u2019s lint ravintolaan tapaamaan toisiamme, kuulemaan kiinnostavia esitelmi\u00e4 ja edist\u00e4m\u00e4\u00e4n hyv\u00e4\u00e4 omalla paikkakunnallamme. K\u00e4ymme my\u00f6s vierailemassa erilaisissa kohteissa. Tuemme kansainv\u00e4lisen Rotaryn humanitaarisia projekteja, osallistumme kansainv\u00e4liseen nuorisovaihtoon ja edist\u00e4mme l\u00e4hiseudun hyvinvointia. Klubimme on perustettu 20.1.1939. Kummiklubimme on [&hellip;]","og_url":"https:\/\/rotary.fi\/hameenlinna\/keita-olemme\/","og_site_name":"H\u00e4meenlinnan Rotaryklubi ry","article_modified_time":"2026-03-19T10:22:41+00:00","twitter_card":"summary_large_image","twitter_misc":{"Arvioitu lukuaika":"2 minuuttia"},"schema":{"@context":"https:\/\/schema.org","@graph":[{"@type":"WebPage","@id":"https:\/\/rotary.fi\/hameenlinna\/keita-olemme\/","url":"https:\/\/rotary.fi\/hameenlinna\/keita-olemme\/","name":"Keit\u00e4 olemme - H\u00e4meenlinnan Rotaryklubi ry","isPartOf":{"@id":"https:\/\/rotary.fi\/hameenlinna\/#website"},"datePublished":"2018-08-10T10:41:39+00:00","dateModified":"2026-03-19T10:22:41+00:00","breadcrumb":{"@id":"https:\/\/rotary.fi\/hameenlinna\/keita-olemme\/#breadcrumb"},"inLanguage":"fi","potentialAction":[{"@type":"ReadAction","target":["https:\/\/rotary.fi\/hameenlinna\/keita-olemme\/"]}]},{"@type":"BreadcrumbList","@id":"https:\/\/rotary.fi\/hameenlinna\/keita-olemme\/#breadcrumb","itemListElement":[{"@type":"ListItem","position":1,"name":"Home","item":"https:\/\/rotary.fi\/hameenlinna\/"},{"@type":"ListItem","position":2,"name":"Keit\u00e4 olemme"}]},{"@type":"WebSite","@id":"https:\/\/rotary.fi\/hameenlinna\/#website","url":"https:\/\/rotary.fi\/hameenlinna\/","name":"H\u00e4meenlinnan Rotaryklubi ry","description":"Uusi Rotary klubisivusto","publisher":{"@id":"https:\/\/rotary.fi\/hameenlinna\/#organization"},"potentialAction":[{"@type":"SearchAction","target":{"@type":"EntryPoint","urlTemplate":"https:\/\/rotary.fi\/hameenlinna\/?s={search_term_string}"},"query-input":{"@type":"PropertyValueSpecification","valueRequired":true,"valueName":"search_term_string"}}],"inLanguage":"fi"},{"@type":"Organization","@id":"https:\/\/rotary.fi\/hameenlinna\/#organization","name":"H\u00e4meenlinnan Rotaryklubi ry","url":"https:\/\/rotary.fi\/hameenlinna\/","logo":{"@type":"ImageObject","inLanguage":"fi","@id":"https:\/\/rotary.fi\/hameenlinna\/#\/schema\/logo\/image\/","url":"https:\/\/rotary.fi\/hameenlinna\/wp-content\/uploads\/sites\/248\/2018\/08\/rotary-logo-main-2.png","contentUrl":"https:\/\/rotary.fi\/hameenlinna\/wp-content\/uploads\/sites\/248\/2018\/08\/rotary-logo-main-2.png","width":135,"height":52,"caption":"H\u00e4meenlinnan Rotaryklubi ry"},"image":{"@id":"https:\/\/rotary.fi\/hameenlinna\/#\/schema\/logo\/image\/"}}]}},"lang":"fi","translations":{"fi":129},"pll_sync_post":[],"_links":{"self":[{"href":"https:\/\/rotary.fi\/hameenlinna\/wp-json\/wp\/v2\/pages\/129","targetHints":{"allow":["GET"]}}],"collection":[{"href":"https:\/\/rotary.fi\/hameenlinna\/wp-json\/wp\/v2\/pages"}],"about":[{"href":"https:\/\/rotary.fi\/hameenlinna\/wp-json\/wp\/v2\/types\/page"}],"author":[{"embeddable":true,"href":"https:\/\/rotary.fi\/hameenlinna\/wp-json\/wp\/v2\/users\/1"}],"replies":[{"embeddable":true,"href":"https:\/\/rotary.fi\/hameenlinna\/wp-json\/wp\/v2\/comments?post=129"}],"version-history":[{"count":11,"href":"https:\/\/rotary.fi\/hameenlinna\/wp-json\/wp\/v2\/pages\/129\/revisions"}],"predecessor-version":[{"id":2124,"href":"https:\/\/rotary.fi\/hameenlinna\/wp-json\/wp\/v2\/pages\/129\/revisions\/2124"}],"wp:attachment":[{"href":"https:\/\/rotary.fi\/hameenlinna\/wp-json\/wp\/v2\/media?parent=129"}],"curies":[{"name":"wp","href":"https:\/\/api.w.org\/{rel}","templated":true}]}}