{"id":1653,"date":"2019-03-20T07:52:44","date_gmt":"2019-03-20T05:52:44","guid":{"rendered":"https:\/\/rotary.fi\/godby\/?page_id=1653"},"modified":"2019-04-29T09:10:14","modified_gmt":"2019-04-29T06:10:14","slug":"klubbens-egna-anvisningar","status":"publish","type":"page","link":"https:\/\/rotary.fi\/godby\/klubbens-egna-anvisningar\/","title":{"rendered":"Klubbens egna anvisningar"},"content":{"rendered":"<p>[et_pb_section bb_built=&#8221;1&#8243; _builder_version=&#8221;3.17.6&#8243; background_image=&#8221;https:\/\/rotary.fi\/godby\/wp-content\/uploads\/sites\/242\/2018\/10\/rotary_klubit_alasivu_paakuva_12.jpg&#8221; next_background_color=&#8221;#ffffff&#8221; module_class=&#8221;jumbotron-page&#8221; inner_width=&#8221;auto&#8221; inner_max_width=&#8221;none&#8221;][et_pb_row][et_pb_column type=&#8221;4_4&#8243;][et_pb_text admin_label=&#8221;Main \/\/ Klubbens egna anvisningar&#8221; _builder_version=&#8221;3.21&#8243; text_orientation=&#8221;center&#8221; background_layout=&#8221;dark&#8221;]<\/p>\n<h1>Klubbens egna anvisningar<\/h1>\n<p>[\/et_pb_text][\/et_pb_column][\/et_pb_row][\/et_pb_section][et_pb_section bb_built=&#8221;1&#8243; specialty=&#8221;on&#8221; prev_background_color=&#8221;#000000&#8243; _builder_version=&#8221;3.4.1&#8243; module_class_2=&#8221;sivupalkki&#8221; inner_width=&#8221;auto&#8221; inner_max_width=&#8221;none&#8221;][et_pb_column type=&#8221;2_3&#8243; specialty_columns=&#8221;2&#8243;][et_pb_row_inner admin_label=&#8221;Rivi&#8221;][et_pb_column_inner type=&#8221;4_4&#8243; saved_specialty_column_type=&#8221;2_3&#8243;][et_pb_text admin_label=&#8221;Klubbens egna anvisningar &#8211; rubrik&#8221; _builder_version=&#8221;3.21&#8243; text_orientation=&#8221;center&#8221;]<\/p>\n<h1>Klubbens egna anvisningar<\/h1>\n<p>[\/et_pb_text][et_pb_text admin_label=&#8221;Text: Klubbens egna anvisningar&#8221; _builder_version=&#8221;3.22.3&#8243; text_text_shadow_horizontal_length=&#8221;text_text_shadow_style,%91object Object%93&#8243; text_text_shadow_vertical_length=&#8221;text_text_shadow_style,%91object Object%93&#8243; text_text_shadow_blur_strength=&#8221;text_text_shadow_style,%91object Object%93&#8243; link_text_shadow_horizontal_length=&#8221;link_text_shadow_style,%91object Object%93&#8243; link_text_shadow_vertical_length=&#8221;link_text_shadow_style,%91object Object%93&#8243; link_text_shadow_blur_strength=&#8221;link_text_shadow_style,%91object Object%93&#8243; ul_text_shadow_horizontal_length=&#8221;ul_text_shadow_style,%91object Object%93&#8243; ul_text_shadow_vertical_length=&#8221;ul_text_shadow_style,%91object Object%93&#8243; ul_text_shadow_blur_strength=&#8221;ul_text_shadow_style,%91object Object%93&#8243; ol_text_shadow_horizontal_length=&#8221;ol_text_shadow_style,%91object Object%93&#8243; ol_text_shadow_vertical_length=&#8221;ol_text_shadow_style,%91object Object%93&#8243; ol_text_shadow_blur_strength=&#8221;ol_text_shadow_style,%91object Object%93&#8243; quote_text_shadow_horizontal_length=&#8221;quote_text_shadow_style,%91object Object%93&#8243; quote_text_shadow_vertical_length=&#8221;quote_text_shadow_style,%91object Object%93&#8243; quote_text_shadow_blur_strength=&#8221;quote_text_shadow_style,%91object Object%93&#8243; header_text_shadow_horizontal_length=&#8221;header_text_shadow_style,%91object Object%93&#8243; header_text_shadow_vertical_length=&#8221;header_text_shadow_style,%91object Object%93&#8243; header_text_shadow_blur_strength=&#8221;header_text_shadow_style,%91object Object%93&#8243; header_2_text_shadow_horizontal_length=&#8221;header_2_text_shadow_style,%91object Object%93&#8243; header_2_text_shadow_vertical_length=&#8221;header_2_text_shadow_style,%91object Object%93&#8243; header_2_text_shadow_blur_strength=&#8221;header_2_text_shadow_style,%91object Object%93&#8243; header_3_text_shadow_horizontal_length=&#8221;header_3_text_shadow_style,%91object Object%93&#8243; header_3_text_shadow_vertical_length=&#8221;header_3_text_shadow_style,%91object Object%93&#8243; header_3_text_shadow_blur_strength=&#8221;header_3_text_shadow_style,%91object Object%93&#8243; header_4_text_shadow_horizontal_length=&#8221;header_4_text_shadow_style,%91object Object%93&#8243; header_4_text_shadow_vertical_length=&#8221;header_4_text_shadow_style,%91object Object%93&#8243; header_4_text_shadow_blur_strength=&#8221;header_4_text_shadow_style,%91object Object%93&#8243; header_5_text_shadow_horizontal_length=&#8221;header_5_text_shadow_style,%91object Object%93&#8243; header_5_text_shadow_vertical_length=&#8221;header_5_text_shadow_style,%91object Object%93&#8243; header_5_text_shadow_blur_strength=&#8221;header_5_text_shadow_style,%91object Object%93&#8243; header_6_text_shadow_horizontal_length=&#8221;header_6_text_shadow_style,%91object Object%93&#8243; header_6_text_shadow_vertical_length=&#8221;header_6_text_shadow_style,%91object Object%93&#8243; header_6_text_shadow_blur_strength=&#8221;header_6_text_shadow_style,%91object Object%93&#8243; z_index_tablet=&#8221;500&#8243;]<\/p>\n<p>H\u00e4r kan ni l\u00e4gga till egna uppgifter riktade till era medlemmar<\/p>\n<p>Vi rekommenderar att uppgifter som skall h\u00e5llas hemliga, placeras i t.ex. Dropbox-tj\u00e4nst. Ni kan nog p\u00e5 denna sida l\u00e4gga till l\u00e4nkar till er Dropbox.<\/p>\n<p>L\u00f6senordet f\u00f6r sidan kan bytas inom Divi-byggaren under punkt \u201dL\u00f6senordskyddat Redigera\u201d i h\u00f6gra kanten<\/p>\n<p>Som standardl\u00f6senord har st\u00e4llts \u201dklubi\u201d<\/p>\n<p>[\/et_pb_text][\/et_pb_column_inner][\/et_pb_row_inner][\/et_pb_column][et_pb_column type=&#8221;1_3&#8243;][et_pb_sidebar admin_label=&#8221;Sidebar&#8221; _builder_version=&#8221;3.21&#8243; area=&#8221;sidebar-1&#8243; module_class=&#8221;sivupalkki_sisalto&#8221; locked=&#8221;on&#8221; \/][\/et_pb_column][\/et_pb_section]<\/p>\n","protected":false},"excerpt":{"rendered":"<p><div class=\"et_pb_row et_pb_row_0 et_pb_row_empty\">\n\t\t\t\t\n\t\t\t\t\n\t\t\t\t\n\t\t\t\t\n\t\t\t\t\n\t\t\t<\/div> Klubbens egna anvisningar Klubbens egna anvisningar H\u00e4r kan ni l\u00e4gga till egna uppgifter riktade till era medlemmarVi rekommenderar att uppgifter som skall h\u00e5llas hemliga, placeras i t.ex. Dropbox-tj\u00e4nst. Ni kan nog p\u00e5 denna sida l\u00e4gga till l\u00e4nkar till er Dropbox.L\u00f6senordet f\u00f6r sidan kan bytas inom Divi-byggaren under punkt \u201dL\u00f6senordskyddat Redigera\u201d i h\u00f6gra kantenSom standardl\u00f6senord [&hellip;]<\/p>\n","protected":false},"author":1,"featured_media":0,"parent":0,"menu_order":5,"comment_status":"closed","ping_status":"closed","template":"","meta":{"_acf_changed":false,"_et_pb_use_builder":"on","_et_pb_old_content":"","_et_gb_content_width":"","footnotes":""},"class_list":["post-1653","page","type-page","status-publish","hentry"],"acf":[],"yoast_head":"<!-- This site is optimized with the Yoast SEO plugin v27.4 - https:\/\/yoast.com\/product\/yoast-seo-wordpress\/ -->\n<title>Klubbens egna anvisningar - Godby Rotaryklubb<\/title>\n<meta name=\"robots\" content=\"index, follow, max-snippet:-1, max-image-preview:large, max-video-preview:-1\" \/>\n<link rel=\"canonical\" href=\"https:\/\/rotary.fi\/godby\/klubbens-egna-anvisningar\/\" \/>\n<meta property=\"og:locale\" content=\"sv_SE\" \/>\n<meta property=\"og:type\" content=\"article\" \/>\n<meta property=\"og:title\" content=\"Klubbens egna anvisningar - Godby Rotaryklubb\" \/>\n<meta property=\"og:description\" content=\"Klubbens egna anvisningar Klubbens egna anvisningar H\u00e4r kan ni l\u00e4gga till egna uppgifter riktade till era medlemmarVi rekommenderar att uppgifter som skall h\u00e5llas hemliga, placeras i t.ex. Dropbox-tj\u00e4nst. Ni kan nog p\u00e5 denna sida l\u00e4gga till l\u00e4nkar till er Dropbox.L\u00f6senordet f\u00f6r sidan kan bytas inom Divi-byggaren under punkt \u201dL\u00f6senordskyddat Redigera\u201d i h\u00f6gra kantenSom standardl\u00f6senord [&hellip;]\" \/>\n<meta property=\"og:url\" content=\"https:\/\/rotary.fi\/godby\/klubbens-egna-anvisningar\/\" \/>\n<meta property=\"og:site_name\" content=\"Godby Rotaryklubb\" \/>\n<meta property=\"article:publisher\" content=\"https:\/\/www.facebook.com\/groups\/www.godbyrotary.org\" \/>\n<meta property=\"article:modified_time\" content=\"2019-04-29T06:10:14+00:00\" \/>\n<meta name=\"twitter:card\" content=\"summary_large_image\" \/>\n<meta name=\"twitter:label1\" content=\"Ber\u00e4knad l\u00e4stid\" \/>\n\t<meta name=\"twitter:data1\" content=\"3 minuter\" \/>\n<script type=\"application\/ld+json\" class=\"yoast-schema-graph\">{\"@context\":\"https:\\\/\\\/schema.org\",\"@graph\":[{\"@type\":\"WebPage\",\"@id\":\"https:\\\/\\\/rotary.fi\\\/godby\\\/klubbens-egna-anvisningar\\\/\",\"url\":\"https:\\\/\\\/rotary.fi\\\/godby\\\/klubbens-egna-anvisningar\\\/\",\"name\":\"Klubbens egna anvisningar - Godby Rotaryklubb\",\"isPartOf\":{\"@id\":\"https:\\\/\\\/rotary.fi\\\/godby\\\/#website\"},\"datePublished\":\"2019-03-20T05:52:44+00:00\",\"dateModified\":\"2019-04-29T06:10:14+00:00\",\"breadcrumb\":{\"@id\":\"https:\\\/\\\/rotary.fi\\\/godby\\\/klubbens-egna-anvisningar\\\/#breadcrumb\"},\"inLanguage\":\"sv-SE\",\"potentialAction\":[{\"@type\":\"ReadAction\",\"target\":[\"https:\\\/\\\/rotary.fi\\\/godby\\\/klubbens-egna-anvisningar\\\/\"]}]},{\"@type\":\"BreadcrumbList\",\"@id\":\"https:\\\/\\\/rotary.fi\\\/godby\\\/klubbens-egna-anvisningar\\\/#breadcrumb\",\"itemListElement\":[{\"@type\":\"ListItem\",\"position\":1,\"name\":\"Home\",\"item\":\"https:\\\/\\\/rotary.fi\\\/godby\\\/\"},{\"@type\":\"ListItem\",\"position\":2,\"name\":\"Klubbens egna anvisningar\"}]},{\"@type\":\"WebSite\",\"@id\":\"https:\\\/\\\/rotary.fi\\\/godby\\\/#website\",\"url\":\"https:\\\/\\\/rotary.fi\\\/godby\\\/\",\"name\":\"Godby Rotaryklubb\",\"description\":\"Ny rotaryklubbs hemsida\",\"publisher\":{\"@id\":\"https:\\\/\\\/rotary.fi\\\/godby\\\/#organization\"},\"potentialAction\":[{\"@type\":\"SearchAction\",\"target\":{\"@type\":\"EntryPoint\",\"urlTemplate\":\"https:\\\/\\\/rotary.fi\\\/godby\\\/?s={search_term_string}\"},\"query-input\":{\"@type\":\"PropertyValueSpecification\",\"valueRequired\":true,\"valueName\":\"search_term_string\"}}],\"inLanguage\":\"sv-SE\"},{\"@type\":\"Organization\",\"@id\":\"https:\\\/\\\/rotary.fi\\\/godby\\\/#organization\",\"name\":\"Godby Rotaryklubb\",\"url\":\"https:\\\/\\\/rotary.fi\\\/godby\\\/\",\"logo\":{\"@type\":\"ImageObject\",\"inLanguage\":\"sv-SE\",\"@id\":\"https:\\\/\\\/rotary.fi\\\/godby\\\/#\\\/schema\\\/logo\\\/image\\\/\",\"url\":\"https:\\\/\\\/rotary.fi\\\/godby\\\/wp-content\\\/uploads\\\/sites\\\/242\\\/2018\\\/08\\\/rotary-logo-main-2.png\",\"contentUrl\":\"https:\\\/\\\/rotary.fi\\\/godby\\\/wp-content\\\/uploads\\\/sites\\\/242\\\/2018\\\/08\\\/rotary-logo-main-2.png\",\"width\":135,\"height\":52,\"caption\":\"Godby Rotaryklubb\"},\"image\":{\"@id\":\"https:\\\/\\\/rotary.fi\\\/godby\\\/#\\\/schema\\\/logo\\\/image\\\/\"},\"sameAs\":[\"https:\\\/\\\/www.facebook.com\\\/groups\\\/www.godbyrotary.org\"]}]}<\/script>\n<!-- \/ Yoast SEO plugin. -->","yoast_head_json":{"title":"Klubbens egna anvisningar - Godby Rotaryklubb","robots":{"index":"index","follow":"follow","max-snippet":"max-snippet:-1","max-image-preview":"max-image-preview:large","max-video-preview":"max-video-preview:-1"},"canonical":"https:\/\/rotary.fi\/godby\/klubbens-egna-anvisningar\/","og_locale":"sv_SE","og_type":"article","og_title":"Klubbens egna anvisningar - Godby Rotaryklubb","og_description":"Klubbens egna anvisningar Klubbens egna anvisningar H\u00e4r kan ni l\u00e4gga till egna uppgifter riktade till era medlemmarVi rekommenderar att uppgifter som skall h\u00e5llas hemliga, placeras i t.ex. Dropbox-tj\u00e4nst. Ni kan nog p\u00e5 denna sida l\u00e4gga till l\u00e4nkar till er Dropbox.L\u00f6senordet f\u00f6r sidan kan bytas inom Divi-byggaren under punkt \u201dL\u00f6senordskyddat Redigera\u201d i h\u00f6gra kantenSom standardl\u00f6senord [&hellip;]","og_url":"https:\/\/rotary.fi\/godby\/klubbens-egna-anvisningar\/","og_site_name":"Godby Rotaryklubb","article_publisher":"https:\/\/www.facebook.com\/groups\/www.godbyrotary.org","article_modified_time":"2019-04-29T06:10:14+00:00","twitter_card":"summary_large_image","twitter_misc":{"Ber\u00e4knad l\u00e4stid":"3 minuter"},"schema":{"@context":"https:\/\/schema.org","@graph":[{"@type":"WebPage","@id":"https:\/\/rotary.fi\/godby\/klubbens-egna-anvisningar\/","url":"https:\/\/rotary.fi\/godby\/klubbens-egna-anvisningar\/","name":"Klubbens egna anvisningar - Godby Rotaryklubb","isPartOf":{"@id":"https:\/\/rotary.fi\/godby\/#website"},"datePublished":"2019-03-20T05:52:44+00:00","dateModified":"2019-04-29T06:10:14+00:00","breadcrumb":{"@id":"https:\/\/rotary.fi\/godby\/klubbens-egna-anvisningar\/#breadcrumb"},"inLanguage":"sv-SE","potentialAction":[{"@type":"ReadAction","target":["https:\/\/rotary.fi\/godby\/klubbens-egna-anvisningar\/"]}]},{"@type":"BreadcrumbList","@id":"https:\/\/rotary.fi\/godby\/klubbens-egna-anvisningar\/#breadcrumb","itemListElement":[{"@type":"ListItem","position":1,"name":"Home","item":"https:\/\/rotary.fi\/godby\/"},{"@type":"ListItem","position":2,"name":"Klubbens egna anvisningar"}]},{"@type":"WebSite","@id":"https:\/\/rotary.fi\/godby\/#website","url":"https:\/\/rotary.fi\/godby\/","name":"Godby Rotaryklubb","description":"Ny rotaryklubbs hemsida","publisher":{"@id":"https:\/\/rotary.fi\/godby\/#organization"},"potentialAction":[{"@type":"SearchAction","target":{"@type":"EntryPoint","urlTemplate":"https:\/\/rotary.fi\/godby\/?s={search_term_string}"},"query-input":{"@type":"PropertyValueSpecification","valueRequired":true,"valueName":"search_term_string"}}],"inLanguage":"sv-SE"},{"@type":"Organization","@id":"https:\/\/rotary.fi\/godby\/#organization","name":"Godby Rotaryklubb","url":"https:\/\/rotary.fi\/godby\/","logo":{"@type":"ImageObject","inLanguage":"sv-SE","@id":"https:\/\/rotary.fi\/godby\/#\/schema\/logo\/image\/","url":"https:\/\/rotary.fi\/godby\/wp-content\/uploads\/sites\/242\/2018\/08\/rotary-logo-main-2.png","contentUrl":"https:\/\/rotary.fi\/godby\/wp-content\/uploads\/sites\/242\/2018\/08\/rotary-logo-main-2.png","width":135,"height":52,"caption":"Godby Rotaryklubb"},"image":{"@id":"https:\/\/rotary.fi\/godby\/#\/schema\/logo\/image\/"},"sameAs":["https:\/\/www.facebook.com\/groups\/www.godbyrotary.org"]}]}},"lang":"sv","translations":{"sv":1653},"pll_sync_post":[],"_links":{"self":[{"href":"https:\/\/rotary.fi\/godby\/wp-json\/wp\/v2\/pages\/1653","targetHints":{"allow":["GET"]}}],"collection":[{"href":"https:\/\/rotary.fi\/godby\/wp-json\/wp\/v2\/pages"}],"about":[{"href":"https:\/\/rotary.fi\/godby\/wp-json\/wp\/v2\/types\/page"}],"author":[{"embeddable":true,"href":"https:\/\/rotary.fi\/godby\/wp-json\/wp\/v2\/users\/1"}],"replies":[{"embeddable":true,"href":"https:\/\/rotary.fi\/godby\/wp-json\/wp\/v2\/comments?post=1653"}],"version-history":[{"count":2,"href":"https:\/\/rotary.fi\/godby\/wp-json\/wp\/v2\/pages\/1653\/revisions"}],"predecessor-version":[{"id":1809,"href":"https:\/\/rotary.fi\/godby\/wp-json\/wp\/v2\/pages\/1653\/revisions\/1809"}],"wp:attachment":[{"href":"https:\/\/rotary.fi\/godby\/wp-json\/wp\/v2\/media?parent=1653"}],"curies":[{"name":"wp","href":"https:\/\/api.w.org\/{rel}","templated":true}]}}