{"id":1617,"date":"2019-03-20T06:25:16","date_gmt":"2019-03-20T04:25:16","guid":{"rendered":"https:\/\/rotary.fi\/godby\/?page_id=1617"},"modified":"2023-07-31T13:29:16","modified_gmt":"2023-07-31T10:29:16","slug":"gemensamma-projekt","status":"publish","type":"page","link":"https:\/\/rotary.fi\/godby\/vad-gor-vi\/gemensamma-projekt\/","title":{"rendered":"Gemensamma projekt"},"content":{"rendered":"<p>[et_pb_section fb_built=&#8221;1&#8243; module_class=&#8221;jumbotron-page&#8221; _builder_version=&#8221;4.16&#8243; background_image=&#8221;https:\/\/rotary.fi\/godby\/wp-content\/uploads\/sites\/242\/2018\/10\/rotary_klubit_alasivu_paakuva_15.jpg&#8221; global_colors_info=&#8221;{}&#8221;][et_pb_row _builder_version=&#8221;4.16&#8243; background_size=&#8221;initial&#8221; background_position=&#8221;top_left&#8221; background_repeat=&#8221;repeat&#8221; global_colors_info=&#8221;{}&#8221;][et_pb_column type=&#8221;4_4&#8243; _builder_version=&#8221;4.16&#8243; custom_padding=&#8221;|||&#8221; global_colors_info=&#8221;{}&#8221; custom_padding__hover=&#8221;|||&#8221;][et_pb_text admin_label=&#8221;Main \/\/ Gemensamma projekt&#8221; _builder_version=&#8221;4.16&#8243; text_orientation=&#8221;center&#8221; background_layout=&#8221;dark&#8221; global_colors_info=&#8221;{}&#8221;]<\/p>\n<h1>Gemensamma projekt<\/h1>\n<p>[\/et_pb_text][\/et_pb_column][\/et_pb_row][\/et_pb_section][et_pb_section fb_built=&#8221;1&#8243; specialty=&#8221;on&#8221; module_class_2=&#8221;sivupalkki&#8221; _builder_version=&#8221;4.16&#8243; global_colors_info=&#8221;{}&#8221;][et_pb_column type=&#8221;2_3&#8243; specialty_columns=&#8221;2&#8243; _builder_version=&#8221;4.16&#8243; custom_padding=&#8221;|||&#8221; global_colors_info=&#8221;{}&#8221; custom_padding__hover=&#8221;|||&#8221;][et_pb_row_inner admin_label=&#8221;Rivi&#8221; _builder_version=&#8221;4.16&#8243; global_colors_info=&#8221;{}&#8221;][et_pb_column_inner saved_specialty_column_type=&#8221;2_3&#8243; _builder_version=&#8221;4.16&#8243; custom_padding=&#8221;|||&#8221; global_colors_info=&#8221;{}&#8221; custom_padding__hover=&#8221;|||&#8221;][et_pb_text admin_label=&#8221;Gemensamma projekt &#8211; rubrik&#8221; _builder_version=&#8221;4.16&#8243; text_orientation=&#8221;center&#8221; global_colors_info=&#8221;{}&#8221;]<\/p>\n<h1>Gemensamma projekt<\/h1>\n<p>[\/et_pb_text][et_pb_text admin_label=&#8221;Text: Gemensamma projekt&#8221; _builder_version=&#8221;4.16&#8243; global_colors_info=&#8221;{}&#8221;]<\/p>\n<p>&nbsp;<\/p>\n<p>Vi deltar i v\u00e5rt distrikts Rotary Day -dag. Rotary Day \u00e4r ett evenemang d\u00e4r vi ber\u00e4ttar om b\u00e5de Rotary och verksamheten i v\u00e5r klubb bl.a. om v\u00e5rt ungdomsutbytesarbete och v\u00e5ra projekt. Vi s\u00e4ljer produkter vid evenemang f\u00f6r att finansiera v\u00e5r service- och v\u00e4lg\u00f6renhetsverksamhet.<\/p>\n<p>F\u00f6lj v\u00e5r verksamhet. Vi informerar om n\u00e4sta \u00e5rs evenemang och v\u00e5rt deltagande i gemensamma tillst\u00e4llningar p\u00e5 dessa sidor och via v\u00e5ra sociala mediekanaler.<\/p>\n<p><strong><span style=\"color: #8300e9\">Till exempel:<\/span><\/strong><br \/><a href=\"https:\/\/rotary.fi\/godby\/sv\/vad-gor-vi\/gemensamma-projekt\/rotary-day\/\">Rotary Day<\/a> &#8211; undersida, om det beh\u00f6vs.<br \/>Annat gemensamt projekt i distriktet (t.ex. \u00d6stersj\u00f6n \/ Str\u00f6mmingsrodden) <br \/>(Inledande text och l\u00e4nk till projektsidan.)<\/p>\n<p>L\u00e4s mer om evenemangen ocks\u00e5 p\u00e5 distriktets sidor (en l\u00e4nk till distriktssidorna)<\/p>\n<p>[\/et_pb_text][\/et_pb_column_inner][\/et_pb_row_inner][\/et_pb_column][et_pb_column type=&#8221;1_3&#8243; _builder_version=&#8221;4.16&#8243; custom_padding=&#8221;|||&#8221; global_colors_info=&#8221;{}&#8221; custom_padding__hover=&#8221;|||&#8221;][et_pb_sidebar area=&#8221;sidebar-1&#8243; admin_label=&#8221;Sidebar&#8221; module_class=&#8221;sivupalkki_sisalto&#8221; _builder_version=&#8221;4.16&#8243; locked=&#8221;on&#8221; global_colors_info=&#8221;{}&#8221;]<br \/>\n[\/et_pb_sidebar][\/et_pb_column][\/et_pb_section]<\/p>\n","protected":false},"excerpt":{"rendered":"<p>Gemensamma projekt Gemensamma projekt &nbsp; Vi deltar i v\u00e5rt distrikts Rotary Day -dag. Rotary Day \u00e4r ett evenemang d\u00e4r vi ber\u00e4ttar om b\u00e5de Rotary och verksamheten i v\u00e5r klubb bl.a. om v\u00e5rt ungdomsutbytesarbete och v\u00e5ra projekt. Vi s\u00e4ljer produkter vid evenemang f\u00f6r att finansiera v\u00e5r service- och v\u00e4lg\u00f6renhetsverksamhet. F\u00f6lj v\u00e5r verksamhet. Vi informerar om n\u00e4sta [&hellip;]<\/p>\n","protected":false},"author":1,"featured_media":0,"parent":1602,"menu_order":4,"comment_status":"closed","ping_status":"closed","template":"","meta":{"_acf_changed":false,"_et_pb_use_builder":"on","_et_pb_old_content":"","_et_gb_content_width":"","footnotes":""},"class_list":["post-1617","page","type-page","status-publish","hentry"],"acf":[],"yoast_head":"<!-- This site is optimized with the Yoast SEO plugin v27.4 - https:\/\/yoast.com\/product\/yoast-seo-wordpress\/ -->\n<title>Gemensamma projekt - Godby Rotaryklubb<\/title>\n<meta name=\"robots\" content=\"index, follow, max-snippet:-1, max-image-preview:large, max-video-preview:-1\" \/>\n<link rel=\"canonical\" href=\"https:\/\/rotary.fi\/godby\/vad-gor-vi\/gemensamma-projekt\/\" \/>\n<meta property=\"og:locale\" content=\"sv_SE\" \/>\n<meta property=\"og:type\" content=\"article\" \/>\n<meta property=\"og:title\" content=\"Gemensamma projekt - Godby Rotaryklubb\" \/>\n<meta property=\"og:description\" content=\"Gemensamma projekt Gemensamma projekt &nbsp; Vi deltar i v\u00e5rt distrikts Rotary Day -dag. Rotary Day \u00e4r ett evenemang d\u00e4r vi ber\u00e4ttar om b\u00e5de Rotary och verksamheten i v\u00e5r klubb bl.a. om v\u00e5rt ungdomsutbytesarbete och v\u00e5ra projekt. Vi s\u00e4ljer produkter vid evenemang f\u00f6r att finansiera v\u00e5r service- och v\u00e4lg\u00f6renhetsverksamhet. F\u00f6lj v\u00e5r verksamhet. Vi informerar om n\u00e4sta [&hellip;]\" \/>\n<meta property=\"og:url\" content=\"https:\/\/rotary.fi\/godby\/vad-gor-vi\/gemensamma-projekt\/\" \/>\n<meta property=\"og:site_name\" content=\"Godby Rotaryklubb\" \/>\n<meta property=\"article:publisher\" content=\"https:\/\/www.facebook.com\/groups\/www.godbyrotary.org\" \/>\n<meta property=\"article:modified_time\" content=\"2023-07-31T10:29:16+00:00\" \/>\n<meta name=\"twitter:card\" content=\"summary_large_image\" \/>\n<meta name=\"twitter:label1\" content=\"Ber\u00e4knad l\u00e4stid\" \/>\n\t<meta name=\"twitter:data1\" content=\"2 minuter\" \/>\n<script type=\"application\/ld+json\" class=\"yoast-schema-graph\">{\"@context\":\"https:\\\/\\\/schema.org\",\"@graph\":[{\"@type\":\"WebPage\",\"@id\":\"https:\\\/\\\/rotary.fi\\\/godby\\\/vad-gor-vi\\\/gemensamma-projekt\\\/\",\"url\":\"https:\\\/\\\/rotary.fi\\\/godby\\\/vad-gor-vi\\\/gemensamma-projekt\\\/\",\"name\":\"Gemensamma projekt - Godby Rotaryklubb\",\"isPartOf\":{\"@id\":\"https:\\\/\\\/rotary.fi\\\/godby\\\/#website\"},\"datePublished\":\"2019-03-20T04:25:16+00:00\",\"dateModified\":\"2023-07-31T10:29:16+00:00\",\"breadcrumb\":{\"@id\":\"https:\\\/\\\/rotary.fi\\\/godby\\\/vad-gor-vi\\\/gemensamma-projekt\\\/#breadcrumb\"},\"inLanguage\":\"sv-SE\",\"potentialAction\":[{\"@type\":\"ReadAction\",\"target\":[\"https:\\\/\\\/rotary.fi\\\/godby\\\/vad-gor-vi\\\/gemensamma-projekt\\\/\"]}]},{\"@type\":\"BreadcrumbList\",\"@id\":\"https:\\\/\\\/rotary.fi\\\/godby\\\/vad-gor-vi\\\/gemensamma-projekt\\\/#breadcrumb\",\"itemListElement\":[{\"@type\":\"ListItem\",\"position\":1,\"name\":\"Home\",\"item\":\"https:\\\/\\\/rotary.fi\\\/godby\\\/\"},{\"@type\":\"ListItem\",\"position\":2,\"name\":\"Vad g\u00f6r vi\",\"item\":\"https:\\\/\\\/rotary.fi\\\/godby\\\/vad-gor-vi\\\/\"},{\"@type\":\"ListItem\",\"position\":3,\"name\":\"Gemensamma projekt\"}]},{\"@type\":\"WebSite\",\"@id\":\"https:\\\/\\\/rotary.fi\\\/godby\\\/#website\",\"url\":\"https:\\\/\\\/rotary.fi\\\/godby\\\/\",\"name\":\"Godby Rotaryklubb\",\"description\":\"Ny rotaryklubbs hemsida\",\"publisher\":{\"@id\":\"https:\\\/\\\/rotary.fi\\\/godby\\\/#organization\"},\"potentialAction\":[{\"@type\":\"SearchAction\",\"target\":{\"@type\":\"EntryPoint\",\"urlTemplate\":\"https:\\\/\\\/rotary.fi\\\/godby\\\/?s={search_term_string}\"},\"query-input\":{\"@type\":\"PropertyValueSpecification\",\"valueRequired\":true,\"valueName\":\"search_term_string\"}}],\"inLanguage\":\"sv-SE\"},{\"@type\":\"Organization\",\"@id\":\"https:\\\/\\\/rotary.fi\\\/godby\\\/#organization\",\"name\":\"Godby Rotaryklubb\",\"url\":\"https:\\\/\\\/rotary.fi\\\/godby\\\/\",\"logo\":{\"@type\":\"ImageObject\",\"inLanguage\":\"sv-SE\",\"@id\":\"https:\\\/\\\/rotary.fi\\\/godby\\\/#\\\/schema\\\/logo\\\/image\\\/\",\"url\":\"https:\\\/\\\/rotary.fi\\\/godby\\\/wp-content\\\/uploads\\\/sites\\\/242\\\/2018\\\/08\\\/rotary-logo-main-2.png\",\"contentUrl\":\"https:\\\/\\\/rotary.fi\\\/godby\\\/wp-content\\\/uploads\\\/sites\\\/242\\\/2018\\\/08\\\/rotary-logo-main-2.png\",\"width\":135,\"height\":52,\"caption\":\"Godby Rotaryklubb\"},\"image\":{\"@id\":\"https:\\\/\\\/rotary.fi\\\/godby\\\/#\\\/schema\\\/logo\\\/image\\\/\"},\"sameAs\":[\"https:\\\/\\\/www.facebook.com\\\/groups\\\/www.godbyrotary.org\"]}]}<\/script>\n<!-- \/ Yoast SEO plugin. -->","yoast_head_json":{"title":"Gemensamma projekt - Godby Rotaryklubb","robots":{"index":"index","follow":"follow","max-snippet":"max-snippet:-1","max-image-preview":"max-image-preview:large","max-video-preview":"max-video-preview:-1"},"canonical":"https:\/\/rotary.fi\/godby\/vad-gor-vi\/gemensamma-projekt\/","og_locale":"sv_SE","og_type":"article","og_title":"Gemensamma projekt - Godby Rotaryklubb","og_description":"Gemensamma projekt Gemensamma projekt &nbsp; Vi deltar i v\u00e5rt distrikts Rotary Day -dag. Rotary Day \u00e4r ett evenemang d\u00e4r vi ber\u00e4ttar om b\u00e5de Rotary och verksamheten i v\u00e5r klubb bl.a. om v\u00e5rt ungdomsutbytesarbete och v\u00e5ra projekt. Vi s\u00e4ljer produkter vid evenemang f\u00f6r att finansiera v\u00e5r service- och v\u00e4lg\u00f6renhetsverksamhet. F\u00f6lj v\u00e5r verksamhet. Vi informerar om n\u00e4sta [&hellip;]","og_url":"https:\/\/rotary.fi\/godby\/vad-gor-vi\/gemensamma-projekt\/","og_site_name":"Godby Rotaryklubb","article_publisher":"https:\/\/www.facebook.com\/groups\/www.godbyrotary.org","article_modified_time":"2023-07-31T10:29:16+00:00","twitter_card":"summary_large_image","twitter_misc":{"Ber\u00e4knad l\u00e4stid":"2 minuter"},"schema":{"@context":"https:\/\/schema.org","@graph":[{"@type":"WebPage","@id":"https:\/\/rotary.fi\/godby\/vad-gor-vi\/gemensamma-projekt\/","url":"https:\/\/rotary.fi\/godby\/vad-gor-vi\/gemensamma-projekt\/","name":"Gemensamma projekt - Godby Rotaryklubb","isPartOf":{"@id":"https:\/\/rotary.fi\/godby\/#website"},"datePublished":"2019-03-20T04:25:16+00:00","dateModified":"2023-07-31T10:29:16+00:00","breadcrumb":{"@id":"https:\/\/rotary.fi\/godby\/vad-gor-vi\/gemensamma-projekt\/#breadcrumb"},"inLanguage":"sv-SE","potentialAction":[{"@type":"ReadAction","target":["https:\/\/rotary.fi\/godby\/vad-gor-vi\/gemensamma-projekt\/"]}]},{"@type":"BreadcrumbList","@id":"https:\/\/rotary.fi\/godby\/vad-gor-vi\/gemensamma-projekt\/#breadcrumb","itemListElement":[{"@type":"ListItem","position":1,"name":"Home","item":"https:\/\/rotary.fi\/godby\/"},{"@type":"ListItem","position":2,"name":"Vad g\u00f6r vi","item":"https:\/\/rotary.fi\/godby\/vad-gor-vi\/"},{"@type":"ListItem","position":3,"name":"Gemensamma projekt"}]},{"@type":"WebSite","@id":"https:\/\/rotary.fi\/godby\/#website","url":"https:\/\/rotary.fi\/godby\/","name":"Godby Rotaryklubb","description":"Ny rotaryklubbs hemsida","publisher":{"@id":"https:\/\/rotary.fi\/godby\/#organization"},"potentialAction":[{"@type":"SearchAction","target":{"@type":"EntryPoint","urlTemplate":"https:\/\/rotary.fi\/godby\/?s={search_term_string}"},"query-input":{"@type":"PropertyValueSpecification","valueRequired":true,"valueName":"search_term_string"}}],"inLanguage":"sv-SE"},{"@type":"Organization","@id":"https:\/\/rotary.fi\/godby\/#organization","name":"Godby Rotaryklubb","url":"https:\/\/rotary.fi\/godby\/","logo":{"@type":"ImageObject","inLanguage":"sv-SE","@id":"https:\/\/rotary.fi\/godby\/#\/schema\/logo\/image\/","url":"https:\/\/rotary.fi\/godby\/wp-content\/uploads\/sites\/242\/2018\/08\/rotary-logo-main-2.png","contentUrl":"https:\/\/rotary.fi\/godby\/wp-content\/uploads\/sites\/242\/2018\/08\/rotary-logo-main-2.png","width":135,"height":52,"caption":"Godby Rotaryklubb"},"image":{"@id":"https:\/\/rotary.fi\/godby\/#\/schema\/logo\/image\/"},"sameAs":["https:\/\/www.facebook.com\/groups\/www.godbyrotary.org"]}]}},"lang":"sv","translations":{"sv":1617},"pll_sync_post":[],"_links":{"self":[{"href":"https:\/\/rotary.fi\/godby\/wp-json\/wp\/v2\/pages\/1617","targetHints":{"allow":["GET"]}}],"collection":[{"href":"https:\/\/rotary.fi\/godby\/wp-json\/wp\/v2\/pages"}],"about":[{"href":"https:\/\/rotary.fi\/godby\/wp-json\/wp\/v2\/types\/page"}],"author":[{"embeddable":true,"href":"https:\/\/rotary.fi\/godby\/wp-json\/wp\/v2\/users\/1"}],"replies":[{"embeddable":true,"href":"https:\/\/rotary.fi\/godby\/wp-json\/wp\/v2\/comments?post=1617"}],"version-history":[{"count":3,"href":"https:\/\/rotary.fi\/godby\/wp-json\/wp\/v2\/pages\/1617\/revisions"}],"predecessor-version":[{"id":1909,"href":"https:\/\/rotary.fi\/godby\/wp-json\/wp\/v2\/pages\/1617\/revisions\/1909"}],"up":[{"embeddable":true,"href":"https:\/\/rotary.fi\/godby\/wp-json\/wp\/v2\/pages\/1602"}],"wp:attachment":[{"href":"https:\/\/rotary.fi\/godby\/wp-json\/wp\/v2\/media?parent=1617"}],"curies":[{"name":"wp","href":"https:\/\/api.w.org\/{rel}","templated":true}]}}