{"id":1611,"date":"2019-03-19T15:42:00","date_gmt":"2019-03-19T13:42:00","guid":{"rendered":"https:\/\/rotary.fi\/godby\/?page_id=1611"},"modified":"2023-07-31T13:13:16","modified_gmt":"2023-07-31T10:13:16","slug":"medelanskaffning-och-donationer","status":"publish","type":"page","link":"https:\/\/rotary.fi\/godby\/vad-gor-vi\/medelanskaffning-och-donationer\/","title":{"rendered":"Medelanskaffning och donationer"},"content":{"rendered":"<p>[et_pb_section fb_built=&#8221;1&#8243; module_class=&#8221;jumbotron-page&#8221; _builder_version=&#8221;4.16&#8243; background_image=&#8221;https:\/\/rotary.fi\/godby\/wp-content\/uploads\/sites\/242\/2018\/10\/rotary_klubit_alasivu_paakuva_11.jpg&#8221; global_colors_info=&#8221;{}&#8221;][et_pb_row _builder_version=&#8221;4.16&#8243; background_size=&#8221;initial&#8221; background_position=&#8221;top_left&#8221; background_repeat=&#8221;repeat&#8221; global_colors_info=&#8221;{}&#8221;][et_pb_column type=&#8221;4_4&#8243; _builder_version=&#8221;4.16&#8243; custom_padding=&#8221;|||&#8221; global_colors_info=&#8221;{}&#8221; custom_padding__hover=&#8221;|||&#8221;][et_pb_text admin_label=&#8221;Main \/\/ Medelanskaffning och donationer&#8221; _builder_version=&#8221;4.16&#8243; text_orientation=&#8221;center&#8221; background_layout=&#8221;dark&#8221; global_colors_info=&#8221;{}&#8221;]<\/p>\n<h1>Medelanskaffning och donationer<\/h1>\n<p>[\/et_pb_text][\/et_pb_column][\/et_pb_row][\/et_pb_section][et_pb_section fb_built=&#8221;1&#8243; specialty=&#8221;on&#8221; module_class_2=&#8221;sivupalkki&#8221; _builder_version=&#8221;4.16&#8243; global_colors_info=&#8221;{}&#8221;][et_pb_column type=&#8221;2_3&#8243; specialty_columns=&#8221;2&#8243; _builder_version=&#8221;4.16&#8243; custom_padding=&#8221;|||&#8221; global_colors_info=&#8221;{}&#8221; custom_padding__hover=&#8221;|||&#8221;][et_pb_row_inner admin_label=&#8221;Rivi&#8221; _builder_version=&#8221;4.16&#8243; global_colors_info=&#8221;{}&#8221;][et_pb_column_inner saved_specialty_column_type=&#8221;2_3&#8243; _builder_version=&#8221;4.16&#8243; custom_padding=&#8221;|||&#8221; global_colors_info=&#8221;{}&#8221; custom_padding__hover=&#8221;|||&#8221;][et_pb_text admin_label=&#8221;Medelanskaffning och donationer &#8211; rubrik&#8221; _builder_version=&#8221;4.16&#8243; text_orientation=&#8221;center&#8221; global_colors_info=&#8221;{}&#8221;]<\/p>\n<h1>Medelanskaffning och donationer<\/h1>\n<p>[\/et_pb_text][et_pb_text admin_label=&#8221;Text: Medelanskaffning och donationer&#8221; _builder_version=&#8221;4.16&#8243; global_colors_info=&#8221;{}&#8221;]<\/p>\n<p>&nbsp;<\/p>\n<p>V\u00e5r rotaryklubb \u00e4r involverad i b\u00e5de lokala och globala servicearbeten p\u00e5 m\u00e5nga olika s\u00e4tt. Vi har m\u00f6jlighet att delta i rotarianernas ungdomsutbytesarbete och f\u00f6r att finansiera detta samlar vi in medel. Vi deltar \u00e5rligen p\u00e5 m\u00e4ssor och evenemang och samlar in medel genom t.ex. loppisbord.<\/p>\n<p>Vi donerar medel f\u00f6r humanit\u00e4ra projekt via The Rotary Foundation. Fonden st\u00f6der talrika projekt, m\u00f6drars och barns h\u00e4lsa med f\u00f6rebyggande av sjukdomar och v\u00e5rd. The Rotary Foundation fr\u00e4mjar utbildning och l\u00e4skunnighet, st\u00e4rker fredsarbetet samt fostrar lokala ekonomier och samfund. Fonden fr\u00e4mjar tillg\u00e5ngen till rent vatten och hygienkunskap d\u00e4r det beh\u00f6vs.<\/p>\n<p>&nbsp;<\/p>\n<p>V\u00e5r klubb deltar ocks\u00e5 i det arbete som rotarianerna initierat f\u00f6r att eliminera polion i v\u00e4rlden. Det g\u00f6r vi genom personliga donationer och projekt. Rotarianer har redan under trettio \u00e5rs tid arbetat f\u00f6r att avl\u00e4gsna det vilda polioviruset. Idag smittas enbart ett f\u00e5tal barn (5-6) \u00e5rligen av det vilda polioviruset. Vid projektets b\u00f6rjan uppgick antalet till ca. 350 000 barn. De barn som numera smittas av det vilda polioviruset \u00a0lever i sv\u00e5rtillg\u00e4ngliga omr\u00e5den som t.ex. i Afghanistan. Rotarianerna har lovat att slutf\u00f6ra projektet, varf\u00f6r \u00e4ven v\u00e5r klubb kommer att bidra till detta arbete tills det givna l\u00f6ftet \u00e4r uppfyllt.<\/p>\n<p>&nbsp;<\/p>\n<p>[\/et_pb_text][et_pb_image src=&#8221;https:\/\/rotary.fi\/godby\/wp-content\/uploads\/sites\/242\/2023\/07\/vaxinering.jpg&#8221; _builder_version=&#8221;4.21.0&#8243; _module_preset=&#8221;default&#8221; hover_enabled=&#8221;0&#8243; sticky_enabled=&#8221;0&#8243; title_text=&#8221;vaxinering&#8221;][\/et_pb_image][\/et_pb_column_inner][\/et_pb_row_inner][\/et_pb_column][et_pb_column type=&#8221;1_3&#8243; _builder_version=&#8221;4.16&#8243; custom_padding=&#8221;|||&#8221; global_colors_info=&#8221;{}&#8221; custom_padding__hover=&#8221;|||&#8221;][et_pb_sidebar area=&#8221;sidebar-1&#8243; admin_label=&#8221;Sidebar&#8221; module_class=&#8221;sivupalkki_sisalto&#8221; _builder_version=&#8221;4.16&#8243; locked=&#8221;on&#8221; global_colors_info=&#8221;{}&#8221;]<br \/>\n[\/et_pb_sidebar][\/et_pb_column][\/et_pb_section]<\/p>\n","protected":false},"excerpt":{"rendered":"<p>Medelanskaffning och donationer Medelanskaffning och donationer &nbsp; V\u00e5r rotaryklubb \u00e4r involverad i b\u00e5de lokala och globala servicearbeten p\u00e5 m\u00e5nga olika s\u00e4tt. Vi har m\u00f6jlighet att delta i rotarianernas ungdomsutbytesarbete och f\u00f6r att finansiera detta samlar vi in medel. Vi deltar \u00e5rligen p\u00e5 m\u00e4ssor och evenemang och samlar in medel genom t.ex. loppisbord. Vi donerar medel [&hellip;]<\/p>\n","protected":false},"author":1,"featured_media":0,"parent":1602,"menu_order":3,"comment_status":"closed","ping_status":"closed","template":"","meta":{"_acf_changed":false,"_et_pb_use_builder":"on","_et_pb_old_content":"","_et_gb_content_width":"","footnotes":""},"class_list":["post-1611","page","type-page","status-publish","hentry"],"acf":[],"yoast_head":"<!-- This site is optimized with the Yoast SEO plugin v27.4 - https:\/\/yoast.com\/product\/yoast-seo-wordpress\/ -->\n<title>Medelanskaffning och donationer - Godby Rotaryklubb<\/title>\n<meta name=\"robots\" content=\"index, follow, max-snippet:-1, max-image-preview:large, max-video-preview:-1\" \/>\n<link rel=\"canonical\" href=\"https:\/\/rotary.fi\/godby\/vad-gor-vi\/medelanskaffning-och-donationer\/\" \/>\n<meta property=\"og:locale\" content=\"sv_SE\" \/>\n<meta property=\"og:type\" content=\"article\" \/>\n<meta property=\"og:title\" content=\"Medelanskaffning och donationer - Godby Rotaryklubb\" \/>\n<meta property=\"og:description\" content=\"Medelanskaffning och donationer Medelanskaffning och donationer &nbsp; V\u00e5r rotaryklubb \u00e4r involverad i b\u00e5de lokala och globala servicearbeten p\u00e5 m\u00e5nga olika s\u00e4tt. Vi har m\u00f6jlighet att delta i rotarianernas ungdomsutbytesarbete och f\u00f6r att finansiera detta samlar vi in medel. Vi deltar \u00e5rligen p\u00e5 m\u00e4ssor och evenemang och samlar in medel genom t.ex. loppisbord. Vi donerar medel [&hellip;]\" \/>\n<meta property=\"og:url\" content=\"https:\/\/rotary.fi\/godby\/vad-gor-vi\/medelanskaffning-och-donationer\/\" \/>\n<meta property=\"og:site_name\" content=\"Godby Rotaryklubb\" \/>\n<meta property=\"article:publisher\" content=\"https:\/\/www.facebook.com\/groups\/www.godbyrotary.org\" \/>\n<meta property=\"article:modified_time\" content=\"2023-07-31T10:13:16+00:00\" \/>\n<meta name=\"twitter:card\" content=\"summary_large_image\" \/>\n<meta name=\"twitter:label1\" content=\"Ber\u00e4knad l\u00e4stid\" \/>\n\t<meta name=\"twitter:data1\" content=\"3 minuter\" \/>\n<script type=\"application\/ld+json\" class=\"yoast-schema-graph\">{\"@context\":\"https:\\\/\\\/schema.org\",\"@graph\":[{\"@type\":\"WebPage\",\"@id\":\"https:\\\/\\\/rotary.fi\\\/godby\\\/vad-gor-vi\\\/medelanskaffning-och-donationer\\\/\",\"url\":\"https:\\\/\\\/rotary.fi\\\/godby\\\/vad-gor-vi\\\/medelanskaffning-och-donationer\\\/\",\"name\":\"Medelanskaffning och donationer - Godby Rotaryklubb\",\"isPartOf\":{\"@id\":\"https:\\\/\\\/rotary.fi\\\/godby\\\/#website\"},\"datePublished\":\"2019-03-19T13:42:00+00:00\",\"dateModified\":\"2023-07-31T10:13:16+00:00\",\"breadcrumb\":{\"@id\":\"https:\\\/\\\/rotary.fi\\\/godby\\\/vad-gor-vi\\\/medelanskaffning-och-donationer\\\/#breadcrumb\"},\"inLanguage\":\"sv-SE\",\"potentialAction\":[{\"@type\":\"ReadAction\",\"target\":[\"https:\\\/\\\/rotary.fi\\\/godby\\\/vad-gor-vi\\\/medelanskaffning-och-donationer\\\/\"]}]},{\"@type\":\"BreadcrumbList\",\"@id\":\"https:\\\/\\\/rotary.fi\\\/godby\\\/vad-gor-vi\\\/medelanskaffning-och-donationer\\\/#breadcrumb\",\"itemListElement\":[{\"@type\":\"ListItem\",\"position\":1,\"name\":\"Home\",\"item\":\"https:\\\/\\\/rotary.fi\\\/godby\\\/\"},{\"@type\":\"ListItem\",\"position\":2,\"name\":\"Vad g\u00f6r vi\",\"item\":\"https:\\\/\\\/rotary.fi\\\/godby\\\/vad-gor-vi\\\/\"},{\"@type\":\"ListItem\",\"position\":3,\"name\":\"Medelanskaffning och donationer\"}]},{\"@type\":\"WebSite\",\"@id\":\"https:\\\/\\\/rotary.fi\\\/godby\\\/#website\",\"url\":\"https:\\\/\\\/rotary.fi\\\/godby\\\/\",\"name\":\"Godby Rotaryklubb\",\"description\":\"Ny rotaryklubbs hemsida\",\"publisher\":{\"@id\":\"https:\\\/\\\/rotary.fi\\\/godby\\\/#organization\"},\"potentialAction\":[{\"@type\":\"SearchAction\",\"target\":{\"@type\":\"EntryPoint\",\"urlTemplate\":\"https:\\\/\\\/rotary.fi\\\/godby\\\/?s={search_term_string}\"},\"query-input\":{\"@type\":\"PropertyValueSpecification\",\"valueRequired\":true,\"valueName\":\"search_term_string\"}}],\"inLanguage\":\"sv-SE\"},{\"@type\":\"Organization\",\"@id\":\"https:\\\/\\\/rotary.fi\\\/godby\\\/#organization\",\"name\":\"Godby Rotaryklubb\",\"url\":\"https:\\\/\\\/rotary.fi\\\/godby\\\/\",\"logo\":{\"@type\":\"ImageObject\",\"inLanguage\":\"sv-SE\",\"@id\":\"https:\\\/\\\/rotary.fi\\\/godby\\\/#\\\/schema\\\/logo\\\/image\\\/\",\"url\":\"https:\\\/\\\/rotary.fi\\\/godby\\\/wp-content\\\/uploads\\\/sites\\\/242\\\/2018\\\/08\\\/rotary-logo-main-2.png\",\"contentUrl\":\"https:\\\/\\\/rotary.fi\\\/godby\\\/wp-content\\\/uploads\\\/sites\\\/242\\\/2018\\\/08\\\/rotary-logo-main-2.png\",\"width\":135,\"height\":52,\"caption\":\"Godby Rotaryklubb\"},\"image\":{\"@id\":\"https:\\\/\\\/rotary.fi\\\/godby\\\/#\\\/schema\\\/logo\\\/image\\\/\"},\"sameAs\":[\"https:\\\/\\\/www.facebook.com\\\/groups\\\/www.godbyrotary.org\"]}]}<\/script>\n<!-- \/ Yoast SEO plugin. -->","yoast_head_json":{"title":"Medelanskaffning och donationer - Godby Rotaryklubb","robots":{"index":"index","follow":"follow","max-snippet":"max-snippet:-1","max-image-preview":"max-image-preview:large","max-video-preview":"max-video-preview:-1"},"canonical":"https:\/\/rotary.fi\/godby\/vad-gor-vi\/medelanskaffning-och-donationer\/","og_locale":"sv_SE","og_type":"article","og_title":"Medelanskaffning och donationer - Godby Rotaryklubb","og_description":"Medelanskaffning och donationer Medelanskaffning och donationer &nbsp; V\u00e5r rotaryklubb \u00e4r involverad i b\u00e5de lokala och globala servicearbeten p\u00e5 m\u00e5nga olika s\u00e4tt. Vi har m\u00f6jlighet att delta i rotarianernas ungdomsutbytesarbete och f\u00f6r att finansiera detta samlar vi in medel. Vi deltar \u00e5rligen p\u00e5 m\u00e4ssor och evenemang och samlar in medel genom t.ex. loppisbord. Vi donerar medel [&hellip;]","og_url":"https:\/\/rotary.fi\/godby\/vad-gor-vi\/medelanskaffning-och-donationer\/","og_site_name":"Godby Rotaryklubb","article_publisher":"https:\/\/www.facebook.com\/groups\/www.godbyrotary.org","article_modified_time":"2023-07-31T10:13:16+00:00","twitter_card":"summary_large_image","twitter_misc":{"Ber\u00e4knad l\u00e4stid":"3 minuter"},"schema":{"@context":"https:\/\/schema.org","@graph":[{"@type":"WebPage","@id":"https:\/\/rotary.fi\/godby\/vad-gor-vi\/medelanskaffning-och-donationer\/","url":"https:\/\/rotary.fi\/godby\/vad-gor-vi\/medelanskaffning-och-donationer\/","name":"Medelanskaffning och donationer - Godby Rotaryklubb","isPartOf":{"@id":"https:\/\/rotary.fi\/godby\/#website"},"datePublished":"2019-03-19T13:42:00+00:00","dateModified":"2023-07-31T10:13:16+00:00","breadcrumb":{"@id":"https:\/\/rotary.fi\/godby\/vad-gor-vi\/medelanskaffning-och-donationer\/#breadcrumb"},"inLanguage":"sv-SE","potentialAction":[{"@type":"ReadAction","target":["https:\/\/rotary.fi\/godby\/vad-gor-vi\/medelanskaffning-och-donationer\/"]}]},{"@type":"BreadcrumbList","@id":"https:\/\/rotary.fi\/godby\/vad-gor-vi\/medelanskaffning-och-donationer\/#breadcrumb","itemListElement":[{"@type":"ListItem","position":1,"name":"Home","item":"https:\/\/rotary.fi\/godby\/"},{"@type":"ListItem","position":2,"name":"Vad g\u00f6r vi","item":"https:\/\/rotary.fi\/godby\/vad-gor-vi\/"},{"@type":"ListItem","position":3,"name":"Medelanskaffning och donationer"}]},{"@type":"WebSite","@id":"https:\/\/rotary.fi\/godby\/#website","url":"https:\/\/rotary.fi\/godby\/","name":"Godby Rotaryklubb","description":"Ny rotaryklubbs hemsida","publisher":{"@id":"https:\/\/rotary.fi\/godby\/#organization"},"potentialAction":[{"@type":"SearchAction","target":{"@type":"EntryPoint","urlTemplate":"https:\/\/rotary.fi\/godby\/?s={search_term_string}"},"query-input":{"@type":"PropertyValueSpecification","valueRequired":true,"valueName":"search_term_string"}}],"inLanguage":"sv-SE"},{"@type":"Organization","@id":"https:\/\/rotary.fi\/godby\/#organization","name":"Godby Rotaryklubb","url":"https:\/\/rotary.fi\/godby\/","logo":{"@type":"ImageObject","inLanguage":"sv-SE","@id":"https:\/\/rotary.fi\/godby\/#\/schema\/logo\/image\/","url":"https:\/\/rotary.fi\/godby\/wp-content\/uploads\/sites\/242\/2018\/08\/rotary-logo-main-2.png","contentUrl":"https:\/\/rotary.fi\/godby\/wp-content\/uploads\/sites\/242\/2018\/08\/rotary-logo-main-2.png","width":135,"height":52,"caption":"Godby Rotaryklubb"},"image":{"@id":"https:\/\/rotary.fi\/godby\/#\/schema\/logo\/image\/"},"sameAs":["https:\/\/www.facebook.com\/groups\/www.godbyrotary.org"]}]}},"lang":"sv","translations":{"sv":1611},"pll_sync_post":[],"_links":{"self":[{"href":"https:\/\/rotary.fi\/godby\/wp-json\/wp\/v2\/pages\/1611","targetHints":{"allow":["GET"]}}],"collection":[{"href":"https:\/\/rotary.fi\/godby\/wp-json\/wp\/v2\/pages"}],"about":[{"href":"https:\/\/rotary.fi\/godby\/wp-json\/wp\/v2\/types\/page"}],"author":[{"embeddable":true,"href":"https:\/\/rotary.fi\/godby\/wp-json\/wp\/v2\/users\/1"}],"replies":[{"embeddable":true,"href":"https:\/\/rotary.fi\/godby\/wp-json\/wp\/v2\/comments?post=1611"}],"version-history":[{"count":4,"href":"https:\/\/rotary.fi\/godby\/wp-json\/wp\/v2\/pages\/1611\/revisions"}],"predecessor-version":[{"id":1907,"href":"https:\/\/rotary.fi\/godby\/wp-json\/wp\/v2\/pages\/1611\/revisions\/1907"}],"up":[{"embeddable":true,"href":"https:\/\/rotary.fi\/godby\/wp-json\/wp\/v2\/pages\/1602"}],"wp:attachment":[{"href":"https:\/\/rotary.fi\/godby\/wp-json\/wp\/v2\/media?parent=1611"}],"curies":[{"name":"wp","href":"https:\/\/api.w.org\/{rel}","templated":true}]}}