{"id":1606,"date":"2019-03-19T15:28:00","date_gmt":"2019-03-19T13:28:00","guid":{"rendered":"https:\/\/rotary.fi\/godby\/?page_id=1606"},"modified":"2025-09-11T14:18:50","modified_gmt":"2025-09-11T11:18:50","slug":"projekt","status":"publish","type":"page","link":"https:\/\/rotary.fi\/godby\/vad-gor-vi\/projekt\/","title":{"rendered":"Projekt"},"content":{"rendered":"<p>[et_pb_section fb_built=&#8221;1&#8243; module_class=&#8221;jumbotron-page&#8221; _builder_version=&#8221;4.16&#8243; background_image=&#8221;https:\/\/rotary.fi\/godby\/wp-content\/uploads\/sites\/242\/2018\/08\/rotary_klubit_alasivu_paakuva_5.jpg&#8221; global_colors_info=&#8221;{}&#8221;][et_pb_row _builder_version=&#8221;4.16&#8243; background_size=&#8221;initial&#8221; background_position=&#8221;top_left&#8221; background_repeat=&#8221;repeat&#8221; global_colors_info=&#8221;{}&#8221;][et_pb_column type=&#8221;4_4&#8243; _builder_version=&#8221;4.16&#8243; custom_padding=&#8221;|||&#8221; global_colors_info=&#8221;{}&#8221; custom_padding__hover=&#8221;|||&#8221;][et_pb_text admin_label=&#8221;Main \/\/ Projekt&#8221; _builder_version=&#8221;4.16&#8243; text_orientation=&#8221;center&#8221; background_layout=&#8221;dark&#8221; global_colors_info=&#8221;{}&#8221;]<\/p>\n<h1>Projekt<\/h1>\n<p>[\/et_pb_text][\/et_pb_column][\/et_pb_row][\/et_pb_section][et_pb_section fb_built=&#8221;1&#8243; specialty=&#8221;on&#8221; module_class_2=&#8221;sivupalkki&#8221; _builder_version=&#8221;4.16&#8243; global_colors_info=&#8221;{}&#8221;][et_pb_column type=&#8221;2_3&#8243; specialty_columns=&#8221;2&#8243; _builder_version=&#8221;4.16&#8243; custom_padding=&#8221;|||&#8221; global_colors_info=&#8221;{}&#8221; custom_padding__hover=&#8221;|||&#8221;][et_pb_row_inner admin_label=&#8221;Rivi&#8221; _builder_version=&#8221;4.16&#8243; global_colors_info=&#8221;{}&#8221;][et_pb_column_inner saved_specialty_column_type=&#8221;2_3&#8243; _builder_version=&#8221;4.16&#8243; custom_padding=&#8221;|||&#8221; global_colors_info=&#8221;{}&#8221; custom_padding__hover=&#8221;|||&#8221;][et_pb_text admin_label=&#8221;Projekt &#8211; rubrik&#8221; _builder_version=&#8221;4.16&#8243; text_orientation=&#8221;center&#8221; global_colors_info=&#8221;{}&#8221;]<\/p>\n<h1>Projekt<\/h1>\n<p>[\/et_pb_text][et_pb_text admin_label=&#8221;Text: Projekt&#8221; _builder_version=&#8221;4.16&#8243; custom_padding=&#8221;||57px|||&#8221; global_colors_info=&#8221;{}&#8221;]<\/p>\n<p>&nbsp;<\/p>\n<p>Rotary \u00e4r en serviceorganisation. Vi agerar enligt mottot Osj\u00e4lviskt tj\u00e4nande (Service above self) b\u00e5de lokalt och globalt. V\u00e5r internationella humanit\u00e4ra service f\u00f6rverkligas genom koordinering av The Rotary Foundation och tillsammans med godk\u00e4nda partners.<\/p>\n<p><strong>Rotary \u00c5land samarbetar med skolor p\u00e5 \u00c5land<\/strong><\/p>\n<p>Som en del av Rotarydistrikt 1410 arbete f\u00f6r \u00d6stersj\u00f6n har de \u00e5l\u00e4ndska rotaryklubbarna Godby Rotaryklubb och Mariehamns Rotaryklubb inlett samarbetet med de \u00e5l\u00e4ndska skolorna och donerat Vattentestutrustning till h\u00f6gstadieskolor p\u00e5 \u00c5land.<\/p>\n<p>Vattentestet inneh\u00e5ller utrustningen och instruktionerna med vars hj\u00e4lp det \u00e4r l\u00e4tt och roligt att unders\u00f6ka n\u00e4rliggande vattendrag. Vad ber\u00e4ttar siktdjupet om vattendragets tillst\u00e5nd? Finns det bl\u00e5gr\u00f6na alger i vattnet och \u00e4r det tryggt att simma d\u00e4r? Och hur ser vattnets syretillst\u00e5nd ut? Hur mycket P (fosfor) och N (kv\u00e4ve) finns det i vattnet?<\/p>\n<p>Tanken \u00e4r att eleverna tillsammans med l\u00e4raren tar vattenprover fr\u00e5n det n\u00e4rmaste l\u00e4mpliga vattendraget och analyser kvaliteten i vattnet. Arbetet ing\u00e5r s\u00e5ledes i elevernas skolschema f\u00f6r biologi eller kemi.\u00a0<\/p>\n<p><strong>F\u00f6ljande saker kan studeras med hj\u00e4lp av Vattentestv\u00e4skan<\/strong><\/p>\n<ul>\n<li>temperatur (vattentermometer)<\/li>\n<li>siktdjup (Secchi-skiva)<\/li>\n<li>m\u00e4ngden bl\u00e5gr\u00f6na alger<\/li>\n<li>grumlighet (World Water Monitoring Challenge-burk, klisterm\u00e4rke och grumlighetsskala)<\/li>\n<li>syrehalt (provr\u00f6r, DO-tablett, f\u00e4rgskala)<\/li>\n<li>fosfor- och kv\u00e4vehalt i vatten<\/li>\n<\/ul>\n<p>&nbsp;<\/p>\n<p><strong>\u00d6vriga rotaryaktiviteter kring \u00d6stersj\u00f6n<\/strong><\/p>\n<p>Godby Rotaryklubb forts\u00e4tter att ta vattenprov f\u00f6r att registrera f\u00f6rekomsten av bl\u00e5gr\u00f6na alger. Testerna tas p\u00e5 olika platser runt \u00c5land, p\u00e5 Nabben och i Geta. I sk\u00e4rg\u00e5rden tas prover p\u00e5 Sottunga, K\u00f6kar och Br\u00e4nd\u00f6.<\/p>\n<p>Projektet g\u00f6rs i samarbete med SYKE, Finlands Milj\u00f6central, dit man rapporterar fynden och som sedan sammanst\u00e4ller svaren <a href=\"http:\/\/www.meriwiki.fi\">www.meriwiki.fi<\/a> \u00a0\u00a0<\/p>\n<p>Godby Rotaryklubb engagerar sig ocks\u00e5 i det \u00e5rliga skr\u00e4pplockning runt om p\u00e5 \u00c5land.<\/p>\n<p>[\/et_pb_text][\/et_pb_column_inner][\/et_pb_row_inner][\/et_pb_column][et_pb_column type=&#8221;1_3&#8243; _builder_version=&#8221;4.16&#8243; custom_padding=&#8221;|||&#8221; global_colors_info=&#8221;{}&#8221; custom_padding__hover=&#8221;|||&#8221;][et_pb_sidebar area=&#8221;sidebar-1&#8243; admin_label=&#8221;Sidebar&#8221; module_class=&#8221;sivupalkki_sisalto&#8221; _builder_version=&#8221;4.16&#8243; locked=&#8221;on&#8221; global_colors_info=&#8221;{}&#8221;][\/et_pb_sidebar][\/et_pb_column][\/et_pb_section]<\/p>\n","protected":false},"excerpt":{"rendered":"<p>Projekt Projekt &nbsp; Rotary \u00e4r en serviceorganisation. Vi agerar enligt mottot Osj\u00e4lviskt tj\u00e4nande (Service above self) b\u00e5de lokalt och globalt. V\u00e5r internationella humanit\u00e4ra service f\u00f6rverkligas genom koordinering av The Rotary Foundation och tillsammans med godk\u00e4nda partners. Rotary \u00c5land samarbetar med skolor p\u00e5 \u00c5land Som en del av Rotarydistrikt 1410 arbete f\u00f6r \u00d6stersj\u00f6n har de \u00e5l\u00e4ndska [&hellip;]<\/p>\n","protected":false},"author":1,"featured_media":0,"parent":1602,"menu_order":2,"comment_status":"closed","ping_status":"closed","template":"","meta":{"_acf_changed":false,"_et_pb_use_builder":"on","_et_pb_old_content":"","_et_gb_content_width":"","footnotes":""},"class_list":["post-1606","page","type-page","status-publish","hentry"],"acf":[],"yoast_head":"<!-- This site is optimized with the Yoast SEO plugin v27.4 - https:\/\/yoast.com\/product\/yoast-seo-wordpress\/ -->\n<title>Projekt - Godby Rotaryklubb<\/title>\n<meta name=\"robots\" content=\"index, follow, max-snippet:-1, max-image-preview:large, max-video-preview:-1\" \/>\n<link rel=\"canonical\" href=\"https:\/\/rotary.fi\/godby\/vad-gor-vi\/projekt\/\" \/>\n<meta property=\"og:locale\" content=\"sv_SE\" \/>\n<meta property=\"og:type\" content=\"article\" \/>\n<meta property=\"og:title\" content=\"Projekt - Godby Rotaryklubb\" \/>\n<meta property=\"og:description\" content=\"Projekt Projekt &nbsp; Rotary \u00e4r en serviceorganisation. Vi agerar enligt mottot Osj\u00e4lviskt tj\u00e4nande (Service above self) b\u00e5de lokalt och globalt. V\u00e5r internationella humanit\u00e4ra service f\u00f6rverkligas genom koordinering av The Rotary Foundation och tillsammans med godk\u00e4nda partners. Rotary \u00c5land samarbetar med skolor p\u00e5 \u00c5land Som en del av Rotarydistrikt 1410 arbete f\u00f6r \u00d6stersj\u00f6n har de \u00e5l\u00e4ndska [&hellip;]\" \/>\n<meta property=\"og:url\" content=\"https:\/\/rotary.fi\/godby\/vad-gor-vi\/projekt\/\" \/>\n<meta property=\"og:site_name\" content=\"Godby Rotaryklubb\" \/>\n<meta property=\"article:publisher\" content=\"https:\/\/www.facebook.com\/groups\/www.godbyrotary.org\" \/>\n<meta property=\"article:modified_time\" content=\"2025-09-11T11:18:50+00:00\" \/>\n<meta name=\"twitter:card\" content=\"summary_large_image\" \/>\n<meta name=\"twitter:label1\" content=\"Ber\u00e4knad l\u00e4stid\" \/>\n\t<meta name=\"twitter:data1\" content=\"3 minuter\" \/>\n<script type=\"application\/ld+json\" class=\"yoast-schema-graph\">{\"@context\":\"https:\\\/\\\/schema.org\",\"@graph\":[{\"@type\":\"WebPage\",\"@id\":\"https:\\\/\\\/rotary.fi\\\/godby\\\/vad-gor-vi\\\/projekt\\\/\",\"url\":\"https:\\\/\\\/rotary.fi\\\/godby\\\/vad-gor-vi\\\/projekt\\\/\",\"name\":\"Projekt - Godby Rotaryklubb\",\"isPartOf\":{\"@id\":\"https:\\\/\\\/rotary.fi\\\/godby\\\/#website\"},\"datePublished\":\"2019-03-19T13:28:00+00:00\",\"dateModified\":\"2025-09-11T11:18:50+00:00\",\"breadcrumb\":{\"@id\":\"https:\\\/\\\/rotary.fi\\\/godby\\\/vad-gor-vi\\\/projekt\\\/#breadcrumb\"},\"inLanguage\":\"sv-SE\",\"potentialAction\":[{\"@type\":\"ReadAction\",\"target\":[\"https:\\\/\\\/rotary.fi\\\/godby\\\/vad-gor-vi\\\/projekt\\\/\"]}]},{\"@type\":\"BreadcrumbList\",\"@id\":\"https:\\\/\\\/rotary.fi\\\/godby\\\/vad-gor-vi\\\/projekt\\\/#breadcrumb\",\"itemListElement\":[{\"@type\":\"ListItem\",\"position\":1,\"name\":\"Home\",\"item\":\"https:\\\/\\\/rotary.fi\\\/godby\\\/\"},{\"@type\":\"ListItem\",\"position\":2,\"name\":\"Vad g\u00f6r vi\",\"item\":\"https:\\\/\\\/rotary.fi\\\/godby\\\/vad-gor-vi\\\/\"},{\"@type\":\"ListItem\",\"position\":3,\"name\":\"Projekt\"}]},{\"@type\":\"WebSite\",\"@id\":\"https:\\\/\\\/rotary.fi\\\/godby\\\/#website\",\"url\":\"https:\\\/\\\/rotary.fi\\\/godby\\\/\",\"name\":\"Godby Rotaryklubb\",\"description\":\"Ny rotaryklubbs hemsida\",\"publisher\":{\"@id\":\"https:\\\/\\\/rotary.fi\\\/godby\\\/#organization\"},\"potentialAction\":[{\"@type\":\"SearchAction\",\"target\":{\"@type\":\"EntryPoint\",\"urlTemplate\":\"https:\\\/\\\/rotary.fi\\\/godby\\\/?s={search_term_string}\"},\"query-input\":{\"@type\":\"PropertyValueSpecification\",\"valueRequired\":true,\"valueName\":\"search_term_string\"}}],\"inLanguage\":\"sv-SE\"},{\"@type\":\"Organization\",\"@id\":\"https:\\\/\\\/rotary.fi\\\/godby\\\/#organization\",\"name\":\"Godby Rotaryklubb\",\"url\":\"https:\\\/\\\/rotary.fi\\\/godby\\\/\",\"logo\":{\"@type\":\"ImageObject\",\"inLanguage\":\"sv-SE\",\"@id\":\"https:\\\/\\\/rotary.fi\\\/godby\\\/#\\\/schema\\\/logo\\\/image\\\/\",\"url\":\"https:\\\/\\\/rotary.fi\\\/godby\\\/wp-content\\\/uploads\\\/sites\\\/242\\\/2018\\\/08\\\/rotary-logo-main-2.png\",\"contentUrl\":\"https:\\\/\\\/rotary.fi\\\/godby\\\/wp-content\\\/uploads\\\/sites\\\/242\\\/2018\\\/08\\\/rotary-logo-main-2.png\",\"width\":135,\"height\":52,\"caption\":\"Godby Rotaryklubb\"},\"image\":{\"@id\":\"https:\\\/\\\/rotary.fi\\\/godby\\\/#\\\/schema\\\/logo\\\/image\\\/\"},\"sameAs\":[\"https:\\\/\\\/www.facebook.com\\\/groups\\\/www.godbyrotary.org\"]}]}<\/script>\n<!-- \/ Yoast SEO plugin. -->","yoast_head_json":{"title":"Projekt - Godby Rotaryklubb","robots":{"index":"index","follow":"follow","max-snippet":"max-snippet:-1","max-image-preview":"max-image-preview:large","max-video-preview":"max-video-preview:-1"},"canonical":"https:\/\/rotary.fi\/godby\/vad-gor-vi\/projekt\/","og_locale":"sv_SE","og_type":"article","og_title":"Projekt - Godby Rotaryklubb","og_description":"Projekt Projekt &nbsp; Rotary \u00e4r en serviceorganisation. Vi agerar enligt mottot Osj\u00e4lviskt tj\u00e4nande (Service above self) b\u00e5de lokalt och globalt. V\u00e5r internationella humanit\u00e4ra service f\u00f6rverkligas genom koordinering av The Rotary Foundation och tillsammans med godk\u00e4nda partners. Rotary \u00c5land samarbetar med skolor p\u00e5 \u00c5land Som en del av Rotarydistrikt 1410 arbete f\u00f6r \u00d6stersj\u00f6n har de \u00e5l\u00e4ndska [&hellip;]","og_url":"https:\/\/rotary.fi\/godby\/vad-gor-vi\/projekt\/","og_site_name":"Godby Rotaryklubb","article_publisher":"https:\/\/www.facebook.com\/groups\/www.godbyrotary.org","article_modified_time":"2025-09-11T11:18:50+00:00","twitter_card":"summary_large_image","twitter_misc":{"Ber\u00e4knad l\u00e4stid":"3 minuter"},"schema":{"@context":"https:\/\/schema.org","@graph":[{"@type":"WebPage","@id":"https:\/\/rotary.fi\/godby\/vad-gor-vi\/projekt\/","url":"https:\/\/rotary.fi\/godby\/vad-gor-vi\/projekt\/","name":"Projekt - Godby Rotaryklubb","isPartOf":{"@id":"https:\/\/rotary.fi\/godby\/#website"},"datePublished":"2019-03-19T13:28:00+00:00","dateModified":"2025-09-11T11:18:50+00:00","breadcrumb":{"@id":"https:\/\/rotary.fi\/godby\/vad-gor-vi\/projekt\/#breadcrumb"},"inLanguage":"sv-SE","potentialAction":[{"@type":"ReadAction","target":["https:\/\/rotary.fi\/godby\/vad-gor-vi\/projekt\/"]}]},{"@type":"BreadcrumbList","@id":"https:\/\/rotary.fi\/godby\/vad-gor-vi\/projekt\/#breadcrumb","itemListElement":[{"@type":"ListItem","position":1,"name":"Home","item":"https:\/\/rotary.fi\/godby\/"},{"@type":"ListItem","position":2,"name":"Vad g\u00f6r vi","item":"https:\/\/rotary.fi\/godby\/vad-gor-vi\/"},{"@type":"ListItem","position":3,"name":"Projekt"}]},{"@type":"WebSite","@id":"https:\/\/rotary.fi\/godby\/#website","url":"https:\/\/rotary.fi\/godby\/","name":"Godby Rotaryklubb","description":"Ny rotaryklubbs hemsida","publisher":{"@id":"https:\/\/rotary.fi\/godby\/#organization"},"potentialAction":[{"@type":"SearchAction","target":{"@type":"EntryPoint","urlTemplate":"https:\/\/rotary.fi\/godby\/?s={search_term_string}"},"query-input":{"@type":"PropertyValueSpecification","valueRequired":true,"valueName":"search_term_string"}}],"inLanguage":"sv-SE"},{"@type":"Organization","@id":"https:\/\/rotary.fi\/godby\/#organization","name":"Godby Rotaryklubb","url":"https:\/\/rotary.fi\/godby\/","logo":{"@type":"ImageObject","inLanguage":"sv-SE","@id":"https:\/\/rotary.fi\/godby\/#\/schema\/logo\/image\/","url":"https:\/\/rotary.fi\/godby\/wp-content\/uploads\/sites\/242\/2018\/08\/rotary-logo-main-2.png","contentUrl":"https:\/\/rotary.fi\/godby\/wp-content\/uploads\/sites\/242\/2018\/08\/rotary-logo-main-2.png","width":135,"height":52,"caption":"Godby Rotaryklubb"},"image":{"@id":"https:\/\/rotary.fi\/godby\/#\/schema\/logo\/image\/"},"sameAs":["https:\/\/www.facebook.com\/groups\/www.godbyrotary.org"]}]}},"lang":"sv","translations":{"sv":1606},"pll_sync_post":[],"_links":{"self":[{"href":"https:\/\/rotary.fi\/godby\/wp-json\/wp\/v2\/pages\/1606","targetHints":{"allow":["GET"]}}],"collection":[{"href":"https:\/\/rotary.fi\/godby\/wp-json\/wp\/v2\/pages"}],"about":[{"href":"https:\/\/rotary.fi\/godby\/wp-json\/wp\/v2\/types\/page"}],"author":[{"embeddable":true,"href":"https:\/\/rotary.fi\/godby\/wp-json\/wp\/v2\/users\/1"}],"replies":[{"embeddable":true,"href":"https:\/\/rotary.fi\/godby\/wp-json\/wp\/v2\/comments?post=1606"}],"version-history":[{"count":3,"href":"https:\/\/rotary.fi\/godby\/wp-json\/wp\/v2\/pages\/1606\/revisions"}],"predecessor-version":[{"id":1999,"href":"https:\/\/rotary.fi\/godby\/wp-json\/wp\/v2\/pages\/1606\/revisions\/1999"}],"up":[{"embeddable":true,"href":"https:\/\/rotary.fi\/godby\/wp-json\/wp\/v2\/pages\/1602"}],"wp:attachment":[{"href":"https:\/\/rotary.fi\/godby\/wp-json\/wp\/v2\/media?parent=1606"}],"curies":[{"name":"wp","href":"https:\/\/api.w.org\/{rel}","templated":true}]}}