{"id":1578,"date":"2019-03-19T14:37:01","date_gmt":"2019-03-19T12:37:01","guid":{"rendered":"https:\/\/rotary.fi\/godby\/?page_id=1578"},"modified":"2025-09-11T14:15:25","modified_gmt":"2025-09-11T11:15:25","slug":"vi-ar-en-del-av-distrikt-1410","status":"publish","type":"page","link":"https:\/\/rotary.fi\/godby\/vem-ar-vi\/vi-ar-en-del-av-distrikt-1410\/","title":{"rendered":"Vi \u00e4r en del av distrikt 1410"},"content":{"rendered":"<p>[et_pb_section fb_built=&#8221;1&#8243; module_class=&#8221;jumbotron-page&#8221; _builder_version=&#8221;4.16&#8243; background_image=&#8221;https:\/\/rotary.fi\/godby\/wp-content\/uploads\/sites\/242\/2018\/08\/rotary_klubit_alasivu_paakuva_4.jpg&#8221; global_colors_info=&#8221;{}&#8221;][et_pb_row _builder_version=&#8221;4.16&#8243; background_size=&#8221;initial&#8221; background_position=&#8221;top_left&#8221; background_repeat=&#8221;repeat&#8221; global_colors_info=&#8221;{}&#8221;][et_pb_column type=&#8221;4_4&#8243; _builder_version=&#8221;4.16&#8243; custom_padding=&#8221;|||&#8221; global_colors_info=&#8221;{}&#8221; custom_padding__hover=&#8221;|||&#8221;][et_pb_text admin_label=&#8221;Main \/\/ Vi \u00e4r en del av distrikt 1410&#8243; _builder_version=&#8221;4.21.0&#8243; text_orientation=&#8221;center&#8221; background_layout=&#8221;dark&#8221; global_colors_info=&#8221;{}&#8221;]<\/p>\n<h1>Vi \u00e4r en del av Distrikt <span data-sheets-value=\"{&quot;1&quot;:3,&quot;3&quot;:1410}\" data-sheets-userformat=\"{&quot;2&quot;:513,&quot;3&quot;:{&quot;1&quot;:0},&quot;12&quot;:0}\">1410<\/span><\/h1>\n<p>[\/et_pb_text][\/et_pb_column][\/et_pb_row][\/et_pb_section][et_pb_section fb_built=&#8221;1&#8243; specialty=&#8221;on&#8221; module_class_2=&#8221;sivupalkki&#8221; _builder_version=&#8221;4.16&#8243; global_colors_info=&#8221;{}&#8221;][et_pb_column type=&#8221;2_3&#8243; specialty_columns=&#8221;2&#8243; _builder_version=&#8221;4.16&#8243; custom_padding=&#8221;|||&#8221; global_colors_info=&#8221;{}&#8221; custom_padding__hover=&#8221;|||&#8221;][et_pb_row_inner admin_label=&#8221;Rivi&#8221; _builder_version=&#8221;4.16&#8243; global_colors_info=&#8221;{}&#8221;][et_pb_column_inner saved_specialty_column_type=&#8221;2_3&#8243; _builder_version=&#8221;4.16&#8243; custom_padding=&#8221;|||&#8221; global_colors_info=&#8221;{}&#8221; custom_padding__hover=&#8221;|||&#8221;][et_pb_text admin_label=&#8221;Rotarydistrikt &#8211; rubrik&#8221; _builder_version=&#8221;4.16&#8243; text_orientation=&#8221;center&#8221; global_colors_info=&#8221;{}&#8221;]<\/p>\n<h1>Rotarydistrikt<\/h1>\n<p>[\/et_pb_text][et_pb_text admin_label=&#8221;Text: Rotarydistrikt&#8221; _builder_version=&#8221;4.16&#8243; custom_padding=&#8221;0px|||||&#8221; global_colors_info=&#8221;{}&#8221;]<\/p>\n<p>5 Rotaryklubbarna utg\u00f6r basen f\u00f6r all rotaryverksamhet.<\/p>\n<p>Klubbarna i distriktet ligger i sydv\u00e4stra Finland inom landskapen Satakunta, Tavastland, Birkaland och p\u00e5 \u00c5land. Distrikt 1410 best\u00e5r av 53 klubbar. Distriktet str\u00e4cker sig fr\u00e5n Nagu i s\u00f6der till Karvia i norr. De \u00e5l\u00e4ndska klubbarna \u00e4r de v\u00e4stligaste, medan Forssa \u00e4r den \u00f6stligaste.<\/p>\n<p>I Finland finns det i dag fem rotarydistrikt. Distrikten leds av en distriktsguvern\u00f6r.<\/p>\n<p><strong>DG Matti Hakoila<\/strong> fr\u00e5n Turku \u00c5bo Rotaryklubb fungerar som guvern\u00f6r f\u00f6r v\u00e5rt eget distrikt under verksamhets\u00e5ret 2023-2026.<\/p>\n<p>Guvern\u00f6rens arbete st\u00f6ds av ett distriktr\u00e5d, ett antal kommitt\u00e9er och arbetsgrupper samt av bitr\u00e4dande guvern\u00f6rer f\u00f6r distriktets olika delomr\u00e5den. Klubbarna g\u00f6r framst\u00e4llning om guvern\u00f6r och distriktets utn\u00e4mningskommitt\u00e9 utser av kandidaterna den mest l\u00e4mpade till guvern\u00f6r. Den tilltr\u00e4dande guvern\u00f6ren utses p\u00e5 Rotary Internationals v\u00e4rldskonferens.<\/p>\n<p>Distriktet ordnar under \u00e5ret flertal tillst\u00e4llningar f\u00f6r klubbarna, av vilka den viktigaste \u00e4r utbildningsseminariet f\u00f6r tilltr\u00e4dande klubbpresidenter och funktion\u00e4rer (PELS).<\/p>\n<p>Distriktsm\u00f6tet h\u00e5lls i allm\u00e4nhet p\u00e5 h\u00f6sten och den mera festliga distriktskonferensen p\u00e5 v\u00e5ren.<\/p>\n<p>Distriktsguvern\u00f6ren bes\u00f6ker samtliga klubbar i sitt distrikt under verksamhets\u00e5ret. De bitr\u00e4dande guvern\u00f6rerna bes\u00f6ker regelbundet klubbarna p\u00e5 sitt omr\u00e5de.<\/p>\n<p>[\/et_pb_text][\/et_pb_column_inner][\/et_pb_row_inner][\/et_pb_column][et_pb_column type=&#8221;1_3&#8243; _builder_version=&#8221;4.16&#8243; custom_padding=&#8221;|||&#8221; global_colors_info=&#8221;{}&#8221; custom_padding__hover=&#8221;|||&#8221;][et_pb_sidebar area=&#8221;sidebar-1&#8243; admin_label=&#8221;Sidebar&#8221; module_class=&#8221;sivupalkki_sisalto&#8221; _builder_version=&#8221;4.16&#8243; locked=&#8221;on&#8221; global_colors_info=&#8221;{}&#8221;][\/et_pb_sidebar][\/et_pb_column][\/et_pb_section]<\/p>\n","protected":false},"excerpt":{"rendered":"<p>Vi \u00e4r en del av Distrikt 1410Rotarydistrikt 5 Rotaryklubbarna utg\u00f6r basen f\u00f6r all rotaryverksamhet. Klubbarna i distriktet ligger i sydv\u00e4stra Finland inom landskapen Satakunta, Tavastland, Birkaland och p\u00e5 \u00c5land. Distrikt 1410 best\u00e5r av 53 klubbar. Distriktet str\u00e4cker sig fr\u00e5n Nagu i s\u00f6der till Karvia i norr. De \u00e5l\u00e4ndska klubbarna \u00e4r de v\u00e4stligaste, medan Forssa \u00e4r [&hellip;]<\/p>\n","protected":false},"author":1,"featured_media":0,"parent":1565,"menu_order":3,"comment_status":"closed","ping_status":"closed","template":"","meta":{"_acf_changed":false,"_et_pb_use_builder":"on","_et_pb_old_content":"","_et_gb_content_width":"","footnotes":""},"class_list":["post-1578","page","type-page","status-publish","hentry"],"acf":[],"yoast_head":"<!-- This site is optimized with the Yoast SEO plugin v27.4 - https:\/\/yoast.com\/product\/yoast-seo-wordpress\/ -->\n<title>Vi \u00e4r en del av distrikt 1410 - Godby Rotaryklubb<\/title>\n<meta name=\"robots\" content=\"index, follow, max-snippet:-1, max-image-preview:large, max-video-preview:-1\" \/>\n<link rel=\"canonical\" href=\"https:\/\/rotary.fi\/godby\/vem-ar-vi\/vi-ar-en-del-av-distrikt-1410\/\" \/>\n<meta property=\"og:locale\" content=\"sv_SE\" \/>\n<meta property=\"og:type\" content=\"article\" \/>\n<meta property=\"og:title\" content=\"Vi \u00e4r en del av distrikt 1410 - Godby Rotaryklubb\" \/>\n<meta property=\"og:description\" content=\"Vi \u00e4r en del av Distrikt 1410Rotarydistrikt 5 Rotaryklubbarna utg\u00f6r basen f\u00f6r all rotaryverksamhet. Klubbarna i distriktet ligger i sydv\u00e4stra Finland inom landskapen Satakunta, Tavastland, Birkaland och p\u00e5 \u00c5land. Distrikt 1410 best\u00e5r av 53 klubbar. Distriktet str\u00e4cker sig fr\u00e5n Nagu i s\u00f6der till Karvia i norr. De \u00e5l\u00e4ndska klubbarna \u00e4r de v\u00e4stligaste, medan Forssa \u00e4r [&hellip;]\" \/>\n<meta property=\"og:url\" content=\"https:\/\/rotary.fi\/godby\/vem-ar-vi\/vi-ar-en-del-av-distrikt-1410\/\" \/>\n<meta property=\"og:site_name\" content=\"Godby Rotaryklubb\" \/>\n<meta property=\"article:publisher\" content=\"https:\/\/www.facebook.com\/groups\/www.godbyrotary.org\" \/>\n<meta property=\"article:modified_time\" content=\"2025-09-11T11:15:25+00:00\" \/>\n<meta name=\"twitter:card\" content=\"summary_large_image\" \/>\n<meta name=\"twitter:label1\" content=\"Ber\u00e4knad l\u00e4stid\" \/>\n\t<meta name=\"twitter:data1\" content=\"2 minuter\" \/>\n<script type=\"application\/ld+json\" class=\"yoast-schema-graph\">{\"@context\":\"https:\\\/\\\/schema.org\",\"@graph\":[{\"@type\":\"WebPage\",\"@id\":\"https:\\\/\\\/rotary.fi\\\/godby\\\/vem-ar-vi\\\/vi-ar-en-del-av-distrikt-1410\\\/\",\"url\":\"https:\\\/\\\/rotary.fi\\\/godby\\\/vem-ar-vi\\\/vi-ar-en-del-av-distrikt-1410\\\/\",\"name\":\"Vi \u00e4r en del av distrikt 1410 - Godby Rotaryklubb\",\"isPartOf\":{\"@id\":\"https:\\\/\\\/rotary.fi\\\/godby\\\/#website\"},\"datePublished\":\"2019-03-19T12:37:01+00:00\",\"dateModified\":\"2025-09-11T11:15:25+00:00\",\"breadcrumb\":{\"@id\":\"https:\\\/\\\/rotary.fi\\\/godby\\\/vem-ar-vi\\\/vi-ar-en-del-av-distrikt-1410\\\/#breadcrumb\"},\"inLanguage\":\"sv-SE\",\"potentialAction\":[{\"@type\":\"ReadAction\",\"target\":[\"https:\\\/\\\/rotary.fi\\\/godby\\\/vem-ar-vi\\\/vi-ar-en-del-av-distrikt-1410\\\/\"]}]},{\"@type\":\"BreadcrumbList\",\"@id\":\"https:\\\/\\\/rotary.fi\\\/godby\\\/vem-ar-vi\\\/vi-ar-en-del-av-distrikt-1410\\\/#breadcrumb\",\"itemListElement\":[{\"@type\":\"ListItem\",\"position\":1,\"name\":\"Home\",\"item\":\"https:\\\/\\\/rotary.fi\\\/godby\\\/\"},{\"@type\":\"ListItem\",\"position\":2,\"name\":\"Vem \u00e4r vi\",\"item\":\"https:\\\/\\\/rotary.fi\\\/godby\\\/vem-ar-vi\\\/\"},{\"@type\":\"ListItem\",\"position\":3,\"name\":\"Vi \u00e4r en del av distrikt 1410\"}]},{\"@type\":\"WebSite\",\"@id\":\"https:\\\/\\\/rotary.fi\\\/godby\\\/#website\",\"url\":\"https:\\\/\\\/rotary.fi\\\/godby\\\/\",\"name\":\"Godby Rotaryklubb\",\"description\":\"Ny rotaryklubbs hemsida\",\"publisher\":{\"@id\":\"https:\\\/\\\/rotary.fi\\\/godby\\\/#organization\"},\"potentialAction\":[{\"@type\":\"SearchAction\",\"target\":{\"@type\":\"EntryPoint\",\"urlTemplate\":\"https:\\\/\\\/rotary.fi\\\/godby\\\/?s={search_term_string}\"},\"query-input\":{\"@type\":\"PropertyValueSpecification\",\"valueRequired\":true,\"valueName\":\"search_term_string\"}}],\"inLanguage\":\"sv-SE\"},{\"@type\":\"Organization\",\"@id\":\"https:\\\/\\\/rotary.fi\\\/godby\\\/#organization\",\"name\":\"Godby Rotaryklubb\",\"url\":\"https:\\\/\\\/rotary.fi\\\/godby\\\/\",\"logo\":{\"@type\":\"ImageObject\",\"inLanguage\":\"sv-SE\",\"@id\":\"https:\\\/\\\/rotary.fi\\\/godby\\\/#\\\/schema\\\/logo\\\/image\\\/\",\"url\":\"https:\\\/\\\/rotary.fi\\\/godby\\\/wp-content\\\/uploads\\\/sites\\\/242\\\/2018\\\/08\\\/rotary-logo-main-2.png\",\"contentUrl\":\"https:\\\/\\\/rotary.fi\\\/godby\\\/wp-content\\\/uploads\\\/sites\\\/242\\\/2018\\\/08\\\/rotary-logo-main-2.png\",\"width\":135,\"height\":52,\"caption\":\"Godby Rotaryklubb\"},\"image\":{\"@id\":\"https:\\\/\\\/rotary.fi\\\/godby\\\/#\\\/schema\\\/logo\\\/image\\\/\"},\"sameAs\":[\"https:\\\/\\\/www.facebook.com\\\/groups\\\/www.godbyrotary.org\"]}]}<\/script>\n<!-- \/ Yoast SEO plugin. -->","yoast_head_json":{"title":"Vi \u00e4r en del av distrikt 1410 - Godby Rotaryklubb","robots":{"index":"index","follow":"follow","max-snippet":"max-snippet:-1","max-image-preview":"max-image-preview:large","max-video-preview":"max-video-preview:-1"},"canonical":"https:\/\/rotary.fi\/godby\/vem-ar-vi\/vi-ar-en-del-av-distrikt-1410\/","og_locale":"sv_SE","og_type":"article","og_title":"Vi \u00e4r en del av distrikt 1410 - Godby Rotaryklubb","og_description":"Vi \u00e4r en del av Distrikt 1410Rotarydistrikt 5 Rotaryklubbarna utg\u00f6r basen f\u00f6r all rotaryverksamhet. Klubbarna i distriktet ligger i sydv\u00e4stra Finland inom landskapen Satakunta, Tavastland, Birkaland och p\u00e5 \u00c5land. Distrikt 1410 best\u00e5r av 53 klubbar. Distriktet str\u00e4cker sig fr\u00e5n Nagu i s\u00f6der till Karvia i norr. De \u00e5l\u00e4ndska klubbarna \u00e4r de v\u00e4stligaste, medan Forssa \u00e4r [&hellip;]","og_url":"https:\/\/rotary.fi\/godby\/vem-ar-vi\/vi-ar-en-del-av-distrikt-1410\/","og_site_name":"Godby Rotaryklubb","article_publisher":"https:\/\/www.facebook.com\/groups\/www.godbyrotary.org","article_modified_time":"2025-09-11T11:15:25+00:00","twitter_card":"summary_large_image","twitter_misc":{"Ber\u00e4knad l\u00e4stid":"2 minuter"},"schema":{"@context":"https:\/\/schema.org","@graph":[{"@type":"WebPage","@id":"https:\/\/rotary.fi\/godby\/vem-ar-vi\/vi-ar-en-del-av-distrikt-1410\/","url":"https:\/\/rotary.fi\/godby\/vem-ar-vi\/vi-ar-en-del-av-distrikt-1410\/","name":"Vi \u00e4r en del av distrikt 1410 - Godby Rotaryklubb","isPartOf":{"@id":"https:\/\/rotary.fi\/godby\/#website"},"datePublished":"2019-03-19T12:37:01+00:00","dateModified":"2025-09-11T11:15:25+00:00","breadcrumb":{"@id":"https:\/\/rotary.fi\/godby\/vem-ar-vi\/vi-ar-en-del-av-distrikt-1410\/#breadcrumb"},"inLanguage":"sv-SE","potentialAction":[{"@type":"ReadAction","target":["https:\/\/rotary.fi\/godby\/vem-ar-vi\/vi-ar-en-del-av-distrikt-1410\/"]}]},{"@type":"BreadcrumbList","@id":"https:\/\/rotary.fi\/godby\/vem-ar-vi\/vi-ar-en-del-av-distrikt-1410\/#breadcrumb","itemListElement":[{"@type":"ListItem","position":1,"name":"Home","item":"https:\/\/rotary.fi\/godby\/"},{"@type":"ListItem","position":2,"name":"Vem \u00e4r vi","item":"https:\/\/rotary.fi\/godby\/vem-ar-vi\/"},{"@type":"ListItem","position":3,"name":"Vi \u00e4r en del av distrikt 1410"}]},{"@type":"WebSite","@id":"https:\/\/rotary.fi\/godby\/#website","url":"https:\/\/rotary.fi\/godby\/","name":"Godby Rotaryklubb","description":"Ny rotaryklubbs hemsida","publisher":{"@id":"https:\/\/rotary.fi\/godby\/#organization"},"potentialAction":[{"@type":"SearchAction","target":{"@type":"EntryPoint","urlTemplate":"https:\/\/rotary.fi\/godby\/?s={search_term_string}"},"query-input":{"@type":"PropertyValueSpecification","valueRequired":true,"valueName":"search_term_string"}}],"inLanguage":"sv-SE"},{"@type":"Organization","@id":"https:\/\/rotary.fi\/godby\/#organization","name":"Godby Rotaryklubb","url":"https:\/\/rotary.fi\/godby\/","logo":{"@type":"ImageObject","inLanguage":"sv-SE","@id":"https:\/\/rotary.fi\/godby\/#\/schema\/logo\/image\/","url":"https:\/\/rotary.fi\/godby\/wp-content\/uploads\/sites\/242\/2018\/08\/rotary-logo-main-2.png","contentUrl":"https:\/\/rotary.fi\/godby\/wp-content\/uploads\/sites\/242\/2018\/08\/rotary-logo-main-2.png","width":135,"height":52,"caption":"Godby Rotaryklubb"},"image":{"@id":"https:\/\/rotary.fi\/godby\/#\/schema\/logo\/image\/"},"sameAs":["https:\/\/www.facebook.com\/groups\/www.godbyrotary.org"]}]}},"lang":"sv","translations":{"sv":1578},"pll_sync_post":[],"_links":{"self":[{"href":"https:\/\/rotary.fi\/godby\/wp-json\/wp\/v2\/pages\/1578","targetHints":{"allow":["GET"]}}],"collection":[{"href":"https:\/\/rotary.fi\/godby\/wp-json\/wp\/v2\/pages"}],"about":[{"href":"https:\/\/rotary.fi\/godby\/wp-json\/wp\/v2\/types\/page"}],"author":[{"embeddable":true,"href":"https:\/\/rotary.fi\/godby\/wp-json\/wp\/v2\/users\/1"}],"replies":[{"embeddable":true,"href":"https:\/\/rotary.fi\/godby\/wp-json\/wp\/v2\/comments?post=1578"}],"version-history":[{"count":6,"href":"https:\/\/rotary.fi\/godby\/wp-json\/wp\/v2\/pages\/1578\/revisions"}],"predecessor-version":[{"id":1996,"href":"https:\/\/rotary.fi\/godby\/wp-json\/wp\/v2\/pages\/1578\/revisions\/1996"}],"up":[{"embeddable":true,"href":"https:\/\/rotary.fi\/godby\/wp-json\/wp\/v2\/pages\/1565"}],"wp:attachment":[{"href":"https:\/\/rotary.fi\/godby\/wp-json\/wp\/v2\/media?parent=1578"}],"curies":[{"name":"wp","href":"https:\/\/api.w.org\/{rel}","templated":true}]}}