{"id":1573,"date":"2019-03-19T14:27:31","date_gmt":"2019-03-19T12:27:31","guid":{"rendered":"https:\/\/rotary.fi\/godby\/?page_id=1573"},"modified":"2025-09-11T14:11:28","modified_gmt":"2025-09-11T11:11:28","slug":"arstema","status":"publish","type":"page","link":"https:\/\/rotary.fi\/godby\/vem-ar-vi\/arstema\/","title":{"rendered":"\u00c5rstema"},"content":{"rendered":"<p>[et_pb_section fb_built=&#8221;1&#8243; module_class=&#8221;jumbotron-page&#8221; _builder_version=&#8221;4.16&#8243; background_image=&#8221;https:\/\/rotary.fi\/godby\/wp-content\/uploads\/sites\/242\/2018\/08\/rotary_klubit_alasivu_paakuva_7.jpg&#8221; global_colors_info=&#8221;{}&#8221;][et_pb_row _builder_version=&#8221;4.16&#8243; background_size=&#8221;initial&#8221; background_position=&#8221;top_left&#8221; background_repeat=&#8221;repeat&#8221; global_colors_info=&#8221;{}&#8221;][et_pb_column type=&#8221;4_4&#8243; _builder_version=&#8221;4.16&#8243; custom_padding=&#8221;|||&#8221; global_colors_info=&#8221;{}&#8221; custom_padding__hover=&#8221;|||&#8221;][et_pb_text admin_label=&#8221;Main \/\/ \u00c5rstema&#8221; _builder_version=&#8221;4.16&#8243; text_orientation=&#8221;center&#8221; background_layout=&#8221;dark&#8221; global_colors_info=&#8221;{}&#8221;]<\/p>\n<h1>Rotary Internationals \u00e5rstema<\/h1>\n<p>[\/et_pb_text][\/et_pb_column][\/et_pb_row][\/et_pb_section][et_pb_section fb_built=&#8221;1&#8243; specialty=&#8221;on&#8221; module_class_2=&#8221;sivupalkki&#8221; _builder_version=&#8221;4.16&#8243; global_colors_info=&#8221;{}&#8221;][et_pb_column type=&#8221;2_3&#8243; specialty_columns=&#8221;2&#8243; _builder_version=&#8221;4.16&#8243; custom_padding=&#8221;|||&#8221; global_colors_info=&#8221;{}&#8221; custom_padding__hover=&#8221;|||&#8221;][et_pb_row_inner column_structure=&#8221;1_4,1_4,1_4,1_4&#8243; admin_label=&#8221;Rivi&#8221; _builder_version=&#8221;4.16&#8243; custom_padding=&#8221;|0px||||&#8221; global_colors_info=&#8221;{}&#8221;][et_pb_column_inner type=&#8221;1_4&#8243; saved_specialty_column_type=&#8221;2_3&#8243; _builder_version=&#8221;4.16&#8243; custom_padding=&#8221;|||&#8221; custom_css_main_element=&#8221;width:24%!important;&#8221; global_colors_info=&#8221;{}&#8221; custom_padding__hover=&#8221;|||&#8221;][\/et_pb_column_inner][et_pb_column_inner type=&#8221;1_4&#8243; saved_specialty_column_type=&#8221;2_3&#8243; _builder_version=&#8221;4.16&#8243; custom_padding=&#8221;|||&#8221; custom_css_main_element=&#8221;width:24%!important;&#8221; global_colors_info=&#8221;{}&#8221; custom_padding__hover=&#8221;|||&#8221;][et_pb_image src=&#8221;https:\/\/rotary.fi\/godby\/wp-content\/uploads\/sites\/242\/2025\/09\/temalogo-25-26.jpg&#8221; title_text=&#8221;Temalogo 25-26&#8243; _builder_version=&#8221;4.27.4&#8243; _module_preset=&#8221;default&#8221; global_colors_info=&#8221;{}&#8221;][\/et_pb_image][\/et_pb_column_inner][et_pb_column_inner type=&#8221;1_4&#8243; saved_specialty_column_type=&#8221;2_3&#8243; _builder_version=&#8221;4.16&#8243; custom_padding=&#8221;|||&#8221; custom_css_main_element=&#8221;width:24%!important;&#8221; global_colors_info=&#8221;{}&#8221; custom_padding__hover=&#8221;|||&#8221;][\/et_pb_column_inner][et_pb_column_inner type=&#8221;1_4&#8243; saved_specialty_column_type=&#8221;2_3&#8243; _builder_version=&#8221;4.16&#8243; custom_padding=&#8221;|||&#8221; custom_css_main_element=&#8221;display:none;||width:0%!important;&#8221; global_colors_info=&#8221;{}&#8221; custom_padding__hover=&#8221;|||&#8221;][\/et_pb_column_inner][\/et_pb_row_inner][et_pb_row_inner admin_label=&#8221;Rivi&#8221; _builder_version=&#8221;4.16&#8243; global_colors_info=&#8221;{}&#8221;][et_pb_column_inner saved_specialty_column_type=&#8221;2_3&#8243; _builder_version=&#8221;4.16&#8243; custom_padding=&#8221;|||&#8221; global_colors_info=&#8221;{}&#8221; custom_padding__hover=&#8221;|||&#8221;][et_pb_text admin_label=&#8221;Rotary Internationals \u00e5rstema &#8211; rubrik&#8221; _builder_version=&#8221;4.21.0&#8243; text_orientation=&#8221;center&#8221; min_height=&#8221;89px&#8221; custom_margin=&#8221;-50px||26px|||&#8221; custom_padding=&#8221;||11px|||&#8221; global_colors_info=&#8221;{}&#8221;]<\/p>\n<h1><\/h1>\n<h1><\/h1>\n<h1><\/h1>\n<h1>Rotary Internationals \u00e5rstema<\/h1>\n<p>[\/et_pb_text][et_pb_text admin_label=&#8221;Text: \u00e5rstema&#8221; _builder_version=&#8221;4.16&#8243; custom_margin=&#8221;|||1px||&#8221; custom_padding=&#8221;0px|||||&#8221; global_colors_info=&#8221;{}&#8221;]<\/p>\n<p>&nbsp;<\/p>\n<p>Rotary Internationals galjonsfigur \u00e4r den \u00e5rligen roterande presidenten, som v\u00e4ljer ett tema f\u00f6r sitt tj\u00e4nste\u00e5r fr\u00e5n den 1 juli till den 30 juni.<\/p>\n<p>F\u00f6r Rotary\u00e5ret 2025-2026 kommer RI:s president att vara Francesco Arezzo, Rotary Club of Ragusa, Italien, med temat<span>\u00a0<\/span><a href=\"https:\/\/brandcenter.rotary.org\/en-us\/our-brand\/brand-elements\/voice-and-messaging\/annual-ri-presidential-message\" target=\"_blank\" rel=\"noopener\">Unite for good<\/a>.<\/p>\n<p><i>\u201dDet viktigaste i Rotary \u00e4r medlemmarna. Utan medlemmar finns det ingen aktivitet.\u201d<\/i><\/p>\n<blockquote>\n<p>I \u00e5r \u00e4r Rotarys budskap Unite for Good. \u201dF\u00f6renas\u201d beskriver den styrkan vi finner i varandra. N\u00e4r vi f\u00f6renar v\u00e5ra talanger och resurser \u2013 inte bara mellan v\u00e5ra klubbar utan \u00e4ven mellan partners, organisationer och samh\u00e4llen \u2013 ut\u00f6kar vi v\u00e5r r\u00e4ckvidd. Och n\u00e4r vi g\u00f6r det konsekvent \u00f6ver tid skapar vi varaktig f\u00f6r\u00e4ndring. Rotarys hj\u00e4lpinsats kan inte bara m\u00e4tas i \u00e5rliga m\u00e5l. V\u00e5rt arbete inom utbildning m\u00e5ste str\u00e4cka sig bortom ett enda \u00e5r. L\u00e4skunnighetsprojekt tar tid att sl\u00e5 rot, v\u00e4xa och b\u00e4ra frukt.<\/p>\n<\/blockquote>\n<p>I Rotary vet vi att freden inte \u00e4r en passiv dr\u00f6m utan resultatet av h\u00e5rt arbete. Fred m\u00e5ste fr\u00e4mjas ih\u00e4rdigt och modigt. Allt vi g\u00f6r inom vart och ett av v\u00e5ra fokusomr\u00e5den skapar hopp, vilket i sin tur m\u00f6jligg\u00f6r fred.<\/p>\n<p>Utbildning \u00e4r ocks\u00e5 fredsbyggande. Varje stipendium vi erbjuder, varje f\u00f6rskoleprogram vi st\u00f6der, varje l\u00e4s- och skrivkurs f\u00f6r vuxna vi finansierar \u00e4r en fredshandling. Och Rotary har byggt fred p\u00e5 detta s\u00e4tt i mer \u00e4n ett sekel.<\/p>\n<p>&nbsp;<\/p>\n<p>&nbsp;<\/p>\n<p>&nbsp;<\/p>\n<p>[\/et_pb_text][\/et_pb_column_inner][\/et_pb_row_inner][et_pb_row_inner admin_label=&#8221;Rivi&#8221; _builder_version=&#8221;4.16&#8243; global_colors_info=&#8221;{}&#8221;][et_pb_column_inner saved_specialty_column_type=&#8221;2_3&#8243; _builder_version=&#8221;4.16&#8243; custom_padding=&#8221;|||&#8221; global_colors_info=&#8221;{}&#8221; custom_padding__hover=&#8221;|||&#8221;][et_pb_text admin_label=&#8221;\u00c5rstemat f\u00f6r klubben &#8211; rubrik&#8221; _builder_version=&#8221;4.16&#8243; text_orientation=&#8221;center&#8221; custom_padding=&#8221;8px|||||&#8221; global_colors_info=&#8221;{}&#8221;]<\/p>\n<h4>\u00c5rstemat f\u00f6r Godby Rotaryklubb\u00a0<\/h4>\n<p>[\/et_pb_text][et_pb_text admin_label=&#8221;Text: \u00c5rstemat f\u00f6r klubben&#8221; _builder_version=&#8221;4.16&#8243; custom_padding=&#8221;||20px|||&#8221; global_colors_info=&#8221;{}&#8221;]<\/p>\n<p class=\"p1\"><span class=\"s1\">V\u00e5r egen klubb koncentrerar sig p\u00e5 att aktivera medlemmarna och p\u00e5 att utveckla v\u00e5r verksamhet och bli mera synliga i v\u00e5rt samh\u00e4lle. Vi m\u00e5nar om milj\u00f6n runt om kring .<\/span><\/p>\n<p>M\u00e5ls\u00e4ttningen \u00e4r att klubbens medlemsantal \u00f6kas \u00e5rligen med minst tv\u00e5 nya medlemmar netto.<\/p>\n<p>Rekrytering sker enligt Rotary Internationals DEI principer (Diversity, Equity, and Inclusion &#8211; M\u00e5ngfald, R\u00e4ttvisa och Inkludering)<\/p>\n<p class=\"p1\"><span class=\"s1\">Med hj\u00e4lp av intressanta projekt\/f\u00f6redrag och f\u00f6retagsbes\u00f6k bibeh\u00e5lls medlemsdeltagandet vid veckosammankomsterna\u00a0<\/span><\/p>\n<p class=\"p1\"><span class=\"s1\"><\/span><\/p>\n<p>[\/et_pb_text][\/et_pb_column_inner][\/et_pb_row_inner][\/et_pb_column][et_pb_column type=&#8221;1_3&#8243; _builder_version=&#8221;4.16&#8243; custom_padding=&#8221;|||&#8221; global_colors_info=&#8221;{}&#8221; custom_padding__hover=&#8221;|||&#8221;][et_pb_sidebar area=&#8221;sidebar-1&#8243; admin_label=&#8221;Sidebar&#8221; module_class=&#8221;sivupalkki_sisalto&#8221; _builder_version=&#8221;4.16&#8243; locked=&#8221;on&#8221; global_colors_info=&#8221;{}&#8221;][\/et_pb_sidebar][\/et_pb_column][\/et_pb_section]<\/p>\n","protected":false},"excerpt":{"rendered":"<p>Rotary Internationals \u00e5rstema Rotary Internationals \u00e5rstema&nbsp; Rotary Internationals galjonsfigur \u00e4r den \u00e5rligen roterande presidenten, som v\u00e4ljer ett tema f\u00f6r sitt tj\u00e4nste\u00e5r fr\u00e5n den 1 juli till den 30 juni. F\u00f6r Rotary\u00e5ret 2025-2026 kommer RI:s president att vara Francesco Arezzo, Rotary Club of Ragusa, Italien, med temat\u00a0Unite for good. \u201dDet viktigaste i Rotary \u00e4r medlemmarna. Utan [&hellip;]<\/p>\n","protected":false},"author":1,"featured_media":0,"parent":1565,"menu_order":2,"comment_status":"closed","ping_status":"closed","template":"","meta":{"_acf_changed":false,"_et_pb_use_builder":"on","_et_pb_old_content":"","_et_gb_content_width":"","footnotes":""},"class_list":["post-1573","page","type-page","status-publish","hentry"],"acf":[],"yoast_head":"<!-- This site is optimized with the Yoast SEO plugin v27.4 - https:\/\/yoast.com\/product\/yoast-seo-wordpress\/ -->\n<title>\u00c5rstema - Godby Rotaryklubb<\/title>\n<meta name=\"robots\" content=\"index, follow, max-snippet:-1, max-image-preview:large, max-video-preview:-1\" \/>\n<link rel=\"canonical\" href=\"https:\/\/rotary.fi\/godby\/vem-ar-vi\/arstema\/\" \/>\n<meta property=\"og:locale\" content=\"sv_SE\" \/>\n<meta property=\"og:type\" content=\"article\" \/>\n<meta property=\"og:title\" content=\"\u00c5rstema - Godby Rotaryklubb\" \/>\n<meta property=\"og:description\" content=\"Rotary Internationals \u00e5rstema Rotary Internationals \u00e5rstema&nbsp; Rotary Internationals galjonsfigur \u00e4r den \u00e5rligen roterande presidenten, som v\u00e4ljer ett tema f\u00f6r sitt tj\u00e4nste\u00e5r fr\u00e5n den 1 juli till den 30 juni. F\u00f6r Rotary\u00e5ret 2025-2026 kommer RI:s president att vara Francesco Arezzo, Rotary Club of Ragusa, Italien, med temat\u00a0Unite for good. \u201dDet viktigaste i Rotary \u00e4r medlemmarna. Utan [&hellip;]\" \/>\n<meta property=\"og:url\" content=\"https:\/\/rotary.fi\/godby\/vem-ar-vi\/arstema\/\" \/>\n<meta property=\"og:site_name\" content=\"Godby Rotaryklubb\" \/>\n<meta property=\"article:publisher\" content=\"https:\/\/www.facebook.com\/groups\/www.godbyrotary.org\" \/>\n<meta property=\"article:modified_time\" content=\"2025-09-11T11:11:28+00:00\" \/>\n<meta name=\"twitter:card\" content=\"summary_large_image\" \/>\n<meta name=\"twitter:label1\" content=\"Ber\u00e4knad l\u00e4stid\" \/>\n\t<meta name=\"twitter:data1\" content=\"4 minuter\" \/>\n<script type=\"application\/ld+json\" class=\"yoast-schema-graph\">{\"@context\":\"https:\\\/\\\/schema.org\",\"@graph\":[{\"@type\":\"WebPage\",\"@id\":\"https:\\\/\\\/rotary.fi\\\/godby\\\/vem-ar-vi\\\/arstema\\\/\",\"url\":\"https:\\\/\\\/rotary.fi\\\/godby\\\/vem-ar-vi\\\/arstema\\\/\",\"name\":\"\u00c5rstema - Godby Rotaryklubb\",\"isPartOf\":{\"@id\":\"https:\\\/\\\/rotary.fi\\\/godby\\\/#website\"},\"datePublished\":\"2019-03-19T12:27:31+00:00\",\"dateModified\":\"2025-09-11T11:11:28+00:00\",\"breadcrumb\":{\"@id\":\"https:\\\/\\\/rotary.fi\\\/godby\\\/vem-ar-vi\\\/arstema\\\/#breadcrumb\"},\"inLanguage\":\"sv-SE\",\"potentialAction\":[{\"@type\":\"ReadAction\",\"target\":[\"https:\\\/\\\/rotary.fi\\\/godby\\\/vem-ar-vi\\\/arstema\\\/\"]}]},{\"@type\":\"BreadcrumbList\",\"@id\":\"https:\\\/\\\/rotary.fi\\\/godby\\\/vem-ar-vi\\\/arstema\\\/#breadcrumb\",\"itemListElement\":[{\"@type\":\"ListItem\",\"position\":1,\"name\":\"Home\",\"item\":\"https:\\\/\\\/rotary.fi\\\/godby\\\/\"},{\"@type\":\"ListItem\",\"position\":2,\"name\":\"Vem \u00e4r vi\",\"item\":\"https:\\\/\\\/rotary.fi\\\/godby\\\/vem-ar-vi\\\/\"},{\"@type\":\"ListItem\",\"position\":3,\"name\":\"\u00c5rstema\"}]},{\"@type\":\"WebSite\",\"@id\":\"https:\\\/\\\/rotary.fi\\\/godby\\\/#website\",\"url\":\"https:\\\/\\\/rotary.fi\\\/godby\\\/\",\"name\":\"Godby Rotaryklubb\",\"description\":\"Ny rotaryklubbs hemsida\",\"publisher\":{\"@id\":\"https:\\\/\\\/rotary.fi\\\/godby\\\/#organization\"},\"potentialAction\":[{\"@type\":\"SearchAction\",\"target\":{\"@type\":\"EntryPoint\",\"urlTemplate\":\"https:\\\/\\\/rotary.fi\\\/godby\\\/?s={search_term_string}\"},\"query-input\":{\"@type\":\"PropertyValueSpecification\",\"valueRequired\":true,\"valueName\":\"search_term_string\"}}],\"inLanguage\":\"sv-SE\"},{\"@type\":\"Organization\",\"@id\":\"https:\\\/\\\/rotary.fi\\\/godby\\\/#organization\",\"name\":\"Godby Rotaryklubb\",\"url\":\"https:\\\/\\\/rotary.fi\\\/godby\\\/\",\"logo\":{\"@type\":\"ImageObject\",\"inLanguage\":\"sv-SE\",\"@id\":\"https:\\\/\\\/rotary.fi\\\/godby\\\/#\\\/schema\\\/logo\\\/image\\\/\",\"url\":\"https:\\\/\\\/rotary.fi\\\/godby\\\/wp-content\\\/uploads\\\/sites\\\/242\\\/2018\\\/08\\\/rotary-logo-main-2.png\",\"contentUrl\":\"https:\\\/\\\/rotary.fi\\\/godby\\\/wp-content\\\/uploads\\\/sites\\\/242\\\/2018\\\/08\\\/rotary-logo-main-2.png\",\"width\":135,\"height\":52,\"caption\":\"Godby Rotaryklubb\"},\"image\":{\"@id\":\"https:\\\/\\\/rotary.fi\\\/godby\\\/#\\\/schema\\\/logo\\\/image\\\/\"},\"sameAs\":[\"https:\\\/\\\/www.facebook.com\\\/groups\\\/www.godbyrotary.org\"]}]}<\/script>\n<!-- \/ Yoast SEO plugin. -->","yoast_head_json":{"title":"\u00c5rstema - Godby Rotaryklubb","robots":{"index":"index","follow":"follow","max-snippet":"max-snippet:-1","max-image-preview":"max-image-preview:large","max-video-preview":"max-video-preview:-1"},"canonical":"https:\/\/rotary.fi\/godby\/vem-ar-vi\/arstema\/","og_locale":"sv_SE","og_type":"article","og_title":"\u00c5rstema - Godby Rotaryklubb","og_description":"Rotary Internationals \u00e5rstema Rotary Internationals \u00e5rstema&nbsp; Rotary Internationals galjonsfigur \u00e4r den \u00e5rligen roterande presidenten, som v\u00e4ljer ett tema f\u00f6r sitt tj\u00e4nste\u00e5r fr\u00e5n den 1 juli till den 30 juni. F\u00f6r Rotary\u00e5ret 2025-2026 kommer RI:s president att vara Francesco Arezzo, Rotary Club of Ragusa, Italien, med temat\u00a0Unite for good. \u201dDet viktigaste i Rotary \u00e4r medlemmarna. Utan [&hellip;]","og_url":"https:\/\/rotary.fi\/godby\/vem-ar-vi\/arstema\/","og_site_name":"Godby Rotaryklubb","article_publisher":"https:\/\/www.facebook.com\/groups\/www.godbyrotary.org","article_modified_time":"2025-09-11T11:11:28+00:00","twitter_card":"summary_large_image","twitter_misc":{"Ber\u00e4knad l\u00e4stid":"4 minuter"},"schema":{"@context":"https:\/\/schema.org","@graph":[{"@type":"WebPage","@id":"https:\/\/rotary.fi\/godby\/vem-ar-vi\/arstema\/","url":"https:\/\/rotary.fi\/godby\/vem-ar-vi\/arstema\/","name":"\u00c5rstema - Godby Rotaryklubb","isPartOf":{"@id":"https:\/\/rotary.fi\/godby\/#website"},"datePublished":"2019-03-19T12:27:31+00:00","dateModified":"2025-09-11T11:11:28+00:00","breadcrumb":{"@id":"https:\/\/rotary.fi\/godby\/vem-ar-vi\/arstema\/#breadcrumb"},"inLanguage":"sv-SE","potentialAction":[{"@type":"ReadAction","target":["https:\/\/rotary.fi\/godby\/vem-ar-vi\/arstema\/"]}]},{"@type":"BreadcrumbList","@id":"https:\/\/rotary.fi\/godby\/vem-ar-vi\/arstema\/#breadcrumb","itemListElement":[{"@type":"ListItem","position":1,"name":"Home","item":"https:\/\/rotary.fi\/godby\/"},{"@type":"ListItem","position":2,"name":"Vem \u00e4r vi","item":"https:\/\/rotary.fi\/godby\/vem-ar-vi\/"},{"@type":"ListItem","position":3,"name":"\u00c5rstema"}]},{"@type":"WebSite","@id":"https:\/\/rotary.fi\/godby\/#website","url":"https:\/\/rotary.fi\/godby\/","name":"Godby Rotaryklubb","description":"Ny rotaryklubbs hemsida","publisher":{"@id":"https:\/\/rotary.fi\/godby\/#organization"},"potentialAction":[{"@type":"SearchAction","target":{"@type":"EntryPoint","urlTemplate":"https:\/\/rotary.fi\/godby\/?s={search_term_string}"},"query-input":{"@type":"PropertyValueSpecification","valueRequired":true,"valueName":"search_term_string"}}],"inLanguage":"sv-SE"},{"@type":"Organization","@id":"https:\/\/rotary.fi\/godby\/#organization","name":"Godby Rotaryklubb","url":"https:\/\/rotary.fi\/godby\/","logo":{"@type":"ImageObject","inLanguage":"sv-SE","@id":"https:\/\/rotary.fi\/godby\/#\/schema\/logo\/image\/","url":"https:\/\/rotary.fi\/godby\/wp-content\/uploads\/sites\/242\/2018\/08\/rotary-logo-main-2.png","contentUrl":"https:\/\/rotary.fi\/godby\/wp-content\/uploads\/sites\/242\/2018\/08\/rotary-logo-main-2.png","width":135,"height":52,"caption":"Godby Rotaryklubb"},"image":{"@id":"https:\/\/rotary.fi\/godby\/#\/schema\/logo\/image\/"},"sameAs":["https:\/\/www.facebook.com\/groups\/www.godbyrotary.org"]}]}},"lang":"sv","translations":{"sv":1573},"pll_sync_post":[],"_links":{"self":[{"href":"https:\/\/rotary.fi\/godby\/wp-json\/wp\/v2\/pages\/1573","targetHints":{"allow":["GET"]}}],"collection":[{"href":"https:\/\/rotary.fi\/godby\/wp-json\/wp\/v2\/pages"}],"about":[{"href":"https:\/\/rotary.fi\/godby\/wp-json\/wp\/v2\/types\/page"}],"author":[{"embeddable":true,"href":"https:\/\/rotary.fi\/godby\/wp-json\/wp\/v2\/users\/1"}],"replies":[{"embeddable":true,"href":"https:\/\/rotary.fi\/godby\/wp-json\/wp\/v2\/comments?post=1573"}],"version-history":[{"count":10,"href":"https:\/\/rotary.fi\/godby\/wp-json\/wp\/v2\/pages\/1573\/revisions"}],"predecessor-version":[{"id":1994,"href":"https:\/\/rotary.fi\/godby\/wp-json\/wp\/v2\/pages\/1573\/revisions\/1994"}],"up":[{"embeddable":true,"href":"https:\/\/rotary.fi\/godby\/wp-json\/wp\/v2\/pages\/1565"}],"wp:attachment":[{"href":"https:\/\/rotary.fi\/godby\/wp-json\/wp\/v2\/media?parent=1573"}],"curies":[{"name":"wp","href":"https:\/\/api.w.org\/{rel}","templated":true}]}}