{"id":1565,"date":"2019-03-19T14:04:50","date_gmt":"2019-03-19T12:04:50","guid":{"rendered":"https:\/\/rotary.fi\/godby\/?page_id=1565"},"modified":"2023-07-07T16:35:06","modified_gmt":"2023-07-07T13:35:06","slug":"vem-ar-vi","status":"publish","type":"page","link":"https:\/\/rotary.fi\/godby\/vem-ar-vi\/","title":{"rendered":"Vem \u00e4r vi"},"content":{"rendered":"<p>[et_pb_section fb_built=&#8221;1&#8243; module_class=&#8221;jumbotron-page&#8221; _builder_version=&#8221;4.16&#8243; background_image=&#8221;https:\/\/rotary.fi\/godby\/wp-content\/uploads\/sites\/242\/2018\/10\/rotary_klubit_alasivu_paakuva_12.jpg&#8221; global_colors_info=&#8221;{}&#8221;][et_pb_row _builder_version=&#8221;4.21.0&#8243; background_size=&#8221;initial&#8221; background_position=&#8221;top_left&#8221; background_repeat=&#8221;repeat&#8221; hover_enabled=&#8221;0&#8243; global_colors_info=&#8221;{}&#8221; sticky_enabled=&#8221;0&#8243;][et_pb_column type=&#8221;4_4&#8243; _builder_version=&#8221;4.16&#8243; custom_padding=&#8221;|||&#8221; global_colors_info=&#8221;{}&#8221; custom_padding__hover=&#8221;|||&#8221;][et_pb_text admin_label=&#8221;Main \/\/ Vem \u00e4r vi&#8221; _builder_version=&#8221;4.16&#8243; text_orientation=&#8221;center&#8221; background_layout=&#8221;dark&#8221; global_colors_info=&#8221;{}&#8221;]<\/p>\n<h1>Vem \u00e4r vi<\/h1>\n<p>[\/et_pb_text][\/et_pb_column][\/et_pb_row][\/et_pb_section][et_pb_section fb_built=&#8221;1&#8243; specialty=&#8221;on&#8221; module_class_2=&#8221;sivupalkki&#8221; _builder_version=&#8221;4.16&#8243; global_colors_info=&#8221;{}&#8221;][et_pb_column type=&#8221;2_3&#8243; specialty_columns=&#8221;2&#8243; _builder_version=&#8221;4.16&#8243; custom_padding=&#8221;|||&#8221; global_colors_info=&#8221;{}&#8221; custom_padding__hover=&#8221;|||&#8221;][et_pb_row_inner admin_label=&#8221;Rivi&#8221; _builder_version=&#8221;4.16&#8243; global_colors_info=&#8221;{}&#8221;][et_pb_column_inner saved_specialty_column_type=&#8221;2_3&#8243; _builder_version=&#8221;4.16&#8243; custom_padding=&#8221;|||&#8221; global_colors_info=&#8221;{}&#8221; custom_padding__hover=&#8221;|||&#8221;][et_pb_text admin_label=&#8221;Vem \u00e4r vi &#8211; rubrik&#8221; _builder_version=&#8221;4.16&#8243; text_orientation=&#8221;center&#8221; global_colors_info=&#8221;{}&#8221;]<\/p>\n<h1>Vem \u00e4r vi<\/h1>\n<p>[\/et_pb_text][et_pb_text admin_label=&#8221;Text: Vem \u00e4r vi&#8221; _builder_version=&#8221;4.21.0&#8243; global_colors_info=&#8221;{}&#8221; custom_padding=&#8221;0px|||||&#8221; hover_enabled=&#8221;0&#8243; sticky_enabled=&#8221;0&#8243;]<\/p>\n<p>&nbsp;<\/p>\n<p><span><b>V\u00e4lkommen till Godby Rotaryklubb!<\/b><\/span><\/p>\n<p><strong><span><br \/><\/span><\/strong><span>Rotary \u00e4r en internationell\u00a0 idealistisk organisation som har 1,4 miljoner medlemmar i \u00f6ver 200 l\u00e4nder, b\u00e5de kvinnor och m\u00e4n. unga och \u00e4ldre. Medlemmarna agerar i lokala klubbar och skapar ett nationellt och globalt n\u00e4tverk. En rotarian \u00e4r alltid en rotarian var som helst i v\u00e4rlden och hen \u00e4r v\u00e4lkommen att bes\u00f6ka alla klubbar runt om i v\u00e4rlden. D\u00e4rf\u00f6r \u00e4r Rotary verksamheten en d\u00f6rr\u00f6ppnare f\u00f6r nya verksamhetsmilj\u00f6er globalt.\u00a0<\/span><\/p>\n<p>&nbsp;<\/p>\n<h4>Ett intresse f\u00f6r \u00d6stersj\u00f6n<\/h4>\n<p>Vi arbetar aktivt f\u00f6r att f\u00f6rb\u00e4ttra milj\u00f6n kring \u00d6stersj\u00f6n. f\u00f6rekomsten av bl\u00e5gr\u00f6na alger \u00e4r en gissel i vattnen runt \u00c5land. D\u00e4rf\u00f6r \u00e4r vi engagerade i SYKEs (Finlands Milj\u00f6central)projekt f\u00f6r vattentester.\u00a0 En g\u00e5ng i veckan tar klubbmedlemmarna vattenprover runt \u00c5lands str\u00e4nder och meddelar resultatet till SYKE. Klubben har donerat Vattentestv\u00e4skor till \u00e5l\u00e4nska skolor. Med hj\u00e4lp av dem kan eleververna analysera vattenkvalitetan i skolans n\u00e4rvatten.\u00a0<\/p>\n<p>Vi uppskattar Rotary Internationals str\u00e4vanden och organisationens v\u00e4rdefulla arbete f\u00f6r bland annat att utrota polio ur v\u00e4rlden. Till enbart detta arbete har Rotary satsat rikligt med frivilligarbete samt \u00f6ver 1,2 miljarder US-dollar.<\/p>\n<p>&nbsp;<\/p>\n<h4>Internationellt n\u00e4tverk av betydelse<\/h4>\n<p>Rotary \u00e4r en internationell service- och v\u00e4lg\u00f6renhetsorganisation, som grundades i Chicago 23.2.1905. Rotary Internationals hemort \u00e4r Evanston i delstaten Illinois i USA. V\u00e5rt slagord \u00e4r Osj\u00e4lviskt tj\u00e4nande (Service Above Self).<\/p>\n<p>Rotary har \u00f6ver 1,4 miljoner medlemmar i 35 000 klubbar i \u00f6ver 200 l\u00e4nder. Rotary \u00e4r en viktig internationell service- och v\u00e4lg\u00f6renhetsorganisation. Finland \u00e4r indelat i fem rotarydistrikt. Godby Rotarykubb ing\u00e5r i Distrikt 1410, Sydv\u00e4stra Finland och \u00c5land.<\/p>\n<p>[\/et_pb_text][\/et_pb_column_inner][\/et_pb_row_inner][\/et_pb_column][et_pb_column type=&#8221;1_3&#8243; _builder_version=&#8221;4.16&#8243; custom_padding=&#8221;|||&#8221; global_colors_info=&#8221;{}&#8221; custom_padding__hover=&#8221;|||&#8221;][et_pb_sidebar area=&#8221;sidebar-1&#8243; module_class=&#8221;sivupalkki_sisalto&#8221; _builder_version=&#8221;4.16&#8243; locked=&#8221;on&#8221; global_colors_info=&#8221;{}&#8221;]<\/p>\n<p>[\/et_pb_sidebar][\/et_pb_column][\/et_pb_section]<\/p>\n","protected":false},"excerpt":{"rendered":"<p>Vem \u00e4r vi Vem \u00e4r vi &nbsp; V\u00e4lkommen till Godby Rotaryklubb! Rotary \u00e4r en internationell\u00a0 idealistisk organisation som har 1,4 miljoner medlemmar i \u00f6ver 200 l\u00e4nder, b\u00e5de kvinnor och m\u00e4n. unga och \u00e4ldre. Medlemmarna agerar i lokala klubbar och skapar ett nationellt och globalt n\u00e4tverk. En rotarian \u00e4r alltid en rotarian var som helst i [&hellip;]<\/p>\n","protected":false},"author":1,"featured_media":0,"parent":0,"menu_order":1,"comment_status":"closed","ping_status":"closed","template":"","meta":{"_acf_changed":false,"_et_pb_use_builder":"on","_et_pb_old_content":"","_et_gb_content_width":"","footnotes":""},"class_list":["post-1565","page","type-page","status-publish","hentry"],"acf":[],"yoast_head":"<!-- This site is optimized with the Yoast SEO plugin v27.4 - https:\/\/yoast.com\/product\/yoast-seo-wordpress\/ -->\n<title>Vem \u00e4r vi - Godby Rotaryklubb<\/title>\n<meta name=\"robots\" content=\"index, follow, max-snippet:-1, max-image-preview:large, max-video-preview:-1\" \/>\n<link rel=\"canonical\" href=\"https:\/\/rotary.fi\/godby\/vem-ar-vi\/\" \/>\n<meta property=\"og:locale\" content=\"sv_SE\" \/>\n<meta property=\"og:type\" content=\"article\" \/>\n<meta property=\"og:title\" content=\"Vem \u00e4r vi - Godby Rotaryklubb\" \/>\n<meta property=\"og:description\" content=\"Vem \u00e4r vi Vem \u00e4r vi &nbsp; V\u00e4lkommen till Godby Rotaryklubb! Rotary \u00e4r en internationell\u00a0 idealistisk organisation som har 1,4 miljoner medlemmar i \u00f6ver 200 l\u00e4nder, b\u00e5de kvinnor och m\u00e4n. unga och \u00e4ldre. Medlemmarna agerar i lokala klubbar och skapar ett nationellt och globalt n\u00e4tverk. En rotarian \u00e4r alltid en rotarian var som helst i [&hellip;]\" \/>\n<meta property=\"og:url\" content=\"https:\/\/rotary.fi\/godby\/vem-ar-vi\/\" \/>\n<meta property=\"og:site_name\" content=\"Godby Rotaryklubb\" \/>\n<meta property=\"article:publisher\" content=\"https:\/\/www.facebook.com\/groups\/www.godbyrotary.org\" \/>\n<meta property=\"article:modified_time\" content=\"2023-07-07T13:35:06+00:00\" \/>\n<meta name=\"twitter:card\" content=\"summary_large_image\" \/>\n<meta name=\"twitter:label1\" content=\"Ber\u00e4knad l\u00e4stid\" \/>\n\t<meta name=\"twitter:data1\" content=\"3 minuter\" \/>\n<script type=\"application\/ld+json\" class=\"yoast-schema-graph\">{\"@context\":\"https:\\\/\\\/schema.org\",\"@graph\":[{\"@type\":\"WebPage\",\"@id\":\"https:\\\/\\\/rotary.fi\\\/godby\\\/vem-ar-vi\\\/\",\"url\":\"https:\\\/\\\/rotary.fi\\\/godby\\\/vem-ar-vi\\\/\",\"name\":\"Vem \u00e4r vi - Godby Rotaryklubb\",\"isPartOf\":{\"@id\":\"https:\\\/\\\/rotary.fi\\\/godby\\\/#website\"},\"datePublished\":\"2019-03-19T12:04:50+00:00\",\"dateModified\":\"2023-07-07T13:35:06+00:00\",\"breadcrumb\":{\"@id\":\"https:\\\/\\\/rotary.fi\\\/godby\\\/vem-ar-vi\\\/#breadcrumb\"},\"inLanguage\":\"sv-SE\",\"potentialAction\":[{\"@type\":\"ReadAction\",\"target\":[\"https:\\\/\\\/rotary.fi\\\/godby\\\/vem-ar-vi\\\/\"]}]},{\"@type\":\"BreadcrumbList\",\"@id\":\"https:\\\/\\\/rotary.fi\\\/godby\\\/vem-ar-vi\\\/#breadcrumb\",\"itemListElement\":[{\"@type\":\"ListItem\",\"position\":1,\"name\":\"Home\",\"item\":\"https:\\\/\\\/rotary.fi\\\/godby\\\/\"},{\"@type\":\"ListItem\",\"position\":2,\"name\":\"Vem \u00e4r vi\"}]},{\"@type\":\"WebSite\",\"@id\":\"https:\\\/\\\/rotary.fi\\\/godby\\\/#website\",\"url\":\"https:\\\/\\\/rotary.fi\\\/godby\\\/\",\"name\":\"Godby Rotaryklubb\",\"description\":\"Ny rotaryklubbs hemsida\",\"publisher\":{\"@id\":\"https:\\\/\\\/rotary.fi\\\/godby\\\/#organization\"},\"potentialAction\":[{\"@type\":\"SearchAction\",\"target\":{\"@type\":\"EntryPoint\",\"urlTemplate\":\"https:\\\/\\\/rotary.fi\\\/godby\\\/?s={search_term_string}\"},\"query-input\":{\"@type\":\"PropertyValueSpecification\",\"valueRequired\":true,\"valueName\":\"search_term_string\"}}],\"inLanguage\":\"sv-SE\"},{\"@type\":\"Organization\",\"@id\":\"https:\\\/\\\/rotary.fi\\\/godby\\\/#organization\",\"name\":\"Godby Rotaryklubb\",\"url\":\"https:\\\/\\\/rotary.fi\\\/godby\\\/\",\"logo\":{\"@type\":\"ImageObject\",\"inLanguage\":\"sv-SE\",\"@id\":\"https:\\\/\\\/rotary.fi\\\/godby\\\/#\\\/schema\\\/logo\\\/image\\\/\",\"url\":\"https:\\\/\\\/rotary.fi\\\/godby\\\/wp-content\\\/uploads\\\/sites\\\/242\\\/2018\\\/08\\\/rotary-logo-main-2.png\",\"contentUrl\":\"https:\\\/\\\/rotary.fi\\\/godby\\\/wp-content\\\/uploads\\\/sites\\\/242\\\/2018\\\/08\\\/rotary-logo-main-2.png\",\"width\":135,\"height\":52,\"caption\":\"Godby Rotaryklubb\"},\"image\":{\"@id\":\"https:\\\/\\\/rotary.fi\\\/godby\\\/#\\\/schema\\\/logo\\\/image\\\/\"},\"sameAs\":[\"https:\\\/\\\/www.facebook.com\\\/groups\\\/www.godbyrotary.org\"]}]}<\/script>\n<!-- \/ Yoast SEO plugin. -->","yoast_head_json":{"title":"Vem \u00e4r vi - Godby Rotaryklubb","robots":{"index":"index","follow":"follow","max-snippet":"max-snippet:-1","max-image-preview":"max-image-preview:large","max-video-preview":"max-video-preview:-1"},"canonical":"https:\/\/rotary.fi\/godby\/vem-ar-vi\/","og_locale":"sv_SE","og_type":"article","og_title":"Vem \u00e4r vi - Godby Rotaryklubb","og_description":"Vem \u00e4r vi Vem \u00e4r vi &nbsp; V\u00e4lkommen till Godby Rotaryklubb! Rotary \u00e4r en internationell\u00a0 idealistisk organisation som har 1,4 miljoner medlemmar i \u00f6ver 200 l\u00e4nder, b\u00e5de kvinnor och m\u00e4n. unga och \u00e4ldre. Medlemmarna agerar i lokala klubbar och skapar ett nationellt och globalt n\u00e4tverk. En rotarian \u00e4r alltid en rotarian var som helst i [&hellip;]","og_url":"https:\/\/rotary.fi\/godby\/vem-ar-vi\/","og_site_name":"Godby Rotaryklubb","article_publisher":"https:\/\/www.facebook.com\/groups\/www.godbyrotary.org","article_modified_time":"2023-07-07T13:35:06+00:00","twitter_card":"summary_large_image","twitter_misc":{"Ber\u00e4knad l\u00e4stid":"3 minuter"},"schema":{"@context":"https:\/\/schema.org","@graph":[{"@type":"WebPage","@id":"https:\/\/rotary.fi\/godby\/vem-ar-vi\/","url":"https:\/\/rotary.fi\/godby\/vem-ar-vi\/","name":"Vem \u00e4r vi - Godby Rotaryklubb","isPartOf":{"@id":"https:\/\/rotary.fi\/godby\/#website"},"datePublished":"2019-03-19T12:04:50+00:00","dateModified":"2023-07-07T13:35:06+00:00","breadcrumb":{"@id":"https:\/\/rotary.fi\/godby\/vem-ar-vi\/#breadcrumb"},"inLanguage":"sv-SE","potentialAction":[{"@type":"ReadAction","target":["https:\/\/rotary.fi\/godby\/vem-ar-vi\/"]}]},{"@type":"BreadcrumbList","@id":"https:\/\/rotary.fi\/godby\/vem-ar-vi\/#breadcrumb","itemListElement":[{"@type":"ListItem","position":1,"name":"Home","item":"https:\/\/rotary.fi\/godby\/"},{"@type":"ListItem","position":2,"name":"Vem \u00e4r vi"}]},{"@type":"WebSite","@id":"https:\/\/rotary.fi\/godby\/#website","url":"https:\/\/rotary.fi\/godby\/","name":"Godby Rotaryklubb","description":"Ny rotaryklubbs hemsida","publisher":{"@id":"https:\/\/rotary.fi\/godby\/#organization"},"potentialAction":[{"@type":"SearchAction","target":{"@type":"EntryPoint","urlTemplate":"https:\/\/rotary.fi\/godby\/?s={search_term_string}"},"query-input":{"@type":"PropertyValueSpecification","valueRequired":true,"valueName":"search_term_string"}}],"inLanguage":"sv-SE"},{"@type":"Organization","@id":"https:\/\/rotary.fi\/godby\/#organization","name":"Godby Rotaryklubb","url":"https:\/\/rotary.fi\/godby\/","logo":{"@type":"ImageObject","inLanguage":"sv-SE","@id":"https:\/\/rotary.fi\/godby\/#\/schema\/logo\/image\/","url":"https:\/\/rotary.fi\/godby\/wp-content\/uploads\/sites\/242\/2018\/08\/rotary-logo-main-2.png","contentUrl":"https:\/\/rotary.fi\/godby\/wp-content\/uploads\/sites\/242\/2018\/08\/rotary-logo-main-2.png","width":135,"height":52,"caption":"Godby Rotaryklubb"},"image":{"@id":"https:\/\/rotary.fi\/godby\/#\/schema\/logo\/image\/"},"sameAs":["https:\/\/www.facebook.com\/groups\/www.godbyrotary.org"]}]}},"lang":"sv","translations":{"sv":1565},"pll_sync_post":[],"_links":{"self":[{"href":"https:\/\/rotary.fi\/godby\/wp-json\/wp\/v2\/pages\/1565","targetHints":{"allow":["GET"]}}],"collection":[{"href":"https:\/\/rotary.fi\/godby\/wp-json\/wp\/v2\/pages"}],"about":[{"href":"https:\/\/rotary.fi\/godby\/wp-json\/wp\/v2\/types\/page"}],"author":[{"embeddable":true,"href":"https:\/\/rotary.fi\/godby\/wp-json\/wp\/v2\/users\/1"}],"replies":[{"embeddable":true,"href":"https:\/\/rotary.fi\/godby\/wp-json\/wp\/v2\/comments?post=1565"}],"version-history":[{"count":5,"href":"https:\/\/rotary.fi\/godby\/wp-json\/wp\/v2\/pages\/1565\/revisions"}],"predecessor-version":[{"id":1868,"href":"https:\/\/rotary.fi\/godby\/wp-json\/wp\/v2\/pages\/1565\/revisions\/1868"}],"wp:attachment":[{"href":"https:\/\/rotary.fi\/godby\/wp-json\/wp\/v2\/media?parent=1565"}],"curies":[{"name":"wp","href":"https:\/\/api.w.org\/{rel}","templated":true}]}}