{"id":77,"date":"2018-08-09T14:01:56","date_gmt":"2018-08-09T11:01:56","guid":{"rendered":"https:\/\/rotary.fi\/klubi2\/?page_id=77"},"modified":"2025-11-06T10:22:45","modified_gmt":"2025-11-06T08:22:45","slug":"mita-teemme","status":"publish","type":"page","link":"https:\/\/rotary.fi\/futuremaker\/mita-teemme\/","title":{"rendered":"Mit\u00e4 teemme"},"content":{"rendered":"<p>[et_pb_section fb_built=&#8221;1&#8243; module_class=&#8221;jumbotron-page&#8221; _builder_version=&#8221;4.27.4&#8243; background_image=&#8221;https:\/\/rotary.fi\/futuremaker\/wp-content\/uploads\/sites\/255\/2025\/10\/hands-2847508-1920.jpg&#8221; min_height=&#8221;495px&#8221; height=&#8221;370px&#8221; global_colors_info=&#8221;{}&#8221;][et_pb_row _builder_version=&#8221;4.16&#8243; background_size=&#8221;initial&#8221; background_position=&#8221;top_left&#8221; background_repeat=&#8221;repeat&#8221; global_colors_info=&#8221;{}&#8221;][et_pb_column type=&#8221;4_4&#8243; _builder_version=&#8221;4.16&#8243; custom_padding=&#8221;|||&#8221; global_colors_info=&#8221;{}&#8221; custom_padding__hover=&#8221;|||&#8221;][et_pb_text admin_label=&#8221;P\u00e4\u00e4otsikko&#8221; _builder_version=&#8221;4.27.0&#8243; text_orientation=&#8221;center&#8221; background_layout=&#8221;dark&#8221; custom_margin=&#8221;||11px|||&#8221; global_colors_info=&#8221;{}&#8221;]<\/p>\n<h1>Tavoitteemme<\/h1>\n<p>[\/et_pb_text][\/et_pb_column][\/et_pb_row][\/et_pb_section][et_pb_section fb_built=&#8221;1&#8243; specialty=&#8221;on&#8221; module_class_2=&#8221;sivupalkki&#8221; _builder_version=&#8221;4.27.4&#8243; global_colors_info=&#8221;{}&#8221;][et_pb_column type=&#8221;2_3&#8243; specialty_columns=&#8221;2&#8243; _builder_version=&#8221;4.16&#8243; custom_padding=&#8221;|||&#8221; global_colors_info=&#8221;{}&#8221; custom_padding__hover=&#8221;|||&#8221;][et_pb_row_inner admin_label=&#8221;Rivi&#8221; _builder_version=&#8221;4.16&#8243; hover_enabled=&#8221;0&#8243; global_colors_info=&#8221;{}&#8221; sticky_enabled=&#8221;0&#8243;][et_pb_column_inner saved_specialty_column_type=&#8221;2_3&#8243; _builder_version=&#8221;4.16&#8243; custom_padding=&#8221;|||&#8221; global_colors_info=&#8221;{}&#8221; custom_padding__hover=&#8221;|||&#8221;][et_pb_text admin_label=&#8221;Otsikko&#8221; _builder_version=&#8221;4.27.0&#8243; text_orientation=&#8221;center&#8221; global_colors_info=&#8221;{}&#8221;]<\/p>\n<h1>Tavoitteemme<\/h1>\n<p>[\/et_pb_text][et_pb_text _builder_version=&#8221;4.27.4&#8243; hover_enabled=&#8221;0&#8243; global_colors_info=&#8221;{}&#8221; sticky_enabled=&#8221;0&#8243;]<\/p>\n<p>Uskomme, ett\u00e4 jokaisella lapsella on oikeus tulla kuulluksi ja heid\u00e4n mielipiteens\u00e4 ansaitsevat paikkansa yhteiskunnassamme.\u00a0 Tavoitteemme on saada lasten \u00e4\u00e4ni kuuluville ja t\u00e4m\u00e4n vuoksi kehit\u00e4mme monipuolisia tapoja v\u00e4litt\u00e4\u00e4 lasten ajatuksia sek\u00e4 tuntemuksia aikuisille \u2013 olipa kyseess\u00e4 vanhemmat, ammattilaiset tai p\u00e4\u00e4tt\u00e4j\u00e4t.<\/p>\n<p>Vuonna 1989 hyv\u00e4ksytty YK:n lapsen oikeuksien sopimus korostaa lapsen oikeutta tulla kuulluksi ja arvostaa heid\u00e4n n\u00e4kemystens\u00e4 merkityst\u00e4. T\u00e4m\u00e4n ohjenuoran avulla viitoittamana pyrimme toiminnallamme oikeudenmukaisempaan ja empaattisempaan yhteiskuntaan.<\/p>\n<p>T\u00e4m\u00e4 arvopohja ohjaa my\u00f6s RotaKids -toimintaa. Lasten \u00e4\u00e4nen esiin tuominen ja heid\u00e4n n\u00e4kemystens\u00e4 kunnioittaminen ovat kaiken toimintamme ytimess\u00e4. Tammer Novan Future Makerin syd\u00e4mess\u00e4 sykkii vahva usko siihen, ett\u00e4 kuuntelemalla lapsia, rakennamme tulevaisuuden, jossa heid\u00e4n toiveensa ja ideansa p\u00e4\u00e4sev\u00e4t kukoistamaan. Yhdess\u00e4 luomme tilaa, jossa jokainen lapsi voi kasvaa kuulluksi ja arvostetuksi.<\/p>\n<p><img loading=\"lazy\" decoding=\"async\" src=\"https:\/\/rotary.fi\/futuremaker\/wp-content\/uploads\/sites\/255\/2025\/11\/tree-forest-grass-walking-girl-trail-719631-pxherecom-200x300.jpg\" width=\"245\" height=\"368\" alt=\"\" class=\"wp-image-1924 alignnone size-medium\" \/><\/p>\n<p>\u00a0Rotareina meill\u00e4 on voima toimia, vaikuttaa ja levitt\u00e4\u00e4 hyv\u00e4\u00e4 \u2013 ei vain paikallisesti, vaan my\u00f6s globaalisti. Oman klubin lis\u00e4ksi kuulumme laajaan yst\u00e4vyyden ja yhteisty\u00f6n verkostoon, joka ylitt\u00e4\u00e4 maiden rajat ja luo elinik\u00e4isi\u00e4 siteit\u00e4. Teht\u00e4v\u00e4mme on tarttua aitoihin haasteisiin. Toimimme rohkeasti, \u00a0yhteis\u00f6iss\u00e4mme, itsess\u00e4mme ja koko maailmassa.<\/p>\n<p>&nbsp;<\/p>\n<p>&nbsp;<\/p>\n<p>[\/et_pb_text][\/et_pb_column_inner][\/et_pb_row_inner][\/et_pb_column][et_pb_column type=&#8221;1_3&#8243; _builder_version=&#8221;4.16&#8243; custom_padding=&#8221;|||&#8221; global_colors_info=&#8221;{}&#8221; custom_padding__hover=&#8221;|||&#8221;][et_pb_sidebar area=&#8221;sidebar-1&#8243; module_class=&#8221;sivupalkki_sisalto&#8221; _builder_version=&#8221;4.16&#8243; locked=&#8221;on&#8221; global_colors_info=&#8221;{}&#8221;][\/et_pb_sidebar][\/et_pb_column][\/et_pb_section]<\/p>\n","protected":false},"excerpt":{"rendered":"<p>TavoitteemmeTavoitteemmeUskomme, ett\u00e4 jokaisella lapsella on oikeus tulla kuulluksi ja heid\u00e4n mielipiteens\u00e4 ansaitsevat paikkansa yhteiskunnassamme.\u00a0 Tavoitteemme on saada lasten \u00e4\u00e4ni kuuluville ja t\u00e4m\u00e4n vuoksi kehit\u00e4mme monipuolisia tapoja v\u00e4litt\u00e4\u00e4 lasten ajatuksia sek\u00e4 tuntemuksia aikuisille \u2013 olipa kyseess\u00e4 vanhemmat, ammattilaiset tai p\u00e4\u00e4tt\u00e4j\u00e4t. Vuonna 1989 hyv\u00e4ksytty YK:n lapsen oikeuksien sopimus korostaa lapsen oikeutta tulla kuulluksi ja arvostaa heid\u00e4n n\u00e4kemystens\u00e4 [&hellip;]<\/p>\n","protected":false},"author":1,"featured_media":0,"parent":0,"menu_order":0,"comment_status":"closed","ping_status":"closed","template":"","meta":{"_acf_changed":false,"_et_pb_use_builder":"on","_et_pb_old_content":"","_et_gb_content_width":"","footnotes":""},"class_list":["post-77","page","type-page","status-publish","hentry"],"acf":[],"yoast_head":"<!-- This site is optimized with the Yoast SEO plugin v27.0 - https:\/\/yoast.com\/product\/yoast-seo-wordpress\/ -->\n<title>Mit\u00e4 teemme - Future Maker satelliittiklubi<\/title>\n<meta name=\"robots\" content=\"index, follow, max-snippet:-1, max-image-preview:large, max-video-preview:-1\" \/>\n<link rel=\"canonical\" href=\"https:\/\/rotary.fi\/futuremaker\/mita-teemme\/\" \/>\n<meta property=\"og:locale\" content=\"fi_FI\" \/>\n<meta property=\"og:type\" content=\"article\" \/>\n<meta property=\"og:title\" content=\"Mit\u00e4 teemme - Future Maker satelliittiklubi\" \/>\n<meta property=\"og:description\" content=\"TavoitteemmeTavoitteemmeUskomme, ett\u00e4 jokaisella lapsella on oikeus tulla kuulluksi ja heid\u00e4n mielipiteens\u00e4 ansaitsevat paikkansa yhteiskunnassamme.\u00a0 Tavoitteemme on saada lasten \u00e4\u00e4ni kuuluville ja t\u00e4m\u00e4n vuoksi kehit\u00e4mme monipuolisia tapoja v\u00e4litt\u00e4\u00e4 lasten ajatuksia sek\u00e4 tuntemuksia aikuisille \u2013 olipa kyseess\u00e4 vanhemmat, ammattilaiset tai p\u00e4\u00e4tt\u00e4j\u00e4t. Vuonna 1989 hyv\u00e4ksytty YK:n lapsen oikeuksien sopimus korostaa lapsen oikeutta tulla kuulluksi ja arvostaa heid\u00e4n n\u00e4kemystens\u00e4 [&hellip;]\" \/>\n<meta property=\"og:url\" content=\"https:\/\/rotary.fi\/futuremaker\/mita-teemme\/\" \/>\n<meta property=\"og:site_name\" content=\"Future Maker satelliittiklubi\" \/>\n<meta property=\"article:publisher\" content=\"https:\/\/www.facebook.com\/profile.php?id=61557676455695\" \/>\n<meta property=\"article:modified_time\" content=\"2025-11-06T08:22:45+00:00\" \/>\n<meta property=\"og:image\" content=\"https:\/\/rotary.fi\/futuremaker\/wp-content\/uploads\/sites\/255\/2025\/11\/tree-forest-grass-walking-girl-trail-719631-pxherecom.jpg\" \/>\n\t<meta property=\"og:image:width\" content=\"1335\" \/>\n\t<meta property=\"og:image:height\" content=\"2000\" \/>\n\t<meta property=\"og:image:type\" content=\"image\/jpeg\" \/>\n<meta name=\"twitter:card\" content=\"summary_large_image\" \/>\n<meta name=\"twitter:label1\" content=\"Arvioitu lukuaika\" \/>\n\t<meta name=\"twitter:data1\" content=\"2 minuuttia\" \/>\n<script type=\"application\/ld+json\" class=\"yoast-schema-graph\">{\"@context\":\"https:\/\/schema.org\",\"@graph\":[{\"@type\":\"WebPage\",\"@id\":\"https:\/\/rotary.fi\/futuremaker\/mita-teemme\/\",\"url\":\"https:\/\/rotary.fi\/futuremaker\/mita-teemme\/\",\"name\":\"Mit\u00e4 teemme - Future Maker satelliittiklubi\",\"isPartOf\":{\"@id\":\"https:\/\/rotary.fi\/futuremaker\/#website\"},\"primaryImageOfPage\":{\"@id\":\"https:\/\/rotary.fi\/futuremaker\/mita-teemme\/#primaryimage\"},\"image\":{\"@id\":\"https:\/\/rotary.fi\/futuremaker\/mita-teemme\/#primaryimage\"},\"thumbnailUrl\":\"https:\/\/rotary.fi\/futuremaker\/wp-content\/uploads\/sites\/255\/2025\/11\/tree-forest-grass-walking-girl-trail-719631-pxherecom-200x300.jpg\",\"datePublished\":\"2018-08-09T11:01:56+00:00\",\"dateModified\":\"2025-11-06T08:22:45+00:00\",\"breadcrumb\":{\"@id\":\"https:\/\/rotary.fi\/futuremaker\/mita-teemme\/#breadcrumb\"},\"inLanguage\":\"fi\",\"potentialAction\":[{\"@type\":\"ReadAction\",\"target\":[\"https:\/\/rotary.fi\/futuremaker\/mita-teemme\/\"]}]},{\"@type\":\"ImageObject\",\"inLanguage\":\"fi\",\"@id\":\"https:\/\/rotary.fi\/futuremaker\/mita-teemme\/#primaryimage\",\"url\":\"https:\/\/rotary.fi\/futuremaker\/wp-content\/uploads\/sites\/255\/2025\/11\/tree-forest-grass-walking-girl-trail-719631-pxherecom.jpg\",\"contentUrl\":\"https:\/\/rotary.fi\/futuremaker\/wp-content\/uploads\/sites\/255\/2025\/11\/tree-forest-grass-walking-girl-trail-719631-pxherecom.jpg\",\"width\":1335,\"height\":2000},{\"@type\":\"BreadcrumbList\",\"@id\":\"https:\/\/rotary.fi\/futuremaker\/mita-teemme\/#breadcrumb\",\"itemListElement\":[{\"@type\":\"ListItem\",\"position\":1,\"name\":\"Home\",\"item\":\"https:\/\/rotary.fi\/futuremaker\/\"},{\"@type\":\"ListItem\",\"position\":2,\"name\":\"Mit\u00e4 teemme\"}]},{\"@type\":\"WebSite\",\"@id\":\"https:\/\/rotary.fi\/futuremaker\/#website\",\"url\":\"https:\/\/rotary.fi\/futuremaker\/\",\"name\":\"Future Maker satelliittiklubi\",\"description\":\"Uusi Rotary klubisivusto\",\"publisher\":{\"@id\":\"https:\/\/rotary.fi\/futuremaker\/#organization\"},\"potentialAction\":[{\"@type\":\"SearchAction\",\"target\":{\"@type\":\"EntryPoint\",\"urlTemplate\":\"https:\/\/rotary.fi\/futuremaker\/?s={search_term_string}\"},\"query-input\":{\"@type\":\"PropertyValueSpecification\",\"valueRequired\":true,\"valueName\":\"search_term_string\"}}],\"inLanguage\":\"fi\"},{\"@type\":\"Organization\",\"@id\":\"https:\/\/rotary.fi\/futuremaker\/#organization\",\"name\":\"Future Maker satelliittiklubi\",\"url\":\"https:\/\/rotary.fi\/futuremaker\/\",\"logo\":{\"@type\":\"ImageObject\",\"inLanguage\":\"fi\",\"@id\":\"https:\/\/rotary.fi\/futuremaker\/#\/schema\/logo\/image\/\",\"url\":\"https:\/\/rotary.fi\/futuremaker\/wp-content\/uploads\/sites\/255\/2018\/08\/rotary-logo-main-2.png\",\"contentUrl\":\"https:\/\/rotary.fi\/futuremaker\/wp-content\/uploads\/sites\/255\/2018\/08\/rotary-logo-main-2.png\",\"width\":135,\"height\":52,\"caption\":\"Future Maker satelliittiklubi\"},\"image\":{\"@id\":\"https:\/\/rotary.fi\/futuremaker\/#\/schema\/logo\/image\/\"},\"sameAs\":[\"https:\/\/www.facebook.com\/profile.php?id=61557676455695\"]}]}<\/script>\n<!-- \/ Yoast SEO plugin. -->","yoast_head_json":{"title":"Mit\u00e4 teemme - Future Maker satelliittiklubi","robots":{"index":"index","follow":"follow","max-snippet":"max-snippet:-1","max-image-preview":"max-image-preview:large","max-video-preview":"max-video-preview:-1"},"canonical":"https:\/\/rotary.fi\/futuremaker\/mita-teemme\/","og_locale":"fi_FI","og_type":"article","og_title":"Mit\u00e4 teemme - Future Maker satelliittiklubi","og_description":"TavoitteemmeTavoitteemmeUskomme, ett\u00e4 jokaisella lapsella on oikeus tulla kuulluksi ja heid\u00e4n mielipiteens\u00e4 ansaitsevat paikkansa yhteiskunnassamme.\u00a0 Tavoitteemme on saada lasten \u00e4\u00e4ni kuuluville ja t\u00e4m\u00e4n vuoksi kehit\u00e4mme monipuolisia tapoja v\u00e4litt\u00e4\u00e4 lasten ajatuksia sek\u00e4 tuntemuksia aikuisille \u2013 olipa kyseess\u00e4 vanhemmat, ammattilaiset tai p\u00e4\u00e4tt\u00e4j\u00e4t. Vuonna 1989 hyv\u00e4ksytty YK:n lapsen oikeuksien sopimus korostaa lapsen oikeutta tulla kuulluksi ja arvostaa heid\u00e4n n\u00e4kemystens\u00e4 [&hellip;]","og_url":"https:\/\/rotary.fi\/futuremaker\/mita-teemme\/","og_site_name":"Future Maker satelliittiklubi","article_publisher":"https:\/\/www.facebook.com\/profile.php?id=61557676455695","article_modified_time":"2025-11-06T08:22:45+00:00","og_image":[{"width":1335,"height":2000,"url":"https:\/\/rotary.fi\/futuremaker\/wp-content\/uploads\/sites\/255\/2025\/11\/tree-forest-grass-walking-girl-trail-719631-pxherecom.jpg","type":"image\/jpeg"}],"twitter_card":"summary_large_image","twitter_misc":{"Arvioitu lukuaika":"2 minuuttia"},"schema":{"@context":"https:\/\/schema.org","@graph":[{"@type":"WebPage","@id":"https:\/\/rotary.fi\/futuremaker\/mita-teemme\/","url":"https:\/\/rotary.fi\/futuremaker\/mita-teemme\/","name":"Mit\u00e4 teemme - Future Maker satelliittiklubi","isPartOf":{"@id":"https:\/\/rotary.fi\/futuremaker\/#website"},"primaryImageOfPage":{"@id":"https:\/\/rotary.fi\/futuremaker\/mita-teemme\/#primaryimage"},"image":{"@id":"https:\/\/rotary.fi\/futuremaker\/mita-teemme\/#primaryimage"},"thumbnailUrl":"https:\/\/rotary.fi\/futuremaker\/wp-content\/uploads\/sites\/255\/2025\/11\/tree-forest-grass-walking-girl-trail-719631-pxherecom-200x300.jpg","datePublished":"2018-08-09T11:01:56+00:00","dateModified":"2025-11-06T08:22:45+00:00","breadcrumb":{"@id":"https:\/\/rotary.fi\/futuremaker\/mita-teemme\/#breadcrumb"},"inLanguage":"fi","potentialAction":[{"@type":"ReadAction","target":["https:\/\/rotary.fi\/futuremaker\/mita-teemme\/"]}]},{"@type":"ImageObject","inLanguage":"fi","@id":"https:\/\/rotary.fi\/futuremaker\/mita-teemme\/#primaryimage","url":"https:\/\/rotary.fi\/futuremaker\/wp-content\/uploads\/sites\/255\/2025\/11\/tree-forest-grass-walking-girl-trail-719631-pxherecom.jpg","contentUrl":"https:\/\/rotary.fi\/futuremaker\/wp-content\/uploads\/sites\/255\/2025\/11\/tree-forest-grass-walking-girl-trail-719631-pxherecom.jpg","width":1335,"height":2000},{"@type":"BreadcrumbList","@id":"https:\/\/rotary.fi\/futuremaker\/mita-teemme\/#breadcrumb","itemListElement":[{"@type":"ListItem","position":1,"name":"Home","item":"https:\/\/rotary.fi\/futuremaker\/"},{"@type":"ListItem","position":2,"name":"Mit\u00e4 teemme"}]},{"@type":"WebSite","@id":"https:\/\/rotary.fi\/futuremaker\/#website","url":"https:\/\/rotary.fi\/futuremaker\/","name":"Future Maker satelliittiklubi","description":"Uusi Rotary klubisivusto","publisher":{"@id":"https:\/\/rotary.fi\/futuremaker\/#organization"},"potentialAction":[{"@type":"SearchAction","target":{"@type":"EntryPoint","urlTemplate":"https:\/\/rotary.fi\/futuremaker\/?s={search_term_string}"},"query-input":{"@type":"PropertyValueSpecification","valueRequired":true,"valueName":"search_term_string"}}],"inLanguage":"fi"},{"@type":"Organization","@id":"https:\/\/rotary.fi\/futuremaker\/#organization","name":"Future Maker satelliittiklubi","url":"https:\/\/rotary.fi\/futuremaker\/","logo":{"@type":"ImageObject","inLanguage":"fi","@id":"https:\/\/rotary.fi\/futuremaker\/#\/schema\/logo\/image\/","url":"https:\/\/rotary.fi\/futuremaker\/wp-content\/uploads\/sites\/255\/2018\/08\/rotary-logo-main-2.png","contentUrl":"https:\/\/rotary.fi\/futuremaker\/wp-content\/uploads\/sites\/255\/2018\/08\/rotary-logo-main-2.png","width":135,"height":52,"caption":"Future Maker satelliittiklubi"},"image":{"@id":"https:\/\/rotary.fi\/futuremaker\/#\/schema\/logo\/image\/"},"sameAs":["https:\/\/www.facebook.com\/profile.php?id=61557676455695"]}]}},"lang":"fi","translations":{"fi":77,"en":1447},"pll_sync_post":[],"_links":{"self":[{"href":"https:\/\/rotary.fi\/futuremaker\/wp-json\/wp\/v2\/pages\/77","targetHints":{"allow":["GET"]}}],"collection":[{"href":"https:\/\/rotary.fi\/futuremaker\/wp-json\/wp\/v2\/pages"}],"about":[{"href":"https:\/\/rotary.fi\/futuremaker\/wp-json\/wp\/v2\/types\/page"}],"author":[{"embeddable":true,"href":"https:\/\/rotary.fi\/futuremaker\/wp-json\/wp\/v2\/users\/1"}],"replies":[{"embeddable":true,"href":"https:\/\/rotary.fi\/futuremaker\/wp-json\/wp\/v2\/comments?post=77"}],"version-history":[{"count":10,"href":"https:\/\/rotary.fi\/futuremaker\/wp-json\/wp\/v2\/pages\/77\/revisions"}],"predecessor-version":[{"id":1949,"href":"https:\/\/rotary.fi\/futuremaker\/wp-json\/wp\/v2\/pages\/77\/revisions\/1949"}],"wp:attachment":[{"href":"https:\/\/rotary.fi\/futuremaker\/wp-json\/wp\/v2\/media?parent=77"}],"curies":[{"name":"wp","href":"https:\/\/api.w.org\/{rel}","templated":true}]}}