{"id":132,"date":"2018-08-10T13:59:56","date_gmt":"2018-08-10T10:59:56","guid":{"rendered":"https:\/\/rotary.fi\/klubi2\/?page_id=132"},"modified":"2025-09-17T10:53:07","modified_gmt":"2025-09-17T07:53:07","slug":"klubin-jasenet","status":"publish","type":"page","link":"https:\/\/rotary.fi\/futuremaker\/keita-olemme\/klubin-jasenet\/","title":{"rendered":"Klubin j\u00e4senet"},"content":{"rendered":"<p>[et_pb_section fb_built=&#8221;1&#8243; module_class=&#8221;jumbotron-page&#8221; _builder_version=&#8221;4.27.0&#8243; background_image=&#8221;https:\/\/rotary.fi\/futuremaker\/wp-content\/uploads\/sites\/255\/2024\/05\/img-6453-e1716463907151.jpeg&#8221; global_colors_info=&#8221;{}&#8221;][et_pb_row _builder_version=&#8221;4.16&#8243; background_size=&#8221;initial&#8221; background_position=&#8221;top_left&#8221; background_repeat=&#8221;repeat&#8221; global_colors_info=&#8221;{}&#8221;][et_pb_column type=&#8221;4_4&#8243; _builder_version=&#8221;4.16&#8243; custom_padding=&#8221;|||&#8221; global_colors_info=&#8221;{}&#8221; custom_padding__hover=&#8221;|||&#8221;][et_pb_text admin_label=&#8221;P\u00e4\u00e4otsikko&#8221; _builder_version=&#8221;4.16&#8243; text_orientation=&#8221;center&#8221; background_layout=&#8221;dark&#8221; global_colors_info=&#8221;{}&#8221;]<\/p>\n<h1>Klubin j\u00e4senet<\/h1>\n<p>[\/et_pb_text][\/et_pb_column][\/et_pb_row][\/et_pb_section][et_pb_section fb_built=&#8221;1&#8243; specialty=&#8221;on&#8221; module_class_2=&#8221;sivupalkki&#8221; _builder_version=&#8221;4.16&#8243; global_colors_info=&#8221;{}&#8221;][et_pb_column type=&#8221;2_3&#8243; specialty_columns=&#8221;2&#8243; _builder_version=&#8221;4.16&#8243; custom_padding=&#8221;|||&#8221; global_colors_info=&#8221;{}&#8221; parallax__hover=&#8221;off&#8221; parallax_method__hover=&#8221;on&#8221; custom_padding__hover=&#8221;|||&#8221;][et_pb_row_inner admin_label=&#8221;Rivi&#8221; _builder_version=&#8221;4.16&#8243; global_colors_info=&#8221;{}&#8221;][et_pb_column_inner saved_specialty_column_type=&#8221;2_3&#8243; _builder_version=&#8221;4.16&#8243; custom_padding=&#8221;|||&#8221; global_colors_info=&#8221;{}&#8221; parallax__hover=&#8221;off&#8221; parallax_method__hover=&#8221;on&#8221; custom_padding__hover=&#8221;|||&#8221;][et_pb_text admin_label=&#8221;Otsikko&#8221; _builder_version=&#8221;4.16&#8243; text_orientation=&#8221;center&#8221; global_colors_info=&#8221;{}&#8221;]<\/p>\n<h1>Klubin j\u00e4senet<\/h1>\n<p>[\/et_pb_text][\/et_pb_column_inner][\/et_pb_row_inner][et_pb_row_inner column_structure=&#8221;1_2,1_2&#8243; admin_label=&#8221;Rivi&#8221; _builder_version=&#8221;4.16&#8243; global_colors_info=&#8221;{}&#8221;][et_pb_column_inner type=&#8221;1_2&#8243; saved_specialty_column_type=&#8221;2_3&#8243; _builder_version=&#8221;4.16&#8243; custom_padding=&#8221;|||&#8221; global_colors_info=&#8221;{}&#8221; parallax__hover=&#8221;off&#8221; parallax_method__hover=&#8221;on&#8221; custom_padding__hover=&#8221;|||&#8221;][et_pb_team_member name=&#8221;Ulla Siltanen&#8221; position=&#8221;Puheenjohtaja&#8221; image_url=&#8221;https:\/\/rotary.fi\/futuremaker\/wp-content\/uploads\/sites\/255\/2025\/06\/addabde8-b0b3-487e-b547-c20fcab65cd0.jpeg&#8221; admin_label=&#8221;Presidentti&#8221; _builder_version=&#8221;4.27.4&#8243; custom_padding=&#8221;||4px|||&#8221; global_colors_info=&#8221;{}&#8221;]<\/p>\n<p>p. 0400 338044<\/p>\n<p>S\u00e4hk\u00f6posti: siltanenulla58@gmail.com<\/p>\n<p>[\/et_pb_team_member][\/et_pb_column_inner][et_pb_column_inner type=&#8221;1_2&#8243; saved_specialty_column_type=&#8221;2_3&#8243; _builder_version=&#8221;4.16&#8243; custom_padding=&#8221;|||&#8221; global_colors_info=&#8221;{}&#8221; parallax__hover=&#8221;off&#8221; parallax_method__hover=&#8221;on&#8221; custom_padding__hover=&#8221;|||&#8221;][et_pb_text admin_label=&#8221;Teksti&#8221; _builder_version=&#8221;4.27.4&#8243; custom_padding=&#8221;0px|||||&#8221; global_colors_info=&#8221;{}&#8221;]<\/p>\n<h2>Kaikki klubin j\u00e4senet osallistuvat p\u00e4\u00e4t\u00f6ksentekoon. Klubilla ei ole erikseen hallitusta.<\/h2>\n<p><strong><\/strong><\/p>\n<p><strong>Puheenjohtaja <\/strong>Ulla Siltanen<\/p>\n<p><strong>Sihteeri<\/strong> Sari Salomaa-Niemi<\/p>\n<p><strong>Rahastonhoitaja<\/strong> Tuija M\u00e4kinen<\/p>\n<p>Marja Olli<\/p>\n<p>Ullamaija Uusitalo<\/p>\n<p>Kati Nyn\u00e4s<\/p>\n<p>Nurunnahar Arju<\/p>\n<p>Marjatta Komu<\/p>\n<p>Kaija Reiman-Salminen<\/p>\n<p>Pirjo Saihola<\/p>\n<p>Anna Trygg<\/p>\n<p>&nbsp;<\/p>\n<p>&nbsp;<\/p>\n<p>[\/et_pb_text][\/et_pb_column_inner][\/et_pb_row_inner][\/et_pb_column][et_pb_column type=&#8221;1_3&#8243; module_class=&#8221;sivupalkki&#8221; _builder_version=&#8221;4.16&#8243; custom_padding=&#8221;|||&#8221; global_colors_info=&#8221;{}&#8221; parallax__hover=&#8221;off&#8221; parallax_method__hover=&#8221;on&#8221; module_class__hover=&#8221;sivupalkki&#8221; custom_padding__hover=&#8221;|||&#8221;][et_pb_sidebar area=&#8221;sidebar-1&#8243; module_class=&#8221;sivupalkki_sisalto&#8221; _builder_version=&#8221;4.16&#8243; locked=&#8221;on&#8221; global_colors_info=&#8221;{}&#8221;][\/et_pb_sidebar][\/et_pb_column][\/et_pb_section]<\/p>\n","protected":false},"excerpt":{"rendered":"<p>Klubin j\u00e4senet Klubin j\u00e4senet p. 0400 338044 S\u00e4hk\u00f6posti: siltanenulla58@gmail.comKaikki klubin j\u00e4senet osallistuvat p\u00e4\u00e4t\u00f6ksentekoon. Klubilla ei ole erikseen hallitusta. Puheenjohtaja Ulla Siltanen Sihteeri Sari Salomaa-Niemi Rahastonhoitaja Tuija M\u00e4kinen Marja Olli Ullamaija Uusitalo Kati Nyn\u00e4s Nurunnahar Arju Marjatta Komu Kaija Reiman-Salminen Pirjo Saihola Anna Trygg &nbsp; &nbsp;<\/p>\n","protected":false},"author":1,"featured_media":0,"parent":129,"menu_order":0,"comment_status":"closed","ping_status":"closed","template":"","meta":{"_acf_changed":false,"_et_pb_use_builder":"on","_et_pb_old_content":"<p>[et_pb_section fb_built=\"1\" module_class=\"jumbotron-page\" _builder_version=\"4.16\" background_image=\"https:\/\/rotary.fi\/futuremaker\/wp-content\/uploads\/sites\/255\/2018\/10\/rotary_klubit_alasivu_paakuva_12.jpg\" global_colors_info=\"{}\"][et_pb_row _builder_version=\"4.16\" background_size=\"initial\" background_position=\"top_left\" background_repeat=\"repeat\" global_colors_info=\"{}\"][et_pb_column type=\"4_4\" _builder_version=\"4.16\" custom_padding=\"|||\" global_colors_info=\"{}\" custom_padding__hover=\"|||\"][et_pb_text admin_label=\"P\u00e4\u00e4otsikko\" _builder_version=\"4.16\" text_orientation=\"center\" background_layout=\"dark\" global_colors_info=\"{}\"]<\/p><h1>Klubin j\u00e4senet<\/h1><p>[\/et_pb_text][\/et_pb_column][\/et_pb_row][\/et_pb_section][et_pb_section fb_built=\"1\" specialty=\"on\" module_class_2=\"sivupalkki\" _builder_version=\"4.16\" global_colors_info=\"{}\"][et_pb_column type=\"2_3\" specialty_columns=\"2\" _builder_version=\"4.16\" custom_padding=\"|||\" global_colors_info=\"{}\" parallax__hover=\"off\" parallax_method__hover=\"on\" custom_padding__hover=\"|||\"][et_pb_row_inner admin_label=\"Rivi\" _builder_version=\"4.16\" global_colors_info=\"{}\"][et_pb_column_inner saved_specialty_column_type=\"2_3\" _builder_version=\"4.16\" custom_padding=\"|||\" global_colors_info=\"{}\" parallax__hover=\"off\" parallax_method__hover=\"on\" custom_padding__hover=\"|||\"][et_pb_text admin_label=\"Otsikko\" _builder_version=\"4.16\" text_orientation=\"center\" global_colors_info=\"{}\"]<\/p><h1>Klubin j\u00e4senet<\/h1><p>[\/et_pb_text][\/et_pb_column_inner][\/et_pb_row_inner][et_pb_row_inner admin_label=\"Rivi\" _builder_version=\"4.16\" global_colors_info=\"{}\" column_structure=\"1_2,1_2\"][et_pb_column_inner type=\"1_2\" saved_specialty_column_type=\"2_3\" _builder_version=\"4.16\" custom_padding=\"|||\" global_colors_info=\"{}\" parallax__hover=\"off\" parallax_method__hover=\"on\" custom_padding__hover=\"|||\"][et_pb_team_member name=\"Kaija Reiman-Salminen\" position=\"Puheenjohtaja\" image_url=\"https:\/\/rotary.fi\/klubi2\/wp-content\/uploads\/sites\/255\/2018\/08\/henkilokuva_placeholder.jpg\" admin_label=\"Presidentti\" _builder_version=\"4.16\" hover_enabled=\"0\" global_colors_info=\"{}\" custom_padding=\"||4px|||\" sticky_enabled=\"0\"]<\/p><p>p. 050 5669917<br \/>S\u00e4hk\u00f6posti: reimansalminen@gmail.com<\/p><p>[\/et_pb_team_member][\/et_pb_column_inner][et_pb_column_inner type=\"1_2\" saved_specialty_column_type=\"2_3\" _builder_version=\"4.16\" custom_padding=\"|||\" global_colors_info=\"{}\" parallax__hover=\"off\" parallax_method__hover=\"on\" custom_padding__hover=\"|||\"][et_pb_text _builder_version=\"4.25.1\" hover_enabled=\"0\" global_colors_info=\"{}\" custom_padding=\"0px|||||\" sticky_enabled=\"0\"]<\/p><h2>\u00a0<\/h2><h2>Klubilla ei ole erikaseen hallitusta, vaan kaikki klubin j\u00e4senet osallistuvat p\u00e4\u00e4t\u00f6ksentekoon<\/h2><p><strong>Puheenjohtaja <\/strong>Kaija Reiman-Salminen<\/p><p><strong>Sihteeri<\/strong> Pirjo Saihola<\/p><p><strong>Rahastonhoitaja<\/strong> Tuija M\u00e4kinen<\/p><p>Marja Olli<\/p><p>Ullamaija Uusitalo<\/p><p>Kati Nyn\u00e4s<\/p><p>Nurunnahar Arju<\/p><p>Marjatta Komu<\/p><p>[\/et_pb_text][\/et_pb_column_inner][\/et_pb_row_inner][\/et_pb_column][et_pb_column type=\"1_3\" module_class=\"sivupalkki\" _builder_version=\"4.16\" custom_padding=\"|||\" global_colors_info=\"{}\" parallax__hover=\"off\" parallax_method__hover=\"on\" module_class__hover=\"sivupalkki\" custom_padding__hover=\"|||\"][et_pb_sidebar area=\"sidebar-1\" module_class=\"sivupalkki_sisalto\" _builder_version=\"4.16\" locked=\"on\" global_colors_info=\"{}\"]<\/p><p>[\/et_pb_sidebar][\/et_pb_column][\/et_pb_section]<\/p>","_et_gb_content_width":"","footnotes":""},"class_list":["post-132","page","type-page","status-publish","hentry"],"acf":[],"yoast_head":"<!-- This site is optimized with the Yoast SEO plugin v27.0 - https:\/\/yoast.com\/product\/yoast-seo-wordpress\/ -->\n<title>Klubin j\u00e4senet - Future Maker satelliittiklubi<\/title>\n<meta name=\"robots\" content=\"index, follow, max-snippet:-1, max-image-preview:large, max-video-preview:-1\" \/>\n<link rel=\"canonical\" href=\"https:\/\/rotary.fi\/futuremaker\/keita-olemme\/klubin-jasenet\/\" \/>\n<meta property=\"og:locale\" content=\"fi_FI\" \/>\n<meta property=\"og:type\" content=\"article\" \/>\n<meta property=\"og:title\" content=\"Klubin j\u00e4senet - Future Maker satelliittiklubi\" \/>\n<meta property=\"og:description\" content=\"Klubin j\u00e4senet Klubin j\u00e4senet p. 0400 338044 S\u00e4hk\u00f6posti: siltanenulla58@gmail.comKaikki klubin j\u00e4senet osallistuvat p\u00e4\u00e4t\u00f6ksentekoon. Klubilla ei ole erikseen hallitusta. Puheenjohtaja Ulla Siltanen Sihteeri Sari Salomaa-Niemi Rahastonhoitaja Tuija M\u00e4kinen Marja Olli Ullamaija Uusitalo Kati Nyn\u00e4s Nurunnahar Arju Marjatta Komu Kaija Reiman-Salminen Pirjo Saihola Anna Trygg &nbsp; &nbsp;\" \/>\n<meta property=\"og:url\" content=\"https:\/\/rotary.fi\/futuremaker\/keita-olemme\/klubin-jasenet\/\" \/>\n<meta property=\"og:site_name\" content=\"Future Maker satelliittiklubi\" \/>\n<meta property=\"article:publisher\" content=\"https:\/\/www.facebook.com\/profile.php?id=61557676455695\" \/>\n<meta property=\"article:modified_time\" content=\"2025-09-17T07:53:07+00:00\" \/>\n<meta name=\"twitter:card\" content=\"summary_large_image\" \/>\n<meta name=\"twitter:label1\" content=\"Arvioitu lukuaika\" \/>\n\t<meta name=\"twitter:data1\" content=\"1 minuutti\" \/>\n<script type=\"application\/ld+json\" class=\"yoast-schema-graph\">{\"@context\":\"https:\/\/schema.org\",\"@graph\":[{\"@type\":\"WebPage\",\"@id\":\"https:\/\/rotary.fi\/futuremaker\/keita-olemme\/klubin-jasenet\/\",\"url\":\"https:\/\/rotary.fi\/futuremaker\/keita-olemme\/klubin-jasenet\/\",\"name\":\"Klubin j\u00e4senet - Future Maker satelliittiklubi\",\"isPartOf\":{\"@id\":\"https:\/\/rotary.fi\/futuremaker\/#website\"},\"datePublished\":\"2018-08-10T10:59:56+00:00\",\"dateModified\":\"2025-09-17T07:53:07+00:00\",\"breadcrumb\":{\"@id\":\"https:\/\/rotary.fi\/futuremaker\/keita-olemme\/klubin-jasenet\/#breadcrumb\"},\"inLanguage\":\"fi\",\"potentialAction\":[{\"@type\":\"ReadAction\",\"target\":[\"https:\/\/rotary.fi\/futuremaker\/keita-olemme\/klubin-jasenet\/\"]}]},{\"@type\":\"BreadcrumbList\",\"@id\":\"https:\/\/rotary.fi\/futuremaker\/keita-olemme\/klubin-jasenet\/#breadcrumb\",\"itemListElement\":[{\"@type\":\"ListItem\",\"position\":1,\"name\":\"Home\",\"item\":\"https:\/\/rotary.fi\/futuremaker\/\"},{\"@type\":\"ListItem\",\"position\":2,\"name\":\"Keit\u00e4 olemme\",\"item\":\"https:\/\/rotary.fi\/futuremaker\/keita-olemme\/\"},{\"@type\":\"ListItem\",\"position\":3,\"name\":\"Klubin j\u00e4senet\"}]},{\"@type\":\"WebSite\",\"@id\":\"https:\/\/rotary.fi\/futuremaker\/#website\",\"url\":\"https:\/\/rotary.fi\/futuremaker\/\",\"name\":\"Future Maker satelliittiklubi\",\"description\":\"Uusi Rotary klubisivusto\",\"publisher\":{\"@id\":\"https:\/\/rotary.fi\/futuremaker\/#organization\"},\"potentialAction\":[{\"@type\":\"SearchAction\",\"target\":{\"@type\":\"EntryPoint\",\"urlTemplate\":\"https:\/\/rotary.fi\/futuremaker\/?s={search_term_string}\"},\"query-input\":{\"@type\":\"PropertyValueSpecification\",\"valueRequired\":true,\"valueName\":\"search_term_string\"}}],\"inLanguage\":\"fi\"},{\"@type\":\"Organization\",\"@id\":\"https:\/\/rotary.fi\/futuremaker\/#organization\",\"name\":\"Future Maker satelliittiklubi\",\"url\":\"https:\/\/rotary.fi\/futuremaker\/\",\"logo\":{\"@type\":\"ImageObject\",\"inLanguage\":\"fi\",\"@id\":\"https:\/\/rotary.fi\/futuremaker\/#\/schema\/logo\/image\/\",\"url\":\"https:\/\/rotary.fi\/futuremaker\/wp-content\/uploads\/sites\/255\/2018\/08\/rotary-logo-main-2.png\",\"contentUrl\":\"https:\/\/rotary.fi\/futuremaker\/wp-content\/uploads\/sites\/255\/2018\/08\/rotary-logo-main-2.png\",\"width\":135,\"height\":52,\"caption\":\"Future Maker satelliittiklubi\"},\"image\":{\"@id\":\"https:\/\/rotary.fi\/futuremaker\/#\/schema\/logo\/image\/\"},\"sameAs\":[\"https:\/\/www.facebook.com\/profile.php?id=61557676455695\"]}]}<\/script>\n<!-- \/ Yoast SEO plugin. -->","yoast_head_json":{"title":"Klubin j\u00e4senet - Future Maker satelliittiklubi","robots":{"index":"index","follow":"follow","max-snippet":"max-snippet:-1","max-image-preview":"max-image-preview:large","max-video-preview":"max-video-preview:-1"},"canonical":"https:\/\/rotary.fi\/futuremaker\/keita-olemme\/klubin-jasenet\/","og_locale":"fi_FI","og_type":"article","og_title":"Klubin j\u00e4senet - Future Maker satelliittiklubi","og_description":"Klubin j\u00e4senet Klubin j\u00e4senet p. 0400 338044 S\u00e4hk\u00f6posti: siltanenulla58@gmail.comKaikki klubin j\u00e4senet osallistuvat p\u00e4\u00e4t\u00f6ksentekoon. Klubilla ei ole erikseen hallitusta. Puheenjohtaja Ulla Siltanen Sihteeri Sari Salomaa-Niemi Rahastonhoitaja Tuija M\u00e4kinen Marja Olli Ullamaija Uusitalo Kati Nyn\u00e4s Nurunnahar Arju Marjatta Komu Kaija Reiman-Salminen Pirjo Saihola Anna Trygg &nbsp; &nbsp;","og_url":"https:\/\/rotary.fi\/futuremaker\/keita-olemme\/klubin-jasenet\/","og_site_name":"Future Maker satelliittiklubi","article_publisher":"https:\/\/www.facebook.com\/profile.php?id=61557676455695","article_modified_time":"2025-09-17T07:53:07+00:00","twitter_card":"summary_large_image","twitter_misc":{"Arvioitu lukuaika":"1 minuutti"},"schema":{"@context":"https:\/\/schema.org","@graph":[{"@type":"WebPage","@id":"https:\/\/rotary.fi\/futuremaker\/keita-olemme\/klubin-jasenet\/","url":"https:\/\/rotary.fi\/futuremaker\/keita-olemme\/klubin-jasenet\/","name":"Klubin j\u00e4senet - Future Maker satelliittiklubi","isPartOf":{"@id":"https:\/\/rotary.fi\/futuremaker\/#website"},"datePublished":"2018-08-10T10:59:56+00:00","dateModified":"2025-09-17T07:53:07+00:00","breadcrumb":{"@id":"https:\/\/rotary.fi\/futuremaker\/keita-olemme\/klubin-jasenet\/#breadcrumb"},"inLanguage":"fi","potentialAction":[{"@type":"ReadAction","target":["https:\/\/rotary.fi\/futuremaker\/keita-olemme\/klubin-jasenet\/"]}]},{"@type":"BreadcrumbList","@id":"https:\/\/rotary.fi\/futuremaker\/keita-olemme\/klubin-jasenet\/#breadcrumb","itemListElement":[{"@type":"ListItem","position":1,"name":"Home","item":"https:\/\/rotary.fi\/futuremaker\/"},{"@type":"ListItem","position":2,"name":"Keit\u00e4 olemme","item":"https:\/\/rotary.fi\/futuremaker\/keita-olemme\/"},{"@type":"ListItem","position":3,"name":"Klubin j\u00e4senet"}]},{"@type":"WebSite","@id":"https:\/\/rotary.fi\/futuremaker\/#website","url":"https:\/\/rotary.fi\/futuremaker\/","name":"Future Maker satelliittiklubi","description":"Uusi Rotary klubisivusto","publisher":{"@id":"https:\/\/rotary.fi\/futuremaker\/#organization"},"potentialAction":[{"@type":"SearchAction","target":{"@type":"EntryPoint","urlTemplate":"https:\/\/rotary.fi\/futuremaker\/?s={search_term_string}"},"query-input":{"@type":"PropertyValueSpecification","valueRequired":true,"valueName":"search_term_string"}}],"inLanguage":"fi"},{"@type":"Organization","@id":"https:\/\/rotary.fi\/futuremaker\/#organization","name":"Future Maker satelliittiklubi","url":"https:\/\/rotary.fi\/futuremaker\/","logo":{"@type":"ImageObject","inLanguage":"fi","@id":"https:\/\/rotary.fi\/futuremaker\/#\/schema\/logo\/image\/","url":"https:\/\/rotary.fi\/futuremaker\/wp-content\/uploads\/sites\/255\/2018\/08\/rotary-logo-main-2.png","contentUrl":"https:\/\/rotary.fi\/futuremaker\/wp-content\/uploads\/sites\/255\/2018\/08\/rotary-logo-main-2.png","width":135,"height":52,"caption":"Future Maker satelliittiklubi"},"image":{"@id":"https:\/\/rotary.fi\/futuremaker\/#\/schema\/logo\/image\/"},"sameAs":["https:\/\/www.facebook.com\/profile.php?id=61557676455695"]}]}},"lang":"fi","translations":{"fi":132,"en":1428},"pll_sync_post":[],"_links":{"self":[{"href":"https:\/\/rotary.fi\/futuremaker\/wp-json\/wp\/v2\/pages\/132","targetHints":{"allow":["GET"]}}],"collection":[{"href":"https:\/\/rotary.fi\/futuremaker\/wp-json\/wp\/v2\/pages"}],"about":[{"href":"https:\/\/rotary.fi\/futuremaker\/wp-json\/wp\/v2\/types\/page"}],"author":[{"embeddable":true,"href":"https:\/\/rotary.fi\/futuremaker\/wp-json\/wp\/v2\/users\/1"}],"replies":[{"embeddable":true,"href":"https:\/\/rotary.fi\/futuremaker\/wp-json\/wp\/v2\/comments?post=132"}],"version-history":[{"count":11,"href":"https:\/\/rotary.fi\/futuremaker\/wp-json\/wp\/v2\/pages\/132\/revisions"}],"predecessor-version":[{"id":1831,"href":"https:\/\/rotary.fi\/futuremaker\/wp-json\/wp\/v2\/pages\/132\/revisions\/1831"}],"up":[{"embeddable":true,"href":"https:\/\/rotary.fi\/futuremaker\/wp-json\/wp\/v2\/pages\/129"}],"wp:attachment":[{"href":"https:\/\/rotary.fi\/futuremaker\/wp-json\/wp\/v2\/media?parent=132"}],"curies":[{"name":"wp","href":"https:\/\/api.w.org\/{rel}","templated":true}]}}