{"id":1302,"date":"2018-11-27T08:54:09","date_gmt":"2018-11-27T06:54:09","guid":{"rendered":"https:\/\/rotary.fi\/futuremaker\/?page_id=1302"},"modified":"2025-12-29T19:07:13","modified_gmt":"2025-12-29T17:07:13","slug":"krookukset","status":"publish","type":"page","link":"https:\/\/rotary.fi\/futuremaker\/mita-teemme\/krookukset\/","title":{"rendered":"Lasten ja nuorten ajatuksia"},"content":{"rendered":"<p>[et_pb_section fb_built=&#8221;1&#8243; module_class=&#8221;jumbotron-page&#8221; _builder_version=&#8221;4.27.4&#8243; background_image=&#8221;https:\/\/rotary.fi\/futuremaker\/wp-content\/uploads\/sites\/255\/2025\/10\/person-people-girl-photography-play-portrait-1167938-pxherecom.jpg&#8221; width=&#8221;100%&#8221; max_width=&#8221;100%&#8221; min_height=&#8221;594px&#8221; height=&#8221;339px&#8221; max_height=&#8221;1000px&#8221; global_colors_info=&#8221;{}&#8221;][et_pb_row _builder_version=&#8221;4.16&#8243; background_size=&#8221;initial&#8221; background_position=&#8221;top_left&#8221; background_repeat=&#8221;repeat&#8221; global_colors_info=&#8221;{}&#8221;][et_pb_column type=&#8221;4_4&#8243; _builder_version=&#8221;4.16&#8243; custom_padding=&#8221;|||&#8221; global_colors_info=&#8221;{}&#8221; custom_padding__hover=&#8221;|||&#8221;][et_pb_text admin_label=&#8221;P\u00e4\u00e4otsikko&#8221; _builder_version=&#8221;4.16&#8243; text_orientation=&#8221;center&#8221; background_layout=&#8221;dark&#8221; min_height=&#8221;84px&#8221; global_colors_info=&#8221;{}&#8221;]<\/p>\n<h1>Lasten ja nuorten ajatuksia<\/h1>\n<p>[\/et_pb_text][\/et_pb_column][\/et_pb_row][\/et_pb_section][et_pb_section fb_built=&#8221;1&#8243; specialty=&#8221;on&#8221; module_class_2=&#8221;sivupalkki&#8221; _builder_version=&#8221;4.16&#8243; custom_margin=&#8221;-39px|||||&#8221; global_colors_info=&#8221;{}&#8221;][et_pb_column type=&#8221;2_3&#8243; specialty_columns=&#8221;2&#8243; _builder_version=&#8221;4.16&#8243; custom_padding=&#8221;|||&#8221; global_colors_info=&#8221;{}&#8221; parallax__hover=&#8221;off&#8221; parallax_method__hover=&#8221;on&#8221; custom_padding__hover=&#8221;|||&#8221;][et_pb_row_inner admin_label=&#8221;Rivi&#8221; _builder_version=&#8221;4.16&#8243; global_colors_info=&#8221;{}&#8221;][et_pb_column_inner saved_specialty_column_type=&#8221;2_3&#8243; _builder_version=&#8221;4.16&#8243; custom_padding=&#8221;|||&#8221; global_colors_info=&#8221;{}&#8221; parallax__hover=&#8221;off&#8221; parallax_method__hover=&#8221;on&#8221; custom_padding__hover=&#8221;|||&#8221;][et_pb_text admin_label=&#8221;Varainhankinta ja lahjoitukset &#8211; Otsikko&#8221; _builder_version=&#8221;4.16&#8243; text_orientation=&#8221;center&#8221; global_colors_info=&#8221;{}&#8221;]<\/p>\n<h1>Lasten ja nuorten ajatuksia<\/h1>\n<p>[\/et_pb_text][et_pb_text _builder_version=&#8221;4.27.4&#8243; hover_enabled=&#8221;0&#8243; global_colors_info=&#8221;{}&#8221; sticky_enabled=&#8221;0&#8243;]<\/p>\n<h4><\/h4>\n<h4>Toiveita ja ehdotuksia viihtyis\u00e4mp\u00e4\u00e4n kouluun<span style=\"font-size: 28px\">\u00a0<\/span><\/h4>\n<ul>\n<li>Minun mielest\u00e4ni koulussa pit\u00e4isi olla paljon monipuolisempaa ruokaa.<\/li>\n<li>Koulun piha olisi mukavampi, jos se olisi viihtyis\u00e4mpi.<\/li>\n<li>Olisi hauskempaa, jos koulussa olisi enemm\u00e4n pari- ja ryhm\u00e4t\u00f6it\u00e4.<\/li>\n<li>Koulussakin pit\u00e4\u00e4 olla v\u00e4lill\u00e4 omaa aikaa, joten sit\u00e4 voisi olla enemm\u00e4nkin.<\/li>\n<li>Oppilaille pit\u00e4isi antaa enemm\u00e4n p\u00e4\u00e4t\u00f6svaltaa niit\u00e4 koskevissa asioissa (esim. istumaj\u00e4rjestys, luokkaretkien kohteet, kuvisty\u00f6t).<\/li>\n<\/ul>\n<p>-Melissa, 11 v<\/p>\n<h4><img loading=\"lazy\" decoding=\"async\" src=\"https:\/\/rotary.fi\/futuremaker\/wp-content\/uploads\/sites\/255\/2025\/12\/2ea9f22d-3e55-4fb6-bce1-05d6b627c18b-300x222.jpeg\" width=\"300\" height=\"222\" alt=\"\" class=\"wp-image-1969 alignnone size-medium\" \/> \u00a0 \u00a0 \u00a0\u00a0<img loading=\"lazy\" decoding=\"async\" src=\"https:\/\/rotary.fi\/futuremaker\/wp-content\/uploads\/sites\/255\/2025\/12\/d4659f20-b31c-4f3d-ba68-dc926388cca1-225x300.jpeg\" width=\"225\" height=\"300\" alt=\"\" class=\"wp-image-1968 alignnone size-medium\" srcset=\"https:\/\/rotary.fi\/futuremaker\/wp-content\/uploads\/sites\/255\/2025\/12\/d4659f20-b31c-4f3d-ba68-dc926388cca1-225x300.jpeg 225w, https:\/\/rotary.fi\/futuremaker\/wp-content\/uploads\/sites\/255\/2025\/12\/d4659f20-b31c-4f3d-ba68-dc926388cca1.jpeg 404w\" sizes=\"(max-width: 225px) 100vw, 225px\" \/><\/h4>\n<p>-Matti, 7 v<\/p>\n<h4><\/h4>\n<h4><\/h4>\n<h4>Unelmien ty\u00f6teht\u00e4vi\u00e4<\/h4>\n<p>Yksi unelmistani on p\u00e4\u00e4st\u00e4 ty\u00f6skentelem\u00e4\u00e4n Ylelle TV-ohjaajaksi. Tykk\u00e4isin ohjata ja suunnitella ty\u00f6skentely\u00e4, jolla on hieno lopputulos.<\/p>\n<p>Toinen unelmani on tulla ammattitanssiaksi, ja tanssia Euroviisujen lavoilla. Olisi siisti\u00e4, jos monien vuosien tanssikokemuksen avulla viel\u00e4 kehittyisin ammattitanssiaksi. Lavat ovat minulle houkuttelevia paikkoja, joissa saa el\u00e4yty\u00e4 ja n\u00e4ytt\u00e4\u00e4 asioita niin kuin ne ovat.<\/p>\n<p>-Pihla, 13 v<\/p>\n<p>&nbsp;<\/p>\n<h4 style=\"text-align: center\">My Dreams<\/h4>\n<p style=\"text-align: center\">My dreams<\/p>\n<p style=\"text-align: center\">Be loved<\/p>\n<p style=\"text-align: center\">from others,<\/p>\n<p style=\"text-align: center\">from someone,<\/p>\n<p style=\"text-align: center\">from family.<\/p>\n<p style=\"text-align: center\">My dreams<\/p>\n<p style=\"text-align: center\">Be good,<\/p>\n<p style=\"text-align: center\">be enough,<\/p>\n<p style=\"text-align: center\">be there,<\/p>\n<p style=\"text-align: center\">for everyone.<\/p>\n<p style=\"text-align: center\">My dreams<\/p>\n<p style=\"text-align: center\">Be myself<\/p>\n<p style=\"text-align: center\">for me,<\/p>\n<p style=\"text-align: center\">for younger self,<\/p>\n<p style=\"text-align: center\">for older self.<\/p>\n<p style=\"text-align: center\">My dreams<\/p>\n<p style=\"text-align: center\">Enjoy life,<\/p>\n<p style=\"text-align: center\">living life,<\/p>\n<p style=\"text-align: center\">love life,<\/p>\n<p style=\"text-align: center\">happiness.<\/p>\n<p style=\"text-align: center\">My dreams<\/p>\n<p style=\"text-align: center\">remain in this moment,<\/p>\n<p style=\"text-align: center\">in this age.<\/p>\n<p style=\"text-align: center\">-Freya, 16v, rotaryvaihto-oppilaana Tampereella Saksasta<\/p>\n<p>&nbsp;<\/p>\n<p>&nbsp;<\/p>\n<p>&nbsp;<\/p>\n<p>&nbsp;<\/p>\n<p>[\/et_pb_text][\/et_pb_column_inner][\/et_pb_row_inner][\/et_pb_column][et_pb_column type=&#8221;1_3&#8243; module_class=&#8221;sivupalkki&#8221; _builder_version=&#8221;4.16&#8243; custom_padding=&#8221;|||&#8221; global_colors_info=&#8221;{}&#8221; parallax__hover=&#8221;off&#8221; parallax_method__hover=&#8221;on&#8221; module_class__hover=&#8221;sivupalkki&#8221; custom_padding__hover=&#8221;|||&#8221;][et_pb_sidebar area=&#8221;sidebar-1&#8243; module_class=&#8221;sivupalkki_sisalto&#8221; _builder_version=&#8221;4.16&#8243; locked=&#8221;on&#8221; global_colors_info=&#8221;{}&#8221;]<br \/>\n[\/et_pb_sidebar][\/et_pb_column][\/et_pb_section]<\/p>\n","protected":false},"excerpt":{"rendered":"<p>Lasten ja nuorten ajatuksiaLasten ja nuorten ajatuksia Toiveita ja ehdotuksia viihtyis\u00e4mp\u00e4\u00e4n kouluun\u00a0 Minun mielest\u00e4ni koulussa pit\u00e4isi olla paljon monipuolisempaa ruokaa. Koulun piha olisi mukavampi, jos se olisi viihtyis\u00e4mpi. Olisi hauskempaa, jos koulussa olisi enemm\u00e4n pari- ja ryhm\u00e4t\u00f6it\u00e4. Koulussakin pit\u00e4\u00e4 olla v\u00e4lill\u00e4 omaa aikaa, joten sit\u00e4 voisi olla enemm\u00e4nkin. Oppilaille pit\u00e4isi antaa enemm\u00e4n p\u00e4\u00e4t\u00f6svaltaa niit\u00e4 koskevissa [&hellip;]<\/p>\n","protected":false},"author":1,"featured_media":0,"parent":77,"menu_order":0,"comment_status":"closed","ping_status":"closed","template":"","meta":{"_acf_changed":false,"_et_pb_use_builder":"on","_et_pb_old_content":"","_et_gb_content_width":"","footnotes":""},"class_list":["post-1302","page","type-page","status-publish","hentry"],"acf":[],"yoast_head":"<!-- This site is optimized with the Yoast SEO plugin v27.0 - https:\/\/yoast.com\/product\/yoast-seo-wordpress\/ -->\n<title>Lasten ja nuorten ajatuksia - Future Maker satelliittiklubi<\/title>\n<meta name=\"robots\" content=\"index, follow, max-snippet:-1, max-image-preview:large, max-video-preview:-1\" \/>\n<link rel=\"canonical\" href=\"https:\/\/rotary.fi\/futuremaker\/mita-teemme\/krookukset\/\" \/>\n<meta property=\"og:locale\" content=\"fi_FI\" \/>\n<meta property=\"og:type\" content=\"article\" \/>\n<meta property=\"og:title\" content=\"Lasten ja nuorten ajatuksia - Future Maker satelliittiklubi\" \/>\n<meta property=\"og:description\" content=\"Lasten ja nuorten ajatuksiaLasten ja nuorten ajatuksia Toiveita ja ehdotuksia viihtyis\u00e4mp\u00e4\u00e4n kouluun\u00a0 Minun mielest\u00e4ni koulussa pit\u00e4isi olla paljon monipuolisempaa ruokaa. Koulun piha olisi mukavampi, jos se olisi viihtyis\u00e4mpi. Olisi hauskempaa, jos koulussa olisi enemm\u00e4n pari- ja ryhm\u00e4t\u00f6it\u00e4. Koulussakin pit\u00e4\u00e4 olla v\u00e4lill\u00e4 omaa aikaa, joten sit\u00e4 voisi olla enemm\u00e4nkin. Oppilaille pit\u00e4isi antaa enemm\u00e4n p\u00e4\u00e4t\u00f6svaltaa niit\u00e4 koskevissa [&hellip;]\" \/>\n<meta property=\"og:url\" content=\"https:\/\/rotary.fi\/futuremaker\/mita-teemme\/krookukset\/\" \/>\n<meta property=\"og:site_name\" content=\"Future Maker satelliittiklubi\" \/>\n<meta property=\"article:publisher\" content=\"https:\/\/www.facebook.com\/profile.php?id=61557676455695\" \/>\n<meta property=\"article:modified_time\" content=\"2025-12-29T17:07:13+00:00\" \/>\n<meta property=\"og:image\" content=\"https:\/\/rotary.fi\/futuremaker\/wp-content\/uploads\/sites\/255\/2025\/12\/2ea9f22d-3e55-4fb6-bce1-05d6b627c18b.jpeg\" \/>\n\t<meta property=\"og:image:width\" content=\"620\" \/>\n\t<meta property=\"og:image:height\" content=\"458\" \/>\n\t<meta property=\"og:image:type\" content=\"image\/jpeg\" \/>\n<meta name=\"twitter:card\" content=\"summary_large_image\" \/>\n<meta name=\"twitter:label1\" content=\"Arvioitu lukuaika\" \/>\n\t<meta name=\"twitter:data1\" content=\"2 minuuttia\" \/>\n<script type=\"application\/ld+json\" class=\"yoast-schema-graph\">{\"@context\":\"https:\/\/schema.org\",\"@graph\":[{\"@type\":\"WebPage\",\"@id\":\"https:\/\/rotary.fi\/futuremaker\/mita-teemme\/krookukset\/\",\"url\":\"https:\/\/rotary.fi\/futuremaker\/mita-teemme\/krookukset\/\",\"name\":\"Lasten ja nuorten ajatuksia - Future Maker satelliittiklubi\",\"isPartOf\":{\"@id\":\"https:\/\/rotary.fi\/futuremaker\/#website\"},\"primaryImageOfPage\":{\"@id\":\"https:\/\/rotary.fi\/futuremaker\/mita-teemme\/krookukset\/#primaryimage\"},\"image\":{\"@id\":\"https:\/\/rotary.fi\/futuremaker\/mita-teemme\/krookukset\/#primaryimage\"},\"thumbnailUrl\":\"https:\/\/rotary.fi\/futuremaker\/wp-content\/uploads\/sites\/255\/2025\/12\/2ea9f22d-3e55-4fb6-bce1-05d6b627c18b-300x222.jpeg\",\"datePublished\":\"2018-11-27T06:54:09+00:00\",\"dateModified\":\"2025-12-29T17:07:13+00:00\",\"breadcrumb\":{\"@id\":\"https:\/\/rotary.fi\/futuremaker\/mita-teemme\/krookukset\/#breadcrumb\"},\"inLanguage\":\"fi\",\"potentialAction\":[{\"@type\":\"ReadAction\",\"target\":[\"https:\/\/rotary.fi\/futuremaker\/mita-teemme\/krookukset\/\"]}]},{\"@type\":\"ImageObject\",\"inLanguage\":\"fi\",\"@id\":\"https:\/\/rotary.fi\/futuremaker\/mita-teemme\/krookukset\/#primaryimage\",\"url\":\"https:\/\/rotary.fi\/futuremaker\/wp-content\/uploads\/sites\/255\/2025\/12\/2ea9f22d-3e55-4fb6-bce1-05d6b627c18b.jpeg\",\"contentUrl\":\"https:\/\/rotary.fi\/futuremaker\/wp-content\/uploads\/sites\/255\/2025\/12\/2ea9f22d-3e55-4fb6-bce1-05d6b627c18b.jpeg\",\"width\":620,\"height\":458},{\"@type\":\"BreadcrumbList\",\"@id\":\"https:\/\/rotary.fi\/futuremaker\/mita-teemme\/krookukset\/#breadcrumb\",\"itemListElement\":[{\"@type\":\"ListItem\",\"position\":1,\"name\":\"Home\",\"item\":\"https:\/\/rotary.fi\/futuremaker\/\"},{\"@type\":\"ListItem\",\"position\":2,\"name\":\"Mit\u00e4 teemme\",\"item\":\"https:\/\/rotary.fi\/futuremaker\/mita-teemme\/\"},{\"@type\":\"ListItem\",\"position\":3,\"name\":\"Lasten ja nuorten ajatuksia\"}]},{\"@type\":\"WebSite\",\"@id\":\"https:\/\/rotary.fi\/futuremaker\/#website\",\"url\":\"https:\/\/rotary.fi\/futuremaker\/\",\"name\":\"Future Maker satelliittiklubi\",\"description\":\"Uusi Rotary klubisivusto\",\"publisher\":{\"@id\":\"https:\/\/rotary.fi\/futuremaker\/#organization\"},\"potentialAction\":[{\"@type\":\"SearchAction\",\"target\":{\"@type\":\"EntryPoint\",\"urlTemplate\":\"https:\/\/rotary.fi\/futuremaker\/?s={search_term_string}\"},\"query-input\":{\"@type\":\"PropertyValueSpecification\",\"valueRequired\":true,\"valueName\":\"search_term_string\"}}],\"inLanguage\":\"fi\"},{\"@type\":\"Organization\",\"@id\":\"https:\/\/rotary.fi\/futuremaker\/#organization\",\"name\":\"Future Maker satelliittiklubi\",\"url\":\"https:\/\/rotary.fi\/futuremaker\/\",\"logo\":{\"@type\":\"ImageObject\",\"inLanguage\":\"fi\",\"@id\":\"https:\/\/rotary.fi\/futuremaker\/#\/schema\/logo\/image\/\",\"url\":\"https:\/\/rotary.fi\/futuremaker\/wp-content\/uploads\/sites\/255\/2018\/08\/rotary-logo-main-2.png\",\"contentUrl\":\"https:\/\/rotary.fi\/futuremaker\/wp-content\/uploads\/sites\/255\/2018\/08\/rotary-logo-main-2.png\",\"width\":135,\"height\":52,\"caption\":\"Future Maker satelliittiklubi\"},\"image\":{\"@id\":\"https:\/\/rotary.fi\/futuremaker\/#\/schema\/logo\/image\/\"},\"sameAs\":[\"https:\/\/www.facebook.com\/profile.php?id=61557676455695\"]}]}<\/script>\n<!-- \/ Yoast SEO plugin. -->","yoast_head_json":{"title":"Lasten ja nuorten ajatuksia - Future Maker satelliittiklubi","robots":{"index":"index","follow":"follow","max-snippet":"max-snippet:-1","max-image-preview":"max-image-preview:large","max-video-preview":"max-video-preview:-1"},"canonical":"https:\/\/rotary.fi\/futuremaker\/mita-teemme\/krookukset\/","og_locale":"fi_FI","og_type":"article","og_title":"Lasten ja nuorten ajatuksia - Future Maker satelliittiklubi","og_description":"Lasten ja nuorten ajatuksiaLasten ja nuorten ajatuksia Toiveita ja ehdotuksia viihtyis\u00e4mp\u00e4\u00e4n kouluun\u00a0 Minun mielest\u00e4ni koulussa pit\u00e4isi olla paljon monipuolisempaa ruokaa. Koulun piha olisi mukavampi, jos se olisi viihtyis\u00e4mpi. Olisi hauskempaa, jos koulussa olisi enemm\u00e4n pari- ja ryhm\u00e4t\u00f6it\u00e4. Koulussakin pit\u00e4\u00e4 olla v\u00e4lill\u00e4 omaa aikaa, joten sit\u00e4 voisi olla enemm\u00e4nkin. Oppilaille pit\u00e4isi antaa enemm\u00e4n p\u00e4\u00e4t\u00f6svaltaa niit\u00e4 koskevissa [&hellip;]","og_url":"https:\/\/rotary.fi\/futuremaker\/mita-teemme\/krookukset\/","og_site_name":"Future Maker satelliittiklubi","article_publisher":"https:\/\/www.facebook.com\/profile.php?id=61557676455695","article_modified_time":"2025-12-29T17:07:13+00:00","og_image":[{"width":620,"height":458,"url":"https:\/\/rotary.fi\/futuremaker\/wp-content\/uploads\/sites\/255\/2025\/12\/2ea9f22d-3e55-4fb6-bce1-05d6b627c18b.jpeg","type":"image\/jpeg"}],"twitter_card":"summary_large_image","twitter_misc":{"Arvioitu lukuaika":"2 minuuttia"},"schema":{"@context":"https:\/\/schema.org","@graph":[{"@type":"WebPage","@id":"https:\/\/rotary.fi\/futuremaker\/mita-teemme\/krookukset\/","url":"https:\/\/rotary.fi\/futuremaker\/mita-teemme\/krookukset\/","name":"Lasten ja nuorten ajatuksia - Future Maker satelliittiklubi","isPartOf":{"@id":"https:\/\/rotary.fi\/futuremaker\/#website"},"primaryImageOfPage":{"@id":"https:\/\/rotary.fi\/futuremaker\/mita-teemme\/krookukset\/#primaryimage"},"image":{"@id":"https:\/\/rotary.fi\/futuremaker\/mita-teemme\/krookukset\/#primaryimage"},"thumbnailUrl":"https:\/\/rotary.fi\/futuremaker\/wp-content\/uploads\/sites\/255\/2025\/12\/2ea9f22d-3e55-4fb6-bce1-05d6b627c18b-300x222.jpeg","datePublished":"2018-11-27T06:54:09+00:00","dateModified":"2025-12-29T17:07:13+00:00","breadcrumb":{"@id":"https:\/\/rotary.fi\/futuremaker\/mita-teemme\/krookukset\/#breadcrumb"},"inLanguage":"fi","potentialAction":[{"@type":"ReadAction","target":["https:\/\/rotary.fi\/futuremaker\/mita-teemme\/krookukset\/"]}]},{"@type":"ImageObject","inLanguage":"fi","@id":"https:\/\/rotary.fi\/futuremaker\/mita-teemme\/krookukset\/#primaryimage","url":"https:\/\/rotary.fi\/futuremaker\/wp-content\/uploads\/sites\/255\/2025\/12\/2ea9f22d-3e55-4fb6-bce1-05d6b627c18b.jpeg","contentUrl":"https:\/\/rotary.fi\/futuremaker\/wp-content\/uploads\/sites\/255\/2025\/12\/2ea9f22d-3e55-4fb6-bce1-05d6b627c18b.jpeg","width":620,"height":458},{"@type":"BreadcrumbList","@id":"https:\/\/rotary.fi\/futuremaker\/mita-teemme\/krookukset\/#breadcrumb","itemListElement":[{"@type":"ListItem","position":1,"name":"Home","item":"https:\/\/rotary.fi\/futuremaker\/"},{"@type":"ListItem","position":2,"name":"Mit\u00e4 teemme","item":"https:\/\/rotary.fi\/futuremaker\/mita-teemme\/"},{"@type":"ListItem","position":3,"name":"Lasten ja nuorten ajatuksia"}]},{"@type":"WebSite","@id":"https:\/\/rotary.fi\/futuremaker\/#website","url":"https:\/\/rotary.fi\/futuremaker\/","name":"Future Maker satelliittiklubi","description":"Uusi Rotary klubisivusto","publisher":{"@id":"https:\/\/rotary.fi\/futuremaker\/#organization"},"potentialAction":[{"@type":"SearchAction","target":{"@type":"EntryPoint","urlTemplate":"https:\/\/rotary.fi\/futuremaker\/?s={search_term_string}"},"query-input":{"@type":"PropertyValueSpecification","valueRequired":true,"valueName":"search_term_string"}}],"inLanguage":"fi"},{"@type":"Organization","@id":"https:\/\/rotary.fi\/futuremaker\/#organization","name":"Future Maker satelliittiklubi","url":"https:\/\/rotary.fi\/futuremaker\/","logo":{"@type":"ImageObject","inLanguage":"fi","@id":"https:\/\/rotary.fi\/futuremaker\/#\/schema\/logo\/image\/","url":"https:\/\/rotary.fi\/futuremaker\/wp-content\/uploads\/sites\/255\/2018\/08\/rotary-logo-main-2.png","contentUrl":"https:\/\/rotary.fi\/futuremaker\/wp-content\/uploads\/sites\/255\/2018\/08\/rotary-logo-main-2.png","width":135,"height":52,"caption":"Future Maker satelliittiklubi"},"image":{"@id":"https:\/\/rotary.fi\/futuremaker\/#\/schema\/logo\/image\/"},"sameAs":["https:\/\/www.facebook.com\/profile.php?id=61557676455695"]}]}},"lang":"fi","translations":{"fi":1302},"pll_sync_post":[],"_links":{"self":[{"href":"https:\/\/rotary.fi\/futuremaker\/wp-json\/wp\/v2\/pages\/1302","targetHints":{"allow":["GET"]}}],"collection":[{"href":"https:\/\/rotary.fi\/futuremaker\/wp-json\/wp\/v2\/pages"}],"about":[{"href":"https:\/\/rotary.fi\/futuremaker\/wp-json\/wp\/v2\/types\/page"}],"author":[{"embeddable":true,"href":"https:\/\/rotary.fi\/futuremaker\/wp-json\/wp\/v2\/users\/1"}],"replies":[{"embeddable":true,"href":"https:\/\/rotary.fi\/futuremaker\/wp-json\/wp\/v2\/comments?post=1302"}],"version-history":[{"count":9,"href":"https:\/\/rotary.fi\/futuremaker\/wp-json\/wp\/v2\/pages\/1302\/revisions"}],"predecessor-version":[{"id":1972,"href":"https:\/\/rotary.fi\/futuremaker\/wp-json\/wp\/v2\/pages\/1302\/revisions\/1972"}],"up":[{"embeddable":true,"href":"https:\/\/rotary.fi\/futuremaker\/wp-json\/wp\/v2\/pages\/77"}],"wp:attachment":[{"href":"https:\/\/rotary.fi\/futuremaker\/wp-json\/wp\/v2\/media?parent=1302"}],"curies":[{"name":"wp","href":"https:\/\/api.w.org\/{rel}","templated":true}]}}