{"id":129,"date":"2018-08-10T13:41:39","date_gmt":"2018-08-10T10:41:39","guid":{"rendered":"https:\/\/rotary.fi\/klubi2\/?page_id=129"},"modified":"2024-10-30T17:54:51","modified_gmt":"2024-10-30T15:54:51","slug":"keita-olemme","status":"publish","type":"page","link":"https:\/\/rotary.fi\/futuremaker\/keita-olemme\/","title":{"rendered":"Keit\u00e4 olemme"},"content":{"rendered":"<p>[et_pb_section fb_built=&#8221;1&#8243; module_class=&#8221;jumbotron-page&#8221; _builder_version=&#8221;4.27.0&#8243; background_image=&#8221;https:\/\/rotary.fi\/futuremaker\/wp-content\/uploads\/sites\/255\/2024\/05\/2c82bdbd-a267-4479-a988-485232a2cef4-e1727963681941.jpeg&#8221; custom_padding=&#8221;81px|||||&#8221; global_colors_info=&#8221;{}&#8221;][et_pb_row _builder_version=&#8221;4.16&#8243; background_size=&#8221;initial&#8221; background_position=&#8221;top_left&#8221; background_repeat=&#8221;repeat&#8221; global_colors_info=&#8221;{}&#8221;][et_pb_column type=&#8221;4_4&#8243; _builder_version=&#8221;4.16&#8243; custom_padding=&#8221;|||&#8221; global_colors_info=&#8221;{}&#8221; custom_padding__hover=&#8221;|||&#8221;][et_pb_text admin_label=&#8221;P\u00e4\u00e4otsikko&#8221; _builder_version=&#8221;4.16&#8243; text_orientation=&#8221;center&#8221; background_layout=&#8221;dark&#8221; global_colors_info=&#8221;{}&#8221;]<\/p>\n<h1>Keit\u00e4 olemme<\/h1>\n<p>[\/et_pb_text][\/et_pb_column][\/et_pb_row][\/et_pb_section][et_pb_section fb_built=&#8221;1&#8243; specialty=&#8221;on&#8221; module_class_2=&#8221;sivupalkki&#8221; _builder_version=&#8221;4.16&#8243; global_colors_info=&#8221;{}&#8221;][et_pb_column type=&#8221;2_3&#8243; specialty_columns=&#8221;2&#8243; _builder_version=&#8221;4.16&#8243; custom_padding=&#8221;|||&#8221; global_colors_info=&#8221;{}&#8221; custom_padding__hover=&#8221;|||&#8221;][et_pb_row_inner admin_label=&#8221;Rivi&#8221; _builder_version=&#8221;4.16&#8243; global_colors_info=&#8221;{}&#8221;][et_pb_column_inner saved_specialty_column_type=&#8221;2_3&#8243; _builder_version=&#8221;4.16&#8243; custom_padding=&#8221;|||&#8221; global_colors_info=&#8221;{}&#8221; custom_padding__hover=&#8221;|||&#8221;][et_pb_text admin_label=&#8221;Otsikko&#8221; _builder_version=&#8221;4.16&#8243; text_orientation=&#8221;center&#8221; global_colors_info=&#8221;{}&#8221;]<\/p>\n<h1>Keit\u00e4 olemme<\/h1>\n<p>[\/et_pb_text][et_pb_text _builder_version=&#8221;4.25.1&#8243; custom_padding=&#8221;7px|||||&#8221; global_colors_info=&#8221;{}&#8221;]<\/p>\n<p><span style=\"font-size: 16px\"><\/span><\/p>\n<p><span style=\"font-size: 16px\"><span>Future Maker kehitt\u00e4\u00e4 toimintaa, joka antaa lapsille ja nuorille mahdollisuuden saada \u00e4\u00e4nens\u00e4 kuuluville, vaikuttaa ja tehd\u00e4 hyv\u00e4\u00e4 omassa yhteis\u00f6ss\u00e4\u00e4n. <\/span><span><\/span><span>Toiminnan l\u00e4ht\u00f6kohta on lasten kuuleminen ja osallistava toiminta.<\/span><span>\u00a0<\/span><span>T\u00e4llaista toimintaa kutsutaan\u00a0<\/span><a href=\"https:\/\/sites.google.com\/rotaryfinland.org\/rotakids\/etusivu\" target=\"_blank\" data-saferedirecturl=\"https:\/\/www.google.com\/url?q=https:\/\/sites.google.com\/rotaryfinland.org\/rotakids\/etusivu&amp;source=gmail&amp;ust=1730385624876000&amp;usg=AOvVaw0I4vBeNooqw-s7sVSzcAYQ\" rel=\"noopener\"><span>\u00a0<\/span>RotaKids<\/a><span>\u00a0toiminnaksi.<\/span><\/span><\/p>\n<p><strong><\/strong><\/p>\n<p class=\"p1\"><span class=\"s1\">Future Maker on satelliittiklubi ja se perustettiin alkuvuodesta 2024. Is\u00e4nt\u00e4klubimme on <a href=\"https:\/\/rotary.fi\/tammernova\/\">Tammer Nova<\/a> Tampereella. Satelliittiklubi toimii is\u00e4nt\u00e4klubinsa sis\u00e4ll\u00e4 ja sen j\u00e4senet ovat my\u00f6s is\u00e4nt\u00e4klubin j\u00e4seni\u00e4. <\/span><\/p>\n<p class=\"p1\"><span class=\"s1\">Satelliittiklubi toteuttaa yhteisi\u00e4 rotaryarvoja ja noudattaa rotaryklubeja koskevia s\u00e4\u00e4nt\u00f6j\u00e4 Satelliittiklubilla on omat tavoitteet, toimintasuunnitelma ja budjetti, sek\u00e4 omat hankkeet ja kokoukset.\u00a0<\/span><\/p>\n<p class=\"p1\"><span class=\"s1\"><\/span><\/p>\n<h4>Harrastus, jolla on tarkoitus<\/h4>\n<p class=\"p1\">Tavoitteenamme on saada lasten \u00e4\u00e4ni kuuluville. T\u00e4t\u00e4 varten luomme erilaisia tapoja v\u00e4litt\u00e4\u00e4 lasten ajatuksia ja mielipiteit\u00e4 aikuisille, vanhemmille, ammattilaisille ja p\u00e4\u00e4tt\u00e4jille.<\/p>\n<ul><\/ul>\n<p>&nbsp;<\/p>\n<h4>Vaikuttava kansainv\u00e4linen verkosto<\/h4>\n<p>Rotary on Chicagossa 23.2.1905 perustettu kansainv\u00e4linen palvelu- ja hyv\u00e4ntekev\u00e4isyysorganisaatio. Rotary Internationalin kotipaikka on Evanston, USA:n osavaltiossa Illinoisissa. Tunnuslauseemme on Palvelu itsekkyyden edelle (Service Above Self).<\/p>\n<p>Rotaryyn kuuluu 1,4 miljoona j\u00e4sent\u00e4 46 000 klubissa yli 200 maassa. Rotary on merkitt\u00e4v\u00e4 kansainv\u00e4linen palvelu- ja hyv\u00e4ntekev\u00e4isyysj\u00e4rjest\u00f6. Viime vuosina j\u00e4senet ovat tehneet noin 47 miljoonaan tuntia vapaaehtoisty\u00f6t\u00e4 vuodessa. Globaaleihin hyv\u00e4ntekev\u00e4isyyshankkeisiin on lahjoitettu noin 333 miljoonaa dollaria joka vuosi.<\/p>\n<p>[\/et_pb_text][\/et_pb_column_inner][\/et_pb_row_inner][\/et_pb_column][et_pb_column type=&#8221;1_3&#8243; _builder_version=&#8221;4.16&#8243; custom_padding=&#8221;|||&#8221; global_colors_info=&#8221;{}&#8221; custom_padding__hover=&#8221;|||&#8221;][et_pb_sidebar area=&#8221;sidebar-1&#8243; module_class=&#8221;sivupalkki_sisalto&#8221; _builder_version=&#8221;4.16&#8243; locked=&#8221;on&#8221; global_colors_info=&#8221;{}&#8221;]<\/p>\n<p>[\/et_pb_sidebar][\/et_pb_column][\/et_pb_section]<\/p>\n","protected":false},"excerpt":{"rendered":"<p>Keit\u00e4 olemme Keit\u00e4 olemme Future Maker kehitt\u00e4\u00e4 toimintaa, joka antaa lapsille ja nuorille mahdollisuuden saada \u00e4\u00e4nens\u00e4 kuuluville, vaikuttaa ja tehd\u00e4 hyv\u00e4\u00e4 omassa yhteis\u00f6ss\u00e4\u00e4n. Toiminnan l\u00e4ht\u00f6kohta on lasten kuuleminen ja osallistava toiminta.\u00a0T\u00e4llaista toimintaa kutsutaan\u00a0\u00a0RotaKids\u00a0toiminnaksi. Future Maker on satelliittiklubi ja se perustettiin alkuvuodesta 2024. Is\u00e4nt\u00e4klubimme on Tammer Nova Tampereella. Satelliittiklubi toimii is\u00e4nt\u00e4klubinsa sis\u00e4ll\u00e4 ja sen j\u00e4senet ovat [&hellip;]<\/p>\n","protected":false},"author":1,"featured_media":0,"parent":0,"menu_order":0,"comment_status":"closed","ping_status":"closed","template":"","meta":{"_acf_changed":false,"_et_pb_use_builder":"on","_et_pb_old_content":"","_et_gb_content_width":"","footnotes":""},"class_list":["post-129","page","type-page","status-publish","hentry"],"acf":[],"yoast_head":"<!-- This site is optimized with the Yoast SEO plugin v27.0 - https:\/\/yoast.com\/product\/yoast-seo-wordpress\/ -->\n<title>Keit\u00e4 olemme - Future Maker satelliittiklubi<\/title>\n<meta name=\"robots\" content=\"index, follow, max-snippet:-1, max-image-preview:large, max-video-preview:-1\" \/>\n<link rel=\"canonical\" href=\"https:\/\/rotary.fi\/futuremaker\/keita-olemme\/\" \/>\n<meta property=\"og:locale\" content=\"fi_FI\" \/>\n<meta property=\"og:type\" content=\"article\" \/>\n<meta property=\"og:title\" content=\"Keit\u00e4 olemme - Future Maker satelliittiklubi\" \/>\n<meta property=\"og:description\" content=\"Keit\u00e4 olemme Keit\u00e4 olemme Future Maker kehitt\u00e4\u00e4 toimintaa, joka antaa lapsille ja nuorille mahdollisuuden saada \u00e4\u00e4nens\u00e4 kuuluville, vaikuttaa ja tehd\u00e4 hyv\u00e4\u00e4 omassa yhteis\u00f6ss\u00e4\u00e4n. Toiminnan l\u00e4ht\u00f6kohta on lasten kuuleminen ja osallistava toiminta.\u00a0T\u00e4llaista toimintaa kutsutaan\u00a0\u00a0RotaKids\u00a0toiminnaksi. Future Maker on satelliittiklubi ja se perustettiin alkuvuodesta 2024. Is\u00e4nt\u00e4klubimme on Tammer Nova Tampereella. Satelliittiklubi toimii is\u00e4nt\u00e4klubinsa sis\u00e4ll\u00e4 ja sen j\u00e4senet ovat [&hellip;]\" \/>\n<meta property=\"og:url\" content=\"https:\/\/rotary.fi\/futuremaker\/keita-olemme\/\" \/>\n<meta property=\"og:site_name\" content=\"Future Maker satelliittiklubi\" \/>\n<meta property=\"article:publisher\" content=\"https:\/\/www.facebook.com\/profile.php?id=61557676455695\" \/>\n<meta property=\"article:modified_time\" content=\"2024-10-30T15:54:51+00:00\" \/>\n<meta name=\"twitter:card\" content=\"summary_large_image\" \/>\n<script type=\"application\/ld+json\" class=\"yoast-schema-graph\">{\"@context\":\"https:\/\/schema.org\",\"@graph\":[{\"@type\":\"WebPage\",\"@id\":\"https:\/\/rotary.fi\/futuremaker\/keita-olemme\/\",\"url\":\"https:\/\/rotary.fi\/futuremaker\/keita-olemme\/\",\"name\":\"Keit\u00e4 olemme - Future Maker satelliittiklubi\",\"isPartOf\":{\"@id\":\"https:\/\/rotary.fi\/futuremaker\/#website\"},\"datePublished\":\"2018-08-10T10:41:39+00:00\",\"dateModified\":\"2024-10-30T15:54:51+00:00\",\"breadcrumb\":{\"@id\":\"https:\/\/rotary.fi\/futuremaker\/keita-olemme\/#breadcrumb\"},\"inLanguage\":\"fi\",\"potentialAction\":[{\"@type\":\"ReadAction\",\"target\":[\"https:\/\/rotary.fi\/futuremaker\/keita-olemme\/\"]}]},{\"@type\":\"BreadcrumbList\",\"@id\":\"https:\/\/rotary.fi\/futuremaker\/keita-olemme\/#breadcrumb\",\"itemListElement\":[{\"@type\":\"ListItem\",\"position\":1,\"name\":\"Home\",\"item\":\"https:\/\/rotary.fi\/futuremaker\/\"},{\"@type\":\"ListItem\",\"position\":2,\"name\":\"Keit\u00e4 olemme\"}]},{\"@type\":\"WebSite\",\"@id\":\"https:\/\/rotary.fi\/futuremaker\/#website\",\"url\":\"https:\/\/rotary.fi\/futuremaker\/\",\"name\":\"Future Maker satelliittiklubi\",\"description\":\"Uusi Rotary klubisivusto\",\"publisher\":{\"@id\":\"https:\/\/rotary.fi\/futuremaker\/#organization\"},\"potentialAction\":[{\"@type\":\"SearchAction\",\"target\":{\"@type\":\"EntryPoint\",\"urlTemplate\":\"https:\/\/rotary.fi\/futuremaker\/?s={search_term_string}\"},\"query-input\":{\"@type\":\"PropertyValueSpecification\",\"valueRequired\":true,\"valueName\":\"search_term_string\"}}],\"inLanguage\":\"fi\"},{\"@type\":\"Organization\",\"@id\":\"https:\/\/rotary.fi\/futuremaker\/#organization\",\"name\":\"Future Maker satelliittiklubi\",\"url\":\"https:\/\/rotary.fi\/futuremaker\/\",\"logo\":{\"@type\":\"ImageObject\",\"inLanguage\":\"fi\",\"@id\":\"https:\/\/rotary.fi\/futuremaker\/#\/schema\/logo\/image\/\",\"url\":\"https:\/\/rotary.fi\/futuremaker\/wp-content\/uploads\/sites\/255\/2018\/08\/rotary-logo-main-2.png\",\"contentUrl\":\"https:\/\/rotary.fi\/futuremaker\/wp-content\/uploads\/sites\/255\/2018\/08\/rotary-logo-main-2.png\",\"width\":135,\"height\":52,\"caption\":\"Future Maker satelliittiklubi\"},\"image\":{\"@id\":\"https:\/\/rotary.fi\/futuremaker\/#\/schema\/logo\/image\/\"},\"sameAs\":[\"https:\/\/www.facebook.com\/profile.php?id=61557676455695\"]}]}<\/script>\n<!-- \/ Yoast SEO plugin. -->","yoast_head_json":{"title":"Keit\u00e4 olemme - Future Maker satelliittiklubi","robots":{"index":"index","follow":"follow","max-snippet":"max-snippet:-1","max-image-preview":"max-image-preview:large","max-video-preview":"max-video-preview:-1"},"canonical":"https:\/\/rotary.fi\/futuremaker\/keita-olemme\/","og_locale":"fi_FI","og_type":"article","og_title":"Keit\u00e4 olemme - Future Maker satelliittiklubi","og_description":"Keit\u00e4 olemme Keit\u00e4 olemme Future Maker kehitt\u00e4\u00e4 toimintaa, joka antaa lapsille ja nuorille mahdollisuuden saada \u00e4\u00e4nens\u00e4 kuuluville, vaikuttaa ja tehd\u00e4 hyv\u00e4\u00e4 omassa yhteis\u00f6ss\u00e4\u00e4n. Toiminnan l\u00e4ht\u00f6kohta on lasten kuuleminen ja osallistava toiminta.\u00a0T\u00e4llaista toimintaa kutsutaan\u00a0\u00a0RotaKids\u00a0toiminnaksi. Future Maker on satelliittiklubi ja se perustettiin alkuvuodesta 2024. Is\u00e4nt\u00e4klubimme on Tammer Nova Tampereella. Satelliittiklubi toimii is\u00e4nt\u00e4klubinsa sis\u00e4ll\u00e4 ja sen j\u00e4senet ovat [&hellip;]","og_url":"https:\/\/rotary.fi\/futuremaker\/keita-olemme\/","og_site_name":"Future Maker satelliittiklubi","article_publisher":"https:\/\/www.facebook.com\/profile.php?id=61557676455695","article_modified_time":"2024-10-30T15:54:51+00:00","twitter_card":"summary_large_image","schema":{"@context":"https:\/\/schema.org","@graph":[{"@type":"WebPage","@id":"https:\/\/rotary.fi\/futuremaker\/keita-olemme\/","url":"https:\/\/rotary.fi\/futuremaker\/keita-olemme\/","name":"Keit\u00e4 olemme - Future Maker satelliittiklubi","isPartOf":{"@id":"https:\/\/rotary.fi\/futuremaker\/#website"},"datePublished":"2018-08-10T10:41:39+00:00","dateModified":"2024-10-30T15:54:51+00:00","breadcrumb":{"@id":"https:\/\/rotary.fi\/futuremaker\/keita-olemme\/#breadcrumb"},"inLanguage":"fi","potentialAction":[{"@type":"ReadAction","target":["https:\/\/rotary.fi\/futuremaker\/keita-olemme\/"]}]},{"@type":"BreadcrumbList","@id":"https:\/\/rotary.fi\/futuremaker\/keita-olemme\/#breadcrumb","itemListElement":[{"@type":"ListItem","position":1,"name":"Home","item":"https:\/\/rotary.fi\/futuremaker\/"},{"@type":"ListItem","position":2,"name":"Keit\u00e4 olemme"}]},{"@type":"WebSite","@id":"https:\/\/rotary.fi\/futuremaker\/#website","url":"https:\/\/rotary.fi\/futuremaker\/","name":"Future Maker satelliittiklubi","description":"Uusi Rotary klubisivusto","publisher":{"@id":"https:\/\/rotary.fi\/futuremaker\/#organization"},"potentialAction":[{"@type":"SearchAction","target":{"@type":"EntryPoint","urlTemplate":"https:\/\/rotary.fi\/futuremaker\/?s={search_term_string}"},"query-input":{"@type":"PropertyValueSpecification","valueRequired":true,"valueName":"search_term_string"}}],"inLanguage":"fi"},{"@type":"Organization","@id":"https:\/\/rotary.fi\/futuremaker\/#organization","name":"Future Maker satelliittiklubi","url":"https:\/\/rotary.fi\/futuremaker\/","logo":{"@type":"ImageObject","inLanguage":"fi","@id":"https:\/\/rotary.fi\/futuremaker\/#\/schema\/logo\/image\/","url":"https:\/\/rotary.fi\/futuremaker\/wp-content\/uploads\/sites\/255\/2018\/08\/rotary-logo-main-2.png","contentUrl":"https:\/\/rotary.fi\/futuremaker\/wp-content\/uploads\/sites\/255\/2018\/08\/rotary-logo-main-2.png","width":135,"height":52,"caption":"Future Maker satelliittiklubi"},"image":{"@id":"https:\/\/rotary.fi\/futuremaker\/#\/schema\/logo\/image\/"},"sameAs":["https:\/\/www.facebook.com\/profile.php?id=61557676455695"]}]}},"lang":"fi","translations":{"fi":129,"en":1424},"pll_sync_post":[],"_links":{"self":[{"href":"https:\/\/rotary.fi\/futuremaker\/wp-json\/wp\/v2\/pages\/129","targetHints":{"allow":["GET"]}}],"collection":[{"href":"https:\/\/rotary.fi\/futuremaker\/wp-json\/wp\/v2\/pages"}],"about":[{"href":"https:\/\/rotary.fi\/futuremaker\/wp-json\/wp\/v2\/types\/page"}],"author":[{"embeddable":true,"href":"https:\/\/rotary.fi\/futuremaker\/wp-json\/wp\/v2\/users\/1"}],"replies":[{"embeddable":true,"href":"https:\/\/rotary.fi\/futuremaker\/wp-json\/wp\/v2\/comments?post=129"}],"version-history":[{"count":10,"href":"https:\/\/rotary.fi\/futuremaker\/wp-json\/wp\/v2\/pages\/129\/revisions"}],"predecessor-version":[{"id":1756,"href":"https:\/\/rotary.fi\/futuremaker\/wp-json\/wp\/v2\/pages\/129\/revisions\/1756"}],"wp:attachment":[{"href":"https:\/\/rotary.fi\/futuremaker\/wp-json\/wp\/v2\/media?parent=129"}],"curies":[{"name":"wp","href":"https:\/\/api.w.org\/{rel}","templated":true}]}}