{"id":186,"date":"2018-08-13T11:06:59","date_gmt":"2018-08-13T08:06:59","guid":{"rendered":"https:\/\/rotary.fi\/forssanrotaryklubi\/?page_id=186"},"modified":"2020-01-03T10:59:07","modified_gmt":"2020-01-03T08:59:07","slug":"tapahtumakalenteri","status":"publish","type":"page","link":"https:\/\/rotary.fi\/forssanrotaryklubi\/ajankohtaista\/tapahtumakalenteri\/","title":{"rendered":"Tapahtumakalenteri"},"content":{"rendered":"<p>[et_pb_section fb_built=&#8221;1&#8243; module_class=&#8221;jumbotron-page&#8221; _builder_version=&#8221;3.22&#8243; background_image=&#8221;https:\/\/rotary.fi\/forssanrotaryklubi\/wp-content\/uploads\/sites\/258\/2018\/10\/rotary_klubit_alasivu_paakuva_12.jpg&#8221;][et_pb_row _builder_version=&#8221;3.25&#8243; background_size=&#8221;initial&#8221; background_position=&#8221;top_left&#8221; background_repeat=&#8221;repeat&#8221;][et_pb_column type=&#8221;4_4&#8243; _builder_version=&#8221;3.25&#8243; custom_padding=&#8221;|||&#8221; custom_padding__hover=&#8221;|||&#8221;][et_pb_text admin_label=&#8221;P\u00e4\u00e4otsikko&#8221; _builder_version=&#8221;3.27.4&#8243; text_orientation=&#8221;center&#8221; background_layout=&#8221;dark&#8221;]<\/p>\n<h1>Tapahtumakalenteri<\/h1>\n<p>[\/et_pb_text][\/et_pb_column][\/et_pb_row][\/et_pb_section][et_pb_section fb_built=&#8221;1&#8243; specialty=&#8221;on&#8221; module_class_2=&#8221;sivupalkki&#8221; _builder_version=&#8221;3.22&#8243; locked=&#8221;on&#8221;][et_pb_column type=&#8221;2_3&#8243; specialty_columns=&#8221;2&#8243; _builder_version=&#8221;3.25&#8243; custom_padding=&#8221;|||&#8221; custom_padding__hover=&#8221;|||&#8221;][et_pb_row_inner admin_label=&#8221;Rivi&#8221; _builder_version=&#8221;3.25&#8243; locked=&#8221;off&#8221;][et_pb_column_inner saved_specialty_column_type=&#8221;2_3&#8243; _builder_version=&#8221;3.25&#8243; custom_padding=&#8221;|||&#8221; custom_padding__hover=&#8221;|||&#8221;][et_pb_text admin_label=&#8221;Otsikko&#8221; _builder_version=&#8221;3.27.4&#8243; text_orientation=&#8221;center&#8221;]<\/p>\n<h1>Tulevia tapahtumia<\/h1>\n<p>[\/et_pb_text][et_pb_code admin_label=&#8221;Tulevien tapahtumien listaus&#8221; module_class=&#8221;kaikki_ajankohtaiset&#8221; _builder_version=&#8221;4.0.8&#8243; hover_enabled=&#8221;0&#8243; locked=&#8221;off&#8221;]<div class=\"em em-view-container\" id=\"em-view-1206728598\" data-view=\"list\">\r\n\t<div class=\"em pixelbones em-list em-events-list\" id=\"em-events-list-1206728598\" data-view-id=\"1206728598\">\r\n\tEi tapahtumia\t<\/div>\r\n<\/div>[\/et_pb_code][\/et_pb_column_inner][\/et_pb_row_inner][et_pb_row_inner admin_label=&#8221;Rivi&#8221; _builder_version=&#8221;3.25&#8243; locked=&#8221;off&#8221;][et_pb_column_inner saved_specialty_column_type=&#8221;2_3&#8243; _builder_version=&#8221;3.25&#8243; custom_padding=&#8221;|||&#8221; custom_padding__hover=&#8221;|||&#8221;][et_pb_text admin_label=&#8221;Otsikko&#8221; _builder_version=&#8221;3.27.4&#8243; text_orientation=&#8221;center&#8221;]<\/p>\n<h1>Menneit\u00e4 tapahtumia<\/h1>\n<p>[\/et_pb_text][et_pb_code admin_label=&#8221;Menneiden tapahtumien listaus&#8221; module_class=&#8221;kaikki_ajankohtaiset&#8221; _builder_version=&#8221;4.0.8&#8243; hover_enabled=&#8221;0&#8243; locked=&#8221;off&#8221;]<div class=\"em em-view-container\" id=\"em-view-1684353585\" data-view=\"list\">\r\n\t<div class=\"em pixelbones em-list em-events-list\" id=\"em-events-list-1684353585\" data-view-id=\"1684353585\">\r\n\t<!-- [et_pb_line_break_holder] --><\/p>\n<div class=\"et_pb_module tapahtumalistaus\"><!-- [et_pb_line_break_holder] --><\/p>\n<div class=\"tapahtumanpvm\"><pee class=\"post-meta\">2.10.2025 <\/pee><\/div>\n<p><!-- [et_pb_line_break_holder] --><\/p>\n<div class=\"tapahtumannimi\">\n<h2 class=\"entry-title\"><a href=\"https:\/\/rotary.fi\/forssanrotaryklubi\/events\/kuvernoori-matti-hakoila-vierailee-klubissamme\/\">Kuvern\u00f6\u00f6ri Matti Hakoila vierailee klubissamme<\/a><pee><!-- [et_pb_line_break_holder] --><\/pee><\/h2>\n<\/div>\n<p><!-- [et_pb_line_break_holder] --><\/p>\n<div class=\"tapahtumapaikka\"><pee class=\"post-meta\"><\/pee><\/div>\n<p><!-- [et_pb_line_break_holder] --><\/div>\n<p><!-- [et_pb_line_break_holder] --><!-- [et_pb_line_break_holder] --><\/p>\n<div class=\"et_pb_module tapahtumalistaus\"><!-- [et_pb_line_break_holder] --><\/p>\n<div class=\"tapahtumanpvm\"><pee class=\"post-meta\">29.10.2024 <\/pee><\/div>\n<p><!-- [et_pb_line_break_holder] --><\/p>\n<div class=\"tapahtumannimi\">\n<h2 class=\"entry-title\"><a href=\"https:\/\/rotary.fi\/forssanrotaryklubi\/events\/yritysvierailu-forssan-lvi-kulma-oy\/\">Yritysvierailu Forssan LVI-Kulma Oy<\/a><pee><!-- [et_pb_line_break_holder] --><\/pee><\/h2>\n<\/div>\n<p><!-- [et_pb_line_break_holder] --><\/p>\n<div class=\"tapahtumapaikka\"><pee class=\"post-meta\">Forssan LVI-Kulma Oy<\/pee><\/div>\n<p><!-- [et_pb_line_break_holder] --><\/div>\n<p><!-- [et_pb_line_break_holder] --><!-- [et_pb_line_break_holder] --><\/p>\n<div class=\"et_pb_module tapahtumalistaus\"><!-- [et_pb_line_break_holder] --><\/p>\n<div class=\"tapahtumanpvm\"><pee class=\"post-meta\">3.10.2024 <\/pee><\/div>\n<p><!-- [et_pb_line_break_holder] --><\/p>\n<div class=\"tapahtumannimi\">\n<h2 class=\"entry-title\"><a href=\"https:\/\/rotary.fi\/forssanrotaryklubi\/events\/lounastapaaminen-ja-esitelma-kulttuuri-ja-historiamatkasta-gotlantiin-2\/\">Lounastapaaminen ja esitelm\u00e4 kulttuuri- ja historiamatkasta Gotlantiin<\/a><pee><!-- [et_pb_line_break_holder] --><\/pee><\/h2>\n<\/div>\n<p><!-- [et_pb_line_break_holder] --><\/p>\n<div class=\"tapahtumapaikka\"><pee class=\"post-meta\">Hotelli Fabrik &#8211; Ravintola Villa<\/pee><\/div>\n<p><!-- [et_pb_line_break_holder] --><\/div>\n<p><!-- [et_pb_line_break_holder] --><!-- [et_pb_line_break_holder] --><\/p>\n<div class=\"et_pb_module tapahtumalistaus\"><!-- [et_pb_line_break_holder] --><\/p>\n<div class=\"tapahtumanpvm\"><pee class=\"post-meta\">26.9.2024 <\/pee><\/div>\n<p><!-- [et_pb_line_break_holder] --><\/p>\n<div class=\"tapahtumannimi\">\n<h2 class=\"entry-title\"><a href=\"https:\/\/rotary.fi\/forssanrotaryklubi\/events\/yritysvierailu-forssan-yrityskehitys-oy-2\/\">Yritysvierailu - Forssan Yrityskehitys Oy<\/a><pee><!-- [et_pb_line_break_holder] --><\/pee><\/h2>\n<\/div>\n<p><!-- [et_pb_line_break_holder] --><\/p>\n<div class=\"tapahtumapaikka\"><pee class=\"post-meta\">FYK Business Park<\/pee><\/div>\n<p><!-- [et_pb_line_break_holder] --><\/div>\n<p><!-- [et_pb_line_break_holder] --><!-- [et_pb_line_break_holder] --><\/p>\n<div class=\"et_pb_module tapahtumalistaus\"><!-- [et_pb_line_break_holder] --><\/p>\n<div class=\"tapahtumanpvm\"><pee class=\"post-meta\">26.9.2024 <\/pee><\/div>\n<p><!-- [et_pb_line_break_holder] --><\/p>\n<div class=\"tapahtumannimi\">\n<h2 class=\"entry-title\"><a href=\"https:\/\/rotary.fi\/forssanrotaryklubi\/events\/lounastapaaminen-ja-vastuullisuusesitelma-2-kieriva-oy-2\/\">Lounastapaaminen ja vastuullisuusesitelm\u00e4 #2 - Kieriv\u00e4 Oy<\/a><pee><!-- [et_pb_line_break_holder] --><\/pee><\/h2>\n<\/div>\n<p><!-- [et_pb_line_break_holder] --><\/p>\n<div class=\"tapahtumapaikka\"><pee class=\"post-meta\">Hotelli Fabrik &#8211; Ravintola Villa<\/pee><\/div>\n<p><!-- [et_pb_line_break_holder] --><\/div>\n<p><!-- [et_pb_line_break_holder] --><!-- [et_pb_line_break_holder] --><\/p>\n<div class=\"et_pb_module tapahtumalistaus\"><!-- [et_pb_line_break_holder] --><\/p>\n<div class=\"tapahtumanpvm\"><pee class=\"post-meta\">12.9.2024 <\/pee><\/div>\n<p><!-- [et_pb_line_break_holder] --><\/p>\n<div class=\"tapahtumannimi\">\n<h2 class=\"entry-title\"><a href=\"https:\/\/rotary.fi\/forssanrotaryklubi\/events\/saantomaarainen-vuosikokous\/\">S\u00e4\u00e4nt\u00f6m\u00e4\u00e4r\u00e4inen vuosikokous<\/a><pee><!-- [et_pb_line_break_holder] --><\/pee><\/h2>\n<\/div>\n<p><!-- [et_pb_line_break_holder] --><\/p>\n<div class=\"tapahtumapaikka\"><pee class=\"post-meta\">Hotelli Fabrik &#8211; Ravintola Villa<\/pee><\/div>\n<p><!-- [et_pb_line_break_holder] --><\/div>\n<p><!-- [et_pb_line_break_holder] --><!-- [et_pb_line_break_holder] --><\/p>\n<div class=\"et_pb_module tapahtumalistaus\"><!-- [et_pb_line_break_holder] --><\/p>\n<div class=\"tapahtumanpvm\"><pee class=\"post-meta\">12.9.2024 <\/pee><\/div>\n<p><!-- [et_pb_line_break_holder] --><\/p>\n<div class=\"tapahtumannimi\">\n<h2 class=\"entry-title\"><a href=\"https:\/\/rotary.fi\/forssanrotaryklubi\/events\/lounastapaaminen\/\">Lounastapaaminen<\/a><pee><!-- [et_pb_line_break_holder] --><\/pee><\/h2>\n<\/div>\n<p><!-- [et_pb_line_break_holder] --><\/p>\n<div class=\"tapahtumapaikka\"><pee class=\"post-meta\">Hotelli Fabrik &#8211; Ravintola Villa<\/pee><\/div>\n<p><!-- [et_pb_line_break_holder] --><\/div>\n<p><!-- [et_pb_line_break_holder] --><!-- [et_pb_line_break_holder] --><\/p>\n<div class=\"et_pb_module tapahtumalistaus\"><!-- [et_pb_line_break_holder] --><\/p>\n<div class=\"tapahtumanpvm\"><pee class=\"post-meta\">12.9.2024 <\/pee><\/div>\n<p><!-- [et_pb_line_break_holder] --><\/p>\n<div class=\"tapahtumannimi\">\n<h2 class=\"entry-title\"><a href=\"https:\/\/rotary.fi\/forssanrotaryklubi\/events\/forssan-rotaryklubin-hallituksen-kokous\/\">Forssan Rotaryklubin hallituksen kokous<\/a><pee><!-- [et_pb_line_break_holder] --><\/pee><\/h2>\n<\/div>\n<p><!-- [et_pb_line_break_holder] --><\/p>\n<div class=\"tapahtumapaikka\"><pee class=\"post-meta\">Hotelli Fabrik &#8211; Ravintola Villa<\/pee><\/div>\n<p><!-- [et_pb_line_break_holder] --><\/div>\n<p><!-- [et_pb_line_break_holder] --><!-- [et_pb_line_break_holder] --><\/p>\n<div class=\"et_pb_module tapahtumalistaus\"><!-- [et_pb_line_break_holder] --><\/p>\n<div class=\"tapahtumanpvm\"><pee class=\"post-meta\">3.9.2024 <\/pee><\/div>\n<p><!-- [et_pb_line_break_holder] --><\/p>\n<div class=\"tapahtumannimi\">\n<h2 class=\"entry-title\"><a href=\"https:\/\/rotary.fi\/forssanrotaryklubi\/events\/perinteinen-petankkiturnaus-alueen-5-klubien-kanssa\/\">Perinteinen petankkiturnaus alueen 5 klubien kanssa<\/a><pee><!-- [et_pb_line_break_holder] --><\/pee><\/h2>\n<\/div>\n<p><!-- [et_pb_line_break_holder] --><\/p>\n<div class=\"tapahtumapaikka\"><pee class=\"post-meta\"><\/pee><\/div>\n<p><!-- [et_pb_line_break_holder] --><\/div>\n<p><!-- [et_pb_line_break_holder] --><!-- [et_pb_line_break_holder] --><\/p>\n<div class=\"et_pb_module tapahtumalistaus\"><!-- [et_pb_line_break_holder] --><\/p>\n<div class=\"tapahtumanpvm\"><pee class=\"post-meta\">29.8.2024 <\/pee><\/div>\n<p><!-- [et_pb_line_break_holder] --><\/p>\n<div class=\"tapahtumannimi\">\n<h2 class=\"entry-title\"><a href=\"https:\/\/rotary.fi\/forssanrotaryklubi\/events\/klubin-golfmestaruuskilpailu\/\">Klubin golfmestaruuskilpailu<\/a><pee><!-- [et_pb_line_break_holder] --><\/pee><\/h2>\n<\/div>\n<p><!-- [et_pb_line_break_holder] --><\/p>\n<div class=\"tapahtumapaikka\"><pee class=\"post-meta\"><\/pee><\/div>\n<p><!-- [et_pb_line_break_holder] --><\/div>\n<p><!-- [et_pb_line_break_holder] --><!-- [et_pb_line_break_holder] --><\/p>\n<div class=\"et_pb_module tapahtumalistaus\"><!-- [et_pb_line_break_holder] --><\/p>\n<div class=\"tapahtumanpvm\"><pee class=\"post-meta\">20.8.2024 <\/pee><\/div>\n<p><!-- [et_pb_line_break_holder] --><\/p>\n<div class=\"tapahtumannimi\">\n<h2 class=\"entry-title\"><a href=\"https:\/\/rotary.fi\/forssanrotaryklubi\/events\/mykkaelokuvafestivaali-laivakalle-nuorempi\/\">Mykk\u00e4elokuvafestivaali: Laivakalle nuorempi<\/a><pee><!-- [et_pb_line_break_holder] --><\/pee><\/h2>\n<\/div>\n<p><!-- [et_pb_line_break_holder] --><\/p>\n<div class=\"tapahtumapaikka\"><pee class=\"post-meta\"><\/pee><\/div>\n<p><!-- [et_pb_line_break_holder] --><\/div>\n<p><!-- [et_pb_line_break_holder] --><!-- [et_pb_line_break_holder] --><\/p>\n<div class=\"et_pb_module tapahtumalistaus\"><!-- [et_pb_line_break_holder] --><\/p>\n<div class=\"tapahtumanpvm\"><pee class=\"post-meta\">15.8.2024 <\/pee><\/div>\n<p><!-- [et_pb_line_break_holder] --><\/p>\n<div class=\"tapahtumannimi\">\n<h2 class=\"entry-title\"><a href=\"https:\/\/rotary.fi\/forssanrotaryklubi\/events\/lounastapaaminen-ja-vastuullisuusesitelma-1-envor-group-oy\/\">Lounastapaaminen ja vastuullisuusesitelm\u00e4 #1 - Envor Group Oy<\/a><pee><!-- [et_pb_line_break_holder] --><\/pee><\/h2>\n<\/div>\n<p><!-- [et_pb_line_break_holder] --><\/p>\n<div class=\"tapahtumapaikka\"><pee class=\"post-meta\">Hotelli Fabrik &#8211; Ravintola Villa<\/pee><\/div>\n<p><!-- [et_pb_line_break_holder] --><\/div>\n<p><!-- [et_pb_line_break_holder] --><!-- [et_pb_line_break_holder] --><\/p>\n<div class=\"et_pb_module tapahtumalistaus\"><!-- [et_pb_line_break_holder] --><\/p>\n<div class=\"tapahtumanpvm\"><pee class=\"post-meta\">8.8.2024 <\/pee><\/div>\n<p><!-- [et_pb_line_break_holder] --><\/p>\n<div class=\"tapahtumannimi\">\n<h2 class=\"entry-title\"><a href=\"https:\/\/rotary.fi\/forssanrotaryklubi\/events\/lounastapaaminen-ja-syksyn-avauskokous\/\">Lounastapaaminen ja syksyn avauskokous<\/a><pee><!-- [et_pb_line_break_holder] --><\/pee><\/h2>\n<\/div>\n<p><!-- [et_pb_line_break_holder] --><\/p>\n<div class=\"tapahtumapaikka\"><pee class=\"post-meta\">Hotelli Fabrik &#8211; Ravintola Villa<\/pee><\/div>\n<p><!-- [et_pb_line_break_holder] --><\/div>\n<p><!-- [et_pb_line_break_holder] --><!-- [et_pb_line_break_holder] --><\/p>\n<div class=\"et_pb_module tapahtumalistaus\"><!-- [et_pb_line_break_holder] --><\/p>\n<div class=\"tapahtumanpvm\"><pee class=\"post-meta\">11.6.2024 <\/pee><\/div>\n<p><!-- [et_pb_line_break_holder] --><\/p>\n<div class=\"tapahtumannimi\">\n<h2 class=\"entry-title\"><a href=\"https:\/\/rotary.fi\/forssanrotaryklubi\/events\/taimien-istutus-rehtijarven-uimarannalle\/\">Taimien istutus Rehtij\u00e4rven uimarannalle<\/a><pee><!-- [et_pb_line_break_holder] --><\/pee><\/h2>\n<\/div>\n<p><!-- [et_pb_line_break_holder] --><\/p>\n<div class=\"tapahtumapaikka\"><pee class=\"post-meta\"><\/pee><\/div>\n<p><!-- [et_pb_line_break_holder] --><\/div>\n<p><!-- [et_pb_line_break_holder] -->\t<\/div>\r\n<\/div>[\/et_pb_code][\/et_pb_column_inner][\/et_pb_row_inner][\/et_pb_column][et_pb_column type=&#8221;1_3&#8243; _builder_version=&#8221;3.25&#8243; custom_padding=&#8221;|||&#8221; custom_padding__hover=&#8221;|||&#8221;][et_pb_sidebar area=&#8221;sidebar-1&#8243; module_class=&#8221;sivupalkki_sisalto&#8221; _builder_version=&#8221;3.4.1&#8243; locked=&#8221;on&#8221;][\/et_pb_sidebar][\/et_pb_column][\/et_pb_section]<\/p>\n","protected":false},"excerpt":{"rendered":"<p>Tapahtumakalenteri Tulevia tapahtumia <div class=\"em em-view-container\" id=\"em-view-294682422\" data-view=\"list\">\r\n\t<div class=\"em pixelbones em-list em-events-list\" id=\"em-events-list-294682422\" data-view-id=\"294682422\">\r\n\tEi tapahtumia\t<\/div>\r\n<\/div>Menneit\u00e4 tapahtumia <div class=\"em em-view-container\" id=\"em-view-1471157585\" data-view=\"list\">\r\n\t<div class=\"em pixelbones em-list em-events-list\" id=\"em-events-list-1471157585\" data-view-id=\"1471157585\">\r\n\t2.10.2025 <a href=\"https:\/\/rotary.fi\/forssanrotaryklubi\/events\/kuvernoori-matti-hakoila-vierailee-klubissamme\/\">Kuvern\u00f6\u00f6ri Matti Hakoila vierailee klubissamme<\/a>29.10.2024 <a href=\"https:\/\/rotary.fi\/forssanrotaryklubi\/events\/yritysvierailu-forssan-lvi-kulma-oy\/\">Yritysvierailu Forssan LVI-Kulma Oy<\/a>Forssan LVI-Kulma Oy3.10.2024 <a href=\"https:\/\/rotary.fi\/forssanrotaryklubi\/events\/lounastapaaminen-ja-esitelma-kulttuuri-ja-historiamatkasta-gotlantiin-2\/\">Lounastapaaminen ja esitelm\u00e4 kulttuuri- ja historiamatkasta Gotlantiin<\/a>Hotelli Fabrik &#8211; Ravintola Villa26.9.2024 <a href=\"https:\/\/rotary.fi\/forssanrotaryklubi\/events\/yritysvierailu-forssan-yrityskehitys-oy-2\/\">Yritysvierailu - Forssan Yrityskehitys Oy<\/a>FYK Business Park26.9.2024 <a href=\"https:\/\/rotary.fi\/forssanrotaryklubi\/events\/lounastapaaminen-ja-vastuullisuusesitelma-2-kieriva-oy-2\/\">Lounastapaaminen ja vastuullisuusesitelm\u00e4 #2 - Kieriv\u00e4 Oy<\/a>Hotelli Fabrik &#8211; Ravintola Villa12.9.2024 <a href=\"https:\/\/rotary.fi\/forssanrotaryklubi\/events\/saantomaarainen-vuosikokous\/\">S\u00e4\u00e4nt\u00f6m\u00e4\u00e4r\u00e4inen vuosikokous<\/a>Hotelli Fabrik &#8211; Ravintola Villa12.9.2024 <a href=\"https:\/\/rotary.fi\/forssanrotaryklubi\/events\/lounastapaaminen\/\">Lounastapaaminen<\/a>Hotelli Fabrik &#8211; Ravintola Villa12.9.2024 <a href=\"https:\/\/rotary.fi\/forssanrotaryklubi\/events\/forssan-rotaryklubin-hallituksen-kokous\/\">Forssan Rotaryklubin hallituksen kokous<\/a>Hotelli Fabrik &#8211; Ravintola Villa3.9.2024 <a href=\"https:\/\/rotary.fi\/forssanrotaryklubi\/events\/perinteinen-petankkiturnaus-alueen-5-klubien-kanssa\/\">Perinteinen petankkiturnaus alueen 5 klubien kanssa<\/a>29.8.2024 <a href=\"https:\/\/rotary.fi\/forssanrotaryklubi\/events\/klubin-golfmestaruuskilpailu\/\">Klubin golfmestaruuskilpailu<\/a>20.8.2024 <a href=\"https:\/\/rotary.fi\/forssanrotaryklubi\/events\/mykkaelokuvafestivaali-laivakalle-nuorempi\/\">Mykk\u00e4elokuvafestivaali: Laivakalle nuorempi<\/a>15.8.2024 <a href=\"https:\/\/rotary.fi\/forssanrotaryklubi\/events\/lounastapaaminen-ja-vastuullisuusesitelma-1-envor-group-oy\/\">Lounastapaaminen ja vastuullisuusesitelm\u00e4 #1 - Envor Group Oy<\/a>Hotelli Fabrik &#8211; Ravintola Villa8.8.2024 <a href=\"https:\/\/rotary.fi\/forssanrotaryklubi\/events\/lounastapaaminen-ja-syksyn-avauskokous\/\">Lounastapaaminen ja syksyn avauskokous<\/a>Hotelli Fabrik &#8211; Ravintola Villa11.6.2024 <a href=\"https:\/\/rotary.fi\/forssanrotaryklubi\/events\/taimien-istutus-rehtijarven-uimarannalle\/\">Taimien istutus Rehtij\u00e4rven uimarannalle<\/a>\t<\/div>\r\n<\/div><\/p>\n","protected":false},"author":1,"featured_media":0,"parent":94,"menu_order":0,"comment_status":"closed","ping_status":"closed","template":"","meta":{"_acf_changed":false,"_et_pb_use_builder":"on","_et_pb_old_content":"","_et_gb_content_width":"","footnotes":""},"class_list":["post-186","page","type-page","status-publish","hentry"],"acf":[],"yoast_head":"<!-- This site is optimized with the Yoast SEO plugin v27.4 - https:\/\/yoast.com\/product\/yoast-seo-wordpress\/ -->\n<title>Tapahtumakalenteri - Forssan Rotaryklubi<\/title>\n<meta name=\"robots\" content=\"index, follow, max-snippet:-1, max-image-preview:large, max-video-preview:-1\" \/>\n<link rel=\"canonical\" href=\"https:\/\/rotary.fi\/forssanrotaryklubi\/ajankohtaista\/tapahtumakalenteri\/\" \/>\n<meta property=\"og:locale\" content=\"fi_FI\" \/>\n<meta property=\"og:type\" content=\"article\" \/>\n<meta property=\"og:title\" content=\"Tapahtumakalenteri - Forssan Rotaryklubi\" \/>\n<meta property=\"og:description\" content=\"Tapahtumakalenteri Tulevia tapahtumia Menneit\u00e4 tapahtumia\" \/>\n<meta property=\"og:url\" content=\"https:\/\/rotary.fi\/forssanrotaryklubi\/ajankohtaista\/tapahtumakalenteri\/\" \/>\n<meta property=\"og:site_name\" content=\"Forssan Rotaryklubi\" \/>\n<meta property=\"article:publisher\" content=\"https:\/\/www.facebook.com\/forssarotary\" \/>\n<meta property=\"article:modified_time\" content=\"2020-01-03T08:59:07+00:00\" \/>\n<meta name=\"twitter:card\" content=\"summary_large_image\" \/>\n<meta name=\"twitter:label1\" content=\"Arvioitu lukuaika\" \/>\n\t<meta name=\"twitter:data1\" content=\"1 minuutti\" \/>\n<script type=\"application\/ld+json\" class=\"yoast-schema-graph\">{\"@context\":\"https:\\\/\\\/schema.org\",\"@graph\":[{\"@type\":\"WebPage\",\"@id\":\"https:\\\/\\\/rotary.fi\\\/forssanrotaryklubi\\\/ajankohtaista\\\/tapahtumakalenteri\\\/\",\"url\":\"https:\\\/\\\/rotary.fi\\\/forssanrotaryklubi\\\/ajankohtaista\\\/tapahtumakalenteri\\\/\",\"name\":\"Tapahtumakalenteri - Forssan Rotaryklubi\",\"isPartOf\":{\"@id\":\"https:\\\/\\\/rotary.fi\\\/forssanrotaryklubi\\\/#website\"},\"datePublished\":\"2018-08-13T08:06:59+00:00\",\"dateModified\":\"2020-01-03T08:59:07+00:00\",\"breadcrumb\":{\"@id\":\"https:\\\/\\\/rotary.fi\\\/forssanrotaryklubi\\\/ajankohtaista\\\/tapahtumakalenteri\\\/#breadcrumb\"},\"inLanguage\":\"fi\",\"potentialAction\":[{\"@type\":\"ReadAction\",\"target\":[\"https:\\\/\\\/rotary.fi\\\/forssanrotaryklubi\\\/ajankohtaista\\\/tapahtumakalenteri\\\/\"]}]},{\"@type\":\"BreadcrumbList\",\"@id\":\"https:\\\/\\\/rotary.fi\\\/forssanrotaryklubi\\\/ajankohtaista\\\/tapahtumakalenteri\\\/#breadcrumb\",\"itemListElement\":[{\"@type\":\"ListItem\",\"position\":1,\"name\":\"Home\",\"item\":\"https:\\\/\\\/rotary.fi\\\/forssanrotaryklubi\\\/\"},{\"@type\":\"ListItem\",\"position\":2,\"name\":\"Ajankohtaista\",\"item\":\"https:\\\/\\\/rotary.fi\\\/forssanrotaryklubi\\\/ajankohtaista\\\/\"},{\"@type\":\"ListItem\",\"position\":3,\"name\":\"Tapahtumakalenteri\"}]},{\"@type\":\"WebSite\",\"@id\":\"https:\\\/\\\/rotary.fi\\\/forssanrotaryklubi\\\/#website\",\"url\":\"https:\\\/\\\/rotary.fi\\\/forssanrotaryklubi\\\/\",\"name\":\"Forssan Rotaryklubi\",\"description\":\"Uusi Rotary klubisivusto\",\"publisher\":{\"@id\":\"https:\\\/\\\/rotary.fi\\\/forssanrotaryklubi\\\/#organization\"},\"potentialAction\":[{\"@type\":\"SearchAction\",\"target\":{\"@type\":\"EntryPoint\",\"urlTemplate\":\"https:\\\/\\\/rotary.fi\\\/forssanrotaryklubi\\\/?s={search_term_string}\"},\"query-input\":{\"@type\":\"PropertyValueSpecification\",\"valueRequired\":true,\"valueName\":\"search_term_string\"}}],\"inLanguage\":\"fi\"},{\"@type\":\"Organization\",\"@id\":\"https:\\\/\\\/rotary.fi\\\/forssanrotaryklubi\\\/#organization\",\"name\":\"Forssan Rotaryklubi\",\"url\":\"https:\\\/\\\/rotary.fi\\\/forssanrotaryklubi\\\/\",\"logo\":{\"@type\":\"ImageObject\",\"inLanguage\":\"fi\",\"@id\":\"https:\\\/\\\/rotary.fi\\\/forssanrotaryklubi\\\/#\\\/schema\\\/logo\\\/image\\\/\",\"url\":\"https:\\\/\\\/rotary.fi\\\/forssanrotaryklubi\\\/wp-content\\\/uploads\\\/sites\\\/258\\\/2018\\\/08\\\/rotary-logo-main-2.png\",\"contentUrl\":\"https:\\\/\\\/rotary.fi\\\/forssanrotaryklubi\\\/wp-content\\\/uploads\\\/sites\\\/258\\\/2018\\\/08\\\/rotary-logo-main-2.png\",\"width\":135,\"height\":52,\"caption\":\"Forssan Rotaryklubi\"},\"image\":{\"@id\":\"https:\\\/\\\/rotary.fi\\\/forssanrotaryklubi\\\/#\\\/schema\\\/logo\\\/image\\\/\"},\"sameAs\":[\"https:\\\/\\\/www.facebook.com\\\/forssarotary\"]}]}<\/script>\n<!-- \/ Yoast SEO plugin. -->","yoast_head_json":{"title":"Tapahtumakalenteri - Forssan Rotaryklubi","robots":{"index":"index","follow":"follow","max-snippet":"max-snippet:-1","max-image-preview":"max-image-preview:large","max-video-preview":"max-video-preview:-1"},"canonical":"https:\/\/rotary.fi\/forssanrotaryklubi\/ajankohtaista\/tapahtumakalenteri\/","og_locale":"fi_FI","og_type":"article","og_title":"Tapahtumakalenteri - Forssan Rotaryklubi","og_description":"Tapahtumakalenteri Tulevia tapahtumia Menneit\u00e4 tapahtumia","og_url":"https:\/\/rotary.fi\/forssanrotaryklubi\/ajankohtaista\/tapahtumakalenteri\/","og_site_name":"Forssan Rotaryklubi","article_publisher":"https:\/\/www.facebook.com\/forssarotary","article_modified_time":"2020-01-03T08:59:07+00:00","twitter_card":"summary_large_image","twitter_misc":{"Arvioitu lukuaika":"1 minuutti"},"schema":{"@context":"https:\/\/schema.org","@graph":[{"@type":"WebPage","@id":"https:\/\/rotary.fi\/forssanrotaryklubi\/ajankohtaista\/tapahtumakalenteri\/","url":"https:\/\/rotary.fi\/forssanrotaryklubi\/ajankohtaista\/tapahtumakalenteri\/","name":"Tapahtumakalenteri - Forssan Rotaryklubi","isPartOf":{"@id":"https:\/\/rotary.fi\/forssanrotaryklubi\/#website"},"datePublished":"2018-08-13T08:06:59+00:00","dateModified":"2020-01-03T08:59:07+00:00","breadcrumb":{"@id":"https:\/\/rotary.fi\/forssanrotaryklubi\/ajankohtaista\/tapahtumakalenteri\/#breadcrumb"},"inLanguage":"fi","potentialAction":[{"@type":"ReadAction","target":["https:\/\/rotary.fi\/forssanrotaryklubi\/ajankohtaista\/tapahtumakalenteri\/"]}]},{"@type":"BreadcrumbList","@id":"https:\/\/rotary.fi\/forssanrotaryklubi\/ajankohtaista\/tapahtumakalenteri\/#breadcrumb","itemListElement":[{"@type":"ListItem","position":1,"name":"Home","item":"https:\/\/rotary.fi\/forssanrotaryklubi\/"},{"@type":"ListItem","position":2,"name":"Ajankohtaista","item":"https:\/\/rotary.fi\/forssanrotaryklubi\/ajankohtaista\/"},{"@type":"ListItem","position":3,"name":"Tapahtumakalenteri"}]},{"@type":"WebSite","@id":"https:\/\/rotary.fi\/forssanrotaryklubi\/#website","url":"https:\/\/rotary.fi\/forssanrotaryklubi\/","name":"Forssan Rotaryklubi","description":"Uusi Rotary klubisivusto","publisher":{"@id":"https:\/\/rotary.fi\/forssanrotaryklubi\/#organization"},"potentialAction":[{"@type":"SearchAction","target":{"@type":"EntryPoint","urlTemplate":"https:\/\/rotary.fi\/forssanrotaryklubi\/?s={search_term_string}"},"query-input":{"@type":"PropertyValueSpecification","valueRequired":true,"valueName":"search_term_string"}}],"inLanguage":"fi"},{"@type":"Organization","@id":"https:\/\/rotary.fi\/forssanrotaryklubi\/#organization","name":"Forssan Rotaryklubi","url":"https:\/\/rotary.fi\/forssanrotaryklubi\/","logo":{"@type":"ImageObject","inLanguage":"fi","@id":"https:\/\/rotary.fi\/forssanrotaryklubi\/#\/schema\/logo\/image\/","url":"https:\/\/rotary.fi\/forssanrotaryklubi\/wp-content\/uploads\/sites\/258\/2018\/08\/rotary-logo-main-2.png","contentUrl":"https:\/\/rotary.fi\/forssanrotaryklubi\/wp-content\/uploads\/sites\/258\/2018\/08\/rotary-logo-main-2.png","width":135,"height":52,"caption":"Forssan Rotaryklubi"},"image":{"@id":"https:\/\/rotary.fi\/forssanrotaryklubi\/#\/schema\/logo\/image\/"},"sameAs":["https:\/\/www.facebook.com\/forssarotary"]}]}},"lang":"fi","translations":{"fi":186},"pll_sync_post":[],"_links":{"self":[{"href":"https:\/\/rotary.fi\/forssanrotaryklubi\/wp-json\/wp\/v2\/pages\/186","targetHints":{"allow":["GET"]}}],"collection":[{"href":"https:\/\/rotary.fi\/forssanrotaryklubi\/wp-json\/wp\/v2\/pages"}],"about":[{"href":"https:\/\/rotary.fi\/forssanrotaryklubi\/wp-json\/wp\/v2\/types\/page"}],"author":[{"embeddable":true,"href":"https:\/\/rotary.fi\/forssanrotaryklubi\/wp-json\/wp\/v2\/users\/1"}],"replies":[{"embeddable":true,"href":"https:\/\/rotary.fi\/forssanrotaryklubi\/wp-json\/wp\/v2\/comments?post=186"}],"version-history":[{"count":14,"href":"https:\/\/rotary.fi\/forssanrotaryklubi\/wp-json\/wp\/v2\/pages\/186\/revisions"}],"predecessor-version":[{"id":1560,"href":"https:\/\/rotary.fi\/forssanrotaryklubi\/wp-json\/wp\/v2\/pages\/186\/revisions\/1560"}],"up":[{"embeddable":true,"href":"https:\/\/rotary.fi\/forssanrotaryklubi\/wp-json\/wp\/v2\/pages\/94"}],"wp:attachment":[{"href":"https:\/\/rotary.fi\/forssanrotaryklubi\/wp-json\/wp\/v2\/media?parent=186"}],"curies":[{"name":"wp","href":"https:\/\/api.w.org\/{rel}","templated":true}]}}