{"id":158,"date":"2018-08-13T09:47:58","date_gmt":"2018-08-13T06:47:58","guid":{"rendered":"https:\/\/rotary.fi\/forssanrotaryklubi\/?page_id=158"},"modified":"2024-10-13T13:32:39","modified_gmt":"2024-10-13T10:32:39","slug":"varainhankinta-ja-lahjoitukset","status":"publish","type":"page","link":"https:\/\/rotary.fi\/forssanrotaryklubi\/mita-teemme\/varainhankinta-ja-lahjoitukset\/","title":{"rendered":"Varainhankinta ja lahjoitukset"},"content":{"rendered":"<p>[et_pb_section fb_built=&#8221;1&#8243; module_class=&#8221;jumbotron-page&#8221; _builder_version=&#8221;4.16&#8243; background_image=&#8221;https:\/\/rotary.fi\/forssanrotaryklubi\/wp-content\/uploads\/sites\/258\/2018\/10\/rotary_klubit_alasivu_paakuva_11.jpg&#8221; global_colors_info=&#8221;{}&#8221;][et_pb_row _builder_version=&#8221;4.16&#8243; background_size=&#8221;initial&#8221; background_position=&#8221;top_left&#8221; background_repeat=&#8221;repeat&#8221; global_colors_info=&#8221;{}&#8221;][et_pb_column type=&#8221;4_4&#8243; _builder_version=&#8221;4.16&#8243; custom_padding=&#8221;|||&#8221; global_colors_info=&#8221;{}&#8221; custom_padding__hover=&#8221;|||&#8221;][et_pb_text admin_label=&#8221;P\u00e4\u00e4otsikko&#8221; _builder_version=&#8221;4.16&#8243; text_orientation=&#8221;center&#8221; background_layout=&#8221;dark&#8221; global_colors_info=&#8221;{}&#8221;]<\/p>\n<h1>Varainhankinta ja lahjoitukset<\/h1>\n<p>[\/et_pb_text][\/et_pb_column][\/et_pb_row][\/et_pb_section][et_pb_section fb_built=&#8221;1&#8243; specialty=&#8221;on&#8221; module_class_2=&#8221;sivupalkki&#8221; _builder_version=&#8221;4.16&#8243; global_colors_info=&#8221;{}&#8221;][et_pb_column type=&#8221;2_3&#8243; specialty_columns=&#8221;2&#8243; _builder_version=&#8221;4.16&#8243; custom_padding=&#8221;|||&#8221; global_colors_info=&#8221;{}&#8221; custom_padding__hover=&#8221;|||&#8221;][et_pb_row_inner admin_label=&#8221;Rivi&#8221; _builder_version=&#8221;4.16&#8243; global_colors_info=&#8221;{}&#8221;][et_pb_column_inner saved_specialty_column_type=&#8221;2_3&#8243; _builder_version=&#8221;4.16&#8243; custom_padding=&#8221;|||&#8221; global_colors_info=&#8221;{}&#8221; custom_padding__hover=&#8221;|||&#8221;][et_pb_text admin_label=&#8221;Varainhankinta ja lahjoitukset &#8211; Otsikko&#8221; _builder_version=&#8221;4.16&#8243; text_orientation=&#8221;center&#8221; global_colors_info=&#8221;{}&#8221; custom_margin=&#8221;||21px|||&#8221;]<\/p>\n<h1>Varainhankinta ja lahjoitukset<\/h1>\n<p>[\/et_pb_text][et_pb_text _builder_version=&#8221;4.27.0&#8243; hover_enabled=&#8221;0&#8243; global_colors_info=&#8221;{}&#8221; sticky_enabled=&#8221;0&#8243;]<\/p>\n<p>Rotaryklubimme on mukana sek\u00e4 paikallisessa ett\u00e4 maailmanlaajuisessa palveluty\u00f6ss\u00e4 monin eri tavoin.<\/p>\n<p>&nbsp;<\/p>\n<h4>Asenne Ry<\/h4>\n<p>Olemme mukana tukemassa Asenne Ry:n merkityksellist\u00e4 ty\u00f6t\u00e4 nuorten parissa 500 eurolla vuosittain.<\/p>\n<p><a href=\"https:\/\/rotarynorden.e-pages.pub\/titles\/rotaryfinland\/14260\/publications\/72\/pages\/8\/articles\/2114002\/9\/1\"><img loading=\"lazy\" decoding=\"async\" src=\"https:\/\/rotary.fi\/forssanrotaryklubi\/wp-content\/uploads\/sites\/258\/2024\/10\/nayttokuva-2024-10-13-132047-300x236.png\" width=\"391\" height=\"308\" alt=\"Kuvakaappaus lehtijutusta \" class=\"wp-image-1658 alignnone size-medium\" \/><\/a><\/p>\n<p>&nbsp;<\/p>\n<h4>Holjalandia<\/h4>\n<p>&nbsp;<\/p>\n<p>Olimme mukana mahdollistamassa lasten liikkumista ja perheiden hyvinvointia osallistumalla Forssan Suuppareiden Holjalandia-hankkeeseen. Seura hankki yhteisty\u00f6kumppaneiden rahoituksen sek\u00e4 Leader-rahoituksen avulla v\u00e4lineet lasten liikkutamiseen.<\/p>\n<p>&nbsp;<\/p>\n<p><a href=\"https:\/\/www.holjalandia.fi\/\"><img loading=\"lazy\" decoding=\"async\" src=\"https:\/\/rotary.fi\/forssanrotaryklubi\/wp-content\/uploads\/sites\/258\/2024\/10\/holjalandia-juliste-500-x-700-mm-kaikki-orig-214x300.jpg\" width=\"397\" height=\"557\" alt=\"Holjalandia juliste\" class=\"wp-image-1661 alignnone size-medium\" \/><\/a><\/p>\n<p>&nbsp;<\/p>\n<p>Lahjoitamme s\u00e4\u00e4nn\u00f6llisesti varoja humanit\u00e4\u00e4risiin projekteihin Rotarys\u00e4\u00e4ti\u00f6n kautta. Rotarys\u00e4\u00e4ti\u00f6 tukee lukuisten projektien avulla \u00e4itien ja lasten terveyden kohentamista ja sairauksien ehk\u00e4isy\u00e4 ja hoitoa.<\/p>\n<p>S\u00e4\u00e4ti\u00f6 edist\u00e4\u00e4 koulutusta ja lukutaitoa, vahvistaa rauhanty\u00f6t\u00e4 sek\u00e4 kasvattaa paikallistalouksia ja yhteis\u00f6j\u00e4. Rotarys\u00e4\u00e4ti\u00f6 edist\u00e4\u00e4 puhtaan veden saantia ja hygieniaosaamista siell\u00e4 miss\u00e4 t\u00e4lle on tarvetta.<\/p>\n<p>Klubimme osallistuu my\u00f6s rotareiden aloitteesta k\u00e4ynnistyneeseen ty\u00f6h\u00f6n polion poistamiseksi maailmasta henkil\u00f6kohtaisin lahjoituksin ja projektien avulla. Rotarit ovat tehneet ty\u00f6t\u00e4 villin polioviruksen poistamiseksi jo kolmenkymmenen vuoden ajan.<\/p>\n<p>Nyky\u00e4\u00e4n villin polioviruksen vuoksi sairastuu vuosittain en\u00e4\u00e4 muutamia kymmeni\u00e4 lapsia, kun projektin alkuvaiheessa luvut olivat jopa 350 000 lasta vuodessa. T\u00e4n\u00e4 p\u00e4iv\u00e4n\u00e4 t\u00e4h\u00e4n kotoper\u00e4iseen polioon sairastuneet lapset asuvat yleens\u00e4 vaikeakulkuisilla seuduilla mm. Afganistanissa.<\/p>\n<p>Rotarit ovat antaneet lupauksensa saattaa projekti p\u00e4\u00e4t\u00f6kseen, joten my\u00f6s meid\u00e4n klubimme osallistuu omalla panoksellamme t\u00e4h\u00e4n ty\u00f6h\u00f6n niin kauan, kun t\u00e4m\u00e4 rotareiden antama lupaus on t\u00e4ytetty.<\/p>\n<p>&nbsp;<\/p>\n<p>[\/et_pb_text][\/et_pb_column_inner][\/et_pb_row_inner][\/et_pb_column][et_pb_column type=&#8221;1_3&#8243; _builder_version=&#8221;4.16&#8243; custom_padding=&#8221;|||&#8221; global_colors_info=&#8221;{}&#8221; custom_padding__hover=&#8221;|||&#8221;][et_pb_sidebar area=&#8221;sidebar-1&#8243; module_class=&#8221;sivupalkki_sisalto&#8221; _builder_version=&#8221;4.16&#8243; locked=&#8221;on&#8221; global_colors_info=&#8221;{}&#8221;]<br \/>\n[\/et_pb_sidebar][\/et_pb_column][\/et_pb_section]<\/p>\n","protected":false},"excerpt":{"rendered":"<p>Varainhankinta ja lahjoitukset Varainhankinta ja lahjoitukset Rotaryklubimme on mukana sek\u00e4 paikallisessa ett\u00e4 maailmanlaajuisessa palveluty\u00f6ss\u00e4 monin eri tavoin. &nbsp; Asenne Ry Olemme mukana tukemassa Asenne Ry:n merkityksellist\u00e4 ty\u00f6t\u00e4 nuorten parissa 500 eurolla vuosittain. &nbsp; Holjalandia &nbsp; Olimme mukana mahdollistamassa lasten liikkumista ja perheiden hyvinvointia osallistumalla Forssan Suuppareiden Holjalandia-hankkeeseen. Seura hankki yhteisty\u00f6kumppaneiden rahoituksen sek\u00e4 Leader-rahoituksen avulla v\u00e4lineet [&hellip;]<\/p>\n","protected":false},"author":1,"featured_media":0,"parent":77,"menu_order":0,"comment_status":"closed","ping_status":"closed","template":"","meta":{"_acf_changed":false,"_et_pb_use_builder":"on","_et_pb_old_content":"","_et_gb_content_width":"","footnotes":""},"class_list":["post-158","page","type-page","status-publish","hentry"],"acf":[],"yoast_head":"<!-- This site is optimized with the Yoast SEO plugin v27.4 - https:\/\/yoast.com\/product\/yoast-seo-wordpress\/ -->\n<title>Varainhankinta ja lahjoitukset - Forssan Rotaryklubi<\/title>\n<meta name=\"robots\" content=\"index, follow, max-snippet:-1, max-image-preview:large, max-video-preview:-1\" \/>\n<link rel=\"canonical\" href=\"https:\/\/rotary.fi\/forssanrotaryklubi\/mita-teemme\/varainhankinta-ja-lahjoitukset\/\" \/>\n<meta property=\"og:locale\" content=\"fi_FI\" \/>\n<meta property=\"og:type\" content=\"article\" \/>\n<meta property=\"og:title\" content=\"Varainhankinta ja lahjoitukset - Forssan Rotaryklubi\" \/>\n<meta property=\"og:description\" content=\"Varainhankinta ja lahjoitukset Varainhankinta ja lahjoitukset Rotaryklubimme on mukana sek\u00e4 paikallisessa ett\u00e4 maailmanlaajuisessa palveluty\u00f6ss\u00e4 monin eri tavoin. &nbsp; Asenne Ry Olemme mukana tukemassa Asenne Ry:n merkityksellist\u00e4 ty\u00f6t\u00e4 nuorten parissa 500 eurolla vuosittain. &nbsp; Holjalandia &nbsp; Olimme mukana mahdollistamassa lasten liikkumista ja perheiden hyvinvointia osallistumalla Forssan Suuppareiden Holjalandia-hankkeeseen. Seura hankki yhteisty\u00f6kumppaneiden rahoituksen sek\u00e4 Leader-rahoituksen avulla v\u00e4lineet [&hellip;]\" \/>\n<meta property=\"og:url\" content=\"https:\/\/rotary.fi\/forssanrotaryklubi\/mita-teemme\/varainhankinta-ja-lahjoitukset\/\" \/>\n<meta property=\"og:site_name\" content=\"Forssan Rotaryklubi\" \/>\n<meta property=\"article:publisher\" content=\"https:\/\/www.facebook.com\/forssarotary\" \/>\n<meta property=\"article:modified_time\" content=\"2024-10-13T10:32:39+00:00\" \/>\n<meta property=\"og:image\" content=\"https:\/\/rotary.fi\/forssanrotaryklubi\/wp-content\/uploads\/sites\/258\/2024\/10\/nayttokuva-2024-10-13-132047-300x236.png\" \/>\n<meta name=\"twitter:card\" content=\"summary_large_image\" \/>\n<meta name=\"twitter:label1\" content=\"Arvioitu lukuaika\" \/>\n\t<meta name=\"twitter:data1\" content=\"2 minuuttia\" \/>\n<script type=\"application\/ld+json\" class=\"yoast-schema-graph\">{\"@context\":\"https:\\\/\\\/schema.org\",\"@graph\":[{\"@type\":\"WebPage\",\"@id\":\"https:\\\/\\\/rotary.fi\\\/forssanrotaryklubi\\\/mita-teemme\\\/varainhankinta-ja-lahjoitukset\\\/\",\"url\":\"https:\\\/\\\/rotary.fi\\\/forssanrotaryklubi\\\/mita-teemme\\\/varainhankinta-ja-lahjoitukset\\\/\",\"name\":\"Varainhankinta ja lahjoitukset - Forssan Rotaryklubi\",\"isPartOf\":{\"@id\":\"https:\\\/\\\/rotary.fi\\\/forssanrotaryklubi\\\/#website\"},\"primaryImageOfPage\":{\"@id\":\"https:\\\/\\\/rotary.fi\\\/forssanrotaryklubi\\\/mita-teemme\\\/varainhankinta-ja-lahjoitukset\\\/#primaryimage\"},\"image\":{\"@id\":\"https:\\\/\\\/rotary.fi\\\/forssanrotaryklubi\\\/mita-teemme\\\/varainhankinta-ja-lahjoitukset\\\/#primaryimage\"},\"thumbnailUrl\":\"https:\\\/\\\/rotary.fi\\\/forssanrotaryklubi\\\/wp-content\\\/uploads\\\/sites\\\/258\\\/2024\\\/10\\\/nayttokuva-2024-10-13-132047-300x236.png\",\"datePublished\":\"2018-08-13T06:47:58+00:00\",\"dateModified\":\"2024-10-13T10:32:39+00:00\",\"breadcrumb\":{\"@id\":\"https:\\\/\\\/rotary.fi\\\/forssanrotaryklubi\\\/mita-teemme\\\/varainhankinta-ja-lahjoitukset\\\/#breadcrumb\"},\"inLanguage\":\"fi\",\"potentialAction\":[{\"@type\":\"ReadAction\",\"target\":[\"https:\\\/\\\/rotary.fi\\\/forssanrotaryklubi\\\/mita-teemme\\\/varainhankinta-ja-lahjoitukset\\\/\"]}]},{\"@type\":\"ImageObject\",\"inLanguage\":\"fi\",\"@id\":\"https:\\\/\\\/rotary.fi\\\/forssanrotaryklubi\\\/mita-teemme\\\/varainhankinta-ja-lahjoitukset\\\/#primaryimage\",\"url\":\"https:\\\/\\\/rotary.fi\\\/forssanrotaryklubi\\\/wp-content\\\/uploads\\\/sites\\\/258\\\/2024\\\/10\\\/nayttokuva-2024-10-13-132047.png\",\"contentUrl\":\"https:\\\/\\\/rotary.fi\\\/forssanrotaryklubi\\\/wp-content\\\/uploads\\\/sites\\\/258\\\/2024\\\/10\\\/nayttokuva-2024-10-13-132047.png\",\"width\":612,\"height\":481,\"caption\":\"Kuvakaappaus lehtijutusta\"},{\"@type\":\"BreadcrumbList\",\"@id\":\"https:\\\/\\\/rotary.fi\\\/forssanrotaryklubi\\\/mita-teemme\\\/varainhankinta-ja-lahjoitukset\\\/#breadcrumb\",\"itemListElement\":[{\"@type\":\"ListItem\",\"position\":1,\"name\":\"Home\",\"item\":\"https:\\\/\\\/rotary.fi\\\/forssanrotaryklubi\\\/\"},{\"@type\":\"ListItem\",\"position\":2,\"name\":\"Mit\u00e4 teemme\",\"item\":\"https:\\\/\\\/rotary.fi\\\/forssanrotaryklubi\\\/mita-teemme\\\/\"},{\"@type\":\"ListItem\",\"position\":3,\"name\":\"Varainhankinta ja lahjoitukset\"}]},{\"@type\":\"WebSite\",\"@id\":\"https:\\\/\\\/rotary.fi\\\/forssanrotaryklubi\\\/#website\",\"url\":\"https:\\\/\\\/rotary.fi\\\/forssanrotaryklubi\\\/\",\"name\":\"Forssan Rotaryklubi\",\"description\":\"Uusi Rotary klubisivusto\",\"publisher\":{\"@id\":\"https:\\\/\\\/rotary.fi\\\/forssanrotaryklubi\\\/#organization\"},\"potentialAction\":[{\"@type\":\"SearchAction\",\"target\":{\"@type\":\"EntryPoint\",\"urlTemplate\":\"https:\\\/\\\/rotary.fi\\\/forssanrotaryklubi\\\/?s={search_term_string}\"},\"query-input\":{\"@type\":\"PropertyValueSpecification\",\"valueRequired\":true,\"valueName\":\"search_term_string\"}}],\"inLanguage\":\"fi\"},{\"@type\":\"Organization\",\"@id\":\"https:\\\/\\\/rotary.fi\\\/forssanrotaryklubi\\\/#organization\",\"name\":\"Forssan Rotaryklubi\",\"url\":\"https:\\\/\\\/rotary.fi\\\/forssanrotaryklubi\\\/\",\"logo\":{\"@type\":\"ImageObject\",\"inLanguage\":\"fi\",\"@id\":\"https:\\\/\\\/rotary.fi\\\/forssanrotaryklubi\\\/#\\\/schema\\\/logo\\\/image\\\/\",\"url\":\"https:\\\/\\\/rotary.fi\\\/forssanrotaryklubi\\\/wp-content\\\/uploads\\\/sites\\\/258\\\/2018\\\/08\\\/rotary-logo-main-2.png\",\"contentUrl\":\"https:\\\/\\\/rotary.fi\\\/forssanrotaryklubi\\\/wp-content\\\/uploads\\\/sites\\\/258\\\/2018\\\/08\\\/rotary-logo-main-2.png\",\"width\":135,\"height\":52,\"caption\":\"Forssan Rotaryklubi\"},\"image\":{\"@id\":\"https:\\\/\\\/rotary.fi\\\/forssanrotaryklubi\\\/#\\\/schema\\\/logo\\\/image\\\/\"},\"sameAs\":[\"https:\\\/\\\/www.facebook.com\\\/forssarotary\"]}]}<\/script>\n<!-- \/ Yoast SEO plugin. -->","yoast_head_json":{"title":"Varainhankinta ja lahjoitukset - Forssan Rotaryklubi","robots":{"index":"index","follow":"follow","max-snippet":"max-snippet:-1","max-image-preview":"max-image-preview:large","max-video-preview":"max-video-preview:-1"},"canonical":"https:\/\/rotary.fi\/forssanrotaryklubi\/mita-teemme\/varainhankinta-ja-lahjoitukset\/","og_locale":"fi_FI","og_type":"article","og_title":"Varainhankinta ja lahjoitukset - Forssan Rotaryklubi","og_description":"Varainhankinta ja lahjoitukset Varainhankinta ja lahjoitukset Rotaryklubimme on mukana sek\u00e4 paikallisessa ett\u00e4 maailmanlaajuisessa palveluty\u00f6ss\u00e4 monin eri tavoin. &nbsp; Asenne Ry Olemme mukana tukemassa Asenne Ry:n merkityksellist\u00e4 ty\u00f6t\u00e4 nuorten parissa 500 eurolla vuosittain. &nbsp; Holjalandia &nbsp; Olimme mukana mahdollistamassa lasten liikkumista ja perheiden hyvinvointia osallistumalla Forssan Suuppareiden Holjalandia-hankkeeseen. Seura hankki yhteisty\u00f6kumppaneiden rahoituksen sek\u00e4 Leader-rahoituksen avulla v\u00e4lineet [&hellip;]","og_url":"https:\/\/rotary.fi\/forssanrotaryklubi\/mita-teemme\/varainhankinta-ja-lahjoitukset\/","og_site_name":"Forssan Rotaryklubi","article_publisher":"https:\/\/www.facebook.com\/forssarotary","article_modified_time":"2024-10-13T10:32:39+00:00","og_image":[{"url":"https:\/\/rotary.fi\/forssanrotaryklubi\/wp-content\/uploads\/sites\/258\/2024\/10\/nayttokuva-2024-10-13-132047-300x236.png","type":"","width":"","height":""}],"twitter_card":"summary_large_image","twitter_misc":{"Arvioitu lukuaika":"2 minuuttia"},"schema":{"@context":"https:\/\/schema.org","@graph":[{"@type":"WebPage","@id":"https:\/\/rotary.fi\/forssanrotaryklubi\/mita-teemme\/varainhankinta-ja-lahjoitukset\/","url":"https:\/\/rotary.fi\/forssanrotaryklubi\/mita-teemme\/varainhankinta-ja-lahjoitukset\/","name":"Varainhankinta ja lahjoitukset - Forssan Rotaryklubi","isPartOf":{"@id":"https:\/\/rotary.fi\/forssanrotaryklubi\/#website"},"primaryImageOfPage":{"@id":"https:\/\/rotary.fi\/forssanrotaryklubi\/mita-teemme\/varainhankinta-ja-lahjoitukset\/#primaryimage"},"image":{"@id":"https:\/\/rotary.fi\/forssanrotaryklubi\/mita-teemme\/varainhankinta-ja-lahjoitukset\/#primaryimage"},"thumbnailUrl":"https:\/\/rotary.fi\/forssanrotaryklubi\/wp-content\/uploads\/sites\/258\/2024\/10\/nayttokuva-2024-10-13-132047-300x236.png","datePublished":"2018-08-13T06:47:58+00:00","dateModified":"2024-10-13T10:32:39+00:00","breadcrumb":{"@id":"https:\/\/rotary.fi\/forssanrotaryklubi\/mita-teemme\/varainhankinta-ja-lahjoitukset\/#breadcrumb"},"inLanguage":"fi","potentialAction":[{"@type":"ReadAction","target":["https:\/\/rotary.fi\/forssanrotaryklubi\/mita-teemme\/varainhankinta-ja-lahjoitukset\/"]}]},{"@type":"ImageObject","inLanguage":"fi","@id":"https:\/\/rotary.fi\/forssanrotaryklubi\/mita-teemme\/varainhankinta-ja-lahjoitukset\/#primaryimage","url":"https:\/\/rotary.fi\/forssanrotaryklubi\/wp-content\/uploads\/sites\/258\/2024\/10\/nayttokuva-2024-10-13-132047.png","contentUrl":"https:\/\/rotary.fi\/forssanrotaryklubi\/wp-content\/uploads\/sites\/258\/2024\/10\/nayttokuva-2024-10-13-132047.png","width":612,"height":481,"caption":"Kuvakaappaus lehtijutusta"},{"@type":"BreadcrumbList","@id":"https:\/\/rotary.fi\/forssanrotaryklubi\/mita-teemme\/varainhankinta-ja-lahjoitukset\/#breadcrumb","itemListElement":[{"@type":"ListItem","position":1,"name":"Home","item":"https:\/\/rotary.fi\/forssanrotaryklubi\/"},{"@type":"ListItem","position":2,"name":"Mit\u00e4 teemme","item":"https:\/\/rotary.fi\/forssanrotaryklubi\/mita-teemme\/"},{"@type":"ListItem","position":3,"name":"Varainhankinta ja lahjoitukset"}]},{"@type":"WebSite","@id":"https:\/\/rotary.fi\/forssanrotaryklubi\/#website","url":"https:\/\/rotary.fi\/forssanrotaryklubi\/","name":"Forssan Rotaryklubi","description":"Uusi Rotary klubisivusto","publisher":{"@id":"https:\/\/rotary.fi\/forssanrotaryklubi\/#organization"},"potentialAction":[{"@type":"SearchAction","target":{"@type":"EntryPoint","urlTemplate":"https:\/\/rotary.fi\/forssanrotaryklubi\/?s={search_term_string}"},"query-input":{"@type":"PropertyValueSpecification","valueRequired":true,"valueName":"search_term_string"}}],"inLanguage":"fi"},{"@type":"Organization","@id":"https:\/\/rotary.fi\/forssanrotaryklubi\/#organization","name":"Forssan Rotaryklubi","url":"https:\/\/rotary.fi\/forssanrotaryklubi\/","logo":{"@type":"ImageObject","inLanguage":"fi","@id":"https:\/\/rotary.fi\/forssanrotaryklubi\/#\/schema\/logo\/image\/","url":"https:\/\/rotary.fi\/forssanrotaryklubi\/wp-content\/uploads\/sites\/258\/2018\/08\/rotary-logo-main-2.png","contentUrl":"https:\/\/rotary.fi\/forssanrotaryklubi\/wp-content\/uploads\/sites\/258\/2018\/08\/rotary-logo-main-2.png","width":135,"height":52,"caption":"Forssan Rotaryklubi"},"image":{"@id":"https:\/\/rotary.fi\/forssanrotaryklubi\/#\/schema\/logo\/image\/"},"sameAs":["https:\/\/www.facebook.com\/forssarotary"]}]}},"lang":"fi","translations":{"fi":158},"pll_sync_post":[],"_links":{"self":[{"href":"https:\/\/rotary.fi\/forssanrotaryklubi\/wp-json\/wp\/v2\/pages\/158","targetHints":{"allow":["GET"]}}],"collection":[{"href":"https:\/\/rotary.fi\/forssanrotaryklubi\/wp-json\/wp\/v2\/pages"}],"about":[{"href":"https:\/\/rotary.fi\/forssanrotaryklubi\/wp-json\/wp\/v2\/types\/page"}],"author":[{"embeddable":true,"href":"https:\/\/rotary.fi\/forssanrotaryklubi\/wp-json\/wp\/v2\/users\/1"}],"replies":[{"embeddable":true,"href":"https:\/\/rotary.fi\/forssanrotaryklubi\/wp-json\/wp\/v2\/comments?post=158"}],"version-history":[{"count":10,"href":"https:\/\/rotary.fi\/forssanrotaryklubi\/wp-json\/wp\/v2\/pages\/158\/revisions"}],"predecessor-version":[{"id":1663,"href":"https:\/\/rotary.fi\/forssanrotaryklubi\/wp-json\/wp\/v2\/pages\/158\/revisions\/1663"}],"up":[{"embeddable":true,"href":"https:\/\/rotary.fi\/forssanrotaryklubi\/wp-json\/wp\/v2\/pages\/77"}],"wp:attachment":[{"href":"https:\/\/rotary.fi\/forssanrotaryklubi\/wp-json\/wp\/v2\/media?parent=158"}],"curies":[{"name":"wp","href":"https:\/\/api.w.org\/{rel}","templated":true}]}}