{"id":98,"date":"2018-08-09T15:17:32","date_gmt":"2018-08-09T12:17:32","guid":{"rendered":"https:\/\/rotary.fi\/klubi2\/?page_id=98"},"modified":"2024-09-01T22:20:53","modified_gmt":"2024-09-01T19:20:53","slug":"yhteystiedot","status":"publish","type":"page","link":"https:\/\/rotary.fi\/eurajoenrotaryklubi\/yhteystiedot\/","title":{"rendered":"Yhteystiedot"},"content":{"rendered":"<p>[et_pb_section fb_built=&#8221;1&#8243; module_class=&#8221;jumbotron-page&#8221; _builder_version=&#8221;4.16&#8243; background_image=&#8221;https:\/\/rotary.fi\/eurajoenrotaryklubi\/wp-content\/uploads\/sites\/35\/2018\/10\/rotary_klubit_alasivu_paakuva_15.jpg&#8221; global_colors_info=&#8221;{}&#8221;][et_pb_row _builder_version=&#8221;4.16&#8243; background_size=&#8221;initial&#8221; background_position=&#8221;top_left&#8221; background_repeat=&#8221;repeat&#8221; global_colors_info=&#8221;{}&#8221;][et_pb_column type=&#8221;4_4&#8243; _builder_version=&#8221;4.16&#8243; custom_padding=&#8221;|||&#8221; global_colors_info=&#8221;{}&#8221; custom_padding__hover=&#8221;|||&#8221;][et_pb_text admin_label=&#8221;P\u00e4\u00e4otsikko&#8221; _builder_version=&#8221;4.16&#8243; text_orientation=&#8221;center&#8221; background_layout=&#8221;dark&#8221; global_colors_info=&#8221;{}&#8221;]<\/p>\n<h1>Yhteystiedot<\/h1>\n<p>[\/et_pb_text][\/et_pb_column][\/et_pb_row][\/et_pb_section][et_pb_section fb_built=&#8221;1&#8243; specialty=&#8221;on&#8221; module_class_2=&#8221;sivupalkki&#8221; _builder_version=&#8221;4.16&#8243; global_colors_info=&#8221;{}&#8221;][et_pb_column type=&#8221;2_3&#8243; specialty_columns=&#8221;2&#8243; _builder_version=&#8221;4.16&#8243; custom_padding=&#8221;|||&#8221; global_colors_info=&#8221;{}&#8221; custom_padding__hover=&#8221;|||&#8221;][et_pb_row_inner admin_label=&#8221;Rivi&#8221; _builder_version=&#8221;4.16&#8243; global_colors_info=&#8221;{}&#8221;][et_pb_column_inner saved_specialty_column_type=&#8221;2_3&#8243; _builder_version=&#8221;4.16&#8243; custom_padding=&#8221;|||&#8221; global_colors_info=&#8221;{}&#8221; custom_padding__hover=&#8221;|||&#8221;][et_pb_text admin_label=&#8221;Otsikko ennen teksti\u00e4 &#8211; Yhteystiedot&#8221; _builder_version=&#8221;4.16&#8243; text_orientation=&#8221;center&#8221; global_colors_info=&#8221;{}&#8221;]<\/p>\n<h1>Yhteystiedot<\/h1>\n<p>[\/et_pb_text][et_pb_text _builder_version=&#8221;4.16&#8243; global_colors_info=&#8221;{}&#8221;]<br \/>\n[\/et_pb_text][\/et_pb_column_inner][\/et_pb_row_inner][et_pb_row_inner column_structure=&#8221;1_2,1_2&#8243; admin_label=&#8221;Rivi&#8221; _builder_version=&#8221;4.16&#8243; custom_margin=&#8221;||20px|&#8221; custom_padding=&#8221;||20px|&#8221; border_width_bottom=&#8221;1px&#8221; border_color_bottom=&#8221;#d8d8d8&#8243; global_colors_info=&#8221;{}&#8221;][et_pb_column_inner type=&#8221;1_2&#8243; saved_specialty_column_type=&#8221;2_3&#8243; _builder_version=&#8221;4.16&#8243; custom_padding=&#8221;||20px|&#8221; global_colors_info=&#8221;{}&#8221; custom_padding__hover=&#8221;|||&#8221;][et_pb_text admin_label=&#8221;Kokoontumispaikka&#8221; _builder_version=&#8221;4.16&#8243; global_colors_info=&#8221;{}&#8221;]<\/p>\n<p><strong>Kokoontumispaikka:<\/strong><br \/>Eurajoen kristillinen opisto<br \/>Koulutie 4, 27100 EURAJOKI<br \/>email. <a href=\"mailto:rotary.eurajoki@gmail.com\">rotary.eurajoki@gmail.com<\/a><\/p>\n<p><strong>Kokoontumisaika:<\/strong><br \/>Maanantaisin klo 17.00-18.00<\/p>\n<p>Opistolla ollessamme aloitamme tapaamisen yhteisell\u00e4 lounaalla.<\/p>\n<p>Tapahtumakalenterista l\u00f6ytyy vierailukohteemme ja tapahtumat.<\/p>\n<p>[\/et_pb_text][\/et_pb_column_inner][et_pb_column_inner type=&#8221;1_2&#8243; saved_specialty_column_type=&#8221;2_3&#8243; _builder_version=&#8221;4.16&#8243; custom_padding=&#8221;||20px|&#8221; global_colors_info=&#8221;{}&#8221; custom_padding__hover=&#8221;|||&#8221;][et_pb_map address=&#8221;Koulutie 4, 27100 Eurajoki, Suomi&#8221; zoom_level=&#8221;17&#8243; address_lat=&#8221;61.2127644&#8243; address_lng=&#8221;21.755354&#8243; admin_label=&#8221;Kokoontumispaikka &#8211; Kartta&#8221; _builder_version=&#8221;4.16&#8243; global_colors_info=&#8221;{}&#8221;][\/et_pb_map][\/et_pb_column_inner][\/et_pb_row_inner][et_pb_row_inner column_structure=&#8221;1_2,1_2&#8243; admin_label=&#8221;Rivi&#8221; _builder_version=&#8221;4.16&#8243; custom_margin=&#8221;20px||20px|&#8221; custom_padding=&#8221;20px||20px|&#8221; global_colors_info=&#8221;{}&#8221;][et_pb_column_inner type=&#8221;1_2&#8243; saved_specialty_column_type=&#8221;2_3&#8243; _builder_version=&#8221;4.16&#8243; custom_padding=&#8221;||20px|&#8221; global_colors_info=&#8221;{}&#8221; custom_padding__hover=&#8221;|||&#8221;][et_pb_text admin_label=&#8221;Presidentti&#8221; _builder_version=&#8221;4.27.0&#8243; z_index_tablet=&#8221;500&#8243; text_text_shadow_horizontal_length_tablet=&#8221;0px&#8221; text_text_shadow_vertical_length_tablet=&#8221;0px&#8221; text_text_shadow_blur_strength_tablet=&#8221;1px&#8221; link_text_shadow_horizontal_length_tablet=&#8221;0px&#8221; link_text_shadow_vertical_length_tablet=&#8221;0px&#8221; link_text_shadow_blur_strength_tablet=&#8221;1px&#8221; ul_text_shadow_horizontal_length_tablet=&#8221;0px&#8221; ul_text_shadow_vertical_length_tablet=&#8221;0px&#8221; ul_text_shadow_blur_strength_tablet=&#8221;1px&#8221; ol_text_shadow_horizontal_length_tablet=&#8221;0px&#8221; ol_text_shadow_vertical_length_tablet=&#8221;0px&#8221; ol_text_shadow_blur_strength_tablet=&#8221;1px&#8221; quote_text_shadow_horizontal_length_tablet=&#8221;0px&#8221; quote_text_shadow_vertical_length_tablet=&#8221;0px&#8221; quote_text_shadow_blur_strength_tablet=&#8221;1px&#8221; header_text_shadow_horizontal_length_tablet=&#8221;0px&#8221; header_text_shadow_vertical_length_tablet=&#8221;0px&#8221; header_text_shadow_blur_strength_tablet=&#8221;1px&#8221; header_2_text_shadow_horizontal_length_tablet=&#8221;0px&#8221; header_2_text_shadow_vertical_length_tablet=&#8221;0px&#8221; header_2_text_shadow_blur_strength_tablet=&#8221;1px&#8221; header_3_text_shadow_horizontal_length_tablet=&#8221;0px&#8221; header_3_text_shadow_vertical_length_tablet=&#8221;0px&#8221; header_3_text_shadow_blur_strength_tablet=&#8221;1px&#8221; header_4_text_shadow_horizontal_length_tablet=&#8221;0px&#8221; header_4_text_shadow_vertical_length_tablet=&#8221;0px&#8221; header_4_text_shadow_blur_strength_tablet=&#8221;1px&#8221; header_5_text_shadow_horizontal_length_tablet=&#8221;0px&#8221; header_5_text_shadow_vertical_length_tablet=&#8221;0px&#8221; header_5_text_shadow_blur_strength_tablet=&#8221;1px&#8221; header_6_text_shadow_horizontal_length_tablet=&#8221;0px&#8221; header_6_text_shadow_vertical_length_tablet=&#8221;0px&#8221; header_6_text_shadow_blur_strength_tablet=&#8221;1px&#8221; box_shadow_horizontal_tablet=&#8221;0px&#8221; box_shadow_vertical_tablet=&#8221;0px&#8221; box_shadow_blur_tablet=&#8221;40px&#8221; box_shadow_spread_tablet=&#8221;0px&#8221; global_colors_info=&#8221;{}&#8221;]<\/p>\n<h3>Presidentti, Nuorisovaihto<\/h3>\n<p>Mikko Kuusisto<br \/>gsm. +358 40 012 8026<br \/>email. mikko.kuusisto@dnainternet.net<\/p>\n<p>[\/et_pb_text][\/et_pb_column_inner][et_pb_column_inner type=&#8221;1_2&#8243; saved_specialty_column_type=&#8221;2_3&#8243; _builder_version=&#8221;4.16&#8243; custom_padding=&#8221;||20px|&#8221; global_colors_info=&#8221;{}&#8221; custom_padding__hover=&#8221;|||&#8221;][et_pb_text admin_label=&#8221;Sihteeri&#8221; _builder_version=&#8221;4.27.0&#8243; global_colors_info=&#8221;{}&#8221;]<\/p>\n<h3>Sihteeri<\/h3>\n<p>Sarianna Alhonm\u00e4ki<br \/>gsm. +358 50 380 8347<br \/>sarianna.alhonmaki@hartela.fi<\/p>\n<p>[\/et_pb_text][\/et_pb_column_inner][\/et_pb_row_inner][et_pb_row_inner admin_label=&#8221;Rivi&#8221; _builder_version=&#8221;4.16&#8243; global_colors_info=&#8221;{}&#8221;][et_pb_column_inner saved_specialty_column_type=&#8221;2_3&#8243; _builder_version=&#8221;4.16&#8243; custom_padding=&#8221;|||&#8221; global_colors_info=&#8221;{}&#8221; custom_padding__hover=&#8221;|||&#8221;][et_pb_text _builder_version=&#8221;4.16&#8243; hover_enabled=&#8221;0&#8243; global_colors_info=&#8221;{}&#8221; sticky_enabled=&#8221;0&#8243;]<\/p>\n<h1>Yhteyshenkil\u00f6t<\/h1>\n<p>[\/et_pb_text][et_pb_image align_tablet=&#8221;center&#8221; align_phone=&#8221;&#8221; align_last_edited=&#8221;on|desktop&#8221; _builder_version=&#8221;4.17.4&#8243; global_colors_info=&#8221;{}&#8221;][\/et_pb_image][et_pb_text _builder_version=&#8221;4.27.0&#8243; hover_enabled=&#8221;0&#8243; global_colors_info=&#8221;{}&#8221; sticky_enabled=&#8221;0&#8243;]<\/p>\n<p>Klubimestari<br \/>Esa Lahtinen<br \/>Gsm. +358 50 345 6020<br \/>Email. esa.j.lahtinen@gmail.com<\/p>\n<p>[\/et_pb_text][et_pb_image align_tablet=&#8221;center&#8221; align_phone=&#8221;&#8221; align_last_edited=&#8221;on|desktop&#8221; _builder_version=&#8221;4.17.4&#8243; global_colors_info=&#8221;{}&#8221;][\/et_pb_image][et_pb_text admin_label=&#8221;Muut t\u00e4rke\u00e4t yhteyshenkil\u00f6t&#8221; _builder_version=&#8221;4.17.4&#8243; custom_margin=&#8221;20px|||&#8221; hover_enabled=&#8221;0&#8243; global_colors_info=&#8221;{}&#8221; sticky_enabled=&#8221;0&#8243;]<\/p>\n<p>Nuorisovaihtokomitean puheenjohtaja<br \/>Katri Sild\u00e9n<br \/>gsm. +358 44 365 0013<br \/>email. katri.silden@evl.fi<\/p>\n<p>&nbsp;<\/p>\n<p>[\/et_pb_text][et_pb_image src=&#8221;https:\/\/rotary.fi\/eurajoenrotaryklubi\/wp-content\/uploads\/sites\/35\/2018\/12\/dsc_1412-e1546163521708.jpg&#8221; align_tablet=&#8221;center&#8221; align_phone=&#8221;&#8221; align_last_edited=&#8221;on|desktop&#8221; _builder_version=&#8221;4.16&#8243; global_colors_info=&#8221;{}&#8221;][\/et_pb_image][et_pb_text _builder_version=&#8221;4.16&#8243; global_colors_info=&#8221;{}&#8221;]<\/p>\n<p>Rahastonhoitaja<br \/>Risto Lasonen<br \/>gsm. +358 44 053 0630<br \/><a href=\"https:\/\/rotary.fi\/eurajoenrotaryklubi\/yhteystiedot\/risto.lasonen@rautanet.com\">risto.lasonen@rautanet.com<\/a><\/p>\n<p>[\/et_pb_text][et_pb_image src=&#8221;https:\/\/rotary.fi\/eurajoenrotaryklubi\/wp-content\/uploads\/sites\/35\/2023\/09\/jarmo2023.jpg&#8221; title_text=&#8221;Jarmo2023&#8243; _builder_version=&#8221;4.22.1&#8243; _module_preset=&#8221;default&#8221; width=&#8221;29%&#8221; global_colors_info=&#8221;{}&#8221;][\/et_pb_image][et_pb_text _builder_version=&#8221;4.16&#8243; global_colors_info=&#8221;{}&#8221;]<\/p>\n<p>Rotarys\u00e4\u00e4ti\u00f6asiamies<br \/>Jarmo Sallilla<br \/>gsm. +358 40 022 6200<br \/>email. <a href=\"mailto:jarmo.sallila@lvt-putki.fi\">jarmo.sallila@lvt-putki.fi<\/a><\/p>\n<p>[\/et_pb_text][et_pb_text _builder_version=&#8221;4.22.1&#8243; link_option_url=&#8221;https:\/\/www.facebook.com\/eurajoenrotaryklubi\/&#8221; inline_fonts=&#8221;Abril Fatface&#8221; global_colors_info=&#8221;{}&#8221;]<\/p>\n<p>Some<br \/>Erja Lindholm<br \/>gsm. +358 40 5476 040<br \/>email. <a href=\"mailto:erja.lindholm@promediasata.com\">erja.lindholm@promediasata.com<\/a><\/p>\n<p>&nbsp;<\/p>\n<p>&nbsp;<\/p>\n<p>[\/et_pb_text][\/et_pb_column_inner][\/et_pb_row_inner][\/et_pb_column][et_pb_column type=&#8221;1_3&#8243; _builder_version=&#8221;4.16&#8243; custom_padding=&#8221;|||&#8221; global_colors_info=&#8221;{}&#8221; custom_padding__hover=&#8221;|||&#8221;][et_pb_sidebar area=&#8221;sidebar-1&#8243; module_class=&#8221;sivupalkki_sisalto&#8221; _builder_version=&#8221;4.16&#8243; global_colors_info=&#8221;{}&#8221;]<\/p>\n<p>&nbsp;<\/p>\n<p>[\/et_pb_sidebar][\/et_pb_column][\/et_pb_section]<\/p>\n","protected":false},"excerpt":{"rendered":"<p>Yhteystiedot Yhteystiedot Kokoontumispaikka:Eurajoen kristillinen opistoKoulutie 4, 27100 EURAJOKIemail. rotary.eurajoki@gmail.com Kokoontumisaika:Maanantaisin klo 17.00-18.00 Opistolla ollessamme aloitamme tapaamisen yhteisell\u00e4 lounaalla. Tapahtumakalenterista l\u00f6ytyy vierailukohteemme ja tapahtumat.Presidentti, Nuorisovaihto Mikko Kuusistogsm. +358 40 012 8026email. mikko.kuusisto@dnainternet.netSihteeri Sarianna Alhonm\u00e4kigsm. +358 50 380 8347sarianna.alhonmaki@hartela.fiYhteyshenkil\u00f6t KlubimestariEsa LahtinenGsm. +358 50 345 6020Email. esa.j.lahtinen@gmail.comNuorisovaihtokomitean puheenjohtajaKatri Sild\u00e9ngsm. +358 44 365 0013email. katri.silden@evl.fi &nbsp;RahastonhoitajaRisto Lasonengsm. +358 44 [&hellip;]<\/p>\n","protected":false},"author":1,"featured_media":0,"parent":0,"menu_order":0,"comment_status":"closed","ping_status":"closed","template":"","meta":{"_acf_changed":false,"_et_pb_use_builder":"on","_et_pb_old_content":"","_et_gb_content_width":"","footnotes":""},"class_list":["post-98","page","type-page","status-publish","hentry"],"acf":[],"yoast_head":"<!-- This site is optimized with the Yoast SEO plugin v27.4 - https:\/\/yoast.com\/product\/yoast-seo-wordpress\/ -->\n<title>Yhteystiedot - Eurajoen Rotaryklubi<\/title>\n<meta name=\"robots\" content=\"index, follow, max-snippet:-1, max-image-preview:large, max-video-preview:-1\" \/>\n<link rel=\"canonical\" href=\"https:\/\/rotary.fi\/eurajoenrotaryklubi\/yhteystiedot\/\" \/>\n<meta property=\"og:locale\" content=\"fi_FI\" \/>\n<meta property=\"og:type\" content=\"article\" \/>\n<meta property=\"og:title\" content=\"Yhteystiedot - Eurajoen Rotaryklubi\" \/>\n<meta property=\"og:description\" content=\"Yhteystiedot Yhteystiedot Kokoontumispaikka:Eurajoen kristillinen opistoKoulutie 4, 27100 EURAJOKIemail. rotary.eurajoki@gmail.com Kokoontumisaika:Maanantaisin klo 17.00-18.00 Opistolla ollessamme aloitamme tapaamisen yhteisell\u00e4 lounaalla. Tapahtumakalenterista l\u00f6ytyy vierailukohteemme ja tapahtumat.Presidentti, Nuorisovaihto Mikko Kuusistogsm. +358 40 012 8026email. mikko.kuusisto@dnainternet.netSihteeri Sarianna Alhonm\u00e4kigsm. +358 50 380 8347sarianna.alhonmaki@hartela.fiYhteyshenkil\u00f6t KlubimestariEsa LahtinenGsm. +358 50 345 6020Email. esa.j.lahtinen@gmail.comNuorisovaihtokomitean puheenjohtajaKatri Sild\u00e9ngsm. +358 44 365 0013email. katri.silden@evl.fi &nbsp;RahastonhoitajaRisto Lasonengsm. +358 44 [&hellip;]\" \/>\n<meta property=\"og:url\" content=\"https:\/\/rotary.fi\/eurajoenrotaryklubi\/yhteystiedot\/\" \/>\n<meta property=\"og:site_name\" content=\"Eurajoen Rotaryklubi\" \/>\n<meta property=\"article:modified_time\" content=\"2024-09-01T19:20:53+00:00\" \/>\n<meta name=\"twitter:card\" content=\"summary_large_image\" \/>\n<meta name=\"twitter:label1\" content=\"Arvioitu lukuaika\" \/>\n\t<meta name=\"twitter:data1\" content=\"2 minuuttia\" \/>\n<script type=\"application\/ld+json\" class=\"yoast-schema-graph\">{\"@context\":\"https:\\\/\\\/schema.org\",\"@graph\":[{\"@type\":\"WebPage\",\"@id\":\"https:\\\/\\\/rotary.fi\\\/eurajoenrotaryklubi\\\/yhteystiedot\\\/\",\"url\":\"https:\\\/\\\/rotary.fi\\\/eurajoenrotaryklubi\\\/yhteystiedot\\\/\",\"name\":\"Yhteystiedot - Eurajoen Rotaryklubi\",\"isPartOf\":{\"@id\":\"https:\\\/\\\/rotary.fi\\\/eurajoenrotaryklubi\\\/#website\"},\"datePublished\":\"2018-08-09T12:17:32+00:00\",\"dateModified\":\"2024-09-01T19:20:53+00:00\",\"breadcrumb\":{\"@id\":\"https:\\\/\\\/rotary.fi\\\/eurajoenrotaryklubi\\\/yhteystiedot\\\/#breadcrumb\"},\"inLanguage\":\"fi\",\"potentialAction\":[{\"@type\":\"ReadAction\",\"target\":[\"https:\\\/\\\/rotary.fi\\\/eurajoenrotaryklubi\\\/yhteystiedot\\\/\"]}]},{\"@type\":\"BreadcrumbList\",\"@id\":\"https:\\\/\\\/rotary.fi\\\/eurajoenrotaryklubi\\\/yhteystiedot\\\/#breadcrumb\",\"itemListElement\":[{\"@type\":\"ListItem\",\"position\":1,\"name\":\"Home\",\"item\":\"https:\\\/\\\/rotary.fi\\\/eurajoenrotaryklubi\\\/\"},{\"@type\":\"ListItem\",\"position\":2,\"name\":\"Yhteystiedot\"}]},{\"@type\":\"WebSite\",\"@id\":\"https:\\\/\\\/rotary.fi\\\/eurajoenrotaryklubi\\\/#website\",\"url\":\"https:\\\/\\\/rotary.fi\\\/eurajoenrotaryklubi\\\/\",\"name\":\"Eurajoen Rotaryklubi\",\"description\":\"Uusi Rotary klubisivusto\",\"potentialAction\":[{\"@type\":\"SearchAction\",\"target\":{\"@type\":\"EntryPoint\",\"urlTemplate\":\"https:\\\/\\\/rotary.fi\\\/eurajoenrotaryklubi\\\/?s={search_term_string}\"},\"query-input\":{\"@type\":\"PropertyValueSpecification\",\"valueRequired\":true,\"valueName\":\"search_term_string\"}}],\"inLanguage\":\"fi\"}]}<\/script>\n<!-- \/ Yoast SEO plugin. -->","yoast_head_json":{"title":"Yhteystiedot - Eurajoen Rotaryklubi","robots":{"index":"index","follow":"follow","max-snippet":"max-snippet:-1","max-image-preview":"max-image-preview:large","max-video-preview":"max-video-preview:-1"},"canonical":"https:\/\/rotary.fi\/eurajoenrotaryklubi\/yhteystiedot\/","og_locale":"fi_FI","og_type":"article","og_title":"Yhteystiedot - Eurajoen Rotaryklubi","og_description":"Yhteystiedot Yhteystiedot Kokoontumispaikka:Eurajoen kristillinen opistoKoulutie 4, 27100 EURAJOKIemail. rotary.eurajoki@gmail.com Kokoontumisaika:Maanantaisin klo 17.00-18.00 Opistolla ollessamme aloitamme tapaamisen yhteisell\u00e4 lounaalla. Tapahtumakalenterista l\u00f6ytyy vierailukohteemme ja tapahtumat.Presidentti, Nuorisovaihto Mikko Kuusistogsm. +358 40 012 8026email. mikko.kuusisto@dnainternet.netSihteeri Sarianna Alhonm\u00e4kigsm. +358 50 380 8347sarianna.alhonmaki@hartela.fiYhteyshenkil\u00f6t KlubimestariEsa LahtinenGsm. +358 50 345 6020Email. esa.j.lahtinen@gmail.comNuorisovaihtokomitean puheenjohtajaKatri Sild\u00e9ngsm. +358 44 365 0013email. katri.silden@evl.fi &nbsp;RahastonhoitajaRisto Lasonengsm. +358 44 [&hellip;]","og_url":"https:\/\/rotary.fi\/eurajoenrotaryklubi\/yhteystiedot\/","og_site_name":"Eurajoen Rotaryklubi","article_modified_time":"2024-09-01T19:20:53+00:00","twitter_card":"summary_large_image","twitter_misc":{"Arvioitu lukuaika":"2 minuuttia"},"schema":{"@context":"https:\/\/schema.org","@graph":[{"@type":"WebPage","@id":"https:\/\/rotary.fi\/eurajoenrotaryklubi\/yhteystiedot\/","url":"https:\/\/rotary.fi\/eurajoenrotaryklubi\/yhteystiedot\/","name":"Yhteystiedot - Eurajoen Rotaryklubi","isPartOf":{"@id":"https:\/\/rotary.fi\/eurajoenrotaryklubi\/#website"},"datePublished":"2018-08-09T12:17:32+00:00","dateModified":"2024-09-01T19:20:53+00:00","breadcrumb":{"@id":"https:\/\/rotary.fi\/eurajoenrotaryklubi\/yhteystiedot\/#breadcrumb"},"inLanguage":"fi","potentialAction":[{"@type":"ReadAction","target":["https:\/\/rotary.fi\/eurajoenrotaryklubi\/yhteystiedot\/"]}]},{"@type":"BreadcrumbList","@id":"https:\/\/rotary.fi\/eurajoenrotaryklubi\/yhteystiedot\/#breadcrumb","itemListElement":[{"@type":"ListItem","position":1,"name":"Home","item":"https:\/\/rotary.fi\/eurajoenrotaryklubi\/"},{"@type":"ListItem","position":2,"name":"Yhteystiedot"}]},{"@type":"WebSite","@id":"https:\/\/rotary.fi\/eurajoenrotaryklubi\/#website","url":"https:\/\/rotary.fi\/eurajoenrotaryklubi\/","name":"Eurajoen Rotaryklubi","description":"Uusi Rotary klubisivusto","potentialAction":[{"@type":"SearchAction","target":{"@type":"EntryPoint","urlTemplate":"https:\/\/rotary.fi\/eurajoenrotaryklubi\/?s={search_term_string}"},"query-input":{"@type":"PropertyValueSpecification","valueRequired":true,"valueName":"search_term_string"}}],"inLanguage":"fi"}]}},"lang":"fi","translations":{"fi":98},"pll_sync_post":[],"_links":{"self":[{"href":"https:\/\/rotary.fi\/eurajoenrotaryklubi\/wp-json\/wp\/v2\/pages\/98","targetHints":{"allow":["GET"]}}],"collection":[{"href":"https:\/\/rotary.fi\/eurajoenrotaryklubi\/wp-json\/wp\/v2\/pages"}],"about":[{"href":"https:\/\/rotary.fi\/eurajoenrotaryklubi\/wp-json\/wp\/v2\/types\/page"}],"author":[{"embeddable":true,"href":"https:\/\/rotary.fi\/eurajoenrotaryklubi\/wp-json\/wp\/v2\/users\/1"}],"replies":[{"embeddable":true,"href":"https:\/\/rotary.fi\/eurajoenrotaryklubi\/wp-json\/wp\/v2\/comments?post=98"}],"version-history":[{"count":10,"href":"https:\/\/rotary.fi\/eurajoenrotaryklubi\/wp-json\/wp\/v2\/pages\/98\/revisions"}],"predecessor-version":[{"id":2603,"href":"https:\/\/rotary.fi\/eurajoenrotaryklubi\/wp-json\/wp\/v2\/pages\/98\/revisions\/2603"}],"wp:attachment":[{"href":"https:\/\/rotary.fi\/eurajoenrotaryklubi\/wp-json\/wp\/v2\/media?parent=98"}],"curies":[{"name":"wp","href":"https:\/\/api.w.org\/{rel}","templated":true}]}}