{"id":94,"date":"2018-08-09T15:14:30","date_gmt":"2018-08-09T12:14:30","guid":{"rendered":"https:\/\/rotary.fi\/klubi2\/?page_id=94"},"modified":"2018-11-27T10:46:12","modified_gmt":"2018-11-27T08:46:12","slug":"ajankohtaista","status":"publish","type":"page","link":"https:\/\/rotary.fi\/eurajoenrotaryklubi\/ajankohtaista\/","title":{"rendered":"Ajankohtaista"},"content":{"rendered":"<p>[et_pb_section bb_built=&#8221;1&#8243; _builder_version=&#8221;3.4.1&#8243; background_image=&#8221;https:\/\/rotary.fi\/wp-content\/uploads\/2018\/02\/paakuva-sisasivu1.jpg&#8221; next_background_color=&#8221;#ffffff&#8221; module_class=&#8221;jumbotron-page&#8221;][et_pb_row][et_pb_column type=&#8221;4_4&#8243;][et_pb_text admin_label=&#8221;P\u00e4\u00e4otsikko&#8221; _builder_version=&#8221;3.4.1&#8243; text_orientation=&#8221;center&#8221; background_layout=&#8221;dark&#8221;]<\/p>\n<h1>Ajankohtaista<\/h1>\n<p>[\/et_pb_text][\/et_pb_column][\/et_pb_row][\/et_pb_section][et_pb_section bb_built=&#8221;1&#8243; specialty=&#8221;on&#8221; prev_background_color=&#8221;#000000&#8243; _builder_version=&#8221;3.4.1&#8243; module_class_2=&#8221;sivupalkki&#8221; locked=&#8221;on&#8221;][et_pb_column type=&#8221;2_3&#8243; specialty_columns=&#8221;2&#8243;][et_pb_row_inner admin_label=&#8221;Rivi&#8221; locked=&#8221;on&#8221; parent_locked=&#8221;on&#8221;][et_pb_column_inner type=&#8221;4_4&#8243; saved_specialty_column_type=&#8221;2_3&#8243;][et_pb_text admin_label=&#8221;Otsikko&#8221; _builder_version=&#8221;3.4.1&#8243; text_orientation=&#8221;center&#8221; parent_locked=&#8221;on&#8221;]<\/p>\n<h1>Ajankohtaista<\/h1>\n<p>[\/et_pb_text][et_pb_code admin_label=&#8221;Ajankohtaisten listaus&#8221; _builder_version=&#8221;3.17.6&#8243; module_class=&#8221;kaikki_ajankohtaiset&#8221; parent_locked=&#8221;on&#8221;]<ul class=\"display-posts-listing\"><li class=\"listing-item\"><a class=\"title\" href=\"https:\/\/rotary.fi\/eurajoenrotaryklubi\/ajankohtaiset\/eurajoen-rotaryklubissa-13-11-23-altti-lucander-2-kunniajasen-klubin-historiassa\/\">Eurajoen Rotaryklubissa 13.11.23 Altti Lucander 2. kunniaj\u00e4sen klubin historiassa<\/a> <span class=\"date\">14.11. 2023<\/span><\/li><li class=\"listing-item\"><a class=\"title\" href=\"https:\/\/rotary.fi\/eurajoenrotaryklubi\/ajankohtaiset\/rotary-piirin-1410-ag-timo-merikallio-vieraili-klubin-kokouksessa\/\">Rotary piirin 1410 AG Timo Merikallio vieraili klubin kokouksessa 25.9.23<\/a> <span class=\"date\">28.9. 2023<\/span><\/li><li class=\"listing-item\"><a class=\"title\" href=\"https:\/\/rotary.fi\/eurajoenrotaryklubi\/ajankohtaiset\/2513\/\">Lue Rotary Norden 1. numero suomeksi! Lataa Rotary Norden app Google Pay, Appstore<\/a> <span class=\"date\">11.9. 2023<\/span><\/li><li class=\"listing-item\"><a class=\"title\" href=\"https:\/\/rotary.fi\/eurajoenrotaryklubi\/ajankohtaiset\/syysseminaari-ja-piirikokous-hostseminarium-och-distriktsmote-fallseminar-and-district-meeting\/\">Syysseminaari ja piirikokous \u2013 H\u00f6stseminarium och distriktsm\u00f6te -Fallseminar and District Meeting<\/a> <span class=\"date\">11.9. 2023<\/span><\/li><li class=\"listing-item\"><a class=\"title\" href=\"https:\/\/rotary.fi\/eurajoenrotaryklubi\/ajankohtaiset\/syventava-rotaryvalmennus-syksylla-2023\/\">Syvent\u00e4v\u00e4 rotaryvalmennus syksyll\u00e4 2023<\/a> <span class=\"date\">11.9. 2023<\/span><\/li><li class=\"listing-item\"><a class=\"title\" href=\"https:\/\/rotary.fi\/eurajoenrotaryklubi\/ajankohtaiset\/elokuu-on-rotaryn-jaseniston-ja-laajennustyon-kuukausi\/\">Elokuu on Rotaryn j\u00e4senist\u00f6n ja laajennusty\u00f6n kuukausi<\/a> <span class=\"date\">18.8. 2022<\/span><\/li><li class=\"listing-item\"><a class=\"title\" href=\"https:\/\/rotary.fi\/eurajoenrotaryklubi\/ajankohtaiset\/helmikuu-2022-rauhantutkimus-konfliktien-ehkaisy-ja-sovittelu\/\">Helmikuu 2022 \u2013 Rauhantutkimus, konfliktien ehk\u00e4isy ja sovittelu<\/a> <span class=\"date\">4.2. 2022<\/span><\/li><li class=\"listing-item\"><a class=\"title\" href=\"https:\/\/rotary.fi\/eurajoenrotaryklubi\/ajankohtaiset\/vko-34-dg-mikko-lindeman-vieraileehallituksen-kokous-klo-1600\/\">vko 34. DG Mikko Lindeman vierailee 23.8.2021(hallituksen kokous klo 16:00)<\/a> <span class=\"date\">18.8. 2021<\/span><\/li><li class=\"listing-item\"><a class=\"title\" href=\"https:\/\/rotary.fi\/eurajoenrotaryklubi\/ajankohtaiset\/rotary-seinaratas-kiinnitettiin-uuteen-kokouspaikkaan\/\">Rotary sein\u00e4ratas kiinnitettiin uuteen kokouspaikkaan<\/a> <span class=\"date\">14.11. 2020<\/span><\/li><li class=\"listing-item\"><a class=\"title\" href=\"https:\/\/rotary.fi\/eurajoenrotaryklubi\/ajankohtaiset\/eurajoen-rotaryklubi-osallistui-piirin-1410-ensimmaiseen-hybridikokoukseen\/\">Eurajoen Rotaryklubi osallistui piirin 1410 ensimm\u00e4iseen hybridikokoukseen<\/a> <span class=\"date\">29.10. 2020<\/span><\/li><li class=\"listing-item\"><a class=\"title\" href=\"https:\/\/rotary.fi\/eurajoenrotaryklubi\/ajankohtaiset\/eurajoen-rotaryklubi-on-tehnyt-lahjoituksena-kaksi-shelter-boxia-seka-polio-plus-lahjoituksen\/\">Eurajoen Rotaryklubi on tehnyt lahjoituksena kaksi shelter boxia sek\u00e4 lahjoituksen PolioPlus -ohjelmaan<\/a> <span class=\"date\">26.6. 2020<\/span><\/li><li class=\"listing-item\"><a class=\"title\" href=\"https:\/\/rotary.fi\/eurajoenrotaryklubi\/ajankohtaiset\/eurajoen-keskustaa-puistopenkit\/\">Eurajoen Rotaryklubi mukana kun Eurajoen keskustaan hankittiin puistopenkit<\/a> <span class=\"date\">26.5. 2020<\/span><\/li><li class=\"listing-item\"><a class=\"title\" href=\"https:\/\/rotary.fi\/eurajoenrotaryklubi\/ajankohtaiset\/uusi-tiedote-vaihto-oppilaaksi-hakeneille-seka-heidan-vanhemmilleen\/\">UUSI TIEDOTE: Vaihto-oppilaaksi hakeneille sek\u00e4 heid\u00e4n vanhemmilleen<\/a> <span class=\"date\">18.4. 2020<\/span><\/li><li class=\"listing-item\"><a class=\"title\" href=\"https:\/\/rotary.fi\/eurajoenrotaryklubi\/ajankohtaiset\/kutsu-37-rotarylentopallon-sm-kisat-16-17-11-2019\/\">PERUUTETTU OSALLISTUJAV\u00c4HYYDEN JOHDOSTA; KUTSU 37. ROTARYLENTOPALLON SM-KISAT 16. \u2013 17.11.2019<\/a> <span class=\"date\">30.9. 2019<\/span><\/li><li class=\"listing-item\"><a class=\"title\" href=\"https:\/\/rotary.fi\/eurajoenrotaryklubi\/ajankohtaiset\/2019-2020-teemana-rotary-yhdistaa-maailman-rotary-forenar-varlden-rotary-connects-the-world\/\">2019-2020 TEEMANA ROTARY YHDIST\u00c4\u00c4 MAAILMAN \u2013 ROTARY F\u00d6RENAR V\u00c4RLDEN \u2013 ROTARY CONNECTS THE WORLD<\/a> <span class=\"date\">18.9. 2019<\/span><\/li><li class=\"listing-item\"><a class=\"title\" href=\"https:\/\/rotary.fi\/eurajoenrotaryklubi\/ajankohtaiset\/nuorisovaihdon-haku-kaynnissa-ota-yhteytta\/\">Nuorisovaihdon haku k\u00e4ynniss\u00e4! Ota yhteytt\u00e4!<\/a> <span class=\"date\">16.9. 2019<\/span><\/li><li class=\"listing-item\"><a class=\"title\" href=\"https:\/\/rotary.fi\/eurajoenrotaryklubi\/ajankohtaiset\/piirin-1210-ves-tiimilainen-vieraili-ja-yopyi-eurajoella\/\">Piirin 1210 VES tiimil\u00e4inen vieraili ja y\u00f6pyi Eurajoella<\/a> <span class=\"date\">10.9. 2019<\/span><\/li><li class=\"listing-item\"><a class=\"title\" href=\"https:\/\/rotary.fi\/eurajoenrotaryklubi\/ajankohtaiset\/eurajoen-rotaryklubi-vanhvasti-mukana-markkinoilla-la-17-8-2019\/\">Eurajoen Rotaryklubi vahvasti mukana markkinoilla la 17.8.2019<\/a> <span class=\"date\">20.8. 2019<\/span><\/li><li class=\"listing-item\"><a class=\"title\" href=\"https:\/\/rotary.fi\/eurajoenrotaryklubi\/ajankohtaiset\/eurajoen-rotaryklubi-yhteistyossa-eurajoen-markkinoiden-kanssa\/\">Eurajoen Rotaryklubi yhteisty\u00f6ss\u00e4 Eurajoen Markkinoiden kanssa<\/a> <span class=\"date\">8.8. 2019<\/span><\/li><li class=\"listing-item\"><a class=\"title\" href=\"https:\/\/rotary.fi\/eurajoenrotaryklubi\/ajankohtaiset\/eurajoen-rotaryklubin-vaihtokokous-pidettiin-la-29-8-onsanpirtilla-eurajoella\/\">Eurajoen Rotaryklubin vaihtokokous pidettiin la 29.6. Onsanpirtill\u00e4 Eurajoella<\/a> <span class=\"date\">1.7. 2019<\/span><\/li><li class=\"listing-item\"><a class=\"title\" href=\"https:\/\/rotary.fi\/eurajoenrotaryklubi\/ajankohtaiset\/rotaryklubien-ic-kokous-rauman-kesateatteriin-kaksi-puuta-musiikkikomediaan-avec\/\">Rotaryklubien IC tapaaminen Rauman kes\u00e4teatteri, Kaksi puuta musiikkikomediaan (avec)<\/a> <span class=\"date\">26.6. 2019<\/span><\/li><li class=\"listing-item\"><a class=\"title\" href=\"https:\/\/rotary.fi\/eurajoenrotaryklubi\/ajankohtaiset\/kesakuu-rotaryn-toveruusryhmien-kuukausi\/\">Kes\u00e4kuu: Rotaryn toveruusryhmien kuukausi<\/a> <span class=\"date\">1.6. 2019<\/span><\/li><li class=\"listing-item\"><a class=\"title\" href=\"https:\/\/rotary.fi\/eurajoenrotaryklubi\/ajankohtaiset\/matkalippu-tulevaisuuteen-2019-paattyi-viime-viikolla-ysi-juhla-lounaaseen-ja-kunniakirjojen-jakoon-eurajoen-opistolla\/\">Matkalippu tulevaisuuteen 2019 p\u00e4\u00e4ttyi viime viikolla &#8217;Ysi- (juhla) lounaaseen&#8217;\u00a0ja kunniakirjojen jakoon\u00a0Eurajoen opistolla<\/a> <span class=\"date\">29.5. 2019<\/span><\/li><li class=\"listing-item\"><a class=\"title\" href=\"https:\/\/rotary.fi\/eurajoenrotaryklubi\/ajankohtaiset\/toukokuu-rotaryn-nuorisopalvelun-kuukausi\/\">Toukokuu: Rotaryn nuorisopalvelun kuukausi<\/a> <span class=\"date\">23.5. 2019<\/span><\/li><li class=\"listing-item\"><a class=\"title\" href=\"https:\/\/rotary.fi\/eurajoenrotaryklubi\/ajankohtaiset\/rotary-toimintakausi-2019-2020-alkaa-1-7-2019\/\">Rotary toimintakausi 2019-2020 alkaa 1.7.2019<\/a> <span class=\"date\">16.5. 2019<\/span><\/li><li class=\"listing-item\"><a class=\"title\" href=\"https:\/\/rotary.fi\/eurajoenrotaryklubi\/ajankohtaiset\/nyt-on-aika-miettia-rotarien-kautta-vaihtoon-eurajoen-rotaryklubin-on-jo-vuosia-mahdollistanut-sen\/\">Rotarien kautta vaihtoon nyt on aika mietti\u00e4.<\/a> <span class=\"date\">22.4. 2019<\/span><\/li><li class=\"listing-item\"><a class=\"title\" href=\"https:\/\/rotary.fi\/eurajoenrotaryklubi\/ajankohtaiset\/matkalippu-tulevaisuuteen\/\">MATKALIPPU TULEVAISUUTEEN -KAMPANJA<\/a> <span class=\"date\">17.4. 2019<\/span><\/li><li class=\"listing-item\"><a class=\"title\" href=\"https:\/\/rotary.fi\/eurajoenrotaryklubi\/ajankohtaiset\/pets-2-3-2019-forssa\/\">Rotary Piiri 1410 PETS 2.3.2019 Forssa<\/a> <span class=\"date\">22.2. 2019<\/span><\/li><li class=\"listing-item\"><a class=\"title\" href=\"https:\/\/rotary.fi\/eurajoenrotaryklubi\/ajankohtaiset\/rotary-intercity-kokous-huovinrinteen-upseerikerholla-12-2-sakyla\/\">Rotary Intercity kokous Huovinrinteen Upseerikerholla 12.2. S\u00e4kyl\u00e4<\/a> <span class=\"date\">22.1. 2019<\/span><\/li><li class=\"listing-item\"><a class=\"title\" href=\"https:\/\/rotary.fi\/eurajoenrotaryklubi\/ajankohtaiset\/rauhankonsertti-turussa-10-2-ilmoittautuminen-klubimestari-jounille\/\">Rauhankonsertti Turussa 10.2., ilmoittautuminen klubimestari Jounille<\/a> <span class=\"date\">7.1. 2019<\/span><\/li><li class=\"listing-item\"><a class=\"title\" href=\"https:\/\/rotary.fi\/eurajoenrotaryklubi\/ajankohtaiset\/tampereen-rotaryseminaari-1-3-2-ohjelma-julkaistu\/\">Tampereen Rotaryseminaari 1.-3.2. ohjelma julkaistu<\/a> <span class=\"date\">7.1. 2019<\/span><\/li><li class=\"listing-item\"><a class=\"title\" href=\"https:\/\/rotary.fi\/eurajoenrotaryklubi\/ajankohtaiset\/eurajoen-rotaryklubi-vierailee-eurajoen-kristillisella-opistolla-28-1-2019-klo-17\/\">Eurajoen Rotaryklubi vierailee Eurajoen Kristillisell\u00e4 opistolla 28.1.2019 klo 17<\/a> <span class=\"date\">28.12. 2018<\/span><\/li><li class=\"listing-item\"><a class=\"title\" href=\"https:\/\/rotary.fi\/eurajoenrotaryklubi\/ajankohtaiset\/eurajoen-rotaryklubin-loytaa-myos-facebookista\/\">Eurajoen Rotaryklubin l\u00f6yd\u00e4t my\u00f6s facebookista<\/a> <span class=\"date\">13.12. 2018<\/span><\/li><li class=\"listing-item\"><a class=\"title\" href=\"https:\/\/rotary.fi\/eurajoenrotaryklubi\/ajankohtaiset\/rotary-ic-jouluhartaus-rauman-pyhan-ristin-kirkossa-on-tiistaina-18-12-2018-klo-1300\/\">Rotary \u2013 IC Jouluhartaus Rauman Pyh\u00e4n Ristin kirkossa on tiistaina 18.12.2018 klo 13:00<\/a> <span class=\"date\">12.12. 2018<\/span><\/li><li class=\"listing-item\"><a class=\"title\" href=\"https:\/\/rotary.fi\/eurajoenrotaryklubi\/presidentin_uutiset\/hyvaa-rotarysaation-kuukautta\/\">Hyv\u00e4\u00e4 Rotarys\u00e4\u00e4ti\u00f6n kuukautta!<\/a> <span class=\"date\">30.11. 2018<\/span><\/li><li class=\"listing-item\"><a class=\"title\" href=\"https:\/\/rotary.fi\/eurajoenrotaryklubi\/presidentin_uutiset\/suomen-rotarypalvelun-tuleva-hallitus-valittu\/\">Suomen Rotarypalvelun tuleva hallitus valittu<\/a> <span class=\"date\">25.11. 2018<\/span><\/li><\/ul>[\/et_pb_code][\/et_pb_column_inner][\/et_pb_row_inner][\/et_pb_column][et_pb_column type=&#8221;1_3&#8243;][et_pb_sidebar _builder_version=&#8221;3.4.1&#8243; area=&#8221;sidebar-1&#8243; module_class=&#8221;sivupalkki_sisalto&#8221; parent_locked=&#8221;on&#8221; \/][\/et_pb_column][\/et_pb_section]<\/p>\n","protected":false},"excerpt":{"rendered":"<p>[et_pb_section bb_built=&#8221;1&#8243; _builder_version=&#8221;3.4.1&#8243; background_image=&#8221;https:\/\/rotary.fi\/wp-content\/uploads\/2018\/02\/paakuva-sisasivu1.jpg&#8221; next_background_color=&#8221;#ffffff&#8221; module_class=&#8221;jumbotron-page&#8221;][et_pb_row][et_pb_column type=&#8221;4_4&#8243;][et_pb_text admin_label=&#8221;P\u00e4\u00e4otsikko&#8221; _builder_version=&#8221;3.4.1&#8243; text_orientation=&#8221;center&#8221; background_layout=&#8221;dark&#8221;] Ajankohtaista [\/et_pb_text][\/et_pb_column][\/et_pb_row][\/et_pb_section][et_pb_section bb_built=&#8221;1&#8243; specialty=&#8221;on&#8221; prev_background_color=&#8221;#000000&#8243; _builder_version=&#8221;3.4.1&#8243; module_class_2=&#8221;sivupalkki&#8221; locked=&#8221;on&#8221;][et_pb_column type=&#8221;2_3&#8243; specialty_columns=&#8221;2&#8243;][et_pb_row_inner admin_label=&#8221;Rivi&#8221; locked=&#8221;on&#8221; parent_locked=&#8221;on&#8221;][et_pb_column_inner type=&#8221;4_4&#8243; saved_specialty_column_type=&#8221;2_3&#8243;][et_pb_text admin_label=&#8221;Otsikko&#8221; _builder_version=&#8221;3.4.1&#8243; text_orientation=&#8221;center&#8221; parent_locked=&#8221;on&#8221;] Ajankohtaista [\/et_pb_text][et_pb_code admin_label=&#8221;Ajankohtaisten listaus&#8221; _builder_version=&#8221;3.17.6&#8243; module_class=&#8221;kaikki_ajankohtaiset&#8221; parent_locked=&#8221;on&#8221;][\/et_pb_code][\/et_pb_column_inner][\/et_pb_row_inner][\/et_pb_column][et_pb_column type=&#8221;1_3&#8243;][et_pb_sidebar _builder_version=&#8221;3.4.1&#8243; area=&#8221;sidebar-1&#8243; module_class=&#8221;sivupalkki_sisalto&#8221; parent_locked=&#8221;on&#8221; \/][\/et_pb_column][\/et_pb_section]<\/p>\n","protected":false},"author":1,"featured_media":0,"parent":0,"menu_order":0,"comment_status":"closed","ping_status":"closed","template":"","meta":{"_acf_changed":false,"_et_pb_use_builder":"on","_et_pb_old_content":"","_et_gb_content_width":"","footnotes":""},"class_list":["post-94","page","type-page","status-publish","hentry"],"acf":[],"yoast_head":"<!-- This site is optimized with the Yoast SEO plugin v27.0 - https:\/\/yoast.com\/product\/yoast-seo-wordpress\/ -->\n<title>Ajankohtaista - Eurajoen Rotaryklubi<\/title>\n<meta name=\"robots\" content=\"index, follow, max-snippet:-1, max-image-preview:large, max-video-preview:-1\" \/>\n<link rel=\"canonical\" href=\"https:\/\/rotary.fi\/eurajoenrotaryklubi\/ajankohtaista\/\" \/>\n<meta property=\"og:locale\" content=\"fi_FI\" \/>\n<meta property=\"og:type\" content=\"article\" \/>\n<meta property=\"og:title\" content=\"Ajankohtaista - Eurajoen Rotaryklubi\" \/>\n<meta property=\"og:description\" content=\"[et_pb_section bb_built=&#8221;1&#8243; _builder_version=&#8221;3.4.1&#8243; background_image=&#8221;https:\/\/rotary.fi\/wp-content\/uploads\/2018\/02\/paakuva-sisasivu1.jpg&#8221; next_background_color=&#8221;#ffffff&#8221; module_class=&#8221;jumbotron-page&#8221;][et_pb_row][et_pb_column type=&#8221;4_4&#8243;][et_pb_text admin_label=&#8221;P\u00e4\u00e4otsikko&#8221; _builder_version=&#8221;3.4.1&#8243; text_orientation=&#8221;center&#8221; background_layout=&#8221;dark&#8221;] Ajankohtaista [\/et_pb_text][\/et_pb_column][\/et_pb_row][\/et_pb_section][et_pb_section bb_built=&#8221;1&#8243; specialty=&#8221;on&#8221; prev_background_color=&#8221;#000000&#8243; _builder_version=&#8221;3.4.1&#8243; module_class_2=&#8221;sivupalkki&#8221; locked=&#8221;on&#8221;][et_pb_column type=&#8221;2_3&#8243; specialty_columns=&#8221;2&#8243;][et_pb_row_inner admin_label=&#8221;Rivi&#8221; locked=&#8221;on&#8221; parent_locked=&#8221;on&#8221;][et_pb_column_inner type=&#8221;4_4&#8243; saved_specialty_column_type=&#8221;2_3&#8243;][et_pb_text admin_label=&#8221;Otsikko&#8221; _builder_version=&#8221;3.4.1&#8243; text_orientation=&#8221;center&#8221; parent_locked=&#8221;on&#8221;] Ajankohtaista [\/et_pb_text][et_pb_code admin_label=&#8221;Ajankohtaisten listaus&#8221; _builder_version=&#8221;3.17.6&#8243; module_class=&#8221;kaikki_ajankohtaiset&#8221; parent_locked=&#8221;on&#8221;][\/et_pb_code][\/et_pb_column_inner][\/et_pb_row_inner][\/et_pb_column][et_pb_column type=&#8221;1_3&#8243;][et_pb_sidebar _builder_version=&#8221;3.4.1&#8243; area=&#8221;sidebar-1&#8243; module_class=&#8221;sivupalkki_sisalto&#8221; parent_locked=&#8221;on&#8221; \/][\/et_pb_column][\/et_pb_section]\" \/>\n<meta property=\"og:url\" content=\"https:\/\/rotary.fi\/eurajoenrotaryklubi\/ajankohtaista\/\" \/>\n<meta property=\"og:site_name\" content=\"Eurajoen Rotaryklubi\" \/>\n<meta property=\"article:modified_time\" content=\"2018-11-27T08:46:12+00:00\" \/>\n<meta name=\"twitter:card\" content=\"summary_large_image\" \/>\n<meta name=\"twitter:label1\" content=\"Arvioitu lukuaika\" \/>\n\t<meta name=\"twitter:data1\" content=\"1 minuutti\" \/>\n<script type=\"application\/ld+json\" class=\"yoast-schema-graph\">{\"@context\":\"https:\/\/schema.org\",\"@graph\":[{\"@type\":\"WebPage\",\"@id\":\"https:\/\/rotary.fi\/eurajoenrotaryklubi\/ajankohtaista\/\",\"url\":\"https:\/\/rotary.fi\/eurajoenrotaryklubi\/ajankohtaista\/\",\"name\":\"Ajankohtaista - Eurajoen Rotaryklubi\",\"isPartOf\":{\"@id\":\"https:\/\/rotary.fi\/eurajoenrotaryklubi\/#website\"},\"datePublished\":\"2018-08-09T12:14:30+00:00\",\"dateModified\":\"2018-11-27T08:46:12+00:00\",\"breadcrumb\":{\"@id\":\"https:\/\/rotary.fi\/eurajoenrotaryklubi\/ajankohtaista\/#breadcrumb\"},\"inLanguage\":\"fi\",\"potentialAction\":[{\"@type\":\"ReadAction\",\"target\":[\"https:\/\/rotary.fi\/eurajoenrotaryklubi\/ajankohtaista\/\"]}]},{\"@type\":\"BreadcrumbList\",\"@id\":\"https:\/\/rotary.fi\/eurajoenrotaryklubi\/ajankohtaista\/#breadcrumb\",\"itemListElement\":[{\"@type\":\"ListItem\",\"position\":1,\"name\":\"Home\",\"item\":\"https:\/\/rotary.fi\/eurajoenrotaryklubi\/\"},{\"@type\":\"ListItem\",\"position\":2,\"name\":\"Ajankohtaista\"}]},{\"@type\":\"WebSite\",\"@id\":\"https:\/\/rotary.fi\/eurajoenrotaryklubi\/#website\",\"url\":\"https:\/\/rotary.fi\/eurajoenrotaryklubi\/\",\"name\":\"Eurajoen Rotaryklubi\",\"description\":\"Uusi Rotary klubisivusto\",\"potentialAction\":[{\"@type\":\"SearchAction\",\"target\":{\"@type\":\"EntryPoint\",\"urlTemplate\":\"https:\/\/rotary.fi\/eurajoenrotaryklubi\/?s={search_term_string}\"},\"query-input\":{\"@type\":\"PropertyValueSpecification\",\"valueRequired\":true,\"valueName\":\"search_term_string\"}}],\"inLanguage\":\"fi\"}]}<\/script>\n<!-- \/ Yoast SEO plugin. -->","yoast_head_json":{"title":"Ajankohtaista - Eurajoen Rotaryklubi","robots":{"index":"index","follow":"follow","max-snippet":"max-snippet:-1","max-image-preview":"max-image-preview:large","max-video-preview":"max-video-preview:-1"},"canonical":"https:\/\/rotary.fi\/eurajoenrotaryklubi\/ajankohtaista\/","og_locale":"fi_FI","og_type":"article","og_title":"Ajankohtaista - Eurajoen Rotaryklubi","og_description":"[et_pb_section bb_built=&#8221;1&#8243; _builder_version=&#8221;3.4.1&#8243; background_image=&#8221;https:\/\/rotary.fi\/wp-content\/uploads\/2018\/02\/paakuva-sisasivu1.jpg&#8221; next_background_color=&#8221;#ffffff&#8221; module_class=&#8221;jumbotron-page&#8221;][et_pb_row][et_pb_column type=&#8221;4_4&#8243;][et_pb_text admin_label=&#8221;P\u00e4\u00e4otsikko&#8221; _builder_version=&#8221;3.4.1&#8243; text_orientation=&#8221;center&#8221; background_layout=&#8221;dark&#8221;] Ajankohtaista [\/et_pb_text][\/et_pb_column][\/et_pb_row][\/et_pb_section][et_pb_section bb_built=&#8221;1&#8243; specialty=&#8221;on&#8221; prev_background_color=&#8221;#000000&#8243; _builder_version=&#8221;3.4.1&#8243; module_class_2=&#8221;sivupalkki&#8221; locked=&#8221;on&#8221;][et_pb_column type=&#8221;2_3&#8243; specialty_columns=&#8221;2&#8243;][et_pb_row_inner admin_label=&#8221;Rivi&#8221; locked=&#8221;on&#8221; parent_locked=&#8221;on&#8221;][et_pb_column_inner type=&#8221;4_4&#8243; saved_specialty_column_type=&#8221;2_3&#8243;][et_pb_text admin_label=&#8221;Otsikko&#8221; _builder_version=&#8221;3.4.1&#8243; text_orientation=&#8221;center&#8221; parent_locked=&#8221;on&#8221;] Ajankohtaista [\/et_pb_text][et_pb_code admin_label=&#8221;Ajankohtaisten listaus&#8221; _builder_version=&#8221;3.17.6&#8243; module_class=&#8221;kaikki_ajankohtaiset&#8221; parent_locked=&#8221;on&#8221;][\/et_pb_code][\/et_pb_column_inner][\/et_pb_row_inner][\/et_pb_column][et_pb_column type=&#8221;1_3&#8243;][et_pb_sidebar _builder_version=&#8221;3.4.1&#8243; area=&#8221;sidebar-1&#8243; module_class=&#8221;sivupalkki_sisalto&#8221; parent_locked=&#8221;on&#8221; \/][\/et_pb_column][\/et_pb_section]","og_url":"https:\/\/rotary.fi\/eurajoenrotaryklubi\/ajankohtaista\/","og_site_name":"Eurajoen Rotaryklubi","article_modified_time":"2018-11-27T08:46:12+00:00","twitter_card":"summary_large_image","twitter_misc":{"Arvioitu lukuaika":"1 minuutti"},"schema":{"@context":"https:\/\/schema.org","@graph":[{"@type":"WebPage","@id":"https:\/\/rotary.fi\/eurajoenrotaryklubi\/ajankohtaista\/","url":"https:\/\/rotary.fi\/eurajoenrotaryklubi\/ajankohtaista\/","name":"Ajankohtaista - Eurajoen Rotaryklubi","isPartOf":{"@id":"https:\/\/rotary.fi\/eurajoenrotaryklubi\/#website"},"datePublished":"2018-08-09T12:14:30+00:00","dateModified":"2018-11-27T08:46:12+00:00","breadcrumb":{"@id":"https:\/\/rotary.fi\/eurajoenrotaryklubi\/ajankohtaista\/#breadcrumb"},"inLanguage":"fi","potentialAction":[{"@type":"ReadAction","target":["https:\/\/rotary.fi\/eurajoenrotaryklubi\/ajankohtaista\/"]}]},{"@type":"BreadcrumbList","@id":"https:\/\/rotary.fi\/eurajoenrotaryklubi\/ajankohtaista\/#breadcrumb","itemListElement":[{"@type":"ListItem","position":1,"name":"Home","item":"https:\/\/rotary.fi\/eurajoenrotaryklubi\/"},{"@type":"ListItem","position":2,"name":"Ajankohtaista"}]},{"@type":"WebSite","@id":"https:\/\/rotary.fi\/eurajoenrotaryklubi\/#website","url":"https:\/\/rotary.fi\/eurajoenrotaryklubi\/","name":"Eurajoen Rotaryklubi","description":"Uusi Rotary klubisivusto","potentialAction":[{"@type":"SearchAction","target":{"@type":"EntryPoint","urlTemplate":"https:\/\/rotary.fi\/eurajoenrotaryklubi\/?s={search_term_string}"},"query-input":{"@type":"PropertyValueSpecification","valueRequired":true,"valueName":"search_term_string"}}],"inLanguage":"fi"}]}},"lang":"fi","translations":{"fi":94},"pll_sync_post":[],"_links":{"self":[{"href":"https:\/\/rotary.fi\/eurajoenrotaryklubi\/wp-json\/wp\/v2\/pages\/94","targetHints":{"allow":["GET"]}}],"collection":[{"href":"https:\/\/rotary.fi\/eurajoenrotaryklubi\/wp-json\/wp\/v2\/pages"}],"about":[{"href":"https:\/\/rotary.fi\/eurajoenrotaryklubi\/wp-json\/wp\/v2\/types\/page"}],"author":[{"embeddable":true,"href":"https:\/\/rotary.fi\/eurajoenrotaryklubi\/wp-json\/wp\/v2\/users\/1"}],"replies":[{"embeddable":true,"href":"https:\/\/rotary.fi\/eurajoenrotaryklubi\/wp-json\/wp\/v2\/comments?post=94"}],"version-history":[{"count":6,"href":"https:\/\/rotary.fi\/eurajoenrotaryklubi\/wp-json\/wp\/v2\/pages\/94\/revisions"}],"predecessor-version":[{"id":1332,"href":"https:\/\/rotary.fi\/eurajoenrotaryklubi\/wp-json\/wp\/v2\/pages\/94\/revisions\/1332"}],"wp:attachment":[{"href":"https:\/\/rotary.fi\/eurajoenrotaryklubi\/wp-json\/wp\/v2\/media?parent=94"}],"curies":[{"name":"wp","href":"https:\/\/api.w.org\/{rel}","templated":true}]}}