{"id":165,"date":"2018-08-13T09:52:52","date_gmt":"2018-08-13T06:52:52","guid":{"rendered":"https:\/\/rotary.fi\/eurajoenrotaryklubi\/?page_id=165"},"modified":"2018-12-30T11:29:28","modified_gmt":"2018-12-30T09:29:28","slug":"yhteistyo","status":"publish","type":"page","link":"https:\/\/rotary.fi\/eurajoenrotaryklubi\/mita-teemme\/yhteistyo\/","title":{"rendered":"Yhteisty\u00f6"},"content":{"rendered":"<p>[et_pb_section bb_built=&#8221;1&#8243; module_class=&#8221;jumbotron-page&#8221; _builder_version=&#8221;3.17.2&#8243; background_image=&#8221;https:\/\/rotary.fi\/eurajoenrotaryklubi\/wp-content\/uploads\/sites\/35\/2018\/08\/rotary_klubit_alasivu_paakuva_6.jpg&#8221; next_background_color=&#8221;#ffffff&#8221;][et_pb_row _builder_version=&#8221;3.0.48&#8243; background_size=&#8221;initial&#8221; background_position=&#8221;top_left&#8221; background_repeat=&#8221;repeat&#8221;][et_pb_column type=&#8221;4_4&#8243;][et_pb_text admin_label=&#8221;P\u00e4\u00e4otsikko&#8221; _builder_version=&#8221;3.17.6&#8243; text_orientation=&#8221;center&#8221; background_layout=&#8221;dark&#8221;]<\/p>\n<h1>Yhteisty\u00f6<\/h1>\n<p>[\/et_pb_text][\/et_pb_column][\/et_pb_row][\/et_pb_section][et_pb_section bb_built=&#8221;1&#8243; specialty=&#8221;on&#8221; module_class_2=&#8221;sivupalkki&#8221; _builder_version=&#8221;3.4.1&#8243; prev_background_color=&#8221;#000000&#8243;][et_pb_column type=&#8221;2_3&#8243; specialty_columns=&#8221;2&#8243;][et_pb_row_inner admin_label=&#8221;Rivi&#8221; _builder_version=&#8221;3.0.47&#8243;][et_pb_column_inner type=&#8221;4_4&#8243; saved_specialty_column_type=&#8221;2_3&#8243;][et_pb_text admin_label=&#8221;Otsikko&#8221; _builder_version=&#8221;3.17.6&#8243; text_orientation=&#8221;center&#8221;]<\/p>\n<h1>Yhteisty\u00f6 Eurajoella<\/h1>\n<p>[\/et_pb_text][et_pb_text _builder_version=&#8221;3.17.6&#8243;]<\/p>\n<p>Klubimme toimii aktiivisesti nuorisovaihdossa, menlippu tulevaisuuteen sek\u00e4 palvelu- ja hyv\u00e4ntekev\u00e4isyysprojekteissa. Ty\u00f6t\u00e4mme ovat tukeneet monet yhteisty\u00f6kumppanit.<\/p>\n<p><strong>Klubimme nuorisovaihtotoimintaa ovat tukeneet\/tukevat<\/strong><br \/><a href=\"http:\/\/www.eurajoki.fi\/kasvatus-opetus\/perusopetus\/\" target=\"_blank\" rel=\"noopener\">Eurajoen yhteiskoulu<\/a>\u00a0<br \/><a href=\"http:\/\/www.eurajoenlukio.com\" target=\"_blank\" rel=\"noopener\">Eurajoen lukio<\/a>\u00a0<br \/><a href=\"http:\/\/d141.innerwheel.fi\/iw-klubit\/iw-eurajoki\/\" target=\"_blank\" rel=\"noopener\">Eurajoen Inner Wheel<\/a><\/p>\n<p><strong>Matkalippu tulevaisuuteen-palveluprojektissa ty\u00f6t\u00e4mme ovat tukeneet\/tukevat<br \/><\/strong><a href=\"http:\/\/www.eurajoki.fi\/kasvatus-opetus\/perusopetus\/\" target=\"_blank\" rel=\"noopener\">Eurajoen yhteiskoulu<\/a>\u00a0<br \/><a href=\"http:\/\/d141.innerwheel.fi\/iw-klubit\/iw-eurajoki\/\" target=\"_blank\" rel=\"noopener\">Eurajoen Inner Wheel<\/a><\/p>\n<p><strong>Eurajoen markkinat \/ Eurajoen Yritt\u00e4j\u00e4t<\/strong><\/p>\n<p><strong>Kiit\u00e4mme l\u00e4mpim\u00e4sti toimintamme tukijoita!<\/strong><\/p>\n<p>Kun haluat osallistua rotareiden ty\u00f6h\u00f6n lahjoittamalla aikaasi tai varoja, ota yst\u00e4v\u00e4llisesti <a href=\"https:\/\/rotary.fi\/eurajoenrotaryklubi\/yhteystiedot\/\">yhteytt\u00e4 klubimme presidenttiin<\/a>.<\/p>\n<p>[\/et_pb_text][et_pb_text admin_label=&#8221;Otsikko&#8221; _builder_version=&#8221;3.17.6&#8243; text_orientation=&#8221;center&#8221;]<\/p>\n<h3>Eurajoen Inner Wheel<\/h3>\n<p>[\/et_pb_text][et_pb_text _builder_version=&#8221;3.17.6&#8243;]<\/p>\n<p>Eurajoen IW-klubi on perustettu 12.5.1998. Kokoonnumme yleens\u00e4 kuukauden ensimm\u00e4isen\u00e4 tiistaina.\u00a0 Vierailemme Eurajoen tai ymp\u00e4rist\u00f6kuntien yrityksiss\u00e4 tai nautimme teatteri- ja konserttiesityksist\u00e4 l\u00e4hell\u00e4 tai kaukana.\u00a0 Hyv\u00e4ntekev\u00e4isyyskohteina meill\u00e4 on viime vuosina ollut Eurajoen oman kunnan nuoret ja vanhat ihmiset.\u00a0 Olemme osallistuneet Jokisimpukan lauantaiulkoilutusten hoitamiseen ja viihdytt\u00e4neet Jokisimpukan asukkaita laulullamme. Olemme tukeneet my\u00f6s IW-hyv\u00e4ntekev\u00e4isyyskohteita.<\/p>\n<p>Tutustus Eurajoen <a href=\"http:\/\/d141.innerwheel.fi\/iw-klubit\/iw-eurajoki\/\" target=\"_blank\" rel=\"noopener\">Inner Wheel toimintaan t\u00e4st\u00e4.<\/a><\/p>\n<p>Inner Wheel -j\u00e4rjest\u00f6n juuret ylt\u00e4v\u00e4t ensimm\u00e4isen maailmansodan aikaan. Rotarit pyysiv\u00e4t t\u00e4ll\u00f6in apua vaimoiltaan ja l\u00e4hisukulaisiltaan erilaisiin sosiaalisiin palveluteht\u00e4viin sodan rasittamassa Englannissa. N\u00e4in yst\u00e4vystyneet naiset p\u00e4\u00e4ttiv\u00e4t perustaa oman klubin l\u00e4ht\u00f6kohtana Rotaryn \u201dService above self\u201d, joka vapaasti k\u00e4\u00e4nnettyn\u00e4 tarkoittaa ep\u00e4itsek\u00e4st\u00e4 palvelemista. Klubia kutsuttiinkin alun perin Service-klubiksi. Nimen Inner Wheel -klubi sai rouva Goldingin aloitteesta 10.1.1924. Tuosta p\u00e4iv\u00e4st\u00e4 tuli vuosittain vietett\u00e4v\u00e4 Kansainv\u00e4linen Inner Wheel -p\u00e4iv\u00e4. Suomessa IW -toiminta k\u00e4ynnistyi 1958, jolloin J\u00e4rvenp\u00e4\u00e4h\u00e4n perustettiin ensimm\u00e4inen Inner Wheel -klubi.<\/p>\n<p>[\/et_pb_text][\/et_pb_column_inner][\/et_pb_row_inner][\/et_pb_column][et_pb_column type=&#8221;1_3&#8243;][et_pb_sidebar area=&#8221;sidebar-1&#8243; module_class=&#8221;sivupalkki_sisalto&#8221; _builder_version=&#8221;3.4.1&#8243; locked=&#8221;off&#8221;]<\/p>\n<p>[\/et_pb_sidebar][\/et_pb_column][\/et_pb_section]<\/p>\n","protected":false},"excerpt":{"rendered":"<p>Yhteisty\u00f6 Yhteisty\u00f6 Eurajoella Klubimme toimii aktiivisesti nuorisovaihdossa, menlippu tulevaisuuteen sek\u00e4 palvelu- ja hyv\u00e4ntekev\u00e4isyysprojekteissa. Ty\u00f6t\u00e4mme ovat tukeneet monet yhteisty\u00f6kumppanit. Klubimme nuorisovaihtotoimintaa ovat tukeneet\/tukevatEurajoen yhteiskoulu\u00a0Eurajoen lukio\u00a0Eurajoen Inner Wheel Matkalippu tulevaisuuteen-palveluprojektissa ty\u00f6t\u00e4mme ovat tukeneet\/tukevatEurajoen yhteiskoulu\u00a0Eurajoen Inner Wheel Eurajoen markkinat \/ Eurajoen Yritt\u00e4j\u00e4t Kiit\u00e4mme l\u00e4mpim\u00e4sti toimintamme tukijoita! Kun haluat osallistua rotareiden ty\u00f6h\u00f6n lahjoittamalla aikaasi tai varoja, ota yst\u00e4v\u00e4llisesti yhteytt\u00e4 [&hellip;]<\/p>\n","protected":false},"author":1,"featured_media":0,"parent":77,"menu_order":0,"comment_status":"closed","ping_status":"closed","template":"","meta":{"_acf_changed":false,"_et_pb_use_builder":"on","_et_pb_old_content":"","_et_gb_content_width":"","footnotes":""},"class_list":["post-165","page","type-page","status-publish","hentry"],"acf":[],"yoast_head":"<!-- This site is optimized with the Yoast SEO plugin v27.0 - https:\/\/yoast.com\/product\/yoast-seo-wordpress\/ -->\n<title>Yhteisty\u00f6 - Eurajoen Rotaryklubi<\/title>\n<meta name=\"robots\" content=\"index, follow, max-snippet:-1, max-image-preview:large, max-video-preview:-1\" \/>\n<link rel=\"canonical\" href=\"https:\/\/rotary.fi\/eurajoenrotaryklubi\/mita-teemme\/yhteistyo\/\" \/>\n<meta property=\"og:locale\" content=\"fi_FI\" \/>\n<meta property=\"og:type\" content=\"article\" \/>\n<meta property=\"og:title\" content=\"Yhteisty\u00f6 - Eurajoen Rotaryklubi\" \/>\n<meta property=\"og:description\" content=\"Yhteisty\u00f6 Yhteisty\u00f6 Eurajoella Klubimme toimii aktiivisesti nuorisovaihdossa, menlippu tulevaisuuteen sek\u00e4 palvelu- ja hyv\u00e4ntekev\u00e4isyysprojekteissa. Ty\u00f6t\u00e4mme ovat tukeneet monet yhteisty\u00f6kumppanit. Klubimme nuorisovaihtotoimintaa ovat tukeneet\/tukevatEurajoen yhteiskoulu\u00a0Eurajoen lukio\u00a0Eurajoen Inner Wheel Matkalippu tulevaisuuteen-palveluprojektissa ty\u00f6t\u00e4mme ovat tukeneet\/tukevatEurajoen yhteiskoulu\u00a0Eurajoen Inner Wheel Eurajoen markkinat \/ Eurajoen Yritt\u00e4j\u00e4t Kiit\u00e4mme l\u00e4mpim\u00e4sti toimintamme tukijoita! Kun haluat osallistua rotareiden ty\u00f6h\u00f6n lahjoittamalla aikaasi tai varoja, ota yst\u00e4v\u00e4llisesti yhteytt\u00e4 [&hellip;]\" \/>\n<meta property=\"og:url\" content=\"https:\/\/rotary.fi\/eurajoenrotaryklubi\/mita-teemme\/yhteistyo\/\" \/>\n<meta property=\"og:site_name\" content=\"Eurajoen Rotaryklubi\" \/>\n<meta property=\"article:modified_time\" content=\"2018-12-30T09:29:28+00:00\" \/>\n<meta name=\"twitter:card\" content=\"summary_large_image\" \/>\n<meta name=\"twitter:label1\" content=\"Arvioitu lukuaika\" \/>\n\t<meta name=\"twitter:data1\" content=\"2 minuuttia\" \/>\n<script type=\"application\/ld+json\" class=\"yoast-schema-graph\">{\"@context\":\"https:\/\/schema.org\",\"@graph\":[{\"@type\":\"WebPage\",\"@id\":\"https:\/\/rotary.fi\/eurajoenrotaryklubi\/mita-teemme\/yhteistyo\/\",\"url\":\"https:\/\/rotary.fi\/eurajoenrotaryklubi\/mita-teemme\/yhteistyo\/\",\"name\":\"Yhteisty\u00f6 - Eurajoen Rotaryklubi\",\"isPartOf\":{\"@id\":\"https:\/\/rotary.fi\/eurajoenrotaryklubi\/#website\"},\"datePublished\":\"2018-08-13T06:52:52+00:00\",\"dateModified\":\"2018-12-30T09:29:28+00:00\",\"breadcrumb\":{\"@id\":\"https:\/\/rotary.fi\/eurajoenrotaryklubi\/mita-teemme\/yhteistyo\/#breadcrumb\"},\"inLanguage\":\"fi\",\"potentialAction\":[{\"@type\":\"ReadAction\",\"target\":[\"https:\/\/rotary.fi\/eurajoenrotaryklubi\/mita-teemme\/yhteistyo\/\"]}]},{\"@type\":\"BreadcrumbList\",\"@id\":\"https:\/\/rotary.fi\/eurajoenrotaryklubi\/mita-teemme\/yhteistyo\/#breadcrumb\",\"itemListElement\":[{\"@type\":\"ListItem\",\"position\":1,\"name\":\"Home\",\"item\":\"https:\/\/rotary.fi\/eurajoenrotaryklubi\/\"},{\"@type\":\"ListItem\",\"position\":2,\"name\":\"Mit\u00e4 teemme\",\"item\":\"https:\/\/rotary.fi\/eurajoenrotaryklubi\/mita-teemme\/\"},{\"@type\":\"ListItem\",\"position\":3,\"name\":\"Yhteisty\u00f6\"}]},{\"@type\":\"WebSite\",\"@id\":\"https:\/\/rotary.fi\/eurajoenrotaryklubi\/#website\",\"url\":\"https:\/\/rotary.fi\/eurajoenrotaryklubi\/\",\"name\":\"Eurajoen Rotaryklubi\",\"description\":\"Uusi Rotary klubisivusto\",\"potentialAction\":[{\"@type\":\"SearchAction\",\"target\":{\"@type\":\"EntryPoint\",\"urlTemplate\":\"https:\/\/rotary.fi\/eurajoenrotaryklubi\/?s={search_term_string}\"},\"query-input\":{\"@type\":\"PropertyValueSpecification\",\"valueRequired\":true,\"valueName\":\"search_term_string\"}}],\"inLanguage\":\"fi\"}]}<\/script>\n<!-- \/ Yoast SEO plugin. -->","yoast_head_json":{"title":"Yhteisty\u00f6 - Eurajoen Rotaryklubi","robots":{"index":"index","follow":"follow","max-snippet":"max-snippet:-1","max-image-preview":"max-image-preview:large","max-video-preview":"max-video-preview:-1"},"canonical":"https:\/\/rotary.fi\/eurajoenrotaryklubi\/mita-teemme\/yhteistyo\/","og_locale":"fi_FI","og_type":"article","og_title":"Yhteisty\u00f6 - Eurajoen Rotaryklubi","og_description":"Yhteisty\u00f6 Yhteisty\u00f6 Eurajoella Klubimme toimii aktiivisesti nuorisovaihdossa, menlippu tulevaisuuteen sek\u00e4 palvelu- ja hyv\u00e4ntekev\u00e4isyysprojekteissa. Ty\u00f6t\u00e4mme ovat tukeneet monet yhteisty\u00f6kumppanit. Klubimme nuorisovaihtotoimintaa ovat tukeneet\/tukevatEurajoen yhteiskoulu\u00a0Eurajoen lukio\u00a0Eurajoen Inner Wheel Matkalippu tulevaisuuteen-palveluprojektissa ty\u00f6t\u00e4mme ovat tukeneet\/tukevatEurajoen yhteiskoulu\u00a0Eurajoen Inner Wheel Eurajoen markkinat \/ Eurajoen Yritt\u00e4j\u00e4t Kiit\u00e4mme l\u00e4mpim\u00e4sti toimintamme tukijoita! Kun haluat osallistua rotareiden ty\u00f6h\u00f6n lahjoittamalla aikaasi tai varoja, ota yst\u00e4v\u00e4llisesti yhteytt\u00e4 [&hellip;]","og_url":"https:\/\/rotary.fi\/eurajoenrotaryklubi\/mita-teemme\/yhteistyo\/","og_site_name":"Eurajoen Rotaryklubi","article_modified_time":"2018-12-30T09:29:28+00:00","twitter_card":"summary_large_image","twitter_misc":{"Arvioitu lukuaika":"2 minuuttia"},"schema":{"@context":"https:\/\/schema.org","@graph":[{"@type":"WebPage","@id":"https:\/\/rotary.fi\/eurajoenrotaryklubi\/mita-teemme\/yhteistyo\/","url":"https:\/\/rotary.fi\/eurajoenrotaryklubi\/mita-teemme\/yhteistyo\/","name":"Yhteisty\u00f6 - Eurajoen Rotaryklubi","isPartOf":{"@id":"https:\/\/rotary.fi\/eurajoenrotaryklubi\/#website"},"datePublished":"2018-08-13T06:52:52+00:00","dateModified":"2018-12-30T09:29:28+00:00","breadcrumb":{"@id":"https:\/\/rotary.fi\/eurajoenrotaryklubi\/mita-teemme\/yhteistyo\/#breadcrumb"},"inLanguage":"fi","potentialAction":[{"@type":"ReadAction","target":["https:\/\/rotary.fi\/eurajoenrotaryklubi\/mita-teemme\/yhteistyo\/"]}]},{"@type":"BreadcrumbList","@id":"https:\/\/rotary.fi\/eurajoenrotaryklubi\/mita-teemme\/yhteistyo\/#breadcrumb","itemListElement":[{"@type":"ListItem","position":1,"name":"Home","item":"https:\/\/rotary.fi\/eurajoenrotaryklubi\/"},{"@type":"ListItem","position":2,"name":"Mit\u00e4 teemme","item":"https:\/\/rotary.fi\/eurajoenrotaryklubi\/mita-teemme\/"},{"@type":"ListItem","position":3,"name":"Yhteisty\u00f6"}]},{"@type":"WebSite","@id":"https:\/\/rotary.fi\/eurajoenrotaryklubi\/#website","url":"https:\/\/rotary.fi\/eurajoenrotaryklubi\/","name":"Eurajoen Rotaryklubi","description":"Uusi Rotary klubisivusto","potentialAction":[{"@type":"SearchAction","target":{"@type":"EntryPoint","urlTemplate":"https:\/\/rotary.fi\/eurajoenrotaryklubi\/?s={search_term_string}"},"query-input":{"@type":"PropertyValueSpecification","valueRequired":true,"valueName":"search_term_string"}}],"inLanguage":"fi"}]}},"lang":"fi","translations":{"fi":165},"pll_sync_post":[],"_links":{"self":[{"href":"https:\/\/rotary.fi\/eurajoenrotaryklubi\/wp-json\/wp\/v2\/pages\/165","targetHints":{"allow":["GET"]}}],"collection":[{"href":"https:\/\/rotary.fi\/eurajoenrotaryklubi\/wp-json\/wp\/v2\/pages"}],"about":[{"href":"https:\/\/rotary.fi\/eurajoenrotaryklubi\/wp-json\/wp\/v2\/types\/page"}],"author":[{"embeddable":true,"href":"https:\/\/rotary.fi\/eurajoenrotaryklubi\/wp-json\/wp\/v2\/users\/1"}],"replies":[{"embeddable":true,"href":"https:\/\/rotary.fi\/eurajoenrotaryklubi\/wp-json\/wp\/v2\/comments?post=165"}],"version-history":[{"count":21,"href":"https:\/\/rotary.fi\/eurajoenrotaryklubi\/wp-json\/wp\/v2\/pages\/165\/revisions"}],"predecessor-version":[{"id":1694,"href":"https:\/\/rotary.fi\/eurajoenrotaryklubi\/wp-json\/wp\/v2\/pages\/165\/revisions\/1694"}],"up":[{"embeddable":true,"href":"https:\/\/rotary.fi\/eurajoenrotaryklubi\/wp-json\/wp\/v2\/pages\/77"}],"wp:attachment":[{"href":"https:\/\/rotary.fi\/eurajoenrotaryklubi\/wp-json\/wp\/v2\/media?parent=165"}],"curies":[{"name":"wp","href":"https:\/\/api.w.org\/{rel}","templated":true}]}}