{"id":156,"date":"2018-08-13T09:46:59","date_gmt":"2018-08-13T06:46:59","guid":{"rendered":"https:\/\/rotary.fi\/eurajoenrotaryklubi\/?page_id=156"},"modified":"2022-08-18T13:14:15","modified_gmt":"2022-08-18T10:14:15","slug":"projektit","status":"publish","type":"page","link":"https:\/\/rotary.fi\/eurajoenrotaryklubi\/mita-teemme\/projektit\/","title":{"rendered":"Projektit"},"content":{"rendered":"<p>[et_pb_section fb_built=&#8221;1&#8243; module_class=&#8221;jumbotron-page&#8221; _builder_version=&#8221;4.16&#8243; background_image=&#8221;https:\/\/rotary.fi\/eurajoenrotaryklubi\/wp-content\/uploads\/sites\/35\/2018\/12\/syyskuu-2017-loimaa.jpg&#8221; global_colors_info=&#8221;{}&#8221;][et_pb_row _builder_version=&#8221;4.16&#8243; background_size=&#8221;initial&#8221; background_position=&#8221;top_left&#8221; background_repeat=&#8221;repeat&#8221; global_colors_info=&#8221;{}&#8221;][et_pb_column type=&#8221;4_4&#8243; _builder_version=&#8221;4.16&#8243; custom_padding=&#8221;|||&#8221; global_colors_info=&#8221;{}&#8221; custom_padding__hover=&#8221;|||&#8221;][et_pb_text admin_label=&#8221;P\u00e4\u00e4otsikko&#8221; _builder_version=&#8221;4.16&#8243; text_orientation=&#8221;center&#8221; background_layout=&#8221;dark&#8221; global_colors_info=&#8221;{}&#8221;]<\/p>\n<h1>Projektit<\/h1>\n<p>[\/et_pb_text][\/et_pb_column][\/et_pb_row][\/et_pb_section][et_pb_section fb_built=&#8221;1&#8243; specialty=&#8221;on&#8221; module_class_2=&#8221;sivupalkki&#8221; _builder_version=&#8221;4.16&#8243; global_colors_info=&#8221;{}&#8221;][et_pb_column type=&#8221;2_3&#8243; specialty_columns=&#8221;2&#8243; _builder_version=&#8221;4.16&#8243; custom_padding=&#8221;|||&#8221; global_colors_info=&#8221;{}&#8221; custom_padding__hover=&#8221;|||&#8221;][et_pb_row_inner admin_label=&#8221;Rivi&#8221; _builder_version=&#8221;4.16&#8243; global_colors_info=&#8221;{}&#8221;][et_pb_column_inner saved_specialty_column_type=&#8221;2_3&#8243; _builder_version=&#8221;4.16&#8243; custom_padding=&#8221;|||&#8221; global_colors_info=&#8221;{}&#8221; custom_padding__hover=&#8221;|||&#8221;][et_pb_text admin_label=&#8221;Projektit &#8211; Otsikko&#8221; _builder_version=&#8221;4.16&#8243; text_orientation=&#8221;center&#8221; global_colors_info=&#8221;{}&#8221;]<\/p>\n<h1>Matkalippu tulevaisuuteen = tarjolla t\u00f6it\u00e4 ja tulevaisuus<\/h1>\n<p>[\/et_pb_text][et_pb_text _builder_version=&#8221;4.16&#8243; global_colors_info=&#8221;{}&#8221;]<\/p>\n<p>Ammattipalvelu on yksi Rotaryn palveluv\u00e4yl\u00e4st\u00e4, josta taas \u2019Matkalippu tulevaisuuteen\u2019 \u2013hyv\u00e4n k\u00e4yt\u00f6ksen kampanja on yksi palvelumuoto.<\/p>\n<p>Projekti on suunnattu Eurajoen Yhteiskoulun 9-luokkalaisille koko lukuvuoden kest\u00e4v\u00e4n\u00e4 projektina. Projektin tarkoitus on kannustaa nuoria hyv\u00e4\u00e4n k\u00e4yt\u00f6kseen ja huomioimaan toiset ihmiset, terveeseen itsetuntoon, sopeutumiseen sek\u00e4 korostaa ty\u00f6n tekemisen merkityst\u00e4, ja ohjata oikealle el\u00e4m\u00e4nuralle. <\/p>\n<p>Klubin tavoitteena on hankkia kes\u00e4ty\u00f6paikkoja nuorille yl\u00e4koulun 9. luokkalaisille. Yhteisty\u00f6ss\u00e4 koulun kanssa klubi palkitsee nuoria kes\u00e4ty\u00f6paikalla ja samalla rohkaisee nuorta ty\u00f6el\u00e4m\u00e4\u00e4n. Palkittavien oppilaiden valinnassa huomioidaan my\u00f6s ty\u00f6paikkoja antavien yritysten ja yritt\u00e4jien kriteerit, jotta pystyt\u00e4\u00e4n valitsemaan oikeat oppilaat oikeille paikoille.<\/p>\n<p>Oppilaille annetaan projektin aikana tietoa my\u00f6s toiminnasta ty\u00f6paikoilla, ja ohjataan mm. ty\u00f6nhakutilanteessa k\u00e4ytt\u00e4ytymiseen. Palkintona parhaiten k\u00e4ytt\u00e4ytyville, sek\u00e4 eniten k\u00e4yt\u00f6st\u00e4\u00e4n parantaneille oppilaille, on hyv\u00e4n mielen lis\u00e4ksi kunniakirja, ja mahdollinen kes\u00e4ty\u00f6paikka.<\/p>\n<p>Eurajoen Rotaryklubi ry toteuttaa projektin paikallisten yritysten ja oppilaitoksen opettajakunnan my\u00f6t\u00e4vaikutuksella.<\/p>\n<p>Matkalippu tulevaisuuteen aloitettiin Eurajoella vuonna 2015 ja on toteutettu vuosittain.<\/p>\n<p>[\/et_pb_text][et_pb_text _builder_version=&#8221;4.16&#8243; global_colors_info=&#8221;{}&#8221;]<\/p>\n<p>Ammattipalvelu on yksi Rotaryn palveluv\u00e4yl\u00e4st\u00e4, josta taas \u2019Matkalippu tulevaisuuteen\u2019 \u2013hyv\u00e4n k\u00e4yt\u00f6ksen kampanja on yksi palvelumuoto.<\/p>\n<p>Projekti on suunnattu Eurajoen Yhteiskoulun 9-luokkalaisille koko lukuvuoden kest\u00e4v\u00e4n\u00e4 projektina. Projektin tarkoitus on kannustaa nuoria hyv\u00e4\u00e4n k\u00e4yt\u00f6kseen ja huomioimaan toiset ihmiset, terveeseen itsetuntoon, sopeutumiseen sek\u00e4 korostaa ty\u00f6n tekemisen merkityst\u00e4, ja ohjata oikealle el\u00e4m\u00e4nuralle.<\/p>\n<p>Oppilaille annetaan projektin aikana tietoa my\u00f6s toiminnasta ty\u00f6paikoilla, ja ohjataan mm. ty\u00f6nhakutilanteessa k\u00e4ytt\u00e4ytymiseen. Palkintona parhaiten k\u00e4ytt\u00e4ytyville, sek\u00e4 eniten k\u00e4yt\u00f6st\u00e4\u00e4n parantaneille oppilaille, on hyv\u00e4n mielen lis\u00e4ksi kunniakirja, ja mahdollinen kes\u00e4ty\u00f6paikka.<\/p>\n<p>Eurajoen Rotaryklubi ry toteuttaa projektin paikallisten yritysten ja oppilaitoksen opettajakunnan my\u00f6t\u00e4vaikutuksella.<\/p>\n<p>Matkalippu tulevaisuuteen aloitettiin Eurajoella vuonna 2015 ja on toteutettu vuosittain.<\/p>\n<p>[\/et_pb_text][et_pb_text _builder_version=&#8221;4.16&#8243; z_index_tablet=&#8221;500&#8243; text_text_shadow_horizontal_length_tablet=&#8221;0px&#8221; text_text_shadow_vertical_length_tablet=&#8221;0px&#8221; text_text_shadow_blur_strength_tablet=&#8221;1px&#8221; link_text_shadow_horizontal_length_tablet=&#8221;0px&#8221; link_text_shadow_vertical_length_tablet=&#8221;0px&#8221; link_text_shadow_blur_strength_tablet=&#8221;1px&#8221; ul_text_shadow_horizontal_length_tablet=&#8221;0px&#8221; ul_text_shadow_vertical_length_tablet=&#8221;0px&#8221; ul_text_shadow_blur_strength_tablet=&#8221;1px&#8221; ol_text_shadow_horizontal_length_tablet=&#8221;0px&#8221; ol_text_shadow_vertical_length_tablet=&#8221;0px&#8221; ol_text_shadow_blur_strength_tablet=&#8221;1px&#8221; quote_text_shadow_horizontal_length_tablet=&#8221;0px&#8221; quote_text_shadow_vertical_length_tablet=&#8221;0px&#8221; quote_text_shadow_blur_strength_tablet=&#8221;1px&#8221; header_text_shadow_horizontal_length_tablet=&#8221;0px&#8221; header_text_shadow_vertical_length_tablet=&#8221;0px&#8221; header_text_shadow_blur_strength_tablet=&#8221;1px&#8221; header_2_text_shadow_horizontal_length_tablet=&#8221;0px&#8221; header_2_text_shadow_vertical_length_tablet=&#8221;0px&#8221; header_2_text_shadow_blur_strength_tablet=&#8221;1px&#8221; header_3_text_shadow_horizontal_length_tablet=&#8221;0px&#8221; header_3_text_shadow_vertical_length_tablet=&#8221;0px&#8221; header_3_text_shadow_blur_strength_tablet=&#8221;1px&#8221; header_4_text_shadow_horizontal_length_tablet=&#8221;0px&#8221; header_4_text_shadow_vertical_length_tablet=&#8221;0px&#8221; header_4_text_shadow_blur_strength_tablet=&#8221;1px&#8221; header_5_text_shadow_horizontal_length_tablet=&#8221;0px&#8221; header_5_text_shadow_vertical_length_tablet=&#8221;0px&#8221; header_5_text_shadow_blur_strength_tablet=&#8221;1px&#8221; header_6_text_shadow_horizontal_length_tablet=&#8221;0px&#8221; header_6_text_shadow_vertical_length_tablet=&#8221;0px&#8221; header_6_text_shadow_blur_strength_tablet=&#8221;1px&#8221; box_shadow_horizontal_tablet=&#8221;0px&#8221; box_shadow_vertical_tablet=&#8221;0px&#8221; box_shadow_blur_tablet=&#8221;40px&#8221; box_shadow_spread_tablet=&#8221;0px&#8221; global_colors_info=&#8221;{}&#8221;]<\/p>\n<h1>Matkalippu tulevaisuuteen 2020<\/h1>\n<p>Matkalippu tulevaisuuteen projekti keskeytettiin 1.4.2020 korona epidemian johdosta kes\u00e4ty\u00f6paikkojen osalta. Oppilaat palkitaan kuitenkin kunniakirjalla vuonna 2020. Ensi vuonna jatkamme projektia.<\/p>\n<h1>Matkalippu tulevaisuuteen 2019<\/h1>\n<p>Matkalippu tulevaisuuteen 2019 hupentui toukokuussa \u2018Ysi- (juhla) lounaaseen\u2019 ja kunniakirjojen jakoon Eurajoen opistolla. My\u00f6s Eurajoen Inner Wheel klubi oli ensi kertaa mukana kampanjassa. T\u00e4n\u00e4 vuonna kuusi onnellista ysiluokkalaista sai Eurajoen Rotarien\/Inner Wheelien v\u00e4lityksell\u00e4 kes\u00e4ty\u00f6paikan. Ty\u00f6aikojen pituus vaihtelee muutamasta viikosta koko kes\u00e4n pesteihin. Saavutus on hyv\u00e4, kun muistetaan, ett\u00e4 alussa luvattiin kes\u00e4t\u00f6it\u00e4 vain yhdelle tai kahdelle oppilaalle eli kasvua on tapahtunut vuosittain. Inner Wheelin mukaan ottamisessa oli my\u00f6s oma positiivinen vaikutuksensa asiaan. Kaikkiaan palkittiin kunniakirjalla 12 parhaiten k\u00e4yt\u00f6st\u00e4\u00e4n parantanutta oppilasta. Matkalippu tulevaisuuteen Timo Laine Mukana olivat Eurajoen Rotaryklubin President Antti Heikkil\u00e4, Inner Wheel Vappu Heikkil\u00e4 Kuvaaja oli P\u00e4ivi Sundholm.<\/p>\n<p>[\/et_pb_text][et_pb_image src=&#8221;https:\/\/rotary.fi\/eurajoenrotaryklubi\/wp-content\/uploads\/sites\/35\/2019\/07\/img_9414a.jpg&#8221; _builder_version=&#8221;4.16&#8243; z_index_tablet=&#8221;500&#8243; box_shadow_horizontal_tablet=&#8221;0px&#8221; box_shadow_vertical_tablet=&#8221;0px&#8221; box_shadow_blur_tablet=&#8221;40px&#8221; box_shadow_spread_tablet=&#8221;0px&#8221; global_colors_info=&#8221;{}&#8221;][\/et_pb_image][et_pb_image src=&#8221;https:\/\/rotary.fi\/eurajoenrotaryklubi\/wp-content\/uploads\/sites\/35\/2019\/07\/img_9385a.jpg&#8221; _builder_version=&#8221;4.16&#8243; z_index_tablet=&#8221;500&#8243; box_shadow_horizontal_tablet=&#8221;0px&#8221; box_shadow_vertical_tablet=&#8221;0px&#8221; box_shadow_blur_tablet=&#8221;40px&#8221; box_shadow_spread_tablet=&#8221;0px&#8221; global_colors_info=&#8221;{}&#8221;][\/et_pb_image][et_pb_image align_tablet=&#8221;center&#8221; align_phone=&#8221;&#8221; align_last_edited=&#8221;on|desktop&#8221; _builder_version=&#8221;4.16&#8243; global_colors_info=&#8221;{}&#8221;][\/et_pb_image][et_pb_text _builder_version=&#8221;4.17.4&#8243; hover_enabled=&#8221;0&#8243; global_colors_info=&#8221;{}&#8221; sticky_enabled=&#8221;0&#8243;][\/et_pb_text][et_pb_text _builder_version=&#8221;4.16&#8243; hover_enabled=&#8221;0&#8243; global_colors_info=&#8221;{}&#8221; sticky_enabled=&#8221;0&#8243;]<\/p>\n<p>Rotary on palveluj\u00e4rjest\u00f6. Toimimme tunnuslauseemme Palvelu itsekkyyden edelle (Service above self) mukaisesti paikallisesti ja maailmanlaajuisesti. Kansainv\u00e4linen humanit\u00e4\u00e4rinen palvelumme toteutuu Rotarys\u00e4\u00e4ti\u00f6mme koordinoimana ja hyv\u00e4ksyttyjen kumppaneiden kanssa.<\/p>\n<p>[\/et_pb_text][\/et_pb_column_inner][\/et_pb_row_inner][\/et_pb_column][et_pb_column type=&#8221;1_3&#8243; _builder_version=&#8221;4.16&#8243; custom_padding=&#8221;|||&#8221; global_colors_info=&#8221;{}&#8221; custom_padding__hover=&#8221;|||&#8221;][et_pb_sidebar area=&#8221;sidebar-1&#8243; module_class=&#8221;sivupalkki_sisalto&#8221; _builder_version=&#8221;4.16&#8243; locked=&#8221;on&#8221; global_colors_info=&#8221;{}&#8221;]<br \/>\n[\/et_pb_sidebar][\/et_pb_column][\/et_pb_section]<\/p>\n","protected":false},"excerpt":{"rendered":"<p>Projektit Matkalippu tulevaisuuteen = tarjolla t\u00f6it\u00e4 ja tulevaisuus Ammattipalvelu on yksi Rotaryn palveluv\u00e4yl\u00e4st\u00e4, josta taas \u2019Matkalippu tulevaisuuteen\u2019 \u2013hyv\u00e4n k\u00e4yt\u00f6ksen kampanja on yksi palvelumuoto. Projekti on suunnattu Eurajoen Yhteiskoulun 9-luokkalaisille koko lukuvuoden kest\u00e4v\u00e4n\u00e4 projektina. Projektin tarkoitus on kannustaa nuoria hyv\u00e4\u00e4n k\u00e4yt\u00f6kseen ja huomioimaan toiset ihmiset, terveeseen itsetuntoon, sopeutumiseen sek\u00e4 korostaa ty\u00f6n tekemisen merkityst\u00e4, ja ohjata oikealle [&hellip;]<\/p>\n","protected":false},"author":1,"featured_media":0,"parent":77,"menu_order":0,"comment_status":"closed","ping_status":"closed","template":"","meta":{"_acf_changed":false,"_et_pb_use_builder":"on","_et_pb_old_content":"","_et_gb_content_width":"","footnotes":""},"class_list":["post-156","page","type-page","status-publish","hentry"],"acf":[],"yoast_head":"<!-- This site is optimized with the Yoast SEO plugin v27.0 - https:\/\/yoast.com\/product\/yoast-seo-wordpress\/ -->\n<title>Projektit - Eurajoen Rotaryklubi<\/title>\n<meta name=\"robots\" content=\"index, follow, max-snippet:-1, max-image-preview:large, max-video-preview:-1\" \/>\n<link rel=\"canonical\" href=\"https:\/\/rotary.fi\/eurajoenrotaryklubi\/mita-teemme\/projektit\/\" \/>\n<meta property=\"og:locale\" content=\"fi_FI\" \/>\n<meta property=\"og:type\" content=\"article\" \/>\n<meta property=\"og:title\" content=\"Projektit - Eurajoen Rotaryklubi\" \/>\n<meta property=\"og:description\" content=\"Projektit Matkalippu tulevaisuuteen = tarjolla t\u00f6it\u00e4 ja tulevaisuus Ammattipalvelu on yksi Rotaryn palveluv\u00e4yl\u00e4st\u00e4, josta taas \u2019Matkalippu tulevaisuuteen\u2019 \u2013hyv\u00e4n k\u00e4yt\u00f6ksen kampanja on yksi palvelumuoto. Projekti on suunnattu Eurajoen Yhteiskoulun 9-luokkalaisille koko lukuvuoden kest\u00e4v\u00e4n\u00e4 projektina. Projektin tarkoitus on kannustaa nuoria hyv\u00e4\u00e4n k\u00e4yt\u00f6kseen ja huomioimaan toiset ihmiset, terveeseen itsetuntoon, sopeutumiseen sek\u00e4 korostaa ty\u00f6n tekemisen merkityst\u00e4, ja ohjata oikealle [&hellip;]\" \/>\n<meta property=\"og:url\" content=\"https:\/\/rotary.fi\/eurajoenrotaryklubi\/mita-teemme\/projektit\/\" \/>\n<meta property=\"og:site_name\" content=\"Eurajoen Rotaryklubi\" \/>\n<meta property=\"article:modified_time\" content=\"2022-08-18T10:14:15+00:00\" \/>\n<meta name=\"twitter:card\" content=\"summary_large_image\" \/>\n<meta name=\"twitter:label1\" content=\"Arvioitu lukuaika\" \/>\n\t<meta name=\"twitter:data1\" content=\"4 minuuttia\" \/>\n<script type=\"application\/ld+json\" class=\"yoast-schema-graph\">{\"@context\":\"https:\/\/schema.org\",\"@graph\":[{\"@type\":\"WebPage\",\"@id\":\"https:\/\/rotary.fi\/eurajoenrotaryklubi\/mita-teemme\/projektit\/\",\"url\":\"https:\/\/rotary.fi\/eurajoenrotaryklubi\/mita-teemme\/projektit\/\",\"name\":\"Projektit - Eurajoen Rotaryklubi\",\"isPartOf\":{\"@id\":\"https:\/\/rotary.fi\/eurajoenrotaryklubi\/#website\"},\"datePublished\":\"2018-08-13T06:46:59+00:00\",\"dateModified\":\"2022-08-18T10:14:15+00:00\",\"breadcrumb\":{\"@id\":\"https:\/\/rotary.fi\/eurajoenrotaryklubi\/mita-teemme\/projektit\/#breadcrumb\"},\"inLanguage\":\"fi\",\"potentialAction\":[{\"@type\":\"ReadAction\",\"target\":[\"https:\/\/rotary.fi\/eurajoenrotaryklubi\/mita-teemme\/projektit\/\"]}]},{\"@type\":\"BreadcrumbList\",\"@id\":\"https:\/\/rotary.fi\/eurajoenrotaryklubi\/mita-teemme\/projektit\/#breadcrumb\",\"itemListElement\":[{\"@type\":\"ListItem\",\"position\":1,\"name\":\"Home\",\"item\":\"https:\/\/rotary.fi\/eurajoenrotaryklubi\/\"},{\"@type\":\"ListItem\",\"position\":2,\"name\":\"Mit\u00e4 teemme\",\"item\":\"https:\/\/rotary.fi\/eurajoenrotaryklubi\/mita-teemme\/\"},{\"@type\":\"ListItem\",\"position\":3,\"name\":\"Projektit\"}]},{\"@type\":\"WebSite\",\"@id\":\"https:\/\/rotary.fi\/eurajoenrotaryklubi\/#website\",\"url\":\"https:\/\/rotary.fi\/eurajoenrotaryklubi\/\",\"name\":\"Eurajoen Rotaryklubi\",\"description\":\"Uusi Rotary klubisivusto\",\"potentialAction\":[{\"@type\":\"SearchAction\",\"target\":{\"@type\":\"EntryPoint\",\"urlTemplate\":\"https:\/\/rotary.fi\/eurajoenrotaryklubi\/?s={search_term_string}\"},\"query-input\":{\"@type\":\"PropertyValueSpecification\",\"valueRequired\":true,\"valueName\":\"search_term_string\"}}],\"inLanguage\":\"fi\"}]}<\/script>\n<!-- \/ Yoast SEO plugin. -->","yoast_head_json":{"title":"Projektit - Eurajoen Rotaryklubi","robots":{"index":"index","follow":"follow","max-snippet":"max-snippet:-1","max-image-preview":"max-image-preview:large","max-video-preview":"max-video-preview:-1"},"canonical":"https:\/\/rotary.fi\/eurajoenrotaryklubi\/mita-teemme\/projektit\/","og_locale":"fi_FI","og_type":"article","og_title":"Projektit - Eurajoen Rotaryklubi","og_description":"Projektit Matkalippu tulevaisuuteen = tarjolla t\u00f6it\u00e4 ja tulevaisuus Ammattipalvelu on yksi Rotaryn palveluv\u00e4yl\u00e4st\u00e4, josta taas \u2019Matkalippu tulevaisuuteen\u2019 \u2013hyv\u00e4n k\u00e4yt\u00f6ksen kampanja on yksi palvelumuoto. Projekti on suunnattu Eurajoen Yhteiskoulun 9-luokkalaisille koko lukuvuoden kest\u00e4v\u00e4n\u00e4 projektina. Projektin tarkoitus on kannustaa nuoria hyv\u00e4\u00e4n k\u00e4yt\u00f6kseen ja huomioimaan toiset ihmiset, terveeseen itsetuntoon, sopeutumiseen sek\u00e4 korostaa ty\u00f6n tekemisen merkityst\u00e4, ja ohjata oikealle [&hellip;]","og_url":"https:\/\/rotary.fi\/eurajoenrotaryklubi\/mita-teemme\/projektit\/","og_site_name":"Eurajoen Rotaryklubi","article_modified_time":"2022-08-18T10:14:15+00:00","twitter_card":"summary_large_image","twitter_misc":{"Arvioitu lukuaika":"4 minuuttia"},"schema":{"@context":"https:\/\/schema.org","@graph":[{"@type":"WebPage","@id":"https:\/\/rotary.fi\/eurajoenrotaryklubi\/mita-teemme\/projektit\/","url":"https:\/\/rotary.fi\/eurajoenrotaryklubi\/mita-teemme\/projektit\/","name":"Projektit - Eurajoen Rotaryklubi","isPartOf":{"@id":"https:\/\/rotary.fi\/eurajoenrotaryklubi\/#website"},"datePublished":"2018-08-13T06:46:59+00:00","dateModified":"2022-08-18T10:14:15+00:00","breadcrumb":{"@id":"https:\/\/rotary.fi\/eurajoenrotaryklubi\/mita-teemme\/projektit\/#breadcrumb"},"inLanguage":"fi","potentialAction":[{"@type":"ReadAction","target":["https:\/\/rotary.fi\/eurajoenrotaryklubi\/mita-teemme\/projektit\/"]}]},{"@type":"BreadcrumbList","@id":"https:\/\/rotary.fi\/eurajoenrotaryklubi\/mita-teemme\/projektit\/#breadcrumb","itemListElement":[{"@type":"ListItem","position":1,"name":"Home","item":"https:\/\/rotary.fi\/eurajoenrotaryklubi\/"},{"@type":"ListItem","position":2,"name":"Mit\u00e4 teemme","item":"https:\/\/rotary.fi\/eurajoenrotaryklubi\/mita-teemme\/"},{"@type":"ListItem","position":3,"name":"Projektit"}]},{"@type":"WebSite","@id":"https:\/\/rotary.fi\/eurajoenrotaryklubi\/#website","url":"https:\/\/rotary.fi\/eurajoenrotaryklubi\/","name":"Eurajoen Rotaryklubi","description":"Uusi Rotary klubisivusto","potentialAction":[{"@type":"SearchAction","target":{"@type":"EntryPoint","urlTemplate":"https:\/\/rotary.fi\/eurajoenrotaryklubi\/?s={search_term_string}"},"query-input":{"@type":"PropertyValueSpecification","valueRequired":true,"valueName":"search_term_string"}}],"inLanguage":"fi"}]}},"lang":"fi","translations":{"fi":156},"pll_sync_post":[],"_links":{"self":[{"href":"https:\/\/rotary.fi\/eurajoenrotaryklubi\/wp-json\/wp\/v2\/pages\/156","targetHints":{"allow":["GET"]}}],"collection":[{"href":"https:\/\/rotary.fi\/eurajoenrotaryklubi\/wp-json\/wp\/v2\/pages"}],"about":[{"href":"https:\/\/rotary.fi\/eurajoenrotaryklubi\/wp-json\/wp\/v2\/types\/page"}],"author":[{"embeddable":true,"href":"https:\/\/rotary.fi\/eurajoenrotaryklubi\/wp-json\/wp\/v2\/users\/1"}],"replies":[{"embeddable":true,"href":"https:\/\/rotary.fi\/eurajoenrotaryklubi\/wp-json\/wp\/v2\/comments?post=156"}],"version-history":[{"count":10,"href":"https:\/\/rotary.fi\/eurajoenrotaryklubi\/wp-json\/wp\/v2\/pages\/156\/revisions"}],"predecessor-version":[{"id":2375,"href":"https:\/\/rotary.fi\/eurajoenrotaryklubi\/wp-json\/wp\/v2\/pages\/156\/revisions\/2375"}],"up":[{"embeddable":true,"href":"https:\/\/rotary.fi\/eurajoenrotaryklubi\/wp-json\/wp\/v2\/pages\/77"}],"wp:attachment":[{"href":"https:\/\/rotary.fi\/eurajoenrotaryklubi\/wp-json\/wp\/v2\/media?parent=156"}],"curies":[{"name":"wp","href":"https:\/\/api.w.org\/{rel}","templated":true}]}}