{"id":142,"date":"2018-08-10T14:04:45","date_gmt":"2018-08-10T11:04:45","guid":{"rendered":"https:\/\/rotary.fi\/klubi2\/?page_id=142"},"modified":"2019-01-01T13:07:01","modified_gmt":"2019-01-01T11:07:01","slug":"ilo-esitella","status":"publish","type":"page","link":"https:\/\/rotary.fi\/eurajoenrotaryklubi\/keita-olemme\/ilo-esitella\/","title":{"rendered":"Ilo esitell\u00e4"},"content":{"rendered":"<p>[et_pb_section bb_built=&#8221;1&#8243; module_class=&#8221;jumbotron-page&#8221; _builder_version=&#8221;3.17.2&#8243; background_image=&#8221;https:\/\/rotary.fi\/eurajoenrotaryklubi\/wp-content\/uploads\/sites\/35\/2018\/10\/rotary_klubit_alasivu_paakuva_14.jpg&#8221; next_background_color=&#8221;#ffffff&#8221;][et_pb_row _builder_version=&#8221;3.0.48&#8243; background_size=&#8221;initial&#8221; background_position=&#8221;top_left&#8221; background_repeat=&#8221;repeat&#8221;][et_pb_column type=&#8221;4_4&#8243;][et_pb_text admin_label=&#8221;P\u00e4\u00e4otsikko&#8221; _builder_version=&#8221;3.17.6&#8243; text_orientation=&#8221;center&#8221; background_layout=&#8221;dark&#8221;]<\/p>\n<h1>Ilo esitell\u00e4 hyv\u00e4n el\u00e4m\u00e4n ev\u00e4\u00e4t Eurajoelta<\/h1>\n<p>[\/et_pb_text][\/et_pb_column][\/et_pb_row][\/et_pb_section][et_pb_section bb_built=&#8221;1&#8243; specialty=&#8221;on&#8221; module_class_2=&#8221;sivupalkki&#8221; _builder_version=&#8221;3.4.1&#8243; prev_background_color=&#8221;#000000&#8243;][et_pb_column type=&#8221;2_3&#8243; specialty_columns=&#8221;2&#8243;][et_pb_row_inner admin_label=&#8221;Rivi&#8221; _builder_version=&#8221;3.0.47&#8243;][et_pb_column_inner type=&#8221;4_4&#8243; saved_specialty_column_type=&#8221;2_3&#8243;][et_pb_text admin_label=&#8221;Ilo esitell\u00e4 &#8211; Otsikko&#8221; _builder_version=&#8221;3.17.6&#8243; text_orientation=&#8221;center&#8221;]<\/p>\n<h1>Ilo esitell\u00e4 Eurajoki<\/h1>\n<p>[\/et_pb_text][et_pb_image _builder_version=&#8221;3.17.6&#8243; src=&#8221;https:\/\/rotary.fi\/eurajoenrotaryklubi\/wp-content\/uploads\/sites\/35\/2018\/12\/2018-12-30-1.png&#8221; \/][et_pb_text _builder_version=&#8221;3.17.6&#8243;]<\/p>\n<p>Eurajoki on vauras ja hyvinvoiva kunta. Asukaslukumme on kehittynyt positiivisesti viimeisen kymmenen vuoden aikana. Vahvuuksiamme ovat hyv\u00e4 ty\u00f6tilanne, alhainen vero\u00e4yri, toimivat palvelut ja turvallinen asuinymp\u00e4rist\u00f6.\u00a0Tavoitteena on aktiivinen, hyvinvoiva ja omatoiminen kuntalainen.<\/p>\n<p>Tiesitk\u00f6, ett\u00e4 Eurajoella k\u00e4y joka vuosi yli 60\u00a0000 matkailijaa? Eurajoen kulttuuri- ja matkailupalveluja k\u00e4ytt\u00e4v\u00e4t omien kuntalaisten lis\u00e4ksi, kes\u00e4asukkaat, l\u00e4hialueella asuvat ja kunnassa vierailevat matkailijat. Tapahtumiin osallistuu vuosittain yhteens\u00e4 noin 20 000 ihmist\u00e4. My\u00f6s lapsille ja nuorille j\u00e4rjestet\u00e4\u00e4n omia erityistapahtumia. Matkailijat tulevat Eurajoelle etup\u00e4\u00e4ss\u00e4 tutustumaan mielenkiintoisiin ja historiallisiin vierailukohteisiin. Olkiluodossa edelleen jatkuva Euroopan suurin rakennushanke ja ydins\u00e4hk\u00f6n tuotanto kiinnostavat my\u00f6s matkailijoita.<\/p>\n<p>Varhaiskasvatuksen ja koulutoimen toiminta-ajatuksena on tarjota kuntalaisille laadukas ja tasapuolinen lakis\u00e4\u00e4teiset velvoitteet sek\u00e4 paikallisen omaleimaisuuden huomioonottava varhaiskasvatus, esiopetus ja peruskoulutus sek\u00e4 hyv\u00e4n jatko-opintokelpoisuuden tarjoava lukiokoulutus. Eurajoki tarjoaa kuntalaiselle ja vierailijalle monipuolisesti vapaa-ajan palveluja. T\u00e4\u00e4lt\u00e4 l\u00f6yd\u00e4t kulttuuria, liikuntaa sek\u00e4 nuorisotoimen palvelut unohtamatta kirjastoa.\u00a0Vilkas yhdistys- ja j\u00e4rjest\u00f6toiminta pit\u00e4\u00e4 kaikenik\u00e4iset aktiivisina.<\/p>\n<p>Eurajoki pyrkii toiminnallaan tukemaan yritt\u00e4jyytt\u00e4 ja yritysten toimintaedellytyksi\u00e4. Edist\u00e4mme m\u00e4\u00e4r\u00e4tietoisesti uusien ty\u00f6paikkojen syntymist\u00e4 ja p\u00e4\u00e4omavirtojen ohjautumista kunnan alueelle, sek\u00e4 tuemme nykyisten ty\u00f6paikkojen s\u00e4ilymist\u00e4 ja eurajokelaisten yritysten kehittymist\u00e4 toimien aktiivisesti yhteisty\u00f6ss\u00e4 Rauman seudun kanssa.<\/p>\n<p>Eurajoki on perustettu vuonna 1869<br \/>V\u00e4kiluku 1.1.2017:\u00a0\u00a09418<br \/>Pinta-ala\u00a01504,96 km<sup>2<\/sup><br \/>\u2013 josta maata\u00a0514,77 km<sup>2<\/sup><br \/>\u2013 josta makeaa vett\u00e4\u00a06,12 km<sup>2<\/sup><br \/>\u2013 josta merivett\u00e4\u00a0984,07 km<sup>2<\/sup><\/p>\n<p>Eurajoki sijaitsee Pohjanlahden rannalla Rauman pohjoispuolella ja on reilun 9400 asukkaan kunta Satakunnassa.\u00a0 Kunnan l\u00e4pi kulkee valtatie 8.\u00a0 Eurajoen kuntakeskuksesta on matkaa Raumalle 15 km, Poriin 35 km, Turkuun 105 km, Tampereelle 125 km ja Helsinkiin 240 km.<\/p>\n<p>Kunta tunnetaan kansainv\u00e4lisesti Olkiluotoon liittyvist\u00e4 rakennusprojekteista.<\/p>\n<p>Eurajoki haluaa pysy\u00e4 vetovoimaisena kuntana ja p\u00e4\u00e4m\u00e4\u00e4r\u00e4n\u00e4 onkin huolehtia kunnan elinvoimaisuudesta ja kuntalaisten hyvinvoinnista.\u00a0 Viihtyis\u00e4 ja rauhallinen elinymp\u00e4rist\u00f6 tarjoaa monipuolisia asumisvaihtoehtoja lyhyiden v\u00e4limatkojen p\u00e4\u00e4ss\u00e4.<\/p>\n<p>Lis\u00e4tietoja: <a href=\"http:\/\/www.eurajoki.fi\" target=\"_blank\" rel=\"noopener\">www.eurajoki.fi<\/a><\/p>\n<p>&nbsp;<\/p>\n<p>[\/et_pb_text][et_pb_image _builder_version=&#8221;3.17.6&#8243; src=&#8221;https:\/\/rotary.fi\/eurajoenrotaryklubi\/wp-content\/uploads\/sites\/35\/2018\/12\/eurajoen-kunta-logo-web-02.png&#8221; \/][\/et_pb_column_inner][\/et_pb_row_inner][\/et_pb_column][et_pb_column type=&#8221;1_3&#8243;][et_pb_sidebar area=&#8221;sidebar-1&#8243; module_class=&#8221;sivupalkki_sisalto&#8221; _builder_version=&#8221;3.4.1&#8243; locked=&#8221;on&#8221;]<\/p>\n<p>[\/et_pb_sidebar][\/et_pb_column][\/et_pb_section]<\/p>\n","protected":false},"excerpt":{"rendered":"<p>Ilo esitell\u00e4 hyv\u00e4n el\u00e4m\u00e4n ev\u00e4\u00e4t Eurajoelta Ilo esitell\u00e4 Eurajoki Eurajoki on vauras ja hyvinvoiva kunta. Asukaslukumme on kehittynyt positiivisesti viimeisen kymmenen vuoden aikana. Vahvuuksiamme ovat hyv\u00e4 ty\u00f6tilanne, alhainen vero\u00e4yri, toimivat palvelut ja turvallinen asuinymp\u00e4rist\u00f6.\u00a0Tavoitteena on aktiivinen, hyvinvoiva ja omatoiminen kuntalainen. Tiesitk\u00f6, ett\u00e4 Eurajoella k\u00e4y joka vuosi yli 60\u00a0000 matkailijaa? Eurajoen kulttuuri- ja matkailupalveluja k\u00e4ytt\u00e4v\u00e4t omien [&hellip;]<\/p>\n","protected":false},"author":1,"featured_media":0,"parent":129,"menu_order":0,"comment_status":"closed","ping_status":"closed","template":"","meta":{"_acf_changed":false,"_et_pb_use_builder":"on","_et_pb_old_content":"","_et_gb_content_width":"","footnotes":""},"class_list":["post-142","page","type-page","status-publish","hentry"],"acf":[],"yoast_head":"<!-- This site is optimized with the Yoast SEO plugin v27.0 - https:\/\/yoast.com\/product\/yoast-seo-wordpress\/ -->\n<title>Ilo esitell\u00e4 - Eurajoen Rotaryklubi<\/title>\n<meta name=\"robots\" content=\"index, follow, max-snippet:-1, max-image-preview:large, max-video-preview:-1\" \/>\n<link rel=\"canonical\" href=\"https:\/\/rotary.fi\/eurajoenrotaryklubi\/keita-olemme\/ilo-esitella\/\" \/>\n<meta property=\"og:locale\" content=\"fi_FI\" \/>\n<meta property=\"og:type\" content=\"article\" \/>\n<meta property=\"og:title\" content=\"Ilo esitell\u00e4 - Eurajoen Rotaryklubi\" \/>\n<meta property=\"og:description\" content=\"Ilo esitell\u00e4 hyv\u00e4n el\u00e4m\u00e4n ev\u00e4\u00e4t Eurajoelta Ilo esitell\u00e4 Eurajoki Eurajoki on vauras ja hyvinvoiva kunta. Asukaslukumme on kehittynyt positiivisesti viimeisen kymmenen vuoden aikana. Vahvuuksiamme ovat hyv\u00e4 ty\u00f6tilanne, alhainen vero\u00e4yri, toimivat palvelut ja turvallinen asuinymp\u00e4rist\u00f6.\u00a0Tavoitteena on aktiivinen, hyvinvoiva ja omatoiminen kuntalainen. Tiesitk\u00f6, ett\u00e4 Eurajoella k\u00e4y joka vuosi yli 60\u00a0000 matkailijaa? Eurajoen kulttuuri- ja matkailupalveluja k\u00e4ytt\u00e4v\u00e4t omien [&hellip;]\" \/>\n<meta property=\"og:url\" content=\"https:\/\/rotary.fi\/eurajoenrotaryklubi\/keita-olemme\/ilo-esitella\/\" \/>\n<meta property=\"og:site_name\" content=\"Eurajoen Rotaryklubi\" \/>\n<meta property=\"article:modified_time\" content=\"2019-01-01T11:07:01+00:00\" \/>\n<meta name=\"twitter:card\" content=\"summary_large_image\" \/>\n<meta name=\"twitter:label1\" content=\"Arvioitu lukuaika\" \/>\n\t<meta name=\"twitter:data1\" content=\"3 minuuttia\" \/>\n<script type=\"application\/ld+json\" class=\"yoast-schema-graph\">{\"@context\":\"https:\/\/schema.org\",\"@graph\":[{\"@type\":\"WebPage\",\"@id\":\"https:\/\/rotary.fi\/eurajoenrotaryklubi\/keita-olemme\/ilo-esitella\/\",\"url\":\"https:\/\/rotary.fi\/eurajoenrotaryklubi\/keita-olemme\/ilo-esitella\/\",\"name\":\"Ilo esitell\u00e4 - Eurajoen Rotaryklubi\",\"isPartOf\":{\"@id\":\"https:\/\/rotary.fi\/eurajoenrotaryklubi\/#website\"},\"datePublished\":\"2018-08-10T11:04:45+00:00\",\"dateModified\":\"2019-01-01T11:07:01+00:00\",\"breadcrumb\":{\"@id\":\"https:\/\/rotary.fi\/eurajoenrotaryklubi\/keita-olemme\/ilo-esitella\/#breadcrumb\"},\"inLanguage\":\"fi\",\"potentialAction\":[{\"@type\":\"ReadAction\",\"target\":[\"https:\/\/rotary.fi\/eurajoenrotaryklubi\/keita-olemme\/ilo-esitella\/\"]}]},{\"@type\":\"BreadcrumbList\",\"@id\":\"https:\/\/rotary.fi\/eurajoenrotaryklubi\/keita-olemme\/ilo-esitella\/#breadcrumb\",\"itemListElement\":[{\"@type\":\"ListItem\",\"position\":1,\"name\":\"Home\",\"item\":\"https:\/\/rotary.fi\/eurajoenrotaryklubi\/\"},{\"@type\":\"ListItem\",\"position\":2,\"name\":\"Keit\u00e4 olemme\",\"item\":\"https:\/\/rotary.fi\/eurajoenrotaryklubi\/keita-olemme\/\"},{\"@type\":\"ListItem\",\"position\":3,\"name\":\"Ilo esitell\u00e4\"}]},{\"@type\":\"WebSite\",\"@id\":\"https:\/\/rotary.fi\/eurajoenrotaryklubi\/#website\",\"url\":\"https:\/\/rotary.fi\/eurajoenrotaryklubi\/\",\"name\":\"Eurajoen Rotaryklubi\",\"description\":\"Uusi Rotary klubisivusto\",\"potentialAction\":[{\"@type\":\"SearchAction\",\"target\":{\"@type\":\"EntryPoint\",\"urlTemplate\":\"https:\/\/rotary.fi\/eurajoenrotaryklubi\/?s={search_term_string}\"},\"query-input\":{\"@type\":\"PropertyValueSpecification\",\"valueRequired\":true,\"valueName\":\"search_term_string\"}}],\"inLanguage\":\"fi\"}]}<\/script>\n<!-- \/ Yoast SEO plugin. -->","yoast_head_json":{"title":"Ilo esitell\u00e4 - Eurajoen Rotaryklubi","robots":{"index":"index","follow":"follow","max-snippet":"max-snippet:-1","max-image-preview":"max-image-preview:large","max-video-preview":"max-video-preview:-1"},"canonical":"https:\/\/rotary.fi\/eurajoenrotaryklubi\/keita-olemme\/ilo-esitella\/","og_locale":"fi_FI","og_type":"article","og_title":"Ilo esitell\u00e4 - Eurajoen Rotaryklubi","og_description":"Ilo esitell\u00e4 hyv\u00e4n el\u00e4m\u00e4n ev\u00e4\u00e4t Eurajoelta Ilo esitell\u00e4 Eurajoki Eurajoki on vauras ja hyvinvoiva kunta. Asukaslukumme on kehittynyt positiivisesti viimeisen kymmenen vuoden aikana. Vahvuuksiamme ovat hyv\u00e4 ty\u00f6tilanne, alhainen vero\u00e4yri, toimivat palvelut ja turvallinen asuinymp\u00e4rist\u00f6.\u00a0Tavoitteena on aktiivinen, hyvinvoiva ja omatoiminen kuntalainen. Tiesitk\u00f6, ett\u00e4 Eurajoella k\u00e4y joka vuosi yli 60\u00a0000 matkailijaa? Eurajoen kulttuuri- ja matkailupalveluja k\u00e4ytt\u00e4v\u00e4t omien [&hellip;]","og_url":"https:\/\/rotary.fi\/eurajoenrotaryklubi\/keita-olemme\/ilo-esitella\/","og_site_name":"Eurajoen Rotaryklubi","article_modified_time":"2019-01-01T11:07:01+00:00","twitter_card":"summary_large_image","twitter_misc":{"Arvioitu lukuaika":"3 minuuttia"},"schema":{"@context":"https:\/\/schema.org","@graph":[{"@type":"WebPage","@id":"https:\/\/rotary.fi\/eurajoenrotaryklubi\/keita-olemme\/ilo-esitella\/","url":"https:\/\/rotary.fi\/eurajoenrotaryklubi\/keita-olemme\/ilo-esitella\/","name":"Ilo esitell\u00e4 - Eurajoen Rotaryklubi","isPartOf":{"@id":"https:\/\/rotary.fi\/eurajoenrotaryklubi\/#website"},"datePublished":"2018-08-10T11:04:45+00:00","dateModified":"2019-01-01T11:07:01+00:00","breadcrumb":{"@id":"https:\/\/rotary.fi\/eurajoenrotaryklubi\/keita-olemme\/ilo-esitella\/#breadcrumb"},"inLanguage":"fi","potentialAction":[{"@type":"ReadAction","target":["https:\/\/rotary.fi\/eurajoenrotaryklubi\/keita-olemme\/ilo-esitella\/"]}]},{"@type":"BreadcrumbList","@id":"https:\/\/rotary.fi\/eurajoenrotaryklubi\/keita-olemme\/ilo-esitella\/#breadcrumb","itemListElement":[{"@type":"ListItem","position":1,"name":"Home","item":"https:\/\/rotary.fi\/eurajoenrotaryklubi\/"},{"@type":"ListItem","position":2,"name":"Keit\u00e4 olemme","item":"https:\/\/rotary.fi\/eurajoenrotaryklubi\/keita-olemme\/"},{"@type":"ListItem","position":3,"name":"Ilo esitell\u00e4"}]},{"@type":"WebSite","@id":"https:\/\/rotary.fi\/eurajoenrotaryklubi\/#website","url":"https:\/\/rotary.fi\/eurajoenrotaryklubi\/","name":"Eurajoen Rotaryklubi","description":"Uusi Rotary klubisivusto","potentialAction":[{"@type":"SearchAction","target":{"@type":"EntryPoint","urlTemplate":"https:\/\/rotary.fi\/eurajoenrotaryklubi\/?s={search_term_string}"},"query-input":{"@type":"PropertyValueSpecification","valueRequired":true,"valueName":"search_term_string"}}],"inLanguage":"fi"}]}},"lang":"fi","translations":{"fi":142},"pll_sync_post":[],"_links":{"self":[{"href":"https:\/\/rotary.fi\/eurajoenrotaryklubi\/wp-json\/wp\/v2\/pages\/142","targetHints":{"allow":["GET"]}}],"collection":[{"href":"https:\/\/rotary.fi\/eurajoenrotaryklubi\/wp-json\/wp\/v2\/pages"}],"about":[{"href":"https:\/\/rotary.fi\/eurajoenrotaryklubi\/wp-json\/wp\/v2\/types\/page"}],"author":[{"embeddable":true,"href":"https:\/\/rotary.fi\/eurajoenrotaryklubi\/wp-json\/wp\/v2\/users\/1"}],"replies":[{"embeddable":true,"href":"https:\/\/rotary.fi\/eurajoenrotaryklubi\/wp-json\/wp\/v2\/comments?post=142"}],"version-history":[{"count":19,"href":"https:\/\/rotary.fi\/eurajoenrotaryklubi\/wp-json\/wp\/v2\/pages\/142\/revisions"}],"predecessor-version":[{"id":1748,"href":"https:\/\/rotary.fi\/eurajoenrotaryklubi\/wp-json\/wp\/v2\/pages\/142\/revisions\/1748"}],"up":[{"embeddable":true,"href":"https:\/\/rotary.fi\/eurajoenrotaryklubi\/wp-json\/wp\/v2\/pages\/129"}],"wp:attachment":[{"href":"https:\/\/rotary.fi\/eurajoenrotaryklubi\/wp-json\/wp\/v2\/media?parent=142"}],"curies":[{"name":"wp","href":"https:\/\/api.w.org\/{rel}","templated":true}]}}