{"id":132,"date":"2018-08-10T13:59:56","date_gmt":"2018-08-10T10:59:56","guid":{"rendered":"https:\/\/rotary.fi\/klubi2\/?page_id=132"},"modified":"2024-09-01T22:33:09","modified_gmt":"2024-09-01T19:33:09","slug":"hallitus-ja-toimihenkilot","status":"publish","type":"page","link":"https:\/\/rotary.fi\/eurajoenrotaryklubi\/keita-olemme\/hallitus-ja-toimihenkilot\/","title":{"rendered":"Hallitus ja toimihenkil\u00f6t"},"content":{"rendered":"<p>[et_pb_section fb_built=&#8221;1&#8243; module_class=&#8221;jumbotron-page&#8221; _builder_version=&#8221;4.16&#8243; background_image=&#8221;https:\/\/rotary.fi\/eurajoenrotaryklubi\/wp-content\/uploads\/sites\/35\/2018\/12\/img_3578kopio.jpg&#8221; background_position=&#8221;top_right&#8221; global_colors_info=&#8221;{}&#8221;][et_pb_row _builder_version=&#8221;4.16&#8243; global_colors_info=&#8221;{}&#8221;][et_pb_column type=&#8221;4_4&#8243; _builder_version=&#8221;4.16&#8243; custom_padding=&#8221;|||&#8221; global_colors_info=&#8221;{}&#8221; custom_padding__hover=&#8221;|||&#8221;][et_pb_text _builder_version=&#8221;4.16&#8243; header_font=&#8221;||||||||&#8221; global_colors_info=&#8221;{}&#8221;]<br \/>\n[\/et_pb_text][\/et_pb_column][\/et_pb_row][\/et_pb_section][et_pb_section fb_built=&#8221;1&#8243; specialty=&#8221;on&#8221; module_class_2=&#8221;sivupalkki&#8221; _builder_version=&#8221;4.16&#8243; global_colors_info=&#8221;{}&#8221;][et_pb_column type=&#8221;2_3&#8243; specialty_columns=&#8221;2&#8243; _builder_version=&#8221;4.16&#8243; custom_padding=&#8221;|||&#8221; global_colors_info=&#8221;{}&#8221; custom_padding__hover=&#8221;|||&#8221;][et_pb_row_inner admin_label=&#8221;Rivi&#8221; _builder_version=&#8221;4.16&#8243; global_colors_info=&#8221;{}&#8221;][et_pb_column_inner saved_specialty_column_type=&#8221;2_3&#8243; _builder_version=&#8221;4.16&#8243; custom_padding=&#8221;|||&#8221; global_colors_info=&#8221;{}&#8221; parallax__hover=&#8221;off&#8221; parallax_method__hover=&#8221;on&#8221; custom_padding__hover=&#8221;|||&#8221;][et_pb_text admin_label=&#8221;Otsikko&#8221; _builder_version=&#8221;4.16&#8243; text_orientation=&#8221;center&#8221; global_colors_info=&#8221;{}&#8221;]<\/p>\n<h1>Hallitus ja toimihenkil\u00f6t<\/h1>\n<p>[\/et_pb_text][\/et_pb_column_inner][\/et_pb_row_inner][et_pb_row_inner column_structure=&#8221;1_2,1_2&#8243; admin_label=&#8221;Rivi&#8221; _builder_version=&#8221;4.16&#8243; global_colors_info=&#8221;{}&#8221;][et_pb_column_inner type=&#8221;1_2&#8243; saved_specialty_column_type=&#8221;2_3&#8243; _builder_version=&#8221;4.16&#8243; custom_padding=&#8221;|||&#8221; global_colors_info=&#8221;{}&#8221; parallax__hover=&#8221;off&#8221; parallax_method__hover=&#8221;on&#8221; custom_padding__hover=&#8221;|||&#8221;][et_pb_team_member name=&#8221;Mikko Kuusisto&#8221; position=&#8221;Presidentti&#8221; admin_label=&#8221;Presidentti&#8221; _builder_version=&#8221;4.27.0&#8243; z_index_tablet=&#8221;500&#8243; header_text_shadow_horizontal_length_tablet=&#8221;0px&#8221; header_text_shadow_vertical_length_tablet=&#8221;0px&#8221; header_text_shadow_blur_strength_tablet=&#8221;1px&#8221; body_text_shadow_horizontal_length_tablet=&#8221;0px&#8221; body_text_shadow_vertical_length_tablet=&#8221;0px&#8221; body_text_shadow_blur_strength_tablet=&#8221;1px&#8221; position_text_shadow_horizontal_length_tablet=&#8221;0px&#8221; position_text_shadow_vertical_length_tablet=&#8221;0px&#8221; position_text_shadow_blur_strength_tablet=&#8221;1px&#8221; body_link_text_shadow_horizontal_length_tablet=&#8221;0px&#8221; body_link_text_shadow_vertical_length_tablet=&#8221;0px&#8221; body_link_text_shadow_blur_strength_tablet=&#8221;1px&#8221; body_ul_text_shadow_horizontal_length_tablet=&#8221;0px&#8221; body_ul_text_shadow_vertical_length_tablet=&#8221;0px&#8221; body_ul_text_shadow_blur_strength_tablet=&#8221;1px&#8221; body_ol_text_shadow_horizontal_length_tablet=&#8221;0px&#8221; body_ol_text_shadow_vertical_length_tablet=&#8221;0px&#8221; body_ol_text_shadow_blur_strength_tablet=&#8221;1px&#8221; body_quote_text_shadow_horizontal_length_tablet=&#8221;0px&#8221; body_quote_text_shadow_vertical_length_tablet=&#8221;0px&#8221; body_quote_text_shadow_blur_strength_tablet=&#8221;1px&#8221; box_shadow_horizontal_tablet=&#8221;0px&#8221; box_shadow_vertical_tablet=&#8221;0px&#8221; box_shadow_blur_tablet=&#8221;40px&#8221; box_shadow_spread_tablet=&#8221;0px&#8221; box_shadow_horizontal_image_tablet=&#8221;0px&#8221; box_shadow_vertical_image_tablet=&#8221;0px&#8221; box_shadow_blur_image_tablet=&#8221;40px&#8221; box_shadow_spread_image_tablet=&#8221;0px&#8221; text_shadow_horizontal_length_tablet=&#8221;0px&#8221; text_shadow_vertical_length_tablet=&#8221;0px&#8221; text_shadow_blur_strength_tablet=&#8221;1px&#8221; global_colors_info=&#8221;{}&#8221;]<\/p>\n<p>Eurajoen Rotaryklubi<br \/>gsm. +358 40 012 8026<br \/>email. mikko.kuusisto@dnainternet.net<\/p>\n<p>[\/et_pb_team_member][et_pb_image src=&#8221;https:\/\/rotary.fi\/eurajoenrotaryklubi\/wp-content\/uploads\/sites\/35\/2024\/09\/mikkok2.jpg&#8221; title_text=&#8221;MikkoK2&#8243; _builder_version=&#8221;4.27.0&#8243; _module_preset=&#8221;default&#8221; global_colors_info=&#8221;{}&#8221;][\/et_pb_image][\/et_pb_column_inner][et_pb_column_inner type=&#8221;1_2&#8243; saved_specialty_column_type=&#8221;2_3&#8243; _builder_version=&#8221;4.16&#8243; custom_padding=&#8221;|||&#8221; global_colors_info=&#8221;{}&#8221; parallax__hover=&#8221;off&#8221; parallax_method__hover=&#8221;on&#8221; custom_padding__hover=&#8221;|||&#8221;][et_pb_text admin_label=&#8221;Teksti&#8221; _builder_version=&#8221;4.27.0&#8243; width=&#8221;80%&#8221; width_phone=&#8221;50px&#8221; max_width=&#8221;1080px&#8221; max_width_tablet=&#8221;100px&#8221; max_width_phone=&#8221;50px&#8221; hover_enabled=&#8221;0&#8243; z_index_tablet=&#8221;500&#8243; text_text_shadow_horizontal_length_tablet=&#8221;0px&#8221; text_text_shadow_vertical_length_tablet=&#8221;0px&#8221; text_text_shadow_blur_strength_tablet=&#8221;1px&#8221; link_text_shadow_horizontal_length_tablet=&#8221;0px&#8221; link_text_shadow_vertical_length_tablet=&#8221;0px&#8221; link_text_shadow_blur_strength_tablet=&#8221;1px&#8221; ul_text_shadow_horizontal_length_tablet=&#8221;0px&#8221; ul_text_shadow_vertical_length_tablet=&#8221;0px&#8221; ul_text_shadow_blur_strength_tablet=&#8221;1px&#8221; ol_text_shadow_horizontal_length_tablet=&#8221;0px&#8221; ol_text_shadow_vertical_length_tablet=&#8221;0px&#8221; ol_text_shadow_blur_strength_tablet=&#8221;1px&#8221; quote_text_shadow_horizontal_length_tablet=&#8221;0px&#8221; quote_text_shadow_vertical_length_tablet=&#8221;0px&#8221; quote_text_shadow_blur_strength_tablet=&#8221;1px&#8221; header_text_shadow_horizontal_length_tablet=&#8221;0px&#8221; header_text_shadow_vertical_length_tablet=&#8221;0px&#8221; header_text_shadow_blur_strength_tablet=&#8221;1px&#8221; header_2_text_shadow_horizontal_length_tablet=&#8221;0px&#8221; header_2_text_shadow_vertical_length_tablet=&#8221;0px&#8221; header_2_text_shadow_blur_strength_tablet=&#8221;1px&#8221; header_3_text_shadow_horizontal_length_tablet=&#8221;0px&#8221; header_3_text_shadow_vertical_length_tablet=&#8221;0px&#8221; header_3_text_shadow_blur_strength_tablet=&#8221;1px&#8221; header_4_text_shadow_horizontal_length_tablet=&#8221;0px&#8221; header_4_text_shadow_vertical_length_tablet=&#8221;0px&#8221; header_4_text_shadow_blur_strength_tablet=&#8221;1px&#8221; header_5_text_shadow_horizontal_length_tablet=&#8221;0px&#8221; header_5_text_shadow_vertical_length_tablet=&#8221;0px&#8221; header_5_text_shadow_blur_strength_tablet=&#8221;1px&#8221; header_6_text_shadow_horizontal_length_tablet=&#8221;0px&#8221; header_6_text_shadow_vertical_length_tablet=&#8221;0px&#8221; header_6_text_shadow_blur_strength_tablet=&#8221;1px&#8221; box_shadow_horizontal_tablet=&#8221;0px&#8221; box_shadow_vertical_tablet=&#8221;0px&#8221; box_shadow_blur_tablet=&#8221;40px&#8221; box_shadow_spread_tablet=&#8221;0px&#8221; global_colors_info=&#8221;{}&#8221; sticky_enabled=&#8221;0&#8243;]<\/p>\n<h2>Hallitus<\/h2>\n<p><strong>Presidentti 2024-2025 <\/strong>Mikko Kuusisto<strong><br \/><\/strong><strong>Varapresidentti<\/strong> Jouni Laaksonen<br \/><strong>Past presidentti<\/strong> Jarmo Sallilla<br \/><strong>1.sihteeri<\/strong> Sarianna Alhonm\u00e4ki<br \/><strong>Klubimestari<\/strong> Esa Lahtinen<br \/><strong>Rahastonhoitaja<\/strong> Risto Lasonen<br \/><strong>IT-vastaava | Viestint\u00e4<\/strong> Pentti Pere<br \/><strong>Some | Viestint\u00e4<\/strong> Erja Lindholm<\/p>\n<h2>J\u00e4senyyskomitea<\/h2>\n<p><strong>Puheenjohtaja<\/strong> Ilkka Heikkil\u00e4<br \/><strong>J\u00e4senet<\/strong><br \/>Mikko Kuusisto<br \/>Timo P\u00e4rssinen<br \/>Risto Lasonen<br \/>Timo Laine<\/p>\n<h2>Julkisuuskuvakomitea<\/h2>\n<p><strong>Puheenjohtaja<\/strong> Pentti Pere<br \/><strong>IT -vastaava<\/strong> Pentti Pere<br \/><strong>J\u00e4senet<\/strong><br \/>Timo Laine<br \/>Risto Lasonen<br \/>Arto Kankaanp\u00e4\u00e4<br \/>Erja Lindholm<\/p>\n<h2>Nuorisoasiamies<\/h2>\n<p><strong>Puheenjohtaja<\/strong> Katri Sild\u00e9n<br \/>Johanna Lemmetty<br \/>Jarmo Jasu<br \/>Jouni Laaksonen<\/p>\n<h2>Palvelukomitea | Rotarys\u00e4\u00e4ti\u00f6komitea<\/h2>\n<p><strong>Puheenjohtaja<\/strong>\u00a0Jarmo Sallilla<br \/><strong>J\u00e4senet<\/strong><br \/>Urpo Heinonen<br \/>Markku Suominen<br \/>Aulis Laukola<\/p>\n<h2>Toiminnantarkastajat ja varatoiminnantarkastaja<\/h2>\n<p>Toiminnantarkastaja Aulis Laukola<br \/>Toiminnantarkastaja Vesa Lakaniemi<br \/>Varatoiminnantarkastaja Hannu Kivikkola<\/p>\n<p>[\/et_pb_text][\/et_pb_column_inner][\/et_pb_row_inner][\/et_pb_column][et_pb_column type=&#8221;1_3&#8243; _builder_version=&#8221;4.16&#8243; custom_padding=&#8221;|||&#8221; global_colors_info=&#8221;{}&#8221; custom_padding__hover=&#8221;|||&#8221;][et_pb_sidebar area=&#8221;sidebar-1&#8243; module_class=&#8221;sivupalkki_sisalto&#8221; _builder_version=&#8221;4.16&#8243; locked=&#8221;on&#8221; global_colors_info=&#8221;{}&#8221;]<br \/>\n[\/et_pb_sidebar][\/et_pb_column][\/et_pb_section]<\/p>\n","protected":false},"excerpt":{"rendered":"<p>Hallitus ja toimihenkil\u00f6t Eurajoen Rotaryklubigsm. +358 40 012 8026email. mikko.kuusisto@dnainternet.netHallitus Presidentti 2024-2025 Mikko KuusistoVarapresidentti Jouni LaaksonenPast presidentti Jarmo Sallilla1.sihteeri Sarianna Alhonm\u00e4kiKlubimestari Esa LahtinenRahastonhoitaja Risto LasonenIT-vastaava | Viestint\u00e4 Pentti PereSome | Viestint\u00e4 Erja Lindholm J\u00e4senyyskomitea Puheenjohtaja Ilkka Heikkil\u00e4J\u00e4senetMikko KuusistoTimo P\u00e4rssinenRisto LasonenTimo Laine Julkisuuskuvakomitea Puheenjohtaja Pentti PereIT -vastaava Pentti PereJ\u00e4senetTimo LaineRisto LasonenArto Kankaanp\u00e4\u00e4Erja Lindholm Nuorisoasiamies Puheenjohtaja Katri [&hellip;]<\/p>\n","protected":false},"author":1,"featured_media":0,"parent":129,"menu_order":0,"comment_status":"closed","ping_status":"closed","template":"","meta":{"_acf_changed":false,"_et_pb_use_builder":"on","_et_pb_old_content":"","_et_gb_content_width":"","footnotes":""},"class_list":["post-132","page","type-page","status-publish","hentry"],"acf":[],"yoast_head":"<!-- This site is optimized with the Yoast SEO plugin v27.0 - https:\/\/yoast.com\/product\/yoast-seo-wordpress\/ -->\n<title>Hallitus ja toimihenkil\u00f6t - Eurajoen Rotaryklubi<\/title>\n<meta name=\"robots\" content=\"index, follow, max-snippet:-1, max-image-preview:large, max-video-preview:-1\" \/>\n<link rel=\"canonical\" href=\"https:\/\/rotary.fi\/eurajoenrotaryklubi\/keita-olemme\/hallitus-ja-toimihenkilot\/\" \/>\n<meta property=\"og:locale\" content=\"fi_FI\" \/>\n<meta property=\"og:type\" content=\"article\" \/>\n<meta property=\"og:title\" content=\"Hallitus ja toimihenkil\u00f6t - Eurajoen Rotaryklubi\" \/>\n<meta property=\"og:description\" content=\"Hallitus ja toimihenkil\u00f6t Eurajoen Rotaryklubigsm. +358 40 012 8026email. mikko.kuusisto@dnainternet.netHallitus Presidentti 2024-2025 Mikko KuusistoVarapresidentti Jouni LaaksonenPast presidentti Jarmo Sallilla1.sihteeri Sarianna Alhonm\u00e4kiKlubimestari Esa LahtinenRahastonhoitaja Risto LasonenIT-vastaava | Viestint\u00e4 Pentti PereSome | Viestint\u00e4 Erja Lindholm J\u00e4senyyskomitea Puheenjohtaja Ilkka Heikkil\u00e4J\u00e4senetMikko KuusistoTimo P\u00e4rssinenRisto LasonenTimo Laine Julkisuuskuvakomitea Puheenjohtaja Pentti PereIT -vastaava Pentti PereJ\u00e4senetTimo LaineRisto LasonenArto Kankaanp\u00e4\u00e4Erja Lindholm Nuorisoasiamies Puheenjohtaja Katri [&hellip;]\" \/>\n<meta property=\"og:url\" content=\"https:\/\/rotary.fi\/eurajoenrotaryklubi\/keita-olemme\/hallitus-ja-toimihenkilot\/\" \/>\n<meta property=\"og:site_name\" content=\"Eurajoen Rotaryklubi\" \/>\n<meta property=\"article:modified_time\" content=\"2024-09-01T19:33:09+00:00\" \/>\n<meta name=\"twitter:card\" content=\"summary_large_image\" \/>\n<meta name=\"twitter:label1\" content=\"Arvioitu lukuaika\" \/>\n\t<meta name=\"twitter:data1\" content=\"2 minuuttia\" \/>\n<script type=\"application\/ld+json\" class=\"yoast-schema-graph\">{\"@context\":\"https:\/\/schema.org\",\"@graph\":[{\"@type\":\"WebPage\",\"@id\":\"https:\/\/rotary.fi\/eurajoenrotaryklubi\/keita-olemme\/hallitus-ja-toimihenkilot\/\",\"url\":\"https:\/\/rotary.fi\/eurajoenrotaryklubi\/keita-olemme\/hallitus-ja-toimihenkilot\/\",\"name\":\"Hallitus ja toimihenkil\u00f6t - Eurajoen Rotaryklubi\",\"isPartOf\":{\"@id\":\"https:\/\/rotary.fi\/eurajoenrotaryklubi\/#website\"},\"datePublished\":\"2018-08-10T10:59:56+00:00\",\"dateModified\":\"2024-09-01T19:33:09+00:00\",\"breadcrumb\":{\"@id\":\"https:\/\/rotary.fi\/eurajoenrotaryklubi\/keita-olemme\/hallitus-ja-toimihenkilot\/#breadcrumb\"},\"inLanguage\":\"fi\",\"potentialAction\":[{\"@type\":\"ReadAction\",\"target\":[\"https:\/\/rotary.fi\/eurajoenrotaryklubi\/keita-olemme\/hallitus-ja-toimihenkilot\/\"]}]},{\"@type\":\"BreadcrumbList\",\"@id\":\"https:\/\/rotary.fi\/eurajoenrotaryklubi\/keita-olemme\/hallitus-ja-toimihenkilot\/#breadcrumb\",\"itemListElement\":[{\"@type\":\"ListItem\",\"position\":1,\"name\":\"Home\",\"item\":\"https:\/\/rotary.fi\/eurajoenrotaryklubi\/\"},{\"@type\":\"ListItem\",\"position\":2,\"name\":\"Keit\u00e4 olemme\",\"item\":\"https:\/\/rotary.fi\/eurajoenrotaryklubi\/keita-olemme\/\"},{\"@type\":\"ListItem\",\"position\":3,\"name\":\"Hallitus ja toimihenkil\u00f6t\"}]},{\"@type\":\"WebSite\",\"@id\":\"https:\/\/rotary.fi\/eurajoenrotaryklubi\/#website\",\"url\":\"https:\/\/rotary.fi\/eurajoenrotaryklubi\/\",\"name\":\"Eurajoen Rotaryklubi\",\"description\":\"Uusi Rotary klubisivusto\",\"potentialAction\":[{\"@type\":\"SearchAction\",\"target\":{\"@type\":\"EntryPoint\",\"urlTemplate\":\"https:\/\/rotary.fi\/eurajoenrotaryklubi\/?s={search_term_string}\"},\"query-input\":{\"@type\":\"PropertyValueSpecification\",\"valueRequired\":true,\"valueName\":\"search_term_string\"}}],\"inLanguage\":\"fi\"}]}<\/script>\n<!-- \/ Yoast SEO plugin. -->","yoast_head_json":{"title":"Hallitus ja toimihenkil\u00f6t - Eurajoen Rotaryklubi","robots":{"index":"index","follow":"follow","max-snippet":"max-snippet:-1","max-image-preview":"max-image-preview:large","max-video-preview":"max-video-preview:-1"},"canonical":"https:\/\/rotary.fi\/eurajoenrotaryklubi\/keita-olemme\/hallitus-ja-toimihenkilot\/","og_locale":"fi_FI","og_type":"article","og_title":"Hallitus ja toimihenkil\u00f6t - Eurajoen Rotaryklubi","og_description":"Hallitus ja toimihenkil\u00f6t Eurajoen Rotaryklubigsm. +358 40 012 8026email. mikko.kuusisto@dnainternet.netHallitus Presidentti 2024-2025 Mikko KuusistoVarapresidentti Jouni LaaksonenPast presidentti Jarmo Sallilla1.sihteeri Sarianna Alhonm\u00e4kiKlubimestari Esa LahtinenRahastonhoitaja Risto LasonenIT-vastaava | Viestint\u00e4 Pentti PereSome | Viestint\u00e4 Erja Lindholm J\u00e4senyyskomitea Puheenjohtaja Ilkka Heikkil\u00e4J\u00e4senetMikko KuusistoTimo P\u00e4rssinenRisto LasonenTimo Laine Julkisuuskuvakomitea Puheenjohtaja Pentti PereIT -vastaava Pentti PereJ\u00e4senetTimo LaineRisto LasonenArto Kankaanp\u00e4\u00e4Erja Lindholm Nuorisoasiamies Puheenjohtaja Katri [&hellip;]","og_url":"https:\/\/rotary.fi\/eurajoenrotaryklubi\/keita-olemme\/hallitus-ja-toimihenkilot\/","og_site_name":"Eurajoen Rotaryklubi","article_modified_time":"2024-09-01T19:33:09+00:00","twitter_card":"summary_large_image","twitter_misc":{"Arvioitu lukuaika":"2 minuuttia"},"schema":{"@context":"https:\/\/schema.org","@graph":[{"@type":"WebPage","@id":"https:\/\/rotary.fi\/eurajoenrotaryklubi\/keita-olemme\/hallitus-ja-toimihenkilot\/","url":"https:\/\/rotary.fi\/eurajoenrotaryklubi\/keita-olemme\/hallitus-ja-toimihenkilot\/","name":"Hallitus ja toimihenkil\u00f6t - Eurajoen Rotaryklubi","isPartOf":{"@id":"https:\/\/rotary.fi\/eurajoenrotaryklubi\/#website"},"datePublished":"2018-08-10T10:59:56+00:00","dateModified":"2024-09-01T19:33:09+00:00","breadcrumb":{"@id":"https:\/\/rotary.fi\/eurajoenrotaryklubi\/keita-olemme\/hallitus-ja-toimihenkilot\/#breadcrumb"},"inLanguage":"fi","potentialAction":[{"@type":"ReadAction","target":["https:\/\/rotary.fi\/eurajoenrotaryklubi\/keita-olemme\/hallitus-ja-toimihenkilot\/"]}]},{"@type":"BreadcrumbList","@id":"https:\/\/rotary.fi\/eurajoenrotaryklubi\/keita-olemme\/hallitus-ja-toimihenkilot\/#breadcrumb","itemListElement":[{"@type":"ListItem","position":1,"name":"Home","item":"https:\/\/rotary.fi\/eurajoenrotaryklubi\/"},{"@type":"ListItem","position":2,"name":"Keit\u00e4 olemme","item":"https:\/\/rotary.fi\/eurajoenrotaryklubi\/keita-olemme\/"},{"@type":"ListItem","position":3,"name":"Hallitus ja toimihenkil\u00f6t"}]},{"@type":"WebSite","@id":"https:\/\/rotary.fi\/eurajoenrotaryklubi\/#website","url":"https:\/\/rotary.fi\/eurajoenrotaryklubi\/","name":"Eurajoen Rotaryklubi","description":"Uusi Rotary klubisivusto","potentialAction":[{"@type":"SearchAction","target":{"@type":"EntryPoint","urlTemplate":"https:\/\/rotary.fi\/eurajoenrotaryklubi\/?s={search_term_string}"},"query-input":{"@type":"PropertyValueSpecification","valueRequired":true,"valueName":"search_term_string"}}],"inLanguage":"fi"}]}},"lang":"fi","translations":{"fi":132},"pll_sync_post":[],"_links":{"self":[{"href":"https:\/\/rotary.fi\/eurajoenrotaryklubi\/wp-json\/wp\/v2\/pages\/132","targetHints":{"allow":["GET"]}}],"collection":[{"href":"https:\/\/rotary.fi\/eurajoenrotaryklubi\/wp-json\/wp\/v2\/pages"}],"about":[{"href":"https:\/\/rotary.fi\/eurajoenrotaryklubi\/wp-json\/wp\/v2\/types\/page"}],"author":[{"embeddable":true,"href":"https:\/\/rotary.fi\/eurajoenrotaryklubi\/wp-json\/wp\/v2\/users\/1"}],"replies":[{"embeddable":true,"href":"https:\/\/rotary.fi\/eurajoenrotaryklubi\/wp-json\/wp\/v2\/comments?post=132"}],"version-history":[{"count":9,"href":"https:\/\/rotary.fi\/eurajoenrotaryklubi\/wp-json\/wp\/v2\/pages\/132\/revisions"}],"predecessor-version":[{"id":2610,"href":"https:\/\/rotary.fi\/eurajoenrotaryklubi\/wp-json\/wp\/v2\/pages\/132\/revisions\/2610"}],"up":[{"embeddable":true,"href":"https:\/\/rotary.fi\/eurajoenrotaryklubi\/wp-json\/wp\/v2\/pages\/129"}],"wp:attachment":[{"href":"https:\/\/rotary.fi\/eurajoenrotaryklubi\/wp-json\/wp\/v2\/media?parent=132"}],"curies":[{"name":"wp","href":"https:\/\/api.w.org\/{rel}","templated":true}]}}