{"id":276,"date":"2018-10-24T11:36:06","date_gmt":"2018-10-24T08:36:06","guid":{"rendered":"https:\/\/rotary.fi\/eura\/?page_id=276"},"modified":"2024-02-16T11:13:58","modified_gmt":"2024-02-16T09:13:58","slug":"olemme-osa-kansainvalista-rotarya","status":"publish","type":"page","link":"https:\/\/rotary.fi\/eura\/keita-olemme\/olemme-osa-kansainvalista-rotarya\/","title":{"rendered":"Olemme osa kansainv\u00e4list\u00e4 Rotarya"},"content":{"rendered":"<p>[et_pb_section fb_built=&#8221;1&#8243; module_class=&#8221;jumbotron-page&#8221; _builder_version=&#8221;4.16&#8243; background_image=&#8221;https:\/\/rotary.fi\/wp-content\/uploads\/2018\/04\/paakuva_liity_mukaan.jpg&#8221; global_colors_info=&#8221;{}&#8221;][et_pb_row _builder_version=&#8221;4.16&#8243; background_size=&#8221;initial&#8221; background_position=&#8221;top_left&#8221; background_repeat=&#8221;repeat&#8221; global_colors_info=&#8221;{}&#8221;][et_pb_column type=&#8221;4_4&#8243; _builder_version=&#8221;4.16&#8243; custom_padding=&#8221;|||&#8221; global_colors_info=&#8221;{}&#8221; custom_padding__hover=&#8221;|||&#8221;][et_pb_text admin_label=&#8221;P\u00e4\u00e4otsikko&#8221; _builder_version=&#8221;4.22.1&#8243; text_orientation=&#8221;center&#8221; background_layout=&#8221;dark&#8221; global_colors_info=&#8221;{}&#8221;]<\/p>\n<h1>Olemme osa kansainv\u00e4list\u00e4 Rotarya<\/h1>\n<p>[\/et_pb_text][\/et_pb_column][\/et_pb_row][\/et_pb_section][et_pb_section fb_built=&#8221;1&#8243; specialty=&#8221;on&#8221; module_class_2=&#8221;sivupalkki&#8221; _builder_version=&#8221;4.16&#8243; global_colors_info=&#8221;{}&#8221;][et_pb_column type=&#8221;2_3&#8243; specialty_columns=&#8221;2&#8243; _builder_version=&#8221;4.16&#8243; custom_padding=&#8221;|||&#8221; global_colors_info=&#8221;{}&#8221; custom_padding__hover=&#8221;|||&#8221;][et_pb_row_inner admin_label=&#8221;Rivi&#8221; _builder_version=&#8221;4.16&#8243; global_colors_info=&#8221;{}&#8221;][et_pb_column_inner saved_specialty_column_type=&#8221;2_3&#8243; _builder_version=&#8221;4.16&#8243; custom_padding=&#8221;|||&#8221; global_colors_info=&#8221;{}&#8221; custom_padding__hover=&#8221;|||&#8221;][et_pb_text admin_label=&#8221;Kiinnostaako j\u00e4senyys? &#8211; Otsikko ennen teksti\u00e4&#8221; _builder_version=&#8221;4.22.1&#8243; text_orientation=&#8221;center&#8221; global_colors_info=&#8221;{}&#8221;]<\/p>\n<h1>Olemme osa kansainv\u00e4list\u00e4 Rotarya<\/h1>\n<p>[\/et_pb_text][et_pb_text _builder_version=&#8221;4.22.1&#8243; global_colors_info=&#8221;{}&#8221;]<\/p>\n<p class=\"wP15\">Rotarien katto-organisatio on\u00a0<strong><span class=\"wT21\">Rotary International<\/span>\u00a0<\/strong>eli\u00a0<span class=\"wT1\">RI.\u00a0<\/span><\/p>\n<p class=\"wP15\">RI:n ylin p\u00e4\u00e4tt\u00e4v\u00e4 elin on sen vuosikokous,\u00a0<strong><span class=\"wT1\">maailmankonventio (<\/span><\/strong><span class=\"wT21\">Rotary International Convention)<\/span>, jonne jokaisella klubilla on oikeus l\u00e4hett\u00e4\u00e4 virallinen edustajansa, ja johon jokaisella rotarilla on oikeus osallistua my\u00f6s ep\u00e4virallisesti. RI:n kokouskieli on englanti.\u00a0<span class=\"wT11\">Maailmankonventioita j\u00e4rjestet\u00e4\u00e4n eri puolilla maailmaa: Houston 20<\/span><span class=\"wT13\">22<\/span><span class=\"wT11\">,\u00a0<\/span><span class=\"wT13\">Melbourne<\/span><span class=\"wT11\">\u00a020<\/span><span class=\"wT13\">23<\/span><span class=\"wT11\">,\u00a0<\/span><span class=\"wT13\">Singapore<\/span><span class=\"wT11\">\u00a020<\/span><span class=\"wT13\">24<\/span><span class=\"wT11\">,\u00a0<\/span><span class=\"wT13\">Calgary 2025<\/span><span class=\"wT11\">.\u00a0<\/span><\/p>\n<p class=\"wP15\">RI:n keulahahmo on vuosittain vaihtuva\u00a0<strong>presidentti<\/strong>\u00a0(<span class=\"wT21\">Rotary International President,\u00a0<\/span><span class=\"wT21\">RIP)<\/span>.<\/p>\n<p class=\"wP16\">RI:n toimeenpaneva elin on\u00a0<strong>hallitus<\/strong>\u00a0(Board), johon kuuluvat RI:n presidentti, tuleva presidentti ja 17 j\u00e4sent\u00e4 (Directors, RID).<\/p>\n<p class=\"wP15\">RI:n p\u00e4\u00e4konttori toimii\u00a0<strong><span class=\"wT1\">Evanstonissa<\/span><\/strong>\u00a0Illinoisissa l\u00e4hell\u00e4 Chicagoa. Siell\u00e4 ty\u00f6skentelee p\u00e4\u00e4sihteerin johdolla noin 530 toimihenkil\u00f6\u00e4.<\/p>\n<p class=\"wP15\">RI:ll\u00e4 on lis\u00e4ksi kuusi\u00a0<strong>aluetoimistoa<\/strong>\u00a0(<span class=\"wT21\">International Office<\/span>) eri puolilla maapalloa.\u00a0<span class=\"wT1\">Z\u00fcrichiss\u00e4<\/span>\u00a0sijaitsevassa Euroopan ja Afrikan toimistossa (<span class=\"wT1\">EAO<\/span>) on my\u00f6s suomen- ja ruotsinkielist\u00e4 henkil\u00f6kuntaa.<\/p>\n<p>[\/et_pb_text][\/et_pb_column_inner][\/et_pb_row_inner][et_pb_row_inner admin_label=&#8221;Rivi&#8221; _builder_version=&#8221;4.16&#8243; global_colors_info=&#8221;{}&#8221;][et_pb_column_inner saved_specialty_column_type=&#8221;2_3&#8243; _builder_version=&#8221;4.16&#8243; custom_padding=&#8221;|||&#8221; global_colors_info=&#8221;{}&#8221; custom_padding__hover=&#8221;|||&#8221;][et_pb_text admin_label=&#8221;Kymmenen hyv\u00e4\u00e4 syyt\u00e4 olla rotari &#8211; Otsikko&#8221; _builder_version=&#8221;4.22.1&#8243; text_orientation=&#8221;center&#8221; global_colors_info=&#8221;{}&#8221;][\/et_pb_text][et_pb_text _builder_version=&#8221;4.22.1&#8243; global_colors_info=&#8221;{}&#8221;]<\/p>\n<p class=\"p1\"><em><strong><span class=\"s1\"><\/p>\n<p><\/span><\/strong><\/em><\/p>\n<p>[\/et_pb_text][\/et_pb_column_inner][\/et_pb_row_inner][et_pb_row_inner admin_label=&#8221;Rivi&#8221; _builder_version=&#8221;4.16&#8243; global_colors_info=&#8221;{}&#8221;][et_pb_column_inner saved_specialty_column_type=&#8221;2_3&#8243; _builder_version=&#8221;4.16&#8243; custom_padding=&#8221;|||&#8221; global_colors_info=&#8221;{}&#8221; custom_padding__hover=&#8221;|||&#8221;][et_pb_text admin_label=&#8221;Nelj\u00e4n kysymyksen koe &#8211; Otsikko&#8221; _builder_version=&#8221;4.22.1&#8243; text_orientation=&#8221;center&#8221; hover_enabled=&#8221;0&#8243; global_colors_info=&#8221;{}&#8221; sticky_enabled=&#8221;0&#8243;][\/et_pb_text][et_pb_text _builder_version=&#8221;4.22.1&#8243; hover_enabled=&#8221;0&#8243; global_colors_info=&#8221;{}&#8221; sticky_enabled=&#8221;0&#8243;][\/et_pb_text][\/et_pb_column_inner][\/et_pb_row_inner][et_pb_row_inner admin_label=&#8221;Rivi&#8221; _builder_version=&#8221;4.16&#8243; global_colors_info=&#8221;{}&#8221;][et_pb_column_inner saved_specialty_column_type=&#8221;2_3&#8243; _builder_version=&#8221;4.16&#8243; custom_padding=&#8221;|||&#8221; global_colors_info=&#8221;{}&#8221; custom_padding__hover=&#8221;|||&#8221;][et_pb_button button_url=&#8221;https:\/\/rotary.fi\/eura\/tule-mukaan\/&#8221; button_text=&#8221;Tule mukaan&#8221; _builder_version=&#8221;4.16&#8243; global_colors_info=&#8221;{}&#8221;][\/et_pb_button][\/et_pb_column_inner][\/et_pb_row_inner][\/et_pb_column][et_pb_column type=&#8221;1_3&#8243; _builder_version=&#8221;4.16&#8243; custom_padding=&#8221;|||&#8221; global_colors_info=&#8221;{}&#8221; custom_padding__hover=&#8221;|||&#8221;][et_pb_sidebar area=&#8221;sidebar-1&#8243; module_class=&#8221;sivupalkki_sisalto&#8221; _builder_version=&#8221;4.16&#8243; locked=&#8221;on&#8221; global_colors_info=&#8221;{}&#8221;][\/et_pb_sidebar][\/et_pb_column][\/et_pb_section]<\/p>\n","protected":false},"excerpt":{"rendered":"<p>Olemme osa kansainv\u00e4list\u00e4 RotaryaOlemme osa kansainv\u00e4list\u00e4 RotaryaRotarien katto-organisatio on\u00a0Rotary International\u00a0eli\u00a0RI.\u00a0 RI:n ylin p\u00e4\u00e4tt\u00e4v\u00e4 elin on sen vuosikokous,\u00a0maailmankonventio (Rotary International Convention), jonne jokaisella klubilla on oikeus l\u00e4hett\u00e4\u00e4 virallinen edustajansa, ja johon jokaisella rotarilla on oikeus osallistua my\u00f6s ep\u00e4virallisesti. RI:n kokouskieli on englanti.\u00a0Maailmankonventioita j\u00e4rjestet\u00e4\u00e4n eri puolilla maailmaa: Houston 2022,\u00a0Melbourne\u00a02023,\u00a0Singapore\u00a02024,\u00a0Calgary 2025.\u00a0 RI:n keulahahmo on vuosittain vaihtuva\u00a0presidentti\u00a0(Rotary International President,\u00a0RIP). [&hellip;]<\/p>\n","protected":false},"author":1,"featured_media":0,"parent":129,"menu_order":0,"comment_status":"closed","ping_status":"closed","template":"","meta":{"_acf_changed":false,"_et_pb_use_builder":"on","_et_pb_old_content":"","_et_gb_content_width":"","footnotes":""},"class_list":["post-276","page","type-page","status-publish","hentry"],"acf":[],"yoast_head":"<!-- This site is optimized with the Yoast SEO plugin v27.4 - https:\/\/yoast.com\/product\/yoast-seo-wordpress\/ -->\n<title>Olemme osa kansainv\u00e4list\u00e4 Rotarya - Eura-S\u00e4kyl\u00e4n Rotaryklubi<\/title>\n<meta name=\"robots\" content=\"index, follow, max-snippet:-1, max-image-preview:large, max-video-preview:-1\" \/>\n<link rel=\"canonical\" href=\"https:\/\/rotary.fi\/eura\/keita-olemme\/olemme-osa-kansainvalista-rotarya\/\" \/>\n<meta property=\"og:locale\" content=\"fi_FI\" \/>\n<meta property=\"og:type\" content=\"article\" \/>\n<meta property=\"og:title\" content=\"Olemme osa kansainv\u00e4list\u00e4 Rotarya - Eura-S\u00e4kyl\u00e4n Rotaryklubi\" \/>\n<meta property=\"og:description\" content=\"Olemme osa kansainv\u00e4list\u00e4 RotaryaOlemme osa kansainv\u00e4list\u00e4 RotaryaRotarien katto-organisatio on\u00a0Rotary International\u00a0eli\u00a0RI.\u00a0 RI:n ylin p\u00e4\u00e4tt\u00e4v\u00e4 elin on sen vuosikokous,\u00a0maailmankonventio (Rotary International Convention), jonne jokaisella klubilla on oikeus l\u00e4hett\u00e4\u00e4 virallinen edustajansa, ja johon jokaisella rotarilla on oikeus osallistua my\u00f6s ep\u00e4virallisesti. RI:n kokouskieli on englanti.\u00a0Maailmankonventioita j\u00e4rjestet\u00e4\u00e4n eri puolilla maailmaa: Houston 2022,\u00a0Melbourne\u00a02023,\u00a0Singapore\u00a02024,\u00a0Calgary 2025.\u00a0 RI:n keulahahmo on vuosittain vaihtuva\u00a0presidentti\u00a0(Rotary International President,\u00a0RIP). [&hellip;]\" \/>\n<meta property=\"og:url\" content=\"https:\/\/rotary.fi\/eura\/keita-olemme\/olemme-osa-kansainvalista-rotarya\/\" \/>\n<meta property=\"og:site_name\" content=\"Eura-S\u00e4kyl\u00e4n Rotaryklubi\" \/>\n<meta property=\"article:modified_time\" content=\"2024-02-16T09:13:58+00:00\" \/>\n<meta name=\"twitter:card\" content=\"summary_large_image\" \/>\n<meta name=\"twitter:label1\" content=\"Arvioitu lukuaika\" \/>\n\t<meta name=\"twitter:data1\" content=\"2 minuuttia\" \/>\n<script type=\"application\/ld+json\" class=\"yoast-schema-graph\">{\"@context\":\"https:\\\/\\\/schema.org\",\"@graph\":[{\"@type\":\"WebPage\",\"@id\":\"https:\\\/\\\/rotary.fi\\\/eura\\\/keita-olemme\\\/olemme-osa-kansainvalista-rotarya\\\/\",\"url\":\"https:\\\/\\\/rotary.fi\\\/eura\\\/keita-olemme\\\/olemme-osa-kansainvalista-rotarya\\\/\",\"name\":\"Olemme osa kansainv\u00e4list\u00e4 Rotarya - Eura-S\u00e4kyl\u00e4n Rotaryklubi\",\"isPartOf\":{\"@id\":\"https:\\\/\\\/rotary.fi\\\/eura\\\/#website\"},\"datePublished\":\"2018-10-24T08:36:06+00:00\",\"dateModified\":\"2024-02-16T09:13:58+00:00\",\"breadcrumb\":{\"@id\":\"https:\\\/\\\/rotary.fi\\\/eura\\\/keita-olemme\\\/olemme-osa-kansainvalista-rotarya\\\/#breadcrumb\"},\"inLanguage\":\"fi\",\"potentialAction\":[{\"@type\":\"ReadAction\",\"target\":[\"https:\\\/\\\/rotary.fi\\\/eura\\\/keita-olemme\\\/olemme-osa-kansainvalista-rotarya\\\/\"]}]},{\"@type\":\"BreadcrumbList\",\"@id\":\"https:\\\/\\\/rotary.fi\\\/eura\\\/keita-olemme\\\/olemme-osa-kansainvalista-rotarya\\\/#breadcrumb\",\"itemListElement\":[{\"@type\":\"ListItem\",\"position\":1,\"name\":\"Home\",\"item\":\"https:\\\/\\\/rotary.fi\\\/eura\\\/\"},{\"@type\":\"ListItem\",\"position\":2,\"name\":\"Keit\u00e4 olemme\",\"item\":\"https:\\\/\\\/rotary.fi\\\/eura\\\/keita-olemme\\\/\"},{\"@type\":\"ListItem\",\"position\":3,\"name\":\"Olemme osa kansainv\u00e4list\u00e4 Rotarya\"}]},{\"@type\":\"WebSite\",\"@id\":\"https:\\\/\\\/rotary.fi\\\/eura\\\/#website\",\"url\":\"https:\\\/\\\/rotary.fi\\\/eura\\\/\",\"name\":\"Euran Rotaryklubi\",\"description\":\"Rotary klubisivusto\",\"publisher\":{\"@id\":\"https:\\\/\\\/rotary.fi\\\/eura\\\/#organization\"},\"potentialAction\":[{\"@type\":\"SearchAction\",\"target\":{\"@type\":\"EntryPoint\",\"urlTemplate\":\"https:\\\/\\\/rotary.fi\\\/eura\\\/?s={search_term_string}\"},\"query-input\":{\"@type\":\"PropertyValueSpecification\",\"valueRequired\":true,\"valueName\":\"search_term_string\"}}],\"inLanguage\":\"fi\"},{\"@type\":\"Organization\",\"@id\":\"https:\\\/\\\/rotary.fi\\\/eura\\\/#organization\",\"name\":\"Euran Rotaryklubi\",\"url\":\"https:\\\/\\\/rotary.fi\\\/eura\\\/\",\"logo\":{\"@type\":\"ImageObject\",\"inLanguage\":\"fi\",\"@id\":\"https:\\\/\\\/rotary.fi\\\/eura\\\/#\\\/schema\\\/logo\\\/image\\\/\",\"url\":\"https:\\\/\\\/rotary.fi\\\/eura\\\/wp-content\\\/uploads\\\/sites\\\/93\\\/2018\\\/08\\\/rotary-logo-main-2.png\",\"contentUrl\":\"https:\\\/\\\/rotary.fi\\\/eura\\\/wp-content\\\/uploads\\\/sites\\\/93\\\/2018\\\/08\\\/rotary-logo-main-2.png\",\"width\":135,\"height\":52,\"caption\":\"Euran Rotaryklubi\"},\"image\":{\"@id\":\"https:\\\/\\\/rotary.fi\\\/eura\\\/#\\\/schema\\\/logo\\\/image\\\/\"}}]}<\/script>\n<!-- \/ Yoast SEO plugin. -->","yoast_head_json":{"title":"Olemme osa kansainv\u00e4list\u00e4 Rotarya - Eura-S\u00e4kyl\u00e4n Rotaryklubi","robots":{"index":"index","follow":"follow","max-snippet":"max-snippet:-1","max-image-preview":"max-image-preview:large","max-video-preview":"max-video-preview:-1"},"canonical":"https:\/\/rotary.fi\/eura\/keita-olemme\/olemme-osa-kansainvalista-rotarya\/","og_locale":"fi_FI","og_type":"article","og_title":"Olemme osa kansainv\u00e4list\u00e4 Rotarya - Eura-S\u00e4kyl\u00e4n Rotaryklubi","og_description":"Olemme osa kansainv\u00e4list\u00e4 RotaryaOlemme osa kansainv\u00e4list\u00e4 RotaryaRotarien katto-organisatio on\u00a0Rotary International\u00a0eli\u00a0RI.\u00a0 RI:n ylin p\u00e4\u00e4tt\u00e4v\u00e4 elin on sen vuosikokous,\u00a0maailmankonventio (Rotary International Convention), jonne jokaisella klubilla on oikeus l\u00e4hett\u00e4\u00e4 virallinen edustajansa, ja johon jokaisella rotarilla on oikeus osallistua my\u00f6s ep\u00e4virallisesti. RI:n kokouskieli on englanti.\u00a0Maailmankonventioita j\u00e4rjestet\u00e4\u00e4n eri puolilla maailmaa: Houston 2022,\u00a0Melbourne\u00a02023,\u00a0Singapore\u00a02024,\u00a0Calgary 2025.\u00a0 RI:n keulahahmo on vuosittain vaihtuva\u00a0presidentti\u00a0(Rotary International President,\u00a0RIP). [&hellip;]","og_url":"https:\/\/rotary.fi\/eura\/keita-olemme\/olemme-osa-kansainvalista-rotarya\/","og_site_name":"Eura-S\u00e4kyl\u00e4n Rotaryklubi","article_modified_time":"2024-02-16T09:13:58+00:00","twitter_card":"summary_large_image","twitter_misc":{"Arvioitu lukuaika":"2 minuuttia"},"schema":{"@context":"https:\/\/schema.org","@graph":[{"@type":"WebPage","@id":"https:\/\/rotary.fi\/eura\/keita-olemme\/olemme-osa-kansainvalista-rotarya\/","url":"https:\/\/rotary.fi\/eura\/keita-olemme\/olemme-osa-kansainvalista-rotarya\/","name":"Olemme osa kansainv\u00e4list\u00e4 Rotarya - Eura-S\u00e4kyl\u00e4n Rotaryklubi","isPartOf":{"@id":"https:\/\/rotary.fi\/eura\/#website"},"datePublished":"2018-10-24T08:36:06+00:00","dateModified":"2024-02-16T09:13:58+00:00","breadcrumb":{"@id":"https:\/\/rotary.fi\/eura\/keita-olemme\/olemme-osa-kansainvalista-rotarya\/#breadcrumb"},"inLanguage":"fi","potentialAction":[{"@type":"ReadAction","target":["https:\/\/rotary.fi\/eura\/keita-olemme\/olemme-osa-kansainvalista-rotarya\/"]}]},{"@type":"BreadcrumbList","@id":"https:\/\/rotary.fi\/eura\/keita-olemme\/olemme-osa-kansainvalista-rotarya\/#breadcrumb","itemListElement":[{"@type":"ListItem","position":1,"name":"Home","item":"https:\/\/rotary.fi\/eura\/"},{"@type":"ListItem","position":2,"name":"Keit\u00e4 olemme","item":"https:\/\/rotary.fi\/eura\/keita-olemme\/"},{"@type":"ListItem","position":3,"name":"Olemme osa kansainv\u00e4list\u00e4 Rotarya"}]},{"@type":"WebSite","@id":"https:\/\/rotary.fi\/eura\/#website","url":"https:\/\/rotary.fi\/eura\/","name":"Euran Rotaryklubi","description":"Rotary klubisivusto","publisher":{"@id":"https:\/\/rotary.fi\/eura\/#organization"},"potentialAction":[{"@type":"SearchAction","target":{"@type":"EntryPoint","urlTemplate":"https:\/\/rotary.fi\/eura\/?s={search_term_string}"},"query-input":{"@type":"PropertyValueSpecification","valueRequired":true,"valueName":"search_term_string"}}],"inLanguage":"fi"},{"@type":"Organization","@id":"https:\/\/rotary.fi\/eura\/#organization","name":"Euran Rotaryklubi","url":"https:\/\/rotary.fi\/eura\/","logo":{"@type":"ImageObject","inLanguage":"fi","@id":"https:\/\/rotary.fi\/eura\/#\/schema\/logo\/image\/","url":"https:\/\/rotary.fi\/eura\/wp-content\/uploads\/sites\/93\/2018\/08\/rotary-logo-main-2.png","contentUrl":"https:\/\/rotary.fi\/eura\/wp-content\/uploads\/sites\/93\/2018\/08\/rotary-logo-main-2.png","width":135,"height":52,"caption":"Euran Rotaryklubi"},"image":{"@id":"https:\/\/rotary.fi\/eura\/#\/schema\/logo\/image\/"}}]}},"lang":"fi","translations":{"fi":276},"pll_sync_post":[],"_links":{"self":[{"href":"https:\/\/rotary.fi\/eura\/wp-json\/wp\/v2\/pages\/276","targetHints":{"allow":["GET"]}}],"collection":[{"href":"https:\/\/rotary.fi\/eura\/wp-json\/wp\/v2\/pages"}],"about":[{"href":"https:\/\/rotary.fi\/eura\/wp-json\/wp\/v2\/types\/page"}],"author":[{"embeddable":true,"href":"https:\/\/rotary.fi\/eura\/wp-json\/wp\/v2\/users\/1"}],"replies":[{"embeddable":true,"href":"https:\/\/rotary.fi\/eura\/wp-json\/wp\/v2\/comments?post=276"}],"version-history":[{"count":9,"href":"https:\/\/rotary.fi\/eura\/wp-json\/wp\/v2\/pages\/276\/revisions"}],"predecessor-version":[{"id":1846,"href":"https:\/\/rotary.fi\/eura\/wp-json\/wp\/v2\/pages\/276\/revisions\/1846"}],"up":[{"embeddable":true,"href":"https:\/\/rotary.fi\/eura\/wp-json\/wp\/v2\/pages\/129"}],"wp:attachment":[{"href":"https:\/\/rotary.fi\/eura\/wp-json\/wp\/v2\/media?parent=276"}],"curies":[{"name":"wp","href":"https:\/\/api.w.org\/{rel}","templated":true}]}}