{"id":186,"date":"2018-08-13T11:06:59","date_gmt":"2018-08-13T08:06:59","guid":{"rendered":"https:\/\/rotary.fi\/eura\/?page_id=186"},"modified":"2025-08-27T17:55:27","modified_gmt":"2025-08-27T14:55:27","slug":"tapahtumakalenteri","status":"publish","type":"page","link":"https:\/\/rotary.fi\/eura\/ajankohtaista\/tapahtumakalenteri\/","title":{"rendered":"Tapahtumakalenteri"},"content":{"rendered":"<p>[et_pb_section bb_built=&#8221;1&#8243; _builder_version=&#8221;3.17.2&#8243; background_image=&#8221;https:\/\/rotary.fi\/eura\/wp-content\/uploads\/sites\/93\/2018\/10\/rotary_klubit_alasivu_paakuva_12.jpg&#8221; next_background_color=&#8221;#ffffff&#8221; module_class=&#8221;jumbotron-page&#8221;][et_pb_row][et_pb_column type=&#8221;4_4&#8243;][et_pb_text admin_label=&#8221;P\u00e4\u00e4otsikko&#8221; _builder_version=&#8221;3.4.1&#8243; text_orientation=&#8221;center&#8221; background_layout=&#8221;dark&#8221;]<\/p>\n<h1>Tapahtumakalenteri<\/h1>\n<p>[\/et_pb_text][\/et_pb_column][\/et_pb_row][\/et_pb_section][et_pb_section bb_built=&#8221;1&#8243; specialty=&#8221;on&#8221; prev_background_color=&#8221;#000000&#8243; _builder_version=&#8221;3.4.1&#8243; module_class_2=&#8221;sivupalkki&#8221; locked=&#8221;off&#8221;][et_pb_column type=&#8221;2_3&#8243; specialty_columns=&#8221;2&#8243;][et_pb_row_inner admin_label=&#8221;Rivi&#8221; parent_locked=&#8221;off&#8221; locked=&#8221;off&#8221;][et_pb_column_inner type=&#8221;4_4&#8243; saved_specialty_column_type=&#8221;2_3&#8243;][et_pb_text admin_label=&#8221;Otsikko&#8221; _builder_version=&#8221;3.19.5&#8243; text_orientation=&#8221;center&#8221; parent_locked=&#8221;off&#8221;]<\/p>\n<h1>Tulevia tapahtumia<\/h1>\n<p>[\/et_pb_text][et_pb_code admin_label=&#8221;Tulevien tapahtumien listaus&#8221; _builder_version=&#8221;3.19.5&#8243; module_class=&#8221;kaikki_ajankohtaiset&#8221; locked=&#8221;off&#8221; parent_locked=&#8221;off&#8221;]<div class=\"em em-view-container\" id=\"em-view-1428930347\" data-view=\"list\">\r\n\t<div class=\"em pixelbones em-list em-events-list\" id=\"em-events-list-1428930347\" data-view-id=\"1428930347\">\r\n\tEi tapahtumia\t<\/div>\r\n<\/div>[\/et_pb_code][\/et_pb_column_inner][\/et_pb_row_inner][et_pb_row_inner admin_label=&#8221;Rivi&#8221; parent_locked=&#8221;off&#8221; locked=&#8221;off&#8221;][et_pb_column_inner type=&#8221;4_4&#8243; saved_specialty_column_type=&#8221;2_3&#8243;][et_pb_text admin_label=&#8221;Otsikko&#8221; _builder_version=&#8221;3.19.5&#8243; text_orientation=&#8221;center&#8221; parent_locked=&#8221;off&#8221;]<\/p>\n<h1>Menneit\u00e4 tapahtumia<\/h1>\n<p>[\/et_pb_text][et_pb_code admin_label=&#8221;Menneiden tapahtumien listaus&#8221; _builder_version=&#8221;3.19.5&#8243; module_class=&#8221;kaikki_ajankohtaiset&#8221; locked=&#8221;off&#8221; parent_locked=&#8221;off&#8221;]<div class=\"em em-view-container\" id=\"em-view-1967960056\" data-view=\"list\">\r\n\t<div class=\"em pixelbones em-list em-events-list\" id=\"em-events-list-1967960056\" data-view-id=\"1967960056\">\r\n\t<!-- [et_pb_line_break_holder] --><\/p>\n<div class=\"et_pb_module tapahtumalistaus\">\n<p><!-- [et_pb_line_break_holder] --><\/p>\n<div class=\"tapahtumanpvm\">\n<pee class=\"post-meta\">12.3.2024 <\/pee>\n<\/div>\n<p><!-- [et_pb_line_break_holder] --><\/p>\n<div class=\"tapahtumannimi\">\n<h2 class=\"entry-title\"><a href=\"https:\/\/rotary.fi\/eura\/events\/eura-sakylan-rkn-vuosijuhla-kauttuan-ruukinkartanolla\/\">Eura-S\u00e4kyl\u00e4n RK:n Vuosijuhla Kauttuan Ruukinkartanolla<\/a><\/h2>\n<p><!-- [et_pb_line_break_holder] --><\/p>\n<\/div>\n<p><!-- [et_pb_line_break_holder] --><\/p>\n<div class=\"tapahtumapaikka\">\n<pee class=\"post-meta\"><\/pee>\n<\/div>\n<p><!-- [et_pb_line_break_holder] --><\/p>\n<\/div>\n<p><!-- [et_pb_line_break_holder] --><!-- [et_pb_line_break_holder] --><\/p>\n<div class=\"et_pb_module tapahtumalistaus\">\n<p><!-- [et_pb_line_break_holder] --><\/p>\n<div class=\"tapahtumanpvm\">\n<pee class=\"post-meta\">27.2.2024 <\/pee>\n<\/div>\n<p><!-- [et_pb_line_break_holder] --><\/p>\n<div class=\"tapahtumannimi\">\n<h2 class=\"entry-title\"><a href=\"https:\/\/rotary.fi\/eura\/events\/vierailu-kauttuan-kylayhdistyksen-kylatalo-kirjalaan-avec\/\">Vierailu Kauttuan kyl\u00e4yhdistyksen kyl\u00e4talo Kirjalaan, avec<\/a><\/h2>\n<p><!-- [et_pb_line_break_holder] --><\/p>\n<\/div>\n<p><!-- [et_pb_line_break_holder] --><\/p>\n<div class=\"tapahtumapaikka\">\n<pee class=\"post-meta\"><\/pee>\n<\/div>\n<p><!-- [et_pb_line_break_holder] --><\/p>\n<\/div>\n<p><!-- [et_pb_line_break_holder] --><!-- [et_pb_line_break_holder] --><\/p>\n<div class=\"et_pb_module tapahtumalistaus\">\n<p><!-- [et_pb_line_break_holder] --><\/p>\n<div class=\"tapahtumanpvm\">\n<pee class=\"post-meta\">20.2.2024 <\/pee>\n<\/div>\n<p><!-- [et_pb_line_break_holder] --><\/p>\n<div class=\"tapahtumannimi\">\n<h2 class=\"entry-title\"><a href=\"https:\/\/rotary.fi\/eura\/events\/hiihtolomalla-ti-20-02-2024\/\">Eura-S\u00e4kyl\u00e4n RK Hiihtolomalla ti 20.02.2024<\/a><\/h2>\n<p><!-- [et_pb_line_break_holder] --><\/p>\n<\/div>\n<p><!-- [et_pb_line_break_holder] --><\/p>\n<div class=\"tapahtumapaikka\">\n<pee class=\"post-meta\"><\/pee>\n<\/div>\n<p><!-- [et_pb_line_break_holder] --><\/p>\n<\/div>\n<p><!-- [et_pb_line_break_holder] --><!-- [et_pb_line_break_holder] --><\/p>\n<div class=\"et_pb_module tapahtumalistaus\">\n<p><!-- [et_pb_line_break_holder] --><\/p>\n<div class=\"tapahtumanpvm\">\n<pee class=\"post-meta\">12.2.2024 <\/pee>\n<\/div>\n<p><!-- [et_pb_line_break_holder] --><\/p>\n<div class=\"tapahtumannimi\">\n<h2 class=\"entry-title\"><a href=\"https:\/\/rotary.fi\/eura\/events\/eura-sakylan-rotaryklubin-ic-kokous\/\"><\/a><\/h2>\n<p><!-- [et_pb_line_break_holder] --><\/p>\n<\/div>\n<p><!-- [et_pb_line_break_holder] --><\/p>\n<div class=\"tapahtumapaikka\">\n<pee class=\"post-meta\"><\/pee>\n<\/div>\n<p><!-- [et_pb_line_break_holder] --><\/p>\n<\/div>\n<p><!-- [et_pb_line_break_holder] -->\t<\/div>\r\n<\/div>[\/et_pb_code][\/et_pb_column_inner][\/et_pb_row_inner][\/et_pb_column][et_pb_column type=&#8221;1_3&#8243;][et_pb_sidebar _builder_version=&#8221;3.4.1&#8243; area=&#8221;sidebar-1&#8243; module_class=&#8221;sivupalkki_sisalto&#8221; locked=&#8221;on&#8221; parent_locked=&#8221;off&#8221; \/][\/et_pb_column][\/et_pb_section]<\/p>\n","protected":false},"excerpt":{"rendered":"<p><div class=\"et_pb_row et_pb_row_0 et_pb_row_empty\">\n\t\t\t\t\n\t\t\t\t\n\t\t\t\t\n\t\t\t\t\n\t\t\t\t\n\t\t\t<\/div> Tapahtumakalenteri Tulevia tapahtumia <div class=\"em em-view-container\" id=\"em-view-1170559404\" data-view=\"list\">\r\n\t<div class=\"em pixelbones em-list em-events-list\" id=\"em-events-list-1170559404\" data-view-id=\"1170559404\">\r\n\tEi tapahtumia\t<\/div>\r\n<\/div> Menneit\u00e4 tapahtumia <div class=\"em em-view-container\" id=\"em-view-325683442\" data-view=\"list\">\r\n\t<div class=\"em pixelbones em-list em-events-list\" id=\"em-events-list-325683442\" data-view-id=\"325683442\">\r\n\t 12.3.2024  <a href=\"https:\/\/rotary.fi\/eura\/events\/eura-sakylan-rkn-vuosijuhla-kauttuan-ruukinkartanolla\/\">Eura-S\u00e4kyl\u00e4n RK:n Vuosijuhla Kauttuan Ruukinkartanolla<\/a>   27.2.2024  <a href=\"https:\/\/rotary.fi\/eura\/events\/vierailu-kauttuan-kylayhdistyksen-kylatalo-kirjalaan-avec\/\">Vierailu Kauttuan kyl\u00e4yhdistyksen kyl\u00e4talo Kirjalaan, avec<\/a>   20.2.2024  <a href=\"https:\/\/rotary.fi\/eura\/events\/hiihtolomalla-ti-20-02-2024\/\">Eura-S\u00e4kyl\u00e4n RK Hiihtolomalla ti 20.02.2024<\/a>   12.2.2024  <a href=\"https:\/\/rotary.fi\/eura\/events\/eura-sakylan-rotaryklubin-ic-kokous\/\"><\/a>  \t<\/div>\r\n<\/div><\/p>\n","protected":false},"author":1,"featured_media":0,"parent":94,"menu_order":0,"comment_status":"closed","ping_status":"closed","template":"","meta":{"_acf_changed":false,"_et_pb_use_builder":"on","_et_pb_old_content":"<p>[et_pb_section bb_built=\"1\" _builder_version=\"3.17.2\" background_image=\"https:\/\/rotary.fi\/eura\/wp-content\/uploads\/sites\/93\/2018\/10\/rotary_klubit_alasivu_paakuva_12.jpg\" next_background_color=\"#ffffff\" module_class=\"jumbotron-page\"][et_pb_row][et_pb_column type=\"4_4\"][et_pb_text admin_label=\"P\u00e4\u00e4otsikko\" _builder_version=\"3.4.1\" text_orientation=\"center\" background_layout=\"dark\"]<\/p><h1>Tapahtumakalenteri<\/h1><p>[\/et_pb_text][\/et_pb_column][\/et_pb_row][\/et_pb_section][et_pb_section bb_built=\"1\" specialty=\"on\" prev_background_color=\"#000000\" _builder_version=\"3.4.1\" module_class_2=\"sivupalkki\" locked=\"off\"][et_pb_column type=\"2_3\" specialty_columns=\"2\"][et_pb_row_inner admin_label=\"Rivi\" parent_locked=\"off\" locked=\"off\"][et_pb_column_inner type=\"4_4\" saved_specialty_column_type=\"2_3\"][et_pb_text admin_label=\"Otsikko\" _builder_version=\"3.19.5\" text_orientation=\"center\" parent_locked=\"off\"]<\/p><h1>Tulevia tapahtumia<\/h1><p>[\/et_pb_text][et_pb_code admin_label=\"Tulevien tapahtumien listaus\" _builder_version=\"3.19.5\" module_class=\"kaikki_ajankohtaiset\" locked=\"off\" parent_locked=\"off\"][events_list limit=\"100\" scope=\"future\" order=\"asc\"]<!-- [et_pb_line_break_holder] --><\/p><div class=\"et_pb_module tapahtumalistaus\"><p><!-- [et_pb_line_break_holder] --><\/p><div class=\"tapahtumanpvm\"><p class=\"post-meta\">#j.#n.#Y #@_{ \\- j.n.Y}<\/p><\/div><p><!-- [et_pb_line_break_holder] --><\/p><div class=\"tapahtumannimi\"><h2 class=\"entry-title\">#_EVENTLINK<\/h2><p><!-- [et_pb_line_break_holder] --><\/p><\/div><p><!-- [et_pb_line_break_holder] --><\/p><div class=\"tapahtumapaikka\"><p class=\"post-meta\">#_LOCATIONNAME<\/p><\/div><p><!-- [et_pb_line_break_holder] --><\/p><\/div><p><!-- [et_pb_line_break_holder] -->[\/events_list][\/et_pb_code][\/et_pb_column_inner][\/et_pb_row_inner][et_pb_row_inner admin_label=\"Rivi\" parent_locked=\"off\" locked=\"off\"][et_pb_column_inner type=\"4_4\" saved_specialty_column_type=\"2_3\"][et_pb_text admin_label=\"Otsikko\" _builder_version=\"3.19.5\" text_orientation=\"center\" parent_locked=\"off\"]<\/p><h1>Menneit\u00e4 tapahtumia<\/h1><p>[\/et_pb_text][et_pb_code admin_label=\"Menneiden tapahtumien listaus\" _builder_version=\"3.19.5\" module_class=\"kaikki_ajankohtaiset\" locked=\"off\" parent_locked=\"off\"][events_list limit=\"100\" scope=\"past\" order=\"desc\"]<!-- [et_pb_line_break_holder] --><\/p><div class=\"et_pb_module tapahtumalistaus\"><p><!-- [et_pb_line_break_holder] --><\/p><div class=\"tapahtumanpvm\"><p class=\"post-meta\">#j.#n.#Y #@_{ \\- j.n.Y}<\/p><\/div><p><!-- [et_pb_line_break_holder] --><\/p><div class=\"tapahtumannimi\"><h2 class=\"entry-title\">#_EVENTLINK<\/h2><p><!-- [et_pb_line_break_holder] --><\/p><\/div><p><!-- [et_pb_line_break_holder] --><\/p><div class=\"tapahtumapaikka\"><p class=\"post-meta\">#_LOCATIONNAME<\/p><\/div><p><!-- [et_pb_line_break_holder] --><\/p><\/div><p><!-- [et_pb_line_break_holder] -->[\/events_list][\/et_pb_code][\/et_pb_column_inner][\/et_pb_row_inner][\/et_pb_column][et_pb_column type=\"1_3\"][et_pb_sidebar _builder_version=\"3.4.1\" area=\"sidebar-1\" module_class=\"sivupalkki_sisalto\" locked=\"on\" parent_locked=\"off\" \/][\/et_pb_column][\/et_pb_section]<\/p>","_et_gb_content_width":"","footnotes":""},"class_list":["post-186","page","type-page","status-publish","hentry"],"acf":[],"yoast_head":"<!-- This site is optimized with the Yoast SEO plugin v27.4 - https:\/\/yoast.com\/product\/yoast-seo-wordpress\/ -->\n<title>Tapahtumakalenteri - Eura-S\u00e4kyl\u00e4n Rotaryklubi<\/title>\n<meta name=\"robots\" content=\"index, follow, max-snippet:-1, max-image-preview:large, max-video-preview:-1\" \/>\n<link rel=\"canonical\" href=\"https:\/\/rotary.fi\/eura\/ajankohtaista\/tapahtumakalenteri\/\" \/>\n<meta property=\"og:locale\" content=\"fi_FI\" \/>\n<meta property=\"og:type\" content=\"article\" \/>\n<meta property=\"og:title\" content=\"Tapahtumakalenteri - Eura-S\u00e4kyl\u00e4n Rotaryklubi\" \/>\n<meta property=\"og:description\" content=\"Tapahtumakalenteri Tulevia tapahtumia Menneit\u00e4 tapahtumia\" \/>\n<meta property=\"og:url\" content=\"https:\/\/rotary.fi\/eura\/ajankohtaista\/tapahtumakalenteri\/\" \/>\n<meta property=\"og:site_name\" content=\"Eura-S\u00e4kyl\u00e4n Rotaryklubi\" \/>\n<meta property=\"article:modified_time\" content=\"2025-08-27T14:55:27+00:00\" \/>\n<meta name=\"twitter:card\" content=\"summary_large_image\" \/>\n<meta name=\"twitter:label1\" content=\"Arvioitu lukuaika\" \/>\n\t<meta name=\"twitter:data1\" content=\"1 minuutti\" \/>\n<script type=\"application\/ld+json\" class=\"yoast-schema-graph\">{\"@context\":\"https:\\\/\\\/schema.org\",\"@graph\":[{\"@type\":\"WebPage\",\"@id\":\"https:\\\/\\\/rotary.fi\\\/eura\\\/ajankohtaista\\\/tapahtumakalenteri\\\/\",\"url\":\"https:\\\/\\\/rotary.fi\\\/eura\\\/ajankohtaista\\\/tapahtumakalenteri\\\/\",\"name\":\"Tapahtumakalenteri - Eura-S\u00e4kyl\u00e4n Rotaryklubi\",\"isPartOf\":{\"@id\":\"https:\\\/\\\/rotary.fi\\\/eura\\\/#website\"},\"datePublished\":\"2018-08-13T08:06:59+00:00\",\"dateModified\":\"2025-08-27T14:55:27+00:00\",\"breadcrumb\":{\"@id\":\"https:\\\/\\\/rotary.fi\\\/eura\\\/ajankohtaista\\\/tapahtumakalenteri\\\/#breadcrumb\"},\"inLanguage\":\"fi\",\"potentialAction\":[{\"@type\":\"ReadAction\",\"target\":[\"https:\\\/\\\/rotary.fi\\\/eura\\\/ajankohtaista\\\/tapahtumakalenteri\\\/\"]}]},{\"@type\":\"BreadcrumbList\",\"@id\":\"https:\\\/\\\/rotary.fi\\\/eura\\\/ajankohtaista\\\/tapahtumakalenteri\\\/#breadcrumb\",\"itemListElement\":[{\"@type\":\"ListItem\",\"position\":1,\"name\":\"Home\",\"item\":\"https:\\\/\\\/rotary.fi\\\/eura\\\/\"},{\"@type\":\"ListItem\",\"position\":2,\"name\":\"Ajankohtaista\",\"item\":\"https:\\\/\\\/rotary.fi\\\/eura\\\/ajankohtaista\\\/\"},{\"@type\":\"ListItem\",\"position\":3,\"name\":\"Tapahtumakalenteri\"}]},{\"@type\":\"WebSite\",\"@id\":\"https:\\\/\\\/rotary.fi\\\/eura\\\/#website\",\"url\":\"https:\\\/\\\/rotary.fi\\\/eura\\\/\",\"name\":\"Euran Rotaryklubi\",\"description\":\"Rotary klubisivusto\",\"publisher\":{\"@id\":\"https:\\\/\\\/rotary.fi\\\/eura\\\/#organization\"},\"potentialAction\":[{\"@type\":\"SearchAction\",\"target\":{\"@type\":\"EntryPoint\",\"urlTemplate\":\"https:\\\/\\\/rotary.fi\\\/eura\\\/?s={search_term_string}\"},\"query-input\":{\"@type\":\"PropertyValueSpecification\",\"valueRequired\":true,\"valueName\":\"search_term_string\"}}],\"inLanguage\":\"fi\"},{\"@type\":\"Organization\",\"@id\":\"https:\\\/\\\/rotary.fi\\\/eura\\\/#organization\",\"name\":\"Euran Rotaryklubi\",\"url\":\"https:\\\/\\\/rotary.fi\\\/eura\\\/\",\"logo\":{\"@type\":\"ImageObject\",\"inLanguage\":\"fi\",\"@id\":\"https:\\\/\\\/rotary.fi\\\/eura\\\/#\\\/schema\\\/logo\\\/image\\\/\",\"url\":\"https:\\\/\\\/rotary.fi\\\/eura\\\/wp-content\\\/uploads\\\/sites\\\/93\\\/2018\\\/08\\\/rotary-logo-main-2.png\",\"contentUrl\":\"https:\\\/\\\/rotary.fi\\\/eura\\\/wp-content\\\/uploads\\\/sites\\\/93\\\/2018\\\/08\\\/rotary-logo-main-2.png\",\"width\":135,\"height\":52,\"caption\":\"Euran Rotaryklubi\"},\"image\":{\"@id\":\"https:\\\/\\\/rotary.fi\\\/eura\\\/#\\\/schema\\\/logo\\\/image\\\/\"}}]}<\/script>\n<!-- \/ Yoast SEO plugin. -->","yoast_head_json":{"title":"Tapahtumakalenteri - Eura-S\u00e4kyl\u00e4n Rotaryklubi","robots":{"index":"index","follow":"follow","max-snippet":"max-snippet:-1","max-image-preview":"max-image-preview:large","max-video-preview":"max-video-preview:-1"},"canonical":"https:\/\/rotary.fi\/eura\/ajankohtaista\/tapahtumakalenteri\/","og_locale":"fi_FI","og_type":"article","og_title":"Tapahtumakalenteri - Eura-S\u00e4kyl\u00e4n Rotaryklubi","og_description":"Tapahtumakalenteri Tulevia tapahtumia Menneit\u00e4 tapahtumia","og_url":"https:\/\/rotary.fi\/eura\/ajankohtaista\/tapahtumakalenteri\/","og_site_name":"Eura-S\u00e4kyl\u00e4n Rotaryklubi","article_modified_time":"2025-08-27T14:55:27+00:00","twitter_card":"summary_large_image","twitter_misc":{"Arvioitu lukuaika":"1 minuutti"},"schema":{"@context":"https:\/\/schema.org","@graph":[{"@type":"WebPage","@id":"https:\/\/rotary.fi\/eura\/ajankohtaista\/tapahtumakalenteri\/","url":"https:\/\/rotary.fi\/eura\/ajankohtaista\/tapahtumakalenteri\/","name":"Tapahtumakalenteri - Eura-S\u00e4kyl\u00e4n Rotaryklubi","isPartOf":{"@id":"https:\/\/rotary.fi\/eura\/#website"},"datePublished":"2018-08-13T08:06:59+00:00","dateModified":"2025-08-27T14:55:27+00:00","breadcrumb":{"@id":"https:\/\/rotary.fi\/eura\/ajankohtaista\/tapahtumakalenteri\/#breadcrumb"},"inLanguage":"fi","potentialAction":[{"@type":"ReadAction","target":["https:\/\/rotary.fi\/eura\/ajankohtaista\/tapahtumakalenteri\/"]}]},{"@type":"BreadcrumbList","@id":"https:\/\/rotary.fi\/eura\/ajankohtaista\/tapahtumakalenteri\/#breadcrumb","itemListElement":[{"@type":"ListItem","position":1,"name":"Home","item":"https:\/\/rotary.fi\/eura\/"},{"@type":"ListItem","position":2,"name":"Ajankohtaista","item":"https:\/\/rotary.fi\/eura\/ajankohtaista\/"},{"@type":"ListItem","position":3,"name":"Tapahtumakalenteri"}]},{"@type":"WebSite","@id":"https:\/\/rotary.fi\/eura\/#website","url":"https:\/\/rotary.fi\/eura\/","name":"Euran Rotaryklubi","description":"Rotary klubisivusto","publisher":{"@id":"https:\/\/rotary.fi\/eura\/#organization"},"potentialAction":[{"@type":"SearchAction","target":{"@type":"EntryPoint","urlTemplate":"https:\/\/rotary.fi\/eura\/?s={search_term_string}"},"query-input":{"@type":"PropertyValueSpecification","valueRequired":true,"valueName":"search_term_string"}}],"inLanguage":"fi"},{"@type":"Organization","@id":"https:\/\/rotary.fi\/eura\/#organization","name":"Euran Rotaryklubi","url":"https:\/\/rotary.fi\/eura\/","logo":{"@type":"ImageObject","inLanguage":"fi","@id":"https:\/\/rotary.fi\/eura\/#\/schema\/logo\/image\/","url":"https:\/\/rotary.fi\/eura\/wp-content\/uploads\/sites\/93\/2018\/08\/rotary-logo-main-2.png","contentUrl":"https:\/\/rotary.fi\/eura\/wp-content\/uploads\/sites\/93\/2018\/08\/rotary-logo-main-2.png","width":135,"height":52,"caption":"Euran Rotaryklubi"},"image":{"@id":"https:\/\/rotary.fi\/eura\/#\/schema\/logo\/image\/"}}]}},"lang":"fi","translations":{"fi":186},"pll_sync_post":[],"_links":{"self":[{"href":"https:\/\/rotary.fi\/eura\/wp-json\/wp\/v2\/pages\/186","targetHints":{"allow":["GET"]}}],"collection":[{"href":"https:\/\/rotary.fi\/eura\/wp-json\/wp\/v2\/pages"}],"about":[{"href":"https:\/\/rotary.fi\/eura\/wp-json\/wp\/v2\/types\/page"}],"author":[{"embeddable":true,"href":"https:\/\/rotary.fi\/eura\/wp-json\/wp\/v2\/users\/1"}],"replies":[{"embeddable":true,"href":"https:\/\/rotary.fi\/eura\/wp-json\/wp\/v2\/comments?post=186"}],"version-history":[{"count":8,"href":"https:\/\/rotary.fi\/eura\/wp-json\/wp\/v2\/pages\/186\/revisions"}],"predecessor-version":[{"id":1791,"href":"https:\/\/rotary.fi\/eura\/wp-json\/wp\/v2\/pages\/186\/revisions\/1791"}],"up":[{"embeddable":true,"href":"https:\/\/rotary.fi\/eura\/wp-json\/wp\/v2\/pages\/94"}],"wp:attachment":[{"href":"https:\/\/rotary.fi\/eura\/wp-json\/wp\/v2\/media?parent=186"}],"curies":[{"name":"wp","href":"https:\/\/api.w.org\/{rel}","templated":true}]}}