{"id":1747,"date":"2024-01-29T19:00:19","date_gmt":"2024-01-29T17:00:19","guid":{"rendered":"https:\/\/rotary.fi\/eura\/?page_id=1747"},"modified":"2024-01-29T19:00:19","modified_gmt":"2024-01-29T17:00:19","slug":"hallitus-ja-toimihenkilot-2","status":"publish","type":"page","link":"https:\/\/rotary.fi\/eura\/keita-olemme\/hallitus-ja-toimihenkilot-2\/","title":{"rendered":"Hallitus ja toimihenkil\u00f6t"},"content":{"rendered":"<p><strong>Presidentti 2023-2024\u00a0 \u00a0 \u00a0 \u00a0 \u00a0 \u00a0 \u00a0 \u00a0Kari Mattila<\/strong><\/p>\n<p><strong>Tuleva presidentti aika\u00a0 \u00a0 \u00a0 \u00a0 \u00a0 \u00a0 \u00a0Markku Uusitalo<\/strong><br \/>\n<strong>Past presidentti<\/strong>\u00a0 \u00a0 \u00a0 \u00a0 \u00a0 \u00a0 \u00a0 \u00a0 \u00a0 \u00a0 \u00a0 \u00a0 \u00a0 <strong>Markku Uusitalo<\/strong><br \/>\n<strong>1.sihteeri\u00a0 \u00a0 \u00a0 \u00a0 \u00a0 \u00a0 \u00a0 \u00a0 \u00a0 \u00a0 \u00a0 \u00a0 \u00a0 \u00a0 \u00a0 \u00a0 \u00a0 \u00a0 \u00a0 Heikki Nurmela<\/strong><br \/>\n<strong>Rahastonhoitaja<\/strong>\u00a0 \u00a0 \u00a0 \u00a0 \u00a0 \u00a0 \u00a0 \u00a0 \u00a0 \u00a0 \u00a0 \u00a0 \u00a0<strong>Harri L\u00e4hteensuo<\/strong><br \/>\n<strong>Klubimestari\u00a0 \u00a0 \u00a0 \u00a0 \u00a0 \u00a0 \u00a0 \u00a0 \u00a0 \u00a0 \u00a0 \u00a0 \u00a0 \u00a0 \u00a0 \u00a0 Kari Toivonen<\/strong><br \/>\n<strong>S\u00e4\u00e4ti\u00f6asiamies<\/strong><br \/>\n<strong>Nuorisovaihtoasiamies<\/strong><br \/>\n<strong>J\u00e4senyyskomitean pj.\u00a0\u00a0<\/strong><\/p>\n<p>&nbsp;<\/p>\n","protected":false},"excerpt":{"rendered":"<p>Presidentti 2023-2024\u00a0 \u00a0 \u00a0 \u00a0 \u00a0 \u00a0 \u00a0 \u00a0Kari Mattila Tuleva presidentti aika\u00a0 \u00a0 \u00a0 \u00a0 \u00a0 \u00a0 \u00a0Markku Uusitalo Past presidentti\u00a0 \u00a0 \u00a0 \u00a0 \u00a0 \u00a0 \u00a0 \u00a0 \u00a0 \u00a0 \u00a0 \u00a0 \u00a0 Markku Uusitalo 1.sihteeri\u00a0 \u00a0 \u00a0 \u00a0 \u00a0 \u00a0 \u00a0 \u00a0 \u00a0 \u00a0 \u00a0 \u00a0 \u00a0 \u00a0 \u00a0 \u00a0 \u00a0 \u00a0 \u00a0 [&hellip;]<\/p>\n","protected":false},"author":118,"featured_media":0,"parent":129,"menu_order":0,"comment_status":"closed","ping_status":"closed","template":"","meta":{"_acf_changed":false,"_et_pb_use_builder":"off","_et_pb_old_content":"","_et_gb_content_width":"","footnotes":""},"class_list":["post-1747","page","type-page","status-publish","hentry"],"acf":[],"yoast_head":"<!-- This site is optimized with the Yoast SEO plugin v27.0 - https:\/\/yoast.com\/product\/yoast-seo-wordpress\/ -->\n<title>Hallitus ja toimihenkil\u00f6t - Eura-S\u00e4kyl\u00e4n Rotaryklubi<\/title>\n<meta name=\"robots\" content=\"index, follow, max-snippet:-1, max-image-preview:large, max-video-preview:-1\" \/>\n<link rel=\"canonical\" href=\"https:\/\/rotary.fi\/eura\/keita-olemme\/hallitus-ja-toimihenkilot-2\/\" \/>\n<meta property=\"og:locale\" content=\"fi_FI\" \/>\n<meta property=\"og:type\" content=\"article\" \/>\n<meta property=\"og:title\" content=\"Hallitus ja toimihenkil\u00f6t - Eura-S\u00e4kyl\u00e4n Rotaryklubi\" \/>\n<meta property=\"og:description\" content=\"Presidentti 2023-2024\u00a0 \u00a0 \u00a0 \u00a0 \u00a0 \u00a0 \u00a0 \u00a0Kari Mattila Tuleva presidentti aika\u00a0 \u00a0 \u00a0 \u00a0 \u00a0 \u00a0 \u00a0Markku Uusitalo Past presidentti\u00a0 \u00a0 \u00a0 \u00a0 \u00a0 \u00a0 \u00a0 \u00a0 \u00a0 \u00a0 \u00a0 \u00a0 \u00a0 Markku Uusitalo 1.sihteeri\u00a0 \u00a0 \u00a0 \u00a0 \u00a0 \u00a0 \u00a0 \u00a0 \u00a0 \u00a0 \u00a0 \u00a0 \u00a0 \u00a0 \u00a0 \u00a0 \u00a0 \u00a0 \u00a0 [&hellip;]\" \/>\n<meta property=\"og:url\" content=\"https:\/\/rotary.fi\/eura\/keita-olemme\/hallitus-ja-toimihenkilot-2\/\" \/>\n<meta property=\"og:site_name\" content=\"Eura-S\u00e4kyl\u00e4n Rotaryklubi\" \/>\n<meta name=\"twitter:card\" content=\"summary_large_image\" \/>\n<meta name=\"twitter:label1\" content=\"Arvioitu lukuaika\" \/>\n\t<meta name=\"twitter:data1\" content=\"1 minuutti\" \/>\n<script type=\"application\/ld+json\" class=\"yoast-schema-graph\">{\"@context\":\"https:\/\/schema.org\",\"@graph\":[{\"@type\":\"WebPage\",\"@id\":\"https:\/\/rotary.fi\/eura\/keita-olemme\/hallitus-ja-toimihenkilot-2\/\",\"url\":\"https:\/\/rotary.fi\/eura\/keita-olemme\/hallitus-ja-toimihenkilot-2\/\",\"name\":\"Hallitus ja toimihenkil\u00f6t - Eura-S\u00e4kyl\u00e4n Rotaryklubi\",\"isPartOf\":{\"@id\":\"https:\/\/rotary.fi\/eura\/#website\"},\"datePublished\":\"2024-01-29T17:00:19+00:00\",\"breadcrumb\":{\"@id\":\"https:\/\/rotary.fi\/eura\/keita-olemme\/hallitus-ja-toimihenkilot-2\/#breadcrumb\"},\"inLanguage\":\"fi\",\"potentialAction\":[{\"@type\":\"ReadAction\",\"target\":[\"https:\/\/rotary.fi\/eura\/keita-olemme\/hallitus-ja-toimihenkilot-2\/\"]}]},{\"@type\":\"BreadcrumbList\",\"@id\":\"https:\/\/rotary.fi\/eura\/keita-olemme\/hallitus-ja-toimihenkilot-2\/#breadcrumb\",\"itemListElement\":[{\"@type\":\"ListItem\",\"position\":1,\"name\":\"Home\",\"item\":\"https:\/\/rotary.fi\/eura\/\"},{\"@type\":\"ListItem\",\"position\":2,\"name\":\"Keit\u00e4 olemme\",\"item\":\"https:\/\/rotary.fi\/eura\/keita-olemme\/\"},{\"@type\":\"ListItem\",\"position\":3,\"name\":\"Hallitus ja toimihenkil\u00f6t\"}]},{\"@type\":\"WebSite\",\"@id\":\"https:\/\/rotary.fi\/eura\/#website\",\"url\":\"https:\/\/rotary.fi\/eura\/\",\"name\":\"Euran Rotaryklubi\",\"description\":\"Rotary klubisivusto\",\"publisher\":{\"@id\":\"https:\/\/rotary.fi\/eura\/#organization\"},\"potentialAction\":[{\"@type\":\"SearchAction\",\"target\":{\"@type\":\"EntryPoint\",\"urlTemplate\":\"https:\/\/rotary.fi\/eura\/?s={search_term_string}\"},\"query-input\":{\"@type\":\"PropertyValueSpecification\",\"valueRequired\":true,\"valueName\":\"search_term_string\"}}],\"inLanguage\":\"fi\"},{\"@type\":\"Organization\",\"@id\":\"https:\/\/rotary.fi\/eura\/#organization\",\"name\":\"Euran Rotaryklubi\",\"url\":\"https:\/\/rotary.fi\/eura\/\",\"logo\":{\"@type\":\"ImageObject\",\"inLanguage\":\"fi\",\"@id\":\"https:\/\/rotary.fi\/eura\/#\/schema\/logo\/image\/\",\"url\":\"https:\/\/rotary.fi\/eura\/wp-content\/uploads\/sites\/93\/2018\/08\/rotary-logo-main-2.png\",\"contentUrl\":\"https:\/\/rotary.fi\/eura\/wp-content\/uploads\/sites\/93\/2018\/08\/rotary-logo-main-2.png\",\"width\":135,\"height\":52,\"caption\":\"Euran Rotaryklubi\"},\"image\":{\"@id\":\"https:\/\/rotary.fi\/eura\/#\/schema\/logo\/image\/\"}}]}<\/script>\n<!-- \/ Yoast SEO plugin. -->","yoast_head_json":{"title":"Hallitus ja toimihenkil\u00f6t - Eura-S\u00e4kyl\u00e4n Rotaryklubi","robots":{"index":"index","follow":"follow","max-snippet":"max-snippet:-1","max-image-preview":"max-image-preview:large","max-video-preview":"max-video-preview:-1"},"canonical":"https:\/\/rotary.fi\/eura\/keita-olemme\/hallitus-ja-toimihenkilot-2\/","og_locale":"fi_FI","og_type":"article","og_title":"Hallitus ja toimihenkil\u00f6t - Eura-S\u00e4kyl\u00e4n Rotaryklubi","og_description":"Presidentti 2023-2024\u00a0 \u00a0 \u00a0 \u00a0 \u00a0 \u00a0 \u00a0 \u00a0Kari Mattila Tuleva presidentti aika\u00a0 \u00a0 \u00a0 \u00a0 \u00a0 \u00a0 \u00a0Markku Uusitalo Past presidentti\u00a0 \u00a0 \u00a0 \u00a0 \u00a0 \u00a0 \u00a0 \u00a0 \u00a0 \u00a0 \u00a0 \u00a0 \u00a0 Markku Uusitalo 1.sihteeri\u00a0 \u00a0 \u00a0 \u00a0 \u00a0 \u00a0 \u00a0 \u00a0 \u00a0 \u00a0 \u00a0 \u00a0 \u00a0 \u00a0 \u00a0 \u00a0 \u00a0 \u00a0 \u00a0 [&hellip;]","og_url":"https:\/\/rotary.fi\/eura\/keita-olemme\/hallitus-ja-toimihenkilot-2\/","og_site_name":"Eura-S\u00e4kyl\u00e4n Rotaryklubi","twitter_card":"summary_large_image","twitter_misc":{"Arvioitu lukuaika":"1 minuutti"},"schema":{"@context":"https:\/\/schema.org","@graph":[{"@type":"WebPage","@id":"https:\/\/rotary.fi\/eura\/keita-olemme\/hallitus-ja-toimihenkilot-2\/","url":"https:\/\/rotary.fi\/eura\/keita-olemme\/hallitus-ja-toimihenkilot-2\/","name":"Hallitus ja toimihenkil\u00f6t - Eura-S\u00e4kyl\u00e4n Rotaryklubi","isPartOf":{"@id":"https:\/\/rotary.fi\/eura\/#website"},"datePublished":"2024-01-29T17:00:19+00:00","breadcrumb":{"@id":"https:\/\/rotary.fi\/eura\/keita-olemme\/hallitus-ja-toimihenkilot-2\/#breadcrumb"},"inLanguage":"fi","potentialAction":[{"@type":"ReadAction","target":["https:\/\/rotary.fi\/eura\/keita-olemme\/hallitus-ja-toimihenkilot-2\/"]}]},{"@type":"BreadcrumbList","@id":"https:\/\/rotary.fi\/eura\/keita-olemme\/hallitus-ja-toimihenkilot-2\/#breadcrumb","itemListElement":[{"@type":"ListItem","position":1,"name":"Home","item":"https:\/\/rotary.fi\/eura\/"},{"@type":"ListItem","position":2,"name":"Keit\u00e4 olemme","item":"https:\/\/rotary.fi\/eura\/keita-olemme\/"},{"@type":"ListItem","position":3,"name":"Hallitus ja toimihenkil\u00f6t"}]},{"@type":"WebSite","@id":"https:\/\/rotary.fi\/eura\/#website","url":"https:\/\/rotary.fi\/eura\/","name":"Euran Rotaryklubi","description":"Rotary klubisivusto","publisher":{"@id":"https:\/\/rotary.fi\/eura\/#organization"},"potentialAction":[{"@type":"SearchAction","target":{"@type":"EntryPoint","urlTemplate":"https:\/\/rotary.fi\/eura\/?s={search_term_string}"},"query-input":{"@type":"PropertyValueSpecification","valueRequired":true,"valueName":"search_term_string"}}],"inLanguage":"fi"},{"@type":"Organization","@id":"https:\/\/rotary.fi\/eura\/#organization","name":"Euran Rotaryklubi","url":"https:\/\/rotary.fi\/eura\/","logo":{"@type":"ImageObject","inLanguage":"fi","@id":"https:\/\/rotary.fi\/eura\/#\/schema\/logo\/image\/","url":"https:\/\/rotary.fi\/eura\/wp-content\/uploads\/sites\/93\/2018\/08\/rotary-logo-main-2.png","contentUrl":"https:\/\/rotary.fi\/eura\/wp-content\/uploads\/sites\/93\/2018\/08\/rotary-logo-main-2.png","width":135,"height":52,"caption":"Euran Rotaryklubi"},"image":{"@id":"https:\/\/rotary.fi\/eura\/#\/schema\/logo\/image\/"}}]}},"lang":"fi","translations":{"fi":1747},"pll_sync_post":[],"_links":{"self":[{"href":"https:\/\/rotary.fi\/eura\/wp-json\/wp\/v2\/pages\/1747","targetHints":{"allow":["GET"]}}],"collection":[{"href":"https:\/\/rotary.fi\/eura\/wp-json\/wp\/v2\/pages"}],"about":[{"href":"https:\/\/rotary.fi\/eura\/wp-json\/wp\/v2\/types\/page"}],"author":[{"embeddable":true,"href":"https:\/\/rotary.fi\/eura\/wp-json\/wp\/v2\/users\/118"}],"replies":[{"embeddable":true,"href":"https:\/\/rotary.fi\/eura\/wp-json\/wp\/v2\/comments?post=1747"}],"version-history":[{"count":3,"href":"https:\/\/rotary.fi\/eura\/wp-json\/wp\/v2\/pages\/1747\/revisions"}],"predecessor-version":[{"id":1750,"href":"https:\/\/rotary.fi\/eura\/wp-json\/wp\/v2\/pages\/1747\/revisions\/1750"}],"up":[{"embeddable":true,"href":"https:\/\/rotary.fi\/eura\/wp-json\/wp\/v2\/pages\/129"}],"wp:attachment":[{"href":"https:\/\/rotary.fi\/eura\/wp-json\/wp\/v2\/media?parent=1747"}],"curies":[{"name":"wp","href":"https:\/\/api.w.org\/{rel}","templated":true}]}}