{"id":138,"date":"2018-08-10T14:01:44","date_gmt":"2018-08-10T11:01:44","guid":{"rendered":"https:\/\/rotary.fi\/klubi2\/?page_id=138"},"modified":"2024-02-15T20:10:17","modified_gmt":"2024-02-15T18:10:17","slug":"vuositeema","status":"publish","type":"page","link":"https:\/\/rotary.fi\/eura\/keita-olemme\/vuositeema\/","title":{"rendered":"Vuositeema"},"content":{"rendered":"<p>[et_pb_section fb_built=&#8221;1&#8243; _builder_version=&#8221;4.16&#8243; global_colors_info=&#8221;{}&#8221;][et_pb_row _builder_version=&#8221;4.16&#8243; background_size=&#8221;initial&#8221; background_position=&#8221;top_left&#8221; background_repeat=&#8221;repeat&#8221; global_colors_info=&#8221;{}&#8221;][et_pb_column type=&#8221;4_4&#8243; _builder_version=&#8221;4.16&#8243; custom_padding=&#8221;|||&#8221; global_colors_info=&#8221;{}&#8221; custom_padding__hover=&#8221;|||&#8221;][et_pb_text _builder_version=&#8221;4.22.1&#8243; background_size=&#8221;initial&#8221; background_position=&#8221;top_left&#8221; background_repeat=&#8221;repeat&#8221; hover_enabled=&#8221;0&#8243; global_colors_info=&#8221;{}&#8221; sticky_enabled=&#8221;0&#8243;]<\/p>\n<p><a href=\"https:\/\/rotary.fi\/d1410\/rotary-vuositeema\/\">Katso Rotary vuositeema t\u00e4st\u00e4<\/a><\/p>\n<p>[\/et_pb_text][\/et_pb_column][\/et_pb_row][\/et_pb_section]<\/p>\n","protected":false},"excerpt":{"rendered":"<p>Katso Rotary vuositeema t\u00e4st\u00e4<\/p>\n","protected":false},"author":1,"featured_media":0,"parent":129,"menu_order":0,"comment_status":"closed","ping_status":"closed","template":"","meta":{"_acf_changed":false,"_et_pb_use_builder":"on","_et_pb_old_content":"<p>https:\/\/rotary.fi\/d1410\/rotary-vuositeema\/<\/p>","_et_gb_content_width":"","footnotes":""},"class_list":["post-138","page","type-page","status-publish","hentry"],"acf":[],"yoast_head":"<!-- This site is optimized with the Yoast SEO plugin v27.0 - https:\/\/yoast.com\/product\/yoast-seo-wordpress\/ -->\n<title>Vuositeema - Eura-S\u00e4kyl\u00e4n Rotaryklubi<\/title>\n<meta name=\"robots\" content=\"index, follow, max-snippet:-1, max-image-preview:large, max-video-preview:-1\" \/>\n<link rel=\"canonical\" href=\"https:\/\/rotary.fi\/eura\/keita-olemme\/vuositeema\/\" \/>\n<meta property=\"og:locale\" content=\"fi_FI\" \/>\n<meta property=\"og:type\" content=\"article\" \/>\n<meta property=\"og:title\" content=\"Vuositeema - Eura-S\u00e4kyl\u00e4n Rotaryklubi\" \/>\n<meta property=\"og:description\" content=\"Katso Rotary vuositeema t\u00e4st\u00e4\" \/>\n<meta property=\"og:url\" content=\"https:\/\/rotary.fi\/eura\/keita-olemme\/vuositeema\/\" \/>\n<meta property=\"og:site_name\" content=\"Eura-S\u00e4kyl\u00e4n Rotaryklubi\" \/>\n<meta property=\"article:modified_time\" content=\"2024-02-15T18:10:17+00:00\" \/>\n<meta name=\"twitter:card\" content=\"summary_large_image\" \/>\n<meta name=\"twitter:label1\" content=\"Arvioitu lukuaika\" \/>\n\t<meta name=\"twitter:data1\" content=\"1 minuutti\" \/>\n<script type=\"application\/ld+json\" class=\"yoast-schema-graph\">{\"@context\":\"https:\/\/schema.org\",\"@graph\":[{\"@type\":\"WebPage\",\"@id\":\"https:\/\/rotary.fi\/eura\/keita-olemme\/vuositeema\/\",\"url\":\"https:\/\/rotary.fi\/eura\/keita-olemme\/vuositeema\/\",\"name\":\"Vuositeema - Eura-S\u00e4kyl\u00e4n Rotaryklubi\",\"isPartOf\":{\"@id\":\"https:\/\/rotary.fi\/eura\/#website\"},\"datePublished\":\"2018-08-10T11:01:44+00:00\",\"dateModified\":\"2024-02-15T18:10:17+00:00\",\"breadcrumb\":{\"@id\":\"https:\/\/rotary.fi\/eura\/keita-olemme\/vuositeema\/#breadcrumb\"},\"inLanguage\":\"fi\",\"potentialAction\":[{\"@type\":\"ReadAction\",\"target\":[\"https:\/\/rotary.fi\/eura\/keita-olemme\/vuositeema\/\"]}]},{\"@type\":\"BreadcrumbList\",\"@id\":\"https:\/\/rotary.fi\/eura\/keita-olemme\/vuositeema\/#breadcrumb\",\"itemListElement\":[{\"@type\":\"ListItem\",\"position\":1,\"name\":\"Home\",\"item\":\"https:\/\/rotary.fi\/eura\/\"},{\"@type\":\"ListItem\",\"position\":2,\"name\":\"Keit\u00e4 olemme\",\"item\":\"https:\/\/rotary.fi\/eura\/keita-olemme\/\"},{\"@type\":\"ListItem\",\"position\":3,\"name\":\"Vuositeema\"}]},{\"@type\":\"WebSite\",\"@id\":\"https:\/\/rotary.fi\/eura\/#website\",\"url\":\"https:\/\/rotary.fi\/eura\/\",\"name\":\"Euran Rotaryklubi\",\"description\":\"Rotary klubisivusto\",\"publisher\":{\"@id\":\"https:\/\/rotary.fi\/eura\/#organization\"},\"potentialAction\":[{\"@type\":\"SearchAction\",\"target\":{\"@type\":\"EntryPoint\",\"urlTemplate\":\"https:\/\/rotary.fi\/eura\/?s={search_term_string}\"},\"query-input\":{\"@type\":\"PropertyValueSpecification\",\"valueRequired\":true,\"valueName\":\"search_term_string\"}}],\"inLanguage\":\"fi\"},{\"@type\":\"Organization\",\"@id\":\"https:\/\/rotary.fi\/eura\/#organization\",\"name\":\"Euran Rotaryklubi\",\"url\":\"https:\/\/rotary.fi\/eura\/\",\"logo\":{\"@type\":\"ImageObject\",\"inLanguage\":\"fi\",\"@id\":\"https:\/\/rotary.fi\/eura\/#\/schema\/logo\/image\/\",\"url\":\"https:\/\/rotary.fi\/eura\/wp-content\/uploads\/sites\/93\/2018\/08\/rotary-logo-main-2.png\",\"contentUrl\":\"https:\/\/rotary.fi\/eura\/wp-content\/uploads\/sites\/93\/2018\/08\/rotary-logo-main-2.png\",\"width\":135,\"height\":52,\"caption\":\"Euran Rotaryklubi\"},\"image\":{\"@id\":\"https:\/\/rotary.fi\/eura\/#\/schema\/logo\/image\/\"}}]}<\/script>\n<!-- \/ Yoast SEO plugin. -->","yoast_head_json":{"title":"Vuositeema - Eura-S\u00e4kyl\u00e4n Rotaryklubi","robots":{"index":"index","follow":"follow","max-snippet":"max-snippet:-1","max-image-preview":"max-image-preview:large","max-video-preview":"max-video-preview:-1"},"canonical":"https:\/\/rotary.fi\/eura\/keita-olemme\/vuositeema\/","og_locale":"fi_FI","og_type":"article","og_title":"Vuositeema - Eura-S\u00e4kyl\u00e4n Rotaryklubi","og_description":"Katso Rotary vuositeema t\u00e4st\u00e4","og_url":"https:\/\/rotary.fi\/eura\/keita-olemme\/vuositeema\/","og_site_name":"Eura-S\u00e4kyl\u00e4n Rotaryklubi","article_modified_time":"2024-02-15T18:10:17+00:00","twitter_card":"summary_large_image","twitter_misc":{"Arvioitu lukuaika":"1 minuutti"},"schema":{"@context":"https:\/\/schema.org","@graph":[{"@type":"WebPage","@id":"https:\/\/rotary.fi\/eura\/keita-olemme\/vuositeema\/","url":"https:\/\/rotary.fi\/eura\/keita-olemme\/vuositeema\/","name":"Vuositeema - Eura-S\u00e4kyl\u00e4n Rotaryklubi","isPartOf":{"@id":"https:\/\/rotary.fi\/eura\/#website"},"datePublished":"2018-08-10T11:01:44+00:00","dateModified":"2024-02-15T18:10:17+00:00","breadcrumb":{"@id":"https:\/\/rotary.fi\/eura\/keita-olemme\/vuositeema\/#breadcrumb"},"inLanguage":"fi","potentialAction":[{"@type":"ReadAction","target":["https:\/\/rotary.fi\/eura\/keita-olemme\/vuositeema\/"]}]},{"@type":"BreadcrumbList","@id":"https:\/\/rotary.fi\/eura\/keita-olemme\/vuositeema\/#breadcrumb","itemListElement":[{"@type":"ListItem","position":1,"name":"Home","item":"https:\/\/rotary.fi\/eura\/"},{"@type":"ListItem","position":2,"name":"Keit\u00e4 olemme","item":"https:\/\/rotary.fi\/eura\/keita-olemme\/"},{"@type":"ListItem","position":3,"name":"Vuositeema"}]},{"@type":"WebSite","@id":"https:\/\/rotary.fi\/eura\/#website","url":"https:\/\/rotary.fi\/eura\/","name":"Euran Rotaryklubi","description":"Rotary klubisivusto","publisher":{"@id":"https:\/\/rotary.fi\/eura\/#organization"},"potentialAction":[{"@type":"SearchAction","target":{"@type":"EntryPoint","urlTemplate":"https:\/\/rotary.fi\/eura\/?s={search_term_string}"},"query-input":{"@type":"PropertyValueSpecification","valueRequired":true,"valueName":"search_term_string"}}],"inLanguage":"fi"},{"@type":"Organization","@id":"https:\/\/rotary.fi\/eura\/#organization","name":"Euran Rotaryklubi","url":"https:\/\/rotary.fi\/eura\/","logo":{"@type":"ImageObject","inLanguage":"fi","@id":"https:\/\/rotary.fi\/eura\/#\/schema\/logo\/image\/","url":"https:\/\/rotary.fi\/eura\/wp-content\/uploads\/sites\/93\/2018\/08\/rotary-logo-main-2.png","contentUrl":"https:\/\/rotary.fi\/eura\/wp-content\/uploads\/sites\/93\/2018\/08\/rotary-logo-main-2.png","width":135,"height":52,"caption":"Euran Rotaryklubi"},"image":{"@id":"https:\/\/rotary.fi\/eura\/#\/schema\/logo\/image\/"}}]}},"lang":"fi","translations":{"fi":138},"pll_sync_post":[],"_links":{"self":[{"href":"https:\/\/rotary.fi\/eura\/wp-json\/wp\/v2\/pages\/138","targetHints":{"allow":["GET"]}}],"collection":[{"href":"https:\/\/rotary.fi\/eura\/wp-json\/wp\/v2\/pages"}],"about":[{"href":"https:\/\/rotary.fi\/eura\/wp-json\/wp\/v2\/types\/page"}],"author":[{"embeddable":true,"href":"https:\/\/rotary.fi\/eura\/wp-json\/wp\/v2\/users\/1"}],"replies":[{"embeddable":true,"href":"https:\/\/rotary.fi\/eura\/wp-json\/wp\/v2\/comments?post=138"}],"version-history":[{"count":10,"href":"https:\/\/rotary.fi\/eura\/wp-json\/wp\/v2\/pages\/138\/revisions"}],"predecessor-version":[{"id":1818,"href":"https:\/\/rotary.fi\/eura\/wp-json\/wp\/v2\/pages\/138\/revisions\/1818"}],"up":[{"embeddable":true,"href":"https:\/\/rotary.fi\/eura\/wp-json\/wp\/v2\/pages\/129"}],"wp:attachment":[{"href":"https:\/\/rotary.fi\/eura\/wp-json\/wp\/v2\/media?parent=138"}],"curies":[{"name":"wp","href":"https:\/\/api.w.org\/{rel}","templated":true}]}}