{"id":129,"date":"2018-08-10T13:41:39","date_gmt":"2018-08-10T10:41:39","guid":{"rendered":"https:\/\/rotary.fi\/klubi2\/?page_id=129"},"modified":"2024-02-16T12:09:27","modified_gmt":"2024-02-16T10:09:27","slug":"keita-olemme","status":"publish","type":"page","link":"https:\/\/rotary.fi\/eura\/keita-olemme\/","title":{"rendered":"Keit\u00e4 olemme"},"content":{"rendered":"<p><span class=\"s1\">Eura-S\u00e4kyl\u00e4n Rotaryklubi<\/span><span class=\"s2\">\u00a0on aktiivinen sek\u00e4 Euran ett\u00e4 S\u00e4kyl\u00e4n kuntien alueella toimiva<\/span><span class=\"s1\">\u00a0rotaryklubi<\/span><span class=\"s2\">. Kokoonnumme\u00a0<\/span><span class=\"s1\">iltakokoukseen joka toinen tiistai klo<\/span><span class=\"s2\">\u00a017:30 tapaamaan toisiamme, kuulemaan kiinnostavia esitelmi\u00e4 ja edist\u00e4m\u00e4\u00e4n hyv\u00e4\u00e4 omalla toimialueellamme. Tuemme<span class=\"Apple-converted-space\">\u00a0\u00a0<\/span>kansainv\u00e4lisen Rotaryj\u00e4rjest\u00f6n humanitaarisia projekteja ja edist\u00e4mme l\u00e4hiseudun<\/span><\/p>\n<p>Olemme mukana Facebookissa, katso kuvia tapahtumistamme <strong>Eura-S\u00e4kyl\u00e4n Rotaryklubi<\/strong><\/p>\n","protected":false},"excerpt":{"rendered":"<p>Eura-S\u00e4kyl\u00e4n Rotaryklubi\u00a0on aktiivinen sek\u00e4 Euran ett\u00e4 S\u00e4kyl\u00e4n kuntien alueella toimiva\u00a0rotaryklubi. Kokoonnumme\u00a0iltakokoukseen joka toinen tiistai klo\u00a017:30 tapaamaan toisiamme, kuulemaan kiinnostavia esitelmi\u00e4 ja edist\u00e4m\u00e4\u00e4n hyv\u00e4\u00e4 omalla toimialueellamme. Tuemme\u00a0\u00a0kansainv\u00e4lisen Rotaryj\u00e4rjest\u00f6n humanitaarisia projekteja ja edist\u00e4mme l\u00e4hiseudun Olemme mukana Facebookissa, katso kuvia tapahtumistamme Eura-S\u00e4kyl\u00e4n Rotaryklubi<\/p>\n","protected":false},"author":1,"featured_media":0,"parent":0,"menu_order":0,"comment_status":"closed","ping_status":"closed","template":"","meta":{"_acf_changed":false,"_et_pb_use_builder":"off","_et_pb_old_content":"<p>Euran Rotaryklubi on euralainen rotaryklubi. Kokoonnumme tiistaisin 17:30 ravintola Idylliss\u00e4 Euran keskustassa keskutelemaan ja kuuntelemaan esitelmi\u00e4. Osallistumme nuorisovaihtoon ja tuemme Rotaryj\u00e4rjest\u00f6n humanitaarisia projekteja sek\u00e4 paikkakunnan hyvinvointia.<\/p>","_et_gb_content_width":"","footnotes":""},"class_list":["post-129","page","type-page","status-publish","hentry"],"acf":[],"yoast_head":"<!-- This site is optimized with the Yoast SEO plugin v27.0 - https:\/\/yoast.com\/product\/yoast-seo-wordpress\/ -->\n<title>Keit\u00e4 olemme - Eura-S\u00e4kyl\u00e4n Rotaryklubi<\/title>\n<meta name=\"robots\" content=\"index, follow, max-snippet:-1, max-image-preview:large, max-video-preview:-1\" \/>\n<link rel=\"canonical\" href=\"https:\/\/rotary.fi\/eura\/keita-olemme\/\" \/>\n<meta property=\"og:locale\" content=\"fi_FI\" \/>\n<meta property=\"og:type\" content=\"article\" \/>\n<meta property=\"og:title\" content=\"Keit\u00e4 olemme - Eura-S\u00e4kyl\u00e4n Rotaryklubi\" \/>\n<meta property=\"og:description\" content=\"Eura-S\u00e4kyl\u00e4n Rotaryklubi\u00a0on aktiivinen sek\u00e4 Euran ett\u00e4 S\u00e4kyl\u00e4n kuntien alueella toimiva\u00a0rotaryklubi. Kokoonnumme\u00a0iltakokoukseen joka toinen tiistai klo\u00a017:30 tapaamaan toisiamme, kuulemaan kiinnostavia esitelmi\u00e4 ja edist\u00e4m\u00e4\u00e4n hyv\u00e4\u00e4 omalla toimialueellamme. Tuemme\u00a0\u00a0kansainv\u00e4lisen Rotaryj\u00e4rjest\u00f6n humanitaarisia projekteja ja edist\u00e4mme l\u00e4hiseudun Olemme mukana Facebookissa, katso kuvia tapahtumistamme Eura-S\u00e4kyl\u00e4n Rotaryklubi\" \/>\n<meta property=\"og:url\" content=\"https:\/\/rotary.fi\/eura\/keita-olemme\/\" \/>\n<meta property=\"og:site_name\" content=\"Eura-S\u00e4kyl\u00e4n Rotaryklubi\" \/>\n<meta property=\"article:modified_time\" content=\"2024-02-16T10:09:27+00:00\" \/>\n<meta name=\"twitter:card\" content=\"summary_large_image\" \/>\n<meta name=\"twitter:label1\" content=\"Arvioitu lukuaika\" \/>\n\t<meta name=\"twitter:data1\" content=\"1 minuutti\" \/>\n<script type=\"application\/ld+json\" class=\"yoast-schema-graph\">{\"@context\":\"https:\/\/schema.org\",\"@graph\":[{\"@type\":\"WebPage\",\"@id\":\"https:\/\/rotary.fi\/eura\/keita-olemme\/\",\"url\":\"https:\/\/rotary.fi\/eura\/keita-olemme\/\",\"name\":\"Keit\u00e4 olemme - Eura-S\u00e4kyl\u00e4n Rotaryklubi\",\"isPartOf\":{\"@id\":\"https:\/\/rotary.fi\/eura\/#website\"},\"datePublished\":\"2018-08-10T10:41:39+00:00\",\"dateModified\":\"2024-02-16T10:09:27+00:00\",\"breadcrumb\":{\"@id\":\"https:\/\/rotary.fi\/eura\/keita-olemme\/#breadcrumb\"},\"inLanguage\":\"fi\",\"potentialAction\":[{\"@type\":\"ReadAction\",\"target\":[\"https:\/\/rotary.fi\/eura\/keita-olemme\/\"]}]},{\"@type\":\"BreadcrumbList\",\"@id\":\"https:\/\/rotary.fi\/eura\/keita-olemme\/#breadcrumb\",\"itemListElement\":[{\"@type\":\"ListItem\",\"position\":1,\"name\":\"Home\",\"item\":\"https:\/\/rotary.fi\/eura\/\"},{\"@type\":\"ListItem\",\"position\":2,\"name\":\"Keit\u00e4 olemme\"}]},{\"@type\":\"WebSite\",\"@id\":\"https:\/\/rotary.fi\/eura\/#website\",\"url\":\"https:\/\/rotary.fi\/eura\/\",\"name\":\"Euran Rotaryklubi\",\"description\":\"Rotary klubisivusto\",\"publisher\":{\"@id\":\"https:\/\/rotary.fi\/eura\/#organization\"},\"potentialAction\":[{\"@type\":\"SearchAction\",\"target\":{\"@type\":\"EntryPoint\",\"urlTemplate\":\"https:\/\/rotary.fi\/eura\/?s={search_term_string}\"},\"query-input\":{\"@type\":\"PropertyValueSpecification\",\"valueRequired\":true,\"valueName\":\"search_term_string\"}}],\"inLanguage\":\"fi\"},{\"@type\":\"Organization\",\"@id\":\"https:\/\/rotary.fi\/eura\/#organization\",\"name\":\"Euran Rotaryklubi\",\"url\":\"https:\/\/rotary.fi\/eura\/\",\"logo\":{\"@type\":\"ImageObject\",\"inLanguage\":\"fi\",\"@id\":\"https:\/\/rotary.fi\/eura\/#\/schema\/logo\/image\/\",\"url\":\"https:\/\/rotary.fi\/eura\/wp-content\/uploads\/sites\/93\/2018\/08\/rotary-logo-main-2.png\",\"contentUrl\":\"https:\/\/rotary.fi\/eura\/wp-content\/uploads\/sites\/93\/2018\/08\/rotary-logo-main-2.png\",\"width\":135,\"height\":52,\"caption\":\"Euran Rotaryklubi\"},\"image\":{\"@id\":\"https:\/\/rotary.fi\/eura\/#\/schema\/logo\/image\/\"}}]}<\/script>\n<!-- \/ Yoast SEO plugin. -->","yoast_head_json":{"title":"Keit\u00e4 olemme - Eura-S\u00e4kyl\u00e4n Rotaryklubi","robots":{"index":"index","follow":"follow","max-snippet":"max-snippet:-1","max-image-preview":"max-image-preview:large","max-video-preview":"max-video-preview:-1"},"canonical":"https:\/\/rotary.fi\/eura\/keita-olemme\/","og_locale":"fi_FI","og_type":"article","og_title":"Keit\u00e4 olemme - Eura-S\u00e4kyl\u00e4n Rotaryklubi","og_description":"Eura-S\u00e4kyl\u00e4n Rotaryklubi\u00a0on aktiivinen sek\u00e4 Euran ett\u00e4 S\u00e4kyl\u00e4n kuntien alueella toimiva\u00a0rotaryklubi. Kokoonnumme\u00a0iltakokoukseen joka toinen tiistai klo\u00a017:30 tapaamaan toisiamme, kuulemaan kiinnostavia esitelmi\u00e4 ja edist\u00e4m\u00e4\u00e4n hyv\u00e4\u00e4 omalla toimialueellamme. Tuemme\u00a0\u00a0kansainv\u00e4lisen Rotaryj\u00e4rjest\u00f6n humanitaarisia projekteja ja edist\u00e4mme l\u00e4hiseudun Olemme mukana Facebookissa, katso kuvia tapahtumistamme Eura-S\u00e4kyl\u00e4n Rotaryklubi","og_url":"https:\/\/rotary.fi\/eura\/keita-olemme\/","og_site_name":"Eura-S\u00e4kyl\u00e4n Rotaryklubi","article_modified_time":"2024-02-16T10:09:27+00:00","twitter_card":"summary_large_image","twitter_misc":{"Arvioitu lukuaika":"1 minuutti"},"schema":{"@context":"https:\/\/schema.org","@graph":[{"@type":"WebPage","@id":"https:\/\/rotary.fi\/eura\/keita-olemme\/","url":"https:\/\/rotary.fi\/eura\/keita-olemme\/","name":"Keit\u00e4 olemme - Eura-S\u00e4kyl\u00e4n Rotaryklubi","isPartOf":{"@id":"https:\/\/rotary.fi\/eura\/#website"},"datePublished":"2018-08-10T10:41:39+00:00","dateModified":"2024-02-16T10:09:27+00:00","breadcrumb":{"@id":"https:\/\/rotary.fi\/eura\/keita-olemme\/#breadcrumb"},"inLanguage":"fi","potentialAction":[{"@type":"ReadAction","target":["https:\/\/rotary.fi\/eura\/keita-olemme\/"]}]},{"@type":"BreadcrumbList","@id":"https:\/\/rotary.fi\/eura\/keita-olemme\/#breadcrumb","itemListElement":[{"@type":"ListItem","position":1,"name":"Home","item":"https:\/\/rotary.fi\/eura\/"},{"@type":"ListItem","position":2,"name":"Keit\u00e4 olemme"}]},{"@type":"WebSite","@id":"https:\/\/rotary.fi\/eura\/#website","url":"https:\/\/rotary.fi\/eura\/","name":"Euran Rotaryklubi","description":"Rotary klubisivusto","publisher":{"@id":"https:\/\/rotary.fi\/eura\/#organization"},"potentialAction":[{"@type":"SearchAction","target":{"@type":"EntryPoint","urlTemplate":"https:\/\/rotary.fi\/eura\/?s={search_term_string}"},"query-input":{"@type":"PropertyValueSpecification","valueRequired":true,"valueName":"search_term_string"}}],"inLanguage":"fi"},{"@type":"Organization","@id":"https:\/\/rotary.fi\/eura\/#organization","name":"Euran Rotaryklubi","url":"https:\/\/rotary.fi\/eura\/","logo":{"@type":"ImageObject","inLanguage":"fi","@id":"https:\/\/rotary.fi\/eura\/#\/schema\/logo\/image\/","url":"https:\/\/rotary.fi\/eura\/wp-content\/uploads\/sites\/93\/2018\/08\/rotary-logo-main-2.png","contentUrl":"https:\/\/rotary.fi\/eura\/wp-content\/uploads\/sites\/93\/2018\/08\/rotary-logo-main-2.png","width":135,"height":52,"caption":"Euran Rotaryklubi"},"image":{"@id":"https:\/\/rotary.fi\/eura\/#\/schema\/logo\/image\/"}}]}},"lang":"fi","translations":{"fi":129},"pll_sync_post":[],"_links":{"self":[{"href":"https:\/\/rotary.fi\/eura\/wp-json\/wp\/v2\/pages\/129","targetHints":{"allow":["GET"]}}],"collection":[{"href":"https:\/\/rotary.fi\/eura\/wp-json\/wp\/v2\/pages"}],"about":[{"href":"https:\/\/rotary.fi\/eura\/wp-json\/wp\/v2\/types\/page"}],"author":[{"embeddable":true,"href":"https:\/\/rotary.fi\/eura\/wp-json\/wp\/v2\/users\/1"}],"replies":[{"embeddable":true,"href":"https:\/\/rotary.fi\/eura\/wp-json\/wp\/v2\/comments?post=129"}],"version-history":[{"count":10,"href":"https:\/\/rotary.fi\/eura\/wp-json\/wp\/v2\/pages\/129\/revisions"}],"predecessor-version":[{"id":1859,"href":"https:\/\/rotary.fi\/eura\/wp-json\/wp\/v2\/pages\/129\/revisions\/1859"}],"wp:attachment":[{"href":"https:\/\/rotary.fi\/eura\/wp-json\/wp\/v2\/media?parent=129"}],"curies":[{"name":"wp","href":"https:\/\/api.w.org\/{rel}","templated":true}]}}