{"id":156,"date":"2018-08-13T09:46:59","date_gmt":"2018-08-13T06:46:59","guid":{"rendered":"https:\/\/rotary.fi\/espoo\/?page_id=156"},"modified":"2021-01-15T17:10:10","modified_gmt":"2021-01-15T15:10:10","slug":"projektit","status":"publish","type":"page","link":"https:\/\/rotary.fi\/espoo\/mita-teemme\/projektit\/","title":{"rendered":"Projektit"},"content":{"rendered":"<p>[et_pb_section fb_built=&#8221;1&#8243; module_class=&#8221;jumbotron-page&#8221; _builder_version=&#8221;3.22&#8243; background_image=&#8221;https:\/\/rotary.fi\/espoo\/wp-content\/uploads\/sites\/206\/2018\/08\/rotary_klubit_alasivu_paakuva_5.jpg&#8221;][et_pb_row _builder_version=&#8221;3.25&#8243; background_size=&#8221;initial&#8221; background_position=&#8221;top_left&#8221; background_repeat=&#8221;repeat&#8221;][et_pb_column type=&#8221;4_4&#8243; _builder_version=&#8221;3.25&#8243; custom_padding=&#8221;|||&#8221; custom_padding__hover=&#8221;|||&#8221;][et_pb_text admin_label=&#8221;P\u00e4\u00e4otsikko&#8221; _builder_version=&#8221;3.27.4&#8243; text_orientation=&#8221;center&#8221; background_layout=&#8221;dark&#8221;]<\/p>\n<h1>Projektit<\/h1>\n<p>[\/et_pb_text][\/et_pb_column][\/et_pb_row][\/et_pb_section][et_pb_section fb_built=&#8221;1&#8243; specialty=&#8221;on&#8221; module_class_2=&#8221;sivupalkki&#8221; _builder_version=&#8221;3.22&#8243;][et_pb_column type=&#8221;2_3&#8243; specialty_columns=&#8221;2&#8243; _builder_version=&#8221;3.25&#8243; custom_padding=&#8221;|||&#8221; parallax__hover=&#8221;off&#8221; parallax_method__hover=&#8221;on&#8221; custom_padding__hover=&#8221;|||&#8221;][et_pb_row_inner admin_label=&#8221;Rivi&#8221; _builder_version=&#8221;3.25&#8243;][et_pb_column_inner saved_specialty_column_type=&#8221;2_3&#8243; _builder_version=&#8221;3.25&#8243; custom_padding=&#8221;|||&#8221; parallax__hover=&#8221;off&#8221; parallax_method__hover=&#8221;on&#8221; custom_padding__hover=&#8221;|||&#8221;][et_pb_text admin_label=&#8221;Projektit &#8211; Otsikko&#8221; _builder_version=&#8221;3.27.4&#8243; text_orientation=&#8221;center&#8221;]<\/p>\n<h1>Projektit<\/h1>\n<p>[\/et_pb_text][et_pb_text _builder_version=&#8221;4.4.8&#8243; hover_enabled=&#8221;0&#8243;]<\/p>\n<p><span style=\"color: #8300e9\"><strong>HUOM. Esittele klubinne projekti(t) joko t\u00e4ll\u00e4 sivulla tai erillisill\u00e4 sivuilla. Erillisell\u00e4 sivulla kirjoita ensin johdantoteksti t\u00e4lle sivulle ja lis\u00e4\u00e4 linkki\/linkit laajempiin projektikuvauksiin. Jos klubin projektien esittely mahtuu t\u00e4lle sivulle, on hyv\u00e4 k\u00e4ytt\u00e4\u00e4 v\u00e4liotsikoita, teksti\u00e4 ja kuvia.<\/strong><\/span><\/p>\n<p>Rotary on palveluj\u00e4rjest\u00f6. Toimimme tunnuslauseemme Palvelu itsekkyyden edelle (Service above self) mukaisesti paikallisesti ja maailmanlaajuisesti. Kansainv\u00e4linen humanit\u00e4\u00e4rinen palvelumme toteutuu Rotarys\u00e4\u00e4ti\u00f6mme koordinoimana ja hyv\u00e4ksyttyjen kumppaneiden kanssa.<\/p>\n<p><strong>Klubin 1. Projektin esittely.<\/strong><br \/><strong>Tarvittaessa alasivu ja linkki sivulle.\u00a0<\/strong><\/p>\n<p>Hyv\u00e4t sisaret ja veljet,<\/p>\n<p>T\u00e4m\u00e4n viikonvaihteen L\u00e4nsiv\u00e4yl\u00e4ss\u00e4 on iso juttu klubimme j\u00e4senest\u00e4 Jari Nybergist\u00e4. Jutussa tulee hyvin esille Matinkyl\u00e4\u00e4n valmistuva lasten ja nuorten j\u00e4\u00e4urheilukeskus.<\/p>\n<p>T\u00e4m\u00e4 keskus on klubimme projektikohde t\u00e4n\u00e4 vuonna.<\/p>\n<p>Antoisia tutustumishetki\u00e4!<\/p>\n<p><a href=\"https:\/\/www.lansivayla.fi\/paikalliset\/3116438\" target=\"_blank\" rel=\"noopener noreferrer\">25.9.2020 Matinkyl\u00e4n j\u00e4\u00e4urheilukeskuksen rakentaminen etenee aikataulussa<\/a><\/p>\n<p><a href=\"https:\/\/www.lansivayla.fi\/paikalliset\/3216553\" target=\"_blank\" rel=\"noopener noreferrer\">10.1.2021\u00a0Jari Nyberg on luotsannut yli 20 vuotta yhdistyst\u00e4, jonka ansiosta Espoossa on j\u00e4\u00e4halleja: Matinkyl\u00e4\u00e4n nouseva &#8221;maamme hienoin&#8221; urheilukeskus on h\u00e4nelle unelmien t\u00e4yttymys<\/a><\/p>\n<p>T. Pertti J\u00e4rvenp\u00e4\u00e4<\/p>\n<p>&nbsp;<\/p>\n<p><strong>Klubin 2. Projektin esittely.<\/strong><br \/><strong>Tarvittaessa alasivu ja linkki sivulle.<\/strong><\/p>\n<p><strong>Osallistumme my\u00f6s l\u00e4hiklubien kanssa yhteiseen projektiin.<\/strong><br \/><strong> Yhteisprojektin esittely. Tarvittaessa alasivu ja linkki sivulle.<\/strong><\/p>\n<p>[\/et_pb_text][\/et_pb_column_inner][\/et_pb_row_inner][\/et_pb_column][et_pb_column type=&#8221;1_3&#8243; module_class=&#8221;sivupalkki&#8221; _builder_version=&#8221;3.25&#8243; custom_padding=&#8221;|||&#8221; parallax__hover=&#8221;off&#8221; parallax_method__hover=&#8221;on&#8221; module_class__hover=&#8221;sivupalkki&#8221; custom_padding__hover=&#8221;|||&#8221;][et_pb_sidebar area=&#8221;sidebar-1&#8243; module_class=&#8221;sivupalkki_sisalto&#8221; _builder_version=&#8221;3.4.1&#8243; locked=&#8221;on&#8221;][\/et_pb_sidebar][\/et_pb_column][\/et_pb_section]<\/p>\n","protected":false},"excerpt":{"rendered":"<p>Projektit Projektit HUOM. Esittele klubinne projekti(t) joko t\u00e4ll\u00e4 sivulla tai erillisill\u00e4 sivuilla. Erillisell\u00e4 sivulla kirjoita ensin johdantoteksti t\u00e4lle sivulle ja lis\u00e4\u00e4 linkki\/linkit laajempiin projektikuvauksiin. Jos klubin projektien esittely mahtuu t\u00e4lle sivulle, on hyv\u00e4 k\u00e4ytt\u00e4\u00e4 v\u00e4liotsikoita, teksti\u00e4 ja kuvia. Rotary on palveluj\u00e4rjest\u00f6. Toimimme tunnuslauseemme Palvelu itsekkyyden edelle (Service above self) mukaisesti paikallisesti ja maailmanlaajuisesti. Kansainv\u00e4linen humanit\u00e4\u00e4rinen [&hellip;]<\/p>\n","protected":false},"author":1,"featured_media":0,"parent":77,"menu_order":0,"comment_status":"closed","ping_status":"closed","template":"","meta":{"_acf_changed":false,"_et_pb_use_builder":"on","_et_pb_old_content":"","_et_gb_content_width":"","footnotes":""},"class_list":["post-156","page","type-page","status-publish","hentry"],"acf":[],"yoast_head":"<!-- This site is optimized with the Yoast SEO plugin v27.0 - https:\/\/yoast.com\/product\/yoast-seo-wordpress\/ -->\n<title>Projektit - Espoon Rotaryklubi<\/title>\n<meta name=\"robots\" content=\"index, follow, max-snippet:-1, max-image-preview:large, max-video-preview:-1\" \/>\n<link rel=\"canonical\" href=\"https:\/\/rotary.fi\/espoo\/mita-teemme\/projektit\/\" \/>\n<meta property=\"og:locale\" content=\"fi_FI\" \/>\n<meta property=\"og:type\" content=\"article\" \/>\n<meta property=\"og:title\" content=\"Projektit - Espoon Rotaryklubi\" \/>\n<meta property=\"og:description\" content=\"Projektit Projektit HUOM. Esittele klubinne projekti(t) joko t\u00e4ll\u00e4 sivulla tai erillisill\u00e4 sivuilla. Erillisell\u00e4 sivulla kirjoita ensin johdantoteksti t\u00e4lle sivulle ja lis\u00e4\u00e4 linkki\/linkit laajempiin projektikuvauksiin. Jos klubin projektien esittely mahtuu t\u00e4lle sivulle, on hyv\u00e4 k\u00e4ytt\u00e4\u00e4 v\u00e4liotsikoita, teksti\u00e4 ja kuvia. Rotary on palveluj\u00e4rjest\u00f6. Toimimme tunnuslauseemme Palvelu itsekkyyden edelle (Service above self) mukaisesti paikallisesti ja maailmanlaajuisesti. Kansainv\u00e4linen humanit\u00e4\u00e4rinen [&hellip;]\" \/>\n<meta property=\"og:url\" content=\"https:\/\/rotary.fi\/espoo\/mita-teemme\/projektit\/\" \/>\n<meta property=\"og:site_name\" content=\"Espoon Rotaryklubi\" \/>\n<meta property=\"article:modified_time\" content=\"2021-01-15T15:10:10+00:00\" \/>\n<meta name=\"twitter:card\" content=\"summary_large_image\" \/>\n<meta name=\"twitter:label1\" content=\"Arvioitu lukuaika\" \/>\n\t<meta name=\"twitter:data1\" content=\"2 minuuttia\" \/>\n<script type=\"application\/ld+json\" class=\"yoast-schema-graph\">{\"@context\":\"https:\/\/schema.org\",\"@graph\":[{\"@type\":\"WebPage\",\"@id\":\"https:\/\/rotary.fi\/espoo\/mita-teemme\/projektit\/\",\"url\":\"https:\/\/rotary.fi\/espoo\/mita-teemme\/projektit\/\",\"name\":\"Projektit - Espoon Rotaryklubi\",\"isPartOf\":{\"@id\":\"https:\/\/rotary.fi\/espoo\/#website\"},\"datePublished\":\"2018-08-13T06:46:59+00:00\",\"dateModified\":\"2021-01-15T15:10:10+00:00\",\"breadcrumb\":{\"@id\":\"https:\/\/rotary.fi\/espoo\/mita-teemme\/projektit\/#breadcrumb\"},\"inLanguage\":\"fi\",\"potentialAction\":[{\"@type\":\"ReadAction\",\"target\":[\"https:\/\/rotary.fi\/espoo\/mita-teemme\/projektit\/\"]}]},{\"@type\":\"BreadcrumbList\",\"@id\":\"https:\/\/rotary.fi\/espoo\/mita-teemme\/projektit\/#breadcrumb\",\"itemListElement\":[{\"@type\":\"ListItem\",\"position\":1,\"name\":\"Home\",\"item\":\"https:\/\/rotary.fi\/espoo\/\"},{\"@type\":\"ListItem\",\"position\":2,\"name\":\"Mit\u00e4 teemme\",\"item\":\"https:\/\/rotary.fi\/espoo\/mita-teemme\/\"},{\"@type\":\"ListItem\",\"position\":3,\"name\":\"Projektit\"}]},{\"@type\":\"WebSite\",\"@id\":\"https:\/\/rotary.fi\/espoo\/#website\",\"url\":\"https:\/\/rotary.fi\/espoo\/\",\"name\":\"Espoon Rotaryklubi\",\"description\":\"Uusi Rotary klubisivusto\",\"potentialAction\":[{\"@type\":\"SearchAction\",\"target\":{\"@type\":\"EntryPoint\",\"urlTemplate\":\"https:\/\/rotary.fi\/espoo\/?s={search_term_string}\"},\"query-input\":{\"@type\":\"PropertyValueSpecification\",\"valueRequired\":true,\"valueName\":\"search_term_string\"}}],\"inLanguage\":\"fi\"}]}<\/script>\n<!-- \/ Yoast SEO plugin. -->","yoast_head_json":{"title":"Projektit - Espoon Rotaryklubi","robots":{"index":"index","follow":"follow","max-snippet":"max-snippet:-1","max-image-preview":"max-image-preview:large","max-video-preview":"max-video-preview:-1"},"canonical":"https:\/\/rotary.fi\/espoo\/mita-teemme\/projektit\/","og_locale":"fi_FI","og_type":"article","og_title":"Projektit - Espoon Rotaryklubi","og_description":"Projektit Projektit HUOM. Esittele klubinne projekti(t) joko t\u00e4ll\u00e4 sivulla tai erillisill\u00e4 sivuilla. Erillisell\u00e4 sivulla kirjoita ensin johdantoteksti t\u00e4lle sivulle ja lis\u00e4\u00e4 linkki\/linkit laajempiin projektikuvauksiin. Jos klubin projektien esittely mahtuu t\u00e4lle sivulle, on hyv\u00e4 k\u00e4ytt\u00e4\u00e4 v\u00e4liotsikoita, teksti\u00e4 ja kuvia. Rotary on palveluj\u00e4rjest\u00f6. Toimimme tunnuslauseemme Palvelu itsekkyyden edelle (Service above self) mukaisesti paikallisesti ja maailmanlaajuisesti. Kansainv\u00e4linen humanit\u00e4\u00e4rinen [&hellip;]","og_url":"https:\/\/rotary.fi\/espoo\/mita-teemme\/projektit\/","og_site_name":"Espoon Rotaryklubi","article_modified_time":"2021-01-15T15:10:10+00:00","twitter_card":"summary_large_image","twitter_misc":{"Arvioitu lukuaika":"2 minuuttia"},"schema":{"@context":"https:\/\/schema.org","@graph":[{"@type":"WebPage","@id":"https:\/\/rotary.fi\/espoo\/mita-teemme\/projektit\/","url":"https:\/\/rotary.fi\/espoo\/mita-teemme\/projektit\/","name":"Projektit - Espoon Rotaryklubi","isPartOf":{"@id":"https:\/\/rotary.fi\/espoo\/#website"},"datePublished":"2018-08-13T06:46:59+00:00","dateModified":"2021-01-15T15:10:10+00:00","breadcrumb":{"@id":"https:\/\/rotary.fi\/espoo\/mita-teemme\/projektit\/#breadcrumb"},"inLanguage":"fi","potentialAction":[{"@type":"ReadAction","target":["https:\/\/rotary.fi\/espoo\/mita-teemme\/projektit\/"]}]},{"@type":"BreadcrumbList","@id":"https:\/\/rotary.fi\/espoo\/mita-teemme\/projektit\/#breadcrumb","itemListElement":[{"@type":"ListItem","position":1,"name":"Home","item":"https:\/\/rotary.fi\/espoo\/"},{"@type":"ListItem","position":2,"name":"Mit\u00e4 teemme","item":"https:\/\/rotary.fi\/espoo\/mita-teemme\/"},{"@type":"ListItem","position":3,"name":"Projektit"}]},{"@type":"WebSite","@id":"https:\/\/rotary.fi\/espoo\/#website","url":"https:\/\/rotary.fi\/espoo\/","name":"Espoon Rotaryklubi","description":"Uusi Rotary klubisivusto","potentialAction":[{"@type":"SearchAction","target":{"@type":"EntryPoint","urlTemplate":"https:\/\/rotary.fi\/espoo\/?s={search_term_string}"},"query-input":{"@type":"PropertyValueSpecification","valueRequired":true,"valueName":"search_term_string"}}],"inLanguage":"fi"}]}},"lang":"fi","translations":{"fi":156},"pll_sync_post":[],"_links":{"self":[{"href":"https:\/\/rotary.fi\/espoo\/wp-json\/wp\/v2\/pages\/156","targetHints":{"allow":["GET"]}}],"collection":[{"href":"https:\/\/rotary.fi\/espoo\/wp-json\/wp\/v2\/pages"}],"about":[{"href":"https:\/\/rotary.fi\/espoo\/wp-json\/wp\/v2\/types\/page"}],"author":[{"embeddable":true,"href":"https:\/\/rotary.fi\/espoo\/wp-json\/wp\/v2\/users\/1"}],"replies":[{"embeddable":true,"href":"https:\/\/rotary.fi\/espoo\/wp-json\/wp\/v2\/comments?post=156"}],"version-history":[{"count":9,"href":"https:\/\/rotary.fi\/espoo\/wp-json\/wp\/v2\/pages\/156\/revisions"}],"predecessor-version":[{"id":1743,"href":"https:\/\/rotary.fi\/espoo\/wp-json\/wp\/v2\/pages\/156\/revisions\/1743"}],"up":[{"embeddable":true,"href":"https:\/\/rotary.fi\/espoo\/wp-json\/wp\/v2\/pages\/77"}],"wp:attachment":[{"href":"https:\/\/rotary.fi\/espoo\/wp-json\/wp\/v2\/media?parent=156"}],"curies":[{"name":"wp","href":"https:\/\/api.w.org\/{rel}","templated":true}]}}