{"id":154,"date":"2018-08-13T09:35:27","date_gmt":"2018-08-13T06:35:27","guid":{"rendered":"https:\/\/rotary.fi\/espoo\/?page_id=154"},"modified":"2025-08-30T14:21:13","modified_gmt":"2025-08-30T11:21:13","slug":"nuorisovaihto","status":"publish","type":"page","link":"https:\/\/rotary.fi\/espoo\/mita-teemme\/nuorisovaihto\/","title":{"rendered":"Nuorisovaihto"},"content":{"rendered":"<p>Kauden 2026-2027 vaihto-oppilaiden hakuaika on syyskuu 2025. Tarkemmat kuvaukset ovat osoitteessa <a href=\"http:\/\/www.rye.fi\" target=\"_blank\" rel=\"noopener\">www.rye.fi<\/a><\/p>\n<p>Vapaamuotoisen hakemuksen voi l\u00e4hett\u00e4\u00e4 osoitteella <a href=\"mailto:pp.jarvenpaa@pp.inet.fi?subject=Hakemus Rotary-nuorisovaihtoon\">pp.jarvenpaa@pp.inet.fi<\/a><\/p>\n","protected":false},"excerpt":{"rendered":"<p>Kauden 2026-2027 vaihto-oppilaiden hakuaika on syyskuu 2025. Tarkemmat kuvaukset ovat osoitteessa www.rye.fi Vapaamuotoisen hakemuksen voi l\u00e4hett\u00e4\u00e4 osoitteella pp.jarvenpaa@pp.inet.fi<\/p>\n","protected":false},"author":1,"featured_media":0,"parent":77,"menu_order":0,"comment_status":"closed","ping_status":"closed","template":"","meta":{"_acf_changed":false,"_et_pb_use_builder":"off","_et_pb_old_content":"","_et_gb_content_width":"","footnotes":""},"class_list":["post-154","page","type-page","status-publish","hentry"],"acf":[],"yoast_head":"<!-- This site is optimized with the Yoast SEO plugin v27.0 - https:\/\/yoast.com\/product\/yoast-seo-wordpress\/ -->\n<title>Nuorisovaihto - Espoon Rotaryklubi<\/title>\n<meta name=\"robots\" content=\"index, follow, max-snippet:-1, max-image-preview:large, max-video-preview:-1\" \/>\n<link rel=\"canonical\" href=\"https:\/\/rotary.fi\/espoo\/mita-teemme\/nuorisovaihto\/\" \/>\n<meta property=\"og:locale\" content=\"fi_FI\" \/>\n<meta property=\"og:type\" content=\"article\" \/>\n<meta property=\"og:title\" content=\"Nuorisovaihto - Espoon Rotaryklubi\" \/>\n<meta property=\"og:description\" content=\"Kauden 2026-2027 vaihto-oppilaiden hakuaika on syyskuu 2025. Tarkemmat kuvaukset ovat osoitteessa www.rye.fi Vapaamuotoisen hakemuksen voi l\u00e4hett\u00e4\u00e4 osoitteella pp.jarvenpaa@pp.inet.fi\" \/>\n<meta property=\"og:url\" content=\"https:\/\/rotary.fi\/espoo\/mita-teemme\/nuorisovaihto\/\" \/>\n<meta property=\"og:site_name\" content=\"Espoon Rotaryklubi\" \/>\n<meta property=\"article:modified_time\" content=\"2025-08-30T11:21:13+00:00\" \/>\n<meta name=\"twitter:card\" content=\"summary_large_image\" \/>\n<meta name=\"twitter:label1\" content=\"Arvioitu lukuaika\" \/>\n\t<meta name=\"twitter:data1\" content=\"1 minuutti\" \/>\n<script type=\"application\/ld+json\" class=\"yoast-schema-graph\">{\"@context\":\"https:\/\/schema.org\",\"@graph\":[{\"@type\":\"WebPage\",\"@id\":\"https:\/\/rotary.fi\/espoo\/mita-teemme\/nuorisovaihto\/\",\"url\":\"https:\/\/rotary.fi\/espoo\/mita-teemme\/nuorisovaihto\/\",\"name\":\"Nuorisovaihto - Espoon Rotaryklubi\",\"isPartOf\":{\"@id\":\"https:\/\/rotary.fi\/espoo\/#website\"},\"datePublished\":\"2018-08-13T06:35:27+00:00\",\"dateModified\":\"2025-08-30T11:21:13+00:00\",\"breadcrumb\":{\"@id\":\"https:\/\/rotary.fi\/espoo\/mita-teemme\/nuorisovaihto\/#breadcrumb\"},\"inLanguage\":\"fi\",\"potentialAction\":[{\"@type\":\"ReadAction\",\"target\":[\"https:\/\/rotary.fi\/espoo\/mita-teemme\/nuorisovaihto\/\"]}]},{\"@type\":\"BreadcrumbList\",\"@id\":\"https:\/\/rotary.fi\/espoo\/mita-teemme\/nuorisovaihto\/#breadcrumb\",\"itemListElement\":[{\"@type\":\"ListItem\",\"position\":1,\"name\":\"Home\",\"item\":\"https:\/\/rotary.fi\/espoo\/\"},{\"@type\":\"ListItem\",\"position\":2,\"name\":\"Mit\u00e4 teemme\",\"item\":\"https:\/\/rotary.fi\/espoo\/mita-teemme\/\"},{\"@type\":\"ListItem\",\"position\":3,\"name\":\"Nuorisovaihto\"}]},{\"@type\":\"WebSite\",\"@id\":\"https:\/\/rotary.fi\/espoo\/#website\",\"url\":\"https:\/\/rotary.fi\/espoo\/\",\"name\":\"Espoon Rotaryklubi\",\"description\":\"Uusi Rotary klubisivusto\",\"potentialAction\":[{\"@type\":\"SearchAction\",\"target\":{\"@type\":\"EntryPoint\",\"urlTemplate\":\"https:\/\/rotary.fi\/espoo\/?s={search_term_string}\"},\"query-input\":{\"@type\":\"PropertyValueSpecification\",\"valueRequired\":true,\"valueName\":\"search_term_string\"}}],\"inLanguage\":\"fi\"}]}<\/script>\n<!-- \/ Yoast SEO plugin. -->","yoast_head_json":{"title":"Nuorisovaihto - Espoon Rotaryklubi","robots":{"index":"index","follow":"follow","max-snippet":"max-snippet:-1","max-image-preview":"max-image-preview:large","max-video-preview":"max-video-preview:-1"},"canonical":"https:\/\/rotary.fi\/espoo\/mita-teemme\/nuorisovaihto\/","og_locale":"fi_FI","og_type":"article","og_title":"Nuorisovaihto - Espoon Rotaryklubi","og_description":"Kauden 2026-2027 vaihto-oppilaiden hakuaika on syyskuu 2025. Tarkemmat kuvaukset ovat osoitteessa www.rye.fi Vapaamuotoisen hakemuksen voi l\u00e4hett\u00e4\u00e4 osoitteella pp.jarvenpaa@pp.inet.fi","og_url":"https:\/\/rotary.fi\/espoo\/mita-teemme\/nuorisovaihto\/","og_site_name":"Espoon Rotaryklubi","article_modified_time":"2025-08-30T11:21:13+00:00","twitter_card":"summary_large_image","twitter_misc":{"Arvioitu lukuaika":"1 minuutti"},"schema":{"@context":"https:\/\/schema.org","@graph":[{"@type":"WebPage","@id":"https:\/\/rotary.fi\/espoo\/mita-teemme\/nuorisovaihto\/","url":"https:\/\/rotary.fi\/espoo\/mita-teemme\/nuorisovaihto\/","name":"Nuorisovaihto - Espoon Rotaryklubi","isPartOf":{"@id":"https:\/\/rotary.fi\/espoo\/#website"},"datePublished":"2018-08-13T06:35:27+00:00","dateModified":"2025-08-30T11:21:13+00:00","breadcrumb":{"@id":"https:\/\/rotary.fi\/espoo\/mita-teemme\/nuorisovaihto\/#breadcrumb"},"inLanguage":"fi","potentialAction":[{"@type":"ReadAction","target":["https:\/\/rotary.fi\/espoo\/mita-teemme\/nuorisovaihto\/"]}]},{"@type":"BreadcrumbList","@id":"https:\/\/rotary.fi\/espoo\/mita-teemme\/nuorisovaihto\/#breadcrumb","itemListElement":[{"@type":"ListItem","position":1,"name":"Home","item":"https:\/\/rotary.fi\/espoo\/"},{"@type":"ListItem","position":2,"name":"Mit\u00e4 teemme","item":"https:\/\/rotary.fi\/espoo\/mita-teemme\/"},{"@type":"ListItem","position":3,"name":"Nuorisovaihto"}]},{"@type":"WebSite","@id":"https:\/\/rotary.fi\/espoo\/#website","url":"https:\/\/rotary.fi\/espoo\/","name":"Espoon Rotaryklubi","description":"Uusi Rotary klubisivusto","potentialAction":[{"@type":"SearchAction","target":{"@type":"EntryPoint","urlTemplate":"https:\/\/rotary.fi\/espoo\/?s={search_term_string}"},"query-input":{"@type":"PropertyValueSpecification","valueRequired":true,"valueName":"search_term_string"}}],"inLanguage":"fi"}]}},"lang":"fi","translations":{"fi":154},"pll_sync_post":[],"_links":{"self":[{"href":"https:\/\/rotary.fi\/espoo\/wp-json\/wp\/v2\/pages\/154","targetHints":{"allow":["GET"]}}],"collection":[{"href":"https:\/\/rotary.fi\/espoo\/wp-json\/wp\/v2\/pages"}],"about":[{"href":"https:\/\/rotary.fi\/espoo\/wp-json\/wp\/v2\/types\/page"}],"author":[{"embeddable":true,"href":"https:\/\/rotary.fi\/espoo\/wp-json\/wp\/v2\/users\/1"}],"replies":[{"embeddable":true,"href":"https:\/\/rotary.fi\/espoo\/wp-json\/wp\/v2\/comments?post=154"}],"version-history":[{"count":11,"href":"https:\/\/rotary.fi\/espoo\/wp-json\/wp\/v2\/pages\/154\/revisions"}],"predecessor-version":[{"id":2170,"href":"https:\/\/rotary.fi\/espoo\/wp-json\/wp\/v2\/pages\/154\/revisions\/2170"}],"up":[{"embeddable":true,"href":"https:\/\/rotary.fi\/espoo\/wp-json\/wp\/v2\/pages\/77"}],"wp:attachment":[{"href":"https:\/\/rotary.fi\/espoo\/wp-json\/wp\/v2\/media?parent=154"}],"curies":[{"name":"wp","href":"https:\/\/api.w.org\/{rel}","templated":true}]}}