{"id":658,"date":"2018-04-09T13:45:43","date_gmt":"2018-04-09T11:45:43","guid":{"rendered":"http:\/\/rotary.fi\/piirisivusto\/?page_id=658"},"modified":"2019-05-02T12:11:56","modified_gmt":"2019-05-02T10:11:56","slug":"kiinnostaako-jasenyys","status":"publish","type":"page","link":"https:\/\/rotary.fi\/dxxxx\/kiinnostaako-jasenyys\/","title":{"rendered":"Kiinnostaako j\u00e4senyys?"},"content":{"rendered":"<p>[et_pb_section bb_built=&#8221;1&#8243; module_class=&#8221;jumbotron-page&#8221; _builder_version=&#8221;3.0.105&#8243; background_image=&#8221;http:\/\/rotary.fi\/piirisivusto\/wp-content\/uploads\/sites\/165\/2018\/04\/paakuva_liity_mukaan.jpg&#8221; next_background_color=&#8221;#ffffff&#8221; inner_width=&#8221;auto&#8221; inner_max_width=&#8221;none&#8221;][et_pb_row make_fullwidth=&#8221;on&#8221; _builder_version=&#8221;3.0.105&#8243; module_class=&#8221; et_pb_row_fullwidth&#8221; width=&#8221;89%&#8221; width_tablet=&#8221;80%&#8221; width_last_edited=&#8221;on|desktop&#8221; max_width=&#8221;89%&#8221; max_width_tablet=&#8221;80%&#8221; max_width_last_edited=&#8221;on|desktop&#8221;][et_pb_column type=&#8221;4_4&#8243;][et_pb_text admin_label=&#8221;Kiinnostaako j\u00e4senyys? -otsikko&#8221; _builder_version=&#8221;3.21&#8243; text_orientation=&#8221;center&#8221; background_layout=&#8221;dark&#8221;]<\/p>\n<h1>Kiinnostaako j\u00e4senyys?<\/h1>\n<p>[\/et_pb_text][\/et_pb_column][\/et_pb_row][\/et_pb_section][et_pb_section bb_built=&#8221;1&#8243; _builder_version=&#8221;3.21&#8243; background_size=&#8221;initial&#8221; background_position=&#8221;top_left&#8221; background_repeat=&#8221;repeat&#8221; prev_background_color=&#8221;#000000&#8243; next_background_color=&#8221;#018d8d&#8221; module_class=&#8221;sisaltoalue_perus&#8221; inner_width=&#8221;auto&#8221; inner_max_width=&#8221;none&#8221;][et_pb_row custom_padding=&#8221;46.6875px|0px|63px|0px&#8221; custom_padding_last_edited=&#8221;on|phone&#8221; _builder_version=&#8221;3.0.105&#8243; width=&#8221;80%&#8221; max_width=&#8221;1080px&#8221;][et_pb_column type=&#8221;4_4&#8243;][et_pb_text admin_label=&#8221;Kiinnostaako j\u00e4senyys? -otsikko&#8221; _builder_version=&#8221;3.21&#8243; text_orientation=&#8221;center&#8221;]<\/p>\n<h1>Kiinnostaako j\u00e4senyys?<\/h1>\n<p>[\/et_pb_text][et_pb_text _builder_version=&#8221;3.21&#8243; custom_margin=&#8221;||60px|&#8221;]<\/p>\n<p>Rotaryyn kannattaa liitty\u00e4, jos haluat olla kehitt\u00e4m\u00e4ss\u00e4 omaa paikkakuntaasi tai olla rakentamassa parempaa maailmaa. Rotary yhdist\u00e4\u00e4 samoin ajattelevia ihmisi\u00e4, ja yhdess\u00e4 toimimalla voimme saada aikaa enemm\u00e4n. Rotarina tutustut oman paikkakuntasi vaikuttajiin, ja sinulle avautuu niin halutessasi n\u00e4k\u00f6aloja my\u00f6s kansainv\u00e4liseen toimintaan. Olemme maailmanlaajuinen verkosto, joka tarjoaa paljon erilaisia mahdollisuuksia.<\/p>\n<p>Kymmenen hyv\u00e4\u00e4 syyt\u00e4 olla rotari<\/p>\n<p><strong>Rotarina voit<\/strong><\/p>\n<ol>\n<li><strong>palvella ja k\u00e4ytt\u00e4\u00e4 omaa osaamistasi<\/strong><\/li>\n<li><strong>verkostoitua ammatillisesti<\/strong><\/li>\n<li><strong>kasvaa ja kehitty\u00e4 ihmisen\u00e4<\/strong><\/li>\n<li><strong>solmia uusia yst\u00e4vyyssuhteita\u00a0<\/strong><\/li>\n<li><strong>p\u00e4\u00e4st\u00e4 osalliseksi kulttuurien monimuotoisuudesta<\/strong><\/li>\n<li><strong>toimia hyv\u00e4n\u00e4 yhteiskunnan j\u00e4senen\u00e4<\/strong><\/li>\n<li><strong>edist\u00e4\u00e4 maailmanlaajuista yhteisymm\u00e4rryst\u00e4<\/strong><\/li>\n<li><strong>viihty\u00e4 ja kokea uusia asioita<\/strong><\/li>\n<li><strong>olla mukana nuorisovaihdossa ja ottaa halutessasi kotiisi vaihto-oppilaan<\/strong><\/li>\n<li><strong>olla mukana eettisess\u00e4 toiminnassa.<\/strong><\/li>\n<\/ol>\n<p>Tarjoamme mahdollisuuden osallistua my\u00f6s nuorille <a href=\"https:\/\/rotary.fi\/mita-teemme\/nuorisopalvelut\/interact\/\" target=\"_blank\" rel=\"noopener noreferrer\">Interact<\/a>&#8211; ja <a href=\"https:\/\/rotary.fi\/mita-teemme\/nuorisopalvelut\/rotaract\/\">Rotaract<\/a>-toiminnan kautta.<\/p>\n<p>[\/et_pb_text][\/et_pb_column][\/et_pb_row][\/et_pb_section][et_pb_section bb_built=&#8221;1&#8243; admin_label=&#8221;Club Finder Osio&#8221; specialty=&#8221;off&#8221; prev_background_color=&#8221;#ffffff&#8221; _builder_version=&#8221;3.4.1&#8243; background_color=&#8221;#018d8d&#8221; collapsed=&#8221;off&#8221; locked=&#8221;off&#8221; inner_width=&#8221;auto&#8221; inner_max_width=&#8221;none&#8221; global_module=&#8221;791&#8243;][et_pb_row global_parent=&#8221;791&#8243; _builder_version=&#8221;3.4.1&#8243; module_alignment=&#8221;center&#8221; make_fullwidth=&#8221;on&#8221; module_class=&#8221;club-finder-nosto et_pb_row_fullwidth et_pb_row_fullwidth&#8221; parent_locked=&#8221;off&#8221; padding_bottom_2=&#8221;50px&#8221; width=&#8221;89%&#8221; width_tablet=&#8221;80%&#8221; width_last_edited=&#8221;on|desktop&#8221; max_width=&#8221;89%&#8221; max_width_tablet=&#8221;80%&#8221; max_width_last_edited=&#8221;on|desktop&#8221;][et_pb_column type=&#8221;1_4&#8243;][\/et_pb_column][et_pb_column type=&#8221;1_2&#8243;][et_pb_text admin_label=&#8221;Club Finder &#8211; nostoalue&#8221; global_parent=&#8221;791&#8243; _builder_version=&#8221;3.4.1&#8243; background_layout=&#8221;dark&#8221; text_orientation=&#8221;center&#8221; parent_locked=&#8221;off&#8221;]<\/p>\n<h1>Club Finderilla l\u00f6yd\u00e4t l\u00e4himm\u00e4n rotaryklubin<\/h1>\n<h4>Kuusi piiri\u00e4, 300 klubia. Club Finder l\u00f6yt\u00e4\u00e4 juuri sinulle l\u00e4himm\u00e4n rotaryklubin yhteystietoineen.<\/h4>\n<p>[\/et_pb_text][et_pb_button admin_label=&#8221;Club Finder -painike&#8221; global_parent=&#8221;791&#8243; _builder_version=&#8221;3.0.105&#8243; button_text=&#8221;Club Finder&#8221; button_url=&#8221;https:\/\/my.rotary.org\/en\/search\/club-finder&#8221; url_new_window=&#8221;on&#8221; background_layout=&#8221;dark&#8221; custom_button=&#8221;on&#8221; button_icon_placement=&#8221;right&#8221; button_alignment=&#8221;center&#8221; button_border_color=&#8221;#f8f9fa&#8221; custom_margin=&#8221;||20px|&#8221; parent_locked=&#8221;off&#8221; button_text_size__hover_enabled=&#8221;off&#8221; button_text_size__hover=&#8221;null&#8221; button_one_text_size__hover_enabled=&#8221;off&#8221; button_one_text_size__hover=&#8221;null&#8221; button_two_text_size__hover_enabled=&#8221;off&#8221; button_two_text_size__hover=&#8221;null&#8221; button_text_color__hover_enabled=&#8221;off&#8221; button_text_color__hover=&#8221;null&#8221; button_one_text_color__hover_enabled=&#8221;off&#8221; button_one_text_color__hover=&#8221;null&#8221; button_two_text_color__hover_enabled=&#8221;off&#8221; button_two_text_color__hover=&#8221;null&#8221; button_border_width__hover_enabled=&#8221;off&#8221; button_border_width__hover=&#8221;null&#8221; button_one_border_width__hover_enabled=&#8221;off&#8221; button_one_border_width__hover=&#8221;null&#8221; button_two_border_width__hover_enabled=&#8221;off&#8221; button_two_border_width__hover=&#8221;null&#8221; button_border_color__hover_enabled=&#8221;off&#8221; button_border_color__hover=&#8221;null&#8221; button_one_border_color__hover_enabled=&#8221;off&#8221; button_one_border_color__hover=&#8221;null&#8221; button_two_border_color__hover_enabled=&#8221;off&#8221; button_two_border_color__hover=&#8221;null&#8221; button_border_radius__hover_enabled=&#8221;off&#8221; button_border_radius__hover=&#8221;null&#8221; button_one_border_radius__hover_enabled=&#8221;off&#8221; button_one_border_radius__hover=&#8221;null&#8221; button_two_border_radius__hover_enabled=&#8221;off&#8221; button_two_border_radius__hover=&#8221;null&#8221; button_letter_spacing__hover_enabled=&#8221;off&#8221; button_letter_spacing__hover=&#8221;null&#8221; button_one_letter_spacing__hover_enabled=&#8221;off&#8221; button_one_letter_spacing__hover=&#8221;null&#8221; button_two_letter_spacing__hover_enabled=&#8221;off&#8221; button_two_letter_spacing__hover=&#8221;null&#8221; button_bg_color__hover_enabled=&#8221;off&#8221; button_bg_color__hover=&#8221;null&#8221; button_one_bg_color__hover_enabled=&#8221;off&#8221; button_one_bg_color__hover=&#8221;null&#8221; button_two_bg_color__hover_enabled=&#8221;off&#8221; button_two_bg_color__hover=&#8221;null&#8221; \/][\/et_pb_column][et_pb_column type=&#8221;1_4&#8243;][\/et_pb_column][\/et_pb_row][\/et_pb_section]<\/p>\n","protected":false},"excerpt":{"rendered":"<p>Kiinnostaako j\u00e4senyys? Kiinnostaako j\u00e4senyys? Rotaryyn kannattaa liitty\u00e4, jos haluat olla kehitt\u00e4m\u00e4ss\u00e4 omaa paikkakuntaasi tai olla rakentamassa parempaa maailmaa. Rotary yhdist\u00e4\u00e4 samoin ajattelevia ihmisi\u00e4, ja yhdess\u00e4 toimimalla voimme saada aikaa enemm\u00e4n. Rotarina tutustut oman paikkakuntasi vaikuttajiin, ja sinulle avautuu niin halutessasi n\u00e4k\u00f6aloja my\u00f6s kansainv\u00e4liseen toimintaan. Olemme maailmanlaajuinen verkosto, joka tarjoaa paljon erilaisia mahdollisuuksia. Kymmenen hyv\u00e4\u00e4 syyt\u00e4 [&hellip;]<\/p>\n","protected":false},"author":1,"featured_media":0,"parent":0,"menu_order":1,"comment_status":"closed","ping_status":"closed","template":"","meta":{"_acf_changed":false,"_et_pb_use_builder":"on","_et_pb_old_content":"","_et_gb_content_width":"","footnotes":""},"class_list":["post-658","page","type-page","status-publish","hentry"],"acf":[],"yoast_head":"<!-- This site is optimized with the Yoast SEO plugin v27.0 - https:\/\/yoast.com\/product\/yoast-seo-wordpress\/ -->\n<title>Kiinnostaako j\u00e4senyys? - Piiri XXXX<\/title>\n<meta name=\"robots\" content=\"index, follow, max-snippet:-1, max-image-preview:large, max-video-preview:-1\" \/>\n<link rel=\"canonical\" href=\"https:\/\/rotary.fi\/dxxxx\/kiinnostaako-jasenyys\/\" \/>\n<meta property=\"og:locale\" content=\"fi_FI\" \/>\n<meta property=\"og:type\" content=\"article\" \/>\n<meta property=\"og:title\" content=\"Kiinnostaako j\u00e4senyys? - Piiri XXXX\" \/>\n<meta property=\"og:description\" content=\"Kiinnostaako j\u00e4senyys? Kiinnostaako j\u00e4senyys? Rotaryyn kannattaa liitty\u00e4, jos haluat olla kehitt\u00e4m\u00e4ss\u00e4 omaa paikkakuntaasi tai olla rakentamassa parempaa maailmaa. Rotary yhdist\u00e4\u00e4 samoin ajattelevia ihmisi\u00e4, ja yhdess\u00e4 toimimalla voimme saada aikaa enemm\u00e4n. Rotarina tutustut oman paikkakuntasi vaikuttajiin, ja sinulle avautuu niin halutessasi n\u00e4k\u00f6aloja my\u00f6s kansainv\u00e4liseen toimintaan. Olemme maailmanlaajuinen verkosto, joka tarjoaa paljon erilaisia mahdollisuuksia. Kymmenen hyv\u00e4\u00e4 syyt\u00e4 [&hellip;]\" \/>\n<meta property=\"og:url\" content=\"https:\/\/rotary.fi\/dxxxx\/kiinnostaako-jasenyys\/\" \/>\n<meta property=\"og:site_name\" content=\"Piiri XXXX\" \/>\n<meta property=\"article:publisher\" content=\"https:\/\/www.facebook.com\/rotary\/\" \/>\n<meta property=\"article:modified_time\" content=\"2019-05-02T10:11:56+00:00\" \/>\n<meta name=\"twitter:card\" content=\"summary_large_image\" \/>\n<meta name=\"twitter:label1\" content=\"Arvioitu lukuaika\" \/>\n\t<meta name=\"twitter:data1\" content=\"4 minuuttia\" \/>\n<script type=\"application\/ld+json\" class=\"yoast-schema-graph\">{\"@context\":\"https:\/\/schema.org\",\"@graph\":[{\"@type\":\"WebPage\",\"@id\":\"https:\/\/rotary.fi\/dxxxx\/kiinnostaako-jasenyys\/\",\"url\":\"https:\/\/rotary.fi\/dxxxx\/kiinnostaako-jasenyys\/\",\"name\":\"Kiinnostaako j\u00e4senyys? - Piiri XXXX\",\"isPartOf\":{\"@id\":\"https:\/\/rotary.fi\/dxxxx\/#website\"},\"datePublished\":\"2018-04-09T11:45:43+00:00\",\"dateModified\":\"2019-05-02T10:11:56+00:00\",\"breadcrumb\":{\"@id\":\"https:\/\/rotary.fi\/dxxxx\/kiinnostaako-jasenyys\/#breadcrumb\"},\"inLanguage\":\"fi\",\"potentialAction\":[{\"@type\":\"ReadAction\",\"target\":[\"https:\/\/rotary.fi\/dxxxx\/kiinnostaako-jasenyys\/\"]}]},{\"@type\":\"BreadcrumbList\",\"@id\":\"https:\/\/rotary.fi\/dxxxx\/kiinnostaako-jasenyys\/#breadcrumb\",\"itemListElement\":[{\"@type\":\"ListItem\",\"position\":1,\"name\":\"Home\",\"item\":\"https:\/\/rotary.fi\/dxxxx\/\"},{\"@type\":\"ListItem\",\"position\":2,\"name\":\"Kiinnostaako j\u00e4senyys?\"}]},{\"@type\":\"WebSite\",\"@id\":\"https:\/\/rotary.fi\/dxxxx\/#website\",\"url\":\"https:\/\/rotary.fi\/dxxxx\/\",\"name\":\"Piiri XXXX\",\"description\":\"Suomen Rotary\",\"potentialAction\":[{\"@type\":\"SearchAction\",\"target\":{\"@type\":\"EntryPoint\",\"urlTemplate\":\"https:\/\/rotary.fi\/dxxxx\/?s={search_term_string}\"},\"query-input\":{\"@type\":\"PropertyValueSpecification\",\"valueRequired\":true,\"valueName\":\"search_term_string\"}}],\"inLanguage\":\"fi\"}]}<\/script>\n<!-- \/ Yoast SEO plugin. -->","yoast_head_json":{"title":"Kiinnostaako j\u00e4senyys? - Piiri XXXX","robots":{"index":"index","follow":"follow","max-snippet":"max-snippet:-1","max-image-preview":"max-image-preview:large","max-video-preview":"max-video-preview:-1"},"canonical":"https:\/\/rotary.fi\/dxxxx\/kiinnostaako-jasenyys\/","og_locale":"fi_FI","og_type":"article","og_title":"Kiinnostaako j\u00e4senyys? - Piiri XXXX","og_description":"Kiinnostaako j\u00e4senyys? Kiinnostaako j\u00e4senyys? Rotaryyn kannattaa liitty\u00e4, jos haluat olla kehitt\u00e4m\u00e4ss\u00e4 omaa paikkakuntaasi tai olla rakentamassa parempaa maailmaa. Rotary yhdist\u00e4\u00e4 samoin ajattelevia ihmisi\u00e4, ja yhdess\u00e4 toimimalla voimme saada aikaa enemm\u00e4n. Rotarina tutustut oman paikkakuntasi vaikuttajiin, ja sinulle avautuu niin halutessasi n\u00e4k\u00f6aloja my\u00f6s kansainv\u00e4liseen toimintaan. Olemme maailmanlaajuinen verkosto, joka tarjoaa paljon erilaisia mahdollisuuksia. Kymmenen hyv\u00e4\u00e4 syyt\u00e4 [&hellip;]","og_url":"https:\/\/rotary.fi\/dxxxx\/kiinnostaako-jasenyys\/","og_site_name":"Piiri XXXX","article_publisher":"https:\/\/www.facebook.com\/rotary\/","article_modified_time":"2019-05-02T10:11:56+00:00","twitter_card":"summary_large_image","twitter_misc":{"Arvioitu lukuaika":"4 minuuttia"},"schema":{"@context":"https:\/\/schema.org","@graph":[{"@type":"WebPage","@id":"https:\/\/rotary.fi\/dxxxx\/kiinnostaako-jasenyys\/","url":"https:\/\/rotary.fi\/dxxxx\/kiinnostaako-jasenyys\/","name":"Kiinnostaako j\u00e4senyys? - Piiri XXXX","isPartOf":{"@id":"https:\/\/rotary.fi\/dxxxx\/#website"},"datePublished":"2018-04-09T11:45:43+00:00","dateModified":"2019-05-02T10:11:56+00:00","breadcrumb":{"@id":"https:\/\/rotary.fi\/dxxxx\/kiinnostaako-jasenyys\/#breadcrumb"},"inLanguage":"fi","potentialAction":[{"@type":"ReadAction","target":["https:\/\/rotary.fi\/dxxxx\/kiinnostaako-jasenyys\/"]}]},{"@type":"BreadcrumbList","@id":"https:\/\/rotary.fi\/dxxxx\/kiinnostaako-jasenyys\/#breadcrumb","itemListElement":[{"@type":"ListItem","position":1,"name":"Home","item":"https:\/\/rotary.fi\/dxxxx\/"},{"@type":"ListItem","position":2,"name":"Kiinnostaako j\u00e4senyys?"}]},{"@type":"WebSite","@id":"https:\/\/rotary.fi\/dxxxx\/#website","url":"https:\/\/rotary.fi\/dxxxx\/","name":"Piiri XXXX","description":"Suomen Rotary","potentialAction":[{"@type":"SearchAction","target":{"@type":"EntryPoint","urlTemplate":"https:\/\/rotary.fi\/dxxxx\/?s={search_term_string}"},"query-input":{"@type":"PropertyValueSpecification","valueRequired":true,"valueName":"search_term_string"}}],"inLanguage":"fi"}]}},"lang":"fi","translations":{"fi":658,"sv":2710,"en":2965},"pll_sync_post":[],"_links":{"self":[{"href":"https:\/\/rotary.fi\/dxxxx\/wp-json\/wp\/v2\/pages\/658","targetHints":{"allow":["GET"]}}],"collection":[{"href":"https:\/\/rotary.fi\/dxxxx\/wp-json\/wp\/v2\/pages"}],"about":[{"href":"https:\/\/rotary.fi\/dxxxx\/wp-json\/wp\/v2\/types\/page"}],"author":[{"embeddable":true,"href":"https:\/\/rotary.fi\/dxxxx\/wp-json\/wp\/v2\/users\/1"}],"replies":[{"embeddable":true,"href":"https:\/\/rotary.fi\/dxxxx\/wp-json\/wp\/v2\/comments?post=658"}],"version-history":[{"count":13,"href":"https:\/\/rotary.fi\/dxxxx\/wp-json\/wp\/v2\/pages\/658\/revisions"}],"predecessor-version":[{"id":2291,"href":"https:\/\/rotary.fi\/dxxxx\/wp-json\/wp\/v2\/pages\/658\/revisions\/2291"}],"wp:attachment":[{"href":"https:\/\/rotary.fi\/dxxxx\/wp-json\/wp\/v2\/media?parent=658"}],"curies":[{"name":"wp","href":"https:\/\/api.w.org\/{rel}","templated":true}]}}