{"id":656,"date":"2018-04-09T13:41:22","date_gmt":"2018-04-09T11:41:22","guid":{"rendered":"http:\/\/rotary.fi\/piirisivusto\/?page_id=656"},"modified":"2019-08-13T08:30:00","modified_gmt":"2019-08-13T06:30:00","slug":"mita-teemme","status":"publish","type":"page","link":"https:\/\/rotary.fi\/dxxxx\/mita-teemme\/","title":{"rendered":"Mit\u00e4 teemme"},"content":{"rendered":"<p>[et_pb_section bb_built=&#8221;1&#8243; module_class=&#8221;jumbotron-page&#8221; _builder_version=&#8221;3.22.3&#8243; background_image=&#8221;https:\/\/rotary.fi\/piirisivusto\/wp-content\/uploads\/sites\/165\/2018\/04\/paakuva_rauhantyo.jpg&#8221; next_background_color=&#8221;#ffffff&#8221;][et_pb_row module_class=&#8221; et_pb_row_fullwidth&#8221; _builder_version=&#8221;3.22.3&#8243; width=&#8221;89%&#8221; width_tablet=&#8221;80%&#8221; width_last_edited=&#8221;on|desktop&#8221; max_width=&#8221;89%&#8221; max_width_tablet=&#8221;80%&#8221; max_width_last_edited=&#8221;on|desktop&#8221; make_fullwidth=&#8221;on&#8221;][et_pb_column type=&#8221;4_4&#8243;][et_pb_text admin_label=&#8221;Mit\u00e4 teemme -otsikko&#8221; _builder_version=&#8221;3.6&#8243; text_orientation=&#8221;center&#8221; background_layout=&#8221;dark&#8221; locked=&#8221;off&#8221; collapsed=&#8221;off&#8221;]<\/p>\n<h1>Mit\u00e4 teemme<\/h1>\n<p>[\/et_pb_text][\/et_pb_column][\/et_pb_row][\/et_pb_section][et_pb_section bb_built=&#8221;1&#8243; module_class=&#8221;sisaltoalue_perus&#8221; _builder_version=&#8221;3.22.3&#8243; custom_margin=&#8221;||40px|&#8221; prev_background_color=&#8221;#000000&#8243;][et_pb_row custom_padding_last_edited=&#8221;on|phone&#8221; _builder_version=&#8221;3.22.3&#8243;][et_pb_column type=&#8221;4_4&#8243;][et_pb_text admin_label=&#8221;Mit\u00e4 teemme -otsikko&#8221; _builder_version=&#8221;3.6&#8243; text_orientation=&#8221;center&#8221;]<\/p>\n<h1>Mit\u00e4 teemme<\/h1>\n<p>[\/et_pb_text][et_pb_text _builder_version=&#8221;3.22.7&#8243;]<\/p>\n<p>\nRotareilla on paikallisia palveluprojekteja ja yhdess\u00e4 toisten klubien kanssa kansainv\u00e4lisi\u00e4 projekteja, joilla halutaan vaikuttaa t\u00e4m\u00e4n p\u00e4iv\u00e4n akuutteihin haasteisin. Rotarina sinulla on mahdollisuus toimia ja vaikuttaa. Lis\u00e4ksi saat mahtavan sosiaalisen verkoston ja elinik\u00e4isi\u00e4 yst\u00e4vi\u00e4.<\/p>\n<p>[\/et_pb_text][\/et_pb_column][\/et_pb_row][\/et_pb_section]<\/p>\n","protected":false},"excerpt":{"rendered":"<p>Mit\u00e4 teemme Mit\u00e4 teemme Rotareilla on paikallisia palveluprojekteja ja yhdess\u00e4 toisten klubien kanssa kansainv\u00e4lisi\u00e4 projekteja, joilla halutaan vaikuttaa t\u00e4m\u00e4n p\u00e4iv\u00e4n akuutteihin haasteisin. Rotarina sinulla on mahdollisuus toimia ja vaikuttaa. Lis\u00e4ksi saat mahtavan sosiaalisen verkoston ja elinik\u00e4isi\u00e4 yst\u00e4vi\u00e4.<\/p>\n","protected":false},"author":1,"featured_media":0,"parent":0,"menu_order":2,"comment_status":"closed","ping_status":"closed","template":"","meta":{"_acf_changed":false,"_et_pb_use_builder":"on","_et_pb_old_content":"","_et_gb_content_width":"","footnotes":""},"class_list":["post-656","page","type-page","status-publish","hentry"],"acf":[],"yoast_head":"<!-- This site is optimized with the Yoast SEO plugin v27.0 - https:\/\/yoast.com\/product\/yoast-seo-wordpress\/ -->\n<title>Mit\u00e4 teemme - Piiri XXXX<\/title>\n<meta name=\"robots\" content=\"index, follow, max-snippet:-1, max-image-preview:large, max-video-preview:-1\" \/>\n<link rel=\"canonical\" href=\"https:\/\/rotary.fi\/dxxxx\/mita-teemme\/\" \/>\n<meta property=\"og:locale\" content=\"fi_FI\" \/>\n<meta property=\"og:type\" content=\"article\" \/>\n<meta property=\"og:title\" content=\"Mit\u00e4 teemme - Piiri XXXX\" \/>\n<meta property=\"og:description\" content=\"Mit\u00e4 teemme Mit\u00e4 teemme Rotareilla on paikallisia palveluprojekteja ja yhdess\u00e4 toisten klubien kanssa kansainv\u00e4lisi\u00e4 projekteja, joilla halutaan vaikuttaa t\u00e4m\u00e4n p\u00e4iv\u00e4n akuutteihin haasteisin. Rotarina sinulla on mahdollisuus toimia ja vaikuttaa. Lis\u00e4ksi saat mahtavan sosiaalisen verkoston ja elinik\u00e4isi\u00e4 yst\u00e4vi\u00e4.\" \/>\n<meta property=\"og:url\" content=\"https:\/\/rotary.fi\/dxxxx\/mita-teemme\/\" \/>\n<meta property=\"og:site_name\" content=\"Piiri XXXX\" \/>\n<meta property=\"article:publisher\" content=\"https:\/\/www.facebook.com\/rotary\/\" \/>\n<meta property=\"article:modified_time\" content=\"2019-08-13T06:30:00+00:00\" \/>\n<meta name=\"twitter:card\" content=\"summary_large_image\" \/>\n<meta name=\"twitter:label1\" content=\"Arvioitu lukuaika\" \/>\n\t<meta name=\"twitter:data1\" content=\"1 minuutti\" \/>\n<script type=\"application\/ld+json\" class=\"yoast-schema-graph\">{\"@context\":\"https:\/\/schema.org\",\"@graph\":[{\"@type\":\"WebPage\",\"@id\":\"https:\/\/rotary.fi\/dxxxx\/mita-teemme\/\",\"url\":\"https:\/\/rotary.fi\/dxxxx\/mita-teemme\/\",\"name\":\"Mit\u00e4 teemme - Piiri XXXX\",\"isPartOf\":{\"@id\":\"https:\/\/rotary.fi\/dxxxx\/#website\"},\"datePublished\":\"2018-04-09T11:41:22+00:00\",\"dateModified\":\"2019-08-13T06:30:00+00:00\",\"breadcrumb\":{\"@id\":\"https:\/\/rotary.fi\/dxxxx\/mita-teemme\/#breadcrumb\"},\"inLanguage\":\"fi\",\"potentialAction\":[{\"@type\":\"ReadAction\",\"target\":[\"https:\/\/rotary.fi\/dxxxx\/mita-teemme\/\"]}]},{\"@type\":\"BreadcrumbList\",\"@id\":\"https:\/\/rotary.fi\/dxxxx\/mita-teemme\/#breadcrumb\",\"itemListElement\":[{\"@type\":\"ListItem\",\"position\":1,\"name\":\"Home\",\"item\":\"https:\/\/rotary.fi\/dxxxx\/\"},{\"@type\":\"ListItem\",\"position\":2,\"name\":\"Mit\u00e4 teemme\"}]},{\"@type\":\"WebSite\",\"@id\":\"https:\/\/rotary.fi\/dxxxx\/#website\",\"url\":\"https:\/\/rotary.fi\/dxxxx\/\",\"name\":\"Piiri XXXX\",\"description\":\"Suomen Rotary\",\"potentialAction\":[{\"@type\":\"SearchAction\",\"target\":{\"@type\":\"EntryPoint\",\"urlTemplate\":\"https:\/\/rotary.fi\/dxxxx\/?s={search_term_string}\"},\"query-input\":{\"@type\":\"PropertyValueSpecification\",\"valueRequired\":true,\"valueName\":\"search_term_string\"}}],\"inLanguage\":\"fi\"}]}<\/script>\n<!-- \/ Yoast SEO plugin. -->","yoast_head_json":{"title":"Mit\u00e4 teemme - Piiri XXXX","robots":{"index":"index","follow":"follow","max-snippet":"max-snippet:-1","max-image-preview":"max-image-preview:large","max-video-preview":"max-video-preview:-1"},"canonical":"https:\/\/rotary.fi\/dxxxx\/mita-teemme\/","og_locale":"fi_FI","og_type":"article","og_title":"Mit\u00e4 teemme - Piiri XXXX","og_description":"Mit\u00e4 teemme Mit\u00e4 teemme Rotareilla on paikallisia palveluprojekteja ja yhdess\u00e4 toisten klubien kanssa kansainv\u00e4lisi\u00e4 projekteja, joilla halutaan vaikuttaa t\u00e4m\u00e4n p\u00e4iv\u00e4n akuutteihin haasteisin. Rotarina sinulla on mahdollisuus toimia ja vaikuttaa. Lis\u00e4ksi saat mahtavan sosiaalisen verkoston ja elinik\u00e4isi\u00e4 yst\u00e4vi\u00e4.","og_url":"https:\/\/rotary.fi\/dxxxx\/mita-teemme\/","og_site_name":"Piiri XXXX","article_publisher":"https:\/\/www.facebook.com\/rotary\/","article_modified_time":"2019-08-13T06:30:00+00:00","twitter_card":"summary_large_image","twitter_misc":{"Arvioitu lukuaika":"1 minuutti"},"schema":{"@context":"https:\/\/schema.org","@graph":[{"@type":"WebPage","@id":"https:\/\/rotary.fi\/dxxxx\/mita-teemme\/","url":"https:\/\/rotary.fi\/dxxxx\/mita-teemme\/","name":"Mit\u00e4 teemme - Piiri XXXX","isPartOf":{"@id":"https:\/\/rotary.fi\/dxxxx\/#website"},"datePublished":"2018-04-09T11:41:22+00:00","dateModified":"2019-08-13T06:30:00+00:00","breadcrumb":{"@id":"https:\/\/rotary.fi\/dxxxx\/mita-teemme\/#breadcrumb"},"inLanguage":"fi","potentialAction":[{"@type":"ReadAction","target":["https:\/\/rotary.fi\/dxxxx\/mita-teemme\/"]}]},{"@type":"BreadcrumbList","@id":"https:\/\/rotary.fi\/dxxxx\/mita-teemme\/#breadcrumb","itemListElement":[{"@type":"ListItem","position":1,"name":"Home","item":"https:\/\/rotary.fi\/dxxxx\/"},{"@type":"ListItem","position":2,"name":"Mit\u00e4 teemme"}]},{"@type":"WebSite","@id":"https:\/\/rotary.fi\/dxxxx\/#website","url":"https:\/\/rotary.fi\/dxxxx\/","name":"Piiri XXXX","description":"Suomen Rotary","potentialAction":[{"@type":"SearchAction","target":{"@type":"EntryPoint","urlTemplate":"https:\/\/rotary.fi\/dxxxx\/?s={search_term_string}"},"query-input":{"@type":"PropertyValueSpecification","valueRequired":true,"valueName":"search_term_string"}}],"inLanguage":"fi"}]}},"lang":"fi","translations":{"fi":656,"sv":2663,"en":2904},"pll_sync_post":[],"_links":{"self":[{"href":"https:\/\/rotary.fi\/dxxxx\/wp-json\/wp\/v2\/pages\/656","targetHints":{"allow":["GET"]}}],"collection":[{"href":"https:\/\/rotary.fi\/dxxxx\/wp-json\/wp\/v2\/pages"}],"about":[{"href":"https:\/\/rotary.fi\/dxxxx\/wp-json\/wp\/v2\/types\/page"}],"author":[{"embeddable":true,"href":"https:\/\/rotary.fi\/dxxxx\/wp-json\/wp\/v2\/users\/1"}],"replies":[{"embeddable":true,"href":"https:\/\/rotary.fi\/dxxxx\/wp-json\/wp\/v2\/comments?post=656"}],"version-history":[{"count":9,"href":"https:\/\/rotary.fi\/dxxxx\/wp-json\/wp\/v2\/pages\/656\/revisions"}],"predecessor-version":[{"id":2385,"href":"https:\/\/rotary.fi\/dxxxx\/wp-json\/wp\/v2\/pages\/656\/revisions\/2385"}],"wp:attachment":[{"href":"https:\/\/rotary.fi\/dxxxx\/wp-json\/wp\/v2\/media?parent=656"}],"curies":[{"name":"wp","href":"https:\/\/api.w.org\/{rel}","templated":true}]}}