{"id":2762,"date":"2019-08-14T07:41:29","date_gmt":"2019-08-14T05:41:29","guid":{"rendered":"https:\/\/rotary.fi\/dxxxx\/?page_id=2762"},"modified":"2019-08-14T07:41:29","modified_gmt":"2019-08-14T05:41:29","slug":"distriktets-ryla-kursser","status":"publish","type":"page","link":"https:\/\/rotary.fi\/dxxxx\/sv\/intresserad-av-att-bli-medlem\/distriktets-ryla-kursser\/","title":{"rendered":"Distriktets RYLA-kursser"},"content":{"rendered":"<p>[et_pb_section bb_built=&#8221;1&#8243; next_background_color=&#8221;#ffffff&#8221; _builder_version=&#8221;3.0.105&#8243; background_image=&#8221;http:\/\/rotary.fi\/piirisivusto\/wp-content\/uploads\/sites\/165\/2018\/04\/paakuva_ryla.jpg&#8221; module_class=&#8221;jumbotron-page&#8221; inner_width=&#8221;auto&#8221; inner_max_width=&#8221;1080px&#8221;][et_pb_row _builder_version=&#8221;3.0.105&#8243; make_fullwidth=&#8221;on&#8221; module_class=&#8221; et_pb_row_fullwidth&#8221; width=&#8221;89%&#8221; width_tablet=&#8221;80%&#8221; width_last_edited=&#8221;on|desktop&#8221; max_width=&#8221;89%&#8221; max_width_tablet=&#8221;80%&#8221; max_width_last_edited=&#8221;on|desktop&#8221;][et_pb_column type=&#8221;4_4&#8243; custom_padding__hover=&#8221;|||&#8221; custom_padding=&#8221;|||&#8221;][et_pb_text admin_label=&#8221;Distriktets RYLA-kursser -otsikko&#8221; _builder_version=&#8221;3.25.3&#8243; background_layout=&#8221;dark&#8221; text_orientation=&#8221;center&#8221; text_text_shadow_horizontal_length=&#8221;text_text_shadow_style,%91object Object%93&#8243; text_text_shadow_horizontal_length_tablet=&#8221;0px&#8221; text_text_shadow_vertical_length=&#8221;text_text_shadow_style,%91object Object%93&#8243; text_text_shadow_vertical_length_tablet=&#8221;0px&#8221; text_text_shadow_blur_strength=&#8221;text_text_shadow_style,%91object Object%93&#8243; text_text_shadow_blur_strength_tablet=&#8221;1px&#8221; link_text_shadow_horizontal_length=&#8221;link_text_shadow_style,%91object Object%93&#8243; link_text_shadow_horizontal_length_tablet=&#8221;0px&#8221; link_text_shadow_vertical_length=&#8221;link_text_shadow_style,%91object Object%93&#8243; link_text_shadow_vertical_length_tablet=&#8221;0px&#8221; link_text_shadow_blur_strength=&#8221;link_text_shadow_style,%91object Object%93&#8243; link_text_shadow_blur_strength_tablet=&#8221;1px&#8221; ul_text_shadow_horizontal_length=&#8221;ul_text_shadow_style,%91object Object%93&#8243; ul_text_shadow_horizontal_length_tablet=&#8221;0px&#8221; ul_text_shadow_vertical_length=&#8221;ul_text_shadow_style,%91object Object%93&#8243; ul_text_shadow_vertical_length_tablet=&#8221;0px&#8221; ul_text_shadow_blur_strength=&#8221;ul_text_shadow_style,%91object Object%93&#8243; ul_text_shadow_blur_strength_tablet=&#8221;1px&#8221; ol_text_shadow_horizontal_length=&#8221;ol_text_shadow_style,%91object Object%93&#8243; ol_text_shadow_horizontal_length_tablet=&#8221;0px&#8221; ol_text_shadow_vertical_length=&#8221;ol_text_shadow_style,%91object Object%93&#8243; ol_text_shadow_vertical_length_tablet=&#8221;0px&#8221; ol_text_shadow_blur_strength=&#8221;ol_text_shadow_style,%91object Object%93&#8243; ol_text_shadow_blur_strength_tablet=&#8221;1px&#8221; quote_text_shadow_horizontal_length=&#8221;quote_text_shadow_style,%91object Object%93&#8243; quote_text_shadow_horizontal_length_tablet=&#8221;0px&#8221; quote_text_shadow_vertical_length=&#8221;quote_text_shadow_style,%91object Object%93&#8243; quote_text_shadow_vertical_length_tablet=&#8221;0px&#8221; quote_text_shadow_blur_strength=&#8221;quote_text_shadow_style,%91object Object%93&#8243; quote_text_shadow_blur_strength_tablet=&#8221;1px&#8221; header_text_shadow_horizontal_length=&#8221;header_text_shadow_style,%91object Object%93&#8243; header_text_shadow_horizontal_length_tablet=&#8221;0px&#8221; header_text_shadow_vertical_length=&#8221;header_text_shadow_style,%91object Object%93&#8243; header_text_shadow_vertical_length_tablet=&#8221;0px&#8221; header_text_shadow_blur_strength=&#8221;header_text_shadow_style,%91object Object%93&#8243; header_text_shadow_blur_strength_tablet=&#8221;1px&#8221; header_2_text_shadow_horizontal_length=&#8221;header_2_text_shadow_style,%91object Object%93&#8243; header_2_text_shadow_horizontal_length_tablet=&#8221;0px&#8221; header_2_text_shadow_vertical_length=&#8221;header_2_text_shadow_style,%91object Object%93&#8243; header_2_text_shadow_vertical_length_tablet=&#8221;0px&#8221; header_2_text_shadow_blur_strength=&#8221;header_2_text_shadow_style,%91object Object%93&#8243; header_2_text_shadow_blur_strength_tablet=&#8221;1px&#8221; header_3_text_shadow_horizontal_length=&#8221;header_3_text_shadow_style,%91object Object%93&#8243; header_3_text_shadow_horizontal_length_tablet=&#8221;0px&#8221; header_3_text_shadow_vertical_length=&#8221;header_3_text_shadow_style,%91object Object%93&#8243; header_3_text_shadow_vertical_length_tablet=&#8221;0px&#8221; header_3_text_shadow_blur_strength=&#8221;header_3_text_shadow_style,%91object Object%93&#8243; header_3_text_shadow_blur_strength_tablet=&#8221;1px&#8221; header_4_text_shadow_horizontal_length=&#8221;header_4_text_shadow_style,%91object Object%93&#8243; header_4_text_shadow_horizontal_length_tablet=&#8221;0px&#8221; header_4_text_shadow_vertical_length=&#8221;header_4_text_shadow_style,%91object Object%93&#8243; header_4_text_shadow_vertical_length_tablet=&#8221;0px&#8221; header_4_text_shadow_blur_strength=&#8221;header_4_text_shadow_style,%91object Object%93&#8243; header_4_text_shadow_blur_strength_tablet=&#8221;1px&#8221; header_5_text_shadow_horizontal_length=&#8221;header_5_text_shadow_style,%91object Object%93&#8243; header_5_text_shadow_horizontal_length_tablet=&#8221;0px&#8221; header_5_text_shadow_vertical_length=&#8221;header_5_text_shadow_style,%91object Object%93&#8243; header_5_text_shadow_vertical_length_tablet=&#8221;0px&#8221; header_5_text_shadow_blur_strength=&#8221;header_5_text_shadow_style,%91object Object%93&#8243; header_5_text_shadow_blur_strength_tablet=&#8221;1px&#8221; header_6_text_shadow_horizontal_length=&#8221;header_6_text_shadow_style,%91object Object%93&#8243; header_6_text_shadow_horizontal_length_tablet=&#8221;0px&#8221; header_6_text_shadow_vertical_length=&#8221;header_6_text_shadow_style,%91object Object%93&#8243; header_6_text_shadow_vertical_length_tablet=&#8221;0px&#8221; header_6_text_shadow_blur_strength=&#8221;header_6_text_shadow_style,%91object Object%93&#8243; header_6_text_shadow_blur_strength_tablet=&#8221;1px&#8221; box_shadow_horizontal_tablet=&#8221;0px&#8221; box_shadow_vertical_tablet=&#8221;0px&#8221; box_shadow_blur_tablet=&#8221;40px&#8221; box_shadow_spread_tablet=&#8221;0px&#8221; z_index_tablet=&#8221;500&#8243;]<\/p>\n<h1>Distriktets RYLA-kursser<\/h1>\n<p>[\/et_pb_text][\/et_pb_column][\/et_pb_row][\/et_pb_section][et_pb_section bb_built=&#8221;1&#8243; specialty=&#8221;off&#8221; prev_background_color=&#8221;#000000&#8243; _builder_version=&#8221;3.21&#8243; custom_margin=&#8221;||40px|&#8221; next_background_color=&#8221;#000000&#8243; module_class=&#8221;sisaltoalue_perus&#8221; inner_width=&#8221;auto&#8221; inner_max_width=&#8221;1080px&#8221;][et_pb_row _builder_version=&#8221;3.0.105&#8243; custom_padding_last_edited=&#8221;on|phone&#8221; width=&#8221;80%&#8221; max_width=&#8221;1080px&#8221;][et_pb_column type=&#8221;4_4&#8243; custom_padding__hover=&#8221;|||&#8221; custom_padding=&#8221;|||&#8221;][et_pb_text admin_label=&#8221; esimerkki 1: Leader of Sports&#8221; _builder_version=&#8221;3.25.3&#8243; text_orientation=&#8221;center&#8221;]<\/p>\n<h1>Esimerkki 1: Leader of Sports<\/h1>\n<p>[\/et_pb_text][et_pb_text _builder_version=&#8221;3.25.3&#8243;]<\/p>\n<p>Rotarit j\u00e4rjestiv\u00e4t Tampereella Sammon keskuslukion urheilulinjan kanssa johtamiseen liittyv\u00e4n kurssin. Kurssi toteutettiin huhti-toukokuussa 2018 ja koulutukseen osallistui 15 lukiolaista. J\u00e4\u00e4kiekkolegendat Teppo Numminen ja Jukka Tammi sek\u00e4 Ilveksen jalkapallojoukkueen kapteenina toiminut Antti Hynynen kertoivat osallistujille urastaan ja kokemuksistaan erilaisista johtamistilanteista. Paikallisten rotarikouluttajien vet\u00e4m\u00e4ll\u00e4 kahdeksan tunnin mittaisella kurssilla k\u00e4ytiin l\u00e4pi muun muassa henkil\u00f6johtamiseen liittyvi\u00e4 kysymyksi\u00e4, kriisijohtamista, johtamisen ja urheilun eettisi\u00e4 arvoja sek\u00e4 monikulttuurisen joukkueen johtamisen erityiskysymyksi\u00e4. Br\u00e4nd\u00e4yksen t\u00e4rkeys ja menetelm\u00e4t sek\u00e4 toiminta mediaymp\u00e4rist\u00f6ss\u00e4 kuuluivat my\u00f6s ohjelmaan. Kurssin lopuksi luotiin visioita urheilu-uran j\u00e4lkeiseen aikaan ja pohdittiin Tampereen seudun urheilupaikkarakentamista ja -tarpeita.<\/p>\n<p>Kurssi toteutettiin usean rotaryklubin yhteishankkeena. Kurssin suunnittelussa ja toteutuksessa olivat mukana Tampere-Kissanmaan Rotaryklubi, Rotary Club Tampere International, Tammer Nova Rotaryklubi, Yl\u00f6j\u00e4rven Rotaryklubi, Pirkkalan Rotaryklubi sek\u00e4 Nokian Rotaryklubi.<\/p>\n<p>[\/et_pb_text][\/et_pb_column][\/et_pb_row][\/et_pb_section][et_pb_section bb_built=&#8221;1&#8243; specialty=&#8221;off&#8221; prev_background_color=&#8221;#000000&#8243; _builder_version=&#8221;3.21&#8243; custom_margin=&#8221;||40px|&#8221; module_class=&#8221;sisaltoalue_valkoinen&#8221; inner_width=&#8221;auto&#8221; inner_max_width=&#8221;1080px&#8221;][et_pb_row _builder_version=&#8221;3.0.105&#8243; custom_padding_last_edited=&#8221;on|phone&#8221; width=&#8221;80%&#8221; max_width=&#8221;1080px&#8221;][et_pb_column type=&#8221;4_4&#8243; custom_padding__hover=&#8221;|||&#8221; custom_padding=&#8221;|||&#8221;][et_pb_text admin_label=&#8221;Esimerkki 2: Nuoret naiset johtamisurille&#8221; _builder_version=&#8221;3.21&#8243; text_orientation=&#8221;center&#8221;]<\/p>\n<h1>Esimerkki 2: Nuoret naiset johtamisurille<\/h1>\n<p>[\/et_pb_text][et_pb_text _builder_version=&#8221;3.21&#8243;]<\/p>\n<p>Tammer Nova Rotaryklubi on j\u00e4rjest\u00e4nyt vuosittaisen Nuoret naiset johtamisurille -kurssin jo vuodesta 2006. Kurssin tarkoituksena on rohkaista aikuisuuden kynnyksell\u00e4 olevia naisia tarttumaan ty\u00f6el\u00e4m\u00e4ss\u00e4 haastaviin johtamisteht\u00e4viin. Kurssilla opiskelijat tutustuvat johtamiskirjallisuuteen, osallistuvat luennoille ja haastattelevat naisjohtajia loppuraporttejaan varten. Kurssi huipentuu toukokuussa arvokkaaseen p\u00e4\u00e4t\u00f6sjuhlaan.<\/p>\n<p>Johtamista k\u00e4sittelev\u00e4 kurssi toteutetaan Tammer Novan j\u00e4senien yhteisty\u00f6ll\u00e4 ja lukion opinto-ohjaajien my\u00f6t\u00e4vaikutuksella. Kurssi on suunnattu lukion toisen vuosikurssin opiskelijoille ja se on hyv\u00e4ksytty Tampereella ymp\u00e4rist\u00f6- ja yhteiskuntatieteisiin yhden lukiokurssin arvoiseksi kurssiksi. Kustakin Tampereen lukiosta otetaan vuosittain kaksi oppilasta kurssille, yhteens\u00e4 enint\u00e4\u00e4n 18 osallistujaa. Paikalliset yritykset ja organisaatiot tarjoavat kurssin l\u00e4hip\u00e4ivien opiskelutilan. N\u00e4in nuoret saavat mahdollisuuden tutustua eri alan toimijoihin ja ty\u00f6teht\u00e4viin.<\/p>\n<p>Vuosikymmenen aikana kurssilla on ollut mukana yli 150 opiskelijaa. Vierailuja on tehty 30 eri organisaatiossa, joissa naisjohtajat tai -esimiehet ovat kertoneet omasta urastaan. Lis\u00e4ksi loppuraportteja varten on haastateltu kymmeni\u00e4 muita naisjohtajia. Kaikkiaan kursseilta on tuotettu ryhm\u00e4t\u00f6in\u00e4 yli 50 loppuraporttia.<\/p>\n<p>[\/et_pb_text][\/et_pb_column][\/et_pb_row][\/et_pb_section]<\/p>\n","protected":false},"excerpt":{"rendered":"<p>Distriktets RYLA-kursser Esimerkki 1: Leader of Sports Rotarit j\u00e4rjestiv\u00e4t Tampereella Sammon keskuslukion urheilulinjan kanssa johtamiseen liittyv\u00e4n kurssin. Kurssi toteutettiin huhti-toukokuussa 2018 ja koulutukseen osallistui 15 lukiolaista. J\u00e4\u00e4kiekkolegendat Teppo Numminen ja Jukka Tammi sek\u00e4 Ilveksen jalkapallojoukkueen kapteenina toiminut Antti Hynynen kertoivat osallistujille urastaan ja kokemuksistaan erilaisista johtamistilanteista. Paikallisten rotarikouluttajien vet\u00e4m\u00e4ll\u00e4 kahdeksan tunnin mittaisella kurssilla k\u00e4ytiin l\u00e4pi [&hellip;]<\/p>\n","protected":false},"author":1,"featured_media":0,"parent":2710,"menu_order":1,"comment_status":"closed","ping_status":"closed","template":"","meta":{"_acf_changed":false,"_et_pb_use_builder":"on","_et_pb_old_content":"","_et_gb_content_width":"","footnotes":""},"class_list":["post-2762","page","type-page","status-publish","hentry"],"acf":[],"yoast_head":"<!-- This site is optimized with the Yoast SEO plugin v27.0 - https:\/\/yoast.com\/product\/yoast-seo-wordpress\/ -->\n<title>Distriktets RYLA-kursser - Piiri XXXX<\/title>\n<meta name=\"robots\" content=\"index, follow, max-snippet:-1, max-image-preview:large, max-video-preview:-1\" \/>\n<link rel=\"canonical\" href=\"https:\/\/rotary.fi\/dxxxx\/sv\/intresserad-av-att-bli-medlem\/distriktets-ryla-kursser\/\" \/>\n<meta property=\"og:locale\" content=\"fi_FI\" \/>\n<meta property=\"og:type\" content=\"article\" \/>\n<meta property=\"og:title\" content=\"Distriktets RYLA-kursser - Piiri XXXX\" \/>\n<meta property=\"og:description\" content=\"Distriktets RYLA-kursser Esimerkki 1: Leader of Sports Rotarit j\u00e4rjestiv\u00e4t Tampereella Sammon keskuslukion urheilulinjan kanssa johtamiseen liittyv\u00e4n kurssin. Kurssi toteutettiin huhti-toukokuussa 2018 ja koulutukseen osallistui 15 lukiolaista. J\u00e4\u00e4kiekkolegendat Teppo Numminen ja Jukka Tammi sek\u00e4 Ilveksen jalkapallojoukkueen kapteenina toiminut Antti Hynynen kertoivat osallistujille urastaan ja kokemuksistaan erilaisista johtamistilanteista. Paikallisten rotarikouluttajien vet\u00e4m\u00e4ll\u00e4 kahdeksan tunnin mittaisella kurssilla k\u00e4ytiin l\u00e4pi [&hellip;]\" \/>\n<meta property=\"og:url\" content=\"https:\/\/rotary.fi\/dxxxx\/sv\/intresserad-av-att-bli-medlem\/distriktets-ryla-kursser\/\" \/>\n<meta property=\"og:site_name\" content=\"Piiri XXXX\" \/>\n<meta property=\"article:publisher\" content=\"https:\/\/www.facebook.com\/rotary\/\" \/>\n<meta name=\"twitter:card\" content=\"summary_large_image\" \/>\n<meta name=\"twitter:label1\" content=\"Arvioitu lukuaika\" \/>\n\t<meta name=\"twitter:data1\" content=\"6 minuuttia\" \/>\n<script type=\"application\/ld+json\" class=\"yoast-schema-graph\">{\"@context\":\"https:\/\/schema.org\",\"@graph\":[{\"@type\":\"WebPage\",\"@id\":\"https:\/\/rotary.fi\/dxxxx\/sv\/intresserad-av-att-bli-medlem\/distriktets-ryla-kursser\/\",\"url\":\"https:\/\/rotary.fi\/dxxxx\/sv\/intresserad-av-att-bli-medlem\/distriktets-ryla-kursser\/\",\"name\":\"Distriktets RYLA-kursser - Piiri XXXX\",\"isPartOf\":{\"@id\":\"https:\/\/rotary.fi\/dxxxx\/#website\"},\"datePublished\":\"2019-08-14T05:41:29+00:00\",\"breadcrumb\":{\"@id\":\"https:\/\/rotary.fi\/dxxxx\/sv\/intresserad-av-att-bli-medlem\/distriktets-ryla-kursser\/#breadcrumb\"},\"inLanguage\":\"fi\",\"potentialAction\":[{\"@type\":\"ReadAction\",\"target\":[\"https:\/\/rotary.fi\/dxxxx\/sv\/intresserad-av-att-bli-medlem\/distriktets-ryla-kursser\/\"]}]},{\"@type\":\"BreadcrumbList\",\"@id\":\"https:\/\/rotary.fi\/dxxxx\/sv\/intresserad-av-att-bli-medlem\/distriktets-ryla-kursser\/#breadcrumb\",\"itemListElement\":[{\"@type\":\"ListItem\",\"position\":1,\"name\":\"Home\",\"item\":\"https:\/\/rotary.fi\/dxxxx\/\"},{\"@type\":\"ListItem\",\"position\":2,\"name\":\"Intresserad av att bli medlem?\",\"item\":\"https:\/\/rotary.fi\/dxxxx\/sv\/intresserad-av-att-bli-medlem\/\"},{\"@type\":\"ListItem\",\"position\":3,\"name\":\"Distriktets RYLA-kursser\"}]},{\"@type\":\"WebSite\",\"@id\":\"https:\/\/rotary.fi\/dxxxx\/#website\",\"url\":\"https:\/\/rotary.fi\/dxxxx\/\",\"name\":\"Piiri XXXX\",\"description\":\"Suomen Rotary\",\"potentialAction\":[{\"@type\":\"SearchAction\",\"target\":{\"@type\":\"EntryPoint\",\"urlTemplate\":\"https:\/\/rotary.fi\/dxxxx\/?s={search_term_string}\"},\"query-input\":{\"@type\":\"PropertyValueSpecification\",\"valueRequired\":true,\"valueName\":\"search_term_string\"}}],\"inLanguage\":\"fi\"}]}<\/script>\n<!-- \/ Yoast SEO plugin. -->","yoast_head_json":{"title":"Distriktets RYLA-kursser - Piiri XXXX","robots":{"index":"index","follow":"follow","max-snippet":"max-snippet:-1","max-image-preview":"max-image-preview:large","max-video-preview":"max-video-preview:-1"},"canonical":"https:\/\/rotary.fi\/dxxxx\/sv\/intresserad-av-att-bli-medlem\/distriktets-ryla-kursser\/","og_locale":"fi_FI","og_type":"article","og_title":"Distriktets RYLA-kursser - Piiri XXXX","og_description":"Distriktets RYLA-kursser Esimerkki 1: Leader of Sports Rotarit j\u00e4rjestiv\u00e4t Tampereella Sammon keskuslukion urheilulinjan kanssa johtamiseen liittyv\u00e4n kurssin. Kurssi toteutettiin huhti-toukokuussa 2018 ja koulutukseen osallistui 15 lukiolaista. J\u00e4\u00e4kiekkolegendat Teppo Numminen ja Jukka Tammi sek\u00e4 Ilveksen jalkapallojoukkueen kapteenina toiminut Antti Hynynen kertoivat osallistujille urastaan ja kokemuksistaan erilaisista johtamistilanteista. Paikallisten rotarikouluttajien vet\u00e4m\u00e4ll\u00e4 kahdeksan tunnin mittaisella kurssilla k\u00e4ytiin l\u00e4pi [&hellip;]","og_url":"https:\/\/rotary.fi\/dxxxx\/sv\/intresserad-av-att-bli-medlem\/distriktets-ryla-kursser\/","og_site_name":"Piiri XXXX","article_publisher":"https:\/\/www.facebook.com\/rotary\/","twitter_card":"summary_large_image","twitter_misc":{"Arvioitu lukuaika":"6 minuuttia"},"schema":{"@context":"https:\/\/schema.org","@graph":[{"@type":"WebPage","@id":"https:\/\/rotary.fi\/dxxxx\/sv\/intresserad-av-att-bli-medlem\/distriktets-ryla-kursser\/","url":"https:\/\/rotary.fi\/dxxxx\/sv\/intresserad-av-att-bli-medlem\/distriktets-ryla-kursser\/","name":"Distriktets RYLA-kursser - Piiri XXXX","isPartOf":{"@id":"https:\/\/rotary.fi\/dxxxx\/#website"},"datePublished":"2019-08-14T05:41:29+00:00","breadcrumb":{"@id":"https:\/\/rotary.fi\/dxxxx\/sv\/intresserad-av-att-bli-medlem\/distriktets-ryla-kursser\/#breadcrumb"},"inLanguage":"fi","potentialAction":[{"@type":"ReadAction","target":["https:\/\/rotary.fi\/dxxxx\/sv\/intresserad-av-att-bli-medlem\/distriktets-ryla-kursser\/"]}]},{"@type":"BreadcrumbList","@id":"https:\/\/rotary.fi\/dxxxx\/sv\/intresserad-av-att-bli-medlem\/distriktets-ryla-kursser\/#breadcrumb","itemListElement":[{"@type":"ListItem","position":1,"name":"Home","item":"https:\/\/rotary.fi\/dxxxx\/"},{"@type":"ListItem","position":2,"name":"Intresserad av att bli medlem?","item":"https:\/\/rotary.fi\/dxxxx\/sv\/intresserad-av-att-bli-medlem\/"},{"@type":"ListItem","position":3,"name":"Distriktets RYLA-kursser"}]},{"@type":"WebSite","@id":"https:\/\/rotary.fi\/dxxxx\/#website","url":"https:\/\/rotary.fi\/dxxxx\/","name":"Piiri XXXX","description":"Suomen Rotary","potentialAction":[{"@type":"SearchAction","target":{"@type":"EntryPoint","urlTemplate":"https:\/\/rotary.fi\/dxxxx\/?s={search_term_string}"},"query-input":{"@type":"PropertyValueSpecification","valueRequired":true,"valueName":"search_term_string"}}],"inLanguage":"fi"}]}},"lang":"sv","translations":{"sv":2762,"fi":2237,"en":3073},"pll_sync_post":[],"_links":{"self":[{"href":"https:\/\/rotary.fi\/dxxxx\/wp-json\/wp\/v2\/pages\/2762","targetHints":{"allow":["GET"]}}],"collection":[{"href":"https:\/\/rotary.fi\/dxxxx\/wp-json\/wp\/v2\/pages"}],"about":[{"href":"https:\/\/rotary.fi\/dxxxx\/wp-json\/wp\/v2\/types\/page"}],"author":[{"embeddable":true,"href":"https:\/\/rotary.fi\/dxxxx\/wp-json\/wp\/v2\/users\/1"}],"replies":[{"embeddable":true,"href":"https:\/\/rotary.fi\/dxxxx\/wp-json\/wp\/v2\/comments?post=2762"}],"version-history":[{"count":1,"href":"https:\/\/rotary.fi\/dxxxx\/wp-json\/wp\/v2\/pages\/2762\/revisions"}],"predecessor-version":[{"id":2763,"href":"https:\/\/rotary.fi\/dxxxx\/wp-json\/wp\/v2\/pages\/2762\/revisions\/2763"}],"up":[{"embeddable":true,"href":"https:\/\/rotary.fi\/dxxxx\/wp-json\/wp\/v2\/pages\/2710"}],"wp:attachment":[{"href":"https:\/\/rotary.fi\/dxxxx\/wp-json\/wp\/v2\/media?parent=2762"}],"curies":[{"name":"wp","href":"https:\/\/api.w.org\/{rel}","templated":true}]}}