{"id":2215,"date":"2019-03-27T12:56:45","date_gmt":"2019-03-27T10:56:45","guid":{"rendered":"https:\/\/rotary.fi\/piirisivusto\/?page_id=2215"},"modified":"2019-09-10T12:21:36","modified_gmt":"2019-09-10T10:21:36","slug":"edelliset-kuvernoorit","status":"publish","type":"page","link":"https:\/\/rotary.fi\/dxxxx\/rotarypiirixxxx\/edelliset-kuvernoorit\/","title":{"rendered":"Edelliset kuvern\u00f6\u00f6rit"},"content":{"rendered":"<p>[et_pb_section fb_built=&#8221;1&#8243; module_class=&#8221;jumbotron-page&#8221; _builder_version=&#8221;3.22.3&#8243; background_image=&#8221;https:\/\/rotary.fi\/piirisivusto\/wp-content\/uploads\/sites\/165\/2019\/03\/rotary_piiri_alasivu_paakuva2.jpg&#8221; fb_built=&#8221;1&#8243; bb_built=&#8221;1&#8243; _i=&#8221;0&#8243; _address=&#8221;0&#8243;][et_pb_row module_class=&#8221; et_pb_row_fullwidth et_pb_row_fullwidth&#8221; _builder_version=&#8221;3.25&#8243; width=&#8221;89%&#8221; width_tablet=&#8221;80%&#8221; width_last_edited=&#8221;on|desktop&#8221; max_width=&#8221;89%&#8221; max_width_tablet=&#8221;80%&#8221; max_width_last_edited=&#8221;on|desktop&#8221; make_fullwidth=&#8221;on&#8221; _i=&#8221;0&#8243; _address=&#8221;0.0&#8243;][et_pb_column type=&#8221;4_4&#8243; _builder_version=&#8221;3.25&#8243; custom_padding=&#8221;|||&#8221; custom_padding__hover=&#8221;|||&#8221; _i=&#8221;0&#8243; _address=&#8221;0.0.0&#8243;][et_pb_text admin_label=&#8221;P\u00e4\u00e4otsikko kuvan p\u00e4\u00e4ll\u00e4&#8221; _builder_version=&#8221;3.27.4&#8243; text_orientation=&#8221;center&#8221; background_layout=&#8221;dark&#8221; locked=&#8221;off&#8221; collapsed=&#8221;off&#8221; _i=&#8221;0&#8243; _address=&#8221;0.0.0.0&#8243;]<\/p>\n<h1>Edelliset kuvern\u00f6\u00f6rit<\/h1>\n<p>[\/et_pb_text][\/et_pb_column][\/et_pb_row][\/et_pb_section][et_pb_section fb_built=&#8221;1&#8243; module_class=&#8221;sisaltoalue_perus&#8221; _builder_version=&#8221;3.22.3&#8243; fb_built=&#8221;1&#8243; bb_built=&#8221;1&#8243; _i=&#8221;1&#8243; _address=&#8221;1&#8243;][et_pb_row _builder_version=&#8221;3.25&#8243; background_size=&#8221;initial&#8221; background_position=&#8221;top_left&#8221; background_repeat=&#8221;repeat&#8221; _i=&#8221;0&#8243; _address=&#8221;1.0&#8243;][et_pb_column type=&#8221;4_4&#8243; _builder_version=&#8221;3.25&#8243; custom_padding=&#8221;|||&#8221; custom_padding__hover=&#8221;|||&#8221; _i=&#8221;0&#8243; _address=&#8221;1.0.0&#8243;][et_pb_text admin_label=&#8221;P\u00e4\u00e4otsikko ennen sis\u00e4lt\u00f6\u00e4&#8221; _builder_version=&#8221;3.27.4&#8243; text_orientation=&#8221;center&#8221; _i=&#8221;0&#8243; _address=&#8221;1.0.0.0&#8243;]<\/p>\n<h1>Edelliset kuvern\u00f6\u00f6rit<\/h1>\n<p>[\/et_pb_text][\/et_pb_column][\/et_pb_row][et_pb_row column_structure=&#8221;1_3,1_3,1_3&#8243; _builder_version=&#8221;3.25&#8243; background_size=&#8221;initial&#8221; background_position=&#8221;top_left&#8221; background_repeat=&#8221;repeat&#8221; _i=&#8221;1&#8243; _address=&#8221;1.1&#8243;][et_pb_column type=&#8221;1_3&#8243; _builder_version=&#8221;3.25&#8243; custom_padding=&#8221;|||&#8221; custom_padding__hover=&#8221;|||&#8221; _i=&#8221;0&#8243; _address=&#8221;1.1.0&#8243;][et_pb_team_member name=&#8221;IPDG Jaakko Panula&#8221; position=&#8221;Kuvern\u00f6\u00f6ri 2018\u20132019&#8243; image_url=&#8221;https:\/\/rotary.fi\/dxxxx\/wp-content\/uploads\/sites\/165\/2019\/06\/d-1380-jaakko-panula.jpg&#8221; admin_label=&#8221;DG Jaakko Panula&#8221; module_class=&#8221;kuvernoori&#8221; _builder_version=&#8221;3.25.3&#8243; background_color=&#8221;#f8f9fa&#8221; z_index_tablet=&#8221;500&#8243; _i=&#8221;0&#8243; _address=&#8221;1.1.0.0&#8243;]<\/p>\n<p>Kauhajoki<\/p>\n<p>[\/et_pb_team_member][\/et_pb_column][et_pb_column type=&#8221;1_3&#8243; _builder_version=&#8221;3.25&#8243; custom_padding=&#8221;|||&#8221; custom_padding__hover=&#8221;|||&#8221; _i=&#8221;1&#8243; _address=&#8221;1.1.1&#8243;][et_pb_team_member name=&#8221;PDG Kjell \u00d6vergaard&#8221; position=&#8221;Kuvern\u00f6\u00f6ri 2017\u20132018&#8243; admin_label=&#8221;PDG Kjell \u00d6vergaard&#8221; module_class=&#8221;kuvernoori&#8221; _builder_version=&#8221;3.27.4&#8243; background_color=&#8221;#f8f9fa&#8221; z_index_tablet=&#8221;500&#8243; hover_enabled=&#8221;0&#8243; _i=&#8221;0&#8243; _address=&#8221;1.1.1.0&#8243;]<\/p>\n<p>Nykarleby<\/p>\n<p>[\/et_pb_team_member][et_pb_team_member name=&#8221;PDG Erkki Salmu&#8221; position=&#8221;Kuvern\u00f6\u00f6ri 2016\u20132017&#8243; admin_label=&#8221;PDG Erkki Salmu&#8221; module_class=&#8221;kuvernoori&#8221; _builder_version=&#8221;3.27.4&#8243; background_color=&#8221;#f8f9fa&#8221; z_index_tablet=&#8221;500&#8243; locked=&#8221;off&#8221; _i=&#8221;1&#8243; _address=&#8221;1.1.1.1&#8243;]<\/p>\n<p>Pietarsaari\u2013M\u00e4ssk\u00e4r<\/p>\n<p>[\/et_pb_team_member][et_pb_team_member name=&#8221;PDG Kaj Kusnetsov&#8221; position=&#8221;Kuvern\u00f6\u00f6ri 2015\u20132016&#8243; admin_label=&#8221;PDG Kaj Kusnetsov&#8221; module_class=&#8221;kuvernoori&#8221; _builder_version=&#8221;3.27.4&#8243; background_color=&#8221;#f8f9fa&#8221; z_index_tablet=&#8221;500&#8243; _i=&#8221;2&#8243; _address=&#8221;1.1.1.2&#8243;]<\/p>\n<p>Kurikka<\/p>\n<p>[\/et_pb_team_member][\/et_pb_column][et_pb_column type=&#8221;1_3&#8243; _builder_version=&#8221;3.25&#8243; custom_padding=&#8221;|||&#8221; custom_padding__hover=&#8221;|||&#8221; _i=&#8221;2&#8243; _address=&#8221;1.1.2&#8243;][et_pb_team_member name=&#8221;PDG Antti Salminen&#8221; position=&#8221;Kuvern\u00f6\u00f6ri 2014\u20132015&#8243; admin_label=&#8221;PDG Antti Salminen&#8221; module_class=&#8221;kuvernoori&#8221; _builder_version=&#8221;3.27.4&#8243; background_color=&#8221;#f8f9fa&#8221; z_index_tablet=&#8221;500&#8243; _i=&#8221;0&#8243; _address=&#8221;1.1.2.0&#8243;]<\/p>\n<p>Laihia<\/p>\n<p>[\/et_pb_team_member][et_pb_team_member name=&#8221;PDG Leif Saarela&#8221; position=&#8221;Kuvern\u00f6\u00f6ri 2013\u20132014&#8243; admin_label=&#8221;PDG Leif Saarela&#8221; module_class=&#8221;kuvernoori&#8221; _builder_version=&#8221;3.27.4&#8243; background_color=&#8221;#f8f9fa&#8221; z_index_tablet=&#8221;500&#8243; _i=&#8221;1&#8243; _address=&#8221;1.1.2.1&#8243;]<\/p>\n<p>Sein\u00e4joki T\u00f6rn\u00e4v\u00e4<\/p>\n<p>[\/et_pb_team_member][et_pb_team_member name=&#8221;PDG H\u00e5kan Anttila&#8221; position=&#8221;Kuvern\u00f6\u00f6ri 2012\u20132013&#8243; admin_label=&#8221;PDG H\u00e5kan Anttila&#8221; module_class=&#8221;kuvernoori&#8221; _builder_version=&#8221;3.27.4&#8243; background_color=&#8221;#f8f9fa&#8221; z_index_tablet=&#8221;500&#8243; _i=&#8221;2&#8243; _address=&#8221;1.1.2.2&#8243;]<\/p>\n<p>Vaasa-Vasa<\/p>\n<p>[\/et_pb_team_member][\/et_pb_column][\/et_pb_row][\/et_pb_section]<\/p>\n","protected":false},"excerpt":{"rendered":"<p>Edelliset kuvern\u00f6\u00f6rit Edelliset kuvern\u00f6\u00f6rit Kauhajoki Nykarleby Pietarsaari\u2013M\u00e4ssk\u00e4r Kurikka Laihia Sein\u00e4joki T\u00f6rn\u00e4v\u00e4 Vaasa-Vasa<\/p>\n","protected":false},"author":1,"featured_media":0,"parent":2017,"menu_order":1,"comment_status":"closed","ping_status":"closed","template":"","meta":{"_acf_changed":false,"_et_pb_use_builder":"on","_et_pb_old_content":"","_et_gb_content_width":"","footnotes":""},"class_list":["post-2215","page","type-page","status-publish","hentry"],"acf":[],"yoast_head":"<!-- This site is optimized with the Yoast SEO plugin v27.0 - https:\/\/yoast.com\/product\/yoast-seo-wordpress\/ -->\n<title>Edelliset kuvern\u00f6\u00f6rit - Piiri XXXX<\/title>\n<meta name=\"robots\" content=\"index, follow, max-snippet:-1, max-image-preview:large, max-video-preview:-1\" \/>\n<link rel=\"canonical\" href=\"https:\/\/rotary.fi\/dxxxx\/rotarypiirixxxx\/edelliset-kuvernoorit\/\" \/>\n<meta property=\"og:locale\" content=\"fi_FI\" \/>\n<meta property=\"og:type\" content=\"article\" \/>\n<meta property=\"og:title\" content=\"Edelliset kuvern\u00f6\u00f6rit - Piiri XXXX\" \/>\n<meta property=\"og:description\" content=\"Edelliset kuvern\u00f6\u00f6rit Edelliset kuvern\u00f6\u00f6rit Kauhajoki Nykarleby Pietarsaari\u2013M\u00e4ssk\u00e4r Kurikka Laihia Sein\u00e4joki T\u00f6rn\u00e4v\u00e4 Vaasa-Vasa\" \/>\n<meta property=\"og:url\" content=\"https:\/\/rotary.fi\/dxxxx\/rotarypiirixxxx\/edelliset-kuvernoorit\/\" \/>\n<meta property=\"og:site_name\" content=\"Piiri XXXX\" \/>\n<meta property=\"article:publisher\" content=\"https:\/\/www.facebook.com\/rotary\/\" \/>\n<meta property=\"article:modified_time\" content=\"2019-09-10T10:21:36+00:00\" \/>\n<meta name=\"twitter:card\" content=\"summary_large_image\" \/>\n<meta name=\"twitter:label1\" content=\"Arvioitu lukuaika\" \/>\n\t<meta name=\"twitter:data1\" content=\"3 minuuttia\" \/>\n<script type=\"application\/ld+json\" class=\"yoast-schema-graph\">{\"@context\":\"https:\/\/schema.org\",\"@graph\":[{\"@type\":\"WebPage\",\"@id\":\"https:\/\/rotary.fi\/dxxxx\/rotarypiirixxxx\/edelliset-kuvernoorit\/\",\"url\":\"https:\/\/rotary.fi\/dxxxx\/rotarypiirixxxx\/edelliset-kuvernoorit\/\",\"name\":\"Edelliset kuvern\u00f6\u00f6rit - Piiri XXXX\",\"isPartOf\":{\"@id\":\"https:\/\/rotary.fi\/dxxxx\/#website\"},\"datePublished\":\"2019-03-27T10:56:45+00:00\",\"dateModified\":\"2019-09-10T10:21:36+00:00\",\"breadcrumb\":{\"@id\":\"https:\/\/rotary.fi\/dxxxx\/rotarypiirixxxx\/edelliset-kuvernoorit\/#breadcrumb\"},\"inLanguage\":\"fi\",\"potentialAction\":[{\"@type\":\"ReadAction\",\"target\":[\"https:\/\/rotary.fi\/dxxxx\/rotarypiirixxxx\/edelliset-kuvernoorit\/\"]}]},{\"@type\":\"BreadcrumbList\",\"@id\":\"https:\/\/rotary.fi\/dxxxx\/rotarypiirixxxx\/edelliset-kuvernoorit\/#breadcrumb\",\"itemListElement\":[{\"@type\":\"ListItem\",\"position\":1,\"name\":\"Home\",\"item\":\"https:\/\/rotary.fi\/dxxxx\/\"},{\"@type\":\"ListItem\",\"position\":2,\"name\":\"Rotarypiiri xxxx\",\"item\":\"https:\/\/rotary.fi\/dxxxx\/rotarypiirixxxx\/\"},{\"@type\":\"ListItem\",\"position\":3,\"name\":\"Edelliset kuvern\u00f6\u00f6rit\"}]},{\"@type\":\"WebSite\",\"@id\":\"https:\/\/rotary.fi\/dxxxx\/#website\",\"url\":\"https:\/\/rotary.fi\/dxxxx\/\",\"name\":\"Piiri XXXX\",\"description\":\"Suomen Rotary\",\"potentialAction\":[{\"@type\":\"SearchAction\",\"target\":{\"@type\":\"EntryPoint\",\"urlTemplate\":\"https:\/\/rotary.fi\/dxxxx\/?s={search_term_string}\"},\"query-input\":{\"@type\":\"PropertyValueSpecification\",\"valueRequired\":true,\"valueName\":\"search_term_string\"}}],\"inLanguage\":\"fi\"}]}<\/script>\n<!-- \/ Yoast SEO plugin. -->","yoast_head_json":{"title":"Edelliset kuvern\u00f6\u00f6rit - Piiri XXXX","robots":{"index":"index","follow":"follow","max-snippet":"max-snippet:-1","max-image-preview":"max-image-preview:large","max-video-preview":"max-video-preview:-1"},"canonical":"https:\/\/rotary.fi\/dxxxx\/rotarypiirixxxx\/edelliset-kuvernoorit\/","og_locale":"fi_FI","og_type":"article","og_title":"Edelliset kuvern\u00f6\u00f6rit - Piiri XXXX","og_description":"Edelliset kuvern\u00f6\u00f6rit Edelliset kuvern\u00f6\u00f6rit Kauhajoki Nykarleby Pietarsaari\u2013M\u00e4ssk\u00e4r Kurikka Laihia Sein\u00e4joki T\u00f6rn\u00e4v\u00e4 Vaasa-Vasa","og_url":"https:\/\/rotary.fi\/dxxxx\/rotarypiirixxxx\/edelliset-kuvernoorit\/","og_site_name":"Piiri XXXX","article_publisher":"https:\/\/www.facebook.com\/rotary\/","article_modified_time":"2019-09-10T10:21:36+00:00","twitter_card":"summary_large_image","twitter_misc":{"Arvioitu lukuaika":"3 minuuttia"},"schema":{"@context":"https:\/\/schema.org","@graph":[{"@type":"WebPage","@id":"https:\/\/rotary.fi\/dxxxx\/rotarypiirixxxx\/edelliset-kuvernoorit\/","url":"https:\/\/rotary.fi\/dxxxx\/rotarypiirixxxx\/edelliset-kuvernoorit\/","name":"Edelliset kuvern\u00f6\u00f6rit - Piiri XXXX","isPartOf":{"@id":"https:\/\/rotary.fi\/dxxxx\/#website"},"datePublished":"2019-03-27T10:56:45+00:00","dateModified":"2019-09-10T10:21:36+00:00","breadcrumb":{"@id":"https:\/\/rotary.fi\/dxxxx\/rotarypiirixxxx\/edelliset-kuvernoorit\/#breadcrumb"},"inLanguage":"fi","potentialAction":[{"@type":"ReadAction","target":["https:\/\/rotary.fi\/dxxxx\/rotarypiirixxxx\/edelliset-kuvernoorit\/"]}]},{"@type":"BreadcrumbList","@id":"https:\/\/rotary.fi\/dxxxx\/rotarypiirixxxx\/edelliset-kuvernoorit\/#breadcrumb","itemListElement":[{"@type":"ListItem","position":1,"name":"Home","item":"https:\/\/rotary.fi\/dxxxx\/"},{"@type":"ListItem","position":2,"name":"Rotarypiiri xxxx","item":"https:\/\/rotary.fi\/dxxxx\/rotarypiirixxxx\/"},{"@type":"ListItem","position":3,"name":"Edelliset kuvern\u00f6\u00f6rit"}]},{"@type":"WebSite","@id":"https:\/\/rotary.fi\/dxxxx\/#website","url":"https:\/\/rotary.fi\/dxxxx\/","name":"Piiri XXXX","description":"Suomen Rotary","potentialAction":[{"@type":"SearchAction","target":{"@type":"EntryPoint","urlTemplate":"https:\/\/rotary.fi\/dxxxx\/?s={search_term_string}"},"query-input":{"@type":"PropertyValueSpecification","valueRequired":true,"valueName":"search_term_string"}}],"inLanguage":"fi"}]}},"lang":"fi","translations":{"fi":2215,"sv":2636,"en":2887},"pll_sync_post":[],"_links":{"self":[{"href":"https:\/\/rotary.fi\/dxxxx\/wp-json\/wp\/v2\/pages\/2215","targetHints":{"allow":["GET"]}}],"collection":[{"href":"https:\/\/rotary.fi\/dxxxx\/wp-json\/wp\/v2\/pages"}],"about":[{"href":"https:\/\/rotary.fi\/dxxxx\/wp-json\/wp\/v2\/types\/page"}],"author":[{"embeddable":true,"href":"https:\/\/rotary.fi\/dxxxx\/wp-json\/wp\/v2\/users\/1"}],"replies":[{"embeddable":true,"href":"https:\/\/rotary.fi\/dxxxx\/wp-json\/wp\/v2\/comments?post=2215"}],"version-history":[{"count":20,"href":"https:\/\/rotary.fi\/dxxxx\/wp-json\/wp\/v2\/pages\/2215\/revisions"}],"predecessor-version":[{"id":3256,"href":"https:\/\/rotary.fi\/dxxxx\/wp-json\/wp\/v2\/pages\/2215\/revisions\/3256"}],"up":[{"embeddable":true,"href":"https:\/\/rotary.fi\/dxxxx\/wp-json\/wp\/v2\/pages\/2017"}],"wp:attachment":[{"href":"https:\/\/rotary.fi\/dxxxx\/wp-json\/wp\/v2\/media?parent=2215"}],"curies":[{"name":"wp","href":"https:\/\/api.w.org\/{rel}","templated":true}]}}