{"id":2100,"date":"2019-03-13T21:49:24","date_gmt":"2019-03-13T19:49:24","guid":{"rendered":"https:\/\/rotary.fi\/piirisivusto\/?page_id=2100"},"modified":"2019-09-10T12:23:41","modified_gmt":"2019-09-10T10:23:41","slug":"toiminnan-visuaalinen-kuvaus","status":"publish","type":"page","link":"https:\/\/rotary.fi\/dxxxx\/rotarypiirixxxx\/toiminnan-visuaalinen-kuvaus\/","title":{"rendered":"Toiminnan visuaalinen kuvaus"},"content":{"rendered":"<p>[et_pb_section fb_built=&#8221;1&#8243; module_class=&#8221;jumbotron-page&#8221; _builder_version=&#8221;3.22&#8243; background_image=&#8221;https:\/\/rotary.fi\/piirisivusto\/wp-content\/uploads\/sites\/165\/2018\/02\/paakuva-sisasivu1.jpg&#8221; bb_built=&#8221;1&#8243; _i=&#8221;0&#8243; _address=&#8221;0&#8243;][et_pb_row module_class=&#8221; et_pb_row_fullwidth et_pb_row_fullwidth et_pb_row_fullwidth et_pb_row_fullwidth&#8221; _builder_version=&#8221;3.25&#8243; width=&#8221;89%&#8221; width_tablet=&#8221;80%&#8221; width_last_edited=&#8221;on|desktop&#8221; max_width=&#8221;89%&#8221; max_width_tablet=&#8221;80%&#8221; max_width_last_edited=&#8221;on|desktop&#8221; make_fullwidth=&#8221;on&#8221; _i=&#8221;0&#8243; _address=&#8221;0.0&#8243;][et_pb_column type=&#8221;4_4&#8243; _builder_version=&#8221;3.25&#8243; custom_padding=&#8221;|||&#8221; _i=&#8221;0&#8243; _address=&#8221;0.0.0&#8243; custom_padding__hover=&#8221;|||&#8221;][et_pb_text admin_label=&#8221;P\u00e4\u00e4otsikko kuvan p\u00e4\u00e4ll\u00e4: Toiminnan visuaalinen kuvaus&#8221; _builder_version=&#8221;3.27.4&#8243; text_orientation=&#8221;center&#8221; background_layout=&#8221;dark&#8221; locked=&#8221;off&#8221; collapsed=&#8221;off&#8221; _i=&#8221;0&#8243; _address=&#8221;0.0.0.0&#8243;]<\/p>\n<h1>Toiminnan visuaalinen kuvaus<\/h1>\n<p>[\/et_pb_text][\/et_pb_column][\/et_pb_row][\/et_pb_section][et_pb_section fb_built=&#8221;1&#8243; module_class=&#8221;sisaltoalue_perus&#8221; _builder_version=&#8221;3.22&#8243; custom_margin=&#8221;||40px|&#8221; bb_built=&#8221;1&#8243; _i=&#8221;1&#8243; _address=&#8221;1&#8243;][et_pb_row custom_padding_last_edited=&#8221;on|phone&#8221; _builder_version=&#8221;3.25&#8243; _i=&#8221;0&#8243; _address=&#8221;1.0&#8243; column_structure=&#8221;3_5,2_5&#8243;][et_pb_column type=&#8221;3_5&#8243; _builder_version=&#8221;3.25&#8243; custom_padding=&#8221;|||&#8221; _i=&#8221;0&#8243; _address=&#8221;1.0.0&#8243; custom_padding__hover=&#8221;|||&#8221;][et_pb_text admin_label=&#8221;P\u00e4\u00e4otsikko ennen sis\u00e4lt\u00f6\u00e4: Toiminnan visuaalinen kuvaus&#8221; _builder_version=&#8221;3.27.4&#8243; text_orientation=&#8221;center&#8221; _i=&#8221;0&#8243; _address=&#8221;1.0.0.0&#8243;]<\/p>\n<h1>Toiminnan visuaalinen kuvaus<\/h1>\n<p>[\/et_pb_text][et_pb_text _builder_version=&#8221;3.27.4&#8243; _i=&#8221;1&#8243; _address=&#8221;1.0.0.1&#8243;]<\/p>\n<p>Lorem ipsum dolor sit amet, consectetur adipiscing elit, sed do eiusmod tempor incididunt ut labore et dolore magna aliqua. Ut enim ad minim veniam, quis nostrud exercitation ullamco laboris nisi ut aliquip ex ea commodo consequat. Duis aute irure dolor in reprehenderit in voluptate velit esse cillum dolore eu fugiat nulla pariatur. Excepteur sint occaecat cupidatat non proident, sunt in culpa qui officia deserunt mollit anim id est laborum.<\/p>\n<p>[\/et_pb_text][\/et_pb_column][et_pb_column type=&#8221;2_5&#8243; _builder_version=&#8221;3.25&#8243; custom_padding=&#8221;|||&#8221; _i=&#8221;1&#8243; _address=&#8221;1.0.1&#8243; custom_padding__hover=&#8221;|||&#8221;][et_pb_image src=&#8221;https:\/\/rotary.fi\/dxxxx\/wp-content\/uploads\/sites\/165\/2019\/08\/d1380.jpg&#8221; align_tablet=&#8221;center&#8221; align_last_edited=&#8221;on|desktop&#8221; _builder_version=&#8221;3.27.4&#8243; border_width_all=&#8221;10px&#8221; border_color_all=&#8221;#ffffff&#8221; box_shadow_style=&#8221;preset1&#8243; box_shadow_blur=&#8221;5px&#8221; z_index_tablet=&#8221;500&#8243; hover_enabled=&#8221;0&#8243; _i=&#8221;0&#8243; _address=&#8221;1.0.1.0&#8243;][\/et_pb_image][\/et_pb_column][\/et_pb_row][\/et_pb_section]<\/p>\n","protected":false},"excerpt":{"rendered":"<p>Toiminnan visuaalinen kuvaus Toiminnan visuaalinen kuvaus Lorem ipsum dolor sit amet, consectetur adipiscing elit, sed do eiusmod tempor incididunt ut labore et dolore magna aliqua. Ut enim ad minim veniam, quis nostrud exercitation ullamco laboris nisi ut aliquip ex ea commodo consequat. Duis aute irure dolor in reprehenderit in voluptate velit esse cillum dolore eu [&hellip;]<\/p>\n","protected":false},"author":1,"featured_media":0,"parent":2017,"menu_order":1,"comment_status":"closed","ping_status":"closed","template":"","meta":{"_acf_changed":false,"_et_pb_use_builder":"on","_et_pb_old_content":"","_et_gb_content_width":"","footnotes":""},"class_list":["post-2100","page","type-page","status-publish","hentry"],"acf":[],"yoast_head":"<!-- This site is optimized with the Yoast SEO plugin v27.0 - https:\/\/yoast.com\/product\/yoast-seo-wordpress\/ -->\n<title>Toiminnan visuaalinen kuvaus - Piiri XXXX<\/title>\n<meta name=\"robots\" content=\"index, follow, max-snippet:-1, max-image-preview:large, max-video-preview:-1\" \/>\n<link rel=\"canonical\" href=\"https:\/\/rotary.fi\/dxxxx\/rotarypiirixxxx\/toiminnan-visuaalinen-kuvaus\/\" \/>\n<meta property=\"og:locale\" content=\"fi_FI\" \/>\n<meta property=\"og:type\" content=\"article\" \/>\n<meta property=\"og:title\" content=\"Toiminnan visuaalinen kuvaus - Piiri XXXX\" \/>\n<meta property=\"og:description\" content=\"Toiminnan visuaalinen kuvaus Toiminnan visuaalinen kuvaus Lorem ipsum dolor sit amet, consectetur adipiscing elit, sed do eiusmod tempor incididunt ut labore et dolore magna aliqua. Ut enim ad minim veniam, quis nostrud exercitation ullamco laboris nisi ut aliquip ex ea commodo consequat. Duis aute irure dolor in reprehenderit in voluptate velit esse cillum dolore eu [&hellip;]\" \/>\n<meta property=\"og:url\" content=\"https:\/\/rotary.fi\/dxxxx\/rotarypiirixxxx\/toiminnan-visuaalinen-kuvaus\/\" \/>\n<meta property=\"og:site_name\" content=\"Piiri XXXX\" \/>\n<meta property=\"article:publisher\" content=\"https:\/\/www.facebook.com\/rotary\/\" \/>\n<meta property=\"article:modified_time\" content=\"2019-09-10T10:23:41+00:00\" \/>\n<meta name=\"twitter:card\" content=\"summary_large_image\" \/>\n<meta name=\"twitter:label1\" content=\"Arvioitu lukuaika\" \/>\n\t<meta name=\"twitter:data1\" content=\"2 minuuttia\" \/>\n<script type=\"application\/ld+json\" class=\"yoast-schema-graph\">{\"@context\":\"https:\/\/schema.org\",\"@graph\":[{\"@type\":\"WebPage\",\"@id\":\"https:\/\/rotary.fi\/dxxxx\/rotarypiirixxxx\/toiminnan-visuaalinen-kuvaus\/\",\"url\":\"https:\/\/rotary.fi\/dxxxx\/rotarypiirixxxx\/toiminnan-visuaalinen-kuvaus\/\",\"name\":\"Toiminnan visuaalinen kuvaus - Piiri XXXX\",\"isPartOf\":{\"@id\":\"https:\/\/rotary.fi\/dxxxx\/#website\"},\"datePublished\":\"2019-03-13T19:49:24+00:00\",\"dateModified\":\"2019-09-10T10:23:41+00:00\",\"breadcrumb\":{\"@id\":\"https:\/\/rotary.fi\/dxxxx\/rotarypiirixxxx\/toiminnan-visuaalinen-kuvaus\/#breadcrumb\"},\"inLanguage\":\"fi\",\"potentialAction\":[{\"@type\":\"ReadAction\",\"target\":[\"https:\/\/rotary.fi\/dxxxx\/rotarypiirixxxx\/toiminnan-visuaalinen-kuvaus\/\"]}]},{\"@type\":\"BreadcrumbList\",\"@id\":\"https:\/\/rotary.fi\/dxxxx\/rotarypiirixxxx\/toiminnan-visuaalinen-kuvaus\/#breadcrumb\",\"itemListElement\":[{\"@type\":\"ListItem\",\"position\":1,\"name\":\"Home\",\"item\":\"https:\/\/rotary.fi\/dxxxx\/\"},{\"@type\":\"ListItem\",\"position\":2,\"name\":\"Rotarypiiri xxxx\",\"item\":\"https:\/\/rotary.fi\/dxxxx\/rotarypiirixxxx\/\"},{\"@type\":\"ListItem\",\"position\":3,\"name\":\"Toiminnan visuaalinen kuvaus\"}]},{\"@type\":\"WebSite\",\"@id\":\"https:\/\/rotary.fi\/dxxxx\/#website\",\"url\":\"https:\/\/rotary.fi\/dxxxx\/\",\"name\":\"Piiri XXXX\",\"description\":\"Suomen Rotary\",\"potentialAction\":[{\"@type\":\"SearchAction\",\"target\":{\"@type\":\"EntryPoint\",\"urlTemplate\":\"https:\/\/rotary.fi\/dxxxx\/?s={search_term_string}\"},\"query-input\":{\"@type\":\"PropertyValueSpecification\",\"valueRequired\":true,\"valueName\":\"search_term_string\"}}],\"inLanguage\":\"fi\"}]}<\/script>\n<!-- \/ Yoast SEO plugin. -->","yoast_head_json":{"title":"Toiminnan visuaalinen kuvaus - Piiri XXXX","robots":{"index":"index","follow":"follow","max-snippet":"max-snippet:-1","max-image-preview":"max-image-preview:large","max-video-preview":"max-video-preview:-1"},"canonical":"https:\/\/rotary.fi\/dxxxx\/rotarypiirixxxx\/toiminnan-visuaalinen-kuvaus\/","og_locale":"fi_FI","og_type":"article","og_title":"Toiminnan visuaalinen kuvaus - Piiri XXXX","og_description":"Toiminnan visuaalinen kuvaus Toiminnan visuaalinen kuvaus Lorem ipsum dolor sit amet, consectetur adipiscing elit, sed do eiusmod tempor incididunt ut labore et dolore magna aliqua. Ut enim ad minim veniam, quis nostrud exercitation ullamco laboris nisi ut aliquip ex ea commodo consequat. Duis aute irure dolor in reprehenderit in voluptate velit esse cillum dolore eu [&hellip;]","og_url":"https:\/\/rotary.fi\/dxxxx\/rotarypiirixxxx\/toiminnan-visuaalinen-kuvaus\/","og_site_name":"Piiri XXXX","article_publisher":"https:\/\/www.facebook.com\/rotary\/","article_modified_time":"2019-09-10T10:23:41+00:00","twitter_card":"summary_large_image","twitter_misc":{"Arvioitu lukuaika":"2 minuuttia"},"schema":{"@context":"https:\/\/schema.org","@graph":[{"@type":"WebPage","@id":"https:\/\/rotary.fi\/dxxxx\/rotarypiirixxxx\/toiminnan-visuaalinen-kuvaus\/","url":"https:\/\/rotary.fi\/dxxxx\/rotarypiirixxxx\/toiminnan-visuaalinen-kuvaus\/","name":"Toiminnan visuaalinen kuvaus - Piiri XXXX","isPartOf":{"@id":"https:\/\/rotary.fi\/dxxxx\/#website"},"datePublished":"2019-03-13T19:49:24+00:00","dateModified":"2019-09-10T10:23:41+00:00","breadcrumb":{"@id":"https:\/\/rotary.fi\/dxxxx\/rotarypiirixxxx\/toiminnan-visuaalinen-kuvaus\/#breadcrumb"},"inLanguage":"fi","potentialAction":[{"@type":"ReadAction","target":["https:\/\/rotary.fi\/dxxxx\/rotarypiirixxxx\/toiminnan-visuaalinen-kuvaus\/"]}]},{"@type":"BreadcrumbList","@id":"https:\/\/rotary.fi\/dxxxx\/rotarypiirixxxx\/toiminnan-visuaalinen-kuvaus\/#breadcrumb","itemListElement":[{"@type":"ListItem","position":1,"name":"Home","item":"https:\/\/rotary.fi\/dxxxx\/"},{"@type":"ListItem","position":2,"name":"Rotarypiiri xxxx","item":"https:\/\/rotary.fi\/dxxxx\/rotarypiirixxxx\/"},{"@type":"ListItem","position":3,"name":"Toiminnan visuaalinen kuvaus"}]},{"@type":"WebSite","@id":"https:\/\/rotary.fi\/dxxxx\/#website","url":"https:\/\/rotary.fi\/dxxxx\/","name":"Piiri XXXX","description":"Suomen Rotary","potentialAction":[{"@type":"SearchAction","target":{"@type":"EntryPoint","urlTemplate":"https:\/\/rotary.fi\/dxxxx\/?s={search_term_string}"},"query-input":{"@type":"PropertyValueSpecification","valueRequired":true,"valueName":"search_term_string"}}],"inLanguage":"fi"}]}},"lang":"fi","translations":{"fi":2100,"sv":2648,"en":3103},"pll_sync_post":[],"_links":{"self":[{"href":"https:\/\/rotary.fi\/dxxxx\/wp-json\/wp\/v2\/pages\/2100","targetHints":{"allow":["GET"]}}],"collection":[{"href":"https:\/\/rotary.fi\/dxxxx\/wp-json\/wp\/v2\/pages"}],"about":[{"href":"https:\/\/rotary.fi\/dxxxx\/wp-json\/wp\/v2\/types\/page"}],"author":[{"embeddable":true,"href":"https:\/\/rotary.fi\/dxxxx\/wp-json\/wp\/v2\/users\/1"}],"replies":[{"embeddable":true,"href":"https:\/\/rotary.fi\/dxxxx\/wp-json\/wp\/v2\/comments?post=2100"}],"version-history":[{"count":7,"href":"https:\/\/rotary.fi\/dxxxx\/wp-json\/wp\/v2\/pages\/2100\/revisions"}],"predecessor-version":[{"id":3259,"href":"https:\/\/rotary.fi\/dxxxx\/wp-json\/wp\/v2\/pages\/2100\/revisions\/3259"}],"up":[{"embeddable":true,"href":"https:\/\/rotary.fi\/dxxxx\/wp-json\/wp\/v2\/pages\/2017"}],"wp:attachment":[{"href":"https:\/\/rotary.fi\/dxxxx\/wp-json\/wp\/v2\/media?parent=2100"}],"curies":[{"name":"wp","href":"https:\/\/api.w.org\/{rel}","templated":true}]}}