{"id":2037,"date":"2018-08-27T10:17:16","date_gmt":"2018-08-27T08:17:16","guid":{"rendered":"https:\/\/rotary.fi\/piirisivusto\/?page_id=2037"},"modified":"2019-09-10T09:30:08","modified_gmt":"2019-09-10T07:30:08","slug":"piirin-organisaatio","status":"publish","type":"page","link":"https:\/\/rotary.fi\/dxxxx\/rotarypiirixxxx\/piirin-organisaatio\/","title":{"rendered":"Piirin organisaatio"},"content":{"rendered":"<p>[et_pb_section fb_built=&#8221;1&#8243; module_class=&#8221;jumbotron-page&#8221; _builder_version=&#8221;3.22&#8243; background_image=&#8221;https:\/\/rotary.fi\/piirisivusto\/wp-content\/uploads\/sites\/165\/2019\/03\/rotary_piiri_alasivu_paakuva3.jpg&#8221; bb_built=&#8221;1&#8243; _i=&#8221;0&#8243; _address=&#8221;0&#8243;][et_pb_row module_class=&#8221; et_pb_row_fullwidth&#8221; _builder_version=&#8221;3.25&#8243; width=&#8221;89%&#8221; width_tablet=&#8221;80%&#8221; width_last_edited=&#8221;on|desktop&#8221; max_width=&#8221;89%&#8221; max_width_tablet=&#8221;80%&#8221; max_width_last_edited=&#8221;on|desktop&#8221; make_fullwidth=&#8221;on&#8221; _i=&#8221;0&#8243; _address=&#8221;0.0&#8243;][et_pb_column type=&#8221;4_4&#8243; _builder_version=&#8221;3.25&#8243; custom_padding=&#8221;|||&#8221; _i=&#8221;0&#8243; _address=&#8221;0.0.0&#8243; custom_padding__hover=&#8221;|||&#8221;][et_pb_text admin_label=&#8221;P\u00e4\u00e4otsikko kuvan p\u00e4\u00e4ll\u00e4&#8221; _builder_version=&#8221;3.27.4&#8243; text_orientation=&#8221;center&#8221; background_layout=&#8221;dark&#8221; hover_enabled=&#8221;0&#8243; locked=&#8221;off&#8221; collapsed=&#8221;off&#8221; _i=&#8221;0&#8243; _address=&#8221;0.0.0.0&#8243;]<\/p>\n<h1>Piirin organisaatio<\/h1>\n<p>[\/et_pb_text][\/et_pb_column][\/et_pb_row][\/et_pb_section][et_pb_section fb_built=&#8221;1&#8243; specialty=&#8221;on&#8221; module_class=&#8221;sisaltoalue_perus&#8221; _builder_version=&#8221;3.22&#8243; custom_padding=&#8221;0|0px|28.5469px|0px|false|false&#8221; bb_built=&#8221;1&#8243; _i=&#8221;1&#8243; _address=&#8221;1&#8243;][et_pb_column type=&#8221;1_4&#8243; _builder_version=&#8221;3.25&#8243; custom_padding=&#8221;|||&#8221; _i=&#8221;0&#8243; _address=&#8221;1.0&#8243; custom_padding__hover=&#8221;|||&#8221;][et_pb_team_member name=&#8221;DG Jaakko Panula&#8221; position=&#8221;Kuvern\u00f6\u00f6ri&#8221; image_url=&#8221;https:\/\/rotary.fi\/piirisivusto\/wp-content\/uploads\/sites\/165\/2019\/03\/henkilot_jaakko-panula-1.jpg&#8221; _builder_version=&#8221;3.19.5&#8243; _i=&#8221;0&#8243; _address=&#8221;1.0.0&#8243;]<\/p>\n<p>Tietotekniikka<br \/>p. 040 543 1290<br \/>email: jaakko@panula.fi<\/p>\n<p>[\/et_pb_team_member][\/et_pb_column][et_pb_column type=&#8221;3_4&#8243; specialty_columns=&#8221;3&#8243; _builder_version=&#8221;3.25&#8243; custom_padding=&#8221;|||&#8221; _i=&#8221;1&#8243; _address=&#8221;1.1&#8243; custom_padding__hover=&#8221;|||&#8221;][et_pb_row_inner admin_label=&#8221;Rivi&#8221; _builder_version=&#8221;3.25&#8243; _i=&#8221;0&#8243; _address=&#8221;1.1.0&#8243;][et_pb_column_inner saved_specialty_column_type=&#8221;3_4&#8243; _builder_version=&#8221;3.25&#8243; custom_padding=&#8221;|||&#8221; _i=&#8221;0&#8243; _address=&#8221;1.1.0.0&#8243; custom_padding__hover=&#8221;|||&#8221;][et_pb_text _builder_version=&#8221;3.27.4&#8243; hover_enabled=&#8221;0&#8243; _i=&#8221;0&#8243; _address=&#8221;1.1.0.0.0&#8243;]<\/p>\n<h1>Hallinto<\/h1>\n<p>[\/et_pb_text][\/et_pb_column_inner][\/et_pb_row_inner][et_pb_row_inner admin_label=&#8221;Rivi&#8221; _builder_version=&#8221;3.25&#8243; _i=&#8221;1&#8243; _address=&#8221;1.1.1&#8243; column_structure=&#8221;1_2,1_2&#8243;][et_pb_column_inner type=&#8221;1_2&#8243; saved_specialty_column_type=&#8221;3_4&#8243; _builder_version=&#8221;3.25&#8243; custom_padding=&#8221;|||&#8221; _i=&#8221;0&#8243; _address=&#8221;1.1.1.0&#8243; custom_padding__hover=&#8221;|||&#8221;][et_pb_text _builder_version=&#8221;3.27.4&#8243; _i=&#8221;0&#8243; _address=&#8221;1.1.1.0.0&#8243;]<\/p>\n<h4>Puheenjohtaja<\/h4>\n<p><strong>DG Jaakko Panula<\/strong>, Kauhajoki<br \/>Mobile: +358-40-543 1290<br \/>E-mail: Jaakko@Panula.fi<\/p>\n<h4>Piirineuvoston j\u00e4senet<\/h4>\n<p><strong>IPDG Kjell \u00d6vergaard<\/strong>, Nykarleby<br \/>Mobile: +358-400-865\u00a0644<br \/>E-mail:\u00a0kjell@netikka.fi<\/p>\n<p><strong>DGE Arja Rantanen<\/strong>, Vaasa-Vasa<br \/>arjarantanen24@gmail.com<br \/>+358 50\u00a0524 4731<\/p>\n<p><strong>DGN Kari Nirha<\/strong>, Lapua Kiviristi<br \/>E-mail: Kari@Nirha.fi<\/p>\n<p><strong>PDG DRFC Leif Saarela,<\/strong> T\u00f6rn\u00e4v\u00e4 (Sein\u00e4joki)<br \/>Mobile +358-500-627\u00a0343<br \/>E-mail: leif.saarela@satelcom.fi<\/p>\n<p><strong>PDG Erkki Salmu<\/strong>, Pietarsaari<br \/>Mobile +358 400 954978<br \/>E-mail: erkki.salmu@multi.fi<\/p>\n<p>[\/et_pb_text][\/et_pb_column_inner][et_pb_column_inner type=&#8221;1_2&#8243; saved_specialty_column_type=&#8221;3_4&#8243; _builder_version=&#8221;3.25&#8243; custom_padding=&#8221;|||&#8221; _i=&#8221;1&#8243; _address=&#8221;1.1.1.1&#8243; custom_padding__hover=&#8221;|||&#8221;][et_pb_text _builder_version=&#8221;3.27.4&#8243; _i=&#8221;0&#8243; _address=&#8221;1.1.1.1.0&#8243;]<\/p>\n<h4>Piirisihteeri<\/h4>\n<p><strong>Tuomas Rouhunkoski,<\/strong> Alavus<br \/>Mobile +358-400-477 676<br \/>E-mail: tuomasrouhunkoski@gmail.com<\/p>\n<h4>Piirikouluttaja<\/h4>\n<p><strong>Jaakko Panula<\/strong><br \/>Jaakko@Panula.fi<\/p>\n<h4>Talouskomitea<\/h4>\n<p>Puheenjohtaja<br \/><strong>PDG Pekka Koskinen<\/strong>, Jurva<br \/>Mobile +358-50-517 4882<br \/>E-mail: pekka.koskinen@ppa.inet.fi<br \/>J\u00e4senet \u2013 Ledam\u00f6ter<br \/>PP Yrj\u00f6 Ojala, Kurikka<br \/>P Anna-Liisa Myllym\u00e4ki, Kurikka<\/p>\n<p>Puheenjohtaja<br \/><strong>Jaakko Panula<\/strong>, Kauhajoki<br \/>Mobile +358-40 543 1290<br \/>E-mail: jaakko@panula.fi<\/p>\n<p>[\/et_pb_text][\/et_pb_column_inner][\/et_pb_row_inner][\/et_pb_column][\/et_pb_section][et_pb_section fb_built=&#8221;1&#8243; module_class=&#8221;sisaltoalue_valkoinen&#8221; _builder_version=&#8221;3.22&#8243; background_size=&#8221;initial&#8221; background_position=&#8221;top_left&#8221; background_repeat=&#8221;repeat&#8221; bb_built=&#8221;1&#8243; _i=&#8221;2&#8243; _address=&#8221;2&#8243;][et_pb_row _builder_version=&#8221;3.25&#8243; background_size=&#8221;initial&#8221; background_position=&#8221;top_left&#8221; background_repeat=&#8221;repeat&#8221; _i=&#8221;0&#8243; _address=&#8221;2.0&#8243;][et_pb_column type=&#8221;4_4&#8243; _builder_version=&#8221;3.25&#8243; custom_padding=&#8221;|||&#8221; _i=&#8221;0&#8243; _address=&#8221;2.0.0&#8243; custom_padding__hover=&#8221;|||&#8221;][et_pb_text admin_label=&#8221;Apulaiskuvern\u00f6\u00f6rit ja klubit alueittain&#8221; _builder_version=&#8221;3.27.4&#8243; _i=&#8221;0&#8243; _address=&#8221;2.0.0.0&#8243;]<\/p>\n<h1 class=\"p1\"><span class=\"s1\">Apulaiskuvern\u00f6\u00f6rit ja klubit alueittain<\/span><\/h1>\n<p>[\/et_pb_text][\/et_pb_column][\/et_pb_row][et_pb_row _builder_version=&#8221;3.25&#8243; background_size=&#8221;initial&#8221; background_position=&#8221;top_left&#8221; background_repeat=&#8221;repeat&#8221; _i=&#8221;1&#8243; _address=&#8221;2.1&#8243; column_structure=&#8221;1_3,1_3,1_3&#8243;][et_pb_column type=&#8221;1_3&#8243; _builder_version=&#8221;3.25&#8243; custom_padding=&#8221;|||&#8221; _i=&#8221;0&#8243; _address=&#8221;2.1.0&#8243; custom_padding__hover=&#8221;|||&#8221;][et_pb_text _builder_version=&#8221;3.27.4&#8243; _i=&#8221;0&#8243; _address=&#8221;2.1.0.0&#8243;]<\/p>\n<h4 class=\"p1\">Kokkolan seutu \u2013 Karlebynejden<\/h4>\n<p class=\"p1\">Veli-Pekka Koivu,\u00a0Kokkola-Tankar<br \/>Mobile\u00a0+ 358 440 220 908<br \/>E-mail: veli-pekka.koivu@jippii.fi<br \/>Alueen klubit \u2013 Omr\u00e5dets klubbar Kannus, Kokkola-Gamlakarleby, Kokkola-Hakalax, Kokkola-Tankar<\/p>\n<p>&nbsp;<\/p>\n<h4 class=\"p1\">Pietarsaaren seutu \u2013 Jakobstadnejden<\/h4>\n<p class=\"p1\">Niclas Dahl,\u00a0Jakobstad Pietarsaari<br \/>Mobile +358-40-555-1142<br \/>E-mail: nicke.dahl@gmail.com<br \/>Alueen klubit \u2013 Omr\u00e5dets klubbar Jakobstad-Pietarsaari, Nykarleby, Oravais, Peders\u00f6de, Pietarsaari-M\u00e4ssk\u00e4r, V\u00f6r\u00e5.<\/p>\n<p>[\/et_pb_text][\/et_pb_column][et_pb_column type=&#8221;1_3&#8243; _builder_version=&#8221;3.25&#8243; custom_padding=&#8221;|||&#8221; _i=&#8221;1&#8243; _address=&#8221;2.1.1&#8243; custom_padding__hover=&#8221;|||&#8221;][et_pb_text _builder_version=&#8221;3.27.4&#8243; _i=&#8221;0&#8243; _address=&#8221;2.1.1.0&#8243;]<\/p>\n<h4>Vaasan seutu \u2013 Vasanejden<\/h4>\n<p>Arja Rantanen, Vaasa-Vasa<br \/>arjarantanen24@gmail.com<br \/>+358 50\u00a0524 4731<br \/>Alueen klubit \u2013 Omr\u00e5dets klubbar Vaasa-Vasa, Vaasa-Botnia-Vasa, Vaasan Etel\u00e4inen-Vasa- S\u00f6dra, Korsholm-Mustasaari, Laihia<\/p>\n<p>&nbsp;<\/p>\n<h4>Suupohja \u2013 Sydbotten<\/h4>\n<p>Mika Helander, Kristiinankaupunki<br \/>Mobile +358-40 1737103<br \/>E-mail: mika.helander@evl.fi<br \/>Alueen klubit \u2013 Omr\u00e5dets klubbar Jurva, Kauhajoki, Kauhajoki Aro, Kristinestad- Kristiinankaupunki, N\u00e4rpes<\/p>\n<p>[\/et_pb_text][\/et_pb_column][et_pb_column type=&#8221;1_3&#8243; _builder_version=&#8221;3.25&#8243; custom_padding=&#8221;|||&#8221; _i=&#8221;2&#8243; _address=&#8221;2.1.2&#8243; custom_padding__hover=&#8221;|||&#8221;][et_pb_text _builder_version=&#8221;3.27.4&#8243; _i=&#8221;0&#8243; _address=&#8221;2.1.2.0&#8243;]<\/p>\n<h4>Sein\u00e4joen seutu<\/h4>\n<p>Iina \u00c5man, Lakeus<br \/>Mobile +358-400 656 188<br \/>E-mail: iina.aman@tenho.fi<br \/>Alueen klubit \u2013 Omr\u00e5dets klubbar Ilmajoki, Jalasj\u00e4rvi, Kurikka, Lakeus (Sein\u00e4joki),\u00a0T\u00f6rn\u00e4v\u00e4 (Sein\u00e4joki).<\/p>\n<p>&nbsp;<\/p>\n<h4>Lapuanjokivarsi<\/h4>\n<p>Tuomas Rouhunkoski, Alavus<br \/>Mobile +358-400-477 676<br \/>E-mail: tuomasrouhunkoski@gmail.com<br \/>Alueen klubit \u2013 Omr\u00e5dets klubbar<br \/>Alaj\u00e4rvi, Alavus, Kauhava, Kauhava H\u00e4rm\u00e4t, Lapua, Lapua Kiviristi<\/p>\n<p>[\/et_pb_text][\/et_pb_column][\/et_pb_row][\/et_pb_section][et_pb_section fb_built=&#8221;1&#8243; module_class=&#8221;sisaltoalue_sininen&#8221; _builder_version=&#8221;3.22&#8243; background_size=&#8221;initial&#8221; background_position=&#8221;top_left&#8221; background_repeat=&#8221;repeat&#8221; background_blend=&#8221;overlay&#8221; bb_built=&#8221;1&#8243; _i=&#8221;3&#8243; _address=&#8221;3&#8243;][et_pb_row _builder_version=&#8221;3.25&#8243; background_size=&#8221;initial&#8221; background_position=&#8221;top_left&#8221; background_repeat=&#8221;repeat&#8221; _i=&#8221;0&#8243; _address=&#8221;3.0&#8243; column_structure=&#8221;1_3,1_3,1_3&#8243;][et_pb_column type=&#8221;1_3&#8243; _builder_version=&#8221;3.25&#8243; custom_padding=&#8221;|||&#8221; _i=&#8221;0&#8243; _address=&#8221;3.0.0&#8243; custom_padding__hover=&#8221;|||&#8221;][et_pb_text admin_label=&#8221;Piirikomiteat&#8221; _builder_version=&#8221;3.27.4&#8243; _i=&#8221;0&#8243; _address=&#8221;3.0.0.0&#8243;]<\/p>\n<h2>Piirikomiteat<\/h2>\n<h4 class=\"p1\">J\u00e4senkehitys ja j\u00e4senhuolto<\/h4>\n<p><strong>PP Marjatta Larimo<\/strong>, Vaasa<br \/>Mobile: +358-50-3041732<br \/>E-mail:\u00a0marjatta.larimo@gmail.com<br \/>J\u00e4sen<br \/>PP Sigvard Porko, Vaasa Etel\u00e4inen-Vasa-S\u00f6dra<\/p>\n<h4>Suhdetoiminta<\/h4>\n<p>Puheenjohtaja<br \/><strong>Iina \u00c5man<\/strong>, Lakeus<br \/>Mobile +358-400 656 188<br \/>E-mail: iina.aman@tenho.fi<\/p>\n<p>&nbsp;<\/p>\n<h4 class=\"p1\">Pietarsaaren seutu \u2013 Jakobstadnejden<\/h4>\n<p class=\"p1\">Niclas Dahl,\u00a0Jakobstad Pietarsaari<br \/>Mobile +358-40-555-1142<br \/>E-mail: nicke.dahl@gmail.com<br \/>Alueen klubit \u2013 Omr\u00e5dets klubbar Jakobstad-Pietarsaari, Nykarleby, Oravais, Peders\u00f6de, Pietarsaari-M\u00e4ssk\u00e4r, V\u00f6r\u00e5.<\/p>\n<p>[\/et_pb_text][\/et_pb_column][et_pb_column type=&#8221;1_3&#8243; _builder_version=&#8221;3.25&#8243; custom_padding=&#8221;|||&#8221; _i=&#8221;1&#8243; _address=&#8221;3.0.1&#8243; custom_padding__hover=&#8221;|||&#8221;][et_pb_text _builder_version=&#8221;3.27.4&#8243; _i=&#8221;0&#8243; _address=&#8221;3.0.1.0&#8243;]<\/p>\n<h2 class=\"p1\"><span class=\"s1\">Piirin ohjelmat<\/span><\/h2>\n<h4>Kansainv\u00e4linen palvelu<\/h4>\n<p>Puheenjohtaja<br \/><strong>PDG Leif Saarela<\/strong>, T\u00f6rn\u00e4v\u00e4 (Sein\u00e4joki)<br \/>Mobile +358-500-627 343<br \/>E-mail: leif.saarela@satelcom.fi<\/p>\n<h4>Nuorisovaihto<\/h4>\n<p>Puheenjohtaja\u00a0<br \/><strong>PP Matias Granvik<\/strong>,\u00a0T\u00f6rn\u00e4v\u00e4 (Sein\u00e4joki)<br \/>Mobile +358-400-449 337<br \/>E-mail: mattismr@gmail.com<\/p>\n<h4>J\u00e4senet<\/h4>\n<p><strong>PP Markku Anttila<\/strong>, Jurva<br \/>Mobile +358-500-263 880<br \/>E-mail: markku@anvianet.fi<br \/>Mikko M\u00e4nnikk\u00f6, T\u00f6rn\u00e4v\u00e4 (Sein\u00e4joki)<br \/>Mobile +358-50-544 5376<\/p>\n<p>[\/et_pb_text][\/et_pb_column][et_pb_column type=&#8221;1_3&#8243; _builder_version=&#8221;3.25&#8243; custom_padding=&#8221;|||&#8221; _i=&#8221;2&#8243; _address=&#8221;3.0.2&#8243; custom_padding__hover=&#8221;|||&#8221;][et_pb_text _builder_version=&#8221;3.27.4&#8243; _i=&#8221;0&#8243; _address=&#8221;3.0.2.0&#8243;]<\/p>\n<h4>RYLA<\/h4>\n<p>Puheenjohtaja<br \/><strong>Jyrki Oksanen<\/strong>, Ilmajoki<br \/>Mobile +358-400-100 773<br \/>E-mail: jyrki.oksanen@netikka.fi<\/p>\n<p>J\u00e4sen<br \/><strong>PP Ulf Sourander<\/strong>, Nykarleby<br \/>Mobile +358-50-590 1500<br \/>E-mail: ulf.sourander@nykarleby.fi<br \/>Suomen Rotaryn L\u00e4\u00e4k\u00e4ripankki \u2013 Finlands Rotarys L\u00e4karbank, RDBF<\/p>\n<p>Yhteyshenkil\u00f6<br \/><strong>PP Mikael L\u00f6nnb\u00e4ck<\/strong>, Nykarleby<br \/>Mobile +358-50-427 6717<br \/>E-mail: mikael.lonnback@jacobstad.fi<\/p>\n<h4>Rotarys\u00e4\u00e4ti\u00f6<\/h4>\n<p>Puheenjohtaja<br \/><strong>PDG Leif Saarela<\/strong>, T\u00f6rn\u00e4v\u00e4 (Sein\u00e4joki)<br \/>Mobile +358-500-627 343<br \/>E-mail: leif.saarela@satelcom.fi<br \/>J\u00e4sen \u2013 Ledamot<br \/>PP Olavi V\u00e4h\u00e4m\u00e4ki, Laihia<\/p>\n<h4>Stipendit ja entiset stipendiaatit<\/h4>\n<p>Puheenjohtaja<br \/><strong>PDG Aarre Asiala<\/strong>, Kurikka<br \/>Mobile +358-40-547 6693<br \/>E-mail: aarre.asiala@netikka.fi<\/p>\n<p>[\/et_pb_text][\/et_pb_column][\/et_pb_row][\/et_pb_section][et_pb_section fb_built=&#8221;1&#8243; module_class=&#8221;sisaltoalue_valkoinen&#8221; _builder_version=&#8221;3.22&#8243; background_size=&#8221;initial&#8221; background_position=&#8221;top_left&#8221; background_repeat=&#8221;repeat&#8221; background_blend=&#8221;overlay&#8221; bb_built=&#8221;1&#8243; _i=&#8221;4&#8243; _address=&#8221;4&#8243;][et_pb_row _builder_version=&#8221;3.25&#8243; background_size=&#8221;initial&#8221; background_position=&#8221;top_left&#8221; background_repeat=&#8221;repeat&#8221; _i=&#8221;0&#8243; _address=&#8221;4.0&#8243; column_structure=&#8221;1_3,1_3,1_3&#8243;][et_pb_column type=&#8221;1_3&#8243; _builder_version=&#8221;3.25&#8243; custom_padding=&#8221;|||&#8221; _i=&#8221;0&#8243; _address=&#8221;4.0.0&#8243; custom_padding__hover=&#8221;|||&#8221;][et_pb_text admin_label=&#8221;Piirikomiteat&#8221; _builder_version=&#8221;3.27.4&#8243; _i=&#8221;0&#8243; _address=&#8221;4.0.0.0&#8243;]<\/p>\n<h2>Ammattikoulutustiimit<\/h2>\n<p>Puheenjohtaja<br \/><strong>PP Jaakko Panula<\/strong>, Kauhajoki<br \/>Mobile +358-40-543 1290<br \/>E-mail: jaakko.panula@gmail.com<\/p>\n<h4>J\u00e4senet<\/h4>\n<p><strong>IPDG Kaj Kusnetsov,<\/strong> Kurikka<br \/><strong>PDG Heikki Arkela<\/strong>, Kauhajoki Aro<\/p>\n<h4>Futurevision Plan tilintarkastus<\/h4>\n<p>Puheenjohtaja<br \/><strong>PP Esko Haukkala<\/strong>, Lakeus<br \/>Mobile +358-500-662 180<br \/>E-mail: esko@haukkala.net<\/p>\n<h4>J\u00e4senet<\/h4>\n<p><strong>Pentti Kananoja<\/strong>, Laihia<br \/><strong>PP Yrj\u00f6 Ojala<\/strong>, Kurikka<\/p>\n<h4>On to Toronto, Ontario, Canada RI Convention 2018\u00a0promotion<\/h4>\n<p>Puheenjohtaja\u00a0<br \/><strong>DGE Jaakko Panula<\/strong>, Kauhajoki<br \/>Mobile +358-40-543 1290<br \/>E-mail: jaakko.panula@gmail.com<\/p>\n<p>[\/et_pb_text][\/et_pb_column][et_pb_column type=&#8221;1_3&#8243; _builder_version=&#8221;3.25&#8243; custom_padding=&#8221;|||&#8221; _i=&#8221;1&#8243; _address=&#8221;4.0.1&#8243; custom_padding__hover=&#8221;|||&#8221;][\/et_pb_column][et_pb_column type=&#8221;1_3&#8243; _builder_version=&#8221;3.25&#8243; custom_padding=&#8221;|||&#8221; _i=&#8221;2&#8243; _address=&#8221;4.0.2&#8243; custom_padding__hover=&#8221;|||&#8221;][\/et_pb_column][\/et_pb_row][\/et_pb_section]<\/p>\n","protected":false},"excerpt":{"rendered":"<p>Piirin organisaatio Tietotekniikkap. 040 543 1290email: jaakko@panula.fi Hallinto Puheenjohtaja DG Jaakko Panula, KauhajokiMobile: +358-40-543 1290E-mail: Jaakko@Panula.fi Piirineuvoston j\u00e4senet IPDG Kjell \u00d6vergaard, NykarlebyMobile: +358-400-865\u00a0644E-mail:\u00a0kjell@netikka.fi DGE Arja Rantanen, Vaasa-Vasaarjarantanen24@gmail.com+358 50\u00a0524 4731 DGN Kari Nirha, Lapua KiviristiE-mail: Kari@Nirha.fi PDG DRFC Leif Saarela, T\u00f6rn\u00e4v\u00e4 (Sein\u00e4joki)Mobile +358-500-627\u00a0343E-mail: leif.saarela@satelcom.fi PDG Erkki Salmu, PietarsaariMobile +358 400 954978E-mail: erkki.salmu@multi.fi Piirisihteeri Tuomas Rouhunkoski, AlavusMobile [&hellip;]<\/p>\n","protected":false},"author":1,"featured_media":0,"parent":2017,"menu_order":4,"comment_status":"closed","ping_status":"closed","template":"","meta":{"_acf_changed":false,"_et_pb_use_builder":"on","_et_pb_old_content":"","_et_gb_content_width":"","footnotes":""},"class_list":["post-2037","page","type-page","status-publish","hentry"],"acf":[],"yoast_head":"<!-- This site is optimized with the Yoast SEO plugin v27.0 - https:\/\/yoast.com\/product\/yoast-seo-wordpress\/ -->\n<title>Piirin organisaatio - Piiri XXXX<\/title>\n<meta name=\"robots\" content=\"index, follow, max-snippet:-1, max-image-preview:large, max-video-preview:-1\" \/>\n<link rel=\"canonical\" href=\"https:\/\/rotary.fi\/dxxxx\/rotarypiirixxxx\/piirin-organisaatio\/\" \/>\n<meta property=\"og:locale\" content=\"fi_FI\" \/>\n<meta property=\"og:type\" content=\"article\" \/>\n<meta property=\"og:title\" content=\"Piirin organisaatio - Piiri XXXX\" \/>\n<meta property=\"og:description\" content=\"Piirin organisaatio Tietotekniikkap. 040 543 1290email: jaakko@panula.fi Hallinto Puheenjohtaja DG Jaakko Panula, KauhajokiMobile: +358-40-543 1290E-mail: Jaakko@Panula.fi Piirineuvoston j\u00e4senet IPDG Kjell \u00d6vergaard, NykarlebyMobile: +358-400-865\u00a0644E-mail:\u00a0kjell@netikka.fi DGE Arja Rantanen, Vaasa-Vasaarjarantanen24@gmail.com+358 50\u00a0524 4731 DGN Kari Nirha, Lapua KiviristiE-mail: Kari@Nirha.fi PDG DRFC Leif Saarela, T\u00f6rn\u00e4v\u00e4 (Sein\u00e4joki)Mobile +358-500-627\u00a0343E-mail: leif.saarela@satelcom.fi PDG Erkki Salmu, PietarsaariMobile +358 400 954978E-mail: erkki.salmu@multi.fi Piirisihteeri Tuomas Rouhunkoski, AlavusMobile [&hellip;]\" \/>\n<meta property=\"og:url\" content=\"https:\/\/rotary.fi\/dxxxx\/rotarypiirixxxx\/piirin-organisaatio\/\" \/>\n<meta property=\"og:site_name\" content=\"Piiri XXXX\" \/>\n<meta property=\"article:publisher\" content=\"https:\/\/www.facebook.com\/rotary\/\" \/>\n<meta property=\"article:modified_time\" content=\"2019-09-10T07:30:08+00:00\" \/>\n<meta name=\"twitter:card\" content=\"summary_large_image\" \/>\n<meta name=\"twitter:label1\" content=\"Arvioitu lukuaika\" \/>\n\t<meta name=\"twitter:data1\" content=\"7 minuuttia\" \/>\n<script type=\"application\/ld+json\" class=\"yoast-schema-graph\">{\"@context\":\"https:\/\/schema.org\",\"@graph\":[{\"@type\":\"WebPage\",\"@id\":\"https:\/\/rotary.fi\/dxxxx\/rotarypiirixxxx\/piirin-organisaatio\/\",\"url\":\"https:\/\/rotary.fi\/dxxxx\/rotarypiirixxxx\/piirin-organisaatio\/\",\"name\":\"Piirin organisaatio - Piiri XXXX\",\"isPartOf\":{\"@id\":\"https:\/\/rotary.fi\/dxxxx\/#website\"},\"datePublished\":\"2018-08-27T08:17:16+00:00\",\"dateModified\":\"2019-09-10T07:30:08+00:00\",\"breadcrumb\":{\"@id\":\"https:\/\/rotary.fi\/dxxxx\/rotarypiirixxxx\/piirin-organisaatio\/#breadcrumb\"},\"inLanguage\":\"fi\",\"potentialAction\":[{\"@type\":\"ReadAction\",\"target\":[\"https:\/\/rotary.fi\/dxxxx\/rotarypiirixxxx\/piirin-organisaatio\/\"]}]},{\"@type\":\"BreadcrumbList\",\"@id\":\"https:\/\/rotary.fi\/dxxxx\/rotarypiirixxxx\/piirin-organisaatio\/#breadcrumb\",\"itemListElement\":[{\"@type\":\"ListItem\",\"position\":1,\"name\":\"Home\",\"item\":\"https:\/\/rotary.fi\/dxxxx\/\"},{\"@type\":\"ListItem\",\"position\":2,\"name\":\"Rotarypiiri xxxx\",\"item\":\"https:\/\/rotary.fi\/dxxxx\/rotarypiirixxxx\/\"},{\"@type\":\"ListItem\",\"position\":3,\"name\":\"Piirin organisaatio\"}]},{\"@type\":\"WebSite\",\"@id\":\"https:\/\/rotary.fi\/dxxxx\/#website\",\"url\":\"https:\/\/rotary.fi\/dxxxx\/\",\"name\":\"Piiri XXXX\",\"description\":\"Suomen Rotary\",\"potentialAction\":[{\"@type\":\"SearchAction\",\"target\":{\"@type\":\"EntryPoint\",\"urlTemplate\":\"https:\/\/rotary.fi\/dxxxx\/?s={search_term_string}\"},\"query-input\":{\"@type\":\"PropertyValueSpecification\",\"valueRequired\":true,\"valueName\":\"search_term_string\"}}],\"inLanguage\":\"fi\"}]}<\/script>\n<!-- \/ Yoast SEO plugin. -->","yoast_head_json":{"title":"Piirin organisaatio - Piiri XXXX","robots":{"index":"index","follow":"follow","max-snippet":"max-snippet:-1","max-image-preview":"max-image-preview:large","max-video-preview":"max-video-preview:-1"},"canonical":"https:\/\/rotary.fi\/dxxxx\/rotarypiirixxxx\/piirin-organisaatio\/","og_locale":"fi_FI","og_type":"article","og_title":"Piirin organisaatio - Piiri XXXX","og_description":"Piirin organisaatio Tietotekniikkap. 040 543 1290email: jaakko@panula.fi Hallinto Puheenjohtaja DG Jaakko Panula, KauhajokiMobile: +358-40-543 1290E-mail: Jaakko@Panula.fi Piirineuvoston j\u00e4senet IPDG Kjell \u00d6vergaard, NykarlebyMobile: +358-400-865\u00a0644E-mail:\u00a0kjell@netikka.fi DGE Arja Rantanen, Vaasa-Vasaarjarantanen24@gmail.com+358 50\u00a0524 4731 DGN Kari Nirha, Lapua KiviristiE-mail: Kari@Nirha.fi PDG DRFC Leif Saarela, T\u00f6rn\u00e4v\u00e4 (Sein\u00e4joki)Mobile +358-500-627\u00a0343E-mail: leif.saarela@satelcom.fi PDG Erkki Salmu, PietarsaariMobile +358 400 954978E-mail: erkki.salmu@multi.fi Piirisihteeri Tuomas Rouhunkoski, AlavusMobile [&hellip;]","og_url":"https:\/\/rotary.fi\/dxxxx\/rotarypiirixxxx\/piirin-organisaatio\/","og_site_name":"Piiri XXXX","article_publisher":"https:\/\/www.facebook.com\/rotary\/","article_modified_time":"2019-09-10T07:30:08+00:00","twitter_card":"summary_large_image","twitter_misc":{"Arvioitu lukuaika":"7 minuuttia"},"schema":{"@context":"https:\/\/schema.org","@graph":[{"@type":"WebPage","@id":"https:\/\/rotary.fi\/dxxxx\/rotarypiirixxxx\/piirin-organisaatio\/","url":"https:\/\/rotary.fi\/dxxxx\/rotarypiirixxxx\/piirin-organisaatio\/","name":"Piirin organisaatio - Piiri XXXX","isPartOf":{"@id":"https:\/\/rotary.fi\/dxxxx\/#website"},"datePublished":"2018-08-27T08:17:16+00:00","dateModified":"2019-09-10T07:30:08+00:00","breadcrumb":{"@id":"https:\/\/rotary.fi\/dxxxx\/rotarypiirixxxx\/piirin-organisaatio\/#breadcrumb"},"inLanguage":"fi","potentialAction":[{"@type":"ReadAction","target":["https:\/\/rotary.fi\/dxxxx\/rotarypiirixxxx\/piirin-organisaatio\/"]}]},{"@type":"BreadcrumbList","@id":"https:\/\/rotary.fi\/dxxxx\/rotarypiirixxxx\/piirin-organisaatio\/#breadcrumb","itemListElement":[{"@type":"ListItem","position":1,"name":"Home","item":"https:\/\/rotary.fi\/dxxxx\/"},{"@type":"ListItem","position":2,"name":"Rotarypiiri xxxx","item":"https:\/\/rotary.fi\/dxxxx\/rotarypiirixxxx\/"},{"@type":"ListItem","position":3,"name":"Piirin organisaatio"}]},{"@type":"WebSite","@id":"https:\/\/rotary.fi\/dxxxx\/#website","url":"https:\/\/rotary.fi\/dxxxx\/","name":"Piiri XXXX","description":"Suomen Rotary","potentialAction":[{"@type":"SearchAction","target":{"@type":"EntryPoint","urlTemplate":"https:\/\/rotary.fi\/dxxxx\/?s={search_term_string}"},"query-input":{"@type":"PropertyValueSpecification","valueRequired":true,"valueName":"search_term_string"}}],"inLanguage":"fi"}]}},"lang":"fi","translations":{"fi":2037,"sv":2641,"en":2889},"pll_sync_post":[],"_links":{"self":[{"href":"https:\/\/rotary.fi\/dxxxx\/wp-json\/wp\/v2\/pages\/2037","targetHints":{"allow":["GET"]}}],"collection":[{"href":"https:\/\/rotary.fi\/dxxxx\/wp-json\/wp\/v2\/pages"}],"about":[{"href":"https:\/\/rotary.fi\/dxxxx\/wp-json\/wp\/v2\/types\/page"}],"author":[{"embeddable":true,"href":"https:\/\/rotary.fi\/dxxxx\/wp-json\/wp\/v2\/users\/1"}],"replies":[{"embeddable":true,"href":"https:\/\/rotary.fi\/dxxxx\/wp-json\/wp\/v2\/comments?post=2037"}],"version-history":[{"count":29,"href":"https:\/\/rotary.fi\/dxxxx\/wp-json\/wp\/v2\/pages\/2037\/revisions"}],"predecessor-version":[{"id":3191,"href":"https:\/\/rotary.fi\/dxxxx\/wp-json\/wp\/v2\/pages\/2037\/revisions\/3191"}],"up":[{"embeddable":true,"href":"https:\/\/rotary.fi\/dxxxx\/wp-json\/wp\/v2\/pages\/2017"}],"wp:attachment":[{"href":"https:\/\/rotary.fi\/dxxxx\/wp-json\/wp\/v2\/media?parent=2037"}],"curies":[{"name":"wp","href":"https:\/\/api.w.org\/{rel}","templated":true}]}}