{"id":822,"date":"2018-04-16T13:17:25","date_gmt":"2018-04-16T11:17:25","guid":{"rendered":"http:\/\/rotary.fi\/piirisivusto\/?page_id=822"},"modified":"2023-03-17T13:18:04","modified_gmt":"2023-03-17T11:18:04","slug":"tapahtumakalenteri","status":"publish","type":"page","link":"https:\/\/rotary.fi\/d1430\/ajankohtaista\/tapahtumakalenteri\/","title":{"rendered":"Tapahtumakalenteri"},"content":{"rendered":"<p>[et_pb_section fb_built=&#8221;1&#8243; module_class=&#8221;jumbotron-page&#8221; _builder_version=&#8221;4.16&#8243; background_image=&#8221;https:\/\/rotary.fi\/piirisivusto\/wp-content\/uploads\/sites\/175\/2019\/03\/rotary_klubit_alasivu_paakuva_6.jpg&#8221; global_colors_info=&#8221;{}&#8221;][et_pb_row module_class=&#8221; et_pb_row_fullwidth et_pb_row_fullwidth et_pb_row_fullwidth et_pb_row_fullwidth et_pb_row_fullwidth&#8221; _builder_version=&#8221;4.16&#8243; width=&#8221;89%&#8221; width_tablet=&#8221;80%&#8221; width_phone=&#8221;&#8221; width_last_edited=&#8221;on|desktop&#8221; max_width=&#8221;89%&#8221; max_width_tablet=&#8221;80%&#8221; max_width_phone=&#8221;&#8221; max_width_last_edited=&#8221;on|desktop&#8221; make_fullwidth=&#8221;on&#8221; global_colors_info=&#8221;{}&#8221;][et_pb_column type=&#8221;4_4&#8243; _builder_version=&#8221;4.16&#8243; custom_padding=&#8221;|||&#8221; global_colors_info=&#8221;{}&#8221; custom_padding__hover=&#8221;|||&#8221;][et_pb_text admin_label=&#8221;Tapahtumat -otsikko&#8221; _builder_version=&#8221;4.16&#8243; text_orientation=&#8221;center&#8221; background_layout=&#8221;dark&#8221; global_colors_info=&#8221;{}&#8221;]<\/p>\n<h1>Tapahtumat<\/h1>\n<p>[\/et_pb_text][\/et_pb_column][\/et_pb_row][\/et_pb_section][et_pb_section fb_built=&#8221;1&#8243; module_class=&#8221;sisaltoalue_perus&#8221; _builder_version=&#8221;4.16&#8243; background_size=&#8221;initial&#8221; background_position=&#8221;top_left&#8221; background_repeat=&#8221;repeat&#8221; locked=&#8221;on&#8221; global_colors_info=&#8221;{}&#8221;][et_pb_row custom_padding_last_edited=&#8221;on|phone&#8221; _builder_version=&#8221;4.16&#8243; custom_padding=&#8221;46.6875px|0px|63px|0px&#8221; custom_padding_tablet=&#8221;&#8221; custom_padding_phone=&#8221;&#8221; global_colors_info=&#8221;{}&#8221;][et_pb_column type=&#8221;4_4&#8243; _builder_version=&#8221;4.16&#8243; custom_padding=&#8221;|||&#8221; global_colors_info=&#8221;{}&#8221; custom_padding__hover=&#8221;|||&#8221;][et_pb_text admin_label=&#8221;Tulevia tapahtumia -otsikko&#8221; _builder_version=&#8221;4.16&#8243; text_orientation=&#8221;center&#8221; global_colors_info=&#8221;{}&#8221;]<\/p>\n<h1>Tulevia tapahtumia<\/h1>\n<p>[\/et_pb_text][et_pb_code admin_label=&#8221;Tulevat tapahtumat listattuna&#8221; module_class=&#8221;kaikki_ajankohtaiset&#8221; _builder_version=&#8221;4.20.0&#8243; hover_enabled=&#8221;0&#8243; z_index_tablet=&#8221;500&#8243; locked=&#8221;off&#8221; global_colors_info=&#8221;{}&#8221; sticky_enabled=&#8221;0&#8243;]<div class=\"em em-view-container\" id=\"em-view-2029401932\" data-view=\"list\">\r\n\t<div class=\"em pixelbones em-list em-events-list\" id=\"em-events-list-2029401932\" data-view-id=\"2029401932\">\r\n\t<div class=\"no_events\">Ei tapahtumia.<\/div>\t<\/div>\r\n<\/div>[\/et_pb_code][\/et_pb_column][\/et_pb_row][\/et_pb_section][et_pb_section fb_built=&#8221;1&#8243; module_class=&#8221;sisaltoalue_sininen&#8221; _builder_version=&#8221;4.16&#8243; background_size=&#8221;initial&#8221; background_position=&#8221;top_left&#8221; background_repeat=&#8221;repeat&#8221; locked=&#8221;on&#8221; global_colors_info=&#8221;{}&#8221;][et_pb_row custom_padding_last_edited=&#8221;on|phone&#8221; _builder_version=&#8221;4.16&#8243; custom_padding=&#8221;46.6875px|0px|63px|0px&#8221; custom_padding_tablet=&#8221;&#8221; custom_padding_phone=&#8221;&#8221; global_colors_info=&#8221;{}&#8221;][et_pb_column type=&#8221;4_4&#8243; _builder_version=&#8221;4.16&#8243; custom_padding=&#8221;|||&#8221; global_colors_info=&#8221;{}&#8221; custom_padding__hover=&#8221;|||&#8221;][et_pb_text admin_label=&#8221;Menneit\u00e4 tapahtumia -otsikko&#8221; _builder_version=&#8221;4.16&#8243; text_orientation=&#8221;center&#8221; global_colors_info=&#8221;{}&#8221;]<\/p>\n<h1>Menneit\u00e4 tapahtumia<\/h1>\n<p>[\/et_pb_text][et_pb_code admin_label=&#8221;Menneet tapahtumat listattuna&#8221; module_class=&#8221;kaikki_ajankohtaiset&#8221; _builder_version=&#8221;4.20.0&#8243; hover_enabled=&#8221;0&#8243; z_index_tablet=&#8221;500&#8243; locked=&#8221;off&#8221; global_colors_info=&#8221;{}&#8221; sticky_enabled=&#8221;0&#8243;]<div class=\"em em-view-container\" id=\"em-view-1761770962\" data-view=\"list\">\r\n\t<div class=\"em pixelbones em-list em-events-list\" id=\"em-events-list-1761770962\" data-view-id=\"1761770962\">\r\n\t<div class=\"no_events\">Ei tapahtumia.<\/div>\t<\/div>\r\n<\/div>[\/et_pb_code][\/et_pb_column][\/et_pb_row][\/et_pb_section]<\/p>\n","protected":false},"excerpt":{"rendered":"<p>Tapahtumat Tulevia tapahtumia <div class=\"em em-view-container\" id=\"em-view-649125321\" data-view=\"list\">\r\n\t<div class=\"em pixelbones em-list em-events-list\" id=\"em-events-list-649125321\" data-view-id=\"649125321\">\r\n\t4.9.2026  - 5.9.2026<a href=\"https:\/\/rotary.fi\/d1430\/events\/rotary-action-summit-palanga-lithuania-4-5-9-2026\/\">Rotary Action Summit, Palanga Lithuania 4-5.9.2026<\/a>\t<\/div>\r\n<\/div>Menneit\u00e4 tapahtumia <div class=\"em em-view-container\" id=\"em-view-565209964\" data-view=\"list\">\r\n\t<div class=\"em pixelbones em-list em-events-list\" id=\"em-events-list-565209964\" data-view-id=\"565209964\">\r\n\t21.3.2026  - 22.3.2026<a href=\"https:\/\/rotary.fi\/d1430\/events\/pels-koulutus-21-22-3-2026-punkaharju\/\">PELS koulutus ja piirin kev\u00e4tkokous 21-22.3.2026 Punkaharju<\/a>Hotelli Kruununpuisto, Punkaharju18.3.2026 <a href=\"https:\/\/rotary.fi\/d1430\/events\/verkkosivun-yllapitokoulutusta-verkossa-18-3-2\/\">Verkkosivun yll\u00e4pitokoulutusta verkossa 18.3.<\/a>14.3.2026 <a href=\"https:\/\/rotary.fi\/d1430\/events\/ob2-training-klubin-nuorisovaihtovastaavien-lahtevien-vaihto-oppilaiden-ja-vanhempien-koulutus-leppavirta-14-03-2026\/\">OB2 training - klubin nuorisovaihtovastaavien -l\u00e4htevien vaihto-oppilaiden ja vanhempien koulutus Lepp\u00e4virta 14.03.2026<\/a>Kivel\u00e4n koulu Lepp\u00e4virta11.3.2026 <a href=\"https:\/\/rotary.fi\/d1430\/events\/verkkosivun-yllapitokoulutusta-verkossa-11-3\/\">Verkkosivun yll\u00e4pitokoulutusta verkossa 11.3.<\/a>28.1.2026 <a href=\"https:\/\/rotary.fi\/d1430\/events\/klubien-nettisivujen-hoidon-ja-paivittamisen-valmennus-verkossa-ke-28-01-2026-klo-18-20-kaikille-nettisivuvastaaville-ja-asiasta-kiinnostuneille\/\">Klubien nettisivujen hoidon ja p\u00e4ivitt\u00e4misen valmennus verkossa ke 28.01.2026 klo 18-20 kaikille nettisivuvastaaville ja asiasta kiinnostuneille Zoom<\/a>18.10.2025 <a href=\"https:\/\/rotary.fi\/d1430\/events\/tervetuloa-piirimme-syyskokoukseen-ja-syysseminaariin-la18-10-2025-klo-11-17-savonlinnan-sokos-hotel-seurahuoneelle\/\">Tervetuloa piirimme syyskokoukseen ja syysseminaariin la18.10.2025  klo 11-17  Savonlinnan Sokos Hotel Seurahuoneelle<\/a>Sokos Hotel Seurahuone13.9.2025 <a href=\"https:\/\/rotary.fi\/d1430\/events\/piirimme-nuorisovaihtovastaavien-koulutus-imatran-kylpyla-ja-zoom-13-09-2025-klo-9-00-15-00\/\">Piirimme  nuorisovaihtovastaavien koulutus Imatran Kylpyl\u00e4 ja Zoom 13.09.2025 klo 9.00-15.00<\/a>Imatran kylpyl\u00e413.9.2025  - 14.9.2025<a href=\"https:\/\/rotary.fi\/d1430\/events\/piirimme-nuorisovaihdon-ib-reboud-oppilaiden-leiri-imatran-kylpylassa\/\">Piirimme nuorisovaihdon  IB-\/Reboud -oppilaiden leiri Imatran kylpyl\u00e4ss\u00e4 13 - 14.09.2025<\/a>Imatran kylpyl\u00e48.8.2025 <a href=\"https:\/\/rotary.fi\/d1430\/events\/rotary-sm-golf-kouvolassa-pe-08-08-2025-kilpailukutsu\/\">Rotary SM Golf Kouvolassa pe 08.08.2025 kilpailukutsu<\/a>Koski-Golf24.5.2025 <a href=\"https:\/\/rotary.fi\/d1430\/events\/rotary-120-juhlaseminaari-ja-iltajuhla-24-05-25-tampere-talossa-kaikille-usomen-ja-viron-rotareille\/\">ROTARY 120 JUHLASEMINAARI JA ILTAJUHLA 24.05.25 TAMPERE-TALOSSA KAIKILLE SUOMEN JA VIRON ROTAREILLE<\/a>Tampere-talo12.4.2025  - 13.4.2025<a href=\"https:\/\/rotary.fi\/d1430\/events\/pets-ja-piirimme-kevatkokous-rautavaaran-metsakartanossa\/\">PETS ja piirimme kev\u00e4tkokous Rautavaaran Mets\u00e4kartanossa<\/a>Mets\u00e4kartano2.3.2025 <a href=\"https:\/\/rotary.fi\/d1430\/events\/prepets-koulutuksen-toinen-ilta-zoomilla-02-03-25-klo-18-20\/\">PrePets koulutuksen toinen  ilta Zoomilla 02.03.25 klo 18-20<\/a>23.2.2025 <a href=\"https:\/\/rotary.fi\/d1430\/events\/prepets-koulutuksen-ensimmainen-ilta-zoomilla-23-02-25-klo-18-20\/\">PrePets koulutuksen ensimm\u00e4inen ilta Zoomilla 23.02.25 klo 18-20<\/a>30.11.2024 <a href=\"https:\/\/rotary.fi\/d1430\/events\/rotaryvuoden-2024-2025-saatioseminaari-kuopio-la-30-11-24-klo-11-00-15-00\/\">Rotaryvuoden 2024-2025 S\u00e4\u00e4ti\u00f6seminaari Kuopio la 30.11.24 klo 11.00 \u2013 15.00<\/a>Ravintola K\u00e4skynkk\u00e4 Saunakabinetti16.11.2024 <a href=\"https:\/\/rotary.fi\/d1430\/events\/rotaryvuoden-2024-2025-saatioseminaari-lappeenranta\/\">Rotaryvuoden 2024-2025  S\u00e4\u00e4ti\u00f6seminaari Lappeenranta la 16.11.24 klo 11.00 - 15.00<\/a>Linnoituksen pitopalvelu26.10.2024 <a href=\"https:\/\/rotary.fi\/d1430\/events\/piirin-d1430-syysseminaari-ja-syyskokous-leppavirralla\/\">Piirin D1430 Syysseminaari ja syyskokous Lepp\u00e4virralla<\/a>Kivel\u00e4n koulu Lepp\u00e4virta14.9.2024 <a href=\"https:\/\/rotary.fi\/d1430\/events\/piiri-d1430-klubien-nuorisovaihdon-sertifiointikoulutus\/\">Piiri D1430. Klubien Nuorisovaihdon sertifiointikoulutus<\/a>13.9.2024  - 15.9.2024<a href=\"https:\/\/rotary.fi\/d1430\/events\/nuorisovaihdon-ib-rebound-leiri\/\">Piiri D1430. Nuorisovaihdon IB\/Rebound-leiri<\/a>Imatran kylpyl\u00e48.6.2024 <a href=\"https:\/\/rotary.fi\/d1430\/events\/rotary-sm-golf-2024-kalajoella-8-6-2024\/\">Rotary SM-Golf 2024 Kalajoella 8.6.2024<\/a>Kalajoki Golf kentt\u00e418.5.2024 <a href=\"https:\/\/rotary.fi\/d1430\/events\/d1430-piirikonferenssi-kuopio\/\">D1430 Piirikonferenssi Kuopio<\/a>Kuopion kaupungintalo14.5.2024 <a href=\"https:\/\/rotary.fi\/d1430\/events\/d1430-koulutus-sinilevahavaintojen-tekemiseen-kesalla-2024-2\/\">D1430 Koulutus sinilev\u00e4havaintojen tekemiseen kes\u00e4ll\u00e4 2024<\/a>7.5.2024 <a href=\"https:\/\/rotary.fi\/d1430\/events\/d1430-koulutus-sinilevahavaintojen-tekemiseen-kesalla-2024\/\">D1430 Koulutus sinilev\u00e4havaintojen tekemiseen kes\u00e4ll\u00e4 2024<\/a>9.4.2024 <a href=\"https:\/\/rotary.fi\/d1430\/events\/d1420-ja-d1430-ilmastohaaste-webinaari-osa-2-kaytannon-ilmastotekoja\/\">D1430 Ilmastohaaste webinaari osa 2. \u201cK\u00e4yt\u00e4nn\u00f6n ilmastotekoja\u201d<\/a>23.3.2024  - 24.3.2024<a href=\"https:\/\/rotary.fi\/d1430\/events\/d1430-pets-haminassa\/\">D1430 PETS Haminassa<\/a>Haminan RK kokoustila16.3.2024 <a href=\"https:\/\/rotary.fi\/d1430\/events\/rotarypiiri-d1430-outbound-1-koulutustilaisuus-vuosi-kesa-ja-leirivaihto-ohjelmaan\/\">D1430 OUTBOUND 1 koulutustilaisuus vuosi-, kes\u00e4- ja leirivaihto-ohjelmaan<\/a>Kivel\u00e4n koulu Lepp\u00e4virta12.3.2024 <a href=\"https:\/\/rotary.fi\/d1430\/events\/rotakids-etakoulutus-12-3-2024\/\">RotaKids et\u00e4koulutus 12.3.2024<\/a>20.2.2024 <a href=\"https:\/\/rotary.fi\/d1430\/events\/piiri-1430-vuosipaivan-tilaisuus\/\">Piiri 1430 Vuosip\u00e4iv\u00e4n tilaisuus<\/a>18.2.2024 <a href=\"https:\/\/rotary.fi\/d1430\/events\/piirin-d1430-prepets-koulutus-osa-2\/\">Piirin D1430 PrePets koulutus osa 2.<\/a>12.2.2024 <a href=\"https:\/\/rotary.fi\/d1430\/events\/piirin-d1430-jasentietojarjestelman-koulutus-piirin-toimihenkiloille\/\">Piirin D1430 J\u00e4sentietoj\u00e4rjestelm\u00e4n koulutus piirin toimihenkil\u00f6ille<\/a>7.2.2024 <a href=\"https:\/\/rotary.fi\/d1430\/events\/jasentietojarjestelman-koulutus-2\/\">Piirin D1430 J\u00e4sentietoj\u00e4rjestelm\u00e4n koulutus<\/a>5.2.2024 <a href=\"https:\/\/rotary.fi\/d1430\/events\/jasentietojarjestelman-koulutus\/\">Piirin D1430 J\u00e4sentietoj\u00e4rjestelm\u00e4n koulutus<\/a>4.2.2024 <a href=\"https:\/\/rotary.fi\/d1430\/events\/piirin-d1430-prepets-koulutus\/\">Piirin D1430 PrePets koulutus osa 1.<\/a>25.1.2024 <a href=\"https:\/\/rotary.fi\/d1430\/events\/zones-17-18-revolutionize-rotary-mullista-rotarius-seminaari\/\">Zones 17 and 18. Revolutionize Rotary, Mullista Rotarius seminaari<\/a>25.11.2023 <a href=\"https:\/\/rotary.fi\/d1430\/events\/kansainvalisen-rotarypiirin-1430-saatio-seminaari-kouvolassa\/\">Kansainv\u00e4lisen Rotarypiirin 1430 s\u00e4\u00e4ti\u00f6 seminaari Kouvolassa<\/a>Sokos Hotel Kouvola11.11.2023 <a href=\"https:\/\/rotary.fi\/d1430\/events\/piiri-1430-saatio-seminaari\/\">Piiri 1430 S\u00e4\u00e4ti\u00f6 seminaari<\/a>Rinssi-Eversti24.10.2023 <a href=\"https:\/\/rotary.fi\/d1430\/events\/piiri-1430-polioplus-haaste\/\">Piiri 1430. PolioPlus haaste<\/a>8.10.2023 <a href=\"https:\/\/rotary.fi\/d1430\/events\/piirin-syysseminaari-ja-syyskokous\/\">Piirin 1430 Syysseminaari- ja syyskokous<\/a>Villa Hallman16.9.2023 <a href=\"https:\/\/rotary.fi\/d1430\/events\/nva-koulutus\/\">Nuorisovaihdon koulutusp\u00e4iv\u00e4 16.9.<\/a>Imatran kylpyl\u00e415.9.2023  - 17.9.2023<a href=\"https:\/\/rotary.fi\/d1430\/events\/piirin-ib-ja-rebound-leiri\/\">Piirin 1430 Inbound- ja Rebound-leiri<\/a>Imatran kylpyl\u00e48.8.2023 <a href=\"https:\/\/rotary.fi\/d1430\/events\/rotary-action-group-for-peace-global-zoom-meeting-of-peacebuilders\/\">Rotary Action Group for Peace - Global Zoom Meeting of Peacebuilders<\/a>1.7.2023  - 7.7.2023<a href=\"https:\/\/rotary.fi\/d1430\/events\/rotarigolfareiden-igfr-maailman-mestaruuskilpailut-roomassa-01-07-2023\/\">Rotarigolfareiden IGFR maailman mestaruuskilpailut Roomassa 01.-07.2023<\/a>20.6.2023 <a href=\"https:\/\/rotary.fi\/d1430\/events\/rotary-sm-golf-2023-tawast-golf-hameelinna-ti-20-06-23\/\">Rotary SM-Golf 2023  Tawast Golf H\u00e4meenlinna ti 20.06.23<\/a>Tawast Golf27.5.2023  - 31.5.2023<a href=\"https:\/\/rotary.fi\/d1430\/events\/rotary-international-conventio-2023-melbourne-27-05-31-052023\/\">Rotary International Conventio 2023 Melbourne 27.05.-31.05.2023<\/a>17.5.2023  - 18.6.2023<a href=\"https:\/\/rotary.fi\/d1430\/events\/piirimme-d1430-rli-koulutus-eli-syventava-rotarykoulutus-kaikille-piirimme-rotareille-on-imatralla-holiday-club-saimaa-la-17-06-su-18-06\/\">Piirimme D1430 RLI-koulutus  eli syvent\u00e4v\u00e4 rotarykoulutus kaikille piirimme rotareille on Imatralla Holiday Club Saimaa la 17.06-su 18.06.<\/a>Holiday Club Saimaa13.5.2023 <a href=\"https:\/\/rotary.fi\/d1430\/events\/piirikonferenssi-2023-savonlinna-la-13-05-23-klo-9-spahotel-casino\/\">Piirikonferenssi 2023 Savonlinna la 13.05.23 klo 9  Spahotel Casino<\/a>Spahotel Casino25.3.2023 <a href=\"https:\/\/rotary.fi\/d1430\/events\/piirimme-klubien-nuorisovaihtoasiamiesten-koulutus-la-25-03-2023-klo-9-30-16-leppavirta-kivelan-koulu\/\">Piirimme klubien nuorisovaihtoasiamiesten koulutus la 25.03.2023 klo 9.30-16 Lepp\u00e4virta - Kivel\u00e4n koulu<\/a>Kivel\u00e4n koulu18.3.2023  - 19.3.2023<a href=\"https:\/\/rotary.fi\/d1430\/events\/tervetuloa-pets-2023-koulutustapahtumaan-la-18-03-23-klo-09-30-17-30-ja-rotarypiirimme-d1430-piirineuvotteluun-kevatkokous-su-19-03-2023-klo-9-12-varkaus-rvaintola-kaks-ruusua\/\">PETS  2023 koulutustapahtuma  la 18.03.23 klo 09.30 -17.30 ja Rotarypiirimme D1430  piirineuvottelu (kev\u00e4tkokous)  su 19.03.2023 klo 9-12 - Varkaus Ravintola Kaks Ruusua - Tervetuloa!<\/a>Ravintola Kaks Ruusua14.3.2023 <a href=\"https:\/\/rotary.fi\/d1430\/events\/syken-rantaroskakoulutus-rotareille-ti-14-3-2023-klo-15-17-teamsilla-verkossa\/\">Syken Rantaroskakoulutus  rotareille ti 14.3.2023 klo 15-17 Teamsill\u00e4 verkossa<\/a>18.2.2023  - 19.2.2023<a href=\"https:\/\/rotary.fi\/d1430\/events\/pets-2023-ja-rotarypiirimme-d1430-kevatkokous-varkaudessa-la18-03-su19-03-23-ravintola-kaks-ruusua-ahlstrominkatu-25-78250-varkaus\/\">PETS 2023 ja Rotarypiirimme D1430 kev\u00e4tkokous Varkaudessa la 18.03.- su 19.03.23  Ravintola Kaks Ruusua, Ahlstr\u00f6minkatu 25, 78250 Varkaus<\/a>Ravintola Kaks Ruusua3.2.2023  - 5.2.2023<a href=\"https:\/\/rotary.fi\/d1430\/events\/rotary-forum-2023-turku-scadic-hotell-julia-03-05-02-2023\/\">Rotary Forum 2023   Turku Scandic Hotell Julia 03.-05.02.2023<\/a>Sacndic Hotell Julia22.1.2023 <a href=\"https:\/\/rotary.fi\/d1430\/events\/prepets-verkkokoulutus-klubien-ja-piirimme-tulevan-rotaryvuoden-toimijoille-alkaa-su-22-01-23-klo-17-19-kutsu-ja-koulutusohjelma-seka-linkit-ensimmaiseen-koulutukseen\/\">PrePets verkkokoulutus klubien ja piirimme tulevan rotaryvuoden toimijoille  alkaa su 22.01.23 klo 17-19 - kutsu  ja  koulutusohjelma sek\u00e4 linkit ensimm\u00e4iseen koulutukseen<\/a>29.10.2022 <a href=\"https:\/\/rotary.fi\/d1430\/events\/rotarypiirimme-syysseminaari-ja-syyskokous-la-29-10-su-30-10-rantasalmi-kuus-hukkala\/\">Rotarypiirimme syysseminaari ja syyskokous la 29.10- su 30.10 Rantasalmi  Kuus-Hukkala<\/a>Kuus-Hukkala14.5.2022 <a href=\"https:\/\/rotary.fi\/d1430\/events\/rotarypiirimme-d1430-piirikonferenssi-lauantai14-05-2022-mikkeli-sodan-ja-rauhankeskus-muisti\/\">Rotarypiirimme D1430 piirikonferenssi  lauantai 14.05.2022 Mikkeli - Sodan ja Rauhankeskus Muisti<\/a>Sodan ja Rauhankeskus Muisti13.11.2021 <a href=\"https:\/\/rotary.fi\/d1430\/events\/piirimme-saatioseminaari-on-la-13-11-klo-10-15-hotelli-rinssi-everstissa-rantasalmella\/\">Piirimme  S\u00e4\u00e4ti\u00f6seminaari on la 13.11. klo 10.30-15.00 Hotelli Rinssi Everstiss\u00e4  Rantasalmella ja virtuaalisesti netiss\u00e4 Zoomilla<\/a>Rotarypiiri D 1430 S\u00e4\u00e4ti\u00f6seminaari30.10.2021  - 31.10.2021<a href=\"https:\/\/rotary.fi\/d1430\/events\/rotarypiirimme-syyskokous-ja-syyseminaari-on-alustavan-sunnitelman-mukaan-mikkelissa-la-30-31-10-21\/\">Piirimme  syysseminaari la 30.10.21 klo 12-16 ja syyskokous su 31.01. klo 12-14 -  Mikkeli Sodan ja rauhankeskus Muisti,  Ristim\u00e4enkatu 4<\/a>Rotarypiirin D1430  Syysseminaari ja syyskokous20.3.2021  - 21.3.2021<a href=\"https:\/\/rotary.fi\/d1430\/events\/pes-20-21-03-2021-mikkelissa\/\">PETS koulutus ja piirin kev\u00e4tkokous 20-21.03.2021 virtuaalitapahtumana verkossa<\/a>17.10.2020 <a href=\"https:\/\/rotary.fi\/d1430\/events\/piirin-syyskokous-ja-syyseminaari-17-18-10-2020-kuopiossa\/\">Piirin syyskokous ja syysseminaari     la 17.10.2020  Scandic Kuopio  -my\u00f6s verkossa et\u00e4n\u00e4 Zoomilla<\/a>Scandic Kuopio5.8.2020  - 20.9.2020<a href=\"https:\/\/rotary.fi\/d1430\/events\/nuorisovaihdon-innostuspaiva-2020-partaharju-18-20-09-20-partaharjun-opisto\/\">Nuorisovaihdon innostusp\u00e4iv\u00e4 2020 Partaharju 18-20.09.20  Partaharjun opisto<\/a>Partaharjun opisto7.7.2020  - 13.9.2020<a href=\"https:\/\/rotary.fi\/d1430\/events\/northern-lights-institute-oulu-08-13-09-2020-gets-ja-rotaryinstitute\/\">Northern Lights Institute Oulu 08-13.09.2020  GETS ja Rotaryinstitute<\/a>Radisson Blu Hotell29.6.2020 <a href=\"https:\/\/rotary.fi\/d1430\/events\/apulaiskuvernoorien-koulutustapahtuma-kuvernoorin-vitjojen-vaihto-kuopio-ma-29-06-klo-16-21-scandic-hotell\/\">Apulaiskuvern\u00f6\u00f6rien  koulutustapahtuma, kuvern\u00f6\u00f6rin k\u00e4\u00e4tyjen vaihto  Kuopio ma 29.06. klo 16-21  Scandic Hotell<\/a>Scandic Hotell Kuopio29.6.2020 <a href=\"https:\/\/rotary.fi\/d1430\/events\/rotarypiirimme-d-1430-kevatkokous-2020-etakokouksena-internet-verkossa-kuopio-29-06-2020-klo-14-16\/\">ROTARYPIIRIMME D 1430 KEV\u00c4TKOKOUS 2020  ET\u00c4KOKOUKSENA INTERNET VERKOSSA   -KUOPIO 29.06.2020 KLO 14-16<\/a>16.5.2020  - 17.5.2020<a href=\"https:\/\/rotary.fi\/d1430\/events\/piirikonferenssi-kolilla-16-17-05-2020-hotelli-koli-luontokeskus-ukko-ja-kolin-kansallispuisto\/\">Piirikonferenssi Kolilla 16-17.05.2020 Hotelli Koli, Luontokeskus Ukko ja Kolin kansallispuisto<\/a>Hotelli Koli, Luontokeskus Ukko ja Kolin kansallispuisto21.3.2020  - 23.3.2020<a href=\"https:\/\/rotary.fi\/d1430\/events\/pets-kuopio-2020-21-22-03-scandic-hotell\/\">SUUNNITELTU PETS 2020 JA PIIRIN KEV\u00c4TKOKOUS KUOPIO 21.-22.03 SIIRTYY KORONA UHAN VUOKSI MY\u00d6HEMP\u00c4\u00c4N AJANKOHTAAN<\/a>Scandic Hotell Kuopio14.3.2020 <a href=\"https:\/\/rotary.fi\/d1430\/events\/nuorisovaihdon-talvipaiva-lauantai-14-03-2020-klo-12-16-varkaus-ski-center\/\">Nuorisovaihdon talvip\u00e4iv\u00e4 lauantai 14.03.2020 klo 12-16 Varkaus Ski Center<\/a>Varkaus Ski Center31.1.2020  - 2.2.2020<a href=\"https:\/\/rotary.fi\/d1430\/events\/rotary-forum-helsinki-tripla-31-01-02-02-2020\/\">Rotary Forum Helsinki Tripla 31.01-02.02.2020<\/a>26.10.2019 <a href=\"https:\/\/rotary.fi\/d1430\/events\/piiritason-tapahtuma\/\">Piirimme syyskokous ja syysseminaari 26.10.19   Mikkeli<\/a>Sokos Hotel Vaakuna\t<\/div>\r\n<\/div><\/p>\n","protected":false},"author":1,"featured_media":0,"parent":676,"menu_order":1,"comment_status":"closed","ping_status":"closed","template":"","meta":{"_acf_changed":false,"_et_pb_use_builder":"on","_et_pb_old_content":"","_et_gb_content_width":"","footnotes":""},"class_list":["post-822","page","type-page","status-publish","hentry"],"acf":[],"yoast_head":"<!-- This site is optimized with the Yoast SEO plugin v27.0 - https:\/\/yoast.com\/product\/yoast-seo-wordpress\/ -->\n<title>Tapahtumakalenteri - Piiri 1430<\/title>\n<meta name=\"robots\" content=\"index, follow, max-snippet:-1, max-image-preview:large, max-video-preview:-1\" \/>\n<link rel=\"canonical\" href=\"https:\/\/rotary.fi\/d1430\/ajankohtaista\/tapahtumakalenteri\/\" \/>\n<meta property=\"og:locale\" content=\"fi_FI\" \/>\n<meta property=\"og:type\" content=\"article\" \/>\n<meta property=\"og:title\" content=\"Tapahtumakalenteri - Piiri 1430\" \/>\n<meta property=\"og:description\" content=\"Tapahtumat Tulevia tapahtumia Menneit\u00e4 tapahtumia\" \/>\n<meta property=\"og:url\" content=\"https:\/\/rotary.fi\/d1430\/ajankohtaista\/tapahtumakalenteri\/\" \/>\n<meta property=\"og:site_name\" content=\"Piiri 1430\" \/>\n<meta property=\"article:publisher\" content=\"https:\/\/www.facebook.com\/rotary\/\" \/>\n<meta property=\"article:modified_time\" content=\"2023-03-17T11:18:04+00:00\" \/>\n<meta name=\"twitter:card\" content=\"summary_large_image\" \/>\n<meta name=\"twitter:label1\" content=\"Arvioitu lukuaika\" \/>\n\t<meta name=\"twitter:data1\" content=\"1 minuutti\" \/>\n<script type=\"application\/ld+json\" class=\"yoast-schema-graph\">{\"@context\":\"https:\/\/schema.org\",\"@graph\":[{\"@type\":\"WebPage\",\"@id\":\"https:\/\/rotary.fi\/d1430\/ajankohtaista\/tapahtumakalenteri\/\",\"url\":\"https:\/\/rotary.fi\/d1430\/ajankohtaista\/tapahtumakalenteri\/\",\"name\":\"Tapahtumakalenteri - Piiri 1430\",\"isPartOf\":{\"@id\":\"https:\/\/rotary.fi\/d1430\/#website\"},\"datePublished\":\"2018-04-16T11:17:25+00:00\",\"dateModified\":\"2023-03-17T11:18:04+00:00\",\"breadcrumb\":{\"@id\":\"https:\/\/rotary.fi\/d1430\/ajankohtaista\/tapahtumakalenteri\/#breadcrumb\"},\"inLanguage\":\"fi\",\"potentialAction\":[{\"@type\":\"ReadAction\",\"target\":[\"https:\/\/rotary.fi\/d1430\/ajankohtaista\/tapahtumakalenteri\/\"]}]},{\"@type\":\"BreadcrumbList\",\"@id\":\"https:\/\/rotary.fi\/d1430\/ajankohtaista\/tapahtumakalenteri\/#breadcrumb\",\"itemListElement\":[{\"@type\":\"ListItem\",\"position\":1,\"name\":\"Home\",\"item\":\"https:\/\/rotary.fi\/d1430\/\"},{\"@type\":\"ListItem\",\"position\":2,\"name\":\"Ajankohtaista\",\"item\":\"https:\/\/rotary.fi\/d1430\/ajankohtaista\/\"},{\"@type\":\"ListItem\",\"position\":3,\"name\":\"Tapahtumakalenteri\"}]},{\"@type\":\"WebSite\",\"@id\":\"https:\/\/rotary.fi\/d1430\/#website\",\"url\":\"https:\/\/rotary.fi\/d1430\/\",\"name\":\"Piiri 1430\",\"description\":\"Suomen Rotary\",\"potentialAction\":[{\"@type\":\"SearchAction\",\"target\":{\"@type\":\"EntryPoint\",\"urlTemplate\":\"https:\/\/rotary.fi\/d1430\/?s={search_term_string}\"},\"query-input\":{\"@type\":\"PropertyValueSpecification\",\"valueRequired\":true,\"valueName\":\"search_term_string\"}}],\"inLanguage\":\"fi\"}]}<\/script>\n<!-- \/ Yoast SEO plugin. -->","yoast_head_json":{"title":"Tapahtumakalenteri - Piiri 1430","robots":{"index":"index","follow":"follow","max-snippet":"max-snippet:-1","max-image-preview":"max-image-preview:large","max-video-preview":"max-video-preview:-1"},"canonical":"https:\/\/rotary.fi\/d1430\/ajankohtaista\/tapahtumakalenteri\/","og_locale":"fi_FI","og_type":"article","og_title":"Tapahtumakalenteri - Piiri 1430","og_description":"Tapahtumat Tulevia tapahtumia Menneit\u00e4 tapahtumia","og_url":"https:\/\/rotary.fi\/d1430\/ajankohtaista\/tapahtumakalenteri\/","og_site_name":"Piiri 1430","article_publisher":"https:\/\/www.facebook.com\/rotary\/","article_modified_time":"2023-03-17T11:18:04+00:00","twitter_card":"summary_large_image","twitter_misc":{"Arvioitu lukuaika":"1 minuutti"},"schema":{"@context":"https:\/\/schema.org","@graph":[{"@type":"WebPage","@id":"https:\/\/rotary.fi\/d1430\/ajankohtaista\/tapahtumakalenteri\/","url":"https:\/\/rotary.fi\/d1430\/ajankohtaista\/tapahtumakalenteri\/","name":"Tapahtumakalenteri - Piiri 1430","isPartOf":{"@id":"https:\/\/rotary.fi\/d1430\/#website"},"datePublished":"2018-04-16T11:17:25+00:00","dateModified":"2023-03-17T11:18:04+00:00","breadcrumb":{"@id":"https:\/\/rotary.fi\/d1430\/ajankohtaista\/tapahtumakalenteri\/#breadcrumb"},"inLanguage":"fi","potentialAction":[{"@type":"ReadAction","target":["https:\/\/rotary.fi\/d1430\/ajankohtaista\/tapahtumakalenteri\/"]}]},{"@type":"BreadcrumbList","@id":"https:\/\/rotary.fi\/d1430\/ajankohtaista\/tapahtumakalenteri\/#breadcrumb","itemListElement":[{"@type":"ListItem","position":1,"name":"Home","item":"https:\/\/rotary.fi\/d1430\/"},{"@type":"ListItem","position":2,"name":"Ajankohtaista","item":"https:\/\/rotary.fi\/d1430\/ajankohtaista\/"},{"@type":"ListItem","position":3,"name":"Tapahtumakalenteri"}]},{"@type":"WebSite","@id":"https:\/\/rotary.fi\/d1430\/#website","url":"https:\/\/rotary.fi\/d1430\/","name":"Piiri 1430","description":"Suomen Rotary","potentialAction":[{"@type":"SearchAction","target":{"@type":"EntryPoint","urlTemplate":"https:\/\/rotary.fi\/d1430\/?s={search_term_string}"},"query-input":{"@type":"PropertyValueSpecification","valueRequired":true,"valueName":"search_term_string"}}],"inLanguage":"fi"}]}},"lang":"fi","translations":{"fi":822},"pll_sync_post":[],"_links":{"self":[{"href":"https:\/\/rotary.fi\/d1430\/wp-json\/wp\/v2\/pages\/822","targetHints":{"allow":["GET"]}}],"collection":[{"href":"https:\/\/rotary.fi\/d1430\/wp-json\/wp\/v2\/pages"}],"about":[{"href":"https:\/\/rotary.fi\/d1430\/wp-json\/wp\/v2\/types\/page"}],"author":[{"embeddable":true,"href":"https:\/\/rotary.fi\/d1430\/wp-json\/wp\/v2\/users\/1"}],"replies":[{"embeddable":true,"href":"https:\/\/rotary.fi\/d1430\/wp-json\/wp\/v2\/comments?post=822"}],"version-history":[{"count":11,"href":"https:\/\/rotary.fi\/d1430\/wp-json\/wp\/v2\/pages\/822\/revisions"}],"predecessor-version":[{"id":7559,"href":"https:\/\/rotary.fi\/d1430\/wp-json\/wp\/v2\/pages\/822\/revisions\/7559"}],"up":[{"embeddable":true,"href":"https:\/\/rotary.fi\/d1430\/wp-json\/wp\/v2\/pages\/676"}],"wp:attachment":[{"href":"https:\/\/rotary.fi\/d1430\/wp-json\/wp\/v2\/media?parent=822"}],"curies":[{"name":"wp","href":"https:\/\/api.w.org\/{rel}","templated":true}]}}