{"id":6991,"date":"2024-05-27T17:41:07","date_gmt":"2024-05-27T15:41:07","guid":{"rendered":"https:\/\/rotary.fi\/d1430\/?page_id=6991"},"modified":"2024-05-27T18:37:30","modified_gmt":"2024-05-27T16:37:30","slug":"piirikonferenssit","status":"publish","type":"page","link":"https:\/\/rotary.fi\/d1430\/piirikonferenssit\/","title":{"rendered":"Piirikonferenssit"},"content":{"rendered":"<p>[et_pb_section fb_built=&#8221;1&#8243; _builder_version=&#8221;4.16&#8243; global_colors_info=&#8221;{}&#8221;][et_pb_row _builder_version=&#8221;4.16&#8243; background_size=&#8221;initial&#8221; background_position=&#8221;top_left&#8221; background_repeat=&#8221;repeat&#8221; global_colors_info=&#8221;{}&#8221;][et_pb_column type=&#8221;4_4&#8243; _builder_version=&#8221;4.16&#8243; custom_padding=&#8221;|||&#8221; global_colors_info=&#8221;{}&#8221; custom_padding__hover=&#8221;|||&#8221;][et_pb_text _builder_version=&#8221;4.25.1&#8243; background_size=&#8221;initial&#8221; background_position=&#8221;top_left&#8221; background_repeat=&#8221;repeat&#8221; custom_margin=&#8221;0px|||0px|false|false&#8221; custom_padding=&#8221;30px|||30px|false|false&#8221; hover_enabled=&#8221;0&#8243; border_radii=&#8221;off||||&#8221; box_shadow_style=&#8221;preset6&#8243; global_colors_info=&#8221;{}&#8221; sticky_enabled=&#8221;0&#8243;]<\/p>\n<h4>Piirin D1430 Piirikonferenssi 18.5.2024 Kuopio<\/h4>\n<p><a href=\"https:\/\/rotary.fi\/d1430\/wp-content\/uploads\/sites\/175\/2024\/04\/Kutsu-piirikonferenssiin.pdf\">Ohjelma<\/a>.<\/p>\n<p><strong>Esitysmateriaalit:<\/strong><\/p>\n<p>Kehitt\u00e4misp\u00e4\u00e4llikk\u00f6 Kari-Matti Vuori Suomen Ymp\u00e4rist\u00f6keskus. <a href=\"https:\/\/rotary.fi\/d1430\/wp-content\/uploads\/sites\/175\/2024\/05\/5-planeetta.pdf\">Kolme korjausliikett\u00e4 planeetan elinkelpoisuuteen<\/a>.<\/p>\n<p>DGE Paavo R\u00f6nkk\u00f6. <a href=\"https:\/\/rotary.fi\/d1430\/wp-content\/uploads\/sites\/175\/2024\/05\/7-nuorisovaihto.pdf\">Nuorisovaihto<\/a>.<\/p>\n<p>Erkki Anttila, Disaster Responce Fund vastaava. <a href=\"https:\/\/rotary.fi\/d1430\/wp-content\/uploads\/sites\/175\/2024\/05\/9-jalkajalattomalle.pdf\">Jalka Jalattomalle III hanke<\/a>.<\/p>\n<p>DRFCC Lauri Muona. <a href=\"https:\/\/rotary.fi\/d1430\/wp-content\/uploads\/sites\/175\/2024\/05\/8-saatio.pdf\">Anna uusi el\u00e4m\u00e4 ihmiselle<\/a>.<\/p>\n<p>DG Hannele Sj\u00f6 D 2370 Ruotsi. <a href=\"https:\/\/rotary.fi\/d1430\/wp-content\/uploads\/sites\/175\/2024\/05\/11-hannele.pdf\">It\u00e4meren haaste ja rotareiden yhteisty\u00f6<\/a>.<\/p>\n<p><a href=\"https:\/\/photos.app.goo.gl\/KR2Eqpo8RsYJQzX9A\">Kuvia tapahtumasta<\/a><\/p>\n<p>&nbsp;<\/p>\n<p>[\/et_pb_text][\/et_pb_column][\/et_pb_row][\/et_pb_section]<\/p>\n","protected":false},"excerpt":{"rendered":"<p>Piirin D1430 Piirikonferenssi 18.5.2024 Kuopio Ohjelma. Esitysmateriaalit: Kehitt\u00e4misp\u00e4\u00e4llikk\u00f6 Kari-Matti Vuori Suomen Ymp\u00e4rist\u00f6keskus. Kolme korjausliikett\u00e4 planeetan elinkelpoisuuteen. DGE Paavo R\u00f6nkk\u00f6. Nuorisovaihto. Erkki Anttila, Disaster Responce Fund vastaava. Jalka Jalattomalle III hanke. DRFCC Lauri Muona. Anna uusi el\u00e4m\u00e4 ihmiselle. DG Hannele Sj\u00f6 D 2370 Ruotsi. It\u00e4meren haaste ja rotareiden yhteisty\u00f6. Kuvia tapahtumasta &nbsp;<\/p>\n","protected":false},"author":185,"featured_media":0,"parent":0,"menu_order":0,"comment_status":"closed","ping_status":"closed","template":"","meta":{"_acf_changed":false,"_et_pb_use_builder":"on","_et_pb_old_content":"<h3><strong>22.01.23 PrePets 2023 I\u00a0 Tuleva rotaryvuosi ja Kansainv\u00e4linen Rotary tilaisuuden diaesitykset ja nauhoite:<\/strong><\/h3><p><strong>Diaesitys DGE Raimo Hallman<\/strong><\/p><p><a href=\"https:\/\/drive.google.com\/file\/d\/16fFMEuBsx7JOzuTvwjM8PTkKhE56Z0q0\/view?usp=share_link\" target=\"_blank\" rel=\"noopener\">Tuleva rotaryvuosi 2023-2024<\/a><\/p><p><strong>Diaesitys PDG Vesa Martikkala<\/strong><\/p><p><a href=\"https:\/\/docs.google.com\/presentation\/d\/15qjKEPf7w6N3vytQ9i0KLRVY_xckhI49\/edit?usp=share_link&ouid=116064211780104916946&rtpof=true&sd=true\">Kansainv\u00e4linen rotary<\/a><\/p><p><strong>Nauhoite koulutuksesta -klikkaa<\/strong><\/p><p>https:\/\/youtu.be\/v_2SBdBCmB4<\/p>","_et_gb_content_width":"","footnotes":""},"class_list":["post-6991","page","type-page","status-publish","hentry"],"acf":[],"yoast_head":"<!-- This site is optimized with the Yoast SEO plugin v27.0 - https:\/\/yoast.com\/product\/yoast-seo-wordpress\/ -->\n<title>Piirikonferenssit - Piiri 1430<\/title>\n<meta name=\"robots\" content=\"index, follow, max-snippet:-1, max-image-preview:large, max-video-preview:-1\" \/>\n<link rel=\"canonical\" href=\"https:\/\/rotary.fi\/d1430\/piirikonferenssit\/\" \/>\n<meta property=\"og:locale\" content=\"fi_FI\" \/>\n<meta property=\"og:type\" content=\"article\" \/>\n<meta property=\"og:title\" content=\"Piirikonferenssit - Piiri 1430\" \/>\n<meta property=\"og:description\" content=\"Piirin D1430 Piirikonferenssi 18.5.2024 Kuopio Ohjelma. Esitysmateriaalit: Kehitt\u00e4misp\u00e4\u00e4llikk\u00f6 Kari-Matti Vuori Suomen Ymp\u00e4rist\u00f6keskus. Kolme korjausliikett\u00e4 planeetan elinkelpoisuuteen. DGE Paavo R\u00f6nkk\u00f6. Nuorisovaihto. Erkki Anttila, Disaster Responce Fund vastaava. Jalka Jalattomalle III hanke. DRFCC Lauri Muona. Anna uusi el\u00e4m\u00e4 ihmiselle. DG Hannele Sj\u00f6 D 2370 Ruotsi. It\u00e4meren haaste ja rotareiden yhteisty\u00f6. Kuvia tapahtumasta &nbsp;\" \/>\n<meta property=\"og:url\" content=\"https:\/\/rotary.fi\/d1430\/piirikonferenssit\/\" \/>\n<meta property=\"og:site_name\" content=\"Piiri 1430\" \/>\n<meta property=\"article:publisher\" content=\"https:\/\/www.facebook.com\/rotary\/\" \/>\n<meta property=\"article:modified_time\" content=\"2024-05-27T16:37:30+00:00\" \/>\n<meta name=\"twitter:card\" content=\"summary_large_image\" \/>\n<meta name=\"twitter:label1\" content=\"Arvioitu lukuaika\" \/>\n\t<meta name=\"twitter:data1\" content=\"1 minuutti\" \/>\n<script type=\"application\/ld+json\" class=\"yoast-schema-graph\">{\"@context\":\"https:\/\/schema.org\",\"@graph\":[{\"@type\":\"WebPage\",\"@id\":\"https:\/\/rotary.fi\/d1430\/piirikonferenssit\/\",\"url\":\"https:\/\/rotary.fi\/d1430\/piirikonferenssit\/\",\"name\":\"Piirikonferenssit - Piiri 1430\",\"isPartOf\":{\"@id\":\"https:\/\/rotary.fi\/d1430\/#website\"},\"datePublished\":\"2024-05-27T15:41:07+00:00\",\"dateModified\":\"2024-05-27T16:37:30+00:00\",\"breadcrumb\":{\"@id\":\"https:\/\/rotary.fi\/d1430\/piirikonferenssit\/#breadcrumb\"},\"inLanguage\":\"fi\",\"potentialAction\":[{\"@type\":\"ReadAction\",\"target\":[\"https:\/\/rotary.fi\/d1430\/piirikonferenssit\/\"]}]},{\"@type\":\"BreadcrumbList\",\"@id\":\"https:\/\/rotary.fi\/d1430\/piirikonferenssit\/#breadcrumb\",\"itemListElement\":[{\"@type\":\"ListItem\",\"position\":1,\"name\":\"Home\",\"item\":\"https:\/\/rotary.fi\/d1430\/\"},{\"@type\":\"ListItem\",\"position\":2,\"name\":\"Piirikonferenssit\"}]},{\"@type\":\"WebSite\",\"@id\":\"https:\/\/rotary.fi\/d1430\/#website\",\"url\":\"https:\/\/rotary.fi\/d1430\/\",\"name\":\"Piiri 1430\",\"description\":\"Suomen Rotary\",\"potentialAction\":[{\"@type\":\"SearchAction\",\"target\":{\"@type\":\"EntryPoint\",\"urlTemplate\":\"https:\/\/rotary.fi\/d1430\/?s={search_term_string}\"},\"query-input\":{\"@type\":\"PropertyValueSpecification\",\"valueRequired\":true,\"valueName\":\"search_term_string\"}}],\"inLanguage\":\"fi\"}]}<\/script>\n<!-- \/ Yoast SEO plugin. -->","yoast_head_json":{"title":"Piirikonferenssit - Piiri 1430","robots":{"index":"index","follow":"follow","max-snippet":"max-snippet:-1","max-image-preview":"max-image-preview:large","max-video-preview":"max-video-preview:-1"},"canonical":"https:\/\/rotary.fi\/d1430\/piirikonferenssit\/","og_locale":"fi_FI","og_type":"article","og_title":"Piirikonferenssit - Piiri 1430","og_description":"Piirin D1430 Piirikonferenssi 18.5.2024 Kuopio Ohjelma. Esitysmateriaalit: Kehitt\u00e4misp\u00e4\u00e4llikk\u00f6 Kari-Matti Vuori Suomen Ymp\u00e4rist\u00f6keskus. Kolme korjausliikett\u00e4 planeetan elinkelpoisuuteen. DGE Paavo R\u00f6nkk\u00f6. Nuorisovaihto. Erkki Anttila, Disaster Responce Fund vastaava. Jalka Jalattomalle III hanke. DRFCC Lauri Muona. Anna uusi el\u00e4m\u00e4 ihmiselle. DG Hannele Sj\u00f6 D 2370 Ruotsi. It\u00e4meren haaste ja rotareiden yhteisty\u00f6. Kuvia tapahtumasta &nbsp;","og_url":"https:\/\/rotary.fi\/d1430\/piirikonferenssit\/","og_site_name":"Piiri 1430","article_publisher":"https:\/\/www.facebook.com\/rotary\/","article_modified_time":"2024-05-27T16:37:30+00:00","twitter_card":"summary_large_image","twitter_misc":{"Arvioitu lukuaika":"1 minuutti"},"schema":{"@context":"https:\/\/schema.org","@graph":[{"@type":"WebPage","@id":"https:\/\/rotary.fi\/d1430\/piirikonferenssit\/","url":"https:\/\/rotary.fi\/d1430\/piirikonferenssit\/","name":"Piirikonferenssit - Piiri 1430","isPartOf":{"@id":"https:\/\/rotary.fi\/d1430\/#website"},"datePublished":"2024-05-27T15:41:07+00:00","dateModified":"2024-05-27T16:37:30+00:00","breadcrumb":{"@id":"https:\/\/rotary.fi\/d1430\/piirikonferenssit\/#breadcrumb"},"inLanguage":"fi","potentialAction":[{"@type":"ReadAction","target":["https:\/\/rotary.fi\/d1430\/piirikonferenssit\/"]}]},{"@type":"BreadcrumbList","@id":"https:\/\/rotary.fi\/d1430\/piirikonferenssit\/#breadcrumb","itemListElement":[{"@type":"ListItem","position":1,"name":"Home","item":"https:\/\/rotary.fi\/d1430\/"},{"@type":"ListItem","position":2,"name":"Piirikonferenssit"}]},{"@type":"WebSite","@id":"https:\/\/rotary.fi\/d1430\/#website","url":"https:\/\/rotary.fi\/d1430\/","name":"Piiri 1430","description":"Suomen Rotary","potentialAction":[{"@type":"SearchAction","target":{"@type":"EntryPoint","urlTemplate":"https:\/\/rotary.fi\/d1430\/?s={search_term_string}"},"query-input":{"@type":"PropertyValueSpecification","valueRequired":true,"valueName":"search_term_string"}}],"inLanguage":"fi"}]}},"lang":"fi","translations":{"fi":6991},"pll_sync_post":[],"_links":{"self":[{"href":"https:\/\/rotary.fi\/d1430\/wp-json\/wp\/v2\/pages\/6991","targetHints":{"allow":["GET"]}}],"collection":[{"href":"https:\/\/rotary.fi\/d1430\/wp-json\/wp\/v2\/pages"}],"about":[{"href":"https:\/\/rotary.fi\/d1430\/wp-json\/wp\/v2\/types\/page"}],"author":[{"embeddable":true,"href":"https:\/\/rotary.fi\/d1430\/wp-json\/wp\/v2\/users\/185"}],"replies":[{"embeddable":true,"href":"https:\/\/rotary.fi\/d1430\/wp-json\/wp\/v2\/comments?post=6991"}],"version-history":[{"count":9,"href":"https:\/\/rotary.fi\/d1430\/wp-json\/wp\/v2\/pages\/6991\/revisions"}],"predecessor-version":[{"id":7013,"href":"https:\/\/rotary.fi\/d1430\/wp-json\/wp\/v2\/pages\/6991\/revisions\/7013"}],"wp:attachment":[{"href":"https:\/\/rotary.fi\/d1430\/wp-json\/wp\/v2\/media?parent=6991"}],"curies":[{"name":"wp","href":"https:\/\/api.w.org\/{rel}","templated":true}]}}