{"id":658,"date":"2018-04-09T13:45:43","date_gmt":"2018-04-09T11:45:43","guid":{"rendered":"http:\/\/rotary.fi\/piirisivusto\/?page_id=658"},"modified":"2026-02-09T15:08:16","modified_gmt":"2026-02-09T13:08:16","slug":"kiinnostaako-jasenyys","status":"publish","type":"page","link":"https:\/\/rotary.fi\/d1430\/kiinnostaako-jasenyys\/","title":{"rendered":"Kiinnostaako j\u00e4senyys?"},"content":{"rendered":"<p>[et_pb_section fb_built=&#8221;1&#8243; module_class=&#8221;jumbotron-page&#8221; _builder_version=&#8221;4.16&#8243; background_image=&#8221;http:\/\/rotary.fi\/piirisivusto\/wp-content\/uploads\/sites\/175\/2018\/04\/paakuva_liity_mukaan.jpg&#8221; global_colors_info=&#8221;{}&#8221;][et_pb_row module_class=&#8221; et_pb_row_fullwidth et_pb_row_fullwidth&#8221; _builder_version=&#8221;4.16&#8243; width=&#8221;89%&#8221; width_tablet=&#8221;80%&#8221; width_phone=&#8221;&#8221; width_last_edited=&#8221;on|desktop&#8221; max_width=&#8221;89%&#8221; max_width_tablet=&#8221;80%&#8221; max_width_phone=&#8221;&#8221; max_width_last_edited=&#8221;on|desktop&#8221; make_fullwidth=&#8221;on&#8221; global_colors_info=&#8221;{}&#8221;][et_pb_column type=&#8221;4_4&#8243; _builder_version=&#8221;4.16&#8243; custom_padding=&#8221;|||&#8221; global_colors_info=&#8221;{}&#8221; custom_padding__hover=&#8221;|||&#8221;][et_pb_text admin_label=&#8221;Kiinnostaako j\u00e4senyys? -otsikko&#8221; _builder_version=&#8221;4.16&#8243; text_orientation=&#8221;center&#8221; background_layout=&#8221;dark&#8221; global_colors_info=&#8221;{}&#8221;]<\/p>\n<h1>Kiinnostaako j\u00e4senyys?<\/h1>\n<p>[\/et_pb_text][\/et_pb_column][\/et_pb_row][\/et_pb_section][et_pb_section fb_built=&#8221;1&#8243; module_class=&#8221;sisaltoalue_perus&#8221; _builder_version=&#8221;4.16&#8243; background_size=&#8221;initial&#8221; background_position=&#8221;top_left&#8221; background_repeat=&#8221;repeat&#8221; global_colors_info=&#8221;{}&#8221;][et_pb_row custom_padding_last_edited=&#8221;on|phone&#8221; _builder_version=&#8221;4.16&#8243; custom_padding=&#8221;46.6875px|0px|63px|0px&#8221; custom_padding_tablet=&#8221;&#8221; custom_padding_phone=&#8221;&#8221; global_colors_info=&#8221;{}&#8221;][et_pb_column type=&#8221;4_4&#8243; _builder_version=&#8221;4.16&#8243; custom_padding=&#8221;|||&#8221; global_colors_info=&#8221;{}&#8221; custom_padding__hover=&#8221;|||&#8221;][et_pb_text admin_label=&#8221;Kiinnostaako j\u00e4senyys? -otsikko&#8221; _builder_version=&#8221;4.16&#8243; text_orientation=&#8221;center&#8221; global_colors_info=&#8221;{}&#8221;]<\/p>\n<h1>Kiinnostaako j\u00e4senyys?<\/h1>\n<p>[\/et_pb_text][et_pb_text _builder_version=&#8221;4.22.1&#8243; custom_margin=&#8221;||60px|&#8221; global_colors_info=&#8221;{}&#8221;]<\/p>\n<p>Mukaan liittymiseksi et tarvitse mit\u00e4\u00e4n kutsua. Kaikki klubikokoukset ovat avoimia kaikille ja voit tulla oma-aloitteisesti tutustumaan olisiko juuri t\u00e4m\u00e4 joukko sinulle sopivaa seuraa.\u00a0 J\u00e4senyys on avoin kaikille yli 18-vuotiaille miehille ja naisille.<\/p>\n<p>&nbsp;<\/p>\n<p>Rotary on oiva tapa verkostoitua omalla paikkakunnallasi ja maailman laajuisesti.\u00a0 Voit olla kehitt\u00e4m\u00e4ss\u00e4 omaa paikkakuntaasi,\u00a0 tukemassa nuoria ja olla rotarien hyv\u00e4ntekev\u00e4isyyden\u00a0 ja rauhanty\u00f6n kautta\u00a0 rakentamassa parempaa maailmaa. Rotary yhdist\u00e4\u00e4 kaikkialla samoin ajattelevia ihmisi\u00e4.\u00a0 Yhdess\u00e4 toimimalla saamme my\u00f6s paljon aikaan. Rotaryhan on my\u00f6s maailman suurimpia vapaaehtoisuuteen perustuvia hyv\u00e4ntekev\u00e4isyysj\u00e4rjest\u00f6j\u00e4.\u00a0 \u00a0Rotarina\u00a0 tutustut\u00a0 helposti paikkakuntasi vaikuttajiin ja yritt\u00e4jiin\u00a0 sek\u00e4 my\u00f6s maailman laajuisesti mielenkiintoisiin ihmisiin ja vaikuttajiin.\u00a0 Rotareitahan on 1,2 milj. yli 220 eri maassa.\u00a0 Rotarina voi my\u00f6s kehitt\u00e4\u00e4 itse\u00e4si\u00a0 ja sinulle avautuu niin halutessasi n\u00e4k\u00f6aloja kansainv\u00e4liseen toimintaan.<\/p>\n<p>Kymmenen hyv\u00e4\u00e4 syyt\u00e4 olla rotari<\/p>\n<p><strong>Rotarina voit<\/strong><\/p>\n<ol>\n<li><strong>palvella ja k\u00e4ytt\u00e4\u00e4 omaa osaamistasi<\/strong><\/li>\n<li><strong>verkostoitua ammatillisesti<\/strong><\/li>\n<li><strong>kasvaa ja kehitty\u00e4 ihmisen\u00e4<\/strong><\/li>\n<li><strong>solmia uusia yst\u00e4vyyssuhteita\u00a0<\/strong><\/li>\n<li><strong>p\u00e4\u00e4st\u00e4 osalliseksi kulttuurien monimuotoisuudesta<\/strong><\/li>\n<li><strong>toimia hyv\u00e4n\u00e4 yhteiskunnan j\u00e4senen\u00e4<\/strong><\/li>\n<li><strong>edist\u00e4\u00e4 maailmanlaajuista yhteisymm\u00e4rryst\u00e4<\/strong><\/li>\n<li><strong>viihty\u00e4 ja kokea uusia asioita<\/strong><\/li>\n<li><strong>olla mukana nuorisovaihdossa ja ottaa halutessasi kotiisi vaihto-oppilaan<\/strong><\/li>\n<li><strong>olla mukana eettisess\u00e4 toiminnassa.<\/strong><\/li>\n<\/ol>\n<p>\u00a0Ohessa J\u00e4senhakemus kaavake k\u00e4ytett\u00e4v\u00e4ksi klubeille sek\u00e4 PDF ett\u00e4 Word (DOCX) muodossa.<\/p>\n<p><a href=\"https:\/\/rotary.fi\/d1430\/wp-content\/uploads\/sites\/175\/2024\/01\/Jasenhakemus_1430.pdf\" rel=\"attachment wp-att-6639\">J\u00e4senhakemus_1430<\/a> (PDF)<\/p>\n<p><a href=\"https:\/\/rotary.fi\/d1430\/wp-content\/uploads\/sites\/175\/2024\/01\/Jasenhakemus_1430.docx\" rel=\"attachment wp-att-6638\">J\u00e4senhakemus_1430<\/a> (DOCX)<\/p>\n<p>[\/et_pb_text][\/et_pb_column][\/et_pb_row][\/et_pb_section][et_pb_section fb_built=&#8221;1&#8243; admin_label=&#8221;Club Finder Osio&#8221; _builder_version=&#8221;3.4.1&#8243; background_color=&#8221;#018d8d&#8221; global_module=&#8221;791&#8243; locked=&#8221;off&#8221; collapsed=&#8221;off&#8221; global_colors_info=&#8221;{}&#8221;][et_pb_row column_structure=&#8221;1_4,1_2,1_4&#8243; module_class=&#8221;club-finder-nosto et_pb_row_fullwidth et_pb_row_fullwidth et_pb_row_fullwidth et_pb_row_fullwidth et_pb_row_fullwidth et_pb_row_fullwidth et_pb_row_fullwidth et_pb_row_fullwidth et_pb_row_fullwidth et_pb_row_fullwidth et_pb_row_fullwidth et_pb_row_fullwidth et_pb_row_fullwidth et_pb_row_fullwidth et_pb_row_fullwidth et_pb_row_fullwidth et_pb_row_fullwidth et_pb_row_fullwidth et_pb_row_fullwidth et_pb_row_fullwidth&#8221; _builder_version=&#8221;4.16&#8243; width=&#8221;89%&#8221; width_tablet=&#8221;80%&#8221; width_phone=&#8221;&#8221; width_last_edited=&#8221;on|desktop&#8221; max_width=&#8221;89%&#8221; max_width_tablet=&#8221;80%&#8221; max_width_phone=&#8221;&#8221; max_width_last_edited=&#8221;on|desktop&#8221; module_alignment=&#8221;center&#8221; make_fullwidth=&#8221;on&#8221; global_colors_info=&#8221;{}&#8221;][et_pb_column type=&#8221;1_4&#8243; _builder_version=&#8221;4.16&#8243; custom_padding=&#8221;|||&#8221; global_colors_info=&#8221;{}&#8221; custom_padding__hover=&#8221;|||&#8221;][\/et_pb_column][et_pb_column type=&#8221;1_2&#8243; module_class=&#8221;esittely&#8221; _builder_version=&#8221;4.16&#8243; background_position=&#8221;center_left&#8221; custom_padding=&#8221;||50px|&#8221; custom_padding_tablet=&#8221;40px||40px|&#8221; custom_padding_phone=&#8221;&#8221; custom_padding_last_edited=&#8221;on|desktop&#8221; global_colors_info=&#8221;{}&#8221; custom_padding__hover=&#8221;|||&#8221;][et_pb_text admin_label=&#8221;Club Finder &#8211; nostoalue&#8221; _builder_version=&#8221;4.16&#8243; text_orientation=&#8221;center&#8221; background_layout=&#8221;dark&#8221; global_colors_info=&#8221;{}&#8221;]<\/p>\n<h1>Club Finderilla l\u00f6yd\u00e4t <br \/>l\u00e4himm\u00e4n rotaryklubin<\/h1>\n<h4>Viisi piiri\u00e4, 300 klubia. Club Finder l\u00f6yt\u00e4\u00e4 juuri sinulle l\u00e4himm\u00e4n rotaryklubin yhteystietoineen. My\u00f6s nettiklubeja tarjolla.<\/h4>\n<p>[\/et_pb_text][et_pb_button button_url=&#8221;https:\/\/my.rotary.org\/en\/search\/club-finder&#8221; url_new_window=&#8221;on&#8221; button_text=&#8221;Club Finder&#8221; button_alignment=&#8221;center&#8221; admin_label=&#8221;Club Finder -painike&#8221; _builder_version=&#8221;4.16&#8243; custom_button=&#8221;on&#8221; button_border_color=&#8221;#f8f9fa&#8221; background_layout=&#8221;dark&#8221; custom_margin=&#8221;||20px|&#8221; global_colors_info=&#8221;{}&#8221; button_text_size__hover_enabled=&#8221;off&#8221; button_text_size__hover=&#8221;null&#8221; button_one_text_size__hover_enabled=&#8221;off&#8221; button_one_text_size__hover=&#8221;null&#8221; button_two_text_size__hover_enabled=&#8221;off&#8221; button_two_text_size__hover=&#8221;null&#8221; button_text_color__hover_enabled=&#8221;off&#8221; button_text_color__hover=&#8221;null&#8221; button_one_text_color__hover_enabled=&#8221;off&#8221; button_one_text_color__hover=&#8221;null&#8221; button_two_text_color__hover_enabled=&#8221;off&#8221; button_two_text_color__hover=&#8221;null&#8221; button_border_width__hover_enabled=&#8221;off&#8221; button_border_width__hover=&#8221;null&#8221; button_one_border_width__hover_enabled=&#8221;off&#8221; button_one_border_width__hover=&#8221;null&#8221; button_two_border_width__hover_enabled=&#8221;off&#8221; button_two_border_width__hover=&#8221;null&#8221; button_border_color__hover_enabled=&#8221;off&#8221; button_border_color__hover=&#8221;null&#8221; button_one_border_color__hover_enabled=&#8221;off&#8221; button_one_border_color__hover=&#8221;null&#8221; button_two_border_color__hover_enabled=&#8221;off&#8221; button_two_border_color__hover=&#8221;null&#8221; button_border_radius__hover_enabled=&#8221;off&#8221; button_border_radius__hover=&#8221;null&#8221; button_one_border_radius__hover_enabled=&#8221;off&#8221; button_one_border_radius__hover=&#8221;null&#8221; button_two_border_radius__hover_enabled=&#8221;off&#8221; button_two_border_radius__hover=&#8221;null&#8221; button_letter_spacing__hover_enabled=&#8221;off&#8221; button_letter_spacing__hover=&#8221;null&#8221; button_one_letter_spacing__hover_enabled=&#8221;off&#8221; button_one_letter_spacing__hover=&#8221;null&#8221; button_two_letter_spacing__hover_enabled=&#8221;off&#8221; button_two_letter_spacing__hover=&#8221;null&#8221; button_bg_color__hover_enabled=&#8221;off&#8221; button_bg_color__hover=&#8221;null&#8221; button_one_bg_color__hover_enabled=&#8221;off&#8221; button_one_bg_color__hover=&#8221;null&#8221; button_two_bg_color__hover_enabled=&#8221;off&#8221; button_two_bg_color__hover=&#8221;null&#8221;][\/et_pb_button][\/et_pb_column][et_pb_column type=&#8221;1_4&#8243; _builder_version=&#8221;4.16&#8243; custom_padding=&#8221;|||&#8221; global_colors_info=&#8221;{}&#8221; custom_padding__hover=&#8221;|||&#8221;][\/et_pb_column][\/et_pb_row][\/et_pb_section]<\/p>\n","protected":false},"excerpt":{"rendered":"<p>Kiinnostaako j\u00e4senyys? Kiinnostaako j\u00e4senyys? Mukaan liittymiseksi et tarvitse mit\u00e4\u00e4n kutsua. Kaikki klubikokoukset ovat avoimia kaikille ja voit tulla oma-aloitteisesti tutustumaan olisiko juuri t\u00e4m\u00e4 joukko sinulle sopivaa seuraa.\u00a0 J\u00e4senyys on avoin kaikille yli 18-vuotiaille miehille ja naisille. &nbsp; Rotary on oiva tapa verkostoitua omalla paikkakunnallasi ja maailman laajuisesti.\u00a0 Voit olla kehitt\u00e4m\u00e4ss\u00e4 omaa paikkakuntaasi,\u00a0 tukemassa nuoria ja [&hellip;]<\/p>\n","protected":false},"author":1,"featured_media":0,"parent":0,"menu_order":1,"comment_status":"closed","ping_status":"closed","template":"","meta":{"_acf_changed":false,"_et_pb_use_builder":"on","_et_pb_old_content":"","_et_gb_content_width":"","footnotes":""},"class_list":["post-658","page","type-page","status-publish","hentry"],"acf":[],"yoast_head":"<!-- This site is optimized with the Yoast SEO plugin v27.0 - https:\/\/yoast.com\/product\/yoast-seo-wordpress\/ -->\n<title>Kiinnostaako j\u00e4senyys? - Piiri 1430<\/title>\n<meta name=\"robots\" content=\"index, follow, max-snippet:-1, max-image-preview:large, max-video-preview:-1\" \/>\n<link rel=\"canonical\" href=\"https:\/\/rotary.fi\/d1430\/kiinnostaako-jasenyys\/\" \/>\n<meta property=\"og:locale\" content=\"fi_FI\" \/>\n<meta property=\"og:type\" content=\"article\" \/>\n<meta property=\"og:title\" content=\"Kiinnostaako j\u00e4senyys? - Piiri 1430\" \/>\n<meta property=\"og:description\" content=\"Kiinnostaako j\u00e4senyys? Kiinnostaako j\u00e4senyys? Mukaan liittymiseksi et tarvitse mit\u00e4\u00e4n kutsua. Kaikki klubikokoukset ovat avoimia kaikille ja voit tulla oma-aloitteisesti tutustumaan olisiko juuri t\u00e4m\u00e4 joukko sinulle sopivaa seuraa.\u00a0 J\u00e4senyys on avoin kaikille yli 18-vuotiaille miehille ja naisille. &nbsp; Rotary on oiva tapa verkostoitua omalla paikkakunnallasi ja maailman laajuisesti.\u00a0 Voit olla kehitt\u00e4m\u00e4ss\u00e4 omaa paikkakuntaasi,\u00a0 tukemassa nuoria ja [&hellip;]\" \/>\n<meta property=\"og:url\" content=\"https:\/\/rotary.fi\/d1430\/kiinnostaako-jasenyys\/\" \/>\n<meta property=\"og:site_name\" content=\"Piiri 1430\" \/>\n<meta property=\"article:publisher\" content=\"https:\/\/www.facebook.com\/rotary\/\" \/>\n<meta property=\"article:modified_time\" content=\"2026-02-09T13:08:16+00:00\" \/>\n<meta name=\"twitter:card\" content=\"summary_large_image\" \/>\n<meta name=\"twitter:label1\" content=\"Arvioitu lukuaika\" \/>\n\t<meta name=\"twitter:data1\" content=\"5 minuuttia\" \/>\n<script type=\"application\/ld+json\" class=\"yoast-schema-graph\">{\"@context\":\"https:\/\/schema.org\",\"@graph\":[{\"@type\":\"WebPage\",\"@id\":\"https:\/\/rotary.fi\/d1430\/kiinnostaako-jasenyys\/\",\"url\":\"https:\/\/rotary.fi\/d1430\/kiinnostaako-jasenyys\/\",\"name\":\"Kiinnostaako j\u00e4senyys? - Piiri 1430\",\"isPartOf\":{\"@id\":\"https:\/\/rotary.fi\/d1430\/#website\"},\"datePublished\":\"2018-04-09T11:45:43+00:00\",\"dateModified\":\"2026-02-09T13:08:16+00:00\",\"breadcrumb\":{\"@id\":\"https:\/\/rotary.fi\/d1430\/kiinnostaako-jasenyys\/#breadcrumb\"},\"inLanguage\":\"fi\",\"potentialAction\":[{\"@type\":\"ReadAction\",\"target\":[\"https:\/\/rotary.fi\/d1430\/kiinnostaako-jasenyys\/\"]}]},{\"@type\":\"BreadcrumbList\",\"@id\":\"https:\/\/rotary.fi\/d1430\/kiinnostaako-jasenyys\/#breadcrumb\",\"itemListElement\":[{\"@type\":\"ListItem\",\"position\":1,\"name\":\"Home\",\"item\":\"https:\/\/rotary.fi\/d1430\/\"},{\"@type\":\"ListItem\",\"position\":2,\"name\":\"Kiinnostaako j\u00e4senyys?\"}]},{\"@type\":\"WebSite\",\"@id\":\"https:\/\/rotary.fi\/d1430\/#website\",\"url\":\"https:\/\/rotary.fi\/d1430\/\",\"name\":\"Piiri 1430\",\"description\":\"Suomen Rotary\",\"potentialAction\":[{\"@type\":\"SearchAction\",\"target\":{\"@type\":\"EntryPoint\",\"urlTemplate\":\"https:\/\/rotary.fi\/d1430\/?s={search_term_string}\"},\"query-input\":{\"@type\":\"PropertyValueSpecification\",\"valueRequired\":true,\"valueName\":\"search_term_string\"}}],\"inLanguage\":\"fi\"}]}<\/script>\n<!-- \/ Yoast SEO plugin. -->","yoast_head_json":{"title":"Kiinnostaako j\u00e4senyys? - Piiri 1430","robots":{"index":"index","follow":"follow","max-snippet":"max-snippet:-1","max-image-preview":"max-image-preview:large","max-video-preview":"max-video-preview:-1"},"canonical":"https:\/\/rotary.fi\/d1430\/kiinnostaako-jasenyys\/","og_locale":"fi_FI","og_type":"article","og_title":"Kiinnostaako j\u00e4senyys? - Piiri 1430","og_description":"Kiinnostaako j\u00e4senyys? Kiinnostaako j\u00e4senyys? Mukaan liittymiseksi et tarvitse mit\u00e4\u00e4n kutsua. Kaikki klubikokoukset ovat avoimia kaikille ja voit tulla oma-aloitteisesti tutustumaan olisiko juuri t\u00e4m\u00e4 joukko sinulle sopivaa seuraa.\u00a0 J\u00e4senyys on avoin kaikille yli 18-vuotiaille miehille ja naisille. &nbsp; Rotary on oiva tapa verkostoitua omalla paikkakunnallasi ja maailman laajuisesti.\u00a0 Voit olla kehitt\u00e4m\u00e4ss\u00e4 omaa paikkakuntaasi,\u00a0 tukemassa nuoria ja [&hellip;]","og_url":"https:\/\/rotary.fi\/d1430\/kiinnostaako-jasenyys\/","og_site_name":"Piiri 1430","article_publisher":"https:\/\/www.facebook.com\/rotary\/","article_modified_time":"2026-02-09T13:08:16+00:00","twitter_card":"summary_large_image","twitter_misc":{"Arvioitu lukuaika":"5 minuuttia"},"schema":{"@context":"https:\/\/schema.org","@graph":[{"@type":"WebPage","@id":"https:\/\/rotary.fi\/d1430\/kiinnostaako-jasenyys\/","url":"https:\/\/rotary.fi\/d1430\/kiinnostaako-jasenyys\/","name":"Kiinnostaako j\u00e4senyys? - Piiri 1430","isPartOf":{"@id":"https:\/\/rotary.fi\/d1430\/#website"},"datePublished":"2018-04-09T11:45:43+00:00","dateModified":"2026-02-09T13:08:16+00:00","breadcrumb":{"@id":"https:\/\/rotary.fi\/d1430\/kiinnostaako-jasenyys\/#breadcrumb"},"inLanguage":"fi","potentialAction":[{"@type":"ReadAction","target":["https:\/\/rotary.fi\/d1430\/kiinnostaako-jasenyys\/"]}]},{"@type":"BreadcrumbList","@id":"https:\/\/rotary.fi\/d1430\/kiinnostaako-jasenyys\/#breadcrumb","itemListElement":[{"@type":"ListItem","position":1,"name":"Home","item":"https:\/\/rotary.fi\/d1430\/"},{"@type":"ListItem","position":2,"name":"Kiinnostaako j\u00e4senyys?"}]},{"@type":"WebSite","@id":"https:\/\/rotary.fi\/d1430\/#website","url":"https:\/\/rotary.fi\/d1430\/","name":"Piiri 1430","description":"Suomen Rotary","potentialAction":[{"@type":"SearchAction","target":{"@type":"EntryPoint","urlTemplate":"https:\/\/rotary.fi\/d1430\/?s={search_term_string}"},"query-input":{"@type":"PropertyValueSpecification","valueRequired":true,"valueName":"search_term_string"}}],"inLanguage":"fi"}]}},"lang":"fi","translations":{"fi":658},"pll_sync_post":[],"_links":{"self":[{"href":"https:\/\/rotary.fi\/d1430\/wp-json\/wp\/v2\/pages\/658","targetHints":{"allow":["GET"]}}],"collection":[{"href":"https:\/\/rotary.fi\/d1430\/wp-json\/wp\/v2\/pages"}],"about":[{"href":"https:\/\/rotary.fi\/d1430\/wp-json\/wp\/v2\/types\/page"}],"author":[{"embeddable":true,"href":"https:\/\/rotary.fi\/d1430\/wp-json\/wp\/v2\/users\/1"}],"replies":[{"embeddable":true,"href":"https:\/\/rotary.fi\/d1430\/wp-json\/wp\/v2\/comments?post=658"}],"version-history":[{"count":10,"href":"https:\/\/rotary.fi\/d1430\/wp-json\/wp\/v2\/pages\/658\/revisions"}],"predecessor-version":[{"id":7811,"href":"https:\/\/rotary.fi\/d1430\/wp-json\/wp\/v2\/pages\/658\/revisions\/7811"}],"wp:attachment":[{"href":"https:\/\/rotary.fi\/d1430\/wp-json\/wp\/v2\/media?parent=658"}],"curies":[{"name":"wp","href":"https:\/\/api.w.org\/{rel}","templated":true}]}}