{"id":656,"date":"2018-04-09T13:41:22","date_gmt":"2018-04-09T11:41:22","guid":{"rendered":"http:\/\/rotary.fi\/piirisivusto\/?page_id=656"},"modified":"2026-02-09T18:56:51","modified_gmt":"2026-02-09T16:56:51","slug":"mita-teemme","status":"publish","type":"page","link":"https:\/\/rotary.fi\/d1430\/mita-teemme\/","title":{"rendered":"Mit\u00e4 teemme"},"content":{"rendered":"<p>[et_pb_section fb_built=&#8221;1&#8243; module_class=&#8221;jumbotron-page&#8221; _builder_version=&#8221;4.16&#8243; background_image=&#8221;https:\/\/rotary.fi\/piirisivusto\/wp-content\/uploads\/sites\/175\/2018\/04\/paakuva_rauhantyo.jpg&#8221; global_colors_info=&#8221;{}&#8221;][et_pb_row module_class=&#8221; et_pb_row_fullwidth&#8221; _builder_version=&#8221;4.16&#8243; width=&#8221;89%&#8221; width_tablet=&#8221;80%&#8221; width_phone=&#8221;&#8221; width_last_edited=&#8221;on|desktop&#8221; max_width=&#8221;89%&#8221; max_width_tablet=&#8221;80%&#8221; max_width_phone=&#8221;&#8221; max_width_last_edited=&#8221;on|desktop&#8221; make_fullwidth=&#8221;on&#8221; global_colors_info=&#8221;{}&#8221;][et_pb_column type=&#8221;4_4&#8243; _builder_version=&#8221;4.16&#8243; custom_padding=&#8221;|||&#8221; global_colors_info=&#8221;{}&#8221; custom_padding__hover=&#8221;|||&#8221;][et_pb_text admin_label=&#8221;Mit\u00e4 teemme -otsikko&#8221; _builder_version=&#8221;4.16&#8243; text_orientation=&#8221;center&#8221; background_layout=&#8221;dark&#8221; locked=&#8221;off&#8221; collapsed=&#8221;off&#8221; global_colors_info=&#8221;{}&#8221;]<\/p>\n<h1>Mit\u00e4 teemme<\/h1>\n<p>[\/et_pb_text][\/et_pb_column][\/et_pb_row][\/et_pb_section][et_pb_section fb_built=&#8221;1&#8243; module_class=&#8221;sisaltoalue_perus&#8221; _builder_version=&#8221;4.16&#8243; custom_margin=&#8221;||40px|&#8221; global_colors_info=&#8221;{}&#8221;][et_pb_row custom_padding_last_edited=&#8221;on|phone&#8221; _builder_version=&#8221;4.22.1&#8243; custom_margin=&#8221;|||400px|false|false&#8221; custom_padding_tablet=&#8221;&#8221; custom_padding_phone=&#8221;&#8221; global_colors_info=&#8221;{}&#8221;][et_pb_column type=&#8221;4_4&#8243; _builder_version=&#8221;4.16&#8243; custom_padding=&#8221;|||&#8221; global_colors_info=&#8221;{}&#8221; custom_padding__hover=&#8221;|||&#8221;][et_pb_text admin_label=&#8221;Mit\u00e4 teemme -otsikko&#8221; _builder_version=&#8221;4.22.1&#8243; text_orientation=&#8221;center&#8221; global_colors_info=&#8221;{}&#8221;]<\/p>\n<h1 style=\"text-align: center\">Rotaryvuosi 2024-2025<\/h1>\n<p>[\/et_pb_text][\/et_pb_column][\/et_pb_row][et_pb_row column_structure=&#8221;1_2,1_2&#8243; custom_padding_last_edited=&#8221;on|phone&#8221; _builder_version=&#8221;4.22.1&#8243; width=&#8221;100%&#8221; custom_margin=&#8221;|auto|-453px|450px|false|false&#8221; custom_padding=&#8221;|76px||||&#8221; custom_padding_tablet=&#8221;&#8221; custom_padding_phone=&#8221;&#8221; global_colors_info=&#8221;{}&#8221;][et_pb_column type=&#8221;1_2&#8243; _builder_version=&#8221;4.16&#8243; custom_padding=&#8221;|||&#8221; global_colors_info=&#8221;{}&#8221; custom_padding__hover=&#8221;|||&#8221;][et_pb_team_member name=&#8221;Atte von Wright&#8221; position=&#8221;Piirikuvern\u00f6\u00f6ri 2025-2026&#8243; image_url=&#8221;https:\/\/rotary.fi\/d1430\/wp-content\/uploads\/sites\/175\/2025\/07\/nayttokuva-2025-07-02-153755.png&#8221; _builder_version=&#8221;4.27.4&#8243; _module_preset=&#8221;default&#8221; header_level=&#8221;h6&#8243; header_text_align=&#8221;center&#8221; body_text_color=&#8221;#263B4C&#8221; position_text_align=&#8221;center&#8221; position_text_color=&#8221;#263B4C&#8221; width=&#8221;63.9%&#8221; hover_enabled=&#8221;0&#8243; global_colors_info=&#8221;{}&#8221; sticky_enabled=&#8221;0&#8243;][\/et_pb_team_member][\/et_pb_column][et_pb_column type=&#8221;1_2&#8243; _builder_version=&#8221;4.16&#8243; custom_padding=&#8221;|||&#8221; global_colors_info=&#8221;{}&#8221; custom_padding__hover=&#8221;|||&#8221;][et_pb_team_member name=&#8221;Francesco Arezzo&#8221; position=&#8221;RI Presidentti 2035-2026&#8243; image_url=&#8221;https:\/\/rotary.fi\/d1430\/wp-content\/uploads\/sites\/175\/2026\/02\/2025-07-20250620-ca-5001.jpg&#8221; _builder_version=&#8221;4.27.4&#8243; _module_preset=&#8221;default&#8221; header_level=&#8221;h6&#8243; header_text_align=&#8221;center&#8221; position_text_align=&#8221;center&#8221; position_text_color=&#8221;#263B4C&#8221; width=&#8221;63.9%&#8221; hover_enabled=&#8221;0&#8243; global_colors_info=&#8221;{}&#8221; title_text=&#8221;2025-07-20250620_CA_5001&#8243; sticky_enabled=&#8221;0&#8243;][\/et_pb_team_member][\/et_pb_column][\/et_pb_row][et_pb_row _builder_version=&#8221;4.22.1&#8243; _module_preset=&#8221;default&#8221; global_colors_info=&#8221;{}&#8221;][et_pb_column type=&#8221;4_4&#8243; _builder_version=&#8221;4.22.1&#8243; _module_preset=&#8221;default&#8221; global_colors_info=&#8221;{}&#8221;][et_pb_text _builder_version=&#8221;4.22.1&#8243; _module_preset=&#8221;default&#8221; global_colors_info=&#8221;{}&#8221;]<\/p>\n<h5><strong>Rotarypiirimme organisaatio ja\u00a0 suunnitelmia sek\u00e4 tavotteita rotary vuodeksi 2025-2026\u00a0 \u00a0 \u00a0 \u00a0 \u00a0 \u00a0 \u00a0 \u00a0 \u00a0<\/strong>\u00a0 \u00a0 \u00a0 \u00a0 \u00a0 \u00a0 \u00a0 \u00a0 \u00a0 \u00a0 \u00a0 \u00a0 \u00a0 \u00a0 \u00a0 \u00a0 \u00a0 \u00a0 \u00a0 \u00a0 \u00a0 \u00a0 \u00a0 \u00a0 \u00a0 \u00a0 \u00a0 \u00a0 \u00a0 \u00a0 \u00a0 \u00a0 \u00a0 \u00a0 \u00a0\u00a0<\/h5>\n<p>Piirin klubeilla on\u00a0 paikallisia palveluprojekteja ja yhdess\u00e4 piirin toisten klubien kanssa kansainv\u00e4lisi\u00e4 palveluprojekteja. Rotarina sinulla on mahdollisuus tehd\u00e4 hyv\u00e4\u00e4 paikallisesti sek\u00e4 toimia ja vaikuttaa maailmanlaajuisesti. Saat my\u00f6s mahtavan aidon maailman laajuisen sosiaalisen verkoston sek\u00e4 elinik\u00e4isi\u00e4 yst\u00e4vi\u00e4.<\/p>\n<p><strong><a href=\"https:\/\/rotary.fi\/d1430\/wp-content\/uploads\/sites\/175\/2025\/05\/Kauden-20252026-Toimintasuunnitelma-piiri-1430-2.docx\">Kauden 2025-2026 Toimintasuunnitelma piiri 1430\u00a0 (klikkaa)<\/a><\/strong><\/p>\n<p>[\/et_pb_text][\/et_pb_column][\/et_pb_row][\/et_pb_section]<\/p>\n","protected":false},"excerpt":{"rendered":"<p>Mit\u00e4 teemme Rotaryvuosi 2024-2025Rotarypiirimme organisaatio ja\u00a0 suunnitelmia sek\u00e4 tavotteita rotary vuodeksi 2025-2026\u00a0 \u00a0 \u00a0 \u00a0 \u00a0 \u00a0 \u00a0 \u00a0 \u00a0\u00a0 \u00a0 \u00a0 \u00a0 \u00a0 \u00a0 \u00a0 \u00a0 \u00a0 \u00a0 \u00a0 \u00a0 \u00a0 \u00a0 \u00a0 \u00a0 \u00a0 \u00a0 \u00a0 \u00a0 \u00a0 \u00a0 \u00a0 \u00a0 \u00a0 \u00a0 \u00a0 \u00a0 \u00a0 \u00a0 \u00a0 \u00a0 \u00a0 \u00a0 \u00a0\u00a0 Piirin [&hellip;]<\/p>\n","protected":false},"author":1,"featured_media":0,"parent":0,"menu_order":2,"comment_status":"closed","ping_status":"closed","template":"","meta":{"_acf_changed":false,"_et_pb_use_builder":"on","_et_pb_old_content":"","_et_gb_content_width":"","footnotes":""},"class_list":["post-656","page","type-page","status-publish","hentry"],"acf":[],"yoast_head":"<!-- This site is optimized with the Yoast SEO plugin v27.4 - https:\/\/yoast.com\/product\/yoast-seo-wordpress\/ -->\n<title>Mit\u00e4 teemme - Piiri 1430<\/title>\n<meta name=\"robots\" content=\"index, follow, max-snippet:-1, max-image-preview:large, max-video-preview:-1\" \/>\n<link rel=\"canonical\" href=\"https:\/\/rotary.fi\/d1430\/mita-teemme\/\" \/>\n<meta property=\"og:locale\" content=\"fi_FI\" \/>\n<meta property=\"og:type\" content=\"article\" \/>\n<meta property=\"og:title\" content=\"Mit\u00e4 teemme - Piiri 1430\" \/>\n<meta property=\"og:description\" content=\"Mit\u00e4 teemme Rotaryvuosi 2024-2025Rotarypiirimme organisaatio ja\u00a0 suunnitelmia sek\u00e4 tavotteita rotary vuodeksi 2025-2026\u00a0 \u00a0 \u00a0 \u00a0 \u00a0 \u00a0 \u00a0 \u00a0 \u00a0\u00a0 \u00a0 \u00a0 \u00a0 \u00a0 \u00a0 \u00a0 \u00a0 \u00a0 \u00a0 \u00a0 \u00a0 \u00a0 \u00a0 \u00a0 \u00a0 \u00a0 \u00a0 \u00a0 \u00a0 \u00a0 \u00a0 \u00a0 \u00a0 \u00a0 \u00a0 \u00a0 \u00a0 \u00a0 \u00a0 \u00a0 \u00a0 \u00a0 \u00a0 \u00a0\u00a0 Piirin [&hellip;]\" \/>\n<meta property=\"og:url\" content=\"https:\/\/rotary.fi\/d1430\/mita-teemme\/\" \/>\n<meta property=\"og:site_name\" content=\"Piiri 1430\" \/>\n<meta property=\"article:publisher\" content=\"https:\/\/www.facebook.com\/rotary\/\" \/>\n<meta property=\"article:modified_time\" content=\"2026-02-09T16:56:51+00:00\" \/>\n<meta name=\"twitter:card\" content=\"summary_large_image\" \/>\n<meta name=\"twitter:label1\" content=\"Arvioitu lukuaika\" \/>\n\t<meta name=\"twitter:data1\" content=\"2 minuuttia\" \/>\n<script type=\"application\/ld+json\" class=\"yoast-schema-graph\">{\"@context\":\"https:\\\/\\\/schema.org\",\"@graph\":[{\"@type\":\"WebPage\",\"@id\":\"https:\\\/\\\/rotary.fi\\\/d1430\\\/mita-teemme\\\/\",\"url\":\"https:\\\/\\\/rotary.fi\\\/d1430\\\/mita-teemme\\\/\",\"name\":\"Mit\u00e4 teemme - Piiri 1430\",\"isPartOf\":{\"@id\":\"https:\\\/\\\/rotary.fi\\\/d1430\\\/#website\"},\"datePublished\":\"2018-04-09T11:41:22+00:00\",\"dateModified\":\"2026-02-09T16:56:51+00:00\",\"breadcrumb\":{\"@id\":\"https:\\\/\\\/rotary.fi\\\/d1430\\\/mita-teemme\\\/#breadcrumb\"},\"inLanguage\":\"fi\",\"potentialAction\":[{\"@type\":\"ReadAction\",\"target\":[\"https:\\\/\\\/rotary.fi\\\/d1430\\\/mita-teemme\\\/\"]}]},{\"@type\":\"BreadcrumbList\",\"@id\":\"https:\\\/\\\/rotary.fi\\\/d1430\\\/mita-teemme\\\/#breadcrumb\",\"itemListElement\":[{\"@type\":\"ListItem\",\"position\":1,\"name\":\"Home\",\"item\":\"https:\\\/\\\/rotary.fi\\\/d1430\\\/\"},{\"@type\":\"ListItem\",\"position\":2,\"name\":\"Mit\u00e4 teemme\"}]},{\"@type\":\"WebSite\",\"@id\":\"https:\\\/\\\/rotary.fi\\\/d1430\\\/#website\",\"url\":\"https:\\\/\\\/rotary.fi\\\/d1430\\\/\",\"name\":\"Piiri 1430\",\"description\":\"Suomen Rotary\",\"potentialAction\":[{\"@type\":\"SearchAction\",\"target\":{\"@type\":\"EntryPoint\",\"urlTemplate\":\"https:\\\/\\\/rotary.fi\\\/d1430\\\/?s={search_term_string}\"},\"query-input\":{\"@type\":\"PropertyValueSpecification\",\"valueRequired\":true,\"valueName\":\"search_term_string\"}}],\"inLanguage\":\"fi\"}]}<\/script>\n<!-- \/ Yoast SEO plugin. -->","yoast_head_json":{"title":"Mit\u00e4 teemme - Piiri 1430","robots":{"index":"index","follow":"follow","max-snippet":"max-snippet:-1","max-image-preview":"max-image-preview:large","max-video-preview":"max-video-preview:-1"},"canonical":"https:\/\/rotary.fi\/d1430\/mita-teemme\/","og_locale":"fi_FI","og_type":"article","og_title":"Mit\u00e4 teemme - Piiri 1430","og_description":"Mit\u00e4 teemme Rotaryvuosi 2024-2025Rotarypiirimme organisaatio ja\u00a0 suunnitelmia sek\u00e4 tavotteita rotary vuodeksi 2025-2026\u00a0 \u00a0 \u00a0 \u00a0 \u00a0 \u00a0 \u00a0 \u00a0 \u00a0\u00a0 \u00a0 \u00a0 \u00a0 \u00a0 \u00a0 \u00a0 \u00a0 \u00a0 \u00a0 \u00a0 \u00a0 \u00a0 \u00a0 \u00a0 \u00a0 \u00a0 \u00a0 \u00a0 \u00a0 \u00a0 \u00a0 \u00a0 \u00a0 \u00a0 \u00a0 \u00a0 \u00a0 \u00a0 \u00a0 \u00a0 \u00a0 \u00a0 \u00a0 \u00a0\u00a0 Piirin [&hellip;]","og_url":"https:\/\/rotary.fi\/d1430\/mita-teemme\/","og_site_name":"Piiri 1430","article_publisher":"https:\/\/www.facebook.com\/rotary\/","article_modified_time":"2026-02-09T16:56:51+00:00","twitter_card":"summary_large_image","twitter_misc":{"Arvioitu lukuaika":"2 minuuttia"},"schema":{"@context":"https:\/\/schema.org","@graph":[{"@type":"WebPage","@id":"https:\/\/rotary.fi\/d1430\/mita-teemme\/","url":"https:\/\/rotary.fi\/d1430\/mita-teemme\/","name":"Mit\u00e4 teemme - Piiri 1430","isPartOf":{"@id":"https:\/\/rotary.fi\/d1430\/#website"},"datePublished":"2018-04-09T11:41:22+00:00","dateModified":"2026-02-09T16:56:51+00:00","breadcrumb":{"@id":"https:\/\/rotary.fi\/d1430\/mita-teemme\/#breadcrumb"},"inLanguage":"fi","potentialAction":[{"@type":"ReadAction","target":["https:\/\/rotary.fi\/d1430\/mita-teemme\/"]}]},{"@type":"BreadcrumbList","@id":"https:\/\/rotary.fi\/d1430\/mita-teemme\/#breadcrumb","itemListElement":[{"@type":"ListItem","position":1,"name":"Home","item":"https:\/\/rotary.fi\/d1430\/"},{"@type":"ListItem","position":2,"name":"Mit\u00e4 teemme"}]},{"@type":"WebSite","@id":"https:\/\/rotary.fi\/d1430\/#website","url":"https:\/\/rotary.fi\/d1430\/","name":"Piiri 1430","description":"Suomen Rotary","potentialAction":[{"@type":"SearchAction","target":{"@type":"EntryPoint","urlTemplate":"https:\/\/rotary.fi\/d1430\/?s={search_term_string}"},"query-input":{"@type":"PropertyValueSpecification","valueRequired":true,"valueName":"search_term_string"}}],"inLanguage":"fi"}]}},"lang":"fi","translations":{"fi":656},"pll_sync_post":[],"_links":{"self":[{"href":"https:\/\/rotary.fi\/d1430\/wp-json\/wp\/v2\/pages\/656","targetHints":{"allow":["GET"]}}],"collection":[{"href":"https:\/\/rotary.fi\/d1430\/wp-json\/wp\/v2\/pages"}],"about":[{"href":"https:\/\/rotary.fi\/d1430\/wp-json\/wp\/v2\/types\/page"}],"author":[{"embeddable":true,"href":"https:\/\/rotary.fi\/d1430\/wp-json\/wp\/v2\/users\/1"}],"replies":[{"embeddable":true,"href":"https:\/\/rotary.fi\/d1430\/wp-json\/wp\/v2\/comments?post=656"}],"version-history":[{"count":10,"href":"https:\/\/rotary.fi\/d1430\/wp-json\/wp\/v2\/pages\/656\/revisions"}],"predecessor-version":[{"id":7856,"href":"https:\/\/rotary.fi\/d1430\/wp-json\/wp\/v2\/pages\/656\/revisions\/7856"}],"wp:attachment":[{"href":"https:\/\/rotary.fi\/d1430\/wp-json\/wp\/v2\/media?parent=656"}],"curies":[{"name":"wp","href":"https:\/\/api.w.org\/{rel}","templated":true}]}}